{"id":28960,"date":"2020-08-08T02:08:33","date_gmt":"2020-08-08T02:08:33","guid":{"rendered":"https:\/\/www.newmessage.org\/de\/?page_id=28960"},"modified":"2020-08-15T06:58:59","modified_gmt":"2020-08-15T06:58:59","slug":"die-grossere-macht-in-dir","status":"publish","type":"page","link":"https:\/\/www.v6.newmessage.org\/de\/die-botschaft\/band-1\/die-macht-der-kenntnis\/die-grossere-macht-in-dir\/","title":{"rendered":"Die Gr\u00f6\u00dfere Macht in dir"},"content":{"rendered":"<div><!-- Version 3.5 Verse --><\/div>\n\n<div class=\"tabgroup \"><ul class=\"tabs\"><li><a href=\"#tabs-1\">H\u00f6re<\/a><\/li>\n<li><a href=\"#tabs-2\"> Anmerkung<\/a><\/li><\/ul>\n <div id=\"tabs-1\"><br \/>\nH\u00f6re die Stimme der Offenbarung:<\/p>\n<div id=\"jquery_jplayer_1\" class=\"jp-jplayer\"><\/div>\n\t\t\t\t<div id=\"jp_container_1\" class=\"jp-audio\">\n\t\t\t\t<div class=\"jp-type-single\"><div class=\"jp-control\"><a href=\"javascript:;\" class=\"jp-play\" tabindex=\"1\">play<\/a><a href=\"javascript:;\" class=\"jp-pause\" tabindex=\"1\">pause<\/a><\/div> <div class=\"jp-gui jp-interface\"><div class=\"jp-volume\"><div class=\"jp-volume-bar\"><div class=\"jp-volume-bar-value\"><\/div><\/div><\/div><div class=\"jp-progress\"><div class=\"jp-seek-bar\"><div class=\"jp-play-bar\"><\/div><\/div><\/div><\/div>\t\t\t\t\t<div class=\"jp-no-solution\"><span>Update Required<\/span>To play the media you will need to either update your browser to a recent version or update your <a href=\"http:\/\/get.adobe.com\/flashplayer\/\" target=\"_blank\">Flash plugin<\/a>.<\/div><\/div><\/div>\n\t\t\t<script type='text\/javascript'>\n\t\t\t\tjQuery(document).ready(function() {\n\t\t\t\t\tif (typeof (sermonMedia) == 'function') {\n\t\t\t\t\t\tsermonMedia.addAudio('', \"jquery_jplayer_1\");\n\t\t\t\t\t}\n\t\t\t\t\tjQuery.jPlayer.timeFormat.showHour = true;\n\t\t\t\t\tjQuery(\"#jquery_jplayer_1\").jPlayer({\n\t\t\t\t\t\tready: function(event) {\n\t\t\t\t\t\t\tjQuery(this).jPlayer(\"setMedia\", {mp3: 'https:\/\/www.newmessage.org\/av\/the-greater-power-within-you.mp3'});\n\t\t\t\t\t\t},\n\t\t\t\t\t\tplay: function() {\n\t\t\t\t\t\t\tjQuery(this).jPlayer(\"pauseOthers\");\n\t\t\t\t\t\t},\n\t\t\t\t\t\tswfPath: ThemeData.directory_uri+\"\/swf\",\n\t\t\t\t\t\tsolution: \"html, flash\",\n\t\t\t\t\t\tpreload: \"metadata\",\n\t\t\t\t\t\twmode: \"window\",\n\t\t\t\t\t\tsupplied: \"mp3\",\n\t\t\t\t\t\tcssSelectorAncestor: '#jp_container_1'\n\t\t\t\t\t});\n\t\t\t\t});\n\t\t\t<\/script><\/p>\n<p><a href=\"https:\/\/www.community.newmessage.org\/the-greater-power-within-you\/\"><img loading=\"lazy\" decoding=\"async\" class=\"imgborder aligncenter wp-image-40563 size-medium\" src=\"https:\/\/www.newmessage.org\/wp-content\/uploads\/2019\/05\/POK-01-The-Greater-Power-within-You-300x157.jpeg\" alt=\"The Greater Power Within\" width=\"300\" height=\"157\" \/><\/a><\/p>\n<p><a title=\"The Power Within You\" href=\"https:\/\/www.newmessage.org\/av\/the-greater-power-within-you.mp3\">Lade herunter<\/a> (Rechtsklick zum Herunterladen)<\/p>\n<p><em>Wie offenbart Gottes Boten<br \/>\nMarshall Vian Summers<br \/>\nam 12. September 2008<br \/>\nin Boulder, Colorado, USA<\/em><\/p>\n<div class=\"toggle toggle-white\"><h4 class=\"trigger \"><span class=\"t_ico\"><\/span><a href=\"#\">\u00dcber diese Aufzeichnung<\/a><\/h4><div class=\"toggle_container \"><br \/>\n<div id=\"yui_3_16_0_ym19_1_1467955126517_3327\" dir=\"ltr\"><span id=\"yui_3_16_0_ym19_1_1467955126517_3177\"><span id=\"yui_3_16_0_ym19_1_1467955126517_3178\">Was Du in dieser Audioaufzeichnung h\u00f6rst, ist die Stimme des Engelsrates, die durch den Boten Marshall Vian Summers spricht.<\/span><\/span><\/div>\n<div dir=\"ltr\"><span id=\"yui_3_16_0_ym19_1_1467955126517_3177\"><span id=\"yui_3_16_0_ym19_1_1467955126517_3178\">\u00a0<\/span><\/span><\/div>\n<div id=\"yui_3_16_0_ym19_1_1467955126517_3359\" dir=\"ltr\"><span id=\"yui_3_16_0_ym19_1_1467955126517_3177\"><span id=\"yui_3_16_0_ym19_1_1467955126517_3178\"> Hier wird die originale Mitteilung Gottes, die jenseits von Worten existiert, vom Engelsrat, der \u00fcber die Welt wacht, in menschliche Sprache und menschliches Verst\u00e4ndnis \u00fcbersetzt. Der Engelsrat bringt dann Gottes Botschaft \u00fcber den Boten dar.<br \/>\n<\/span><\/span><\/div>\n<div id=\"yui_3_16_0_ym19_1_1467955126517_3369\" dir=\"ltr\"><span id=\"yui_3_16_0_ym19_1_1467955126517_3177\"><span id=\"yui_3_16_0_ym19_1_1467955126517_3178\">\u00a0<\/span><\/span><\/div>\n<div id=\"yui_3_16_0_ym19_1_1467955126517_3370\" dir=\"ltr\"><span id=\"yui_3_16_0_ym19_1_1467955126517_3177\"><span id=\"yui_3_16_0_ym19_1_1467955126517_3178\">In diesem bemerkenswerten Prozess spricht die Stimme der Offenbarung erneut. Das Wort und der Ton sind in der Welt. Zum ersten Mal in der Geschichte ist f\u00fcr euch und f\u00fcr die Welt die Aufzeichnung der urspr\u00fcnglichen gesprochenen Offenbarung verf\u00fcgbar, um erfahren zu werden.<br \/>\n<\/span><\/span><\/div>\n<div id=\"yui_3_16_0_ym19_1_1467955126517_3436\" dir=\"ltr\"><span id=\"yui_3_16_0_ym19_1_1467955126517_3177\"><span id=\"yui_3_16_0_ym19_1_1467955126517_3178\">\u00a0<\/span><\/span><\/div>\n<div id=\"yui_3_16_0_ym19_1_1467955126517_3435\" dir=\"ltr\"><span id=\"yui_3_16_0_ym19_1_1467955126517_3177\"><span id=\"yui_3_16_0_ym19_1_1467955126517_3178\">M\u00f6gest du der  Empf\u00e4nger dieses Geschenks der Offenbarung werden und m\u00f6gest du dich \u00f6ffnen, um diese einmalige Botschaft f\u00fcr dich und f\u00fcr dein Leben zu empfangen.<\/span><\/span><\/div>\n<br \/>\n<\/div><\/div><br \/>\n<\/div>\n<div id=\"tabs-2\"><br \/>\n<em> Anmerkung an den Leser:<br \/>\nDiese \u00dcbersetzung wurde der Society von einem Sch\u00fcler der Neuen Botschaft verf\u00fcgbar gemacht, der den englischen Originaltext als Freiwilliger \u00fcbersetzt hat. Wir stellen diese \u00dcbersetzung in dieser fr\u00fchen Form zur Verf\u00fcgung, damit jeder Gelegenheit hat, sich mit einem Teil der Neuen Botschaft in seiner eigenen Sprache zu befassen.<\/em><br \/>\n<\/div>\n\t\t\t\t<div align=\"right\">\n\t\t\t<div class=\"fb-like\" data-href=\"\" data-layout=\"button_count\" data-action=\"like\" data-show-faces=\"false\" data-share=\"false\"><\/div>\n\t\t\t<div class=\"fb-share-button\" data-layout=\"button_count\"> <\/div>\n\t\t\t<div class=\"fb_iframe_widget\"><a href=\"https:\/\/twitter.com\/godsnewmessage?ref_src=twsrc%5Etfw\" class=\"twitter-follow-button\" data-show-count=\"false\">Follow @godsnewmessage<\/a><script async src=\"https:\/\/platform.twitter.com\/widgets.js\" charset=\"utf-8\"><\/script><\/div>\n\t\t\t<\/div> <\/div> \n\n<p>\u00dcberall tragen die Menschen eine gr\u00f6\u00dfere Macht in sich, eine Macht, die sie noch nicht entdeckt haben. Es ist eine tiefere Intelligenz, die der Sch\u00f6pfer allen Lebens jedem Menschen gegeben hat.<\/p>\n<p>Diese tiefere Intelligenz funktioniert nicht wie dein Intellekt. Sie ist nicht durch die Welt bedingt. Sie unterliegt nicht dem Zweifel und der Angst, Verwirrung, Groll oder Wut. Sie ist still. Sie ist klar. Sie ist m\u00e4chtig. Sie kann durch keine Kraft oder Macht \u00fcberredet werden, denn sie reagiert nur auf Gott.<\/p>\n<p>Diese gr\u00f6\u00dfere Intelligenz wird Kenntnis genannt und sie lebt in dir unter der Oberfl\u00e4che deines Verstandes. Jeden Tag gibt dir die Kenntnis Ratschl\u00e4ge\u2014um dich zu besch\u00fctzen, dich zu leiten, dich zu f\u00fchren. Aber wenn du auf der Oberfl\u00e4che deines Verstandes lebst, gefangen in der Turbulenz der Oberfl\u00e4che, wie der Turbulenz auf der Oberfl\u00e4che des Ozeans, wirst du diese Botschaften nicht h\u00f6ren. Du wirst diese gr\u00f6\u00dfere Pr\u00e4senz in dir selbst nicht sp\u00fcren. Du wirst die Warnungen und die Richtung der Kenntnis nicht erkennen.<\/p>\n<p>Die Menschen versuchen, sich st\u00e4ndig zu stimulieren\u2014Radio und Fernsehen, B\u00fccher und endlose Gespr\u00e4che, halten sich auf der Oberfl\u00e4che ihres Verstandes, wo sie die Pr\u00e4senz der Kenntnis oder die Macht der Kenntnis nicht sp\u00fcren k\u00f6nnen, wo sie die F\u00fchrung, die die Kenntnis f\u00fcr sie bietet, nicht h\u00f6ren oder darauf reagieren k\u00f6nnen.<\/p>\n<p>Vielleicht sp\u00fcren sie ab und zu eine tiefere Neigung. Sie erkennen ein Zeichen oder haben ein tiefes Gef\u00fchl f\u00fcr etwas, aber diese Erfahrungen sind oft intermittierend und werden oft falsch interpretiert. Selbst Menschen, die das Gef\u00fchl haben, von Natur aus intuitiv zu sein, interpretieren oft die Zeichen falsch, die sie empfangen, indem sie versuchen, alles mit dem, was sie wollen, in Einklang zu bringen, ihre W\u00fcnsche und Ziele zu erf\u00fcllen oder ihre Philosophie des Lebens zu unterst\u00fctzen. W\u00e4hrend also viele Menschen auf die Macht und die Pr\u00e4senz der Kenntnis reagieren, interpretieren sie oft ihre Zeichen falsch und denken, dass es etwas anderes w\u00e4re.<\/p>\n<p>Einige Menschen denken, dass jedes Zeichen aus ihrem Inneren von Liebe handeln muss, obwohl  Kenntnis dich tats\u00e4chlich vor Dingen warnt. Sie warnt dich vor dem Vorhandensein von Gefahren. Sie versucht, dich davon abzuhalten, kritische Fehler zu machen oder dein Leben an Menschen oder Dinge wegzugeben, die keinen wirklichen Wert oder keine Zukunft haben.<\/p>\n<p>Das ist auch Liebe\u2014die F\u00fchrung der Liebe, die Zur\u00fcckhaltung der Liebe, die Warnungen der Liebe. Doch wenn du meinst, dass es bei der Liebe nur um Gl\u00fcck, Frieden und Freude geht, dann verstehst du nicht die wahre Macht und Potenz der Liebe. Die Liebe, die ein Elternteil zu seinem Kind hat, die Sorge, die ein Elternteil zu seinem Kind hat und der Versuch der Eltern, ihr Kind vor Schaden, Gefahr oder sch\u00e4dlichen Einfl\u00fcssen zu sch\u00fctzen, stellen die Art von Liebe dar, die in dir lebt.<\/p>\n<p>Wie kannst du diese Kenntnis erfahren, die f\u00fcr dich deinen H\u00f6heren Zweck, zu dem du in die Welt gekommen bist, beinhaltet und dich lehren kann, die vor dir liegenden schwierigen Zeiten unter allen Umst\u00e4nden zu meistern? Wie kannst du dies selbst erfahren?<\/p>\n<p>Du musst lernen, still zu werden. Du musst lernen, tief in dir selbst zuzuh\u00f6ren, nicht nur f\u00fcr Momente hier oder da, sondern auch regelm\u00e4\u00dfiger, als Teil deiner spirituellen Praxis. Wenn du zum Beten kommst, bitte nicht einfach um Dinge, sondern lerne, zuzuh\u00f6ren. Gott hat die Antwort bereits in dich gelegt, aber sie ist tief in dir und du musst unter die Oberfl\u00e4che deines Verstandes gehen, um sie zu erfahren.<\/p>\n<p>Wie der Ozean ist auch die Oberfl\u00e4che turbulent und unberechenbar, sie ver\u00e4ndert sich st\u00e4ndig, aber tief im Inneren, tief im Ozean, gibt es starke Str\u00f6mungen, die die Gew\u00e4sser der Welt bewegen. Dein Verstand ist so. An der Oberfl\u00e4che wird er von den Gefahren und Sorgen deines \u00e4u\u00dferen Lebens erfasst. Er wird von der Welt um dich herum \u00fcberredet, beeinflusst und gepr\u00e4gt\u2014von den Meinungen anderer Menschen, von den Anforderungen deines Lebens, von deinen W\u00fcnschen und von deinen \u00c4ngsten. Aber tief im Inneren gibt es einen tieferen Strom des Lebens, der nicht diesen \u00e4u\u00dferen Einfl\u00fcssen unterliegt. Er ist stark. Er ist dauerhaft. Er hat eine wahre Richtung. Er bewegt dein Leben.<\/p>\n<p>W\u00e4hrend du lernst, die Schritte zur Kenntnis zu gehen, wirst du lernen, die Pr\u00e4senz dieser gr\u00f6\u00dferen Intelligenz zu sp\u00fcren. Und im Laufe der Zeit wirst du lernen, ihre Zeichen und ihre Botschaften richtig zu erkennen und ihre Pr\u00e4senz und ihre Macht in deinem Leben zu akzeptieren.<\/p>\n<p>So wird Gott zu dir sprechen. Auf diese Weise wird Gott dich beeinflussen, um dich zu sch\u00fctzen und dich in ein gr\u00f6\u00dferes Leben in der Welt zu f\u00fchren und zu erfahren\u2014ein Leben im Dienst an der Welt, ein Leben, das mit der realen Welt um dich herum verbunden ist. Das ist die gr\u00f6\u00dfte Entdeckung im Leben und sie erwartet dich.<\/p>\n<p>Schon jetzt hast du die Macht und die Pr\u00e4senz der Kenntnis in Momenten in deinem Leben erfahren, in denen du einen \u00fcberw\u00e4ltigenden Wunsch versp\u00fcrtest, eine bestimmte Art von Aktion zu ergreifen oder eine Sorge um ein Ereignis hattest, bevor es geschah oder eine Sorge um einen geliebten Menschen hattest, nur um festzustellen, dass diese Sorge gut begr\u00fcndet war.<\/p>\n<p>In dir ist eine Macht, die weise ist. Sie bringt dich in mancher Hinsicht voran und h\u00e4lt dich in anderen Situationen zur\u00fcck. Sie stellt dein tieferes Gewissen dar, das Gewissen, das Gott in dich gelegt hat. Du kannst Gott um Wunder bitten. Du kannst Gott bitten, in dein Leben einzugreifen. Aber Gott hat die Antwort bereits in dich gelegt: die Macht und die Pr\u00e4senz der Kenntnis, den tieferen ewigen Verstand in dir. Sie allein wei\u00df, wer du bist und warum du hier bist, wem du in diesem Leben begegnen musst und wozu du letztendlich hier bist, um im Dienst an der Menschheit und der Welt beizutragen.<\/p>\n<p>Du tr\u00e4gst die gro\u00dfe Gabe in dir selbst. Sie wartet darauf, entdeckt zu werden. Sie wartet darauf, dass du die Schritte zur Kenntnis gehst und die Weisheit aufbaust, die du brauchst, um diese Kenntnis in die Welt hinauszutragen, diese Kenntnis zu sch\u00fctzen und ihre F\u00fchrung zu erkennen und ihre Gaben zu erfahren.<\/p>\n<p>Das ist der Segen, den der Sch\u00f6pfer allen Lebens dir und jedem Menschen gegeben hat. Und in dem Ma\u00dfe, wie Kenntnis in dieser Welt erfahren und ausgedr\u00fcckt werden kann, wird die Welt gesegnet, werden gro\u00dfe Katastrophen verhindert und wird sich die Menschheit weiterhin in eine positive Richtung bewegen.<\/p>\n<p>Das ist das Gegenmittel gegen das B\u00f6se. Das ist der Segen f\u00fcr die Welt, ein Segen, der in dir lebt.<\/p>\n<hr \/>\n<p style=\"text-align: right;\"><a href=\"https:\/\/www.neuebotschaft.org\/die-botschaft\/band-1\/die-macht-der-kenntnis\/\"><em>Lies mehr:<\/em> Die Macht der Kenntnis<\/a><\/p>\n","protected":false},"excerpt":{"rendered":"<p>\u00dcberall tragen die Menschen eine gr\u00f6\u00dfere Macht in sich, eine Macht, die sie noch nicht entdeckt haben. Es ist eine tiefere Intelligenz, die der Sch\u00f6pfer allen Lebens jedem Menschen gegeben hat.<\/p>\n<p>Diese tiefere Intelligenz funktioniert nicht wie dein Intellekt. Sie ist nicht durch die Welt bedingt. Sie unterliegt nicht dem Zweifel und der Angst, Verwirrung, Groll oder Wut. Sie ist still. Sie ist klar. Sie ist m\u00e4chtig. Sie kann durch keine Kraft oder Macht \u00fcberredet werden, denn sie reagiert nur auf Gott.<\/p>\n<p>Diese gr\u00f6\u00dfere Intelligenz wird Kenntnis genannt und sie lebt in dir unter der Oberfl\u00e4che deines Verstandes. Jeden Tag gibt dir die Kenntnis Ratschl\u00e4ge\u2014um dich zu besch\u00fctzen, dich zu leiten, dich zu f\u00fchren. Aber wenn du auf der Oberfl\u00e4che deines Verstandes lebst, gefangen in der Turbulenz der Oberfl\u00e4che, wie der Turbulenz auf der Oberfl\u00e4che des Ozeans, wirst du diese Botschaften nicht h\u00f6ren. Du wirst diese gr\u00f6\u00dfere Pr\u00e4senz in dir selbst nicht sp\u00fcren. Du wirst die Warnungen und die Richtung der Kenntnis nicht erkennen.<\/p>\n<p>Die Menschen versuchen, sich st\u00e4ndig zu stimulieren\u2014Radio und Fernsehen, B\u00fccher und endlose Gespr\u00e4che, halten sich auf der Oberfl\u00e4che ihres Verstandes, wo sie die Pr\u00e4senz der Kenntnis oder die Macht der Kenntnis nicht sp\u00fcren k\u00f6nnen, wo sie die F\u00fchrung, die die Kenntnis f\u00fcr sie bietet, nicht h\u00f6ren oder darauf reagieren k\u00f6nnen.<\/p>\n<p>Vielleicht sp\u00fcren sie ab und zu eine tiefere Neigung. Sie erkennen ein Zeichen oder haben ein tiefes Gef\u00fchl f\u00fcr etwas, aber diese Erfahrungen sind oft intermittierend und werden oft falsch interpretiert. Selbst Menschen, die das Gef\u00fchl haben, von Natur aus intuitiv zu sein, interpretieren oft die Zeichen falsch, die sie empfangen, indem sie versuchen, alles mit dem, was sie wollen, in Einklang zu bringen, ihre W\u00fcnsche und Ziele zu erf\u00fcllen oder ihre Philosophie des Lebens zu unterst\u00fctzen. W\u00e4hrend also viele Menschen auf die Macht und die Pr\u00e4senz der Kenntnis reagieren, interpretieren sie oft ihre Zeichen falsch und denken, dass es etwas anderes w\u00e4re.<\/p>\n","protected":false},"author":62,"featured_media":0,"parent":28658,"menu_order":0,"comment_status":"closed","ping_status":"closed","template":"template-leftsidebar.php","meta":{"_monsterinsights_skip_tracking":false,"_monsterinsights_sitenote_active":false,"_monsterinsights_sitenote_note":"","_monsterinsights_sitenote_category":0,"footnotes":""},"categories":[76,30,1105,460],"tags":[1150,1149,1110,599],"_links":{"self":[{"href":"https:\/\/www.v6.newmessage.org\/de\/wp-json\/wp\/v2\/pages\/28960"}],"collection":[{"href":"https:\/\/www.v6.newmessage.org\/de\/wp-json\/wp\/v2\/pages"}],"about":[{"href":"https:\/\/www.v6.newmessage.org\/de\/wp-json\/wp\/v2\/types\/page"}],"author":[{"embeddable":true,"href":"https:\/\/www.v6.newmessage.org\/de\/wp-json\/wp\/v2\/users\/62"}],"replies":[{"embeddable":true,"href":"https:\/\/www.v6.newmessage.org\/de\/wp-json\/wp\/v2\/comments?post=28960"}],"version-history":[{"count":7,"href":"https:\/\/www.v6.newmessage.org\/de\/wp-json\/wp\/v2\/pages\/28960\/revisions"}],"predecessor-version":[{"id":28990,"href":"https:\/\/www.v6.newmessage.org\/de\/wp-json\/wp\/v2\/pages\/28960\/revisions\/28990"}],"up":[{"embeddable":true,"href":"https:\/\/www.v6.newmessage.org\/de\/wp-json\/wp\/v2\/pages\/28658"}],"wp:attachment":[{"href":"https:\/\/www.v6.newmessage.org\/de\/wp-json\/wp\/v2\/media?parent=28960"}],"wp:term":[{"taxonomy":"category","embeddable":true,"href":"https:\/\/www.v6.newmessage.org\/de\/wp-json\/wp\/v2\/categories?post=28960"},{"taxonomy":"post_tag","embeddable":true,"href":"https:\/\/www.v6.newmessage.org\/de\/wp-json\/wp\/v2\/tags?post=28960"}],"curies":[{"name":"wp","href":"https:\/\/api.w.org\/{rel}","templated":true}]}}