{"id":28940,"date":"2020-07-29T21:20:10","date_gmt":"2020-07-29T21:20:10","guid":{"rendered":"https:\/\/www.newmessage.org\/de\/?page_id=28940"},"modified":"2021-05-02T01:24:14","modified_gmt":"2021-05-02T01:24:14","slug":"vorbereitung-auf-die-grosere-gemeinschaft","status":"publish","type":"page","link":"https:\/\/www.v6.newmessage.org\/de\/die-botschaft\/band-2\/vorbereitung-auf-die-grosere-gemeinschaft\/","title":{"rendered":"Vorbereitung auf die Gr\u00f6\u00dfere Gemeinschaft"},"content":{"rendered":"<p><img loading=\"lazy\" decoding=\"async\" class=\"imgborder alignright wp-image-36635\" src=\"https:\/\/www.newmessage.org\/wp-content\/uploads\/2020\/04\/preparing-for-the-greater-community-390x600.jpg\" alt=\"\" width=\"400\" height=\"587\" \/><\/p>\n<p>Das Buch<em> Vorbereitung auf die Gr\u00f6\u00dfere Gemeinschaft<\/em> ist ein Buch der Offenbarung vom Sch\u00f6pfer allen Lebens, das gegeben wurde, um uns auf die Realit\u00e4t des Kontaktes mit au\u00dferirdischem Leben und auf das Aufstreben der Menschheit in eine &#8220;Gr\u00f6\u00dfere Gemeinschaft&#8221; von Welten im Universum vorzubereiten.<\/p>\n<p>Das Buch<em> Vorbereitung auf die Gr\u00f6\u00dfere Gemeinschaft<\/em> wurde gegeben, weil die Menschheit diese kritische Schwelle in ihrer Entwicklung erreicht hat, eine Zeit der Konvergenz, in der die Realit\u00e4t einer sich ver\u00e4ndernden Welt und die Realit\u00e4t der Intervention aus dem Universum aufeinander prallen. Dieses Buch ist hier, weil die Gr\u00f6\u00dfere Gemeinschaft hier ist\u2014Kr\u00e4fte aus der Gr\u00f6\u00dferen Gemeinschaft sind jetzt in unserer Welt. Daraus ergibt sich die dringende Notwendigkeit, sich mental, emotional und spirituell auf die Realit\u00e4ten der Auseinandersetzung mit dem Leben in gr\u00f6\u00dferem Ma\u00dfstab vorzubereiten. Um diese Vorbereitung vorzustellen, wird dieses Buch jetzt der Welt zur Verf\u00fcgung gestellt.<\/p>\n<p>Das Buch<em> Vorbereitung auf die Gr\u00f6\u00dfere Gemeinschaft<\/em> wurde 1997 offenbart und war der erste Text der Neuen Botschaft, der die gr\u00f6\u00dfere Realit\u00e4t der Gr\u00f6\u00dferen Gemeinschaft, in der wir leben, enth\u00fcllte und eine umfassende Vorbereitung auf das Leben in dieser neuen und herausfordernden Umgebung darstellt. Hier enth\u00fcllt der Sch\u00f6pfer allen Lebens, was die Menschheit im Universum insgesamt erwartet, die Herausforderung und Komplexit\u00e4t der Interaktion zwischen den Welten und die wesentlichen Werkzeuge, die die Menschheit ben\u00f6tigt, um ihr Handeln mit Kr\u00e4ften von au\u00dferhalb unserer Welt zu meistern. Hier \u00fcberwindet die menschliche Familie ihre jahrtausendealte Isolation im Universum und lernt, weise mit anderen Formen intelligenten Lebens zu interagieren. Diese Interaktion wird unsere Sicht auf uns selbst, Gott und unseren Platz im Universum erheblich erweitern.<\/p>\n<p>Das Buch<em> Vorbereitung auf die Gr\u00f6\u00dfere Gemeinschaft<\/em> ist ein Buch von <a href=\"https:\/\/www.newmessage.org\/de\/die-botschaft\/band-2\/\">Band 2<\/a> der Neuen Botschaft von Gott.<\/p>\n<p>Das Buch enth\u00e4lt die originalen gesprochenen Offenbarungen, die der Bote <a href=\"http:\/\/bit.ly\/2ZUSw4D\">Marshall Vian Summers<\/a> erhalten hat. Der Bote wurde von der Quelle der Neuen Botschaft angewiesen, die Offenbarungen der Neuen Botschaft in den heiligen B\u00fcchern und B\u00e4nden der Neuen Botschaft Gottes zu vereinen.<\/p>\n<p>&nbsp;<\/p>\n<p style=\"text-align: left;\"><div class=\"toggle toggle-white\"><h4 class=\"trigger \"><span class=\"t_ico\"><\/span><a href=\"#\">Lies mehr \u00fcber die Bibliothek der Neuen Botschaft<\/a><\/h4><div class=\"toggle_container \"><br \/>\n<div data-post-id='24520' class='insert-page insert-page-24520 '><p>Die Neue Botschaft von Gott wird letzten Endes in sechs einzelnen B\u00e4nden enthalten sein. Jeder Band enth\u00e4lt zwei oder mehr B\u00fccher und jedes Buch ist in Kapitel aufgeteilt.<\/p>\n<p>Daher k\u00f6nnte der zuk\u00fcnftige Aufbau der Neuen Botschaft von Gott folgenderma\u00dfen zum Ausdruck kommen:<\/p>\n<div id=\"attachment_24097\" style=\"width: 227px\" class=\"wp-caption alignright\"><a href=\"https:\/\/www.newmessage.org\/wp-content\/uploads\/2015\/08\/Volumes-Books-InfoGraphic.001.jpg\"><img loading=\"lazy\" decoding=\"async\" aria-describedby=\"caption-attachment-24097\" class=\"imgborder \" src=\"https:\/\/www.newmessage.org\/wp-content\/uploads\/2015\/08\/Volumes-Books-InfoGraphic.001.jpg\" alt=\"The New Message One Book\" width=\"217\" height=\"234\" \/><\/a><p id=\"caption-attachment-24097\" class=\"wp-caption-text\">Das Eine Buch der Neuen Botschaft<\/p>\n<p>Die NEUE BOTSCHAFT VON GOTT enth\u00e4lt<br \/>\n\t6 B\u00c4NDE<br \/>\nwelche insgesamt enthalten:<br \/>\n          25+ B\u00dcCHER<br \/>\nJedes Buch ist in KAPITEL unterteilt<br \/>\nJedes Kapitel ist in VERSE unterteilt<\/p>\n<p><\/p><\/div>\n<p><strong>Band &gt; Buch &gt; Kapitel &gt; Vers<br \/>\n<\/strong><\/p>\n<p>Die Neue Botschaft von Gott enth\u00e4lt den gr\u00f6\u00dften Gesamtumfang einer Offenbarung, die jemals der Welt gegeben worden ist. Sie spricht nahezu jeden Aspekt unseres Lebens an und stellt dabei neue Realit\u00e4ten vor, die niemals vorher aufgedeckt worden sind. Die Society (\u201eThe Society for the New Message from God\u201c \u2013 \u201eDie Gesellschaft f\u00fcr die Neue Botschaft von Gott\u201c) bem\u00fcht sich, so viele B\u00fccher der Neuen Botschaft und gesprochene Offenbarungen wie m\u00f6glich f\u00fcr die Welt verf\u00fcgbar und zug\u00e4nglich zu machen.<\/p>\n<p>Gegenw\u00e4rtig ist die Society in der Lage, eine gro\u00dfe Anzahl von Originalaufzeichnungen der Stimme der Offenbarung anzubieten. Hier werdet ihr aufgefordert, die Macht und das Mysterium der \u201cStimme\u201d zu erfahren, wie sie urspr\u00fcnglich durch den Boten im Zustand der Offenbarung gesprochen hat. Niemals vorher war es m\u00f6glich, die originale Stimme der Offenbarung zu h\u00f6ren. <\/p>\n<p>Die Zusammenstellung der Neuen Botschaft ist ein laufendes Unterfangen, das \u00fcber einen ausgedehnten Zeitraum verwirklicht wird. Zus\u00e4tzlich wird die Offenbarung bis zum heutigen Tag fortgesetzt, wobei jedes Jahr neue Lehren verk\u00fcndet werden. Infolgedessen wird sich die Auswahl der Lehren in jedem Buch wahrscheinlich \u00e4ndern k\u00f6nnen. Damit k\u00f6nnte sich auch der Titel der B\u00fccher \u00e4ndern, um das Wachstum jedes Buches zu reflektieren. Ihr lebt in einer Zeit der Offenbarung und seid Zeuge, wie sich der Prozess der Offenbarung vor euch entfaltet.<\/p>\n<p><strong>B\u00fccher Online<\/strong><br \/>\nDie Society bem\u00fcht sich, die Neue Botschaft der Welt kostenlos online zur Verf\u00fcgung zu stellen. Gegenw\u00e4rtig ist eine Anzahl von B\u00fcchern der Neuen Botschaft kostenlos unter www.newmessage.org verf\u00fcgbar (deutsche \u00dcbersetzungen unter www.NeueBotschaft.org). Erforsche die <a href=\"https:\/\/www.newmessage.org\/the-message\">library of free online books<\/a> (Bibliothek der kostenlosen online-B\u00fccher).<\/p>\n<p><strong>Print-B\u00fccher<\/strong><br \/>\nDie Society bietet gegenw\u00e4rtig einige der B\u00fccher der Neuen Botschaft in gedruckter Form an. Jedoch ist die Society aufgrund des immensen Umfangs der Neuen Botschaft derzeit noch nicht in der Lage, die gesamten sechs B\u00e4nde der Neuen Botschaft in gedruckter Form zu ver\u00f6ffentlichen. Um eine gedruckte Ausgabe der gegenw\u00e4rtig verf\u00fcgbaren B\u00fccher zu erwerben, besuche bitte den <a href=\"http:\/\/newknowledgelibrary.org\/\">New Knowledge Library Store<\/a>.<\/p>\n<p><strong>CD und mp3 Audio<\/strong><br \/>\nBestimmte Offenbarungen, die sich auf das Studium der Neuen Botschaft beziehen, sind als k\u00e4ufliche CDs oder mp3s erh\u00e4ltlich. Aufgrund der finanziellen M\u00f6glichkeiten, die gesamte Welt mit der Neuen Botschaft zu erreichen, bietet die <a href=\"http:\/\/www.neuebotschaft.org\/weltweite-gemeinschaft\/gesellschaft\">Society<\/a>\u00a0bestimmte Lehren zu bescheidenen Kosten im\u00a0<a href=\"http:\/\/newknowledgelibrary.org\/\">New Knowledge Library Store<\/a> zum Kauf an.<\/p>\n<p><strong>Das Free Book Project<\/strong><br \/>\nBei gr\u00f6\u00dferer finanzieller Unterst\u00fctzung wird die Society in der Lage sein, weitere dieser Weisheitslehren kostenlos online verf\u00fcgbar zu machen. Zus\u00e4tzlich bietet die Society in das <a href=\"https:\/\/www.newmessage.org\/the-message\/free-book-project\">Free Book Project<\/a> kostenlose pers\u00f6nliche Exemplare der gegenw\u00e4rtig verf\u00fcgbaren B\u00fccher, eBooks und mp3s der Offenbarungen der Neuen Botschaft jenen Personen an, die nicht die Mittel haben, sie zu erwerben. Wir fordern Sie zu einer <a href=\"http:\/\/www.neuebotschaft.org\/weltweite-gemeinschaft\/gesellschaft\/unterstutzen-sie-die-neue-botschaft\">Schenkung<\/a> auf, um das Free Book Project zu unterst\u00fctzen, so dass mehr und mehr Bed\u00fcrftige Zugang zur Neuen Botschaft von Gott haben k\u00f6nnen.<\/p>\n<p><strong>Zuk\u00fcnftige Ver\u00f6ffentlichungen<\/strong><br \/>\nDie Society wird weiterhin ihre Vision verfolgen, die gesamte Neue Botschaft von Gott zu ver\u00f6ffentlichen, sowohl in ihren B\u00fcchern und B\u00e4nden als auch vielleicht eines Tages als ein einziges Buch, einfach genannt: \u201cDie Neue Botschaft von Gott.\u201d Dies ist ein enormes Unterfangen, wozu die Society Ihren Beitrag und Ihre Beteiligung ben\u00f6tigt. Bitte erw\u00e4gen Sie, <a href=\"http:\/\/www.neuebotschaft.org\/weltweite-gemeinschaft\/gesellschaft\/unterstutzen-sie-die-neue-botschaft\">eine Schenkung<\/a> vorzunehmen oder <a href=\"http:\/\/www.neuebotschaft.org\/weltweite-gemeinschaft\/gesellschaft\/unterstutzen-sie-die-neue-botschaft\">eine S\u00e4ule der Neuen Botschaft<\/a> zu werden, um diese heilige Sache zu unterst\u00fctzen. Wir danken Ihnen f\u00fcr Ihre Unterst\u00fctzung.<\/p>\n<\/div><br \/>\n<\/div><\/div>\n<div class=\"background-color-bridesmaid padding-20\">\n<h2 style=\"text-align: left;\"><span style=\"color: #525252;\">Inhaltsverzeichnis<\/span><\/h2>\n<p>Einf\u00fchrung<\/p>\n<p>VORBEREITUNG AUF DIE GR\u00d6SSERE GEMEINSCHAFT<\/p>\n<p>1 &#8211; <a href=\"https:\/\/www.newmessage.org\/de\/die-botschaft\/band-2\/vorbereitung-auf-die-grosere-gemeinschaft\/was-ist-die-grosere-gemeinschaft\/\">Was ist die Gr\u00f6\u00dfere Gemeinschaft?<\/a><br \/>\n2 &#8211; <a href=\"https:\/\/www.newmessage.org\/de\/die-botschaft\/band-2\/vorbereitung-auf-die-grosere-gemeinschaft\/die-anwesenheit-der-groseren-gemeinschaft-in-der-welt\/\">Die Anwesenheit der Gr\u00f6\u00dferen Gemeinschaft in der Welt<\/a><br \/>\n3 &#8211; <a href=\"https:\/\/www.newmessage.org\/de\/die-botschaft\/band-2\/vorbereitung-auf-die-grosere-gemeinschaft\/wesentliche-wahrheit-in-bezug-auf-die-grosere-gemeinschaft\/\">Wesentliche Wahrheit in Bezug auf die Gr\u00f6\u00dfere Gemeinschaft<\/a><br \/>\n4 &#8211; <a href=\"https:\/\/www.newmessage.org\/de\/die-botschaft\/band-2\/vorbereitung-auf-die-grosere-gemeinschaft\/intelligenz-der-groseren-gemeinschaft-und-die-mentale-umgebung\/\">Intelligenz der Gr\u00f6\u00dferen Gemeinschaft und die Mentale Umgebung<\/a><br \/>\n5 &#8211; <a href=\"https:\/\/www.newmessage.org\/de\/die-botschaft\/band-2\/vorbereitung-auf-die-grosere-gemeinschaft\/ressourcen-handel-und-wettbewerb-in-der-groseren-gemeinschaft\/\">Ressourcen, Handel und Wettbewerb in der Gr\u00f6\u00dferen Gemeinschaft<\/a><br \/>\n6 &#8211; <a href=\"https:\/\/www.neuebotschaft.org\/die-botschaft\/band-2\/vorbereitung-auf-die-grosere-gemeinschaft\/die-bedeutung-von-spiritueller-entwicklung-in-der-groseren-gemeinschaft\/\">Die Bedeutung von Spiritueller Entwicklung in der Gr\u00f6\u00dferen Gemeinschaft<\/a><br \/>\n7 &#8211; <a href=\"https:\/\/www.newmessage.org\/de\/die-botschaft\/band-2\/vorbereitung-auf-die-grosere-gemeinschaft\/die-grose-herausforderung-die-auf-die-menschheit-wartet\/\">Die gro\u00dfe Herausforderung, die auf die Menschheit wartet<\/a><br \/>\n8 &#8211; <a href=\"https:\/\/www.neuebotschaft.org\/die-botschaft\/band-2\/vorbereitung-auf-die-grosere-gemeinschaft\/entwicklung-einer-perspektive-der-groseren-gemeinschaft\/\">Entwicklung einer Perspektive der Gr\u00f6\u00dferen Gemeinschaft<\/a><br \/>\n9 &#8211; <a href=\"https:\/\/www.newmessage.org\/de\/die-botschaft\/band-2\/vorbereitung-auf-die-grosere-gemeinschaft\/kenntnis-finden\/\">Kenntnis finden<\/a><br \/>\n10 &#8211; <a href=\"https:\/\/www.neuebotschaft.org\/die-botschaft\/band-2\/vorbereitung-auf-die-grosere-gemeinschaft\/starke-und-einfluss-in-der-mentalen-umgebung-erlangen\/\">St\u00e4rke und Einfluss in der Mentalen Umgebung erlangen<\/a><br \/>\n11 &#8211; <a href=\"https:\/\/www.neuebotschaft.org\/die-botschaft\/band-2\/vorbereitung-auf-die-grosere-gemeinschaft\/entwicklung-von-klarheit-und-urteilskraft\/\">Entwicklung von Klarheit und Urteilskraft<\/a><br \/>\n12 &#8211; <a href=\"https:\/\/www.newmessage.org\/de\/die-botschaft\/band-2\/vorbereitung-auf-die-grosere-gemeinschaft\/uberschreitung-der-grenzen-der-menschlichen-religion-und-des-glaubens\/\">\u00dcberschreitung der Grenzen der menschlichen Religion und des Glaubens<\/a><br \/>\n13 &#8211; <a href=\"https:\/\/www.newmessage.org\/de\/die-botschaft\/band-2\/vorbereitung-auf-die-grosere-gemeinschaft\/menschliche-reaktionen-auf-die-grosere-gemeinschaft\/\">Menschliche Reaktionen auf die Gr\u00f6\u00dfere Gemeinschaft<\/a><br \/>\n14 &#8211; <a href=\"https:\/\/www.newmessage.org\/de\/die-botschaft\/band-2\/vorbereitung-auf-die-grosere-gemeinschaft\/entwicklung-von-gewissheit-starke-und-weisheit\/\">Entwicklung von Gewissheit, St\u00e4rke und Weisheit<\/a><br \/>\n15 &#8211; <a href=\"https:\/\/www.newmessage.org\/de\/die-botschaft\/band-2\/vorbereitung-auf-die-grosere-gemeinschaft\/entwicklung-groserer-ehrlichkeit\/\">Entwicklung Gr\u00f6\u00dferer Ehrlichkeit<\/a><br \/>\n16 &#8211; <a href=\"https:\/\/www.newmessage.org\/de\/die-botschaft\/band-2\/vorbereitung-auf-die-grosere-gemeinschaft\/beziehungen-bestimmung-und-berufung\/\">Beziehungen, Bestimmung und Berufung<\/a><br \/>\n17 &#8211; <a href=\"https:\/\/www.newmessage.org\/de\/die-botschaft\/band-2\/vorbereitung-auf-die-grosere-gemeinschaft\/beginn-der-vorbereitung\/\">Beginn der Vorbereitung<\/a><\/p>\n<p><a href=\"https:\/\/www.newmessage.org\/de\/die-botschaft\/band-2\/vorbereitung-auf-die-grosere-gemeinschaft\/leitlinien-fur-die-vorbereitung-auf-die-grosere-gemeinschaft\/\">Leitlinien f\u00fcr die Vorbereitung auf die Gr\u00f6\u00dfere Gemeinschaft <\/a><\/p>\n<\/div>\n","protected":false},"excerpt":{"rendered":"<p>Das Buch Vorbereitung auf die Gr\u00f6\u00dfere Gemeinschaft ist ein Buch der Offenbarung vom Sch\u00f6pfer allen Lebens, das gegeben wurde, um uns auf die Realit\u00e4t des Kontaktes mit au\u00dferirdischem Leben und auf das Aufstreben der Menschheit in eine &#8220;Gr\u00f6\u00dfere Gemeinschaft&#8221; von Welten im Universum vorzubereiten. Das Buch Vorbereitung auf die Gr\u00f6\u00dfere Gemeinschaft wurde gegeben, weil die\u2026 <a class=\"read-more\" href=\"https:\/\/www.v6.newmessage.org\/de\/more-about-the-volumes\/\"><span>Read More<\/span><\/a><\/p>\n","protected":false},"author":22,"featured_media":0,"parent":16312,"menu_order":0,"comment_status":"closed","ping_status":"closed","template":"template-leftsidebar.php","meta":{"_monsterinsights_skip_tracking":false,"_monsterinsights_sitenote_active":false,"_monsterinsights_sitenote_note":"","_monsterinsights_sitenote_category":0,"footnotes":""},"categories":[1148,467],"tags":[305],"_links":{"self":[{"href":"https:\/\/www.v6.newmessage.org\/de\/wp-json\/wp\/v2\/pages\/28940"}],"collection":[{"href":"https:\/\/www.v6.newmessage.org\/de\/wp-json\/wp\/v2\/pages"}],"about":[{"href":"https:\/\/www.v6.newmessage.org\/de\/wp-json\/wp\/v2\/types\/page"}],"author":[{"embeddable":true,"href":"https:\/\/www.v6.newmessage.org\/de\/wp-json\/wp\/v2\/users\/22"}],"replies":[{"embeddable":true,"href":"https:\/\/www.v6.newmessage.org\/de\/wp-json\/wp\/v2\/comments?post=28940"}],"version-history":[{"count":20,"href":"https:\/\/www.v6.newmessage.org\/de\/wp-json\/wp\/v2\/pages\/28940\/revisions"}],"predecessor-version":[{"id":29209,"href":"https:\/\/www.v6.newmessage.org\/de\/wp-json\/wp\/v2\/pages\/28940\/revisions\/29209"}],"up":[{"embeddable":true,"href":"https:\/\/www.v6.newmessage.org\/de\/wp-json\/wp\/v2\/pages\/16312"}],"wp:attachment":[{"href":"https:\/\/www.v6.newmessage.org\/de\/wp-json\/wp\/v2\/media?parent=28940"}],"wp:term":[{"taxonomy":"category","embeddable":true,"href":"https:\/\/www.v6.newmessage.org\/de\/wp-json\/wp\/v2\/categories?post=28940"},{"taxonomy":"post_tag","embeddable":true,"href":"https:\/\/www.v6.newmessage.org\/de\/wp-json\/wp\/v2\/tags?post=28940"}],"curies":[{"name":"wp","href":"https:\/\/api.w.org\/{rel}","templated":true}]}}