{"id":28930,"date":"2020-06-27T19:44:27","date_gmt":"2020-06-27T19:44:27","guid":{"rendered":"https:\/\/www.newmessage.org\/de\/?page_id=28930"},"modified":"2020-06-27T19:44:27","modified_gmt":"2020-06-27T19:44:27","slug":"widerstandsfahigkeit","status":"publish","type":"page","link":"https:\/\/www.v6.newmessage.org\/de\/die-botschaft\/band-1\/die-neue-welt\/widerstandsfahigkeit\/","title":{"rendered":"Widerstandsf\u00e4higkeit"},"content":{"rendered":"<div><!-- Version 7.05 Widerstandsf\u00e4higkeit --><\/div>\n\n<div class=\"tabgroup \"><ul class=\"tabs\"><li><a href=\"#tabs-1\">H\u00f6re<\/a><\/li>\n<li><a href=\"#tabs-2\"> Anmerkung<\/a><\/li><\/ul>\n <div id=\"tabs-1\"><\/p>\n<p class=\"revelation_details\">H\u00f6re die Stimme der Offenbarung:<\/p>\n<div id=\"jquery_jplayer_1\" class=\"jp-jplayer\"><\/div>\n\t\t\t\t<div id=\"jp_container_1\" class=\"jp-audio\">\n\t\t\t\t<div class=\"jp-type-single\"><div class=\"jp-control\"><a href=\"javascript:;\" class=\"jp-play\" tabindex=\"1\">play<\/a><a href=\"javascript:;\" class=\"jp-pause\" tabindex=\"1\">pause<\/a><\/div> <div class=\"jp-gui jp-interface\"><div class=\"jp-volume\"><div class=\"jp-volume-bar\"><div class=\"jp-volume-bar-value\"><\/div><\/div><\/div><div class=\"jp-progress\"><div class=\"jp-seek-bar\"><div class=\"jp-play-bar\"><\/div><\/div><\/div><\/div>\t\t\t\t\t<div class=\"jp-no-solution\"><span>Update Required<\/span>To play the media you will need to either update your browser to a recent version or update your <a href=\"http:\/\/get.adobe.com\/flashplayer\/\" target=\"_blank\">Flash plugin<\/a>.<\/div><\/div><\/div>\n\t\t\t<script type='text\/javascript'>\n\t\t\t\tjQuery(document).ready(function() {\n\t\t\t\t\tif (typeof (sermonMedia) == 'function') {\n\t\t\t\t\t\tsermonMedia.addAudio('', \"jquery_jplayer_1\");\n\t\t\t\t\t}\n\t\t\t\t\tjQuery.jPlayer.timeFormat.showHour = true;\n\t\t\t\t\tjQuery(\"#jquery_jplayer_1\").jPlayer({\n\t\t\t\t\t\tready: function(event) {\n\t\t\t\t\t\t\tjQuery(this).jPlayer(\"setMedia\", {mp3: 'https:\/\/newmessage.org\/av\/resilience.mp3'});\n\t\t\t\t\t\t},\n\t\t\t\t\t\tplay: function() {\n\t\t\t\t\t\t\tjQuery(this).jPlayer(\"pauseOthers\");\n\t\t\t\t\t\t},\n\t\t\t\t\t\tswfPath: ThemeData.directory_uri+\"\/swf\",\n\t\t\t\t\t\tsolution: \"html, flash\",\n\t\t\t\t\t\tpreload: \"metadata\",\n\t\t\t\t\t\twmode: \"window\",\n\t\t\t\t\t\tsupplied: \"mp3\",\n\t\t\t\t\t\tcssSelectorAncestor: '#jp_container_1'\n\t\t\t\t\t});\n\t\t\t\t});\n\t\t\t<\/script><\/p>\n<p class=\"revelation_details\"><a title=\"The Resilience\" href=\"https:\/\/newmessage.org\/av\/resilience.mp3\">Lade herunter<\/a> (Rechtsklick zum Herunterladen)<\/p>\n<p class=\"revelation_details\"><em><a href=\"https:\/\/www.community.newmessage.org\/resilience\/\"><img loading=\"lazy\" decoding=\"async\" class=\"imgborder aligncenter wp-image-41470 size-medium\" src=\"https:\/\/www.newmessage.org\/wp-content\/uploads\/2019\/07\/TNW-14-Resilience-300x157.jpeg\" alt=\"greater strength and resilience\" width=\"300\" height=\"157\" \/><\/a>Wie offenbart Gottes Boten<br \/>\nam 27. Januar 2013<br \/>\nin Boulder, Colorado, USA<br \/>\n<\/em><\/p>\n<div class=\"toggle toggle-white\"><h4 class=\"trigger \"><span class=\"t_ico\"><\/span><a href=\"#\">\u00dcber diese Aufzeichnung<\/a><\/h4><div class=\"toggle_container \"><br \/>\n<div id=\"yui_3_16_0_ym19_1_1467955126517_3327\" dir=\"ltr\"><span id=\"yui_3_16_0_ym19_1_1467955126517_3177\"><span id=\"yui_3_16_0_ym19_1_1467955126517_3178\">Was Du in dieser Audioaufzeichnung h\u00f6rst, ist die Stimme des Engelsrates, die durch den Boten Marshall Vian Summers spricht.<\/span><\/span><\/div>\n<div dir=\"ltr\"><span id=\"yui_3_16_0_ym19_1_1467955126517_3177\"><span id=\"yui_3_16_0_ym19_1_1467955126517_3178\">\u00a0<\/span><\/span><\/div>\n<div id=\"yui_3_16_0_ym19_1_1467955126517_3359\" dir=\"ltr\"><span id=\"yui_3_16_0_ym19_1_1467955126517_3177\"><span id=\"yui_3_16_0_ym19_1_1467955126517_3178\"> Hier wird die originale Mitteilung Gottes, die jenseits von Worten existiert, vom Engelsrat, der \u00fcber die Welt wacht, in menschliche Sprache und menschliches Verst\u00e4ndnis \u00fcbersetzt. Der Engelsrat bringt dann Gottes Botschaft \u00fcber den Boten dar.<br \/>\n<\/span><\/span><\/div>\n<div id=\"yui_3_16_0_ym19_1_1467955126517_3369\" dir=\"ltr\"><span id=\"yui_3_16_0_ym19_1_1467955126517_3177\"><span id=\"yui_3_16_0_ym19_1_1467955126517_3178\">\u00a0<\/span><\/span><\/div>\n<div id=\"yui_3_16_0_ym19_1_1467955126517_3370\" dir=\"ltr\"><span id=\"yui_3_16_0_ym19_1_1467955126517_3177\"><span id=\"yui_3_16_0_ym19_1_1467955126517_3178\">In diesem bemerkenswerten Prozess spricht die Stimme der Offenbarung erneut. Das Wort und der Ton sind in der Welt. Zum ersten Mal in der Geschichte ist f\u00fcr euch und f\u00fcr die Welt die Aufzeichnung der urspr\u00fcnglichen gesprochenen Offenbarung verf\u00fcgbar, um erfahren zu werden.<br \/>\n<\/span><\/span><\/div>\n<div id=\"yui_3_16_0_ym19_1_1467955126517_3436\" dir=\"ltr\"><span id=\"yui_3_16_0_ym19_1_1467955126517_3177\"><span id=\"yui_3_16_0_ym19_1_1467955126517_3178\">\u00a0<\/span><\/span><\/div>\n<div id=\"yui_3_16_0_ym19_1_1467955126517_3435\" dir=\"ltr\"><span id=\"yui_3_16_0_ym19_1_1467955126517_3177\"><span id=\"yui_3_16_0_ym19_1_1467955126517_3178\">M\u00f6gest du der  Empf\u00e4nger dieses Geschenks der Offenbarung werden und m\u00f6gest du dich \u00f6ffnen, um diese einmalige Botschaft f\u00fcr dich und f\u00fcr dein Leben zu empfangen.<\/span><\/span><\/div>\n<br \/>\n<\/div><\/div><br \/>\n<\/div>\n<div id=\"tabs-2\"><br \/>\n<em> Anmerkung an den Leser:<br \/>\nDiese \u00dcbersetzung wurde der Society von einem Sch\u00fcler der Neuen Botschaft verf\u00fcgbar gemacht, der den englischen Originaltext als Freiwilliger \u00fcbersetzt hat. Wir stellen diese \u00dcbersetzung in dieser fr\u00fchen Form zur Verf\u00fcgung, damit jeder Gelegenheit hat, sich mit einem Teil der Neuen Botschaft in seiner eigenen Sprache zu befassen.<\/em><br \/>\n<\/div>\n\t\t\t\t<div align=\"right\">\n\t\t\t<div class=\"fb-like\" data-href=\"\" data-layout=\"button_count\" data-action=\"like\" data-show-faces=\"false\" data-share=\"false\"><\/div>\n\t\t\t<div class=\"fb-share-button\" data-layout=\"button_count\"> <\/div>\n\t\t\t<div class=\"fb_iframe_widget\"><a href=\"https:\/\/twitter.com\/godsnewmessage?ref_src=twsrc%5Etfw\" class=\"twitter-follow-button\" data-show-count=\"false\">Follow @godsnewmessage<\/a><script async src=\"https:\/\/platform.twitter.com\/widgets.js\" charset=\"utf-8\"><\/script><\/div>\n\t\t\t<\/div> <\/div> \n\n<p>Die Menschheit steht an der Schwelle zum gr\u00f6\u00dften Wandel der Welt, den sie je erfahren hat, einer Welt, die mit einem Klimawandel, einer gro\u00dfen St\u00f6rung, einer gro\u00dfen wirtschaftlichen und sozialen Zerr\u00fcttung konfrontiert ist, da die Menschheit, unvorbereitet wie sie ist, vor einer neuen Welterfahrung steht\u2014einer schwierigeren Welt, einer Welt mit schrumpfenden Ressourcen und extremem Wetter, einer Welt, in der die Menschheit sehr grundlegende Entscheidungen dar\u00fcber treffen muss, wie sie reagieren und sich auf eine andere Art von Zukunft vorbereiten wird.<\/p>\n<p>Die Menschen auf der Welt schlafen immer noch oder werden unterdr\u00fcckt. Die Wohlhabenden schlafen und tr\u00e4umen immer noch von Wohlstand und pers\u00f6nlicher Erf\u00fcllung, w\u00e4hrend die meisten Menschen unter dem Gewicht von Armut und politischer und religi\u00f6ser Unterdr\u00fcckung ums \u00dcberleben k\u00e4mpfen.<\/p>\n<p>In diese scheinbar hoffnungslose Situation hat der Herr der Universen eine gro\u00dfe Botschaft f\u00fcr die Menschheit, eine <a href=\"http:\/\/bit.ly\/2Z99FuK\">Neue Offenbarung<\/a> f\u00fcr die Welt, gebracht\u2014eine gro\u00dfe Warnung, eine gro\u00dfe Erm\u00e4chtigung und eine gro\u00dfe Vorbereitung.<\/p>\n<p>Wenn ihr den Zustand der Welt und euren eigenen Zustand in ihr wirklich erkennen k\u00f6nntet, w\u00fcrdet ihr den gro\u00dfen Bedarf sehen, dass Gott erneut spricht. Und Gott hat erneut gesprochen und der Menschheit jetzt die gr\u00f6\u00dfte Offenbarung gegeben, die jemals dieser Welt gegeben wurde, um die Menschheit auf eine neue Welt vorzubereiten und auf ihre Auseinandersetzung mit einem Universum voller intelligenten Lebens\u2014eine <a href=\"http:\/\/bit.ly\/2Ee9fYz\">Gr\u00f6\u00dfere Gemeinschaft<\/a> des Lebens, ein gro\u00dfes Panorama des Lebens, eine Gemeinschaft, von der die Menschheit \u00fcberhaupt nichts wei\u00df, ein nichtmenschliches Universum, in dem Freiheit selten ist.<\/p>\n<p>Wenn ihr die Aufrichtigkeit und Demut habt, um euch dem wahren Zustand eures Lebens und eurer Welt zu stellen, werdet ihr erkennen, dass die gro\u00dfen Offenbarungen der Vergangenheit die Menschheit nicht auf das vorbereiten k\u00f6nnen, was ihr jetzt begegnet. In der Antike gegeben, waren sie f\u00fcr ihre Zeit und ihren Ort angemessen und enthalten immer noch gro\u00dfe Weisheit und gro\u00dfe Lehren f\u00fcr die Menschheit, aber sie k\u00f6nnen euch nicht auf das vorbereiten, was euch jetzt bevorsteht.<\/p>\n<p>Gott wei\u00df das nat\u00fcrlich, aber die Menschheit ist immer noch verloren in ihren Sorgen, ihren Ermahnungen, ihren Konflikten, ihrer religi\u00f6sen Zwietracht und ihrem Gef\u00fchl der \u00dcberlegenheit.<\/p>\n<p>Es ist an der Zeit, dass ihr jetzt die wahre Natur der menschlichen Spiritualit\u00e4t lernt, eure Verbindung zu eurer Quelle und wie Gott in der Welt wirkt und von innen heraus durch die Menschen wirkt.<\/p>\n<p>Gott wei\u00df, dass sich die Menschheit in einer prek\u00e4ren Situation befindet, aus der sie sich nicht retten kann. Sie ist zu blind. Sie ist zu sehr besch\u00e4ftigt. Sie ist zu sehr von Verachtung und Konflikten erf\u00fcllt. Sie ist nicht stark genug oder vereint genug, um sich selbst vorzubereiten. Mit Aufrichtigkeit und Demut werdet ihr dies sehen, denn es ist unbestreitbar.<\/p>\n<p>Ihr befindet euch in einer Situation von gro\u00dfer Komplexit\u00e4t. Ihr werdet eine Offenbarung Gottes sowie eure eigene Intelligenz und eure Ressourcen brauchen, um damit umzugehen, euch darauf vorzubereiten, in ihr zu \u00fcberleben und wenn ihr dies tun k\u00f6nnt, eine gr\u00f6\u00dfere Zukunft f\u00fcr die menschliche Familie aufzubauen\u2014eine gr\u00f6\u00dfere Sicherheit f\u00fcr die Welt, eine gr\u00f6\u00dfere Einheit f\u00fcr die menschliche Familie, eine gr\u00f6\u00dfere St\u00e4rke und eine gr\u00f6\u00dfere Best\u00e4ndigkeit in dieser Welt und innerhalb der Gr\u00f6\u00dferen Gemeinschaft, in der ihr immer gelebt habt.<\/p>\n<p>Die gro\u00dfen Boten der Vergangenheit, die alle aus dem Engelsrat gekommen sind\u2014Jesus, Buddha und Mohammed\u2014stehen zu dem Boten, der jetzt in die Welt gesandt wird, dem einzigen Boten, der mit einer gro\u00dfen Offenbarung von Gott gesandt wurde.<\/p>\n<p>Welche Herausforderung wird das f\u00fcr jeden sein, der reagieren kann. Was f\u00fcr eine Herausforderung neben der der neuen Welt und des Lebens im Universum.<\/p>\n<p>Aber Gott hat euch eine gr\u00f6\u00dfere St\u00e4rke und einen H\u00f6heren Zweck gegeben, um in dieser Zeit in der Welt zu sein. Tief unter dem Intellekt, tief unter eurem pers\u00f6nlichen Verstand\u2014der von der Welt um euch so konditioniert, gesteuert und manipuliert wurde\u2014hat diese gr\u00f6\u00dfere Intelligenz eure St\u00e4rke und die Macht, die gro\u00dfe Ver\u00e4nderung zu bew\u00e4ltigen, die bevorsteht. Sie hat die Klarheit und die Verbindung zu Gott, um mit Gottes Neuer Offenbarung f\u00fcr die Welt in Resonanz zu treten.<\/p>\n<p>Die Ideologien der Menschen werden in Frage gestellt, denn Gott nimmt gro\u00dfe Korrekturen am Verst\u00e4ndnis der Menschheit der gro\u00dfen Traditionen und der Bedeutung der Spiritualit\u00e4t, des Zwecks der Menschheit und ihrer endg\u00fcltigen Bestimmung vor.<\/p>\n<p>Was f\u00fcr eine gro\u00dfe Herausforderung dies f\u00fcr Menschen sein wird, die ihr ganzes Leben auf einem Satz von Glaubenss\u00e4tzen und Ermahnungen aufgebaut haben, obwohl sie tats\u00e4chlich wirklich nichts von Gottes Gr\u00f6\u00dferen Plan und Zweck hier wissen.<\/p>\n<p>Gott hat euch jetzt die St\u00e4rke gegeben. Sie lebt in euch, tief unter der Oberfl\u00e4che des Verstandes. Sie ist unverdorben. Sie ist furchtlos. Denn sie stellt den ewigen Teil von euch dar, der noch mit Gott verbunden ist, versteht ihr? Sie wird nicht von der Welt bedroht. Sie lebt nicht in einem Zustand st\u00e4ndiger Angst, wie es euer pers\u00f6nlicher Verstand tut. Sie lebt nicht in einer Welt der Besessenheit und Ablenkung, der Angst und Verachtung\u2014genau die Dinge, die euren pers\u00f6nlichen Verstand und den Verstand aller, die hier verweilen, bestimmen.<\/p>\n<p>Gott versteht dies. Es gibt kein Urteil \u00fcber die Menschheit. Es gibt keine Strafe, die auf euch wartet. Aber ihr m\u00fcsst euch auf Eventualit\u00e4ten vorbereiten. Ihr m\u00fcsst die Position erlangen, das, was \u00fcber den Horizont herankommt, mit klaren Augen zu sehen, ohne all eure fr\u00fcheren Glaubenss\u00e4tzen und politischen \u00dcberredungen, die eure Sicht beeintr\u00e4chtigen und blenden.<\/p>\n<p>Es reicht nicht aus, dass sich einige wenige vorausschauende Menschen des gro\u00dfen Wandels bewusst werden und selbst dieses Verst\u00e4ndnis ist unvollst\u00e4ndig, versteht ihr? Denn sie k\u00f6nnen nicht das ganze Bild sehen, denn das muss in der Offenbarung gegeben werden.<\/p>\n<p>Wenn ihr in der Lage seid, euch diesen Dingen zu stellen, was eine gro\u00dfe Herausforderung ist, was Wir verstehen, werdet ihr euch schwach f\u00fchlen; ihr werdet euch hilflos f\u00fchlen. Vielleicht f\u00fchlt ihr euch sogar hoffnungslos. Ihr werdet euch fragen, wie die Menschheit sich jemals durch diese Situation bringen kann, wie sie jemals in der Lage sein wird, ihre Weisheit und Intelligenz, ihre F\u00e4higkeiten und Technologien in eine positive Richtung zu vereinen und zu b\u00fcndeln, anstatt sie in Krieg und Konflikt zu verschwenden. Denn daf\u00fcr gibt es jetzt keine Zeit. F\u00fcr eine solche Torheit bleibt keine Zeit.<\/p>\n<p>Ihr werdet euch fragen, ob es \u00fcberhaupt Hoffnung gibt. Ihr werdet euch umschauen und ihr werdet die schlafenden Menschen \u00fcberall sehen. Ihr werdet in die Welt hinausblicken und ihr werdet Korruption und Konflikte, Kampf und Zwietracht und schreckliche Armut \u00fcberall sehen. Und ihr werdet euch fragen: &#8220;Wie kann das jemals funktionieren?&#8221;<\/p>\n<p>Hier hat euer pers\u00f6nlicher Verstand keine Antwort. Hier hat das, was ihr gelernt habt und euch zu denken beigebracht wurde, keine Antwort. Eure Antworten, auch wenn sie angemessen w\u00e4ren, sind nur teilweise vorhanden, denn ihr werdet jetzt tausend Antworten brauchen und ihr habt sie nicht alle.<\/p>\n<p>Es ist euer Sch\u00f6pfer, der in die Welt eingreifen wird, was vielleicht nur einmal im Jahrtausend geschieht, um die Richtung der Menschheit zu \u00e4ndern, um die Saat gr\u00f6\u00dferer Weisheit, Macht, St\u00e4rke und Zusammenarbeit hier in der Zeit der gr\u00f6\u00dften Gelegenheit und der gr\u00f6\u00dften Not zu s\u00e4en.<\/p>\n<p>Ihr werdet euch dieser St\u00e4rke zuwenden m\u00fcssen, die Gott in euch und in andere gelegt hat. Und ihr werdet die Schritte zu dieser gr\u00f6\u00dferen Kenntnis gehen m\u00fcssen, denn ihr k\u00f6nnt den Weg alleine nicht finden. Ihr werdet erkennen m\u00fcssen, dass ihr euer Leben nicht wie ein Tyrann regieren k\u00f6nnt. Ihr seid tats\u00e4chlich nicht der Regent eures Lebens, aber ihr m\u00fcsst euren Verstand und eure Angelegenheiten verwalten und die Quelle eurer St\u00e4rke kennen, die in diesem Moment in euch weilt, die darauf wartet, entdeckt zu werden.<\/p>\n<p>Jetzt wird sie herbeigerufen, denn der Himmel verdunkelt sich und der gro\u00dfe Wandel kommt\u2014die K\u00fcsten werden zerst\u00f6rt, die W\u00fcsten verbrannt, die Ackerfl\u00e4chen ausgetrocknet. Er ist hier, er ist dort, er nimmt an H\u00e4ufigkeit und St\u00e4rke und Zerst\u00f6rungskraft zu.<\/p>\n<p>Ihr d\u00fcrft nicht erb\u00e4rmlich sein. Ihr d\u00fcrft nicht schwach sein. Ihr d\u00fcrft nicht einfach um Wunder beten, denn Gott hat euch hierher gesandt, um die wahre Arbeit zu tun, die getan werden muss\u2014euren einzigartigen Zweck und eure einzigartige Aktivit\u00e4t, von der ihr noch nichts wisst. Denn diese unterscheidet sich sehr von euren Zielen und euren Fantasien \u00fcber euch selbst.<\/p>\n<p>Wenn ihr euer eigenes Bed\u00fcrfnis erkennen k\u00f6nntet\u2014da ihr euch selbst fremd seid, ein Leben des Kampfs f\u00fchrt, ein allt\u00e4gliches Leben, ein unw\u00fcrdiges und frustriertes Leben f\u00fchrt\u2014werdet ihr euer Bed\u00fcrfnis nach Offenbarung sehen. Es ist die gleiche Aufrichtigkeit, ob ihr nun nach au\u00dfen oder nach innen schaut, die euch zu diesem Punkt der Anerkennung f\u00fchren wird.<\/p>\n<p>Vielleicht habt ihr das Gef\u00fchl, dass ihr Gro\u00dfes erreicht habt. Vielleicht seid ihr stolz. Vielleicht schaut ihr auf andere herab, die nichts haben oder die bei ihren Versuchen, das zu haben, was ihr habt, versagen. Aber auch ihr steht an der Schwelle zum gro\u00dfen Wandel und habt keine Antwort.<\/p>\n<p>Alles, was ihr erworben habt, kann verloren gehen. Alles, woran ihr glaubt, kann zerst\u00f6rt werden. Alles, was ihr f\u00fcr wahr haltet, kann ungeschehen gemacht werden. Denn ihr wisst noch nicht, welche Macht euch hierher gebracht hat und was ihr wirklich hier erreichen sollt.<\/p>\n<p>Gott spricht jetzt zu einer gebildeten Welt, nicht zu primitiven St\u00e4mmen, die in kriegerischen Gesellschaften leben und nichts von sozialer Entwicklung und pers\u00f6nlicher Freiheit wissen. Gott spricht jetzt zu einer Welt der globalen Kommunikation und des wachsenden globalen Bewusstseins.<\/p>\n<p>So wird die Offenbarung jetzt nicht in b\u00e4uerlichen Begriffen oder Anekdoten dargebracht, in Geschichten, die von Experten oder Kommentatoren interpretiert werden m\u00fcssen. Sie wird in der einfachsten Sprache mit viel Wiederholung und Kl\u00e4rung dargebracht. Sie wird auf dieser Weise gegeben, damit sie leicht in andere Sprachen \u00fcbersetzt und f\u00fcr Menschen aller sozialen Positionen und sozialen Schichten leicht und verst\u00e4ndlich ausgedr\u00fcckt werden kann. Der \u00e4rmste Mensch der Welt kann dies begreifen. Und doch ist sie so tief, dass man sie nicht ergr\u00fcnden kann. Ihre Schlichtheit dr\u00fcckt ihre gro\u00dfe Tiefe aus.<\/p>\n<p>Dies ist das Wunder eurer Zeit, dargebracht in einer Zeit der gr\u00f6\u00dften Not, einer so gro\u00dfen Not, dass nur wenige Menschen sich dessen bewusst sind oder sich ihr ehrlich stellen k\u00f6nnen. Das ist das Wunder eurer Zeit. Das ist das Wunder eures Lebens. Denn ihr wurdet wie ein Staubkorn auf dem Meer gefunden, das ziellos und hoffnungslos trieb. Ob ihr in Armut oder in Pracht lebt, es ist alles dasselbe.<\/p>\n<p>Es reicht nicht aus, dass nur wenige Menschen auf der Welt in der Lage sind, ihren wahren und nat\u00fcrlichen Zustand wiederherzustellen. Es muss jetzt gefordert werden, dass mehr Menschen vorankommen, denn dieses Schiff leckt. Es nimmt Wasser auf. Aber die Menschen schlafen immer noch auf Deck, schwelgen im Sonnenlicht und wissen nicht, dass genau das Schiff, auf dem sie sich befinden, gef\u00e4hrdet ist.<\/p>\n<p>Wer wird dies wissen? Wer kann ohne Verurteilung sehen? Wer kann mit Mitgef\u00fchl schauen, auch f\u00fcr diejenigen, die sich so ernsthaft irren?<\/p>\n<p>Die Menschheit lebt in einem Traum, einem Traum der <a href=\"http:\/\/bit.ly\/31LIx2N\">Trennung<\/a>. Doch jetzt hat sie einen Zustand f\u00fcr die Welt geschaffen, der die Landschaft der Welt und alles darauf ver\u00e4ndern wird.<\/p>\n<p>Jetzt seid ihr an einem Punkt angelangt, an dem Rassen im Universum versuchen werden, die Kontrolle \u00fcber eure Welt zu erlangen. So wertvoll ist sie, so reich ist sie. Ihr kennt ihren Reichtum in einem Universum karger Planeten und angeschlagener Gesellschaften nicht.<\/p>\n<p>Die Offenbarung Gottes wird offenlegen, wie das Leben im Universum ist und was ihr wissen m\u00fcsst, um dort zu \u00fcberleben und eure Freiheit dort zu errichten und zu bewahren, was eine gro\u00dfe Herausforderung sein wird.<\/p>\n<p>Aber zuerst m\u00fcsst ihr eure St\u00e4rke kennen und ihr m\u00fcsst eure Widerstandsf\u00e4higkeit aufbauen, um in einer sich ver\u00e4ndernden Welt zu leben, um in einer neuen Welt zu leben. Ihr m\u00fcsst eine gr\u00f6\u00dfere St\u00e4rke haben, um eure Zweifel, eure Angst und eure Schw\u00e4che, eure Sorgen und eure Tendenzen zu \u00fcberwinden.<\/p>\n<p>Gott hat sie euch gegeben. Sie war die ganze Zeit bei euch allen\u2014darauf wartend, entdeckt zu werden, wartend auf den Zeitpunkt, in der sie hervorgerufen werden muss, wartend auf die Umst\u00e4nde rings um euch, die sie notwendig und zwingend f\u00fcr euer Wohlergehen und f\u00fcr eure Erf\u00fcllung in der Welt machen wird.<\/p>\n<p>Denn ihr seid hierher gekommen, um zu geben und zu dienen. Ihr habt einzigartige Gaben, die in euch ge\u00f6ffnet werden m\u00fcssen, denn ihr k\u00f6nnt diese nicht selbst \u00f6ffnen.<\/p>\n<p>Die tiefere Kenntnis in euch kann euer Leben umgestalten und euch auf euer neues Leben in einer neuen Welt vorbereiten. Vielleicht k\u00f6nnt ihr noch nicht erkennen, dass dies das gr\u00f6\u00dftm\u00f6gliche Geschenk ist, das euch gegeben werden kann.<\/p>\n<p>Alle Gebete, die ihr zu eurer Quelle sprecht, wurden bereits erh\u00f6rt, weil das, was in euch gelegt wurde, um euch zu f\u00fchren, euch zu korrigieren, euch St\u00e4rke, Sicherheit und Mitgef\u00fchl in einer Welt zu geben, in der die Menschen immer planloser und ungeordneter werden, voller Angst und Besorgnis.<\/p>\n<p>Ihr m\u00fcsst das Bewusstsein und dann die Widerstandsf\u00e4higkeit aufbauen. In diesem Moment seid ihr so leicht zu ersch\u00fcttern, sogar durch eure eigenen Gef\u00fchle, eure eigenen Zweifel, eure eigenen Alptr\u00e4ume.<\/p>\n<p>Denkt daran, wie ersch\u00fcttert ihr sein werdet, wenn ihr seht, wie sich die Welt rings um euch aufl\u00f6st, wenn ihr euch der neuen Welt stellen m\u00fcsst, wenn ihr euch der Realit\u00e4t stellen m\u00fcsst, dass die menschliche Freiheit durch Intervention von au\u00dfen bedroht wird.<\/p>\n<p>Mit diesem Verst\u00e4ndnis werdet ihr erkennen, dass ihr eure St\u00e4rke aufbauen m\u00fcsst. Und Gott hat die <a href=\"http:\/\/bit.ly\/2CuMpLr\">Schritte zur Kenntnis<\/a> gegeben, um diese St\u00e4rke und diese Bef\u00e4higung aufzubauen zu verstehen. zu wissen und zu sehen; um zu lernen, wie man seine eigenen Fehler und Schw\u00e4chen mit Mitgef\u00fchl betrachtet und wie man sie handhabt, kontrolliert und wenn m\u00f6glich korrigiert. Ihr habt diese St\u00e4rke noch nicht, nicht ausreichend.<\/p>\n<p>Ihr werdet von Schw\u00e4che regiert. Ihr m\u00fcsst von St\u00e4rke regiert werden. Gewiss muss das, was in euch schwach ist, dem, was in euch stark ist, folgen. Gewiss muss das, was in euch t\u00f6richt ist, dem folgen, was weise ist.<\/p>\n<p>Was in euch stark und weise ist, ist die Kenntnis, die Gott in euch gelegt hat, eine Kenntnis, die euren ewigen Zustand und eure Verbindung zu eurer Quelle darstellt.<\/p>\n<p>Ohne dies k\u00f6nnt ihr nur an Gott glauben, niederfallen und ihn anbeten, aus Angst, dass er euch bestrafen wird, wenn ihr versagt. Aber das ist nicht die St\u00e4rke, die ihr braucht, um eure Verbindung zu eurer Quelle wiederherzustellen oder um in der neuen Welt rings um euch zu \u00fcberleben und zu navigieren.<\/p>\n<p>Klugheit, Einfallsreichtum, Philosophie, Technologie\u2014ohne Kenntnis werden diese Dinge alle scheitern. Sie sind nicht ausreichend. Und ihr wisst nicht, wie ihr sie effektiv nutzen k\u00f6nnt, weil ihr euch immer noch von eurem pers\u00f6nlichen Verstand leiten lasst, der \u00e4ngstlich, angetrieben und arrogant ist.<\/p>\n<p>Der Verstand muss der Kenntnis dienen. Kenntnis wird immer Gott dienen. Dies ist die wahre Hierarchie in euch. Dies ist der wahre Aufstieg der Macht.<\/p>\n<p>Hier ist alles wichtig. Dein K\u00f6rper ist wichtig als Kommunikationsmittel in der Welt. Dein Verstand ist wichtig als ein Vehikel der Kommunikation in der Welt. Kenntnis in euch ist in der Welt, um zu kommunizieren. Denn ihr wurdet von jenen von jenseits gesandt, die noch heute \u00fcber euch wachen.<\/p>\n<p>Es ist dieses Erwachen, das stattfinden muss. Es ist die Widerstandsf\u00e4higkeit, die aufgebaut werden muss. Es ist die St\u00e4rke, das Mitgef\u00fchl und die Entschlossenheit, die in euch entstehen m\u00fcssen\u2014nicht aus euren Vorstellungen, nicht aus eurer Willenskraft allein, sondern aus der gr\u00f6\u00dferen St\u00e4rke, die in euch weilt.<\/p>\n<p>Nur sie hat die Macht, euch in eine neue Welt und in eine Gr\u00f6\u00dfere Gemeinschaft des Lebens zu f\u00fchren, die eure Bestimmung ist und in der ihr immer gelebt habt und auf die ihr euch jetzt vorbereiten m\u00fcsst.<\/p>\n","protected":false},"excerpt":{"rendered":"<p>Die Menschheit steht an der Schwelle zum gr\u00f6\u00dften Wandel der Welt, den sie je erfahren hat, einer Welt, die mit einem Klimawandel, einer gro\u00dfen St\u00f6rung, einer gro\u00dfen wirtschaftlichen und sozialen Zerr\u00fcttung konfrontiert ist, da die Menschheit, unvorbereitet wie sie ist, vor einer neuen Welterfahrung steht\u2014einer schwierigeren Welt, einer Welt mit schrumpfenden Ressourcen und extremem Wetter, einer Welt, in der die Menschheit sehr grundlegende Entscheidungen dar\u00fcber treffen muss, wie sie reagieren und sich auf eine andere Art von Zukunft vorbereiten wird.<\/p>\n<p>Die Menschen auf der Welt schlafen immer noch oder werden unterdr\u00fcckt. Die Wohlhabenden schlafen und tr\u00e4umen immer noch von Wohlstand und pers\u00f6nlicher Erf\u00fcllung, w\u00e4hrend die meisten Menschen unter dem Gewicht von Armut und politischer und religi\u00f6ser Unterdr\u00fcckung ums \u00dcberleben k\u00e4mpfen.<\/p>\n<p>In diese scheinbar hoffnungslose Situation hat der Herr der Universen eine gro\u00dfe Botschaft f\u00fcr die Menschheit, eine Neue Offenbarung f\u00fcr die Welt, gebracht\u2014eine gro\u00dfe Warnung, eine gro\u00dfe Erm\u00e4chtigung und eine gro\u00dfe Vorbereitung.<\/p>\n","protected":false},"author":22,"featured_media":0,"parent":16482,"menu_order":0,"comment_status":"closed","ping_status":"closed","template":"template-leftsidebar.php","meta":{"_monsterinsights_skip_tracking":false,"_monsterinsights_sitenote_active":false,"_monsterinsights_sitenote_note":"","_monsterinsights_sitenote_category":0,"footnotes":""},"categories":[76,463,460],"tags":[719,1146],"_links":{"self":[{"href":"https:\/\/www.v6.newmessage.org\/de\/wp-json\/wp\/v2\/pages\/28930"}],"collection":[{"href":"https:\/\/www.v6.newmessage.org\/de\/wp-json\/wp\/v2\/pages"}],"about":[{"href":"https:\/\/www.v6.newmessage.org\/de\/wp-json\/wp\/v2\/types\/page"}],"author":[{"embeddable":true,"href":"https:\/\/www.v6.newmessage.org\/de\/wp-json\/wp\/v2\/users\/22"}],"replies":[{"embeddable":true,"href":"https:\/\/www.v6.newmessage.org\/de\/wp-json\/wp\/v2\/comments?post=28930"}],"version-history":[{"count":2,"href":"https:\/\/www.v6.newmessage.org\/de\/wp-json\/wp\/v2\/pages\/28930\/revisions"}],"predecessor-version":[{"id":28932,"href":"https:\/\/www.v6.newmessage.org\/de\/wp-json\/wp\/v2\/pages\/28930\/revisions\/28932"}],"up":[{"embeddable":true,"href":"https:\/\/www.v6.newmessage.org\/de\/wp-json\/wp\/v2\/pages\/16482"}],"wp:attachment":[{"href":"https:\/\/www.v6.newmessage.org\/de\/wp-json\/wp\/v2\/media?parent=28930"}],"wp:term":[{"taxonomy":"category","embeddable":true,"href":"https:\/\/www.v6.newmessage.org\/de\/wp-json\/wp\/v2\/categories?post=28930"},{"taxonomy":"post_tag","embeddable":true,"href":"https:\/\/www.v6.newmessage.org\/de\/wp-json\/wp\/v2\/tags?post=28930"}],"curies":[{"name":"wp","href":"https:\/\/api.w.org\/{rel}","templated":true}]}}