{"id":28873,"date":"2020-03-22T18:39:29","date_gmt":"2020-03-22T18:39:29","guid":{"rendered":"https:\/\/www.newmessage.org\/de\/?page_id=28873"},"modified":"2020-03-22T18:39:29","modified_gmt":"2020-03-22T18:39:29","slug":"am-abgrund-stehen","status":"publish","type":"page","link":"https:\/\/www.v6.newmessage.org\/de\/die-botschaft\/band-1\/die-neue-welt\/am-abgrund-stehen\/","title":{"rendered":"Am Abgrund stehen"},"content":{"rendered":"<div><!-- Version 7.06 --><\/div>\n\n<div class=\"tabgroup \"><ul class=\"tabs\"><li><a href=\"#tabs-1\">H\u00f6re<\/a><\/li>\n<li><a href=\"#tabs-2\"> Anmerkung<\/a><\/li><\/ul>\n <div id=\"tabs-1\"><\/p>\n<p>H\u00f6re die Stimme der Offenbarung:<\/p>\n<div id=\"jquery_jplayer_1\" class=\"jp-jplayer\"><\/div>\n\t\t\t\t<div id=\"jp_container_1\" class=\"jp-audio\">\n\t\t\t\t<div class=\"jp-type-single\"><div class=\"jp-control\"><a href=\"javascript:;\" class=\"jp-play\" tabindex=\"1\">play<\/a><a href=\"javascript:;\" class=\"jp-pause\" tabindex=\"1\">pause<\/a><\/div> <div class=\"jp-gui jp-interface\"><div class=\"jp-volume\"><div class=\"jp-volume-bar\"><div class=\"jp-volume-bar-value\"><\/div><\/div><\/div><div class=\"jp-progress\"><div class=\"jp-seek-bar\"><div class=\"jp-play-bar\"><\/div><\/div><\/div><\/div>\t\t\t\t\t<div class=\"jp-no-solution\"><span>Update Required<\/span>To play the media you will need to either update your browser to a recent version or update your <a href=\"http:\/\/get.adobe.com\/flashplayer\/\" target=\"_blank\">Flash plugin<\/a>.<\/div><\/div><\/div>\n\t\t\t<script type='text\/javascript'>\n\t\t\t\tjQuery(document).ready(function() {\n\t\t\t\t\tif (typeof (sermonMedia) == 'function') {\n\t\t\t\t\t\tsermonMedia.addAudio('', \"jquery_jplayer_1\");\n\t\t\t\t\t}\n\t\t\t\t\tjQuery.jPlayer.timeFormat.showHour = true;\n\t\t\t\t\tjQuery(\"#jquery_jplayer_1\").jPlayer({\n\t\t\t\t\t\tready: function(event) {\n\t\t\t\t\t\t\tjQuery(this).jPlayer(\"setMedia\", {mp3: 'https:\/\/www.newmessage.org\/av\/standing-at-the-precipice.mp3'});\n\t\t\t\t\t\t},\n\t\t\t\t\t\tplay: function() {\n\t\t\t\t\t\t\tjQuery(this).jPlayer(\"pauseOthers\");\n\t\t\t\t\t\t},\n\t\t\t\t\t\tswfPath: ThemeData.directory_uri+\"\/swf\",\n\t\t\t\t\t\tsolution: \"html, flash\",\n\t\t\t\t\t\tpreload: \"metadata\",\n\t\t\t\t\t\twmode: \"window\",\n\t\t\t\t\t\tsupplied: \"mp3\",\n\t\t\t\t\t\tcssSelectorAncestor: '#jp_container_1'\n\t\t\t\t\t});\n\t\t\t\t});\n\t\t\t<\/script><\/p>\n<p><a title=\"Standing at the Precipice\" href=\"https:\/\/www.newmessage.org\/av\/standing-at-the-precipice.mp3\">Lade herunter<\/a> (Rechtsklick zum Herunterladen)<\/p>\n<p class=\"revelation_details\"><em><a href=\"https:\/\/www.community.newmessage.org\/standing-at-the-precipice\/\"><img loading=\"lazy\" decoding=\"async\" class=\"imgborder aligncenter wp-image-41483 size-medium\" src=\"https:\/\/www.newmessage.org\/wp-content\/uploads\/2019\/07\/TNW-06-Standing-at-the-Precipice-300x157.jpeg\" alt=\"standing at the precipice\" width=\"300\" height=\"157\" \/><\/a>Wie offenbart Gottes Boten<br \/>\nMarshall Vian Summers<br \/>\nam 10. April 2014<br \/>\nin Boulder, Colorado, USA<\/em><\/p>\n<div class=\"toggle toggle-white\"><h4 class=\"trigger \"><span class=\"t_ico\"><\/span><a href=\"#\">\u00dcber diese Aufzeichnung<\/a><\/h4><div class=\"toggle_container \"><br \/>\n<div id=\"yui_3_16_0_ym19_1_1467955126517_3327\" dir=\"ltr\"><span id=\"yui_3_16_0_ym19_1_1467955126517_3177\"><span id=\"yui_3_16_0_ym19_1_1467955126517_3178\">Was Du in dieser Audioaufzeichnung h\u00f6rst, ist die Stimme des Engelsrates, die durch den Boten Marshall Vian Summers spricht.<\/span><\/span><\/div>\n<div dir=\"ltr\"><span id=\"yui_3_16_0_ym19_1_1467955126517_3177\"><span id=\"yui_3_16_0_ym19_1_1467955126517_3178\">\u00a0<\/span><\/span><\/div>\n<div id=\"yui_3_16_0_ym19_1_1467955126517_3359\" dir=\"ltr\"><span id=\"yui_3_16_0_ym19_1_1467955126517_3177\"><span id=\"yui_3_16_0_ym19_1_1467955126517_3178\"> Hier wird die originale Mitteilung Gottes, die jenseits von Worten existiert, vom Engelsrat, der \u00fcber die Welt wacht, in menschliche Sprache und menschliches Verst\u00e4ndnis \u00fcbersetzt. Der Engelsrat bringt dann Gottes Botschaft \u00fcber den Boten dar.<br \/>\n<\/span><\/span><\/div>\n<div id=\"yui_3_16_0_ym19_1_1467955126517_3369\" dir=\"ltr\"><span id=\"yui_3_16_0_ym19_1_1467955126517_3177\"><span id=\"yui_3_16_0_ym19_1_1467955126517_3178\">\u00a0<\/span><\/span><\/div>\n<div id=\"yui_3_16_0_ym19_1_1467955126517_3370\" dir=\"ltr\"><span id=\"yui_3_16_0_ym19_1_1467955126517_3177\"><span id=\"yui_3_16_0_ym19_1_1467955126517_3178\">In diesem bemerkenswerten Prozess spricht die Stimme der Offenbarung erneut. Das Wort und der Ton sind in der Welt. Zum ersten Mal in der Geschichte ist f\u00fcr euch und f\u00fcr die Welt die Aufzeichnung der urspr\u00fcnglichen gesprochenen Offenbarung verf\u00fcgbar, um erfahren zu werden.<br \/>\n<\/span><\/span><\/div>\n<div id=\"yui_3_16_0_ym19_1_1467955126517_3436\" dir=\"ltr\"><span id=\"yui_3_16_0_ym19_1_1467955126517_3177\"><span id=\"yui_3_16_0_ym19_1_1467955126517_3178\">\u00a0<\/span><\/span><\/div>\n<div id=\"yui_3_16_0_ym19_1_1467955126517_3435\" dir=\"ltr\"><span id=\"yui_3_16_0_ym19_1_1467955126517_3177\"><span id=\"yui_3_16_0_ym19_1_1467955126517_3178\">M\u00f6gest du der  Empf\u00e4nger dieses Geschenks der Offenbarung werden und m\u00f6gest du dich \u00f6ffnen, um diese einmalige Botschaft f\u00fcr dich und f\u00fcr dein Leben zu empfangen.<\/span><\/span><\/div>\n<br \/>\n<\/div><\/div><br \/>\n<\/div>\n<div id=\"tabs-2\"><br \/>\n<em> Anmerkung an den Leser:<br \/>\nDiese \u00dcbersetzung wurde der Society von einem Sch\u00fcler der Neuen Botschaft verf\u00fcgbar gemacht, der den englischen Originaltext als Freiwilliger \u00fcbersetzt hat. Wir stellen diese \u00dcbersetzung in dieser fr\u00fchen Form zur Verf\u00fcgung, damit jeder Gelegenheit hat, sich mit einem Teil der Neuen Botschaft in seiner eigenen Sprache zu befassen.<\/em><br \/>\n<\/div>\n\t\t\t\t<div align=\"right\">\n\t\t\t<div class=\"fb-like\" data-href=\"\" data-layout=\"button_count\" data-action=\"like\" data-show-faces=\"false\" data-share=\"false\"><\/div>\n\t\t\t<div class=\"fb-share-button\" data-layout=\"button_count\"> <\/div>\n\t\t\t<div class=\"fb_iframe_widget\"><a href=\"https:\/\/twitter.com\/godsnewmessage?ref_src=twsrc%5Etfw\" class=\"twitter-follow-button\" data-show-count=\"false\">Follow @godsnewmessage<\/a><script async src=\"https:\/\/platform.twitter.com\/widgets.js\" charset=\"utf-8\"><\/script><\/div>\n\t\t\t<\/div> <\/div> \n\n<p>Ohne eine <a href=\"http:\/\/bit.ly\/2Z99FuK\">Neue Botschaft von Gott<\/a> wird der Niedergang der Welt vorhersehbar, verheerend und tragisch. Ohne eine Neue Offenbarung Gottes, um die Menschheit auf die zukommenden <a href=\"http:\/\/bit.ly\/2HG3qFE\">Gro\u00dfen Wellen des Wandels<\/a> und auf die Begegnung der Menschheit mit anderen Rassen im Universum, denen sie sich jetzt gegen\u00fcbersieht, vorzubereiten, wird der Niedergang der Menschheit vorhersehbar. Wenn nicht gen\u00fcgend Menschen die Neue Offenbarung Gottes empfangen k\u00f6nnen, wird sich dieser Niedergang fortsetzen. Es ist v\u00f6llig vermeidbar, aber die Stunde ist sp\u00e4t.<\/p>\n<p>Doch Gottes Offenbarung ist in der Welt, um die Menschheit auf diese beiden gro\u00dfen Schwellen vorzubereiten; sie wurde gegeben, um ein tieferes Bewusstsein, ein tieferes Gewissen, einen tieferen Zweck in gen\u00fcgend Menschen anzuregen, um das Blatt zu wenden, um der Menschheit die M\u00f6glichkeit zu geben, sich auf eine neue Welterfahrung vorzubereiten.<\/p>\n<p>Gott wei\u00df das nat\u00fcrlich, aber die Menschen sind unvorbereitet. Abgesehen davon, dass sie unvorbereitet sind, sind sie auch unwissend und widerwillig zu lernen\u2014da sie denken, dass sie wissen, was Realit\u00e4t ist, sich auf ihre Erfahrungen aus der Vergangenheit verlassen und nicht erkennen, dass sie an der Schwelle zu gro\u00dfem Wandel stehen.<\/p>\n<p>Die Prophezeiung der Gro\u00dfen Wellen des Wandels wurde als Teil der Neuen Offenbarung gegeben. Die Vorbereitung des Einzelnen darauf, wurde als Teil der Offenbarung gegeben. Es muss jetzt ein klares Bild von dieser zuk\u00fcnftigen Welt erzeugt werden, wenn diese Vorbereitung nicht ausreichend beachtet wird, wenn die Neue Offenbarung Gottes ignoriert oder geleugnet wird. Ihr m\u00fcsst hier verstehen, was ihr in den kommenden Zeiten sehen werdet ,was auf euch zukommt und was eure Kinder und die n\u00e4chsten Generationen in der Folge zu bew\u00e4ltigen haben werden.<\/p>\n<p>Gott spricht zur Menschheit nur in Zeiten gro\u00dfer Chancen, Zeiten gro\u00dfen Wandels, Zeiten, in denen die Geschichte der Welt ver\u00e4ndert werden kann\u2014die Saat wird in gen\u00fcgend Menschen ges\u00e4t, um gr\u00f6\u00dfere Kr\u00e4fte, gr\u00f6\u00dfere M\u00e4chte in Bewegung zu setzen, die entweder zum Guten oder zum B\u00f6sen verwendet werden k\u00f6nnen. Aber jetzt steht die Menschheit an einer Schwelle, die sie noch nie zuvor erfahren hat\u2014einer sich ver\u00e4ndernden Umwelt, einem sich ver\u00e4ndernden Klima, einer Welt der abnehmenden Ressourcen, einer Welt der wachsenden wirtschaftlichen und politischen Instabilit\u00e4t.<\/p>\n<p>Wenn die Menschheit weise w\u00e4re, h\u00e4tte sie sich seit Jahrzehnten darauf vorbereitet. Es w\u00e4re anerkannt worden. Es w\u00e4re ausreichend vorhergesehen worden und es w\u00e4ren Opfer gebracht und die Vorbereitungen l\u00e4ngst getroffen worden.<\/p>\n<p>Aber die Menschheit ist noch nicht weise. Sie versteht die Welt, in der sie lebt und die Grenzen dieser Welt nicht. Sie versteht nicht, dass sie in einer <a href=\"http:\/\/bit.ly\/2Ee9fYz\">Gr\u00f6\u00dferen Gemeinschaft<\/a> des Lebens im Universum lebt, wo Freiheit selten ist und wo solche Welten von anderen hoch gesch\u00e4tzt werden. Sie ist eine Rasse, die sich mit ihrer Vergangenheit und ihren gegenw\u00e4rtigen Schwierigkeiten und Obsessionen besch\u00e4ftigt.<\/p>\n<p>Hier werden sich diejenigen, die vorausschauend sind, die sehen und verstehen k\u00f6nnen, die die Kr\u00e4fte erkennen k\u00f6nnen, die die Welt bewegen, einsam und isoliert f\u00fchlen und unf\u00e4hig sein zu verstehen, was in diesen Zeiten, in den gro\u00dfen Zeiten der Vorbereitung, die euch geblieben sind, zu tun ist.<\/p>\n<p>Gott versteht das nat\u00fcrlich und deshalb ist die Offenbarung in der Welt. Sie wird dir alles geben, was du brauchst, wenn du reagieren kannst, wenn du dich vorbereiten kannst, wenn du dein Verst\u00e4ndnis und deine Priorit\u00e4ten ausreichend \u00e4ndern kannst, um diese Vorbereitung erfolgreich durchzuf\u00fchren. Aber du musst die Alternative verstehen, wenn du dies vernachl\u00e4ssigst, wenn du dies vermeidest. Es ist kein einfaches Bild, aber es muss verstanden werden.<\/p>\n<p>In den kommenden Jahrzehnten wird sich das Klima st\u00e4rker ver\u00e4ndern als derzeit prognostiziert. Den Nationen werden die Ressourcen ausgehen. Die Nahrungsmittelproduktion wird wegen der gro\u00dfen Umweltauswirkungen eingeschr\u00e4nkt. Regionale Kriege und Revolutionen werden ausbrechen, aber ohne eine L\u00f6sung, so dass die Nationen nicht in der Lage sein werden, selbst mit ihren aktuellen Umst\u00e4nden umzugehen, geschweige denn mit den Anforderungen der Zukunft. Religionen werden fragmentierter und gespaltener, wenn sich die Menschen bedroht f\u00fchlen und sich nur mit ihrer Gruppe\u2014ihrer ethnischen Gruppe, ihrer sozialen Gruppe, ihrer religi\u00f6sen Gruppe\u2014in Abgrenzung zu anderen, verbinden wollen, die auch angesichts gro\u00dfer Ver\u00e4nderungen und Ungewissheit polarisiert werden.<\/p>\n<p>Dies setzt eine lange Periode des Niedergangs und der Aufl\u00f6sung in Gang, da die Nationen jetzt isolierter werden, vielleicht auf der Suche nach Allianzen, aber regional isolierter und nicht bereit oder nicht in der Lage sind, einander w\u00e4hrend der bevorstehenden gro\u00dfen Herausforderungen zu unterst\u00fctzen. Eine wachsende Menschheit wird an vielen Orten mit dem Mangel an Nahrung, Wasser und Energie konfrontiert sein, die f\u00fcr die Aufrechterhaltung der Zivilisation, wie sie sie kennt, notwendig sind.<\/p>\n<p>Dies ist kein System von Problemen und konvergierenden Situationen, die nur die Technologie allein l\u00f6sen kann, denn die Technologie wird \u00fcberfordert sein. Das sind die gro\u00dfen konvergierenden Wellen des Wandels, des Wandels auf allen denkbaren Ebenen, allen auf einmal. Das ist die Verwundbarkeit, die die Menschheit \u00fcber Jahrzehnte der Vernachl\u00e4ssigung und Verantwortungslosigkeit geschaffen hat.<\/p>\n<p>Doch die Offenbarung ist in der Welt. Gott hat erneut gesprochen, zum ersten Mal seit \u00fcber tausend Jahren. Die Warnung ist erfolgt. Der Segen wurde der wirklichen Macht gegeben, die die Menschheit hat, um die vor ihr liegenden schwierigen Zeiten zu meistern und was dies bedeuten k\u00f6nnte, um die menschliche Einheit und Zusammenarbeit auf einer Ebene aufzubauen, die in dieser Welt nie zuvor gesehen wurde\u2014jetzt gebaut aus purer Notwendigkeit, jetzt gebaut aus Mitgef\u00fchl und Verantwortung, jetzt so gebaut, dass die Menschheit eine Chance hat, eine gro\u00dfe Chance, aber eine Chance, die nicht ewig bestehen wird.<\/p>\n<p>Denn in den kommenden Jahrzehnten wird sich entscheiden, mit welcher Art von Welt die Menschheit konfrontiert sein wird und ob sie in der Lage sein wird, der \u00dcberredungskunst und der Intervention des sie umgebenden Universums standzuhalten, was so oft in Zeiten wie diesen der Fall ist, in denen die Ureinwohner schwach sind und in Konflikt geraten.<\/p>\n<p>Glaube nicht, dass du zuf\u00e4llig hier bist, denn du wurdest in die Welt gesandt, um dich diesen Situationen zu stellen, um deinen notwendigen, aber kleinen Teil beizutragen. Das gilt f\u00fcr alle Menschen auf der Welt. Und obwohl die H\u00e4lfte der Menschheit so sehr von Armut und religi\u00f6ser und politischer Unterdr\u00fcckung geknechtet wird, kann sie anscheinend sehr wenig tun, ist die Berufung immer noch f\u00fcr all jene da, die in der Lage und frei genug sind, zu reagieren.<\/p>\n<p>Wenn die Situation nicht so schlimm w\u00e4re, dann m\u00fcsste Gott nicht erneut sprechen. Die Menschheit h\u00e4tte Zeit und Ressourcen, um die Situation zu verstehen und sich entsprechend vorzubereiten. Aber ihr habt diese Schwelle vor einiger Zeit \u00fcberschritten\u2014unbewusst, unwissentlich\u2014und jetzt wird es ein Rennen bis zum Ende sein, das Rennen um die Rettung der menschlichen Zivilisation.<\/p>\n<p>Wenn eure Lebensumwelt unbewohnbar wird, w\u00e4re alles verloren. Dies ist eine Folge der Nutzung der Welt durch die Menschheit, ihres Versuchs, die Natur zu dominieren und sie ihrem Willen und ihren Zielen zu unterwerfen. Es ist kein Fluch von Gott. Es ist ein Produkt des Fehlens von Visionen, Verantwortung und Zusammenarbeit hier auf der Erde.<\/p>\n<p>Deshalb spricht Gott nicht mit Verurteilung, sondern mit Macht und Verhei\u00dfung. Denn die Stunde ist sp\u00e4t und die Menschheit darf nicht fahrl\u00e4ssig sein. Sie darf nicht t\u00f6richt sein. Sie darf angesichts solch gr\u00f6\u00dferer Kr\u00e4fte des Wandels nicht selbstzerst\u00f6rerisch sein.<\/p>\n<p>Wenn du den Mut und die Demut h\u00e4ttest, dem, was unmittelbar kommt, ins Auge zu sehen, w\u00fcrdest du sehen, dass Gott erneut sprechen muss. Denn die Religionen der Welt wurden f\u00fcr die Bew\u00e4ltigung dieser gro\u00dfen Schwellen nicht gegr\u00fcndet. Und sie sind so gespalten untereinander und sogar in sich selbst, dass sie die Menschheit nie voranbringen k\u00f6nnen. Ihre Rezepte waren f\u00fcr die Antike, eine Welt, die wirklich nicht mehr existiert. Und obwohl ihre Weisheit gro\u00df ist und ihre Ethik wichtig ist, muss Gott erneut sprechen, sonst wird die Menschheit sicherlich scheitern.<\/p>\n<p>Die Offenbarung wird das, was weise ist, im Einzelnen, gen\u00fcgend Individuen wiederherstellen, die dann in der Lage sein werden, ihren Einfluss in der Welt auszu\u00fcben und die <a href=\"http:\/\/bit.ly\/2HG3qFE\">Gro\u00dfen Wellen des Wandels<\/a> zu bew\u00e4ltigen und zu \u00fcberleben und eine gr\u00f6\u00dfere Zukunft jenseits der kommenden Schwellen aufzubauen.<\/p>\n<p>Es ist eine gro\u00dfe Herausforderung, die die Menschheit jetzt vereint, nicht geringer als das. Es sind gro\u00dfe Konsequenzen, gro\u00dfe Zeiten, die die Menschen aus der Selbstbesessenheit und dem Elend heraus zu h\u00f6heren Ebenen des Dienstes in der Welt f\u00fchren werden.<\/p>\n<p>Denn jeder von euch wurde in die Welt gesandt, um in diesen Zeiten zu leben und der Beitrag, den ihr zu leisten habt, ist jetzt in euch, aber er existiert jenseits des Bereichs des Intellekts. Er muss von einer Gr\u00f6\u00dferen Macht\u2014der gr\u00f6\u00dferen Macht in euch und der Gr\u00f6\u00dferen Macht au\u00dferhalb von euch herausgerufen werden.<\/p>\n<p>Dies ist die Zeit der Offenbarung. Dies ist die gro\u00dfe Zeit der Entscheidung. Dies ist eine gro\u00dfartige Zeit, in der die Menschheit die Art von Zukunft w\u00e4hlen muss, die sie will und dabei die gro\u00dfen Risiken, denen sie heute ausgesetzt ist, voll und ganz verstehen muss.<\/p>\n<p>Ihr d\u00fcrft in diesen Zeiten nicht unt\u00e4tig sein. Ihr d\u00fcrft nicht zwiesp\u00e4ltig sein, sonst wird euch die Realit\u00e4t \u00fcberw\u00e4ltigen und euer Leben mit gro\u00dfem Ungl\u00fcck erf\u00fcllen.<\/p>\n<p><a href=\"http:\/\/bit.ly\/2ZUSw4D\">Der Bote<\/a> ist in der Welt, aber er bleibt unerkannt und unbekannt. Er tut alles, was er kann, um die Botschaft zu verk\u00fcnden, um zu den Menschen zu sprechen, aber sie m\u00fcssen die Augen haben, um zu sehen und die Ohren, um zu h\u00f6ren, sonst bleiben sie taub und blind und k\u00f6nnen nicht reagieren.<\/p>\n<p>Gott bringt jetzt der menschlichen Familie nicht nur eine Verbesserung, nicht nur eine neue Botschaft der Hoffnung und Inspiration, sondern genau das, was die menschliche Familie selbst retten wird\u2014vor dem Zusammenbruch innerhalb dieser Welt und vor der Unterwerfung durch Kr\u00e4fte von au\u00dferhalb. Es sind nur schreckliche Umst\u00e4nde, die eine solche Offenbarung in die Welt bringen w\u00fcrden. Und du stehst in dieser Zeit vor solchen Umst\u00e4nden.<\/p>\n<p>Aber warte nicht darauf, dass der starke Regen f\u00e4llt oder auf die gro\u00dfe D\u00fcrre oder den gro\u00dfen Sturm, um dich davon zu \u00fcberzeugen, dass du zu einer solchen Zeit lebst, denn wer die Augen offen h\u00e4lt, kann am Horizont die gro\u00dfen St\u00fcrme sehen, die sich dort bilden. Er kann die Stimme der Kenntnis in sich selbst h\u00f6ren, den tieferen Verstand, den Gott in die Menschen gelegt hat, um sie zu f\u00fchren, zu sch\u00fctzen und zu einem gr\u00f6\u00dferen Leben des Dienstes und der Erf\u00fcllung in einer Welt in gro\u00dfem Wandel zu f\u00fchren lassen.<\/p>\n<p>Um die Antwort zu sehen, musst du die Notwendigkeit erkennen. Es ist schockierend. Es wird zun\u00e4chst schwierig sein, sich dem zu stellen. Du wirst dich hilflos und hoffnungslos f\u00fchlen. Aber Gottes Neue Offenbarung ist in der Welt und Gott hat dich mit der Macht gesandt, zu reagieren und die darauf wartet, in dir entdeckt zu werden.<\/p>\n<p>Ihr m\u00fcsst euch dann dem Schock der Zukunft stellen, denn ihr steht am Abgrund, um die Art der Zukunft zu bestimmen, wie sie wirklich sein wird. Ohne eine gro\u00dfe Zusammenarbeit zwischen den Nationen wird die Menschheit jetzt in einen Kreislauf endloser Konflikte dar\u00fcber geraten, wer Zugang zu den verbleibenden Ressourcen hat. Diese Konflikte werden verzweifelt und weitaus destruktiver sein als alles, was ihr bisher gesehen habt.<\/p>\n<p>Es muss gro\u00dfes Mitgef\u00fchl, gro\u00dfe Akzeptanz, gro\u00dfe Toleranz gegen\u00fcber anderen V\u00f6lkern geben. Denn du wirst dir in dieser Situation nicht nur selbst helfen. Du wirst aufgerufen sein, anderen zu helfen, deren Bed\u00fcrfnisse tiefgr\u00fcndig und \u00fcberw\u00e4ltigend sind. Es ist eine Zeit der gro\u00dfen Zusammenarbeit. Es ist eine Zeit des gro\u00dfen Dienstes.<\/p>\n<p>Die Menschen versuchen immer noch, gl\u00fccklich zu sein und das zu haben, was sie \u00fcber die Erf\u00fcllung ihrer Grundbed\u00fcrfnisse hinaus, wollen. Aber es gibt eine gr\u00f6\u00dfere Berufung f\u00fcr sie und f\u00fcr dich. Die Welt gibt diese Berufung jetzt. Denke nicht an deine Zukunft in Bezug auf das, was dich gl\u00fccklich machen oder eine angenehme Berufung sein w\u00fcrde, sondern auf das, was die Welt braucht, was du bieten k\u00f6nntest, wie deine Talente, was auch immer sie sein m\u00f6gen, den Menschen wirklich dienen k\u00f6nnen.<\/p>\n<p>Das wird dein Leben ver\u00e4ndern. Dies wird deine Beziehung zu dir selbst ver\u00e4ndern\u2014wie du \u00fcber dich selbst und andere denkst. Es wird alles in der Art und Weise ver\u00e4ndern, wie du dein Leben siehst\u2014seinen Wert und seinen Sinn. Denn so wird Gott dich wiederherstellen, durch Vorbereitung und dann gro\u00dfen Dienst an anderen\u2014er wird deinen weltlichen Verstand durch Dienst an dem tieferen Verstand in dir wiederherstellen, der Kenntnis genannt wird.<\/p>\n<p>Diejenigen, die die Augen haben zu sehen, werden sehen und sie werden Unsere Worte h\u00f6ren und sie tief ins Herz schlie\u00dfen. Andere werden sie vergessen oder ablehnen, weil sie denken, dass dies zu radikal, zu herausfordernd, zu unm\u00f6glich ist, weil sie denken, dass das Leben nicht wirklich so sein kann. Betet f\u00fcr sie, denn sie sind schwach und k\u00f6nnen noch nicht reagieren.<\/p>\n<p>Es sind diejenigen, die reagieren k\u00f6nnen, die den Unterschied ausmachen werden, aber sie m\u00fcssen umfassend reagieren. Das ist keine zuf\u00e4llige Verpflichtung. Das sind nicht wenige einfache Dinge, die zu tun sind. Dies ist etwas, das den Verlauf deines Lebens ver\u00e4ndern wird, aber es ist so viel besser, dass du den Verlauf deines Lebens \u00e4nderst, statt dass deine Umst\u00e4nde dich \u00fcberw\u00e4ltigen und dein Leben au\u00dferhalb deiner Kontrolle ver\u00e4ndern.<\/p>\n<p>Dies ist die Weisheit, die aus der gro\u00dfen Liebe des Sch\u00f6pfers kommt, denn Gott liebt die Menschheit und will nicht, dass die menschliche Familie zerf\u00e4llt und aus Gr\u00fcnden, die sie noch nicht sieht, versagt. Das ist die Belastbarkeit und die Dauerhaftigkeit der Liebe Gottes, die jetzt einer ganzen Welt erteilt wird, um sie vor dem Scheitern und Zusammenbruch zu retten und sie darauf vorzubereiten, sich mit einem Universum voller intelligenten Lebens zu besch\u00e4ftigen, von dem die Menschheit \u00fcberhaupt nichts wei\u00df.<\/p>\n<p>Nur eine Neue Botschaft von Gott k\u00f6nnte dies bereitstellen, denn nur Gott kennt die Natur deines Herzens und deiner Seele. Nur Gott wei\u00df, wie das Leben im Universum \u00fcberall aussieht. Nur Gott k\u00f6nnte dich auf den bevorstehenden Weg\u2014emotional, mental und praktisch\u2014vorbereiten.<\/p>\n<p>Nur wenn du zur Offenbarung kommst, wirst du dies sehen, wovon Wir heute hier sprechen. Du musst diesen Ansatz verfolgen. Gott will dich und dein Leben retten, aber du musst dich n\u00e4hern.<\/p>\n<p>Der Segen liegt jetzt auf der Welt, denn Gott hat erneut gesprochen. Der Welt wurde eine gro\u00dfe Vorbereitung gegeben, eine gro\u00dfe Inspiration und das Fundament f\u00fcr eine echte Zusammenarbeit zwischen V\u00f6lkern und Nationen\u2014geboren aus der Notwendigkeit, geboren aus der Realit\u00e4t, geboren aus der Wahrheit, warum ihr wirklich auf der Welt seid und wozu ihr hier seid, um \u00fcber eure eigenen pers\u00f6nlichen Interessen und Bed\u00fcrfnisse hinaus zu dienen.<\/p>\n","protected":false},"excerpt":{"rendered":"<p>Ohne eine Neue Botschaft von Gott wird der Niedergang der Welt vorhersehbar, verheerend und tragisch. Ohne eine Neue Offenbarung Gottes, um die Menschheit auf die zukommenden Gro\u00dfen Wellen des Wandels und auf die Begegnung der Menschheit mit anderen Rassen im Universum, denen sie sich jetzt gegen\u00fcbersieht, vorzubereiten, wird der Niedergang der Menschheit vorhersehbar. Wenn nicht gen\u00fcgend Menschen die Neue Offenbarung Gottes empfangen k\u00f6nnen, wird sich dieser Niedergang fortsetzen. Es ist v\u00f6llig vermeidbar, aber die Stunde ist sp\u00e4t.<\/p>\n<p>Doch Gottes Offenbarung ist in der Welt, um die Menschheit auf diese beiden gro\u00dfen Schwellen vorzubereiten; sie wurde gegeben, um ein tieferes Bewusstsein, ein tieferes Gewissen, einen tieferen Zweck in gen\u00fcgend Menschen anzuregen, um das Blatt zu wenden, um der Menschheit die M\u00f6glichkeit zu geben, sich auf eine neue Welterfahrung vorzubereiten.<\/p>\n<p>Gott wei\u00df das nat\u00fcrlich, aber die Menschen sind unvorbereitet. Abgesehen davon, dass sie unvorbereitet sind, sind sie auch unwissend und widerwillig zu lernen\u2014da sie denken, dass sie wissen, was Realit\u00e4t ist, sich auf ihre Erfahrungen aus der Vergangenheit verlassen und nicht erkennen, dass sie an der Schwelle zu gro\u00dfem Wandel stehen.<\/p>\n<p>Die Prophezeiung der Gro\u00dfen Wellen des Wandels wurde als Teil der Neuen Offenbarung gegeben. Die Vorbereitung des Einzelnen darauf, wurde als Teil der Offenbarung gegeben. Es muss jetzt ein klares Bild von dieser zuk\u00fcnftigen Welt erzeugt werden, wenn diese Vorbereitung nicht ausreichend beachtet wird, wenn die Neue Offenbarung Gottes ignoriert oder geleugnet wird. Ihr m\u00fcsst hier verstehen, was ihr in den kommenden Zeiten sehen werdet ,was auf euch zukommt und was eure Kinder und die n\u00e4chsten Generationen in der Folge zu bew\u00e4ltigen haben werden.<\/p>\n","protected":false},"author":22,"featured_media":0,"parent":16482,"menu_order":0,"comment_status":"closed","ping_status":"closed","template":"template-leftsidebar.php","meta":{"_monsterinsights_skip_tracking":false,"_monsterinsights_sitenote_active":false,"_monsterinsights_sitenote_note":"","_monsterinsights_sitenote_category":0,"footnotes":""},"categories":[76,463,460],"tags":[1141,685,599],"_links":{"self":[{"href":"https:\/\/www.v6.newmessage.org\/de\/wp-json\/wp\/v2\/pages\/28873"}],"collection":[{"href":"https:\/\/www.v6.newmessage.org\/de\/wp-json\/wp\/v2\/pages"}],"about":[{"href":"https:\/\/www.v6.newmessage.org\/de\/wp-json\/wp\/v2\/types\/page"}],"author":[{"embeddable":true,"href":"https:\/\/www.v6.newmessage.org\/de\/wp-json\/wp\/v2\/users\/22"}],"replies":[{"embeddable":true,"href":"https:\/\/www.v6.newmessage.org\/de\/wp-json\/wp\/v2\/comments?post=28873"}],"version-history":[{"count":1,"href":"https:\/\/www.v6.newmessage.org\/de\/wp-json\/wp\/v2\/pages\/28873\/revisions"}],"predecessor-version":[{"id":28874,"href":"https:\/\/www.v6.newmessage.org\/de\/wp-json\/wp\/v2\/pages\/28873\/revisions\/28874"}],"up":[{"embeddable":true,"href":"https:\/\/www.v6.newmessage.org\/de\/wp-json\/wp\/v2\/pages\/16482"}],"wp:attachment":[{"href":"https:\/\/www.v6.newmessage.org\/de\/wp-json\/wp\/v2\/media?parent=28873"}],"wp:term":[{"taxonomy":"category","embeddable":true,"href":"https:\/\/www.v6.newmessage.org\/de\/wp-json\/wp\/v2\/categories?post=28873"},{"taxonomy":"post_tag","embeddable":true,"href":"https:\/\/www.v6.newmessage.org\/de\/wp-json\/wp\/v2\/tags?post=28873"}],"curies":[{"name":"wp","href":"https:\/\/api.w.org\/{rel}","templated":true}]}}