{"id":28789,"date":"2019-07-08T01:43:34","date_gmt":"2019-07-08T01:43:34","guid":{"rendered":"https:\/\/www.newmessage.org\/de\/?page_id=28789"},"modified":"2019-08-20T00:33:03","modified_gmt":"2019-08-20T00:33:03","slug":"du-bist-hier-zu-einem-hoheren-zweck","status":"publish","type":"page","link":"https:\/\/www.v6.newmessage.org\/de\/die-botschaft\/band-1\/das-neue-leben\/du-bist-hier-zu-einem-hoheren-zweck\/","title":{"rendered":"Du bist hier zu einem H\u00f6heren Zweck"},"content":{"rendered":"<div><!-- Version 3.2 Verse --><\/div>\n\n<div class=\"tabgroup \"><ul class=\"tabs\"><li><a href=\"#tabs-1\">H\u00f6re<\/a><\/li>\n<li><a href=\"#tabs-2\"> Anmerkung<\/a><\/li><\/ul>\n <div id=\"tabs-1\"><\/p>\n<p>H\u00f6re die Stimme der Offenbarung:<\/p>\n<div id=\"jquery_jplayer_1\" class=\"jp-jplayer\"><\/div>\n\t\t\t\t<div id=\"jp_container_1\" class=\"jp-audio\">\n\t\t\t\t<div class=\"jp-type-single\"><div class=\"jp-control\"><a href=\"javascript:;\" class=\"jp-play\" tabindex=\"1\">play<\/a><a href=\"javascript:;\" class=\"jp-pause\" tabindex=\"1\">pause<\/a><\/div> <div class=\"jp-gui jp-interface\"><div class=\"jp-volume\"><div class=\"jp-volume-bar\"><div class=\"jp-volume-bar-value\"><\/div><\/div><\/div><div class=\"jp-progress\"><div class=\"jp-seek-bar\"><div class=\"jp-play-bar\"><\/div><\/div><\/div><\/div>\t\t\t\t\t<div class=\"jp-no-solution\"><span>Update Required<\/span>To play the media you will need to either update your browser to a recent version or update your <a href=\"http:\/\/get.adobe.com\/flashplayer\/\" target=\"_blank\">Flash plugin<\/a>.<\/div><\/div><\/div>\n\t\t\t<script type='text\/javascript'>\n\t\t\t\tjQuery(document).ready(function() {\n\t\t\t\t\tif (typeof (sermonMedia) == 'function') {\n\t\t\t\t\t\tsermonMedia.addAudio('', \"jquery_jplayer_1\");\n\t\t\t\t\t}\n\t\t\t\t\tjQuery.jPlayer.timeFormat.showHour = true;\n\t\t\t\t\tjQuery(\"#jquery_jplayer_1\").jPlayer({\n\t\t\t\t\t\tready: function(event) {\n\t\t\t\t\t\t\tjQuery(this).jPlayer(\"setMedia\", {mp3: 'https:\/\/newmessage.org\/av\/you-are-here-for-a-greater-purpose.mp3'});\n\t\t\t\t\t\t},\n\t\t\t\t\t\tplay: function() {\n\t\t\t\t\t\t\tjQuery(this).jPlayer(\"pauseOthers\");\n\t\t\t\t\t\t},\n\t\t\t\t\t\tswfPath: ThemeData.directory_uri+\"\/swf\",\n\t\t\t\t\t\tsolution: \"html, flash\",\n\t\t\t\t\t\tpreload: \"metadata\",\n\t\t\t\t\t\twmode: \"window\",\n\t\t\t\t\t\tsupplied: \"mp3\",\n\t\t\t\t\t\tcssSelectorAncestor: '#jp_container_1'\n\t\t\t\t\t});\n\t\t\t\t});\n\t\t\t<\/script><\/p>\n<p><a title=\"The Great Truth\" href=\"https:\/\/www.newmessage.org\/wp-content\/uploads\/2019\/04\/JNL-14-You-are-Here-for-a-Greater-Purpose.jpeg\"><img loading=\"lazy\" decoding=\"async\" class=\"imgborder aligncenter wp-image-39167 size-medium\" src=\"https:\/\/www.newmessage.org\/wp-content\/uploads\/2019\/04\/JNL-14-You-are-Here-for-a-Greater-Purpose-300x157.jpeg\" alt=\"You Are Here To Make a Unique Contribution\" width=\"300\" height=\"157\" \/><\/a><\/p>\n<p><a title=\"The Great Truth\" href=\"https:\/\/newmessage.org\/av\/you-are-here-for-a-greater-purpose.mp3\">Lade herunter<\/a> (Rechtsklick zum Herunterladen)<\/p>\n<p class=\"revelation_details\"><em> Wie offenbart Gottes Boten<br \/>\nMarshall Vian Summers<br \/>\nam 18. August 2008<br \/>\nin Boulder, Colorado, USA<\/em><\/p>\n<div class=\"toggle toggle-white\"><h4 class=\"trigger \"><span class=\"t_ico\"><\/span><a href=\"#\">\u00dcber diese Aufzeichnung<\/a><\/h4><div class=\"toggle_container \"><br \/>\n<div id=\"yui_3_16_0_ym19_1_1467955126517_3327\" dir=\"ltr\"><span id=\"yui_3_16_0_ym19_1_1467955126517_3177\"><span id=\"yui_3_16_0_ym19_1_1467955126517_3178\">Was Du in dieser Audioaufzeichnung h\u00f6rst, ist die Stimme des Engelsrates, die durch den Boten Marshall Vian Summers spricht.<\/span><\/span><\/div>\n<div dir=\"ltr\"><span id=\"yui_3_16_0_ym19_1_1467955126517_3177\"><span id=\"yui_3_16_0_ym19_1_1467955126517_3178\">\u00a0<\/span><\/span><\/div>\n<div id=\"yui_3_16_0_ym19_1_1467955126517_3359\" dir=\"ltr\"><span id=\"yui_3_16_0_ym19_1_1467955126517_3177\"><span id=\"yui_3_16_0_ym19_1_1467955126517_3178\"> Hier wird die originale Mitteilung Gottes, die jenseits von Worten existiert, vom Engelsrat, der \u00fcber die Welt wacht, in menschliche Sprache und menschliches Verst\u00e4ndnis \u00fcbersetzt. Der Engelsrat bringt dann Gottes Botschaft \u00fcber den Boten dar.<br \/>\n<\/span><\/span><\/div>\n<div id=\"yui_3_16_0_ym19_1_1467955126517_3369\" dir=\"ltr\"><span id=\"yui_3_16_0_ym19_1_1467955126517_3177\"><span id=\"yui_3_16_0_ym19_1_1467955126517_3178\">\u00a0<\/span><\/span><\/div>\n<div id=\"yui_3_16_0_ym19_1_1467955126517_3370\" dir=\"ltr\"><span id=\"yui_3_16_0_ym19_1_1467955126517_3177\"><span id=\"yui_3_16_0_ym19_1_1467955126517_3178\">In diesem bemerkenswerten Prozess spricht die Stimme der Offenbarung erneut. Das Wort und der Ton sind in der Welt. Zum ersten Mal in der Geschichte ist f\u00fcr euch und f\u00fcr die Welt die Aufzeichnung der urspr\u00fcnglichen gesprochenen Offenbarung verf\u00fcgbar, um erfahren zu werden.<br \/>\n<\/span><\/span><\/div>\n<div id=\"yui_3_16_0_ym19_1_1467955126517_3436\" dir=\"ltr\"><span id=\"yui_3_16_0_ym19_1_1467955126517_3177\"><span id=\"yui_3_16_0_ym19_1_1467955126517_3178\">\u00a0<\/span><\/span><\/div>\n<div id=\"yui_3_16_0_ym19_1_1467955126517_3435\" dir=\"ltr\"><span id=\"yui_3_16_0_ym19_1_1467955126517_3177\"><span id=\"yui_3_16_0_ym19_1_1467955126517_3178\">M\u00f6gest du der  Empf\u00e4nger dieses Geschenks der Offenbarung werden und m\u00f6gest du dich \u00f6ffnen, um diese einmalige Botschaft f\u00fcr dich und f\u00fcr dein Leben zu empfangen.<\/span><\/span><\/div>\n<br \/>\n<\/div><\/div><br \/>\n<\/div>\n<div id=\"tabs-2\"><br \/>\n<em> Anmerkung an den Leser:<br \/>\nDiese \u00dcbersetzung wurde der Society von einem Sch\u00fcler der Neuen Botschaft verf\u00fcgbar gemacht, der den englischen Originaltext als Freiwilliger \u00fcbersetzt hat. Wir stellen diese \u00dcbersetzung in dieser fr\u00fchen Form zur Verf\u00fcgung, damit jeder Gelegenheit hat, sich mit einem Teil der Neuen Botschaft in seiner eigenen Sprache zu befassen.<\/em><br \/>\n<\/div>\n\t\t\t\t<div align=\"right\">\n\t\t\t<div class=\"fb-like\" data-href=\"\" data-layout=\"button_count\" data-action=\"like\" data-show-faces=\"false\" data-share=\"false\"><\/div>\n\t\t\t<div class=\"fb-share-button\" data-layout=\"button_count\"> <\/div>\n\t\t\t<div class=\"fb_iframe_widget\"><a href=\"https:\/\/twitter.com\/godsnewmessage?ref_src=twsrc%5Etfw\" class=\"twitter-follow-button\" data-show-count=\"false\">Follow @godsnewmessage<\/a><script async src=\"https:\/\/platform.twitter.com\/widgets.js\" charset=\"utf-8\"><\/script><\/div>\n\t\t\t<\/div> <\/div> \n\n<p>Du wurdest in die Welt gesandt, um einen einzigartigen Beitrag an einer Welt in Not zu leisten. Du bist zu einer Zeit gro\u00dfen Wandels und Schwierigkeiten f\u00fcr die menschliche Familie gekommen, einer Zeit, in der die Menschheit mit den <a href=\"http:\/\/bit.ly\/2HG3qFE\">Gro\u00dfen Wellen des Wandels<\/a> konfrontieren wird, die auf die Welt zukommen und die sich in dieser Zeit alle verdichten.<\/p>\n<p>Du bist zu einer Zeit gekommen, in der die Menschheit auf Rassen jenseits der Welt trifft, die hier sind, um eine schwache und geteilte Menschheit auszunutzen. Du bist hier, um dich einem Satz von Umst\u00e4nden zu stellen und um damit umzugehen, die deine Vorfahren nie zuvor in Betracht ziehen mussten.<\/p>\n<p>Du bist mit einer gr\u00f6\u00dferen Kenntnis und einer gr\u00f6\u00dferen Macht gekommen, die Gott in dich gelegt hat, um zu dieser Zeit entdeckt zu werden, um zu dieser Zeit\u2014zu dieser gro\u00dfen Zeit der Unsicherheit und des Umbruchs hervorzutreten.<\/p>\n<p>W\u00e4hrend du einen pers\u00f6nlichen Verstand hast, der von der Welt konditioniert wurde, der voller Hoffnungen und \u00c4ngste, Urteile und \u00dcberlegungen ist, hast du eine tiefere Intelligenz in dir, die Gott dort in dich gelegt hat. Diese Intelligenz wird Kenntnis genannt.<\/p>\n<p>Sie denkt nicht wie dein pers\u00f6nlicher Verstand. Sie urteilt nicht. Sie ist nicht willk\u00fcrlich. Sie vergleicht und grenzt nicht ab. Sie verwendet keine Vernunft und Logik, denn sie ist viel m\u00e4chtiger als das. Die Menschen erfahren sie in einem Blitzlicht der Intuition, aber sie selbst ist gr\u00f6\u00dfer als die Intuition.<\/p>\n<p>Gott wusste, dass du die Macht der Kenntnis ben\u00f6tigen w\u00fcrdest, um in der Welt zu sein, besonders in dieser Zeit. Und jeder auf der Welt hat diese Kenntnis in sich, die darauf wartet, entdeckt zu werden. Aber es ist eine Entdeckung, die nur sehr wenige gemacht haben. Und es ist in diesen schwierigen Zeiten wichtig, dass viele Menschen diese Entdeckung machen, dass du diese Entdeckung machst.<\/p>\n<p>Du tr\u00e4gst, ohne es zu wissen, eine gro\u00dfe St\u00e4rke. Unabh\u00e4ngig davon, was dich besch\u00e4ftigt, mit welchen Problemen oder Anliegen du dich in diesem Moment besch\u00e4ftigst, wurdest du in die Welt gesandt, um einen einzigartigen Beitrag zu leisten. Du wei\u00dft noch nicht, was das ist, aber du hast Hinweise. Denn im Laufe deines Lebens gab es Anhaltspunkte und Zeichen und vielleicht ein wachsendes Gef\u00fchl, dass du wegen etwas Wichtigem hier bist, aber du hast noch nicht erkannt, was es ist.<\/p>\n<p>Die Erkenntnis dessen, was es ist, wird kommen, w\u00e4hrend du die Schritte in Richtung Kenntnis gehst, wenn du dich wieder mit dieser tieferen Intelligenz in dir verbindest, die Gott geschaffen hat, die den Kern deiner Spiritualit\u00e4t und deiner permanenten und wahren Natur darstellt.<\/p>\n<p>Sie ist dort, ob du religi\u00f6s bist oder nicht, ob du einer Glaubenstradition folgst oder nicht\u2014unabh\u00e4ngig aus welchem Land du kommst, unabh\u00e4ngig aus welcher Kultur, Familie oder Gemeinde du kommst, unabh\u00e4ngig davon, welche wirtschaftliche Stellung du hast, du tr\u00e4gst die Macht der Kenntnis in dir selbst und sie wartet darauf, entdeckt zu werden.<\/p>\n<p>Diese Kenntnis wird heute in der Welt gebraucht, denn die Menschheit braucht eine gr\u00f6\u00dfere St\u00e4rke und eine gr\u00f6\u00dfere Verpflichtung, um in den kommenden schwierigen Zeiten zurechtzukommen. Die Menschheit braucht eine tiefere Inspiration, um die tiefe Besorgnis und Angst und Feindseligkeit zu \u00fcberwinden, die in diesen unruhigen Zeiten auftauchen werden.<\/p>\n<p>Gott hat dir diese St\u00e4rke gegeben, die Wahrheit jenseits aller Erscheinungen zu sehen und zu erkennen. Aber um dies zu tun, musst du \u00fcber deine Urteile und deine Verurteilung hinwegkommen. Du musst deine Vermeidung und Leugnung aufgeben und einer sich ver\u00e4ndernden Welt mit so viel Mut und Objektivit\u00e4t wie m\u00f6glich entgegentreten.<\/p>\n<p>Dein Leben ist wichtiger, als du ahnst. Und die Zeit, in der du lebst, ist entscheidender, als dir vielleicht bewusst ist. Weiche nicht davor zur\u00fcck oder du wirst vor deiner wahren Natur und deinem wahren Zweck, hier zu sein, zur\u00fcckweichen.<\/p>\n<p>Es ist kein Zufall, dass du zu diesem Zeitpunkt gekommen bist\u2014zu einer Zeit zunehmender Turbulenzen und Unsicherheiten; zu einer Zeit, in der die Menschheit gro\u00dfe Schwierigkeiten in ihrer Umwelt, in der Politik und in der Religion begegnen wird; in einer Zeit, in der sie gro\u00dfe Schwierigkeiten haben wird, die grundlegenden Ressourcen zu sichern, die notwendig sind, damit die Menschen ein stabiles und sicheres Leben f\u00fchren k\u00f6nnen.<\/p>\n<p>Jenseits deiner politischen Ansichten und Einstellungen liegt die F\u00e4higkeit, klar zu sehen. Aber du musst deine Sicht freimachen. Du musst deine Vorstellungen und Annahmen beiseite legen, um diese Klarheit zu haben und mit dieser St\u00e4rke zu sehen.<\/p>\n<p>Kenntnis in dir wird offenbaren, was du sehen, wissen und tun musst. Sie wird dich davon abhalten, Fehler zu machen und dein Leben an Menschen, Dinge oder Orte wegzugeben, die keinen wirklichen Zweck oder Sinn f\u00fcr dein Leben haben. Und sie wird dich ermutigen, jene Personen zu finden, die deine tiefere Natur erkennen k\u00f6nnen und die ein Teil deines H\u00f6heren Zwecks in der Welt sein werden.<\/p>\n<p>Deine Aufgabe ist es jetzt, die Macht und die Pr\u00e4senz der Kenntnis in deinem Leben zu entdecken und zu beginnen, der Welt mit Klarheit und N\u00fcchternheit, St\u00e4rke und Mut zu begegnen. Du wei\u00dft nicht, was du hier genau tun sollst, aber du wei\u00dft, dass du hier bist, um etwas Wichtiges zu tun. Und das ist genug, um dich zum n\u00e4chsten Schritt zu f\u00fchren, der deinem Leben mehr Klarheit und Freiheit gibt.<\/p>\n<p>Dies ist eine mysteri\u00f6se Reise. Du kannst sie nicht begreifen. Der Weg wird dir Schritt f\u00fcr Schritt gezeigt, w\u00e4hrend du fortschreitest, w\u00e4hrend du mehr St\u00e4rke, Mut und Selbstvertrauen zeigst.<\/p>\n<p>Du kannst an dir selbst zweifeln, aber sobald du Kenntnis in dir selbst erf\u00e4hrst, wirst du sehen, dass sie deines Vertrauens und deiner Hingabe w\u00fcrdig ist. Sie ist jenseits deiner Pers\u00f6nlichkeit. Sie ist eine Macht, die du mit allen anderen teilst, die zu dieser Zeit hierher gekommen sind. Und Kenntnis ist hier, um einen Beitrag in einer Welt in Not zu leisten und dich auf der tiefsten Ebene zu erf\u00fcllen.<\/p>\n<p>Dies ist die Macht und die Pr\u00e4senz, die du in dir tr\u00e4gst. Und die Botschaft wurde von Gott in die Welt gesandt, um diese Macht und diese Pr\u00e4senz zu offenbaren und die <a href=\"http:\/\/bit.ly\/2CuMpLr\">Schritte zur Kenntnis<\/a> bereitzustellen, damit du deine wahre St\u00e4rke, deinen wahren Zweck und deine wahre Richtung mit so wenig Zeitverlust wie m\u00f6glich finden und entdecken kannst.<\/p>\n<p>Das ist der gro\u00dfe Segen und die gro\u00dfe Gabe Gottes. Sie erwartet dich in dir selbst und jenseits von dir selbst. Du wirst damit in Resonanz treten, sobald du sie siehst und sie kennst und sie erf\u00e4hrst, weil sie die tiefste Wahrheit deines Lebens darstellt.<\/p>\n","protected":false},"excerpt":{"rendered":"<p>Du wurdest in die Welt gesandt, um einen einzigartigen Beitrag an einer Welt in Not zu leisten. Du bist zu einer Zeit gro\u00dfen Wandels und Schwierigkeiten f\u00fcr die menschliche Familie gekommen, einer Zeit, in der die Menschheit mit den Gro\u00dfen Wellen des Wandels konfrontieren wird, die auf die Welt zukommen und die sich in dieser Zeit alle verdichten.<\/p>\n<p>Du bist zu einer Zeit gekommen, in der die Menschheit auf Rassen jenseits der Welt trifft, die hier sind, um eine schwache und geteilte Menschheit auszunutzen. Du bist hier, um dich einem Satz von Umst\u00e4nden zu stellen und um damit umzugehen, die deine Vorfahren nie zuvor in Betracht ziehen mussten.<\/p>\n<p>Du bist mit einer gr\u00f6\u00dferen Kenntnis und einer gr\u00f6\u00dferen Macht gekommen, die Gott in dich gelegt hat, um zu dieser Zeit entdeckt zu werden, um zu dieser Zeit\u2014zu dieser gro\u00dfen Zeit der Unsicherheit und des Umbruchs hervorzutreten.<\/p>\n<p>W\u00e4hrend du einen pers\u00f6nlichen Verstand hast, der von der Welt konditioniert wurde, der voller Hoffnungen und \u00c4ngste, Urteile und \u00dcberlegungen ist, hast du eine tiefere Intelligenz in dir, die Gott dort in dich gelegt hat. Diese Intelligenz wird Kenntnis genannt.<\/p>\n<p>Sie denkt nicht wie dein pers\u00f6nlicher Verstand. Sie urteilt nicht. Sie ist nicht willk\u00fcrlich. Sie vergleicht und grenzt nicht ab. Sie verwendet keine Vernunft und Logik, denn sie ist viel m\u00e4chtiger als das. Die Menschen erfahren sie in einem Blitzlicht der Intuition, aber sie selbst ist gr\u00f6\u00dfer als die Intuition.<\/p>\n","protected":false},"author":62,"featured_media":0,"parent":27026,"menu_order":0,"comment_status":"closed","ping_status":"closed","template":"template-leftsidebar.php","meta":{"_monsterinsights_skip_tracking":false,"_monsterinsights_sitenote_active":false,"_monsterinsights_sitenote_note":"","_monsterinsights_sitenote_category":0,"footnotes":""},"categories":[76,462,460],"tags":[699,1128,700,1129],"_links":{"self":[{"href":"https:\/\/www.v6.newmessage.org\/de\/wp-json\/wp\/v2\/pages\/28789"}],"collection":[{"href":"https:\/\/www.v6.newmessage.org\/de\/wp-json\/wp\/v2\/pages"}],"about":[{"href":"https:\/\/www.v6.newmessage.org\/de\/wp-json\/wp\/v2\/types\/page"}],"author":[{"embeddable":true,"href":"https:\/\/www.v6.newmessage.org\/de\/wp-json\/wp\/v2\/users\/62"}],"replies":[{"embeddable":true,"href":"https:\/\/www.v6.newmessage.org\/de\/wp-json\/wp\/v2\/comments?post=28789"}],"version-history":[{"count":5,"href":"https:\/\/www.v6.newmessage.org\/de\/wp-json\/wp\/v2\/pages\/28789\/revisions"}],"predecessor-version":[{"id":28799,"href":"https:\/\/www.v6.newmessage.org\/de\/wp-json\/wp\/v2\/pages\/28789\/revisions\/28799"}],"up":[{"embeddable":true,"href":"https:\/\/www.v6.newmessage.org\/de\/wp-json\/wp\/v2\/pages\/27026"}],"wp:attachment":[{"href":"https:\/\/www.v6.newmessage.org\/de\/wp-json\/wp\/v2\/media?parent=28789"}],"wp:term":[{"taxonomy":"category","embeddable":true,"href":"https:\/\/www.v6.newmessage.org\/de\/wp-json\/wp\/v2\/categories?post=28789"},{"taxonomy":"post_tag","embeddable":true,"href":"https:\/\/www.v6.newmessage.org\/de\/wp-json\/wp\/v2\/tags?post=28789"}],"curies":[{"name":"wp","href":"https:\/\/api.w.org\/{rel}","templated":true}]}}