{"id":28682,"date":"2019-04-29T19:00:40","date_gmt":"2019-04-29T19:00:40","guid":{"rendered":"https:\/\/www.newmessage.org\/de\/?page_id=28682"},"modified":"2019-08-20T05:16:07","modified_gmt":"2019-08-20T05:16:07","slug":"die-revolution","status":"publish","type":"page","link":"https:\/\/www.v6.newmessage.org\/de\/die-botschaft\/band-1\/das-neue-leben\/die-revolution\/","title":{"rendered":"Die Revolution"},"content":{"rendered":"<div><!-- Version 3.2 Verse --><\/div>\n\n<div class=\"tabgroup \"><ul class=\"tabs\"><li><a href=\"#tabs-1\">H\u00f6re<\/a><\/li>\n<li><a href=\"#tabs-2\"> Anmerkung<\/a><\/li><\/ul>\n <div id=\"tabs-1\"><\/p>\n<p>H\u00f6re die Stimme der Offenbarung:<\/p>\n<div id=\"jquery_jplayer_1\" class=\"jp-jplayer\"><\/div>\n\t\t\t\t<div id=\"jp_container_1\" class=\"jp-audio\">\n\t\t\t\t<div class=\"jp-type-single\"><div class=\"jp-control\"><a href=\"javascript:;\" class=\"jp-play\" tabindex=\"1\">play<\/a><a href=\"javascript:;\" class=\"jp-pause\" tabindex=\"1\">pause<\/a><\/div> <div class=\"jp-gui jp-interface\"><div class=\"jp-volume\"><div class=\"jp-volume-bar\"><div class=\"jp-volume-bar-value\"><\/div><\/div><\/div><div class=\"jp-progress\"><div class=\"jp-seek-bar\"><div class=\"jp-play-bar\"><\/div><\/div><\/div><\/div>\t\t\t\t\t<div class=\"jp-no-solution\"><span>Update Required<\/span>To play the media you will need to either update your browser to a recent version or update your <a href=\"http:\/\/get.adobe.com\/flashplayer\/\" target=\"_blank\">Flash plugin<\/a>.<\/div><\/div><\/div>\n\t\t\t<script type='text\/javascript'>\n\t\t\t\tjQuery(document).ready(function() {\n\t\t\t\t\tif (typeof (sermonMedia) == 'function') {\n\t\t\t\t\t\tsermonMedia.addAudio('', \"jquery_jplayer_1\");\n\t\t\t\t\t}\n\t\t\t\t\tjQuery.jPlayer.timeFormat.showHour = true;\n\t\t\t\t\tjQuery(\"#jquery_jplayer_1\").jPlayer({\n\t\t\t\t\t\tready: function(event) {\n\t\t\t\t\t\t\tjQuery(this).jPlayer(\"setMedia\", {mp3: 'https:\/\/newmessage.org\/av\/the-revolution.mp3'});\n\t\t\t\t\t\t},\n\t\t\t\t\t\tplay: function() {\n\t\t\t\t\t\t\tjQuery(this).jPlayer(\"pauseOthers\");\n\t\t\t\t\t\t},\n\t\t\t\t\t\tswfPath: ThemeData.directory_uri+\"\/swf\",\n\t\t\t\t\t\tsolution: \"html, flash\",\n\t\t\t\t\t\tpreload: \"metadata\",\n\t\t\t\t\t\twmode: \"window\",\n\t\t\t\t\t\tsupplied: \"mp3\",\n\t\t\t\t\t\tcssSelectorAncestor: '#jp_container_1'\n\t\t\t\t\t});\n\t\t\t\t});\n\t\t\t<\/script><br \/>\n<a title=\"The Revolution\" href=\"https:\/\/newmessage.org\/av\/the-revolution.mp3\">Lade herunter<\/a> (Rechtsklick zum Herunterladen)<\/p>\n<p><a title=\"The Revolution\" href=\"https:\/\/www.newmessage.org\/wp-content\/uploads\/2019\/04\/JNL-4-the-Revolution.jpeg\"><img loading=\"lazy\" decoding=\"async\" class=\"imgborder aligncenter wp-image-39157 size-medium\" src=\"https:\/\/www.newmessage.org\/wp-content\/uploads\/2019\/04\/JNL-4-the-Revolution-300x157.jpeg\" alt=\"A Spiritual Revolution Within\" width=\"300\" height=\"157\" \/><\/a><\/p>\n<p class=\"revelation_details\"><em> Wie offenbart Gottes Boten<br \/>\nMarshall Vian Summers<br \/>\nam 24. Mai 2011 \u2013<br \/>\nin Boulder, Colorado, USA<\/em><\/p>\n<div class=\"toggle toggle-white\"><h4 class=\"trigger \"><span class=\"t_ico\"><\/span><a href=\"#\">\u00dcber diese Aufzeichnung<\/a><\/h4><div class=\"toggle_container \"><br \/>\n<div id=\"yui_3_16_0_ym19_1_1467955126517_3327\" dir=\"ltr\"><span id=\"yui_3_16_0_ym19_1_1467955126517_3177\"><span id=\"yui_3_16_0_ym19_1_1467955126517_3178\">Was Du in dieser Audioaufzeichnung h\u00f6rst, ist die Stimme des Engelsrates, die durch den Boten Marshall Vian Summers spricht.<\/span><\/span><\/div>\n<div dir=\"ltr\"><span id=\"yui_3_16_0_ym19_1_1467955126517_3177\"><span id=\"yui_3_16_0_ym19_1_1467955126517_3178\">\u00a0<\/span><\/span><\/div>\n<div id=\"yui_3_16_0_ym19_1_1467955126517_3359\" dir=\"ltr\"><span id=\"yui_3_16_0_ym19_1_1467955126517_3177\"><span id=\"yui_3_16_0_ym19_1_1467955126517_3178\"> Hier wird die originale Mitteilung Gottes, die jenseits von Worten existiert, vom Engelsrat, der \u00fcber die Welt wacht, in menschliche Sprache und menschliches Verst\u00e4ndnis \u00fcbersetzt. Der Engelsrat bringt dann Gottes Botschaft \u00fcber den Boten dar.<br \/>\n<\/span><\/span><\/div>\n<div id=\"yui_3_16_0_ym19_1_1467955126517_3369\" dir=\"ltr\"><span id=\"yui_3_16_0_ym19_1_1467955126517_3177\"><span id=\"yui_3_16_0_ym19_1_1467955126517_3178\">\u00a0<\/span><\/span><\/div>\n<div id=\"yui_3_16_0_ym19_1_1467955126517_3370\" dir=\"ltr\"><span id=\"yui_3_16_0_ym19_1_1467955126517_3177\"><span id=\"yui_3_16_0_ym19_1_1467955126517_3178\">In diesem bemerkenswerten Prozess spricht die Stimme der Offenbarung erneut. Das Wort und der Ton sind in der Welt. Zum ersten Mal in der Geschichte ist f\u00fcr euch und f\u00fcr die Welt die Aufzeichnung der urspr\u00fcnglichen gesprochenen Offenbarung verf\u00fcgbar, um erfahren zu werden.<br \/>\n<\/span><\/span><\/div>\n<div id=\"yui_3_16_0_ym19_1_1467955126517_3436\" dir=\"ltr\"><span id=\"yui_3_16_0_ym19_1_1467955126517_3177\"><span id=\"yui_3_16_0_ym19_1_1467955126517_3178\">\u00a0<\/span><\/span><\/div>\n<div id=\"yui_3_16_0_ym19_1_1467955126517_3435\" dir=\"ltr\"><span id=\"yui_3_16_0_ym19_1_1467955126517_3177\"><span id=\"yui_3_16_0_ym19_1_1467955126517_3178\">M\u00f6gest du der  Empf\u00e4nger dieses Geschenks der Offenbarung werden und m\u00f6gest du dich \u00f6ffnen, um diese einmalige Botschaft f\u00fcr dich und f\u00fcr dein Leben zu empfangen.<\/span><\/span><\/div>\n<br \/>\n<\/div><\/div><br \/>\n<\/div>\n<div id=\"tabs-2\"><br \/>\n<em> Anmerkung an den Leser:<br \/>\nDiese \u00dcbersetzung wurde der Society von einem Sch\u00fcler der Neuen Botschaft verf\u00fcgbar gemacht, der den englischen Originaltext als Freiwilliger \u00fcbersetzt hat. Wir stellen diese \u00dcbersetzung in dieser fr\u00fchen Form zur Verf\u00fcgung, damit jeder Gelegenheit hat, sich mit einem Teil der Neuen Botschaft in seiner eigenen Sprache zu befassen.<\/em><br \/>\n<\/div>\n\t\t\t\t<div align=\"right\">\n\t\t\t<div class=\"fb-like\" data-href=\"\" data-layout=\"button_count\" data-action=\"like\" data-show-faces=\"false\" data-share=\"false\"><\/div>\n\t\t\t<div class=\"fb-share-button\" data-layout=\"button_count\"> <\/div>\n\t\t\t<div class=\"fb_iframe_widget\"><a href=\"https:\/\/twitter.com\/godsnewmessage?ref_src=twsrc%5Etfw\" class=\"twitter-follow-button\" data-show-count=\"false\">Follow @godsnewmessage<\/a><script async src=\"https:\/\/platform.twitter.com\/widgets.js\" charset=\"utf-8\"><\/script><\/div>\n\t\t\t<\/div> <\/div> \n\n<p>Du wurdest mit zwei Verstandesformen geboren, dem Verstand, den Gott erschaffen hat, und dem Verstand, der von der Welt geformt und konditioniert wurde, deinem weltlichen Verstand. In diesem Moment hast du diese beiden Verstandesformen.<\/p>\n<p>Mit dem weltlichen Verstand bist du wahrscheinlich sehr vertraut, da er dich fast zu hundert Prozent beherrscht. Das bedeutet nicht, dass du dir seiner oder all seiner Gedanken und Impulse voll bewusst bist, denn die Menschen haben gro\u00dfe Angst, bestimmte Teile ihres weltlichen Verstandes zu erleben\u2014die dunklen und \u00e4ngstlichen Teile, die gef\u00e4hrlichen Teile, die mysteri\u00f6sen Teile.<\/p>\n<p>Die Menschen sind st\u00e4ndig bestrebt, in die Zukunft zu gehen, zum Teil, um vor ihrer aktuellen Erfahrung davonzulaufen, und deshalb k\u00f6nnen die meisten Menschen nicht f\u00fcnf Minuten lang still sitzen. Sie haben Angst vor ihrem eigenen Verstand, dem weltlichen Verstand.<\/p>\n<p>Doch es gibt einen tieferen Verstand in dir, den Verstand, den Wir Kenntnis nennen. Er repr\u00e4sentiert den Teil von dir, der Gott nie verlassen hat. Er ist nicht religi\u00f6s, denn wenn man mit Gott verbunden ist, gibt es keine Notwendigkeit f\u00fcr Religion. Religion macht keinen Sinn. Es gibt nur die Realit\u00e4t. Aber das ist eine tiefere und gr\u00f6\u00dfere Realit\u00e4t als die Realit\u00e4t, die du in deinem weltlichen Verstand erlebst.<\/p>\n<p>Du hast also diese beiden Verstandesformen. Sie sind so unterschiedlich. Einer ist viel m\u00e4chtiger als der andere. Der Zweck jeder spirituellen Praxis ist es, dich zum tieferen Verstand zu bringen. Es geht nicht nur darum, an Gott oder an die Propheten, oder an die eigenen \u00dcberzeugungen und religi\u00f6sen Prinzipien zu glauben.<\/p>\n<p>Der wahre Zweck der spirituellen Praxis ist es, dich in den tieferen Verstand zu bringen, deinen weltlichen Verstand mit dem tieferen Verstand zu verbinden. Denn der tiefere Verstand kann deinem weltlichen Verstand nicht dienen, und dein weltlicher Verstand muss dem tieferen Verstand dienen.<\/p>\n<p>Nur hier findest du wahre Integrit\u00e4t. Nur hier bist du ganz du selbst. Nur hier findest du deine gr\u00f6\u00dfere St\u00e4rke, deinen H\u00f6heren Zweck und deine gr\u00f6\u00dfere Bestimmung. Nur auf dieser Ebene kannst du wirklich Beziehungen erkennen und wissen, mit wem du zusammen sein musst und wie du mit ihnen umgehen musst, unabh\u00e4ngig von anderen Reizen oder Verlockungen. Es gibt keinen gr\u00f6\u00dferen Wert oder Lohn in der Welt oder in irgendeiner Welt im Universum als sich wieder mit dem tieferen Verstand zu verbinden.<\/p>\n<p>Dieser tiefere Verstand ruft nach dir. Er hat die Anziehungskraft des G\u00f6ttlichen. Es ist der Ort, an dem du dich mit dem G\u00f6ttlichen verbindest. Hier, auf einer tieferen Ebene, kommuniziert Gottes Wille mit dir, nicht in Worten, sondern in Impulsen\u2014jenseits des Reiches der f\u00fcnf Sinne, jenseits des Reiches des Intellekts, jenseits des Reiches der Vorstellungen und Ideologien.<\/p>\n<p>Das ist die gro\u00dfe Anziehungskraft. Aber die Menschen haben Angst, und so bleiben sie voll ausgef\u00fcllt und besch\u00e4ftigt. Sie bleiben von den Dingen der Au\u00dfenwelt besessen und verfolgen eine ganze Reihe von Dingen, von denen die meisten nie erf\u00fcllt werden k\u00f6nnen\u2014voller Angst, voller Ehrgeiz, voller Klagen, voller Fantasie. Das ist es, was deinen weltlichen Verstand dominiert.<\/p>\n<p>Die Arbeit wird hier nicht nur n\u00fctzlich und wichtig, sondern auch obsessiv und ablenkend. Denn wenn du f\u00fcnf Minuten lang nicht mit dir selbst sein kannst, wie kannst du dann wirklich mit jemandem zusammen sein? Wie kannst du mit irgendetwas zurechtkommen? Wie kannst du kreativ sein? Wie kannst du einsichtig sein? Wie kannst du reflektieren und dir deiner Fehler bewusst sein?<\/p>\n<p>Die Menschen wissen, dass sie schwach und fehlbar sind, aber sie versuchen, ihre \u00dcberzeugungen als ein Zeichen der St\u00e4rke, als ein gro\u00dfes Zeichen der St\u00e4rke zu bekr\u00e4ftigen. Der feste Glaube, der engagierte Gl\u00e4ubige, ist wie ein Betonblock\u2014reaktionslos, tot, unbeweglich, unempfindlich, unverbunden, defensiv, wertend. Dies ist der pers\u00f6nliche Verstand in einem Zustand des R\u00fcckzugs und der Erstarrung. Er ist ein Gef\u00e4ngnis ohne Mauern, aber so fest, dass er von nichts bewegt werden kann.<\/p>\n<p>Du bist an Dinge gebunden, die du nicht einmal sehen kannst, an Angst gefesselt\u2014die Angst, falsch zu liegen, die Angst, verloren zu sein, die Angst, einen Fehler in deinem Leben gemacht zu haben und sich diesem zu stellen, die Angst, dein Leben zu verschwenden und sich diesem stellen zu m\u00fcssen.<\/p>\n<p>Was ist Stolz au\u00dfer der Angst, sich als etwas anderes zu verkleiden? Was ist Selbstsicherheit, au\u00dfer die Unsicherheit, die sich als etwas anderes ausgibt?<\/p>\n<p>Sobald du anf\u00e4ngst, auf deine tiefere Natur, auf den gr\u00f6\u00dferen Verstand in dir zu reagieren, beginnt eine Revolution\u2014eine Revolution, bei der die bestehenden und fr\u00fcheren M\u00e4chte allm\u00e4hlich und sogar durch Zeiten des Kampfes, [durch] etwas viel St\u00e4rkeres, Realeres und Bedeutungsvolleres, \u00fcber Bord geworfen werden.<\/p>\n<p>Ideologien werden \u00fcber Bord geworfen. Ehemalige Assoziationen werden \u00fcber Bord geworfen. Die Selbstverleugnung wird \u00fcber Bord geworfen. Die G\u00f6tter deines fr\u00fcheren Lebens erweisen sich als falsch und schwach und werden mit der Zeit \u00fcber Bord geworfen. Deine religi\u00f6sen Prinzipien erweisen sich als zu beschr\u00e4nkt und k\u00f6nnen nicht mit dem Mysterium deines Lebens in Kontakt treten, und selbst sie k\u00f6nnen \u00fcber Bord geworfen werden. Selbst Dinge, die f\u00fcr dich n\u00fctzlich waren und dich zur Revolution brachten, erweisen sich jetzt als unn\u00f6tig. Du kannst dich nicht auf sie verlassen.<\/p>\n<p>Die Menschen kommen zur <a href=\"http:\/\/bit.ly\/2Z99FuK\">Neuen Offenbarung Gottes<\/a> oder sogar zu den fr\u00fcheren Offenbarungen Gottes und suchen Frieden und Trost, aber wenn sie es wirklich mit ihrer Verpflichtung ernst meinen, dann beginnt eine Art Revolution, die nicht sehr friedlich, nicht sehr beruhigend ist. Auf dem Weg zum Himmel bricht die H\u00f6lle aus.<\/p>\n<p>Die Wahrheit ist in dir, aber du musst durch den Verstand gehen, um dorthin zu gelangen. Und der Verstand ist voll von vielen Dingen\u2014Dingen, derer du dir noch nicht einmal bewusst bist, D\u00e4monen deiner eigenen Sch\u00f6pfung, D\u00e4monen der Sch\u00f6pfung anderer Menschen\u2014alles Phantome der Nacht. Sie wirken so beeindruckend, dass man Angst hat, sich ihnen zu n\u00e4hern. Aber sie sind nur Phantome.<\/p>\n<p>W\u00e4hrend des Prozesses, die <a href=\"http:\/\/bit.ly\/2CuMpLr\">Schritte zur Kenntnis<\/a> zu gehen, hast du wunderbare Momente der Ruhe und Anerkennung, und du hast andere Zeiten, in denen du wirklich k\u00e4mpfst, du k\u00e4mpfst, weil du etwas anderes w\u00e4hlen musst als das, woran du fr\u00fcher geglaubt hast.<\/p>\n<p>Du siehst das Ergebnis einer Beziehung, bevor du sie beginnst, und du musst das akzeptieren. Du beginnst, die Wahrheit in den Dingen zu sehen, und das steht im Widerspruch zu dem, was du dir von ihnen erhoffst. Du f\u00e4ngst an zu sehen, dass deine fr\u00fcheren Ziele nicht wirklich mit deiner gr\u00f6\u00dferen Bestimmung im Einklang stehen, und deshalb musst du die St\u00e4rke haben, sie aufzugeben. Du f\u00fchlst dich berufen, an bestimmte Orte zu gehen, und du musst die St\u00e4rke und die Freiheit haben, an diese Orte zu gehen. Du musst die Ketten der Verpflichtung gegen\u00fcber bestimmten Menschen und Situationen durchbrechen, die nicht Teil deines gr\u00f6\u00dferen Lebens sind. Du musst die St\u00e4rke haben, das zu tun.<\/p>\n<p>Diese St\u00e4rke, diese Freiheit, diese Entschlossenheit, diese Ehrlichkeit gegen\u00fcber dir selbst kommen alle aus der Kenntnis, denn die Kenntnis ist frei. Kenntnis ist aufrichtig. Kenntnis ist bestimmt. Kenntnis ist m\u00e4chtig.<\/p>\n<p>Sie steht so sehr im Gegensatz zu deinem weltlichen Verstand, der in Wahrheit keine dieser Eigenschaften hat. Er ist schwach. Er ist verwirrt. Er ist erb\u00e4rmlich. Er winselt um Gnade. Er ist selbstverurteilend und verurteilt andere. Er ist schwach. Er ist rachs\u00fcchtig. Er ist zwanghaft.<\/p>\n<p>In Wirklichkeit ist dein weltlicher Verstand dazu bestimmt, der Kenntnis zu dienen. Hier werden seine gr\u00f6\u00dferen St\u00e4rken und Kompetenzen und F\u00e4higkeiten wirklich genutzt, und er wird erl\u00f6st und erh\u00e4lt einen H\u00f6heren Zweck und wird besser in dein Leben integriert.<\/p>\n<p>Doch bevor dies geschehen kann, muss es eine Revolution geben\u2014eine spirituelle Revolution, eine Revolution gegen Vorstellungen und Verpflichtungen, gegen Angst, gegen Schuld, gegen Besessenheit, gegen Beschwerden\u2014eine Revolution, die dich befreit, das zu finden, was dich zu sich ruft und auf dich so lange gewartet hat.<\/p>\n<p>Hier stellst du fest, dass mit Kenntnis zu sein ganz anders ist als in deinen Gedanken verloren zu sein, und du findest, dass Menschen nicht f\u00fcr sich selbst oder einander da sind, weil sie in ihren Gedanken verloren sind. Hier findest du, dass die Wahrheit wie die Sonne ist, und die Gedanken wie die Wolken sind, die sie verdunkeln. Hier stellst du fest, dass Kenntnis stark und dauerhaft ist\u2014sie \u00e4ndert sich nicht t\u00e4glich\u2014und dass dies im Gegensatz zu deinem weltlichen Verstand steht, der sich, obwohl er Sicherheit und Selbstsicherheit verk\u00fcndet, immer in einem Zustand des Wandels und der Verwirrung befindet.<\/p>\n<p>Das, was in dir schwach ist, muss dem, was stark ist, dienen. Kenntnis kann und wird deinem weltlichen Verstand nicht dienen. Sie ist viel m\u00e4chtiger als dein weltlicher Verstand. Sie hat keine Angst vor der Welt. Sie hat keine Angst vor dem Tod. Sie hat keine Angst vor Verlust. Kannst du behaupten, diese Furchtlosigkeit f\u00fcr dich selbst zu haben? Das kannst du in aller Aufrichtigkeit nicht.<\/p>\n<p>Das Schwache wird erl\u00f6st, indem es dem Starken dient. Der Teil deines Verstandes, der schwach ist, wird erl\u00f6st, indem er dem Teil von dir dient, der stark ist. Der K\u00f6rper ist schwach, aber er wird erneuert und gest\u00e4rkt, indem er etwas Gr\u00f6\u00dferem dient.<\/p>\n<p>Gott verurteilt dich nicht. Gott ist nicht an deiner Pathologie, deinen Obsessionen oder Ablenkungen interessiert. Gott ruft dich nur auf, durch die Pr\u00e4senz der Kenntnis in dir selbst und die Pr\u00e4senz der Kenntnis in jenen, denen du begegnen k\u00f6nntest, welche stark genug ist, um durch deine Verwirrung und deine Sorgen hindurch tats\u00e4chlich deine Aufmerksamkeit zu erlangen. In diesen Augenblicken haben die Menschen inspirierende Momente, Momente der Vorahnung, Momente der Anerkennung, Momente der Erkenntnis, Momente der Einsicht, Momente der Gewissheit.<\/p>\n<p>Die Neue Offenbarung Gottes hat die Schritte zur Kenntnis bereitgestellt, und es gibt viele davon. Ein Teil ihres Zwecks liegt darin, deinen weltlichen Verstand so auszurichten, dass er in Harmonie mit deinem tieferen Verstand denkt, so dass die Revolution m\u00fcheloser sein kann, und der \u00dcbergang glatter und reibungsloser wird.<\/p>\n<p>Sie [die Schritte zur Kenntnis] bieten einen Kontrast zwischen dem Zustand der Kenntnis und deinem weltlichen Verstandeszustand, so dass du deinen weltlichen Zustand objektiver, mitf\u00fchlender, g\u00fctiger und mit mehr Akzeptanz betrachten kannst. Denn Kenntnis verurteilt dich nicht. Sie ruft nur nach dir. Und die Anziehungskraft des G\u00f6ttlichen ist so stark, sobald du anf\u00e4ngst, sie zu f\u00fchlen, sie anzunehmen und sie in deiner Erfahrung geschehen zu lassen.<\/p>\n<p>Aber in Zeiten des Kampfes wird es so aussehen, als ob du mit dir selbst im Krieg stehst. Es tobt ein gro\u00dfer Kampf dar\u00fcber, wer die Vorherrschaft haben wird\u2014dein pers\u00f6nlicher Verstand, der sich widersetzt und versucht, sich wieder in seinen Romanzen, seinen Bestrebungen, seinen Errungenschaften, seiner zwanghaften Arbeitsethik, seiner religi\u00f6sen Ideologie, seinen politischen Kampagnen zu verlieren, all das zieht dich weg, weg, weg\u2014weg von der Anziehungskraft und der Pr\u00e4senz der Kenntnis in dir.<\/p>\n<p>W\u00e4hrend du fortf\u00e4hrst und weiser wirst, wirst du in der Lage sein, den Kampf zu erkennen und begreifen, dass er Teil des Lernprozesses ist, denn alles Lernen erfordert das Verlernen. Alles Lernen erfordert die \u00dcberwindung fr\u00fcherer Auffassungen, \u00dcberzeugungen, Annahmen und Vorstellungen. Alles wirkliche Lernen ist das \u00dcberdenken, Neubewerten und Anwenden dessen, was du in deinem Leben wei\u00dft. Hier zu lernen bedeutet nicht nur, Pr\u00fcfungen zu bestehen oder Dinge wie sie im Moment gefordert sind, zu rezitieren. Das ist echtes Lernen\u2014rein, m\u00e4chtig, erl\u00f6send, konstruktiv und stark.<\/p>\n<p>Jede echte Lernsituation ist wie eine Revolution. Sie verlangt von dir, dass du pr\u00e4senter bist, dass du aufpasst, dass du aus deinem Traumzustand aufwachst, dass du das \u00fcberwindest, was dein Leben vorher beherrscht hat\u2014die falschen Machthaber der \u00dcberzeugungen, Ideologien, Obsessionen, \u00c4ngste und Fantasien.<\/p>\n<p>Du siehst in der Welt um dich herum Revolutionen gegen repressive Herrscher, wenn die Menschen die Beschr\u00e4nkungen, die Korruption und die Brutalit\u00e4t, die ihr Leben und ihre Bedingungen \u00fcberwachen, nicht mehr ertragen k\u00f6nnen, und sie sind bereit alles zu riskieren, um eine Ver\u00e4nderung zu erm\u00f6glichen.<\/p>\n<p>Du, der du bereits mit Dingen lebst, von denen du wei\u00dft, dass du sie tun solltest, aber nicht machst, musst diesen Punkt in dir selbst erreichen, an dem es kein Zur\u00fcck mehr gibt, in dem du die bedr\u00fcckende Natur deines Denkens nicht mehr aushalten kannst. Du kannst nicht l\u00e4nger ertragen, wie du mit den Menschen umgehst oder wie du mit dir selbst umgehst und so beginnt die Revolution.<\/p>\n<p>Aber die Revolution muss ein echtes Ziel haben. Sie muss Freiheit zu etwas sein und nicht nur Freiheit von etwas. Und hier gibt dir die Offenbarung ein sehr klares Ziel. Deshalb erl\u00f6st dich Kenntnis, weil sie dein Ziel ist.<\/p>\n<p>Der Verstand arbeitet in Harmonie, wenn er etwas Gr\u00f6\u00dferem dient. Aber was er dient, muss echt, n\u00fctzlich und authentisch sein. Es muss gr\u00f6\u00dfer sein. Es muss echt sein. Deine Revolution kann nicht einfach darin bestehen, eine fr\u00fchere Macht zu st\u00fcrzen. Es muss darum gehen, einen neuen Seinszustand zu schaffen.<\/p>\n<p>Du kannst dein \u00e4u\u00dferes Leben endlos ver\u00e4ndern, reisen, immer wieder neue Erfahrungen machen. Aber Wir sprechen \u00fcber die Revolution im Inneren\u2014die Angelegenheit, der sich die Menschen nicht stellen werden, die Angelegenheit, um die sich die Menschen nicht k\u00fcmmern werden, die Angelegenheit, die die Menschen vermeiden werden, indem sie endlos das suchen, was sie zuvor so oft im Stich gelassen hat.<\/p>\n<p>Die wirkliche Revolution wird nicht durch Klagen und Wut ausgel\u00f6st werden, sondern wirklich durch eine tiefere Berufung, die keine Wut kennt, die keinen Kummer hat. Das ist es, was die Revolution im Inneren ausl\u00f6st. Denn was gn\u00e4dig und m\u00e4chtig ist, steht im deutlichen Gegensatz zu dem, was es nicht ist. Und du kannst sie nicht beides haben. Das eine muss f\u00fchren. Das andere muss folgen. Die Kenntnis wird nicht folgen. Sie wird dann nur schwinden, wenn sie nicht geehrt und anerkannt wird.<\/p>\n<p>Deshalb sind deine Alternativen sehr begrenzt, und das ist gut so, denn das gibt dir einen klaren Weg ohne Unklarheiten und minimiert das Risiko von Missverst\u00e4ndnissen und Fehleinsch\u00e4tzungen.<\/p>\n<p>Dies wird in allen Religionen gelehrt, aber die Religionen wurden ver\u00e4ndert, \u00fcberlagert von Ritual und Zeremonie, Ideologie und Interpretation. Es w\u00fcrde einen weisen Lehrer in jeder von ihnen erfordern, um dich auf diesen reinen Weg zu bringen.<\/p>\n<p>Gottes Neue Offenbarung ist von all diesen Dingen unbelastet. Sie stellt die Schritte zur Kenntnis sehr anschaulich dar. Sie ist eine neue Hoffnung f\u00fcr eine angeschlagene und verfallende Menschheit.<\/p>\n<p>Akzeptiere die Revolution. Sei nur auf diese Weise ein Revolution\u00e4r. Erlaube der Revolution, von etwas Gro\u00dfem, M\u00e4chtigem und G\u00fctigem angeregt zu werden. Erlebe selbst, wie du es erf\u00e4hrst. Lasse es geschehen. Akzeptiere es. Bewege dich weiter vorw\u00e4rts. Erkenne, dass der Wandel nicht friedlich ist. Er ist anspruchsvoll und unsicher. Er kann in gelegentlichen Situationen sehr unangenehm sein. Akzeptiere dies und gehe vorw\u00e4rts.<\/p>\n<p>Du musst diesen Berg besteigen, damit du sehen kannst. Halte nicht lange f\u00fcr irgendjemanden oder irgendetwas an, sonst wird der Kampf vorbei sein. Dein Weg wird reibungsloser sein. Es wird Probleme geben. Es werden Fragen auftauchen. Es wird Versuchungen aus der Welt geben. Es wird alte Gewohnheiten geben, die wieder auftauchen k\u00f6nnen, aber sobald du mit Kenntnis stark wirst, kann dich wirklich nichts mehr von alldem zur\u00fcckhalten.<\/p>\n<p>Du hast eine gr\u00f6\u00dfere Berufung in der Welt. Du musst dich vorbereiten, bevor du wissen kannst, was das ist. Du musst eine Revolution durchmachen, bevor du in der Lage bist, eine gr\u00f6\u00dfere Verantwortung und ein gr\u00f6\u00dferes Bewusstsein im Leben zu \u00fcbernehmen. Du musst in Kenntnis verankert sein, damit du den Mut, die Klarheit und die Selbstaufrichtigkeit hast, eine gr\u00f6\u00dfere Rolle und einen gr\u00f6\u00dferen Dienst in der Welt zu \u00fcbernehmen.<\/p>\n<p>Unter den alten Machthabern ist dies nicht m\u00f6glich. Und so muss es eine Revolution geben, eine Revolution im Inneren, eine Revolution in deinem Denken und in deiner Beziehung zu anderen und zur ganzen Welt.<\/p>\n","protected":false},"excerpt":{"rendered":"<p>Du wurdest mit zwei Verstandesformen geboren, dem Verstand, den Gott erschaffen hat, und dem Verstand, der von der Welt geformt und konditioniert wurde, deinem weltlichen Verstand. In diesem Moment hast du diese beiden Verstandesformen. Mit dem weltlichen Verstand bist du wahrscheinlich sehr vertraut, da er dich fast zu hundert Prozent beherrscht. Das bedeutet nicht, dass\u2026 <a class=\"read-more\" href=\"https:\/\/www.v6.newmessage.org\/de\/about-recording-shortcode\/\"><span>Read More<\/span><\/a><\/p>\n","protected":false},"author":62,"featured_media":0,"parent":27026,"menu_order":0,"comment_status":"closed","ping_status":"closed","template":"template-leftsidebar.php","meta":{"_monsterinsights_skip_tracking":false,"_monsterinsights_sitenote_active":false,"_monsterinsights_sitenote_note":"","_monsterinsights_sitenote_category":0,"footnotes":""},"categories":[76,462,460],"tags":[699,1115,700],"_links":{"self":[{"href":"https:\/\/www.v6.newmessage.org\/de\/wp-json\/wp\/v2\/pages\/28682"}],"collection":[{"href":"https:\/\/www.v6.newmessage.org\/de\/wp-json\/wp\/v2\/pages"}],"about":[{"href":"https:\/\/www.v6.newmessage.org\/de\/wp-json\/wp\/v2\/types\/page"}],"author":[{"embeddable":true,"href":"https:\/\/www.v6.newmessage.org\/de\/wp-json\/wp\/v2\/users\/62"}],"replies":[{"embeddable":true,"href":"https:\/\/www.v6.newmessage.org\/de\/wp-json\/wp\/v2\/comments?post=28682"}],"version-history":[{"count":3,"href":"https:\/\/www.v6.newmessage.org\/de\/wp-json\/wp\/v2\/pages\/28682\/revisions"}],"predecessor-version":[{"id":28813,"href":"https:\/\/www.v6.newmessage.org\/de\/wp-json\/wp\/v2\/pages\/28682\/revisions\/28813"}],"up":[{"embeddable":true,"href":"https:\/\/www.v6.newmessage.org\/de\/wp-json\/wp\/v2\/pages\/27026"}],"wp:attachment":[{"href":"https:\/\/www.v6.newmessage.org\/de\/wp-json\/wp\/v2\/media?parent=28682"}],"wp:term":[{"taxonomy":"category","embeddable":true,"href":"https:\/\/www.v6.newmessage.org\/de\/wp-json\/wp\/v2\/categories?post=28682"},{"taxonomy":"post_tag","embeddable":true,"href":"https:\/\/www.v6.newmessage.org\/de\/wp-json\/wp\/v2\/tags?post=28682"}],"curies":[{"name":"wp","href":"https:\/\/api.w.org\/{rel}","templated":true}]}}