{"id":28608,"date":"2018-08-18T05:20:17","date_gmt":"2018-08-18T05:20:17","guid":{"rendered":"https:\/\/www.newmessage.org\/de\/?page_id=28608"},"modified":"2019-03-26T09:24:02","modified_gmt":"2019-03-26T09:24:02","slug":"die-tiefe-vereinigung-mit-gott","status":"publish","type":"page","link":"https:\/\/www.v6.newmessage.org\/de\/die-botschaft\/weitere-offenbarungen\/die-tiefe-vereinigung-mit-gott\/","title":{"rendered":"Die tiefe Vereinigung mit Gott"},"content":{"rendered":"<div><!-- Version 6.0--><\/div>\n<div class=\"tabgroup \"><ul class=\"tabs\"><li><a href=\"#tabs-1\">H\u00f6re<\/a><\/li>\n<li><a href=\"#tabs-2\"> Anmerkung<\/a><\/li><\/ul>\n <div id=\"tabs-1\"><br \/>\nH\u00f6re die Stimme der Offenbarung:<\/p>\n\t\t\t\t<div id=\"jquery_jplayer_1\" class=\"jp-jplayer\"><\/div>\n\t\t\t\t<div id=\"jp_container_1\" class=\"jp-audio\">\n\t\t\t\t<div class=\"jp-type-single\"><div class=\"jp-control\"><a href=\"javascript:;\" class=\"jp-play\" tabindex=\"1\">play<\/a><a href=\"javascript:;\" class=\"jp-pause\" tabindex=\"1\">pause<\/a><\/div> <div class=\"jp-gui jp-interface\"><div class=\"jp-volume\"><div class=\"jp-volume-bar\"><div class=\"jp-volume-bar-value\"><\/div><\/div><\/div><div class=\"jp-progress\"><div class=\"jp-seek-bar\"><div class=\"jp-play-bar\"><\/div><\/div><\/div><\/div>\t\t\t\t\t<div class=\"jp-no-solution\"><span>Update Required<\/span>To play the media you will need to either update your browser to a recent version or update your <a href=\"http:\/\/get.adobe.com\/flashplayer\/\" target=\"_blank\">Flash plugin<\/a>.<\/div><\/div><\/div>\n\t\t\t<script type='text\/javascript'>\n\t\t\t\tjQuery(document).ready(function() {\n\t\t\t\t\tif (typeof (sermonMedia) == 'function') {\n\t\t\t\t\t\tsermonMedia.addAudio('', \"jquery_jplayer_1\");\n\t\t\t\t\t}\n\t\t\t\t\tjQuery.jPlayer.timeFormat.showHour = true;\n\t\t\t\t\tjQuery(\"#jquery_jplayer_1\").jPlayer({\n\t\t\t\t\t\tready: function(event) {\n\t\t\t\t\t\t\tjQuery(this).jPlayer(\"setMedia\", {mp3: 'https:\/\/www.newmessage.org\/av\/the-deep-union-with-god.mp3'});\n\t\t\t\t\t\t},\n\t\t\t\t\t\tplay: function() {\n\t\t\t\t\t\t\tjQuery(this).jPlayer(\"pauseOthers\");\n\t\t\t\t\t\t},\n\t\t\t\t\t\tswfPath: ThemeData.directory_uri+\"\/swf\",\n\t\t\t\t\t\tsolution: \"html, flash\",\n\t\t\t\t\t\tpreload: \"metadata\",\n\t\t\t\t\t\twmode: \"window\",\n\t\t\t\t\t\tsupplied: \"mp3\",\n\t\t\t\t\t\tcssSelectorAncestor: '#jp_container_1'\n\t\t\t\t\t});\n\t\t\t\t});\n\t\t\t<\/script>\n<p><a title=\"The Deep Union with God\" href=\"https:\/\/www.newmessage.org\/av\/the-deep-union-with-god.mp3\">Lade herunter<\/a> (Rechtsklick zum Herunterladen)<\/p>\n<p class=\"revelation_details\"><em> Wie offenbart dem Boten Gottes<br \/>\nMarshall Vian Summers<br \/>\nam 24. Mai 2014<br \/>\nin Boulder, Colorado<br \/>\n<\/em><\/p>\n<div class=\"toggle toggle-white\"><h4 class=\"trigger \"><span class=\"t_ico\"><\/span><a href=\"#\">\u00dcber diese Aufzeichnung<\/a><\/h4><div class=\"toggle_container \"><br \/>\n<div id=\"yui_3_16_0_ym19_1_1467955126517_3327\" dir=\"ltr\"><span id=\"yui_3_16_0_ym19_1_1467955126517_3177\"><span id=\"yui_3_16_0_ym19_1_1467955126517_3178\">Was Du in dieser Audioaufzeichnung h\u00f6rst, ist die Stimme des Engelsrates, die durch den Boten Marshall Vian Summers spricht.<\/span><\/span><\/div>\n<div dir=\"ltr\"><span id=\"yui_3_16_0_ym19_1_1467955126517_3177\"><span id=\"yui_3_16_0_ym19_1_1467955126517_3178\">\u00a0<\/span><\/span><\/div>\n<div id=\"yui_3_16_0_ym19_1_1467955126517_3359\" dir=\"ltr\"><span id=\"yui_3_16_0_ym19_1_1467955126517_3177\"><span id=\"yui_3_16_0_ym19_1_1467955126517_3178\"> Hier wird die originale Mitteilung Gottes, die jenseits von Worten existiert, vom Engelsrat, der \u00fcber die Welt wacht, in menschliche Sprache und menschliches Verst\u00e4ndnis \u00fcbersetzt. Der Engelsrat bringt dann Gottes Botschaft \u00fcber den Boten dar.<br \/>\n<\/span><\/span><\/div>\n<div id=\"yui_3_16_0_ym19_1_1467955126517_3369\" dir=\"ltr\"><span id=\"yui_3_16_0_ym19_1_1467955126517_3177\"><span id=\"yui_3_16_0_ym19_1_1467955126517_3178\">\u00a0<\/span><\/span><\/div>\n<div id=\"yui_3_16_0_ym19_1_1467955126517_3370\" dir=\"ltr\"><span id=\"yui_3_16_0_ym19_1_1467955126517_3177\"><span id=\"yui_3_16_0_ym19_1_1467955126517_3178\">In diesem bemerkenswerten Prozess spricht die Stimme der Offenbarung erneut. Das Wort und der Ton sind in der Welt. Zum ersten Mal in der Geschichte ist f\u00fcr euch und f\u00fcr die Welt die Aufzeichnung der urspr\u00fcnglichen gesprochenen Offenbarung verf\u00fcgbar, um erfahren zu werden.<br \/>\n<\/span><\/span><\/div>\n<div id=\"yui_3_16_0_ym19_1_1467955126517_3436\" dir=\"ltr\"><span id=\"yui_3_16_0_ym19_1_1467955126517_3177\"><span id=\"yui_3_16_0_ym19_1_1467955126517_3178\">\u00a0<\/span><\/span><\/div>\n<div id=\"yui_3_16_0_ym19_1_1467955126517_3435\" dir=\"ltr\"><span id=\"yui_3_16_0_ym19_1_1467955126517_3177\"><span id=\"yui_3_16_0_ym19_1_1467955126517_3178\">M\u00f6gest du der  Empf\u00e4nger dieses Geschenks der Offenbarung werden und m\u00f6gest du dich \u00f6ffnen, um diese einmalige Botschaft f\u00fcr dich und f\u00fcr dein Leben zu empfangen.<\/span><\/span><\/div>\n<br \/>\n<\/div><\/div><br \/>\n<\/div>\n<div id=\"tabs-2\"><br \/>\n<em> Anmerkung an den Leser:<br \/>\nDiese \u00dcbersetzung wurde der Society von einem Sch\u00fcler der Neuen Botschaft verf\u00fcgbar gemacht, der den englischen Originaltext als Freiwilliger \u00fcbersetzt hat. Wir stellen diese \u00dcbersetzung in dieser fr\u00fchen Form zur Verf\u00fcgung, damit jeder Gelegenheit hat, sich mit einem Teil der Neuen Botschaft in seiner eigenen Sprache zu befassen.<\/em><br \/>\n<\/div>\n\t\t\t\t<div align=\"right\">\n\t\t\t<div class=\"fb-like\" data-href=\"\" data-layout=\"button_count\" data-action=\"like\" data-show-faces=\"false\" data-share=\"false\"><\/div>\n\t\t\t<div class=\"fb-share-button\" data-layout=\"button_count\"> <\/div>\n\t\t\t<div class=\"fb_iframe_widget\"><a href=\"https:\/\/twitter.com\/godsnewmessage?ref_src=twsrc%5Etfw\" class=\"twitter-follow-button\" data-show-count=\"false\">Follow @godsnewmessage<\/a><script async src=\"https:\/\/platform.twitter.com\/widgets.js\" charset=\"utf-8\"><\/script><\/div>\n\t\t\t<\/div> <\/div> \n<br \/>\nDie Realit\u00e4t Gottes und der Plan Gottes f\u00fcr das Universum ist jenseits deines intellektuellen Verst\u00e4ndnisses und deines Fassungsverm\u00f6gens, aber die M\u00f6glichkeit, die tiefe Vereinigung mit Gott zu erfahren, ist in dir und ist immer gegenw\u00e4rtig.<\/p>\n<p>Das ist die Erfahrung tiefer Beziehung, die tiefste Beziehung, die du haben kannst und jemals haben wirst. Es ist eine Beziehung, die du bereits hast. Denn obwohl deine Seele in dieser physischen Realit\u00e4t wandert und in einem getrennten Bewusstseinszustand lebt, hat der tiefere Teil von dir Gott nie verlassen. Diese tiefe Vereinigung mit Gott lebt noch immer in dir, wartet darauf, entdeckt zu werden, wartet darauf, erfahren zu werden, wartet darauf, verwirklicht zu werden.<\/p>\n<p>Ein intellektuelles Verst\u00e4ndnis von Gott wird immer sehr unzureichend und unangemessen sein. Auch wenn die Menschen ihren Glauben, Vorstellungen und Ermahnungen darauf gr\u00fcnden m\u00f6gen, so stellt es doch dar, dass sie die tiefe Vereinigung nicht erleben und versuchen, sich auf ihre F\u00e4higkeiten des Intellekts zu verlassen, um ihnen zu sagen, was Realit\u00e4t wirklich ist.<\/p>\n<p>Wenn Wir von Gott sprechen, sprechen Wir \u00fcber das gesamte Universum und alle Dimensionen des Universums, in unz\u00e4hligen Rassen von Wesen mit unz\u00e4hligen Religionen, die sich alle in Aussehen und Orientierung voneinander unterscheiden. Wir sprechen von einem Gott eines nicht-menschlichen Universums, in dem Freiheit selten ist.<\/p>\n<p>Denke also nie, dass du nach dem Ebenbild Gottes geschaffen wurdest, denn Gott hat kein Ebenbild, er ist immer gegenw\u00e4rtig und durchdringt alles. Denn w\u00e4hrend du in  Trennung lebst und durch dieses Leben in dieser Welt reist, bist du immer noch Teil der Sch\u00f6pfung, die sich nie ver\u00e4ndert und die ewig ist, keinen Anfang und kein Ende hat.<\/p>\n<p>Solche Dinge zu begreifen, ist eindeutig jenseits deiner Vorstellungskraft und des Fassungsverm\u00f6gen deines Intellekts. Du kannst keine Bilder davon herstellen, weil es kein Bild gibt, das ewig ist. Du kannst nicht wirklich ad\u00e4quate Konzepte daf\u00fcr schaffen, denn Konzepte sind nicht immer w\u00e4hrend und du hast es mit etwas zu tun, das  ewig ist. Die Phantasie kann die Dinge nur in der Zeit in der physischen Realit\u00e4t betrachten. Deshalb kann sie sich keinen Frieden vorstellen. Sie kann sich keine wahre Gleichmut vorstellen. Sie kann sich kein wahres Gl\u00fcck vorstellen. Sie kann sich keine reine Beziehung vorstellen. Denn diese Dinge sind  ewig.<\/p>\n<p>Deshalb ist dein Intellekt daf\u00fcr ausgelegt, die Welt zu navigieren und hier Probleme zu l\u00f6sen, denn dies ist eine Welt der Probleml\u00f6sung. Und es gibt Gro\u00dfe Wellen des Wandels am Horizont, die deinen Intellekt mehr als alles, was du dir derzeit vorstellen kannst, herausfordern werden. Aber deine Erfahrung von wahrer Beziehung, deine Erfahrung von tiefem Gl\u00fcck, deine Erfahrung von Gleichmut erfordern alle eine andere Orientierung in dir. Es ist sch\u00f6n, Bilder zu haben, die dies in irgendeiner Weise repr\u00e4sentieren, aber verwechsle niemals diese Bilder und diese Vorstellungen und Gleichnisse mit der Realit\u00e4t selbst, die so viel gr\u00f6\u00dfer ist, die vollst\u00e4ndig ist.<\/p>\n<p>Du brauchst die Vereinigung mit Gott, um deine tiefere St\u00e4rke zu erkennen und zu begreifen, dass du einen H\u00f6heren Zweck hast, um in der Welt zu sein, der dir schrittweise offenbart wird, wenn du vorw\u00e4rts gehst.<\/p>\n<p>Hier musst du dich von deinem Leben an der Oberfl\u00e4che und deinem an der Oberfl\u00e4che operierenden Verstand abwenden, der immer in Pl\u00e4nen, Zielen und Probleml\u00f6sungen gefangen ist; der in Phantasie und Konflikt und Dissoziation gefangen ist. Hier richtest du deinen Fokus nach innen auf die gro\u00dfe Stille und Friedlichkeit, die unter der Oberfl\u00e4che des Verstandes existiert. Du findest Methoden, um dich selbst in dieses tiefere und weitaus gr\u00f6\u00dfere Reich zu bringen, das deinem Leben an der Oberfl\u00e4che so un\u00e4hnlich ist.<\/p>\n<p>Es ist wie der Ozean, der an seiner Oberfl\u00e4che immer turbulent ist, von den Winden der Welt gepeitscht, scheinbar chaotisch und ohne klaren Zweck oder Richtung. Doch wenn man in die Tiefe geht, ist es eine ganz andere Realit\u00e4t. Er ist ruhig; er ist allgegenw\u00e4rtig und zeigt wenig von den Auswirkungen, die an der Oberfl\u00e4che auftreten. Der gr\u00f6\u00dfte Sturm der Welt k\u00f6nnte \u00fcber dir geschehen, aber wenn du in der Tiefe bist, sogar knapp unter der Oberfl\u00e4che, ist es eine ganz andere Realit\u00e4t und Erfahrung.<\/p>\n<p>Hier kommst du nicht, um Antworten zu erhalten oder nach G\u00f6ttlicher F\u00fcgung zu suchen oder nur um bevorzugte Ergebnisse zu beten. Du kommst nur her, um in der Pr\u00e4senz zu sein.<\/p>\n<p>Gottes Neue Offenbarung f\u00fcr die Welt hat dir die Schritte zur Kenntnis gegeben, die gro\u00dfe universelle Lehre, die dich auf diese tiefere Verpflichtung vorbereiten wird, so dass du beginnen kannst zu erkennen, dass du mit zwei Arten von Verstand lebst\u2014deinem weltlichen Verstand, der durch deine Familie, Kultur und m\u00f6glicherweise Religion konditioniert ist; und dem tieferen Verstand der Kenntnis, der den Teil von dir repr\u00e4sentiert, der noch mit Gott verbunden ist. Sie sind v\u00f6llig unterschiedlich.<\/p>\n<p>Die Kenntnis in dir ist ruhig und aufmerksam. Sie ist immer offen f\u00fcr den Willen des Sch\u00f6pfers. Sie wird nicht besonders mit Worten zu dir sprechen, au\u00dfer vielleicht in sehr kurzen S\u00e4tzen. Sie wird dir eher Impulse geben\u2014Beschr\u00e4nkungen, um dich zur\u00fcckzuhalten, oder Ermutigung, dich vorw\u00e4rts zu bewegen, wenn das notwendig ist. Es ist eine Macht und eine St\u00e4rke in dir. Sie repr\u00e4sentiert den tieferen Strom deines Lebens. Sie allein beinhaltet deinen wahren Zweck und die Anerkennung jener, die diesem Zweck dienen werden und die hier eine wichtige Rolle bei deiner Entdeckung und deinem Ausdruck spielen werden. Sie ist auch deine Erfahrung der Vereinigung mit Gott, die still und allgegenw\u00e4rtig ist.<\/p>\n<p>Hier muss dein Wunsch und deine Kapazit\u00e4t wachsen. Dein Wunsch muss wachsen, denn du musst sehen, dass du dies brauchst, um gen\u00e4hrt, wiederhergestellt und gest\u00e4rkt zu werden, damit du mit der Zeit furchtloser, klarer und f\u00e4higer wirst, an der Welt zu einem H\u00f6heren Zweck teilzunehmen.<\/p>\n<p>Du brauchst eine tiefe Vereinigung mit Gott, weil dies deine prim\u00e4re Beziehung ist. Deine Unf\u00e4higkeit, dies zu erfahren, stellt deine Unf\u00e4higkeit dar, Anerkennung, Harmonie und sogar Intimit\u00e4t mit anderen zu erfahren.<\/p>\n<p>Was deine Verpflichtung mit Gott einschr\u00e4nkt, ist das, was deine Verpflichtung mit den Menschen und die Welt als Ganzes einschr\u00e4nkt. Deshalb leben Menschen in ihren Vorstellungen und \u00dcberzeugungen und Konzepten, selten im Moment, erfahren selten die Pr\u00e4senz Gottes und den Sinn ihrer Existenz.<\/p>\n<p>Hier in dieser tieferen Verpflichtung sind deine Vorstellungen nicht wichtig. Deine Anschauungen sind nur Hindernisse. Deine \u00c4ngste, Sorgen, Pl\u00e4ne und Ziele sind nur Ablenkungen. Denn in der tiefen Vereinigung sind sie unwichtig.<\/p>\n<p>Hier beginnst du, deine Kapazit\u00e4t zu \u00f6ffnen. Im Moment kannst du das vielleicht nur f\u00fcr ein oder zwei Sekunden erleben, f\u00fcr die k\u00fcrzesten Zeitr\u00e4ume, bevor sich dein Verstand schlie\u00dft und an die Oberfl\u00e4che steigt. Du wirst dies immer wieder erleben, wenn du dich auf die Verpflichtung vorbereitest.<\/p>\n<p>Du wirst sehen, wie sehr du von deinem Denken und der Welt um dich herum beherrscht wirst. Du musst dies erkennen, um deinen aktuellen Zustand und den Zustand fast aller um dich herum zu verstehen. Mach dir keine Vorw\u00fcrfe. Es ist der Beweis daf\u00fcr, dass man in Trennung lebt.<\/p>\n<p>Aber w\u00e4hrend du die Schritte zur Kenntnis unternimmst, baust du deine F\u00e4higkeit auf, die unaussprechliche Pr\u00e4senz Gottes zu erfahren und du findest Wege, unter die Oberfl\u00e4che zu sinken. Wir empfehlen dir, die Worte Na Rahn, Na Rahn zu wiederholen und diesen deine volle Aufmerksamkeit zu schenken. Es ist wie ein Aufzug, der dich in die Tiefe, unter die Oberfl\u00e4che des Verstandes bringt.<\/p>\n<p>Beziehungen sind unsichtbar. Sie sind nicht das, was man sieht und ber\u00fchrt. Sie sind das, was du f\u00fchlst und wei\u00dft, das ist der wahre Beweis f\u00fcr eine gro\u00dfe Beziehung\u2014eine gro\u00dfe Beziehung zu einer Person, eine gro\u00dfe Beziehung zur Arbeit in der Welt, eine gro\u00dfe Beziehung zu einem Ort, eine gro\u00dfe Beziehung zur ganzen Welt.<\/p>\n<p>Deine wichtigste Beziehung ist die zu Gott. Sie ist unsichtbar. Wer du bist, ist wirklich unsichtbar. Wer du warst, bevor du in die Welt kamst, wer du sein wirst, wenn du diese Welt verl\u00e4sst, ist etwas, das du mit deinen Augen nicht wahrnehmen kannst.<\/p>\n<p>Du betrittst das tiefere Reich und es ist dunkel, aber w\u00e4hrend du fortschreitest, ist es voller Pr\u00e4senz. Jeder Moment, den du mit dieser Pr\u00e4senz verbringen kannst, ohne Fragen, ohne Konzepte, ohne deinen weltlichen Verstand, wird dich wiederherstellen und dir St\u00e4rke und Ermutigung geben, die du von nirgendwo sonst erhalten kannst.<\/p>\n<p>Wenn du Unsere Stimmen h\u00f6rst, die jetzt zusammen zu dir sprechen, kann es dieses tiefe Gef\u00fchl der Beziehung hervorrufen, die unsichtbare Macht der wahren Vereinigung. Jeden Moment, den du hier verbringst, wirst du weniger ein Sklave der Welt, weniger ein Sklave deiner Sinne, weniger ein Sklave deiner \u00c4ngste und Verpflichtungen gegen\u00fcber anderen, weniger ein Sklave deiner Phantasien und W\u00fcnsche\u2014geschw\u00e4cht mit jedem Moment, den du tief in der Pr\u00e4senz verbringst.<\/p>\n<p>Es gibt hier einen weiteren gro\u00dfen Vorteil, und das ist, wenn diese Verbindung zunehmend aufgebaut wird, dass die Kenntnis in der Lage sein wird, zu dir zu sprechen und du sie h\u00f6ren und f\u00fchlen wirst. Kenntnis spricht sowieso zu dir, aber du h\u00f6rst oder f\u00fchlst sie selten. Aber jetzt baust du die Verbindung auf, die so viel wichtiger ist, als Ideen oder Antworten auf deine Fragen zu bekommen. Denn mit dem Aufbau dieser Verbindung, Schritt f\u00fcr Schritt, kann alles, was du sehen und wissen und h\u00f6ren musst, zu dir kommen und du wirst es h\u00f6ren k\u00f6nnen. Du wirst dich daran halten k\u00f6nnen. Und du wirst in der Lage sein, fortzuf\u00fchren, was sie in deinem Leben verlangt.<\/p>\n<p>Wenn du der leeren Beziehungen, hoffnungslosen Verfolgungen, den Kosten des Versuchs, das zu bekommen, was du von der Welt willst und all der Korruption, die in dir und um dich herum entsteht, m\u00fcde wirst, wirst du zunehmend die tiefe Vereinigung suchen. Nichts anderes kann dir geben, was du wirklich brauchst, die wahren Bed\u00fcrfnisse deiner Seele.<\/p>\n<p>Hier beginnt die R\u00fcckkehr zu Gott, vielleicht zun\u00e4chst unmerklich. Es ist der gro\u00dfe Wendepunkt. Denn Gott ist die Gro\u00dfe Anziehungskraft deines Lebens, gr\u00f6\u00dfer als jedes Bild von Wohlstand, Sch\u00f6nheit oder Charme in dieser Welt oder irgendeiner Welt\u2014durchdringender, vollst\u00e4ndiger, tiefer und dauerhafter als alles andere, was du dir vorstellen oder fassen kannst.<\/p>\n<p>Deshalb baust du nat\u00fcrlich die Kapazit\u00e4t und den Wunsch danach auf. Denn sobald du einmal diese Schwelle \u00fcberschritten hast, wirst du immer mehr das Reale und Dauerhafte suchen und mit der Welt des Wandels und der Gestaltung besser umgehen k\u00f6nnen\u2014mit weniger \u00c4rger, weniger Elend und weniger Leid. Du wirst in der Lage sein, Dinge zu sehen, die du vorher nicht sehen konntest, Dinge zu h\u00f6ren, die du vorher nicht h\u00f6ren konntest und die Macht der Kenntnis zu sehen, die sowohl in anderen als auch in dir selbst wirkt.<\/p>\n<p>Deine wichtigste spirituelle Praxis ist die Erfahrung dieser tieferen Pr\u00e4senz. Es ist nicht die Pr\u00e4senz einer Person. Es ist nicht die Pr\u00e4senz eines Engels. Es ist nicht die Pr\u00e4senz einer Gottheit. Es ist die Pr\u00e4senz deiner Quelle und der ganzen Sch\u00f6pfung.<\/p>\n<p>Sie ist gr\u00f6\u00dfer, als du jemals in diesem Leben erleben kannst. Aber wenn du dich ihr \u00f6ffnest, wird dein Herz erf\u00fcllt, dein Verstand wird gereinigt und erleichtert<br \/>\nund du wirst wissen, dass du von Dauer bist, obwohl du diese Welt bereist. Du wirst wissen, dass du geliebt wirst, obwohl die wahre Liebe hier so fern und schwer zu finden ist. Du wirst wissen, dass du zu einem bestimmten Zweck hier bist, weil Gott dich zu einem bestimmten Zweck hierher gesandt hat. Du wirst geduldig sein, weil du wei\u00dft, dass es sich im Laufe der Zeit entfalten und dich somit von st\u00e4ndigen Spekulationen befreien wird.<\/p>\n<p>Du wirst hier die Wunder des Lebens, die kleinen und einfachen Freuden des Seins in der Welt wie nie zuvor erleben, denn jetzt kannst du Dinge f\u00fchlen, die du vorher nicht f\u00fchlen konntest, Dinge sehen, die du vorher nicht sehen konntest und Dinge h\u00f6ren, die du vorher nicht h\u00f6ren konntest.<\/p>\n<p>Die tiefe Vereinigung mit Gott, die jenseits des Ausdrucks ist. Die Pr\u00e4senz ist weise, jenseits deiner Vorstellungskraft. Sie wird dich von vielen Dingen zur\u00fcckhalten, die dich ablenken und dich in die Irre f\u00fchren. Du musst dazu bereit sein und dies zu deinem eigenen Schutz und deiner eigenen Sicherheit akzeptieren. Wie das kleine Kind, das den gef\u00e4hrlichen Gegenstand umklammert, der weggenommen werden muss, kannst du manchmal weinen, dass dir bestimmte Dinge nicht gegeben werden, die du willst oder dass du nicht an etwas festhalten kannst, von dem du denkst, dass du es brauchst und du wirst wie das kleine Baby weinen. Aber du musst hier darauf vertrauen, dass es zu deinem Schutz ist, obwohl du im Moment noch nicht sehen kannst wie oder warum.<\/p>\n<p>Gott wird dir nicht alles geben, was du willst. Gott wird dir die Chance geben, das wahre Leben zu leben, zu dem du hierher gekommen bist und die wahren Beziehungen zu finden, die Teil dieses gr\u00f6\u00dferen Lebens sein werden und frei von der Knechtschaft der Welt zu sein und frei von Leid, Elend und Verzweiflung zu sein, die du um dich herum sehen wirst. Du wirst diese tiefe Freiheit haben. Gr\u00f6\u00dfer als die politische Freiheit ist sie, gr\u00f6\u00dfer als jede Freiheit, die man sich vorstellen kann, aber sie dient einem H\u00f6heren Zweck. Es geht darum, dich auf diesen Zweck vorzubereiten, damit du frei bist ihn zu sehen, ihn zu kennen und ihm immer mehr folgen zu k\u00f6nnen.<\/p>\n<p>Hier bist du nicht auf der Suche nach Gl\u00fcckseligkeit. Du suchst Beziehung\u2014deine zweckgerichtete Beziehung zu Gott und die tiefe Vereinigung mit Gott, die jenseits von Ausdruck, Beschreibung, Worten und Bildern liegt und doch immer in dir gegenw\u00e4rtig ist\u2014die dich ruft und auf deine Reaktion wartet.<\/p>\n","protected":false},"excerpt":{"rendered":"<p>Die Realit\u00e4t Gottes und der Plan Gottes f\u00fcr das Universum ist jenseits deines intellektuellen Verst\u00e4ndnisses und deines Fassungsverm\u00f6gens, aber die M\u00f6glichkeit, die tiefe Vereinigung mit Gott zu erfahren, ist in dir und ist immer gegenw\u00e4rtig. Das ist die Erfahrung tiefer Beziehung, die tiefste Beziehung, die du haben kannst und jemals haben wirst. Es ist eine\u2026 <a class=\"read-more\" href=\"https:\/\/www.v6.newmessage.org\/de\/about-recording-shortcode\/\"><span>Read More<\/span><\/a><\/p>\n","protected":false},"author":8,"featured_media":0,"parent":27720,"menu_order":0,"comment_status":"closed","ping_status":"closed","template":"template-leftsidebar.php","meta":{"_monsterinsights_skip_tracking":false,"_monsterinsights_sitenote_active":false,"_monsterinsights_sitenote_note":"","_monsterinsights_sitenote_category":0,"footnotes":""},"categories":[76,501],"tags":[699,1094,1095,609,700],"_links":{"self":[{"href":"https:\/\/www.v6.newmessage.org\/de\/wp-json\/wp\/v2\/pages\/28608"}],"collection":[{"href":"https:\/\/www.v6.newmessage.org\/de\/wp-json\/wp\/v2\/pages"}],"about":[{"href":"https:\/\/www.v6.newmessage.org\/de\/wp-json\/wp\/v2\/types\/page"}],"author":[{"embeddable":true,"href":"https:\/\/www.v6.newmessage.org\/de\/wp-json\/wp\/v2\/users\/8"}],"replies":[{"embeddable":true,"href":"https:\/\/www.v6.newmessage.org\/de\/wp-json\/wp\/v2\/comments?post=28608"}],"version-history":[{"count":1,"href":"https:\/\/www.v6.newmessage.org\/de\/wp-json\/wp\/v2\/pages\/28608\/revisions"}],"predecessor-version":[{"id":28610,"href":"https:\/\/www.v6.newmessage.org\/de\/wp-json\/wp\/v2\/pages\/28608\/revisions\/28610"}],"up":[{"embeddable":true,"href":"https:\/\/www.v6.newmessage.org\/de\/wp-json\/wp\/v2\/pages\/27720"}],"wp:attachment":[{"href":"https:\/\/www.v6.newmessage.org\/de\/wp-json\/wp\/v2\/media?parent=28608"}],"wp:term":[{"taxonomy":"category","embeddable":true,"href":"https:\/\/www.v6.newmessage.org\/de\/wp-json\/wp\/v2\/categories?post=28608"},{"taxonomy":"post_tag","embeddable":true,"href":"https:\/\/www.v6.newmessage.org\/de\/wp-json\/wp\/v2\/tags?post=28608"}],"curies":[{"name":"wp","href":"https:\/\/api.w.org\/{rel}","templated":true}]}}