{"id":28591,"date":"2018-05-28T05:01:50","date_gmt":"2018-05-28T05:01:50","guid":{"rendered":"https:\/\/www.newmessage.org\/de\/?page_id=28591"},"modified":"2018-05-28T05:01:50","modified_gmt":"2018-05-28T05:01:50","slug":"einleitung","status":"publish","type":"page","link":"https:\/\/www.v6.newmessage.org\/de\/die-botschaft\/band-1\/die-grosere-gemeinschaft\/einleitung\/","title":{"rendered":"Einleitung"},"content":{"rendered":"<p><img loading=\"lazy\" decoding=\"async\" class=\"alignright wp-image-32642\" src=\"https:\/\/www.newmessage.org\/wp-content\/uploads\/2017\/07\/greatercommunity-highres-202x300.png\" alt=\"\" width=\"225\" height=\"338\" \/><br \/>\n<em>Die Gr\u00f6\u00dfere Gemeinschaft<\/em> ist ein Buch der Offenbarung, das der Sch\u00f6pfer allen Lebens der menschlichen Familie \u00fcber den Boten Marshall Vian Summers gegeben hat.<\/p>\n<p>In diesem Buch der Offenbarung \u00f6ffnet Gott die T\u00fcren zum Universum des intelligenten Lebens, in dem unsere Welt schon immer existiert hat. Hier offenbart Gott der Menschheit die &#8220;Gr\u00f6\u00dfere Gemeinschaft&#8221; der Welten, in denen wir leben und damit unsere Bestimmung, aus unserer Isolation im Universum als freie und selbstbestimmte Rasse hervorzugehen. Nur Gott kann eine solche Offenbarung geben. Nur Gott kann der Menschheit ein wahres und klares Bild vom Leben im Universum geben, denn Gott ist der Autor allen Lebens im Universum.<\/p>\n<p>Dieses Buch enth\u00e4lt Enth\u00fcllungen \u00fcber das Leben im Universum, die der Menschheit noch nie zuvor pr\u00e4sentiert wurden. Hier bereitet uns Gott auf die Realit\u00e4ten, die Herausforderungen und die M\u00f6glichkeiten der Auseinandersetzung mit dem Leben in gr\u00f6\u00dferem Ma\u00dfstab vor. Damit werden das Bewusstsein und die Ausbildung vermittelt, die wir brauchen, um unsere Freiheit und Souver\u00e4nit\u00e4t zu sch\u00fctzen und die geistigen Gaben unserer Welt in einer Gr\u00f6\u00dferen Gemeinschaft des Lebens im Universum einzubringen.<\/p>\n<p>Nur eine Offenbarung vom Sch\u00f6pfer allen Lebens kann dir das bringen. Im Laufe der Menschheitsgeschichte hat der Sch\u00f6pfer eine Reihe von Offenbarungen gegeben, um die wachsenden Bed\u00fcrfnisse der Menschen und Nationen an gro\u00dfen Wendepunkten in der Evolution der Menschheit zu erf\u00fcllen. Durch die Propheten, Boten und offenbarten Lehren der Vergangenheit sind Gottes Offenbarungen zu bestimmten Zeiten in die Welt gekommen, um das menschliche Bewusstsein zu f\u00f6rdern und die Menschheit in Bezug auf die Bed\u00fcrfnisse und M\u00f6glichkeiten jener Zeit und kommender Zeiten wach zu machen.<\/p>\n<p>Doch keine der fr\u00fcheren Offenbarungen Gottes konnte uns auf die Realit\u00e4t der Gr\u00f6\u00dferen Gemeinschaft vorbereiten und den Sinn und die Bestimmung der menschlichen Spiritualit\u00e4t in diesem gr\u00f6\u00dferen Kontext des Lebens offenbaren. Die Menschheit war in der Antike einfach nicht so weit gekommen. Die St\u00e4mme und Nationen der Welt hatten sich noch nicht zu einer internationalen Gemeinschaft entwickelt, die in der Lage war, sich der Welt bewusst zu werden und zu kommunizieren. Die Welt war in der Antike in kleinem Ma\u00dfstab besucht worden, aber nicht so sehr wie heute. Die Menschheit war noch nicht an der Schwelle zu einer Gr\u00f6\u00dferen Gemeinschaft des Lebens im Universum angekommen.<\/p>\n<p>Nun ist diese Schwelle da und der Prozess der Offenbarung setzt sich durch eine Neue Botschaft von Gott, von der die Gr\u00f6\u00dfere Gemeinschaft nur ein kleiner Teil ist, von neuem fort. Die Worte dieses Textes sind eine direkte Kommunikation von Gott, \u00fcbersetzt in menschliche Sprache vom Engelsrat, der \u00fcber diese Welt wacht und dann gesprochen vom Boten Marshall Vian Summers, der \u00fcber 30 Jahre seines Lebens diesem Prozess der Offenbarung gewidmet hat.<\/p>\n<p>Obwohl es ein Buch in der Hand zu sein scheint, ist <em>Die Gr\u00f6\u00dfere Gemeinschaft<\/em> etwas viel Gr\u00f6\u00dferes. Dies ist ein Buch der urspr\u00fcnglichen Offenbarung von Gott, die gegeben wurde, um jeden Menschen auf das n\u00e4chste Kapitel in der Entwicklung und Evolution der menschlichen Familie vorzubereiten. Diese Offenbarung birgt einen Schl\u00fcssel f\u00fcr die Zukunft und das Wohlergehen jedes Menschen auf der Erde.<\/p>\n<p><em>Die Gr\u00f6\u00dfere Gemeinschaft<\/em> ist das vierte Buch von Band 1 der Neuen Botschaft Gottes. <em>Die Gr\u00f6\u00dfere Gemeinschaft<\/em> enth\u00e4lt 11 individuelle Offenbarungen, die jeweils zu verschiedenen Zeiten und an verschiedenen Orten gegeben und vom Boten in diesem Text zusammengestellt wurden.<\/p>\n<p><em>Die Gr\u00f6\u00dfere Gemeinschaft<\/em> pr\u00e4sentiert eine weitreichende Vision des Universums, in dem wir leben. Hier offenbart Gott, was die Menschheit im Universum insgesamt erwartet, die Herausforderung und Komplexit\u00e4t der Interaktion zwischen den Welten und die wesentlichen Werkzeuge, die die Menschheit braucht, um ihre Auseinandersetzung mit Kr\u00e4ften von au\u00dferhalb unserer Welt zu steuern. Hier verl\u00e4sst die menschliche Familie ihre jahrtausendealte Isolation im Universum und lernt, weise mit anderen Formen intelligenten Lebens umzugehen. Diese Interaktion wird unsere Sichtweise auf uns selbst, Gott und unseren Platz im Universum stark erweitern.<\/p>\n<p>Unsere Welt entwickelt sich zu einer Gr\u00f6\u00dferen Gemeinschaft intelligenten Lebens. Der Kontakt hat begonnen und unsere Isolation im Universum geht nun zu Ende. Dies ist jedoch kein vorteilhafter und gutartiger Kontakt. Dies ist eine Intervention in menschliche Angelegenheiten, die unsere Freiheit und unser \u00dcberleben als Rasse zu untergraben droht. Das ist das gr\u00f6\u00dfte Ereignis der Menschheitsgeschichte. Es geschieht jetzt, doch wir sind uns dessen nicht bewusst und sind unvorbereitet.<\/p>\n<p>Der Kontakt hat in einer Zeit begonnen, in der wir auf eine gef\u00e4hrliche und unsichere Zukunft in unserer Welt zusteuern. Die Menschheit pl\u00fcndert die lebenspendenden Ressourcen der Erde mit alarmierender Geschwindigkeit, ver\u00e4ndert das Klima der Welt, ver\u00e4ndert und zerst\u00f6rt die nat\u00fcrliche Umwelt wie nie zuvor. Gleichzeitig eskalieren politische, soziale und religi\u00f6se Konflikte und Spaltungen, die die menschliche Familie zerbrechen, w\u00e4hrend wir stattdessen an einer stabilen und funktionierenden Einheit arbeiten m\u00fcssen, um unser kollektives \u00dcberleben zu sichern. Wir sind geteilt und gespalten und das macht uns anf\u00e4llig f\u00fcr \u00e4u\u00dfere Einfl\u00fcsse und Eingriffe aus dem Universum.<\/p>\n<p><em>Die Gr\u00f6\u00dfere Gemeinschaft<\/em> betont, dass die Menschheit eine kritische Schwelle in ihrer Entwicklung erreicht hat, eine Zeit der Konvergenz, in der die Realit\u00e4t einer sich ver\u00e4ndernden Welt und die Realit\u00e4t der Intervention aus dem Universum aufeinander treffen. Die in diesem Buch enthaltenen Offenbarungen lehren, wie diese beiden Realit\u00e4ten miteinander verbunden sind, was diese Zeit der Konvergenz und Kollision f\u00fcr uns bedeutet und wie wir uns darauf vorbereiten k\u00f6nnen, diese neue und herausfordernde Zukunft zu meistern.<\/p>\n<p>Wir stehen jetzt an einem Punkt, an dem wir eine grundlegende Entscheidung treffen m\u00fcssen: Arbeiten wir gemeinsam f\u00fcr die Sicherheit und das \u00dcberleben der menschlichen Rasse und vielleicht f\u00fcr die Zukunft allen Lebens auf der Erde und bereiten uns damit auf die Realit\u00e4t des Kontakts vor? Oder tauchen wir tiefer in das Chaos von Konkurrenz, Spaltung und Krieg ein, machen unsere Welt immer anf\u00e4lliger f\u00fcr Interventionen aus dem Jenseits und verdunkeln und leugnen die klare Wahrheit, dass wir eine Menschheit mit einer Bestimmung im Universum sind? Dies ist eine Wahl nicht nur f\u00fcr f\u00fchrende Kr\u00e4fte und Regierungen, sondern f\u00fcr jeden Menschen auf der Erde. Diese Entscheidung wird nicht nur unser \u00dcberleben auf der Welt, sondern auch innerhalb der Gr\u00f6\u00dferen Gemeinschaft der Welten bestimmen.<\/p>\n<p><em>Die Gr\u00f6\u00dfere Gemeinschaft<\/em> zeigt, dass au\u00dferirdische Kr\u00e4fte von jenseits der Welt seit vielen Jahren in unserer Mitte wirken. Diese Kr\u00e4fte stellen keinen wohlgesinnten Besuch dar, sondern eine gef\u00e4hrliche Intervention mit einer Agenda f\u00fcr den Zugang zur Erde und ihren Ressourcen. Diese Intervention zielt darauf ab, die Schwachstellen der menschlichen Familie auszunutzen, unser br\u00fcchiges Vertrauen ineinander zu untergraben, unseren Glauben an die menschliche F\u00fchrung herabzusetzen und die Spaltungen und langj\u00e4hrigen Konflikte zwischen Nationen und Religionen zu versch\u00e4rfen. In einer Zeit gro\u00dfen inneren Wandels in der Welt, stellt diese Intervention die gr\u00f6\u00dfte Bedrohung f\u00fcr die Freiheit und Souver\u00e4nit\u00e4t der Menschheit dar, die wir je erlebt haben.<\/p>\n<p>Die Ankunft gef\u00e4hrlicher Kr\u00e4fte von jenseits unserer Welt signalisiert, dass unsere Bestimmung, in eine Gr\u00f6\u00dfere Gemeinschaft von Welten aufzustreben, begonnen hat. Unsere Isolation im Universum ist vorbei. Wie die Ureinwohner der Neuen Welt vor Jahrhunderten, durch die Kolonialm\u00e4chte, die nach Reichtum, Ressourcen und Vorteilen strebten, sind wir entdeckt worden. Jetzt sind wir alle Eingeborene der &#8220;neuen Welt&#8221; und m\u00fcssen uns mit den eingreifenden Kr\u00e4ften jenseits unserer Welt auseinandersetzen. Wir sind unvorbereitet. Und doch ist jetzt die Vorbereitung gegeben, gegeben durch die Macht der Offenbarung vom Sch\u00f6pfer allen Lebens.<br \/>\nDies ist zwar eine Herausforderung, bietet aber die gr\u00f6\u00dfte Chance f\u00fcr die Menschheit, aus ihren destruktiven und primitiven Tendenzen herauszuwachsen und schlie\u00dflich ein nie zuvor erreichtes Ma\u00df an Kooperation, Stabilit\u00e4t und Sicherheit zu schaffen. Die Offenbarungen in <em>Die Gr\u00f6\u00dfere Gemeinschaft<\/em> lehren, dass es die Konvergenz der Gro\u00dfen Wellen des \u00f6kologischen, sozialen und politischen Wandels in unserer Welt zusammen mit dem Aufstreben der Menschheit in die Gr\u00f6\u00dfere Gemeinschaft ist, was die m\u00e4chtigste M\u00f6glichkeit zur Vereinigung der menschlichen Familie schafft\u2014die m\u00e4chtigste Chance, die wir jemals haben werden, dem Krieg und der Zerst\u00f6rung unserer nat\u00fcrlichen Umwelt endlich ein Ende zu setzen. Dies wird nicht durch hohen Idealismus erreicht werden, sondern aus reiner Notwendigkeit, denn dies ist eine Voraussetzung f\u00fcr Freiheit und \u00dcberleben in der Gr\u00f6\u00dferen Gemeinschaft.<\/p>\n<p>Indem wir einem nicht-menschlichen Universum und der Intervention, die in unserer Welt operiert, begegnen, stellen wir fest, dass unsere Unterschiede als Menschen klein sind. Hier k\u00f6nnen wir \u00fcber die politischen, religi\u00f6sen und ethnischen Grenzen hinausgehen, die uns in der Vergangenheit gespalten haben, um unsere Zukunft und Freiheit als menschliche Familie zu sch\u00fctzen, die jetzt von jenseits bedroht sind. Schlie\u00dflich k\u00f6nnen die verschiedenen Gruppen und Fraktionen der menschlichen Familie an den Tisch kommen und die Notwendigkeit erkennen, die Erde, ihre Umwelt und ihre Ressourcen zu verwalten und diese Erde als unsere einzige Heimat in einer Gr\u00f6\u00dferen Gemeinschaft von Welten zu sichern. All dies wird zu einem nat\u00fcrlichen Wunsch und einer nat\u00fcrlichen Richtung, wenn wir ein Bewusstsein der Gr\u00f6\u00dferen Gemeinschaft annehmen, ein Bewusstsein, das f\u00fcr das Leben jenseits unserer Welt verantwortlich ist. Die Macht dieses gr\u00f6\u00dferen Bewusstseins zur L\u00f6sung der Probleme unserer heutigen Welt sollte nicht untersch\u00e4tzt werden.<\/p>\n<p><em>Die Gr\u00f6\u00dfere Gemeinschaft<\/em> pr\u00e4sentiert die Realit\u00e4t der Kenntnis, der spirituellen Intelligenz, die in jedem Menschen lebt. Diese Kenntnis ist in uns beheimatet und wird, einmal entwickelt und hervorgebracht, nat\u00fcrlich durch uns hindurchstr\u00f6men, um die wachsenden Probleme unserer Welt anzugehen. Es ist die Kenntnis, die uns in die Lage versetzt, die fremde Intervention in unserer Welt mit ihren Absichten und Aktivit\u00e4ten richtig zu erkennen. Hier ist die Kenntnis die Quelle unserer angeborenen F\u00e4higkeit, die Wahrheit jenseits jeglicher T\u00e4uschung oder Manipulation zu sehen und zu erkennen. Dies ist eine entscheidende St\u00e4rke, die die Menschheit entwickeln muss, wenn sie sich sicher und weise mit m\u00e4chtigen Kr\u00e4ften von jenseits der Welt auseinandersetzen will.<\/p>\n<p>Zus\u00e4tzlich zu der Offenbarung \u00fcber die Kenntnis, pr\u00e4sentiert <em>Die Gr\u00f6\u00dfere Gemeinschaft<\/em> die Weisheit der Gr\u00f6\u00dferen Gemeinschaft selbst. Hier verbindet Gott die Menschheit mit jenen Rassen, die die evolution\u00e4ren Herausforderungen durchlaufen haben, die wir jetzt durchlaufen, um ein gr\u00f6\u00dferes spirituelles Bewusstsein und K\u00f6nnen in ihren Welten zu kultivieren und auszudr\u00fccken. Diese Rassen haben das Potenzial, Verb\u00fcndete der Menschheit zu werden und wurden von Gott aufgerufen, eine Ausbildung und Perspektive zu bieten, um unsere junge und aufstrebende Rasse vorzubereiten. Zum ersten Mal in der Geschichte wird eine Neue Offenbarung von Gott begleitet von einem Geschenk der Weisheit und Beziehung von denen im Universum, die mit Gottes Werk in der Gr\u00f6\u00dferen Gemeinschaft verb\u00fcndet sind und das Aufstreben der Menschheit als freie und selbstbestimmte Rasse unterst\u00fctzen. Indem wir die Weisheit der Verb\u00fcndeten der Menschheit verstehen lernen (mehr dazu unter www.verbuendete.com), sehen wir unsere angeborene Einbindung in eine gr\u00f6\u00dfere Lebensgemeinschaft und den gr\u00f6\u00dferen Prozess der Entwicklung und spirituellen Evolution, wozu unsere Welt berufen ist.<\/p>\n<p>W\u00e4hrend <em>Die Gr\u00f6\u00dfere Gemeinschaft<\/em> von den Verb\u00fcndeten der Menschheit spricht, warnt sie uns auch vor einer Intervention in unserer Welt: der Ankunft gef\u00e4hrlicher und r\u00e4uberischer Rassen aus der Gr\u00f6\u00dferen Gemeinschaft, Wirtschaftsm\u00e4chte, die sich Zugang zu unserer Welt, ihren Ressourcen und ihren Menschen verschaffen wollen. Hier spricht Gott eine Warnung an die Menschheit aus. Diese Begegnung hat die Macht, die menschliche Zivilisation zu untergraben und die menschliche Freiheit zu zerst\u00f6ren. Doch diese Bedrohung stellt auch die Notwendigkeit menschlicher Einheit und das Ende menschlicher Konflikte dar. Das ist die Macht der Ankunft der Gr\u00f6\u00dferen Gemeinschaft. Aus diesem Grund hat Gott erneut gesprochen, um eine Offenbarung der Warnung, des Segens und der Vorbereitung f\u00fcr unsere Welt zu geben.<\/p>\n<p>Der Kontakt mit intelligentem Leben im Universum ist ein Weltereignis wie kein anderes. Er ist der n\u00e4chste gro\u00dfe Schritt in der Entwicklung und Evolution der menschlichen Familie. Er ist unaufhaltsam. Er ist unvermeidlich. Er geschieht jetzt. Hier m\u00fcssen wir uns entscheiden, entweder mit der Vorbereitung und der Ausbildung f\u00fcr die Gr\u00f6\u00dfere Gemeinschaft zu beginnen und damit die Freiheit und Souver\u00e4nit\u00e4t unserer Welt zu sichern oder weiter zu k\u00e4mpfen und miteinander zu ringen und blind f\u00fcr unsere gemeinsame Zukunft und blind f\u00fcr die jetzt in der Welt vorhandene Intervention zu bleiben. Es kommt auf die Entscheidung jedes Einzelnen an: die Entscheidung, sich bewusst oder unbewusst zu sein, die Entscheidung, sich auf eine Zukunft vorzubereiten, die jetzt auf uns zukommt oder blind zu sein.<\/p>\n<p>Bemerkenswerterweise bist du in dieser Zeit auf der Welt. Du kommst, um etwas \u00fcber das Aufstreben der Menschheit in der Gr\u00f6\u00dferen Gemeinschaft zu erfahren und du hast dieses Buch gefunden, ein Buch der Offenbarung vom Sch\u00f6pfer allen Lebens. Es ist kein Zufall, dass dies der Fall ist. Wir alle sind in dieser Zeit in die Welt gesandt worden, um den Bed\u00fcrfnissen unserer Zeit und einer Welt im Wandel zu dienen. In der Tat, haben einige heute in der Welt eine Verbindung mit und eine Abstammung aus der Gr\u00f6\u00dferen Gemeinschaft, die \u00fcber dieses eine Leben hinausgeht.<\/p>\n<p>Die Offenbarungen vom Buch <em>Die Gr\u00f6\u00dfere Gemeinschaft<\/em> wurden gegeben, um dieses Bewusstsein in dir zu aktivieren, um die tiefere Kenntnis, das du mit dir tr\u00e4gst, hervorzurufen und um dich mit der Erziehung und Vorbereitung zu versorgen, die du brauchst, um einen Beitrag in einer aufstrebenden Welt zu leisten. Mit der Zeit wird dies deinem Leben wahre Klarheit, innere Sicherheit und Richtung geben, denn jetzt bewegst du dich mit der gr\u00f6\u00dferen Bewegung der Welt selbst.<\/p>\n<p>Jetzt kannst du den wahren Kontext deines Lebens und die mysteri\u00f6se und vielleicht unerkl\u00e4rliche Berufung, die dich an diesen Punkt gebracht hat, besser verstehen. Dieses Verst\u00e4ndnis wird nat\u00fcrlich die Gaben hervorrufen, die du in dir tr\u00e4gst, die Gaben, die du aus deiner Uralten Heimat mitgebracht hast, um der Welt in dieser Zeit zu dienen.<\/p>\n<p>Die T\u00fcr zur Gr\u00f6\u00dferen Gemeinschaft \u00f6ffnet sich jetzt. Nie zuvor hat sich diese T\u00fcr f\u00fcr die menschliche Familie ge\u00f6ffnet. Jetzt ist es an der Zeit, diese Schwelle zu \u00fcberschreiten und sich auf ein gr\u00f6\u00dferes Leben in einem gr\u00f6\u00dferen Universum von Welten vorzubereiten.<br \/>\n<em>The Society of the New Message <\/em><\/p>\n","protected":false},"excerpt":{"rendered":"<p>Die Gr\u00f6\u00dfere Gemeinschaft ist ein Buch der Offenbarung, das der Sch\u00f6pfer allen Lebens der menschlichen Familie \u00fcber den Boten Marshall Vian Summers gegeben hat. In diesem Buch der Offenbarung \u00f6ffnet Gott die T\u00fcren zum Universum des intelligenten Lebens, in dem unsere Welt schon immer existiert hat. Hier offenbart Gott der Menschheit die &#8220;Gr\u00f6\u00dfere Gemeinschaft&#8221; der\u2026 <a class=\"read-more\" href=\"https:\/\/www.v6.newmessage.org\/de\/die-botschaft\/band-1\/die-grosere-gemeinschaft\/einleitung\/\"><span>Read More<\/span><\/a><\/p>\n","protected":false},"author":8,"featured_media":0,"parent":16486,"menu_order":0,"comment_status":"closed","ping_status":"closed","template":"template-leftsidebar.php","meta":{"_monsterinsights_skip_tracking":false,"_monsterinsights_sitenote_active":false,"_monsterinsights_sitenote_note":"","_monsterinsights_sitenote_category":0,"footnotes":""},"categories":[110,76,118,30,464,460],"tags":[1051,742,754,1052,741],"_links":{"self":[{"href":"https:\/\/www.v6.newmessage.org\/de\/wp-json\/wp\/v2\/pages\/28591"}],"collection":[{"href":"https:\/\/www.v6.newmessage.org\/de\/wp-json\/wp\/v2\/pages"}],"about":[{"href":"https:\/\/www.v6.newmessage.org\/de\/wp-json\/wp\/v2\/types\/page"}],"author":[{"embeddable":true,"href":"https:\/\/www.v6.newmessage.org\/de\/wp-json\/wp\/v2\/users\/8"}],"replies":[{"embeddable":true,"href":"https:\/\/www.v6.newmessage.org\/de\/wp-json\/wp\/v2\/comments?post=28591"}],"version-history":[{"count":1,"href":"https:\/\/www.v6.newmessage.org\/de\/wp-json\/wp\/v2\/pages\/28591\/revisions"}],"predecessor-version":[{"id":28593,"href":"https:\/\/www.v6.newmessage.org\/de\/wp-json\/wp\/v2\/pages\/28591\/revisions\/28593"}],"up":[{"embeddable":true,"href":"https:\/\/www.v6.newmessage.org\/de\/wp-json\/wp\/v2\/pages\/16486"}],"wp:attachment":[{"href":"https:\/\/www.v6.newmessage.org\/de\/wp-json\/wp\/v2\/media?parent=28591"}],"wp:term":[{"taxonomy":"category","embeddable":true,"href":"https:\/\/www.v6.newmessage.org\/de\/wp-json\/wp\/v2\/categories?post=28591"},{"taxonomy":"post_tag","embeddable":true,"href":"https:\/\/www.v6.newmessage.org\/de\/wp-json\/wp\/v2\/tags?post=28591"}],"curies":[{"name":"wp","href":"https:\/\/api.w.org\/{rel}","templated":true}]}}