{"id":28578,"date":"2018-04-17T14:58:23","date_gmt":"2018-04-17T14:58:23","guid":{"rendered":"https:\/\/www.newmessage.org\/de\/?page_id=28578"},"modified":"2018-04-17T14:58:23","modified_gmt":"2018-04-17T14:58:23","slug":"die-bedeutung-der-groseren-gemeinschaft","status":"publish","type":"page","link":"https:\/\/www.v6.newmessage.org\/de\/die-botschaft\/band-1\/die-grosere-gemeinschaft\/die-bedeutung-der-groseren-gemeinschaft\/","title":{"rendered":"Die Bedeutung der Gr\u00f6\u00dferen Gemeinschaft"},"content":{"rendered":"<div><!-- Version 3.5 --><\/div>\n\n<div class=\"tabgroup \"><ul class=\"tabs\"><li><a href=\"#tabs-1\">H\u00f6re<\/a><\/li>\n<li><a href=\"#tabs-2\"> Anmerkung<\/a><\/li><\/ul>\n <div id=\"tabs-1\"><\/p>\n<p>H\u00f6re die Stimme der Offenbarung:<\/p>\n<div id=\"jquery_jplayer_1\" class=\"jp-jplayer\"><\/div>\n\t\t\t\t<div id=\"jp_container_1\" class=\"jp-audio\">\n\t\t\t\t<div class=\"jp-type-single\"><div class=\"jp-control\"><a href=\"javascript:;\" class=\"jp-play\" tabindex=\"1\">play<\/a><a href=\"javascript:;\" class=\"jp-pause\" tabindex=\"1\">pause<\/a><\/div> <div class=\"jp-gui jp-interface\"><div class=\"jp-volume\"><div class=\"jp-volume-bar\"><div class=\"jp-volume-bar-value\"><\/div><\/div><\/div><div class=\"jp-progress\"><div class=\"jp-seek-bar\"><div class=\"jp-play-bar\"><\/div><\/div><\/div><\/div>\t\t\t\t\t<div class=\"jp-no-solution\"><span>Update Required<\/span>To play the media you will need to either update your browser to a recent version or update your <a href=\"http:\/\/get.adobe.com\/flashplayer\/\" target=\"_blank\">Flash plugin<\/a>.<\/div><\/div><\/div>\n\t\t\t<script type='text\/javascript'>\n\t\t\t\tjQuery(document).ready(function() {\n\t\t\t\t\tif (typeof (sermonMedia) == 'function') {\n\t\t\t\t\t\tsermonMedia.addAudio('', \"jquery_jplayer_1\");\n\t\t\t\t\t}\n\t\t\t\t\tjQuery.jPlayer.timeFormat.showHour = true;\n\t\t\t\t\tjQuery(\"#jquery_jplayer_1\").jPlayer({\n\t\t\t\t\t\tready: function(event) {\n\t\t\t\t\t\t\tjQuery(this).jPlayer(\"setMedia\", {mp3: 'https:\/\/newmessage.org\/av\/the-importance-of-the-greater-community.mp3'});\n\t\t\t\t\t\t},\n\t\t\t\t\t\tplay: function() {\n\t\t\t\t\t\t\tjQuery(this).jPlayer(\"pauseOthers\");\n\t\t\t\t\t\t},\n\t\t\t\t\t\tswfPath: ThemeData.directory_uri+\"\/swf\",\n\t\t\t\t\t\tsolution: \"html, flash\",\n\t\t\t\t\t\tpreload: \"metadata\",\n\t\t\t\t\t\twmode: \"window\",\n\t\t\t\t\t\tsupplied: \"mp3\",\n\t\t\t\t\t\tcssSelectorAncestor: '#jp_container_1'\n\t\t\t\t\t});\n\t\t\t\t});\n\t\t\t<\/script><\/p>\n<p><a href=\"\/\/www.newmessage.org\/av\/the-importance-of-the-greater-community.mp3\">Lade herunter<\/a> (Rechtsklick zum Herunterladen)<\/p>\n<p><em>Wie offenbart dem Boten<br \/>\nMarshall Vian Summers<br \/>\nam 11. Dezember 2009<br \/>\nin Phnom Penh, Kambodscha<\/em><\/p>\n<p><\/div>\n<div id=\"tabs-2\"><br \/>\n<em> Anmerkung an den Leser:<br \/>\nDiese \u00dcbersetzung wurde der Society von einem Sch\u00fcler der Neuen Botschaft verf\u00fcgbar gemacht, der den englischen Originaltext als Freiwilliger \u00fcbersetzt hat. Wir stellen diese \u00dcbersetzung in dieser fr\u00fchen Form zur Verf\u00fcgung, damit jeder Gelegenheit hat, sich mit einem Teil der Neuen Botschaft in seiner eigenen Sprache zu befassen.<\/em><br \/>\n<\/div>\n\t\t\t\t<div align=\"right\">\n\t\t\t<div class=\"fb-like\" data-href=\"\" data-layout=\"button_count\" data-action=\"like\" data-show-faces=\"false\" data-share=\"false\"><\/div>\n\t\t\t<div class=\"fb-share-button\" data-layout=\"button_count\"> <\/div>\n\t\t\t<div class=\"fb_iframe_widget\"><a href=\"https:\/\/twitter.com\/godsnewmessage?ref_src=twsrc%5Etfw\" class=\"twitter-follow-button\" data-show-count=\"false\">Follow @godsnewmessage<\/a><script async src=\"https:\/\/platform.twitter.com\/widgets.js\" charset=\"utf-8\"><\/script><\/div>\n\t\t\t<\/div> <\/div> \n\n<p>Die Bedeutung der Gr\u00f6\u00dferen Gemeinschaft darf in der Neuen Botschaft nicht untersch\u00e4tzt werden, da sich die Menschheit letztlich auf ihre Zukunft in dieser gr\u00f6\u00dferen Arena des intelligenten Lebens vorbereitet. Aber sie ist unvorbereitet und hat keine M\u00f6glichkeit, sich darauf vorzubereiten. Es ist eine Intervention von jenseits der Welt von Rassen, die die Schw\u00e4che und Naivit\u00e4t der Menschheit ausnutzen wollen. Dies hat mehr als alles andere die Neue Botschaft von Gott in die Welt gerufen. <\/p>\n<p>Das Bed\u00fcrfnis nach dieser Offenbarung ist so gro\u00df, aber die Menschen sehen die Notwendigkeit nicht. Sie erkennen noch nicht, wie verletzlich sie gegen\u00fcber der \u00dcberredungskraft sind, die gerade jetzt auf die Welt ausge\u00fcbt wird und welche k\u00fcnftig nur zunehmen wird. <\/p>\n<p>Die Menschheit befindet sich in einer sehr schwachen Position, denn sie ersch\u00f6pft die Welt in einem ungeheuren Tempo und steht vor den Gro\u00dfen Wellen des Wandels. Sie ist mit der Zerst\u00f6rung der Umwelt und dem R\u00fcckgang ihrer grundlegenden Ressourcen konfrontiert. <\/p>\n<p>Die Menschen sehen nicht und sie verstehen nicht die Macht dieser Zeiten, um die Bestimmung der Menschheit zu ver\u00e4ndern. Sie sehen nicht die Macht der Gro\u00dfen Wellen des Wandels, und sie sehen nicht die Macht und den Einfluss der Gr\u00f6\u00dferen Gemeinschaft. Also sind ihre Gedanken woanders, mit anderen Dingen besch\u00e4ftigt. Aber Gott wacht \u00fcber die Welt und sendet in die Welt, was die Menschheit braucht, auch wenn die Menschheit dieses Bed\u00fcrfnis selbst nicht sehen kann. <\/p>\n<p>Die Gr\u00f6\u00dfere Gemeinschaft ist eure Bestimmung. Aber es ist auch eure gro\u00dfe Gefahr, denn die Menschheit ist dabei, ihre Selbstversorgung in einem alarmierenden Tempo zu verlieren, wodurch sie f\u00fcr au\u00dferirdische \u00dcberredung und Interventionen und f\u00fcr die Einf\u00fchrung au\u00dferirdischer Technologien immer anf\u00e4lliger wird, die als Anreiz und gro\u00dfe Versuchung benutzt werden. <\/p>\n<p>Heutzutage gibt es nur sehr wenige Menschen auf der Welt, die die wahre Lage der Menschheit verstehen. Wie k\u00f6nnten sie? Wei\u00df man, wie das Leben jenseits der Grenzen dieser Welt ist, versteht man, was diese Welt f\u00fcr andere Rassen bedeutet und sieht man, dass die Menschheit in dieser Region des Weltraums nicht hoch angesehen ist? Denn ihr habt euch noch keinen Respekt verdient. <\/p>\n<p>Und ihr seid verwundbar, denn ihr verschwendet die Welt, eine Welt, die von anderen gesch\u00e4tzt wird. Und dies hat die Intervention ausgel\u00f6st, die jetzt im Gange ist. <\/p>\n<p>Selbst wenn diese Intervention vereitelt werden sollte, was durchaus m\u00f6glich ist und in eurer Macht steht, wird es zuk\u00fcnftige Interventionen geben. So hat sich eure Position im Leben ver\u00e4ndert. Eure Isolation ist vorbei. Ihr m\u00fcsst euch jetzt gegen\u00fcber der Gr\u00f6\u00dferen Gemeinschaft behaupten. <\/p>\n<p>Die Menschheit hat Verb\u00fcndete in eurer N\u00e4he im Weltraum, die eure Notlage verstehen und die Tatsache sch\u00e4tzen, dass die Menschheit Religion und Spiritualit\u00e4t in der Welt am Leben erhalten hat und dass die menschliche Familie eine gr\u00f6\u00dfere Verhei\u00dfung zeigt\u2014eine Verhei\u00dfung, die bei so vielen fortgeschrittenen Rassen im Universum verloren gegangen ist. <\/p>\n<p>Die Menschheit ist jetzt anf\u00e4llig f\u00fcr \u00dcberredung und Intervention und schw\u00e4cht ihre Position und das Gef\u00fcge der menschlichen Einheit. Die Gro\u00dfen Wellen des Wandels werden dies angesichts der Gr\u00f6\u00dferen Gemeinschaft nur noch unsicherer und gef\u00e4hrlicher machen. <\/p>\n<p>Eroberung ist in dieser Region des Weltraums nicht erlaubt und sie wird nicht einmal in Betracht gezogen, weil sie f\u00fcr die Welt zu zerst\u00f6rerisch w\u00e4re. Stattdessen geht es hier um einen Versuch, die Menschheit f\u00fcr sich zu gewinnen\u2014der Menschheit zu versprechen, was sie selbst nicht leisten kann, das Vertrauen der Menschen in ihre Regierungen und Regierungschefs zu schw\u00e4chen, den menschlichen Geist zu schw\u00e4chen, Menschen dazu zu bringen, sich zu f\u00fcgen und zu glauben, dass die Intervention hier ist, um einer ringenden Menschheit zu helfen und sie zu erl\u00f6sen. <\/p>\n<p>Aber es ist alles eine T\u00e4uschung. Es ist alles eine gro\u00dfe L\u00fcge. Und trotzdem glauben die Leute daran. Jeden Tag wenden sich Menschen der Intervention zu. Nachdem sie den Glauben an die Menschheit und an sich selbst verloren haben, werden sie jetzt die F\u00fchrung und die Verhei\u00dfungen anderer M\u00e4chte im Universum suchen, Kr\u00e4fte, die nicht menschlich sind und die menschliche Freiheit nicht wertsch\u00e4tzen und die den menschlichen Geist oder menschliche Bestrebungen nicht verstehen. <\/p>\n<p>Dies ist eine gro\u00dfe Schwelle im Verst\u00e4ndnis. Aber im Grunde ist es die Natur, der ihr jetzt gegen\u00fcbersteht\u2014Wettbewerb in der Natur, Wettbewerb um die Welt, ein Wettbewerb, der nicht auf den Schlachtfeldern ausgetragen wird, aber in den K\u00f6pfen und Herzen von M\u00e4nnern und Frauen. <\/p>\n<p>Die Menschheit bewegt sich bereits im Universum in eine Position extremer Ohnmacht. Denn sobald ihr einmal eure Selbstversorgung verliert, sobald ihr euch nicht selbst versorgen k\u00f6nnt, ist eure Position schwach und unhaltbar und unterliegt aller Art von \u00dcberredung und Manipulation. <\/p>\n<p>So wird die Welt verschenkt, versteht ihr? Eine schwache und entmutigte Menschheit\u2014geschw\u00e4cht durch Konflikt und Krieg, geschw\u00e4cht durch Entbehrung, geschw\u00e4cht durch menschliche Korruption und Ignoranz\u2014wird sich ihren neuen Herren zuwenden, ohne zu ahnen, dass sie M\u00e4chten, die sie nicht versteht, ihre eigene Freiheit und Bestimmung gibt. <\/p>\n<p>Ihr denkt vielleicht, dass das unm\u00f6glich ist. &#8220;Das kann nicht passieren&#8221;, sagt ihr. Aber es ist unz\u00e4hlige Male in der Gr\u00f6\u00dferen Gemeinschaft geschehen, als junge aufstrebende Rassen ihre Welten so stark ausgebeutet haben, dass sie jetzt betteln und darum flehen m\u00fcssen, dass andere kommen und einschreiten, was der schlimmsten Intervention T\u00fcr und Tor \u00f6ffnet. <\/p>\n<p>Die Menschen sehen das nicht und reagieren nicht richtig auf die au\u00dferirdische Anwesenheit, die es in der heutigen Welt gibt, die nur aus diesem Grund da ist. Deshalb hat der Sch\u00f6pfer allen Lebens eine Neue Botschaft in die Welt gesandt, um die Menschheit zu warnen und vorzubereiten. Deshalb hat der Sch\u00f6pfer allen Lebens die Verb\u00fcndeten der Menschheit gebeten, in einer Reihe von Lageberichten, den Lageberichten von den Verb\u00fcndeten der Menschheit, Weisheit an die Welt zu senden\u2014um euch auf die Gr\u00f6\u00dfere Gemeinschaft vorzubereiten und euch vor vorzeitigem Kontakt und der Realit\u00e4t der Intervention zu warnen, die heute in der Welt stattfindet. <\/p>\n<p>Nat\u00fcrlich m\u00fcsst ihr wissen, dass Intervention immer zu Unterwerfung f\u00fchrt, es sei denn, die einheimischen V\u00f6lker k\u00f6nnen widerstehen. Dies war in der Geschichte eurer Welt der Fall und gilt auch in der Gr\u00f6\u00dferen Gemeinschaft des Lebens. <\/p>\n<p>Es ist eine ungl\u00fcckliche Situation, aber sie hat die Macht, die Menschheit zu ihrer eigenen Verteidigung zu vereinen. Sie hat die Macht, euch zu erheben und von euch zu verlangen, dass ihr verantwortlich seid und mit anderen f\u00fcr die Erhaltung der Welt zusammenarbeitet. <\/p>\n<p>Dennoch gibt es viel T\u00e4uschung in Bezug auf diese Dinge und viel Verwirrung in der Folge sowie viel Hoffnung und Glauben, dass jeder, der zur Welt kommen w\u00fcrde, hier sein w\u00fcrde, um der Menschheit in ihren gro\u00dfen Schwierigkeiten zu helfen. <\/p>\n<p>Aber das ist nicht der Fall. Deshalb hat Gott eine Neue Botschaft in die Welt gesandt, um zur Verf\u00fcgung zu stellen, was die Menschheit nicht f\u00fcr sich selbst bereitstellen kann, um euch die Macht und die Weisheit zu geben, zu sehen, was wirklich in der heutigen Welt geschieht und was die gro\u00dfen Herausforderungen und Chancen der Menschheit wirklich f\u00fcr euch bedeuten, w\u00e4hrend ihr an der Schwelle zum Weltraum steht. <\/p>\n<p>Es gibt heute nur eine Lehre in der Welt, die dich auf das Leben im Universum vorbereiten kann. Es gibt heute nur eine Lehre, die dir mit wahrer Genauigkeit und Prophezeiung sagen kann, was \u00fcber den Horizont auf die Welt zukommt. Es gibt nur eine Lehre in der Welt, die eine Neue Botschaft von Gott ist und die so umfassend und vollst\u00e4ndig ist, dass sie auf diese Weise betrachtet werden sollte. <\/p>\n<p>Ihr steht nun mit dem R\u00fccken zum Universum. Ihr m\u00fcsst damit umgehen. So schockierend es auch auf den ersten Blick scheint, ihr m\u00fcsst euch dem stellen. Sicherlich m\u00fcsst ihr vern\u00fcnftig denken und ber\u00fccksichtigen, dass die Menschheit letztendlich mit der Realit\u00e4t des Lebens im Universum umgehen m\u00fcsste, nicht nur als eine wissenschaftliche Hypothese oder irgendeine zuk\u00fcnftige M\u00f6glichkeit, sondern als eine dramatische Realit\u00e4t in der heutigen Welt. <\/p>\n<p>Aber die Menschen sind sich dessen nicht bewusst, denken nicht dar\u00fcber nach und sind nicht darauf vorbereitet\u2014das gr\u00f6\u00dfte aller Ereignisse in der Menschheitsgeschichte, die gr\u00f6\u00dfte Gefahr, eure Freiheit und Souver\u00e4nit\u00e4t in dieser Welt zu verlieren und die gr\u00f6\u00dfte Chance, die menschliche Einheit aus reiner Notwendigkeit und Zweck zu formen. <\/p>\n<p>Denn nichts, was ihr an der Welt sch\u00e4tzt, wird erhalten bleiben, wenn ihr unter fremde \u00dcberredung und Herrschaft geraten solltet. Und kein wahrer Verb\u00fcndeter der Menschheit w\u00fcrde jemals auf diese Weise in die Welt eingreifen und versuchen, den menschlichen Regierungschefs und menschlichen Institutionen die Kontrolle \u00fcber die Welt zu entrei\u00dfen. Aber das ist genau der Zweck und die Absicht der Intervention. <\/p>\n<p>Deshalb m\u00fcsst ihr jetzt beginnen zu erkennen, dass ihr in einer Gr\u00f6\u00dferen Gemeinschaft intelligenten Lebens lebt, einem Universum voller zahlloser Wesen von Rassen. Aber ihr wisst weder von dieser Umgebung, noch wie ihr damit umgehen k\u00f6nnt, wie ihr Freund von Feind unterscheidet, noch wie man T\u00e4uschung wahrnimmt, wenn sie auftritt und wie man sich vor Manipulation und den gro\u00dfen Einfl\u00fcssen sch\u00fctzen kann, die auf den Verstand und die Herzen der Menschen in der Welt ausge\u00fcbt werden. Ihr wisst nicht, wie man so etwas macht und wer euch dies in der Welt lehren kann, versteht ihr? Wer in der Welt wei\u00df, was kommt und wei\u00df, wie man sich darauf vorbereitet? <\/p>\n<p>Dies erfordert eine Neue Offenbarung vom Sch\u00f6pfer. Denn auch wohlwollende au\u00dferirdische Rassen wie die Verb\u00fcndeten der Menschheit, wissen nicht genug \u00fcber das menschliche Herz und den menschlichen Verstand oder die Feinheiten der menschlichen Kultur und Gesellschaft oder das ganze Ausma\u00df der menschlichen Geschichte, um euch in dieser Angelegenheit vollst\u00e4ndig f\u00fchren zu k\u00f6nnen. <\/p>\n<p>Dies erfordert eine Offenbarung von Gott\u2014eine Offenbarung, die anders ist als jede Offenbarung, die jemals zuvor in die Welt gesandt wurde, eine Offenbarung f\u00fcr diese Zeit und f\u00fcr kommende Zeiten, eine Offenbarung, die euch auf die Gro\u00dfen Wellen des Wandels vorbereitet, eine Offenbarung, um euch auf die Realit\u00e4ten des Lebens im Universum vorzubereiten, eine Offenbarung, die euch die Macht der Spiritualit\u00e4t auf der Ebene der Kenntnis lehrt, eine Lehre, die der menschlichen Familie zuvor noch nie zug\u00e4nglich gemacht wurde, eine Offenbarung, die euch Kenntnis und Weisheit aus dem Universum bringen soll, damit ihr euch auf diese immense und komplexe Arena des Lebens vorbereiten k\u00f6nnt, eine Offenbarung, die hier ist, um euch zu lehren, was die menschliche Bestimmung wirklich bedeutet und wie es auf die h\u00f6chstm\u00f6gliche Weise erf\u00fcllt werden kann. <\/p>\n<p>Ihr lebt in einer Zeit der Offenbarung und lebt in einer Zeit der Intervention. Ihr lebt in einer Zeit, in der die kritischen Ressourcen der Welt \u00fcberm\u00e4\u00dfig ausgesch\u00f6pft und \u00fcberbeansprucht werden. Ihr lebt in einer Zeit, in der die menschliche Zivilisation durch den inneren Kollaps und durch Intervention von jenseits einer gro\u00dfen Gefahr ausgesetzt ist. <\/p>\n<p>Dies ist die Zeit f\u00fcr die Menschheit, ihr jugendliches Verhalten zu beenden, ihre unaufh\u00f6rlichen Konflikte mit sich selbst zu beenden und sich darauf vorzubereiten, sich mit der Gr\u00f6\u00dferen Gemeinschaft zu besch\u00e4ftigen. Dies erfordert das Genie der Menschheit und all ihrer Talente und all ihrer wahren F\u00fchrungspers\u00f6nlichkeiten und Experten. Aber keiner von ihnen wird wissen, was zu tun ist. Keiner von ihnen wird die Wichtigkeit ohne diese Offenbarung sehen. <\/p>\n<p>Ein Bote hat dies in die Welt gebracht. Er hat Weisheit aus der Gr\u00f6\u00dferen Gemeinschaft gebracht. Er hat die Lehre der Spiritualit\u00e4t der Gr\u00f6\u00dferen Gemeinschaft gebracht. Er hat die Vorbereitung auf den Weg der Kenntnis gebracht, damit die Menschen selbst die Schritte zur Kenntnis gehen k\u00f6nnen. Er hat die Warnung vor den Gro\u00dfen Wellen des Wandels gebracht. Und er hat die Warnung vor der Gr\u00f6\u00dferen Gemeinschaft gebracht. <\/p>\n<p>Das hat alles damit zu tun, wer du bist und warum du in dieser Zeit in der Welt bist. Denn du bist nicht zuf\u00e4llig hierher gekommen. Du bist nicht hierher gekommen, um in einer friedlichen Welt zu leben, in einer ruhigen Welt, in einer Welt, die den Gro\u00dfen Wellen des Wandels nicht gegen\u00fcbersteht. Du bist in dieser Zeit aufgrund der Gr\u00f6\u00dferen Gemeinschaft und der gro\u00dfen M\u00fchsal gekommen, womit die Menschheit, die in einer Welt im Niedergang lebt, konfrontiert ist. <\/p>\n<p>Vielleicht denkst du noch nicht dar\u00fcber nach oder kannst dir dein Leben in diesem Zusammenhang nicht vorstellen, aber von einem h\u00f6heren Standpunkt aus, von einer Position der Klarheit und Einsicht, ist dies offensichtlich der Fall. Aber was offensichtlich ist, geht bei jenen verloren, die nicht sehen k\u00f6nnen. Es wird nie von jenen in Betracht gezogen, deren Verstand von anderen Dingen gefangen ist. <\/p>\n<p>Darum muss die Offenbarung geschehen und darum muss sie mit der Macht des Sch\u00f6pfers kommen. Denn der Sch\u00f6pfer sendet nicht nur Vorstellungen in die Welt. Der Sch\u00f6pfer sendet Macht in die Welt\u2014die Macht, das Individuum zu erl\u00f6sen, um dem Individuum Klarheit und Zweck zu bringen, damit sich seine gr\u00f6\u00dferen Gaben im Dienste einer Welt in Not entfalten k\u00f6nnen. <\/p>\n<p>Ihr steht einer turbulenten und schwierigen Zukunft in der Welt gegen\u00fcber, einer Welt, die gro\u00dfen Herausforderungen und Belastungen ausgesetzt sein wird. Es hat wirklich etwas mit der Gr\u00f6\u00dferen Gemeinschaft zu tun, aber ihr k\u00f6nnt das vielleicht noch nicht sehen, denn euer Verstand konzentriert sich immer noch nur auf die menschliche Familie und eure Probleme. Weil die Menschheit im Niedergang ist, ist die Gr\u00f6\u00dfere Gemeinschaft in der Welt und sieht ihre gro\u00dfe Chance, die Kontrolle \u00fcber diese Welt durch die Macht der \u00dcberredung und Verf\u00fchrung zu erlangen. <\/p>\n<p>Ihr seht nicht, dass dies ein Teil der Evolution der Menschheit ist. Wie bei vielen Rassen in der Geschichte des Universums wird man mit Interventionen konfrontiert. Aber nur die Offenbarung von Gott wird euch sagen, was das bedeutet und was ihr tun m\u00fcsst, um hier erfolgreich zu sein. <\/p>\n<p>Heutzutage gibt es viele Lehren in der Welt, die sich mit vielen verschiedenen Problemen und unterschiedlichen Bed\u00fcrfnissen befassen, aber es gibt kein gr\u00f6\u00dferes Problem oder gr\u00f6\u00dferes Bed\u00fcrfnis der menschlichen Familie, als sich auf die Gro\u00dfen Wellen des Wandels und auf die Gr\u00f6\u00dfere Gemeinschaft vorzubereiten. Weil die Menschen das nicht wissen, sehen sie und begreifen das nicht, das ist wirklich das Kernproblem, versteht ihr? <\/p>\n<p>Wenn eure Nationen und ihre Regierungschefs die Gefahr kennen w\u00fcrden, der die Menschheit gegen\u00fcbersteht, w\u00fcrde der Krieg morgen enden. Von Konflikten w\u00fcrde nicht die Rede sein. Es w\u00fcrde von Vorbereitung gesprochen werden; es w\u00fcrde von einem Beitrag gesprochen werden; es w\u00fcrde von Zusammenarbeit gesprochen werden, denn die Welt ist gef\u00e4hrdet. <\/p>\n<p>Dies sind die gro\u00dfen Zeiten, die jetzt vor euch liegen. Deshalb m\u00fcsst ihr von der Gr\u00f6\u00dferen Gemeinschaft lernen, um sie so zu sehen, wie sie wirklich ist, und nicht so, wie die Menschen es wollen, nicht erf\u00fcllt mit den Projektionen der Hoffnung und der Angst. Ihr m\u00fcsst die wahre Gr\u00f6\u00dfere Gemeinschaft sehen und nur Gottes Neue Offenbarung kann euch diese zeigen. <\/p>\n<p>Ihr d\u00fcrft nicht ein Jahrhundert warten, bis die Wissenschaft die wesentlichen Dinge entdeckt. Ihr d\u00fcrft keine Generationen warten, um \u00fcber die Grenzen dieses Sonnensystems hinaus zu kommen. Denn die Intervention ist im Gange und sie gewinnt jeden Tag an St\u00e4rke. <\/p>\n<p>Die Menschheit befindet sich jetzt inmitten eines gr\u00f6\u00dferen Systems von Umst\u00e4nden und muss sich gr\u00f6\u00dferen Herausforderungen stellen und so weiter. Scheue dich nicht davor, denn darum bist du gekommen. Dies ist der gro\u00dfe Wendepunkt f\u00fcr die Menschheit. Denn was die Menschheit w\u00e4hlen wird und der Grad des Bewusstseins, den die Menschheit hat, wird den ganzen Unterschied ausmachen, wie das Ergebnis aussieht. <\/p>\n<p>Ist das das Ende der menschlichen Zivilisation und der menschlichen Freiheit oder ist es der Beginn eines neuen Kapitels in der langen Evolution der Menschheit in der Welt? Die Antwort ist noch ungewiss, weil die Entscheidungen noch nicht wirklich getroffen wurden. <\/p>\n<p>Deshalb fordert dich das Leben heraus, aber es gibt dir auch St\u00e4rke. Es ruft dich aus den Schatten heraus, aus einem leeren Streben nach Erf\u00fcllung\u2014einem Bestreben, das nur zu Verwirrung und Verzweiflung f\u00fchren kann. Es fordert dich auf, die Welt zu erhalten, die menschliche Familie zu sch\u00fctzen. Es ruft dich dazu auf, etwas \u00fcber die Gr\u00f6\u00dfere Gemeinschaft zu erfahren und die Gaben jener im Weltraum zu empfangen, die sich eurer (Gegenwart) und eurer Not bewusst sind und die versuchen, euch zu helfen, indem sie ihre Weisheit mit euch teilen. <\/p>\n<p>Sie werden nicht auf die Welt kommen oder versuchen, menschliches Denken zu beeinflussen oder menschliches Verhalten zu manipulieren. Aber sie wollen nicht, dass ihr in die \u00dcberredungsk\u00fcnste von au\u00dferirdischen M\u00e4chten fallt. Sie wissen, dass ihr die Macht habt, Widerstand zu leisten\u2014die Macht, euch der Intervention zu widersetzen, die Macht, der T\u00e4uschung zu widerstehen, einer T\u00e4uschung, die im Universum gegen die Schwachen und Ahnungslosen so oft praktiziert wird. <\/p>\n<p>Es ist Zeit f\u00fcr deine Ausbildung \u00fcber das Leben in eine gr\u00f6\u00dfere und reifere Phase einzutreten. Hier m\u00fcssen dir Dinge offenbart werden, die du vorher nicht finden konntest. Hier m\u00fcssen dir Dinge gezeigt werden, die du zuvor nicht sehen konntest und die du wahrscheinlich nie selbst finden w\u00fcrdest. <\/p>\n<p>Hier muss der menschlichen Familie eine neue Vision und Weisheit gegeben werden. Hier muss das Individuum stark werden und von der inneren Macht der Kenntnis gef\u00fchrt werden. Hier muss sich die Menschheit vereinen, um die Welt zu sch\u00fctzen, die Welt zu erneuern und eine Grundlage zu schaffen, die euch in die Zukunft tragen kann. <\/p>\n<p>Was Gott wei\u00df, was wahr ist und das, was die Menschheit will, ist nicht dasselbe und dies ist die gro\u00dfe Herausforderung vor dir. Aber was Gott wei\u00df, kannst du noch nicht sehen. So wird es dir jetzt mit den klarsten Begriffen offenbart. Es offenbart sich auf eine solche Weise, um aus dir deine gr\u00f6\u00dfere St\u00e4rke und Entschlossenheit herauszurufen. Sie soll dir die Macht der Kenntnis in dir zeigen, die dich vor T\u00e4uschung sch\u00fctzt und dir den Mut gibt zu sehen, was getan werden muss und die St\u00e4rke, es auszuf\u00fchren. <\/p>\n<p>Wir senden euch Unseren Segen und Unsere Ermutigung. M\u00f6ge alles, was der Menschheit gegeben wurde, angesichts einer gro\u00dfen Finsternis in der Welt, angesichts des gro\u00dfen Wendepunkts f\u00fcr die Menschheit, in vollen Z\u00fcgen genutzt werden.<\/p>\n","protected":false},"excerpt":{"rendered":"<p>Die Bedeutung der Gr\u00f6\u00dferen Gemeinschaft darf in der Neuen Botschaft nicht untersch\u00e4tzt werden, da sich die Menschheit letztlich auf ihre Zukunft in dieser gr\u00f6\u00dferen Arena des intelligenten Lebens vorbereitet. Aber sie ist unvorbereitet und hat keine M\u00f6glichkeit, sich darauf vorzubereiten. Es ist eine Intervention von jenseits der Welt von Rassen, die die Schw\u00e4che und Naivit\u00e4t\u2026 <a class=\"read-more\" href=\"https:\/\/www.v6.newmessage.org\/de\/about-recording-shortcode\/\"><span>Read More<\/span><\/a><\/p>\n","protected":false},"author":8,"featured_media":0,"parent":16486,"menu_order":0,"comment_status":"closed","ping_status":"closed","template":"template-leftsidebar.php","meta":{"_monsterinsights_skip_tracking":false,"_monsterinsights_sitenote_active":false,"_monsterinsights_sitenote_note":"","_monsterinsights_sitenote_category":0,"footnotes":""},"categories":[110,76,118,30,464,460],"tags":[1074,742,1070,1069,1078,1077,1083,1071,1072,1080,1068,1076,1079,1073,1075,741],"_links":{"self":[{"href":"https:\/\/www.v6.newmessage.org\/de\/wp-json\/wp\/v2\/pages\/28578"}],"collection":[{"href":"https:\/\/www.v6.newmessage.org\/de\/wp-json\/wp\/v2\/pages"}],"about":[{"href":"https:\/\/www.v6.newmessage.org\/de\/wp-json\/wp\/v2\/types\/page"}],"author":[{"embeddable":true,"href":"https:\/\/www.v6.newmessage.org\/de\/wp-json\/wp\/v2\/users\/8"}],"replies":[{"embeddable":true,"href":"https:\/\/www.v6.newmessage.org\/de\/wp-json\/wp\/v2\/comments?post=28578"}],"version-history":[{"count":1,"href":"https:\/\/www.v6.newmessage.org\/de\/wp-json\/wp\/v2\/pages\/28578\/revisions"}],"predecessor-version":[{"id":28580,"href":"https:\/\/www.v6.newmessage.org\/de\/wp-json\/wp\/v2\/pages\/28578\/revisions\/28580"}],"up":[{"embeddable":true,"href":"https:\/\/www.v6.newmessage.org\/de\/wp-json\/wp\/v2\/pages\/16486"}],"wp:attachment":[{"href":"https:\/\/www.v6.newmessage.org\/de\/wp-json\/wp\/v2\/media?parent=28578"}],"wp:term":[{"taxonomy":"category","embeddable":true,"href":"https:\/\/www.v6.newmessage.org\/de\/wp-json\/wp\/v2\/categories?post=28578"},{"taxonomy":"post_tag","embeddable":true,"href":"https:\/\/www.v6.newmessage.org\/de\/wp-json\/wp\/v2\/tags?post=28578"}],"curies":[{"name":"wp","href":"https:\/\/api.w.org\/{rel}","templated":true}]}}