{"id":28567,"date":"2018-02-12T09:29:48","date_gmt":"2018-02-12T09:29:48","guid":{"rendered":"https:\/\/www.newmessage.org\/de\/?page_id=28567"},"modified":"2018-02-12T09:29:48","modified_gmt":"2018-02-12T09:29:48","slug":"schutz-der-welt","status":"publish","type":"page","link":"https:\/\/www.v6.newmessage.org\/de\/die-botschaft\/band-1\/die-grosere-gemeinschaft\/schutz-der-welt\/","title":{"rendered":"Schutz der Welt"},"content":{"rendered":"<div><!-- Version 3.5 --><\/div>\n<div class=\"tabgroup \"><ul class=\"tabs\"><li><a href=\"#tabs-1\">H\u00f6re<\/a><\/li>\n<li><a href=\"#tabs-2\"> Anmerkung<\/a><\/li><\/ul>\n <div id=\"tabs-1\"><\/p>\n<p>H\u00f6re die Stimme der Offenbarung:<\/p>\n\t\t\t\t<div id=\"jquery_jplayer_1\" class=\"jp-jplayer\"><\/div>\n\t\t\t\t<div id=\"jp_container_1\" class=\"jp-audio\">\n\t\t\t\t<div class=\"jp-type-single\"><div class=\"jp-control\"><a href=\"javascript:;\" class=\"jp-play\" tabindex=\"1\">play<\/a><a href=\"javascript:;\" class=\"jp-pause\" tabindex=\"1\">pause<\/a><\/div> <div class=\"jp-gui jp-interface\"><div class=\"jp-volume\"><div class=\"jp-volume-bar\"><div class=\"jp-volume-bar-value\"><\/div><\/div><\/div><div class=\"jp-progress\"><div class=\"jp-seek-bar\"><div class=\"jp-play-bar\"><\/div><\/div><\/div><\/div>\t\t\t\t\t<div class=\"jp-no-solution\"><span>Update Required<\/span>To play the media you will need to either update your browser to a recent version or update your <a href=\"http:\/\/get.adobe.com\/flashplayer\/\" target=\"_blank\">Flash plugin<\/a>.<\/div><\/div><\/div>\n\t\t\t<script type='text\/javascript'>\n\t\t\t\tjQuery(document).ready(function() {\n\t\t\t\t\tif (typeof (sermonMedia) == 'function') {\n\t\t\t\t\t\tsermonMedia.addAudio('', \"jquery_jplayer_1\");\n\t\t\t\t\t}\n\t\t\t\t\tjQuery.jPlayer.timeFormat.showHour = true;\n\t\t\t\t\tjQuery(\"#jquery_jplayer_1\").jPlayer({\n\t\t\t\t\t\tready: function(event) {\n\t\t\t\t\t\t\tjQuery(this).jPlayer(\"setMedia\", {mp3: 'https:\/\/newmessage.org\/av\/protecting-the-world.mp3'});\n\t\t\t\t\t\t},\n\t\t\t\t\t\tplay: function() {\n\t\t\t\t\t\t\tjQuery(this).jPlayer(\"pauseOthers\");\n\t\t\t\t\t\t},\n\t\t\t\t\t\tswfPath: ThemeData.directory_uri+\"\/swf\",\n\t\t\t\t\t\tsolution: \"html, flash\",\n\t\t\t\t\t\tpreload: \"metadata\",\n\t\t\t\t\t\twmode: \"window\",\n\t\t\t\t\t\tsupplied: \"mp3\",\n\t\t\t\t\t\tcssSelectorAncestor: '#jp_container_1'\n\t\t\t\t\t});\n\t\t\t\t});\n\t\t\t<\/script>\n<p><a href=\"\/\/www.newmessage.org\/av\/protecting-the-world.mp3\">Lade herunter<\/a> (Rechtsklick zum Herunterladen)<\/p>\n<p><em>Wie offenbart dem Boten<br \/>\nMarshall Vian Summers<br \/>\nam 15. Dezember 2006 \u2013<br \/>\nin Boulder, Colorado<\/em><\/p>\n<p><\/div>\n<div id=\"tabs-2\"><br \/>\n<em> Anmerkung an den Leser:<br \/>\nDiese \u00dcbersetzung wurde der Society von einem Sch\u00fcler der Neuen Botschaft verf\u00fcgbar gemacht, der den englischen Originaltext als Freiwilliger \u00fcbersetzt hat. Wir stellen diese \u00dcbersetzung in dieser fr\u00fchen Form zur Verf\u00fcgung, damit jeder Gelegenheit hat, sich mit einem Teil der Neuen Botschaft in seiner eigenen Sprache zu befassen.<\/em><br \/>\n<\/div>\n\t\t\t\t<div align=\"right\">\n\t\t\t<div class=\"fb-like\" data-href=\"\" data-layout=\"button_count\" data-action=\"like\" data-show-faces=\"false\" data-share=\"false\"><\/div>\n\t\t\t<div class=\"fb-share-button\" data-layout=\"button_count\"> <\/div>\n\t\t\t<div class=\"fb_iframe_widget\"><a href=\"https:\/\/twitter.com\/godsnewmessage?ref_src=twsrc%5Etfw\" class=\"twitter-follow-button\" data-show-count=\"false\">Follow @godsnewmessage<\/a><script async src=\"https:\/\/platform.twitter.com\/widgets.js\" charset=\"utf-8\"><\/script><\/div>\n\t\t\t<\/div> <\/div> \n<br \/>\nEs ist f\u00fcr viele Menschen offensichtlich, dass die Umwelt enormen Belastungen ausgesetzt ist und an vielen Orten eine enorme Verschlechterung erf\u00e4hrt. W\u00e4hrend einige sehr besorgt sind, schenken die meisten Menschen dem nicht viel Aufmerksamkeit, weil sie denken, dass die Umwelt ein endloser Lieferant von allem ist, was sie brauchen. <\/p>\n<p>Viele Menschen haben heute die v\u00f6llige Abh\u00e4ngigkeit von ihrer Umwelt, um ihnen das N\u00f6tigste des Lebens zu geben, aus den Augen verloren\u2014Nahrung, Wasser, Unterkunft und Kleidung\u2014und um ihnen alle Annehmlichkeiten und Vorteile, die sie genie\u00dfen, in dem Ausma\u00df sie ihnen zur Verf\u00fcgung stehen, zu erm\u00f6glichen. <\/p>\n<p>Aber die Umwelt hat eine gro\u00dfe Macht, den Lauf der menschlichen Bestimmung zu beeinflussen und abzuwandeln. Diejenigen, die sich der langen Geschichte der Menschheit bewusst sind, werden dies verstehen. Die Neue Botschaft Gottes betont, dass die Umwelt der Erde erhalten und gut gepflegt werden muss, wenn die Menschheit eine Zukunft haben soll. Denn wenn das nicht geschieht, wird die Menschheit abnehmen, der menschliche Konflikt wird eskalieren und die menschliche Entbehrung und das Leid werden dramatisch zunehmen. <\/p>\n<p>W\u00e4hrend dies f\u00fcr einige Menschen heute offensichtlich ist, ist, was jedoch viele Menschen nicht erkennen, dass dann, wenn die Menschheit auf diese Weise abnehmen w\u00fcrde, ihr extrem anf\u00e4llig f\u00fcr \u00dcberredung und Einfluss von Kr\u00e4ften aus der Gr\u00f6\u00dferen Gemeinschaft, der Gr\u00f6\u00dferen Gemeinschaft des intelligenten Lebens [im Universum], in dem eure Welt besteht, w\u00e4rt. <\/p>\n<p>Denn es gibt heutzutage viele Rassen, die die Menschheit beobachten und auf eine Gelegenheit warten, hier einen Vorteil zu erlangen, auf eine Gelegenheit warten, um Zugang zu den immensen biologischen Ressourcen dieser Welt zu erhalten und auf eine Gelegenheit, in der die Menschheit in einen Zustand der Verzweiflung ger\u00e4t, in dem solche Einfl\u00fcsse enorme Auswirkungen haben werden. <\/p>\n<p>Dies ist die gr\u00f6\u00dfte Bedrohung f\u00fcr die Freiheit und Zukunft der Menschheit. Aber es ist eine Bedrohung, die nur sehr wenige Menschen auf der Welt heute erkennen oder verstehen. Denn um in dieser Gr\u00f6\u00dferen Gemeinschaft des intelligenten Lebens eine freie Rasse zu sein, m\u00fcsst ihr autark sein,  m\u00fcsst ihr vereint sein und \u00e4u\u00dferst diskret. <\/p>\n<p>Nat\u00fcrlich kann die Menschheit nur von einem dieser Vorteile profitieren, und zwar, dass ihr autark seid. Ihr seid kaum vereint. Und ihr seid kaum diskret. <\/p>\n<p>Jene Rassen und Gruppen, die die Welt von jenseits betrachten, jene Rassen, die versuchen, eine schwache und gespaltene Menschheit auszunutzen, k\u00f6nnen Zugang zu all euren Informationen erhalten. Sie werden in den Weltraum \u00fcbertragen. Sie sind f\u00fcr den diskreten Beobachter vollst\u00e4ndig verf\u00fcgbar. <\/p>\n<p>Ihr erkennt noch nicht, was f\u00fcr ein Nachteil das ist, denn ihr glaubt, im Universum isoliert zu sein und dass niemand eure Ufer erreichen kann. Das ist nat\u00fcrlich eine solch t\u00f6richte Annahme. Solch eine l\u00e4cherliche Behauptung. Aber das glauben die meisten Menschen. Das ist es, was die menschliche Wissenschaft immer noch bef\u00fcrwortet. <\/p>\n<p>Die menschliche Familie hat so lange isoliert gelebt, dass sie davon ausgeht, dass Isolation eine Tatsache des Lebens ist. Aber es ist kaum eine Tatsache des Lebens. Wenn ihr au\u00dferhalb eurer Welt stehen und die Handlungen intelligenter Rassen in der Nachbarschaft beobachten k\u00f6nntet, in der eure Welt existiert, w\u00e4re es ganz offensichtlich, dass die Menschheit in gro\u00dfer Gefahr ist. <\/p>\n<p>Glaubt nicht, dass die Menschheit in diesem lokalen Weltraum viel Respekt gewonnen hat. Denn tats\u00e4chlich sehen andere, dass ihr eine Welt von immensem Wert zerst\u00f6rt, ein wahres Juwel im Universum und so versuchen sie zu intervenieren. Aber das k\u00f6nnen sie nicht milit\u00e4risch tun, denn das wird in der Region des Weltraums, in der ihr lebt, verhindert. <\/p>\n<p>Also werden sie subtilere und invasivere Mittel suchen. Solche Mittel sind bereits im Gange und werden von mehreren konkurrierenden Gruppen eingesetzt, die versuchen, die herrliche Umwelt und die Ressourcen dieser Welt f\u00fcr sich selbst zu haben. <\/p>\n<p>Solche Gruppen versuchen nicht, die Menschheit auszurotten, sondern warten, bis die Menschheit v\u00f6llig abh\u00e4ngig und mit allem einverstanden ist, was sie ihr bieten. Das ist der gr\u00f6\u00dfte Nachteil, den ihr f\u00fcr euch selbst schaffen k\u00f6nnt, wenn die menschliche Familie ihre Selbstversorgung verliert. Selbst jenseits des Schreckgespenstes von menschlichem Leid, Konflikt und Krieg w\u00e4re dies ihr gr\u00f6\u00dfter Nachteil. <\/p>\n<p>Denn die Welt k\u00f6nnte ohne einen Schuss abzufeuern, erobert werden. Die Menschheit k\u00f6nnte viel leichter unter die \u00dcberredung fremder M\u00e4chte fallen, als ihr glaubt. Und dies k\u00f6nnte die Menschheit selbst mit ganz geringer au\u00dferirdischer Intervention und \u00dcberredung erreichen. <\/p>\n<p>Deshalb ist die Umwelt das Wichtigste, versteht ihr?\u2014wichtiger als pers\u00f6nlicher Reichtum, wichtiger als nationale milit\u00e4rische St\u00e4rke, wichtiger als die nationale Sicherheit eines Landes. Denn die gr\u00f6\u00dfte Betonung liegt hier auf der Sicherheit der Welt. <\/p>\n<p>Ihr habt gro\u00dfe Barrieren untereinander. Ihr habt gro\u00dfe Mauern der Trennung, die die menschliche Familie teilen, sie schwach, verletzlich und selbstzerst\u00f6rerisch machen. Aber ihr habt keine Barrieren gegen die Gr\u00f6\u00dfere Gemeinschaft. Und als die Ureinwohner dieser Welt seid ihr in einer sehr gef\u00e4hrdeten und prek\u00e4ren Situation. <\/p>\n<p>Die menschliche Einheit ist vielleicht noch weit entfernt. Die menschliche Diskretion ist vielleicht noch weit entfernt. Aber ihr d\u00fcrft eure Selbstversorgung nicht verlieren. Denn wenn ihr das tut, dann werdet ihr dem nachgeben m\u00fcssen, was euch eine fremde Macht bieten wird. Ihr werdet nicht in der Lage sein, diese Angebote abzulehnen. Ihr werdet nicht in der Lage sein, um eure eigenen Interessen zu verhandeln. Ihr werdet erhalten, was auch immer angeboten wird. Und ihr werdet diesen Kr\u00e4ften erlauben, sich hier zu etablieren, in der Hoffnung und dem Glauben, dass es zu eurem Vorteil ist. <\/p>\n<p>Das ist die gro\u00dfe Gefahr, die die Menschheit erwartet. Es ist eine Gefahr, der sich jede aufstrebende Rasse im Universum stellen muss. Denn die ersten, die die Ufer dieser Welt erreichen, werden keine Heiligen und Umweltsch\u00fctzer sein. Die ersten, die die Ufer eurer Welt erreichen, haben kommerzielle Interessen, sind Ressourcensucher, Wirtschaftskollektive, jene, die die einheimischen V\u00f6lker ausnutzen wollen\u2014die die einheimischen V\u00f6lker nicht respektieren oder sie als ihnen nicht gleichgestellt betrachten.<\/p>\n<p>Tats\u00e4chlich nimmt die Menschheit in diesem Augenblick ihre Vorrangstellung in der Welt an. Sie glaubt, dass sie ein gottgegebenes Recht hat, in dieser herausragenden Position in der Welt zu sein. Aber innerhalb dieser Gr\u00f6\u00dferen Gemeinschaft ist die Menschheit eine schwache, geteilte und obsessive  Rasse, die einen Planeten von immensem Wert und Bedeutung f\u00fcr andere besetzt und bewahrt. <\/p>\n<p>Es ist daher wichtig, dass ihr eine Perspektive der Gr\u00f6\u00dferen Gemeinschaft auf so etwas erhaltet, denn wenn ihr dies tut, gewinnt ihr Verst\u00e4ndnis f\u00fcr die Umwelt und euer Verst\u00e4ndnis f\u00fcr ihre Bedeutung f\u00fcr eure Zukunft gewinnt eine ganz neue Betonung. Es ist eine v\u00f6llig praktische Betonung.<\/p>\n<p>Denkt niemals, dass ihr in den Weltraum gehen k\u00f6nnt und dort die Ressourcen beanspruchen k\u00f6nnt, die ihr hier auf der Erde verschwendet habt, denn diese Ressourcen geh\u00f6ren anderen. Nehmt niemals an, dass das Universum nur ein riesiger leerer Raum ist, der auf menschliche Erforschung und menschliche Ausbeutung wartet. Denn ihr seid gegenw\u00e4rtig weder im Universum noch in eurer eigenen Welt alleine. <\/p>\n<p>Die Ignoranz und die Arroganz solcher Annahmen m\u00fcssen korrigiert werden, oder die Menschheit wird fatale Fehler machen, die nicht einmal Gott und Gottes Engel ausgleichen k\u00f6nnen. <\/p>\n<p>Deshalb gibt es eine Neue Botschaft von Gott in der Welt, weil die Menschheit ihre Selbstversorgung zerst\u00f6rt, die Menschheit am Rande des Weltraums steht und die Menschheit bereits Kr\u00e4fte erlebt, die ohne ihre Kontrolle und ohne ihre Genehmigung in ihre Welt eingreifen. <\/p>\n<p>Obwohl es gro\u00dfe Gefahren f\u00fcr die Menschheit in Bezug auf die Verschlechterung ihrer Umwelt, den Klimawandel, den R\u00fcckgang lebensspendender Ressourcen usw. gibt, lauert die gr\u00f6\u00dfte Gefahr\u2014die Gefahr, die die menschliche Souver\u00e4nit\u00e4t f\u00fcr immer in dieser Welt beenden k\u00f6nnte\u2014im Hintergrund, und wartet auf den Moment, wenn die Menschheit sich selbst durch Konflikte, durch Entbehrungen, durch Krieg und durch eine weitere Verschlechterung der Umwelt der Erde in die Knie zwingen wird. <\/p>\n<p>Gott hat diese Welt der Menschheit als einen herrlichen Ort, als ein Paradies in einem Universum voller karger Welten gegeben. Wenn ihr sie ruinieren solltet, wenn ihr ihre lebensspendenden Ressourcen ersch\u00f6pfen solltet, wenn ihr ihre biologische Vielfalt ersch\u00f6pfen solltet, dann werdet ihr mit den Konsequenzen konfrontiert sein, die weitaus schrecklicher und weit dauerhafter sein werden als alles, dem die Menschheit als Ganzes jemals zuvor begegnen musste. <\/p>\n<p>Eure wahre Bestimmung ist es, in diese Gr\u00f6\u00dfere Gemeinschaft des intelligenten Lebens als freie und souver\u00e4ne Rasse aufzustreben, aber dies setzt voraus, dass ihr die drei Voraussetzungen erf\u00fcllt, die jede Rasse erf\u00fcllen muss, um eine solch privilegierte Position im Universum einzunehmen. Ihr m\u00fcsst autark sein. Ihr m\u00fcsst vereint sein. Und ihr m\u00fcsst sehr diskret sein. <\/p>\n<p>Ohne dies wartet die Menschheit nur auf ihre eigene Selbstzerst\u00f6rung. Sie wartet nur auf den wachsenden Einfluss au\u00dferirdischer M\u00e4chte, die die Kontrolle \u00fcber die Welt und die V\u00f6lker der Welt \u00fcbernehmen wollen. <\/p>\n<p>Dies wird durch die Neue Botschaft von Gott offenbart. Dies ist Teil dessen, was die Neue Botschaft von Gott in die Welt gebracht hat. Denn ihr lebt in einer Zeit gro\u00dfer Dringlichkeit, nicht nur f\u00fcr das Leben in diesem Moment, sondern auch f\u00fcr die Zukunftsperspektiven, die jeden Tag ein wenig schw\u00e4cher werden. <\/p>\n<p>Manche Menschen glauben, dass die Welt wie ein F\u00fcllhorn ist, das endlos zur Verf\u00fcgung stellt. Sie br\u00e4uchten nur die Technologie, um immer mehr zu erlangen. Aber die Welt ist ein endlicher Ort mit endlichen Ressourcen. Wenn ihr sie ersch\u00f6pft, steht ihr den Gefahren gegen\u00fcber, die eine solche Ersch\u00f6pfung euch bringen wird. Dies ist eine Wahrheit des Lebens im physischen Universum. Ihr k\u00f6nnt ihr nicht entkommen, egal ob du ein Mensch bist oder ob ihr eine Rasse seid, die in einer anderen Welt lebt, denn die Naturgesetze gelten \u00fcberall. <\/p>\n<p>Daher betont die Neue Botschaft Gottes die Wichtigkeit dieser Selbstversorgung, die Wichtigkeit der menschlichen Einheit und die Wichtigkeit, zu lernen, diskret zu sein, indem man die Natur des Denkens und die Macht in der mentalen Umgebung, in der man lebt, versteht. <\/p>\n<p>Es ist diese mentale Umgebung, diese Umgebung des Denkens und Einflusses, \u00fcber die die Menschheit so wenig wei\u00df und die ihr in Zukunft kompetenter und mit gr\u00f6\u00dferer St\u00e4rke verstehen m\u00fcsst, wenn ihr erfolgreich mit anderen Rassen interagieren wollt, mit anderen Rassen, die in der mentalen Umgebung F\u00e4higkeit erlangt haben. <\/p>\n<p>Die Neue Botschaft Gottes betont dies besonders, denn Gott will, dass die Menschheit eine gro\u00dfe Zukunft hat, eine Zukunft, die gr\u00f6\u00dfer ist als ihre Vergangenheit. Aber die Aussicht auf eine solche Zukunft liegt jetzt in euren H\u00e4nden, individuell und kollektiv. <\/p>\n<p>Du bestimmst deine Zukunft und die Zukunft deiner Kinder und aller Menschen in diesem Moment durch das, was du denkst, wie du lebst, durch das, was du f\u00f6rderst und verteidigst und wie du dich als Mensch in dieser Welt identifizierst. <\/p>\n<p>Wenn du glaubst, nur ein Mitglied eines Stammes oder einer Gruppe oder Nation zu sein, wirst du nicht in der Lage sein, eine gr\u00f6\u00dfere Bewegung in Richtung menschlicher Einheit und Kooperation zu unterst\u00fctzen. Du wirst nur zu einer Seite geh\u00f6ren, die mit anderen Seiten konkurriert\u2014der Welt ihre verbleibenden Ressourcen entzieht, um diese Ressourcen k\u00e4mpft und sich um diese Ressourcen streitet. <\/p>\n<p>Die gro\u00dfe Hoffnung f\u00fcr die Menschheit liegt in der geheimnisvollen Macht der Kenntnis, die der Sch\u00f6pfer jedem Menschen gegeben hat, die jeder Mensch in sich tr\u00e4gt. Es ist diese gro\u00dfe spirituelle Macht, die f\u00fcr die gro\u00dfe Mehrheit der Menschen in der heutigen Welt unerkannt und ungeh\u00f6rt bleibt. <\/p>\n<p>Diese Macht\u2014sollte sie erkannt werden, sollte sie verstanden werden, sollte sie empfangen werden\u2014wird dir beibringen, wie man lebt, wird dir beibringen, wie man sich mit anderen Menschen und mit anderen Nationen und mit anderen Gruppen verh\u00e4lt. Sie wird dir die Wichtigkeit deiner Gedanken und deines Verhaltens beibringen. Sie wird dir alles beibringen, was du brauchst, um in den schwierigen Zeiten voranzukommen und durch diese Zeiten so zu navigieren, dass du menschliche Freiheit und Einheit in allem, was du tust, f\u00f6rderst. <\/p>\n<p>Es gibt kein menschliches Glaubenssystem oder keine Philosophie, die dies erreichen k\u00f6nnte, weil es menschliche Erfindungen sind. Aber diese Kenntnis ist eine Erfindung Gottes. Es ist Gottes Weisheit, die in dich gelegt wurde. <\/p>\n<p>Denn du musst deinen Verstand und deine Gedanken in den Dienst dieser Macht und dieser gr\u00f6\u00dferen Intelligenz stellen, wenn du ihre F\u00fchrung, ihren Schutz und ihre Vorteile erhalten willst. Deshalb enth\u00e4lt die Neue Botschaft von Gott die Lehre des Weges der Kenntnis und zeigt, wie man die Schritte zur Kenntnis geht. <\/p>\n<p>Es beginnt dann innerhalb des Individuums. Denn ein Individuum, das von Kenntnis geleitet wird, ist eine m\u00e4chtige Kraft\u2014viel m\u00e4chtiger als Gesetze oder Vorschriften oder soziale Bewegungen, obwohl sich so etwas aus den Handlungen solcher Individuen ergeben kann. Dann kommt es auf die Verantwortung jedes Einzelnen an, einen Unterschied zu machen\u2014nicht nur f\u00fcr sich selbst, nicht nur um mehr Gl\u00fcck und Erf\u00fcllung in das eigene Leben zu bringen, sondern auch, um eine solide Grundlage f\u00fcr die Zukunft der Menschheit zu schaffen. <\/p>\n<p>Denn in jedem Moment lebst du im Moment und baust die Zukunft. Und zuk\u00fcnftige Generationen werden dir danken oder dich verfluchen, je nachdem, was du heute beisteuerst und wie stark deine \u00dcberzeugungen sind, um die menschliche Einheit und Freiheit heute zu unterst\u00fctzen. <\/p>\n<p>Dies beinhaltet die gemeinsame Nutzung von Ressourcen. Dazu geh\u00f6rt auch, den Wohlstand auf Menschen auszudehnen, die ihn brauchen. Und auch zu lehren, so zu leben, dass die Umwelt und das Umfeld der Menschen nachhaltig und produktiv sind. <\/p>\n<p>Mit Krieg und Konflikt wird sich die Menschheit schw\u00e4chen und ihren eigenen Niedergang f\u00f6rdern. Sollte dies fortgesetzt werden, wird es keine Gewinner geben. Es wird keine siegreichen Nationen oder Gruppen geben, denn die Welt wird sich verschlechtern. Dann werden alle die Sicherheit verlieren. Dann werden alle schw\u00e4cher und anf\u00e4lliger gegen\u00fcber M\u00e4chten und Einfl\u00fcssen von jenseits der Welt sein, die entschlossen sind, hier Zugang und Kontrolle zu erlangen. <\/p>\n<p>Das ist der gro\u00dfe Moment. Das ist die gro\u00dfartige Zeit, in der du lebst. Dies ist eine gro\u00dfartige Berufung, dass Kenntnis in dir in deinem Bewusstsein auftaucht. Dies ist eine gro\u00dfartige Berufung f\u00fcr dich, die Schritte zur Kenntnis zu gehen, denn du lebst an einem gro\u00dfen Wendepunkt. <\/p>\n<p>Es ist ein Wendepunkt, gr\u00f6\u00dfer, als er jemals einem eurer Vorfahren begegnet ist. Die Zukunft der Menschheit wird entschieden und wird in den n\u00e4chsten zehn bis f\u00fcnfzehn Jahren entschieden werden. So wichtig ist diese Zeit. <\/p>\n<p>Vielleicht hast du selbst das Gef\u00fchl, dass dein Leben f\u00fcr einen H\u00f6heren Zweck bestimmt ist, dass du hier in der Welt bist, um etwas Wichtiges zu tun\u2014um etwas zu bewirken, etwas Wertvolles hier einzubringen. Wenn dies deine Erfahrung ist, dann reagierst du auf die gro\u00dfen Zeiten, in denen du lebst, und auf die gro\u00dfen Bed\u00fcrfnisse der Menschheit. Du blickst \u00fcber deine eigenen pers\u00f6nlichen Bed\u00fcrfnisse und W\u00fcnsche hinaus und reagierst auf eine gr\u00f6\u00dfere Macht und ein gr\u00f6\u00dferes Bed\u00fcrfnis in der Welt. Dies ist dann der Beweis f\u00fcr Kenntnis. Es ist sehr wichtig, dass du darauf reagierst. <\/p>\n<p>Die Neue Botschaft von Gott spricht davon. Sie spricht zu diesem Bewusstsein, zu diesem Bed\u00fcrfnis, zu diesem inneren Verst\u00e4ndnis. Sie spricht von dem Bed\u00fcrfnis des Individuums, die Macht und Pr\u00e4senz der Kenntnis f\u00fcr sich selbst zu entdecken. Und sie spricht von dem Bed\u00fcrfnis der ganzen Menschheit, eine Grundlage f\u00fcr die Zukunft zu schaffen, eine Zukunft, in der du erkennen wirst, dass du nicht allein im Universum bist und dass du diese Welt sch\u00fctzen und sichern musst. <\/p>\n<p>Um dies auf jede individuelle Weise zu tun, wie du kannst, bedeutet es, dass du deinen H\u00f6heren Zweck erf\u00fcllst, f\u00fcr den du in die Welt gekommen bist. Dieser H\u00f6here Zweck beruht nicht auf religi\u00f6ser \u00dcberzeugung oder Ideologie. Er basiert auf einer grundlegenden Verantwortung, einer Verantwortung, der gr\u00f6\u00dferen Intelligenz treu zu sein, die der Sch\u00f6pfer in dich gelegt hat, der du hier dienen und sie ausdr\u00fccken sollst. <\/p>\n<p>Du kannst eine Person, zugeh\u00f6rig einer Religion oder eine Person ohne Religion sein und doch auf diese gro\u00dfe Macht in dir reagieren und dieser gro\u00dfen Macht erlauben, sich auszudr\u00fccken und durch deine Gedanken und Handlungen zur Welt beizutragen. <\/p>\n<p>Deshalb ist die Neue Botschaft von Gott nicht einfach ein anderes Glaubenssystem. Sie ist eine Botschaft f\u00fcr alle V\u00f6lker und alle Religionen der Welt. Sie ist ein Ruf nach menschlichem Bewusstsein, menschlicher Einheit und menschlicher Verantwortung. Sie gilt f\u00fcr alle V\u00f6lker, alle Nationen und alle Glaubenstraditionen. <\/p>\n<p>Denn das ist die gro\u00dfartige Zeit, in der du lebst. Dies ist der gro\u00dfe Wendepunkt, f\u00fcr den du gekommen bist. Es ist ein gro\u00dfer Wendepunkt, der dein Leben vollst\u00e4ndig einschlie\u00dft. Es ist ein gro\u00dfer Wendepunkt, f\u00fcr den du verantwortlich bist. <\/p>\n<p>Niemand von jenseits der Welt, niemand aus der Gr\u00f6\u00dferen Gemeinschaft, wird kommen und die Menschheit retten. Keine Technologie wird die Menschheit retten. Keine magische Macht vom Sch\u00f6pfer wird in der letzten Stunde kommen und alle Schwierigkeiten verschwinden lassen. <\/p>\n<p>Gott hat dir bereits die Antwort gegeben. Die Antwort liegt in der Kenntnis in dir. Diese Antwort ist nicht nur eine Vorstellung oder ein Rezept. Es ist eine f\u00fchrende Macht und ein Einfluss. Sie ist nicht an menschliche Religionen oder Ideologien oder Philosophien gebunden, weil sie gottgegeben ist. Sie ist keine menschliche Sch\u00f6pfung. Sie ist eine Sch\u00f6pfung Gottes. Und ob du an Gott glaubst oder nicht, diese Kraft und diese Pr\u00e4senz steht dir zur Verf\u00fcgung und du brauchst sie so sehr. <\/p>\n<p>Erkenne also, dass deine Umwelt immens wichtig ist. Was auch immer du tun kannst\u2014welche geringen Handlungen auch immer du vornehmen kannst, was auch immer im Bereich deiner pers\u00f6nlichen F\u00e4higkeit, Macht und Verantwortung liegt, um diese Umwelt zu verbessern und zu erhalten, ist grundlegend f\u00fcr deinen Erfolg. <\/p>\n<p>Du wirst in dir selbst f\u00fchlen, dass alles, was du tun kannst, ein Gef\u00fchl der Zufriedenheit und ein Gef\u00fchl von Wert f\u00fcr dich erzeugen wird. Es ist ganz nat\u00fcrlich, dass du so f\u00fchlst. Aus diesem Grund bist du in die Welt gekommen\u2014um die menschliche Freiheit und die Zukunft der Menschheit zu unterst\u00fctzen und um f\u00fcr die Welt zu sorgen, die euch gegeben wurde, um dies zu erm\u00f6glichen. <\/p>\n","protected":false},"excerpt":{"rendered":"<p>Es ist f\u00fcr viele Menschen offensichtlich, dass die Umwelt enormen Belastungen ausgesetzt ist und an vielen Orten eine enorme Verschlechterung erf\u00e4hrt. W\u00e4hrend einige sehr besorgt sind, schenken die meisten Menschen dem nicht viel Aufmerksamkeit, weil sie denken, dass die Umwelt ein endloser Lieferant von allem ist, was sie brauchen. Viele Menschen haben heute die v\u00f6llige\u2026 <a class=\"read-more\" href=\"https:\/\/www.v6.newmessage.org\/de\/about-recording-shortcode\/\"><span>Read More<\/span><\/a><\/p>\n","protected":false},"author":8,"featured_media":0,"parent":16486,"menu_order":0,"comment_status":"closed","ping_status":"closed","template":"template-leftsidebar.php","meta":{"_monsterinsights_skip_tracking":false,"_monsterinsights_sitenote_active":false,"_monsterinsights_sitenote_note":"","_monsterinsights_sitenote_category":0,"footnotes":""},"categories":[110,76,118,30,464,460],"tags":[1074,742,1070,1069,1078,1077,1071,1072,1080,1068,1076,1079,1073,1075,741],"_links":{"self":[{"href":"https:\/\/www.v6.newmessage.org\/de\/wp-json\/wp\/v2\/pages\/28567"}],"collection":[{"href":"https:\/\/www.v6.newmessage.org\/de\/wp-json\/wp\/v2\/pages"}],"about":[{"href":"https:\/\/www.v6.newmessage.org\/de\/wp-json\/wp\/v2\/types\/page"}],"author":[{"embeddable":true,"href":"https:\/\/www.v6.newmessage.org\/de\/wp-json\/wp\/v2\/users\/8"}],"replies":[{"embeddable":true,"href":"https:\/\/www.v6.newmessage.org\/de\/wp-json\/wp\/v2\/comments?post=28567"}],"version-history":[{"count":1,"href":"https:\/\/www.v6.newmessage.org\/de\/wp-json\/wp\/v2\/pages\/28567\/revisions"}],"predecessor-version":[{"id":28569,"href":"https:\/\/www.v6.newmessage.org\/de\/wp-json\/wp\/v2\/pages\/28567\/revisions\/28569"}],"up":[{"embeddable":true,"href":"https:\/\/www.v6.newmessage.org\/de\/wp-json\/wp\/v2\/pages\/16486"}],"wp:attachment":[{"href":"https:\/\/www.v6.newmessage.org\/de\/wp-json\/wp\/v2\/media?parent=28567"}],"wp:term":[{"taxonomy":"category","embeddable":true,"href":"https:\/\/www.v6.newmessage.org\/de\/wp-json\/wp\/v2\/categories?post=28567"},{"taxonomy":"post_tag","embeddable":true,"href":"https:\/\/www.v6.newmessage.org\/de\/wp-json\/wp\/v2\/tags?post=28567"}],"curies":[{"name":"wp","href":"https:\/\/api.w.org\/{rel}","templated":true}]}}