{"id":28564,"date":"2018-02-02T01:33:02","date_gmt":"2018-02-02T01:33:02","guid":{"rendered":"https:\/\/www.newmessage.org\/de\/?page_id=28564"},"modified":"2019-06-27T05:07:07","modified_gmt":"2019-06-27T05:07:07","slug":"vorbereitung-auf-die-grosere-gemeinschaft","status":"publish","type":"page","link":"https:\/\/www.v6.newmessage.org\/de\/die-botschaft\/band-1\/die-grosere-gemeinschaft\/vorbereitung-auf-die-grosere-gemeinschaft\/","title":{"rendered":"Vorbereitung auf die Gr\u00f6\u00dfere Gemeinschaft"},"content":{"rendered":"<div><!-- Version 3.5 --><\/div>\n<div class=\"tabgroup \"><ul class=\"tabs\"><li><a href=\"#tabs-1\">H\u00f6re<\/a><\/li>\n<li><a href=\"#tabs-2\"> Anmerkung<\/a><\/li><\/ul>\n <div id=\"tabs-1\"><\/p>\n<p>H\u00f6re die Stimme der Offenbarung:<\/p>\n\t\t\t\t<div id=\"jquery_jplayer_1\" class=\"jp-jplayer\"><\/div>\n\t\t\t\t<div id=\"jp_container_1\" class=\"jp-audio\">\n\t\t\t\t<div class=\"jp-type-single\"><div class=\"jp-control\"><a href=\"javascript:;\" class=\"jp-play\" tabindex=\"1\">play<\/a><a href=\"javascript:;\" class=\"jp-pause\" tabindex=\"1\">pause<\/a><\/div> <div class=\"jp-gui jp-interface\"><div class=\"jp-volume\"><div class=\"jp-volume-bar\"><div class=\"jp-volume-bar-value\"><\/div><\/div><\/div><div class=\"jp-progress\"><div class=\"jp-seek-bar\"><div class=\"jp-play-bar\"><\/div><\/div><\/div><\/div>\t\t\t\t\t<div class=\"jp-no-solution\"><span>Update Required<\/span>To play the media you will need to either update your browser to a recent version or update your <a href=\"http:\/\/get.adobe.com\/flashplayer\/\" target=\"_blank\">Flash plugin<\/a>.<\/div><\/div><\/div>\n\t\t\t<script type='text\/javascript'>\n\t\t\t\tjQuery(document).ready(function() {\n\t\t\t\t\tif (typeof (sermonMedia) == 'function') {\n\t\t\t\t\t\tsermonMedia.addAudio('', \"jquery_jplayer_1\");\n\t\t\t\t\t}\n\t\t\t\t\tjQuery.jPlayer.timeFormat.showHour = true;\n\t\t\t\t\tjQuery(\"#jquery_jplayer_1\").jPlayer({\n\t\t\t\t\t\tready: function(event) {\n\t\t\t\t\t\t\tjQuery(this).jPlayer(\"setMedia\", {mp3: 'https:\/\/newmessage.org\/av\/preparing-for-the-greater-community.mp3'});\n\t\t\t\t\t\t},\n\t\t\t\t\t\tplay: function() {\n\t\t\t\t\t\t\tjQuery(this).jPlayer(\"pauseOthers\");\n\t\t\t\t\t\t},\n\t\t\t\t\t\tswfPath: ThemeData.directory_uri+\"\/swf\",\n\t\t\t\t\t\tsolution: \"html, flash\",\n\t\t\t\t\t\tpreload: \"metadata\",\n\t\t\t\t\t\twmode: \"window\",\n\t\t\t\t\t\tsupplied: \"mp3\",\n\t\t\t\t\t\tcssSelectorAncestor: '#jp_container_1'\n\t\t\t\t\t});\n\t\t\t\t});\n\t\t\t<\/script>\n<p><a title=\"Preparing for the Greater Community\" href=\"https:\/\/newmessage.org\/av\/preparing-for-the-greater-community.mp3\">Lade herunter<\/a> (Rechtsklick zum Herunterladen)<\/p>\n<p><em>Wie offenbart dem Boten<br \/>\nMarshall Vian Summers<br \/>\nam 15 April 2011 \u2013<br \/>\nin Boulder, Colorado<\/em><\/p>\n<p><\/div>\n<div id=\"tabs-2\"><br \/>\n<em> Anmerkung an den Leser:<br \/>\nDiese \u00dcbersetzung wurde der Society von einem Sch\u00fcler der Neuen Botschaft verf\u00fcgbar gemacht, der den englischen Originaltext als Freiwilliger \u00fcbersetzt hat. Wir stellen diese \u00dcbersetzung in dieser fr\u00fchen Form zur Verf\u00fcgung, damit jeder Gelegenheit hat, sich mit einem Teil der Neuen Botschaft in seiner eigenen Sprache zu befassen.<\/em><br \/>\n<\/div>\n\t\t\t\t<div align=\"right\">\n\t\t\t<div class=\"fb-like\" data-href=\"\" data-layout=\"button_count\" data-action=\"like\" data-show-faces=\"false\" data-share=\"false\"><\/div>\n\t\t\t<div class=\"fb-share-button\" data-layout=\"button_count\"> <\/div>\n\t\t\t<div class=\"fb_iframe_widget\"><a href=\"https:\/\/twitter.com\/godsnewmessage?ref_src=twsrc%5Etfw\" class=\"twitter-follow-button\" data-show-count=\"false\">Follow @godsnewmessage<\/a><script async src=\"https:\/\/platform.twitter.com\/widgets.js\" charset=\"utf-8\"><\/script><\/div>\n\t\t\t<\/div> <\/div> \n<br \/>\nDie Menschheit bereitet sich auf die Gr\u00f6\u00dfere Gemeinschaft vor. Sie wei\u00df es nat\u00fcrlich noch nicht, aber das ist ihre Evolutionsstufe und alle sind daran beteiligt. Die Tatsache, dass die Menschheit auf die Realit\u00e4ten des Kontakts mit dem Leben im Universum nicht vorbereitet ist, ist sehr offensichtlich, aber auf einer unbewussten Ebene erwarten dies die Menschen. Und deshalb taucht es in euren Filmen, in euren B\u00fcchern, in der menschlichen Fantasie auf. Es gibt hier ein K\u00f6rnchen Wahrheit, ein Element der Wahrheit. <\/p>\n<p>Es gibt einen Grund, weshalb Menschen nicht \u00f6ffentlich \u00fcber so etwas sprechen k\u00f6nnen, weil sie im sozialen Diskurs entmutigt wurden. Jenes UFO, das in eurem Himmel fliegt, ist eine unbestreitbare Realit\u00e4t, und doch wollen die Leute nicht daran denken. Und wenn sie daran denken, wollen sie es positiv sehen\u2014dass etwas Wunderbares passiert, dass ihr Besucher habt, und dass sie hier sind, um euch zu helfen und zu leiten und euch auf die schwierigen Herausforderungen vorzubereiten, die in der Welt heute entstehen. <\/p>\n<p>Ihr bereitet euch auf die Gr\u00f6\u00dfere Gemeinschaft vor. Unbewusst, vielleicht t\u00f6richt und leichtsinnig bereitet ihr euch auf die Gr\u00f6\u00dfere Gemeinschaft vor. Sie ist f\u00fcr euch vorbereitet. Rassen, die heute hier in der Welt sind, sind sehr gut auf ihre Mission vorbereitet, eine Aufgabe, die nur wenige Menschen auf der Welt heute begreifen und verstehen. <\/p>\n<p>Deshalb muss euch die Offenbarung von Gott so etwas auf die klarste Weise offenbaren, damit es keinen Fehler gibt, keinen tragischen Irrtum im Urteil, keinen Irrtum und keine Selbstt\u00e4uschung bez\u00fcglich der Intervention in der heutigen Welt. <\/p>\n<p>Der Reichtum der Welt wird gepl\u00fcndert und ruiniert und die Gefahr dieser Zunahme hat die Intervention hierher gebracht. Sie ist auch gekommen, weil die Menschheit eine Infrastruktur geschaffen hat, die diese Rassen f\u00fcr sich nutzen k\u00f6nnen. Ihr habt jetzt eine weltweite Gemeinschaft, eine weltweite Kommunikation, einen weltweiten Handel und die Anf\u00e4nge einer weltweiten Regierung. <\/p>\n<p>Es ist die gro\u00dfe Chance f\u00fcr die Kr\u00e4fte der Intervention. Sie m\u00fcssen schnell handeln, bevor die Menschheit den Reichtum der Welt zerst\u00f6rt, den Reichtum, den die Intervention f\u00fcr sich haben will. Sie m\u00fcssen auch handeln, bevor die Menschheit st\u00e4rker wird, was die Intervention schwieriger machen w\u00fcrde. <\/p>\n<p>Es ist eine komplexe Situation, und um sie zu verstehen, m\u00fcsst ihr eine Ausbildung und Vorbereitung \u00fcber die Gr\u00f6\u00dfere Gemeinschaft des Lebens selbst erhalten\u2014eine Realit\u00e4t, die in der Welt unbekannt ist. Darum muss die Offenbarung auch \u00fcber so etwas sprechen. <\/p>\n<p>Die religi\u00f6sen Traditionen der Welt wurden nicht gegeben, um die Menschheit auf die Gr\u00f6\u00dfere Gemeinschaft vorzubereiten. Sie wurden auch nicht gegeben, um die Menschheit auf eine Welt im Niedergang vorzubereiten\u2014eine Welt abnehmender Ressourcen und eine Welt eskalierender Instabilit\u00e4t, eine globale Gemeinschaft. Die alten Lehren k\u00f6nnen die Menschheit nicht auf das vorbereiten, was jetzt kommt, und wer in eurer Mitte ist, und warum sie hier sind und die Methoden, die sie anwenden, um ihre Ziele der \u00dcberredung und Dominanz zu erreichen. So etwas muss einer unvorsichtigen und unvorbereiteten Menschheit offenbart werden. <\/p>\n<p>Ihr k\u00f6nnt die Evolution des Lebens nicht aufhalten. Auch die Entwicklung der Zivilisation muss voranschreiten. Ihr werdet euch der Gr\u00f6\u00dferen Gemeinschaft stellen m\u00fcssen\u2014ob ihr bereit seid oder nicht, ob ihr wollt oder nicht, ob ihr vorbereitet seid oder nicht. Wenn ihr nicht wollt und nicht vorbereitet seid und ihr nicht bereit seid, dann befindet ihr euch in einer extrem gef\u00e4hrlichen Position  und die menschliche Familie ist in Gefahr. <\/p>\n<p>Dies sind gr\u00f6\u00dfere Angelegenheiten, die nicht nur von Personen in privilegierten Positionen in der Regierung, von Philosophen oder Theologen zu ber\u00fccksichtigen sind. Es ist die Sorge und der Fokus der B\u00fcrger der Welt. Wenn sie nicht wissen wollen und nicht reagieren k\u00f6nnen, was kann eine Regierung tun? <\/p>\n<p>Darum wird die Offenbarung den B\u00fcrgern der Welt gebracht, dir\u2014um dich zu warnen, um dich vorzubereiten, um dich zu st\u00e4rken und um dich von Illusionen und Fehlwahrnehmungen zu befreien, damit du der Gr\u00f6\u00dferen Gemeinschaft klar, ehrlich und objektiv begegnest. Denn sie ist wirklich kein Geheimnis. Sie ist nur eine Wahrheit, die verborgen wird. Sie wird von den Regierungen der Welt verborgen. Sie wird durch die Intervention selbst verborgen. [Dennoch] ist sie ein Teil der Natur. <\/p>\n<p>Ihr begegnet einer Konkurrenz von jenseits der Welt. Diese Kr\u00e4fte sind nicht hier, um die Menschheit zu eliminieren, sondern um die Menschheit einzugrenzen und um in der Welt Aufstieg zu erlangen, denn sie k\u00f6nnen nicht in dieser Umgebung leben. Sie brauchen menschliche Hilfe. Es ist eine gef\u00e4hrliche Situation. <\/p>\n<p>Ihr werdet zuerst Angst haben. Ihr k\u00f6nntet es sogar leugnen und denken, dass ihr euch nicht mit Dingen dieser Art besch\u00e4ftigen wollt. Aber das ist die Evolution des Lebens. Ihr m\u00fcsst reagieren, wenn ihr erfolgreich sein wollt. Es ist eine gro\u00dfe und schwierige Herausforderung, aber die Menschheit ist in der Lage, sich dieser Herausforderung zu stellen und sie zu \u00fcberwinden. <\/p>\n<p>Die Kr\u00e4fte in der heutigen Welt sind gering. Sie k\u00f6nnen die Welt nicht mit Gewalt erobern, denn das ist in dieser Region des Weltraums nicht erlaubt\u2014etwas, wovon die Menschheit nichts wei\u00df. <\/p>\n<p>Um die Intervention zu verstehen, m\u00fcsst ihr \u00fcber die Gr\u00f6\u00dfere Gemeinschaft selbst informiert sein, und nur Gott kann euch erziehen. Denn selbst eine au\u00dferirdische Rasse kennt weder das menschliche Herz noch die menschliche Seele\u2014selbst eine vorteilhafte au\u00dferirdische Rasse, selbst die wenigen Rassen, die in dieser Region des Weltraums frei sind, die man &#8220;die Verb\u00fcndeten der Menschheit&#8221; nennen k\u00f6nnte, selbst sie k\u00f6nnen euch nicht wirklich ganz darauf vorbereiten, denn sie kennen weder euer Herz noch eure Seele. Sie kennen eure Geschichte nicht. Sie sind nicht eure Quelle. <\/p>\n<p>Dies ist eine der gro\u00dfen Realit\u00e4ten, die es in dieser Zeit zu meistern gilt, eine Realit\u00e4t, die eure Sichtweise und Perspektive der Welt ver\u00e4ndern wird und euch bewusst macht, dass der menschliche Konflikt aufh\u00f6ren muss und dass sich die Menschheit auf die Realit\u00e4ten, Schwierigkeiten und Chancen der Gr\u00f6\u00dferen Gemeinschaft vorbereiten muss. <\/p>\n<p>Die Offenbarung Gottes hat offenbart, wie dies getan werden kann und was es bedeutet, und die Realit\u00e4ten und die Spiritualit\u00e4t der Gr\u00f6\u00dferen Gemeinschaft selbst. Dies ist Teil eures \u00dcberlebens in einer sich radikal ver\u00e4ndernden Welt, denn die Menschheit tritt aus der Isolation im Universum hervor und ihr werdet diese Isolation nie wieder haben. <\/p>\n<p>Eine Intervention wird jetzt versucht, und selbst wenn sie vereitelt wird, wird sie in Zukunft versucht werden. Denn die Welt ist ein Juwel und die Menschheit hat als Verwalter der Welt nicht die volle Verantwortung \u00fcbernommen. Ihr habt keine nachhaltige Zukunft geschaffen, was die Gelegenheiten f\u00fcr eine Intervention er\u00f6ffnet. <\/p>\n<p>Denkt nicht, dass ihr im Universum wirklich wichtig seid, dass andere Rassen hierher kommen w\u00fcrden, um euch zu helfen und sich mit euren wundervollen Eigenschaften zu besch\u00e4ftigen. T\u00e4uscht euch nicht selbst und begl\u00fcckw\u00fcnscht euch selbst auf diese Weise. Denn ihr m\u00fcsst einen n\u00fcchternen Ansatz haben, und ihr d\u00fcrft den Mut und den Glauben an die Menschheit nicht verlieren. Die Intervention wird versuchen, euch das Selbstvertrauen zu nehmen. Das geh\u00f6rt zu ihren \u00dcberredungsk\u00fcnsten. <\/p>\n<p>Ihr m\u00fcsst erkennen, dass die Menschheit im Universum eine Bestimmung als freie und selbstbestimmte Rasse hat, aber um dies zu erreichen, m\u00fcsst ihr Weisheit und Kenntnis aus dem Universum lernen, was euch wirklich nur Gott geben kann. <\/p>\n<p>Deshalb ist die Neue Offenbarung hier, um euch auf die Gr\u00f6\u00dfere Gemeinschaft vorzubereiten. Die Offenbarung ist auch hier, um euch darauf vorzubereiten, in einer neuen Welt zu leben\u2014einer Welt mit  einer sich \u00e4ndernden Umwelt und politischer und sozialer Instabilit\u00e4t und Umw\u00e4lzung. <\/p>\n<p>Die Offenbarung ist hier, um euch \u00fcber Spiritualit\u00e4t auf der Ebene der Kenntnis zu unterrichten, die gr\u00f6\u00dfere Intelligenz, die Gott in jede Person gelegt hat. Die Offenbarung ist hier, um euch Kenntnis und Weisheit aus dem Universum zu bringen, damit ihr euch auf das Leben im Universum vorbereiten k\u00f6nnt. Und die Offenbarung ist hier, um euch \u00fcber die G\u00f6ttliche Pr\u00e4senz, den Plan und den Willen in der Welt zu lehren und um die gr\u00f6\u00dfere Wahrheit \u00fcber diese Dinge zu offenbaren und was es f\u00fcr euch und euer Leben und eure Bestimmung bedeutet. <\/p>\n<p>Ihr habt jetzt eine gro\u00dfe Verantwortung, auf die sich wandelnden Bedingungen der Welt und auf den Aufstieg der Menschheit in eine Gr\u00f6\u00dfere Gemeinschaft des Lebens zu reagieren. Ihr habt die Verantwortung, von der Gr\u00f6\u00dferen Gemeinschaft zu lernen und euch auf die Gr\u00f6\u00dfere Gemeinschaft vorzubereiten und ein Mensch der Welt zu werden und nicht nur ein Mensch einer kleinen Gruppe, eines Stammes oder einer Nation. Denn die ganze Welt wird durch die Intervention gef\u00e4hrdet.<\/p>\n<p>Lasst euch von eurer nationalen Identit\u00e4t nicht im Hinblick auf eure gr\u00f6\u00dferen Verantwortlichkeiten blenden. Die Vorbereitung muss geteilt werden und muss ber\u00fccksichtigt werden. Der Schleier der Geheimhaltung muss beiseitegeschoben werden. Der Schleier des Spottes muss beiseitegeschoben werden. Dies muss auf der Ebene der B\u00fcrger geschehen, denn dies kann nicht allein auf der Ebene von Regierungen oder f\u00fchrenden Kr\u00e4ften geschehen. <\/p>\n<p>Ihr betretet ein gr\u00f6\u00dferes Panorama des Lebens. Ihr d\u00fcrft es nicht auf die leichte Schulter nehmen. Ihr d\u00fcrft eure Konflikte und eure Fantasien und eure absurden Interaktionen nicht in den Weltraum \u00fcbertragen. Ihr m\u00fcsst erfahren, wer in eurem Himmel fliegt, wer die Menschen gegen ihren Willen entf\u00fchrt. Das darf jetzt kein tiefes dunkles Geheimnis sein. Es muss enth\u00fcllt werden, damit die Menschen es sehen und  deutlich verstehen k\u00f6nnen. Denn wie Wir gesagt haben, es ist kein Geheimnis. Es ist eine verborgene Wahrheit, die von vielen Kr\u00e4ften verborgen wird. <\/p>\n<p>Das Individuum muss mit klaren Augen sehen und nicht von den \u00dcberzeugungen von Regierungen oder sozialen Konventionen oder sozialen \u00dcberzeugungen beherrscht werden. Wenn ihr frei sein wollt, muss dies der Fall sein. Wenn ihr in einer aufstrebenden Welt beitragen wollt, muss dies der Fall sein. Wenn ihr euch selbst auf die Gr\u00f6\u00dfere Gemeinschaft vorbereiten wollt, was meist eine interne Vorbereitung ist, muss dies der Fall sein. <\/p>\n<p>So wie es jetzt ist, wird die Menschheit in die H\u00e4nde der Intervention fallen, wenn nicht gro\u00dfe Anstrengungen unternommen werden, der Intervention zu widerstehen und ihre Gegenwart und ihren Zweck in der Welt zu offenbaren. Die Intervention hat ihre menschlichen Vertreter, Menschen, die sie gegen ihren Willen entf\u00fchrt haben und die sich ihren \u00dcberzeugungen zugewandt haben. Dies ist nicht anders als das, was Nationen miteinander tun\u2014einander zu untergraben, einander zu \u00fcberfl\u00fcgeln und Zugang zu den Ressourcen und dem Reichtum des anderen zu bekommen. Sie geschieht jetzt nur auf einer komplexeren und verborgeneren Ebene. <\/p>\n<p>Das Geheimnis muss enth\u00fcllt werden. Es ist klar. Es ist nicht zweideutig. Alle au\u00dferirdischen Rassen in der heutigen Welt sind Teil der Intervention. Die wahren Verb\u00fcndeten der Menschheit werden nicht in menschliche Angelegenheiten eingreifen, denn wenn sie eingreifen w\u00fcrden, m\u00fcssten sie das menschliche Verst\u00e4ndnis und die Wahrnehmung kontrollieren, was sie als freie Rassen nicht tun werden. Und es gibt andere Gr\u00fcnde, weshalb sie nicht eingreifen werden, von denen ihr durch die  Offenbarung erfahren m\u00fcsst. <\/p>\n<p>Wissentlich oder nicht, bereitwillig oder nicht, bereitet ihr euch auf die Gr\u00f6\u00dfere Gemeinschaft vor. Dies ist eines der gro\u00dfen Bed\u00fcrfnisse eurer Zeit. Wenn Nationen so etwas verstehen w\u00fcrden, w\u00fcrde der menschliche Konflikt enden. Die menschliche \u00dcberwachung des Himmels w\u00fcrde nicht nur eine Angelegenheit geheimer Regierungsbeh\u00f6rden sein, sondern auch eine Verantwortung f\u00fcr die B\u00fcrger \u00fcberall. Die Entf\u00fchrung von Menschen gegen ihren Willen w\u00fcrde enth\u00fcllt werden und die Intervention w\u00fcrde aufgedeckt werden. Sie beruht auf menschlicher Unterwerfung und menschlicher Ignoranz. Wenn sie aufgedeckt wird, muss sie sich zur\u00fcckziehen. Dies ist die Macht, die die Menschheit f\u00fcr sich selbst aus\u00fcben k\u00f6nnte, die jetzt nicht ausge\u00fcbt wird. <\/p>\n<p>Die Bildung \u00fcber die Gr\u00f6\u00dfere Gemeinschaft muss beginnen. Es ist h\u00f6chste Zeit, die Stunde ist sp\u00e4t und die Situation wird mit jedem Tag dunkler und schwieriger. <\/p>\n<p>Du wurdest in die Welt gesandt, um dich diesen Dingen zu stellen. Ungeachtet deiner pers\u00f6nlichen Sorgen, ungeachtet deiner Vorlieben, ungeachtet deines pers\u00f6nlichen Gesundheitszustands, ist dies die Wahrheit deiner Anwesenheit in der Welt. Du wurdest nicht vor hundert Jahren in die Welt gesandt, als es hier keine Intervention gab. Du wurdest nicht vor f\u00fcnfzig Jahren in die Welt gesandt, bevor die Intervention wirklich manifest wurde. Dies ist deine Zeit und dein Ort. Dies ist die Welt, in die du  gekommen bist, ihr zu dienen. Ignoriere dies und du wirst deinen wahren Zweck und Beitrag in der Welt nicht finden. <\/p>\n<p>Manche Menschen haben eine Verbindung mit dem Leben im Universum, aber jeder muss sich der Intervention stellen. Jeder muss seine Ausbildung der Gr\u00f6\u00dferen Gemeinschaft beginnen, wenn die Menschheit eine Zukunft als freie und selbstbestimmte Rasse haben soll. <\/p>\n<p>Konkurrenten sind heute in der Welt und agieren heimlich. Wie kannst du das ohne die Offenbarung verstehen? Du kannst dich nicht auf die Gr\u00f6\u00dfere Gemeinschaft vorbereiten, weil du nicht wei\u00dft, worauf du dich vorbereitest. Und menschliche Phantasie, Spekulation und Projektion bez\u00fcglich des Lebens im Universum haben sehr wenig mit den Realit\u00e4ten zu tun, denen ihr euch stellen m\u00fcsst. <\/p>\n<p>Scheut euch nicht davor, denn das ist Teil eurer Berufung. Dies ist Teil der erforderlichen Ausbildung eurer Zeit. Das wird euch motivieren, die Welt zu bewahren, denn eure Selbstversorgung im Universum ist extrem wichtig und ist eines der notwendigen Kriterien, um Freiheit und Selbstbestimmung im Universum beizubehalten. <\/p>\n<p>Die Offenbarung bringt die Vorbereitung auf die Gr\u00f6\u00dfere Gemeinschaft, die einzige Vorbereitung in der heutigen Welt. Das Timing ist kritisch. Das Bed\u00fcrfnis ist enorm, obwohl es von den meisten Menschen hier ungesehen und unerkannt bleibt. <\/p>\n<p>Sei couragiert. Sei bestimmt. Du musst mutig und entschlossen sein, um dich auf die Gr\u00f6\u00dfere Gemeinschaft vorzubereiten. Du musst geduldig sein, denn dies ist eine gr\u00f6\u00dfere Ausbildung. Sie kann nicht in wenigen S\u00e4tzen oder einfachen Definitionen definiert werden. Du darfst angesichts einer solch gro\u00dfen Schwelle nicht unt\u00e4tig und t\u00f6richt sein. <\/p>\n<p>Gott wei\u00df, was kommt, und Gott muss die Menschheit vorbereiten, die nicht sieht und nicht wei\u00df. Es ist die Herausforderung, sich der neuen Welt zu stellen, einer Welt im Niedergang und der Herausforderung, der Gr\u00f6\u00dferen Gemeinschaft gegen\u00fcberzustehen, die Menschen vereint und Menschen st\u00e4rkt und es der Menschheit erm\u00f6glicht, ihre alten Konflikte und Animosit\u00e4ten zu \u00fcberwinden. <\/p>\n<p>Ihr habt ein gemeinsames Bed\u00fcrfnis. Es ist so vorherrschend, dass es alles andere \u00fcberschatten kann. Dies ist das Geschenk der gro\u00dfen Herausforderung, mit der ihr konfrontiert seid\u2014wenn diese Herausforderung verstanden werden kann, wenn die Ausbildung \u00fcber die Intervention und die Gr\u00f6\u00dfere Gemeinschaft vorgestellt und geteilt werden kann. <\/p>\n<p>Beteiligt euch und ihr werdet den Kleinigkeiten eures Lebens und euren eigenen Leiden \u00fcber Kleinigkeiten entkommen. Ihr werdet die Wichtigkeit eurer Pr\u00e4senz in der Welt sehen und warum ihr gesegnet und geleitet wurdet, die Neue Offenbarung zu empfangen. <\/p>\n<p>Die Menschheit hat ein gro\u00dfes Versprechen im Universum, aber damit dieses Versprechen verwirklicht werden kann, muss sie erwachsen werden. Ihr d\u00fcrft nicht Heranwachsende sein. Ihr d\u00fcrft angesichts gr\u00f6\u00dferer Dinge nicht t\u00f6richt und selbstgef\u00e4llig sein. Andere Kr\u00e4fte sind in eurer Mitte. Ihr werdet euch jetzt mit ihnen auseinandersetzen m\u00fcssen, und das wird die Menschheit erheben und euch eine gr\u00f6\u00dfere St\u00e4rke und eine gr\u00f6\u00dfere Entschlossenheit f\u00fcr die Zukunft geben.<\/p>\n","protected":false},"excerpt":{"rendered":"<p>Die Menschheit bereitet sich auf die Gr\u00f6\u00dfere Gemeinschaft vor. Sie wei\u00df es nat\u00fcrlich noch nicht, aber das ist ihre Evolutionsstufe und alle sind daran beteiligt. Die Tatsache, dass die Menschheit auf die Realit\u00e4ten des Kontakts mit dem Leben im Universum nicht vorbereitet ist, ist sehr offensichtlich, aber auf einer unbewussten Ebene erwarten dies die Menschen.\u2026 <a class=\"read-more\" href=\"https:\/\/www.v6.newmessage.org\/de\/about-recording-shortcode\/\"><span>Read More<\/span><\/a><\/p>\n","protected":false},"author":8,"featured_media":0,"parent":16486,"menu_order":0,"comment_status":"closed","ping_status":"closed","template":"template-leftsidebar.php","meta":{"_monsterinsights_skip_tracking":false,"_monsterinsights_sitenote_active":false,"_monsterinsights_sitenote_note":"","_monsterinsights_sitenote_category":0,"footnotes":""},"categories":[110,76,118,30,464,460],"tags":[1074,742,1070,1069,1078,1077,1071,1072,305,1068,1076,1073,1075,741,1067],"_links":{"self":[{"href":"https:\/\/www.v6.newmessage.org\/de\/wp-json\/wp\/v2\/pages\/28564"}],"collection":[{"href":"https:\/\/www.v6.newmessage.org\/de\/wp-json\/wp\/v2\/pages"}],"about":[{"href":"https:\/\/www.v6.newmessage.org\/de\/wp-json\/wp\/v2\/types\/page"}],"author":[{"embeddable":true,"href":"https:\/\/www.v6.newmessage.org\/de\/wp-json\/wp\/v2\/users\/8"}],"replies":[{"embeddable":true,"href":"https:\/\/www.v6.newmessage.org\/de\/wp-json\/wp\/v2\/comments?post=28564"}],"version-history":[{"count":2,"href":"https:\/\/www.v6.newmessage.org\/de\/wp-json\/wp\/v2\/pages\/28564\/revisions"}],"predecessor-version":[{"id":28771,"href":"https:\/\/www.v6.newmessage.org\/de\/wp-json\/wp\/v2\/pages\/28564\/revisions\/28771"}],"up":[{"embeddable":true,"href":"https:\/\/www.v6.newmessage.org\/de\/wp-json\/wp\/v2\/pages\/16486"}],"wp:attachment":[{"href":"https:\/\/www.v6.newmessage.org\/de\/wp-json\/wp\/v2\/media?parent=28564"}],"wp:term":[{"taxonomy":"category","embeddable":true,"href":"https:\/\/www.v6.newmessage.org\/de\/wp-json\/wp\/v2\/categories?post=28564"},{"taxonomy":"post_tag","embeddable":true,"href":"https:\/\/www.v6.newmessage.org\/de\/wp-json\/wp\/v2\/tags?post=28564"}],"curies":[{"name":"wp","href":"https:\/\/api.w.org\/{rel}","templated":true}]}}