{"id":28551,"date":"2018-01-10T09:45:37","date_gmt":"2018-01-10T09:45:37","guid":{"rendered":"https:\/\/www.newmessage.org\/de\/?page_id=28551"},"modified":"2019-06-27T05:05:28","modified_gmt":"2019-06-27T05:05:28","slug":"die-feinde-der-menschheit","status":"publish","type":"page","link":"https:\/\/www.v6.newmessage.org\/de\/die-botschaft\/band-1\/die-grosere-gemeinschaft\/die-feinde-der-menschheit\/","title":{"rendered":"Die Feinde der Menschheit"},"content":{"rendered":"<div><!-- Version 3.5 --><\/div>\n\n<div class=\"tabgroup \"><ul class=\"tabs\"><li><a href=\"#tabs-1\">H\u00f6re<\/a><\/li>\n<li><a href=\"#tabs-2\"> Anmerkung<\/a><\/li><\/ul>\n <div id=\"tabs-1\"><\/p>\n<p>H\u00f6re die Stimme der Offenbarung:<\/p>\n<div id=\"jquery_jplayer_1\" class=\"jp-jplayer\"><\/div>\n\t\t\t\t<div id=\"jp_container_1\" class=\"jp-audio\">\n\t\t\t\t<div class=\"jp-type-single\"><div class=\"jp-control\"><a href=\"javascript:;\" class=\"jp-play\" tabindex=\"1\">play<\/a><a href=\"javascript:;\" class=\"jp-pause\" tabindex=\"1\">pause<\/a><\/div> <div class=\"jp-gui jp-interface\"><div class=\"jp-volume\"><div class=\"jp-volume-bar\"><div class=\"jp-volume-bar-value\"><\/div><\/div><\/div><div class=\"jp-progress\"><div class=\"jp-seek-bar\"><div class=\"jp-play-bar\"><\/div><\/div><\/div><\/div>\t\t\t\t\t<div class=\"jp-no-solution\"><span>Update Required<\/span>To play the media you will need to either update your browser to a recent version or update your <a href=\"http:\/\/get.adobe.com\/flashplayer\/\" target=\"_blank\">Flash plugin<\/a>.<\/div><\/div><\/div>\n\t\t\t<script type='text\/javascript'>\n\t\t\t\tjQuery(document).ready(function() {\n\t\t\t\t\tif (typeof (sermonMedia) == 'function') {\n\t\t\t\t\t\tsermonMedia.addAudio('', \"jquery_jplayer_1\");\n\t\t\t\t\t}\n\t\t\t\t\tjQuery.jPlayer.timeFormat.showHour = true;\n\t\t\t\t\tjQuery(\"#jquery_jplayer_1\").jPlayer({\n\t\t\t\t\t\tready: function(event) {\n\t\t\t\t\t\t\tjQuery(this).jPlayer(\"setMedia\", {mp3: 'https:\/\/newmessage.org\/av\/the-enemies-of-humanity.mp3'});\n\t\t\t\t\t\t},\n\t\t\t\t\t\tplay: function() {\n\t\t\t\t\t\t\tjQuery(this).jPlayer(\"pauseOthers\");\n\t\t\t\t\t\t},\n\t\t\t\t\t\tswfPath: ThemeData.directory_uri+\"\/swf\",\n\t\t\t\t\t\tsolution: \"html, flash\",\n\t\t\t\t\t\tpreload: \"metadata\",\n\t\t\t\t\t\twmode: \"window\",\n\t\t\t\t\t\tsupplied: \"mp3\",\n\t\t\t\t\t\tcssSelectorAncestor: '#jp_container_1'\n\t\t\t\t\t});\n\t\t\t\t});\n\t\t\t<\/script><\/p>\n<p><a title=\"The Enemies of Humanity\" href=\"https:\/\/newmessage.org\/av\/the-enemies-of-humanity.mp3\">Lade herunter<\/a> (Rechtsklick zum Herunterladen)<\/p>\n<p><em>Wie offenbart dem Boten<br \/>\nMarshall Vian Summers<br \/>\nam 24. Mai 2014 \u2013<br \/>\nin Boulder, Colorado<\/em><\/p>\n<p><\/div>\n<div id=\"tabs-2\"><br \/>\n<em> Anmerkung an den Leser:<br \/>\nDiese \u00dcbersetzung wurde der Society von einem Sch\u00fcler der Neuen Botschaft verf\u00fcgbar gemacht, der den englischen Originaltext als Freiwilliger \u00fcbersetzt hat. Wir stellen diese \u00dcbersetzung in dieser fr\u00fchen Form zur Verf\u00fcgung, damit jeder Gelegenheit hat, sich mit einem Teil der Neuen Botschaft in seiner eigenen Sprache zu befassen.<\/em><br \/>\n<\/div>\n\t\t\t\t<div align=\"right\">\n\t\t\t<div class=\"fb-like\" data-href=\"\" data-layout=\"button_count\" data-action=\"like\" data-show-faces=\"false\" data-share=\"false\"><\/div>\n\t\t\t<div class=\"fb-share-button\" data-layout=\"button_count\"> <\/div>\n\t\t\t<div class=\"fb_iframe_widget\"><a href=\"https:\/\/twitter.com\/godsnewmessage?ref_src=twsrc%5Etfw\" class=\"twitter-follow-button\" data-show-count=\"false\">Follow @godsnewmessage<\/a><script async src=\"https:\/\/platform.twitter.com\/widgets.js\" charset=\"utf-8\"><\/script><\/div>\n\t\t\t<\/div> <\/div> \n\n<p>Die Menschheit hat Feinde im Universum. Sie sind nicht gegen euch, aber sie suchen, was ihr habt. Sie versuchen euch das zu nehmen, was ihr habt, ohne unangemessene Gewalt anzuwenden, verlassen sich auf die \u00dcberredungsk\u00fcnste und s\u00e4en die Keimzellen der Teilung innerhalb einer streits\u00fcchtigen Menschheit.<\/p>\n<p>Sie suchen diese Welt f\u00fcr sich. Sie versuchen nicht, euch zu zerst\u00f6ren, sondern euch als Arbeitskr\u00e4fte f\u00fcr sich zu benutzen. Es ist etwas sehr Subtiles in ihrer Anwendung, aber sehr real in ihrer Wirkung.<\/p>\n<p>Sie sind Konkurrenten in dieser Welt, dieser kostbaren Welt, welche ein seltenes Juwel im Universum ist. Ihr habt keine Ahnung, wie selten sie ist und wie wertvoll sie f\u00fcr so viele Rassen ist, die versuchen w\u00fcrden, ihren biologischen und mineralischen Reichtum f\u00fcr ihre eigenen Zwecke zu nutzen. Ihr seid wie der einheimische Stamm, der von der Au\u00dfenwelt entdeckt wird und von der ihr nichts wisst.<\/p>\n<p>Die Eindringlinge werden keine direkte Eroberung anstreben, sondern eine willentliche Unterwerfung von eurer Seite. Sie werden ankommen, sobald ihr diese Welt ausreichend ersch\u00f6pft habt; sobald ihr das Klima der Welt ausreichend ver\u00e4ndert habt; sobald ihr die Zivilisation durch Konflikt, Konkurrenz und Krieg ausreichend zerst\u00f6rt habt. Sie sind bereits hier\u2014f\u00f6rdern den menschlichen Konflikt, s\u00e4en den Samen eures Verderbens, nicht um euch zu vernichten, sondern um euch zu unterjochen.<\/p>\n<p>Auf diese Weise erlangen intelligente Rassen die Kontrolle \u00fcber Welten, die von weniger intelligenten und in sich selbst konfliktbeladenen Rassen geleitet werden. Der Einsatz von Gewalt wird nicht angewandt, weil er die Verm\u00f6genswerte der Welt und die Menschheit als Arbeitskr\u00e4fte zerst\u00f6ren w\u00fcrde.<\/p>\n<p>Denn diejenigen, die eure Welt aufsuchen, k\u00f6nnen hier nicht leben. Sie k\u00f6nnen eure Atmosph\u00e4re nicht atmen. Sie sind gegen die biologische Kontamination der Welt ungesch\u00fctzt. Sie brauchen euch, und sie werden euch alles geben, was sie k\u00f6nnen, um ihnen zu erlauben, euch zu f\u00fchren\u2014und werden euch versprechen, euch vor eurer gro\u00dfen und immer gr\u00f6\u00dfer werdenden Katastrophe zu retten, indem sie euch Frieden und Gelassenheit, Freiheit von Krieg und Konflikten versprechen und sagen, dass sie selbst keinen Krieg haben. Und doch ist es nichts anderes als eine T\u00e4uschung, versteht ihr?<\/p>\n<p>Es ist alles eine gewaltige T\u00e4uschung, die einer ahnungslosen Menschheit vorgegaukelt wird\u2014einer Menschheit, die von ihrer neuentdeckten Technologie fasziniert ist und die von Demonstrationen von Technologie auf einer h\u00f6heren Ebene beeindruckt sein wird; einer Menschheit, die verzweifelt nach Antworten auf die Gro\u00dfen Wellen des Wandels sucht, die auf die Welt zukommen; einer Menschheit, die nach Macht und Reichtum strebt, auch wenn sie ihre eigene Welt bis zur Unkenntlichkeit ersch\u00f6pft.<\/p>\n<p>Ihr m\u00fcsst dies verstehen oder ihr werdet glauben, dass das Universum nur ein gro\u00dfer, leerer Raum f\u00fcr euch ist, um ihn zu erforschen und alles zu bekommen, was ihr wollt, und das zu ersetzen, was ihr hier auf der Erde zerst\u00f6rt oder konsumiert habt. Ihr werdet glauben, dass ihr in diesem Universum etwas Besonderes seid und dass andere Rassen euch helfen werden, weil ihr so besonders seid. Ihr [werdet] glauben, dass das Universum sich nach eurer Philosophie, nach eurem religi\u00f6sen Verst\u00e4ndnis, nach eurer Ethik, nach euren Vorstellungen richtet\u2014ihr wisst nichts \u00fcber diese Gr\u00f6\u00dfere Gemeinschaft des Lebens, in der ihr lebt.<\/p>\n<p>Die Menschheit befindet sich hier in gro\u00dfer Gefahr, ist \u00e4u\u00dferst verwundbar und zerst\u00f6rt unerbittlich ihre Selbstversorgung in dieser Welt, was die Intervention von jenseits einl\u00e4dt: eine Gelegenheit, um die Menschheit von au\u00dferirdischen M\u00e4chten abh\u00e4ngig zu machen, um diese Welt ohne den Einsatz von Gewalt zu erobern, die Welt ohne die \u00fcblichen Methoden der Gewaltanwendung, die die Menschheit annimmt und immer noch anwendet, zu erobern.<\/p>\n<p>Es gibt nur zweierlei, was die menschliche Familie vereinen k\u00f6nnte. Es ist der Umweltkollaps oder es ist die Konkurrenz von jenseits. Beides geschieht jetzt, eines scheinbarer als das andere. [Jedoch] sind beide im Gange. Ihr k\u00f6nnt dies nicht vollst\u00e4ndig aufhalten, bis ihr individuell und kollektiv st\u00e4rker geworden seid. W\u00fcrde man das verstehen, dann w\u00fcrde der Krieg morgen enden. Der Krieg w\u00fcrde morgen enden, und die Wege der Zusammenarbeit w\u00fcrden f\u00fcr das \u00dcberleben, die Freiheit und das Wohlergehen von jedermann hergestellt werden.<\/p>\n<p>Die Menschen wollen dies nicht h\u00f6ren, denn sie w\u00fcrden sich sofort hilflos und hoffnungslos f\u00fchlen, keinen Sinn f\u00fcr ihre wahre St\u00e4rke haben und das Vertrauen in ihre F\u00fchrer, Regierungen und Institutionen verlieren.<\/p>\n<p>Die Menschheit hat jetzt eine Infrastruktur geschaffen, die au\u00dferirdische Rassen nutzen k\u00f6nnen. Aus diesem Grund ist eine Intervention dieser Art noch nie zuvor aufgetreten. Die Menschheit hat eine globale Kommunikation, einen globalen Handel. Sie hat die Kontrolle \u00fcber die Welt in ausreichendem Ma\u00dfe \u00fcbernommen, so dass eine andere Rasse eingreifen kann, um eure Errungenschaften und eure Entwicklung auszunutzen.<\/p>\n<p>Selbst in diesem Moment wenden sich die Menschen der Intervention zu\u2014um ihr zu dienen, weil sie glauben, dass sie einer eskalierenden Welt der Unsicherheit und Zwietracht Frieden und Gleichmut bringen wird. Schon jetzt gewinnt die Intervention Anh\u00e4nger und Repr\u00e4sentanten, die denken, dass sie [die Intervention], eine Art erleuchteter Kraft von au\u00dferhalb der Welt repr\u00e4sentieren, w\u00e4hrend sie tats\u00e4chlich nur Konkurrenten sind, die versuchen, die Welt auszunutzen.<\/p>\n<p>Die Intervention hat keine milit\u00e4rische St\u00e4rke. Sie beruht auf \u00dcberzeugung und Zwietracht, um Kontrolle zu gewinnen. Dies geschieht, weil Eroberung in diesem Teil des Universums nicht erlaubt ist, eine Realit\u00e4t, von der ihr nichts wisst. Au\u00dferdem haben fortgeschrittene Rassen andere Wege gefunden, ohne Gewaltanwendung auf die Ressourcen des Universums zuzugreifen.<\/p>\n<p>Menschen werden gegen ihren Willen entf\u00fchrt. Einige von ihnen kehren nie wieder zur\u00fcck. Sie werden zum Experimentieren verwendet, um Hybride zu schaffen, die wie Menschen aussehen, aber mit der Intervention vereint sind. Es ist ein abscheuliches Projekt. Es ist gef\u00e4hrlich. Es wird von den Feinden der Menschheit gef\u00f6rdert.<\/p>\n<p>Diejenigen, die hier die Herrschaft suchen, sch\u00e4tzen nicht eure Freiheit. Sie sind nicht an euren Konzepten interessiert. Sie denken, ihr seid primitiv. Sie denken, ihr seid destruktiv. Sie denken, ihr seid au\u00dfer Kontrolle geraten.<\/p>\n<p>Sie denken, dass ihr l\u00e4cherlich seid wegen all der \u00dcbertragungen, die weiterhin ins Universum gesandt werden und die Menschheit als eine Rasse darstellen, die destruktiv, gewaltt\u00e4tig und z\u00fcgellos ist. Es ist die schlimmste Art der Darstellung des wahren Verdienstes und des Geistes der Menschheit, und doch ist es das, was ihr seit vielen Jahrzehnten dem Universum pr\u00e4sentiert.<\/p>\n<p>Ihr glaubt, ihr lebt isoliert im Universum. Selbst eure Wissenschaftler glauben, dass niemand hierher kommen kann, als ob das gesamte Universum durch das wissenschaftliche Verst\u00e4ndnis der Menschheit begrenzt w\u00e4re.<\/p>\n<p>Ihr nehmt an, dass ihr in diesem Universum eine besondere Bedeutung habt. Ihr glaubt, dass ein Besuch f\u00fcr euch von Vorteil w\u00e4re. Aber die Geschichte der Intervention in eurer eigenen Welt beweist das Gegenteil. Besucher kommen zu ihren eigenen Zwecken\u2014um Ressourcen, Land und Eigentum zu erlangen. Sie versuchen, auf jeden Fall zu erobern. Dies war die Geschichte der Intervention in eurer Welt, geht daher nicht davon aus, dass es im Universum anders ist.<\/p>\n<p>Die wahren Verb\u00fcndeten der Menschheit w\u00fcrden so etwas niemals tun. Sie w\u00fcrden nur ihre Weisheit und ihre Warnung senden, welche sie bereits in einer Reihe von Lageberichten f\u00fcr die menschliche Familie gegeben haben.<\/p>\n<p>Die Intervention ist unethisch. Sie ist korrumpierend. Sie umgeht die Macht und Autorit\u00e4t der Ureinwohner. Sie stellt eine unrechtm\u00e4\u00dfige Aneignung in ihrer tr\u00fcgerischsten Form dar.<\/p>\n<p>Lasst euch nicht davon \u00fcberreden. Lasst euch nicht von einer fortschrittlichen Technologie bet\u00f6ren. Denkt nicht, dass jene im Universum nicht von den gleichen Bed\u00fcrfnissen angetrieben werden wie die menschliche Familie. Denn fortschrittliche Gesellschaften sind \u00fcberall verzweifelt auf der Suche nach Ressourcen und m\u00fcssen Handel und Tausch betreiben und gro\u00dfe Entfernungen zur\u00fccklegen, um das zu erreichen, was sie brauchen. Es ist eine komplexe Situation, von der die Menschheit \u00fcberhaupt nichts wei\u00df.<\/p>\n<p>Der Herr des Universums hat eine gro\u00dfartige Vorbereitung auf die Erde gesandt, um die Menschheit darauf vorzubereiten, einer Welt im Niedergang, einer Welt mit abnehmenden Ressourcen und heftigem Wetter in einer sich ver\u00e4ndernden Umwelt gegen\u00fcberzustehen.<\/p>\n<p>Der Herr des Universums hat eine Vorbereitung auf diese Gr\u00f6\u00dfere Gemeinschaft gesendet und eine gro\u00dfe Warnung vor der Intervention, die in der heutigen Welt bereits in Gang ist und vor ihrer Macht auf die Vorstellungen, Perspektiven und Einstellungen der Menschen Einfluss zu nehmen. Nur der Herr des Universums w\u00fcrde wissen, wie man die Menschheit auf die Gr\u00f6\u00dfere Gemeinschaft vorbereitet, denn nur der Herr des Universums kennt das Herz und die Seele jeder Person und der Menschheit als Ganzes.<\/p>\n<p>Dies ist die gro\u00dfe Herausforderung, die an zwei Fronten operiert. Die erste ist die Gefahr des inneren Zerfalls, da die Menschheit jetzt beginnt, ihr eigenes Wohlergehen in ihrer nat\u00fcrlichen Welt zu untergraben. Die zweite ist eine Intervention von jenseits aus dem Universum, die oft unter diesen Umst\u00e4nden geschieht. Denn es ist eine gro\u00dfartige Gelegenheit f\u00fcr eine au\u00dferirdische Rasse, der die Menschheit gerade begegnet, ihren Einfluss und ihre Macht in einer Welt zu etablieren, die im Wandel steht. Dies ist unz\u00e4hlige Male in der Geschichte des Universums geschehen.<\/p>\n<p>Es ist eine gro\u00dfe Warnung, aber die Menschheit hat die Macht, die Intervention zu vereiteln, sobald sie erf\u00e4hrt, wie das Universum um sie wirklich funktioniert. Gott hat diese Einsicht geliefert und zum ersten Mal offenbart, wie das Leben im Universum wirklich aussieht, wie es funktioniert und was man tun muss, um in einem Universum frei zu werden, in dem Freiheit selten ist.<\/p>\n<p>Sie ist die perfekte Offenbarung f\u00fcr die Menschheit, die an der Schwelle zum Weltraum steht und den Gro\u00dfen Wellen des Wandels in der Welt gegen\u00fcbersteht. Sie ist ein Geschenk einer solchen Gnade und gro\u00dfen Liebe f\u00fcr die Menschheit.<\/p>\n<p>Hierauf k\u00f6nnen euch die alten Offenbarungen nicht vorbereiten, denn sie waren daf\u00fcr nicht gedacht. Sie k\u00f6nnen euch hier nicht die St\u00e4rke, den Mut, die Weisheit und die Macht geben, denn sie sind daf\u00fcr nicht gedacht.<\/p>\n<p>Die Menschheit hat einen ganz neuen Wendepunkt erreicht, eine gro\u00dfe Schwelle\u2014die gr\u00f6\u00dfte Schwelle, der jede intelligente Rasse im Universum ausgesetzt sein wird \u2014w\u00e4hrend sie dem eigenen \u00f6kologischen Niedergang und der Intervention von jenseits begegnet.<\/p>\n<p>Hier gibt es so viel zu lernen. Es gibt so viele Fragen, die ihr stellen m\u00fcsst, und die meisten von ihnen k\u00f6nnen durch Gottes Offenbarung f\u00fcr die Welt beantwortet werden. Denn Gott ist hier, um die Menschheit auf diese Gr\u00f6\u00dfere Gemeinschaft vorzubereiten. Gott ist hier, um die Freiheit und Einheit der Menschheit in dieser Welt zu f\u00f6rdern. Gott ist hier, um zu liefern, was die Menschheit braucht, um hier ihre Souver\u00e4nit\u00e4t zu bewahren und um eine Zukunft, eine bessere Zukunft als ihre Vergangenheit aufzubauen.<\/p>\n<p>Aber um diese Zukunft zu haben, m\u00fcsst ihr euch diesen beiden gro\u00dfen Herausforderungen der menschlichen Familie stellen. Sie sind gr\u00f6\u00dfer als alles, was jemals in der Welt passiert ist. Sie sind nicht etwas, mit dem Regierungschefs allein umgehen k\u00f6nnen. Sie erfordern die Unterst\u00fctzung und das Bewusstsein der Menschen \u00fcberall.<\/p>\n<p>Aber die Stunde ist sp\u00e4t, und erst jetzt beginnen die Gro\u00dfen Wellen des Wandels, die auf die Welt zukommen, f\u00fcr mehr und mehr Menschen offensichtlich zu werden. Erst jetzt wird die verborgene Wirklichkeit der Intervention von genug Menschen erkannt, so dass die Offenbarung erkannt und verstanden werden kann.<\/p>\n<p>Doch die Stunde ist sp\u00e4t. Die Menschheit hat nicht viel Zeit, sich vorzubereiten. Jedes Jahr ist bedeutend. Jedes Leben ist wichtig. Jeder Mensch hat einen Sinn und Zweck, denn ihr seid alle gekommen, um dieser Welt zu begegnen und dieser Welt unter genau diesen Bedingungen zu dienen, von denen Wir heute sprechen..<\/p>\n<p>Ihr werdet einen Kampf an zwei Fronten f\u00fchren: einen Kampf, um die Welt zu retten und den Schaden auszugleichen, der bereits f\u00fcr die Stabilit\u00e4t dieser Welt angerichtet wurde; und ihr werdet die Intervention abwehren und all ihre Erscheinungen in der Welt ver\u00f6ffentlichen.<\/p>\n<p>Es ist kein Kampf zwischen Armeen. Es ist ein Kampf des Willens und der Absicht; ein Kampf der Entschlossenheit; ein Kampf des Bewusstseins, der Klarheit und der Objektivit\u00e4t gegen gegnerische Kr\u00e4fte, die sich hier bereits auf die Intervention vorbereitet haben. Sie wissen viel mehr \u00fcber euch, als ihr \u00fcber sie wisst.<\/p>\n<p>Hier m\u00fcssen gen\u00fcgend Menschen stark und widerstandsf\u00e4hig werden, wenn die Menschheit ihre Freiheit in der Zukunft bewahren will. Deshalb tretet ihr in ein gro\u00dfes Zeitalter der Einheit und Zusammenarbeit ein. Das ist das n\u00e4chste gro\u00dfe Werk der menschlichen Familie\u2014die Welt zu bewahren und ihre Freiheit vor au\u00dferirdischer Intervention und \u00dcberredung zu sch\u00fctzen.<\/p>\n<p>Nehmt keine Geschenke von der Intervention an, denn sie sind nur hier, um euch zu verf\u00fchren. Akzeptiert keine Versprechen von Frieden, Macht und Gleichmut oder spiritueller Erf\u00fcllung, denn solche Verhei\u00dfungen sind leer und dienen nur dazu, euch zu verf\u00fchren. Erduldet sie nicht und glaubt nicht, dass die Menschheit ohne diese Intervention ohne Hoffnung ist, denn das ist nicht wahr, und das wird nur jenen dienen, die sich euch widersetzen und alles von euch nehmen werden, was ihr habt. Glaubt nicht, dass sich die Menschheit hier nicht erhalten kann, denn sie hat viele Vorteile im Universum, von denen sie nichts wei\u00df.<\/p>\n<p>Gottes Offenbarung offenbart diese zum ersten Mal. Es ist wichtig, dass ihr dar\u00fcber wisst. Es ist wichtig, dass ihr nicht den Mut verliert, abstumpft oder zynisch werdet oder denkt, dass ihr nichts tun k\u00f6nnt, denn das ist die \u00dcberredung der Intervention.<\/p>\n<p>Ihr m\u00fcsst dies jetzt erkennen und davon wissen, wenn ihr verstehen wollt, was wirklich in der heutigen Welt passiert, die gro\u00dfe Bedrohung, der die menschliche Familie begegnet und was gleichzeitig die gro\u00dfe M\u00f6glichkeit und Verhei\u00dfung f\u00fcr die menschliche Einheit und Zusammenarbeit darstellt, endlich etabliert zu werden, was nur angesichts gro\u00dfer Schwierigkeiten und einer gro\u00dfen Herausforderung geschehen kann.<\/p>\n<p>Hier muss jeder Mensch teilnehmen. Jeder muss sich in gewissem Ma\u00dfe bewusst werden. Jeder Mensch muss erkennen, dass nicht seine nationale Sicherheit gef\u00e4hrdet ist. Es ist die Sicherheit der ganzen Welt.<\/p>\n<p>Ihr k\u00f6nnt es euch nicht leisten, dass Nationen jetzt versagen und zusammenbrechen, oder unter die \u00dcberredung der Intervention geraten, denn das w\u00fcrde sicherlich einen gro\u00dfen Krieg und Konflikte auf der ganzen Welt ausl\u00f6sen. Denn im Interesse der Intervention bek\u00e4mpft die Menschheit sich selbst, besiegt sich selbst und verringert sich selbst. Sie werden euch nicht direkt auf diese Weise bek\u00e4mpfen.<\/p>\n<p>Es ist hinterh\u00e4ltig. Es wurde schon unz\u00e4hlige Male gemacht, aber nicht immer mit Erfolg. Denn Rassen, die Widerstand leisten k\u00f6nnen, werden sich durchsetzen. Rassen, die ihre gro\u00dfe Herausforderung erkennen, werden sich durchsetzen. Nationen, die ihre Welt sch\u00e4tzen und die die Gefahr erkennen, die auf ihnen lastet, werden sich durchsetzen.<\/p>\n<p>Hier werden eure gr\u00f6\u00dferen St\u00e4rken aus euch herausgerufen werden. Hier k\u00f6nnt ihr eurer Schw\u00e4che und t\u00f6richten Nachgeben und erb\u00e4rmlichen Selbstvorw\u00fcrfen entkommen, weil ihr in einen gr\u00f6\u00dferen Dienst, in eine gr\u00f6\u00dfere Notwendigkeit und in eine gr\u00f6\u00dfere Einheit in der menschlichen Familie berufen seid.<\/p>\n<p>Was k\u00f6nnte sonst jahrhundertealte Feindseligkeiten zwischen Nationen, Kulturen und Religionen \u00fcberwinden als eine gr\u00f6\u00dfere Bedrohung, die alle zu \u00fcberw\u00e4ltigen scheint und alle gleicherma\u00dfen bedroht?<\/p>\n<p>Es gibt Erl\u00f6sung hier, wenn ihr es sehen k\u00f6nnt, wenn ihr es erkennen k\u00f6nnt, wenn ihr das Herz und den Mut habt, dem zu begegnen und zu lernen, was es wirklich bedeutet und wie die Menschheit sich durchsetzen kann\u2014sowohl innerhalb dieser Welt als auch vor der Intervention von jenseits.<\/p>\n<p>Es ist eine Herausforderung, die die menschliche Familie wiederherstellen und ihr eine gr\u00f6\u00dfere Zukunft der Einheit, des Zwecks und der St\u00e4rke geben kann, die weit \u00fcber alles hinausgeht, was sie jemals zuvor etablieren konnte.<\/p>\n<p>Gottes Neue Offenbarung f\u00fcr die Welt bringt die Warnung, den Segen und die Vorbereitung. Sie ist umfassender als alles, was jemals dieser Welt gegeben wurde und spricht jetzt zu einer gebildeten Welt, einer Welt des globalen Handels und der globalen Kommunikation.<\/p>\n<p>Es ist das Einzige auf der Welt, das die menschliche Familie retten kann, denn es offenbart die gro\u00dfe Gefahr, die von innen und von au\u00dfen kommt. Und nur sie kann die Weisheit vermitteln, die notwendig ist, um diese gro\u00dfen Herausforderungen zu meistern und jedem Einzelnen und der Menschheit als Ganzes die St\u00e4rke, die Macht und den Zweck zur\u00fcckzugeben, die ihr Geburtsrecht und ihr Versprechen sind.<\/p>\n","protected":false},"excerpt":{"rendered":"<p>Die Menschheit hat Feinde im Universum. Sie sind nicht gegen euch, aber sie suchen, was ihr habt. Sie versuchen euch das zu nehmen, was ihr habt, ohne unangemessene Gewalt anzuwenden, verlassen sich auf die \u00dcberredungsk\u00fcnste und s\u00e4en die Keimzellen der Teilung innerhalb einer streits\u00fcchtigen Menschheit. Sie suchen diese Welt f\u00fcr sich. Sie versuchen nicht, euch\u2026 <a class=\"read-more\" href=\"https:\/\/www.v6.newmessage.org\/de\/about-recording-shortcode\/\"><span>Read More<\/span><\/a><\/p>\n","protected":false},"author":8,"featured_media":0,"parent":16486,"menu_order":0,"comment_status":"closed","ping_status":"closed","template":"template-leftsidebar.php","meta":{"_monsterinsights_skip_tracking":false,"_monsterinsights_sitenote_active":false,"_monsterinsights_sitenote_note":"","_monsterinsights_sitenote_category":0,"footnotes":""},"categories":[110,76,118,30,464,460],"tags":[1059,742,1060,741],"_links":{"self":[{"href":"https:\/\/www.v6.newmessage.org\/de\/wp-json\/wp\/v2\/pages\/28551"}],"collection":[{"href":"https:\/\/www.v6.newmessage.org\/de\/wp-json\/wp\/v2\/pages"}],"about":[{"href":"https:\/\/www.v6.newmessage.org\/de\/wp-json\/wp\/v2\/types\/page"}],"author":[{"embeddable":true,"href":"https:\/\/www.v6.newmessage.org\/de\/wp-json\/wp\/v2\/users\/8"}],"replies":[{"embeddable":true,"href":"https:\/\/www.v6.newmessage.org\/de\/wp-json\/wp\/v2\/comments?post=28551"}],"version-history":[{"count":3,"href":"https:\/\/www.v6.newmessage.org\/de\/wp-json\/wp\/v2\/pages\/28551\/revisions"}],"predecessor-version":[{"id":28769,"href":"https:\/\/www.v6.newmessage.org\/de\/wp-json\/wp\/v2\/pages\/28551\/revisions\/28769"}],"up":[{"embeddable":true,"href":"https:\/\/www.v6.newmessage.org\/de\/wp-json\/wp\/v2\/pages\/16486"}],"wp:attachment":[{"href":"https:\/\/www.v6.newmessage.org\/de\/wp-json\/wp\/v2\/media?parent=28551"}],"wp:term":[{"taxonomy":"category","embeddable":true,"href":"https:\/\/www.v6.newmessage.org\/de\/wp-json\/wp\/v2\/categories?post=28551"},{"taxonomy":"post_tag","embeddable":true,"href":"https:\/\/www.v6.newmessage.org\/de\/wp-json\/wp\/v2\/tags?post=28551"}],"curies":[{"name":"wp","href":"https:\/\/api.w.org\/{rel}","templated":true}]}}