{"id":28512,"date":"2017-11-02T23:02:25","date_gmt":"2017-11-02T23:02:25","guid":{"rendered":"http:\/\/www.newmessage.org\/de\/?page_id=28512"},"modified":"2017-11-02T23:02:25","modified_gmt":"2017-11-02T23:02:25","slug":"religiose-gewalt","status":"publish","type":"page","link":"https:\/\/www.v6.newmessage.org\/de\/die-botschaft\/band-1\/die-reine-religion\/religiose-gewalt\/","title":{"rendered":"Religi\u00f6se Gewalt"},"content":{"rendered":"<div><!-- Version 3.5 Verse --><\/div>\n\n<div class=\"tabgroup \"><ul class=\"tabs\"><li><a href=\"#tabs-1\">H\u00f6re<\/a><\/li>\n<li><a href=\"#tabs-2\"> Anmerkung<\/a><\/li><\/ul>\n <div id=\"tabs-1\"><\/p>\n<p>H\u00f6re die Stimme der Offenbarung:<\/p>\n<div id=\"jquery_jplayer_1\" class=\"jp-jplayer\"><\/div>\n\t\t\t\t<div id=\"jp_container_1\" class=\"jp-audio\">\n\t\t\t\t<div class=\"jp-type-single\"><div class=\"jp-control\"><a href=\"javascript:;\" class=\"jp-play\" tabindex=\"1\">play<\/a><a href=\"javascript:;\" class=\"jp-pause\" tabindex=\"1\">pause<\/a><\/div> <div class=\"jp-gui jp-interface\"><div class=\"jp-volume\"><div class=\"jp-volume-bar\"><div class=\"jp-volume-bar-value\"><\/div><\/div><\/div><div class=\"jp-progress\"><div class=\"jp-seek-bar\"><div class=\"jp-play-bar\"><\/div><\/div><\/div><\/div>\t\t\t\t\t<div class=\"jp-no-solution\"><span>Update Required<\/span>To play the media you will need to either update your browser to a recent version or update your <a href=\"http:\/\/get.adobe.com\/flashplayer\/\" target=\"_blank\">Flash plugin<\/a>.<\/div><\/div><\/div>\n\t\t\t<script type='text\/javascript'>\n\t\t\t\tjQuery(document).ready(function() {\n\t\t\t\t\tif (typeof (sermonMedia) == 'function') {\n\t\t\t\t\t\tsermonMedia.addAudio('', \"jquery_jplayer_1\");\n\t\t\t\t\t}\n\t\t\t\t\tjQuery.jPlayer.timeFormat.showHour = true;\n\t\t\t\t\tjQuery(\"#jquery_jplayer_1\").jPlayer({\n\t\t\t\t\t\tready: function(event) {\n\t\t\t\t\t\t\tjQuery(this).jPlayer(\"setMedia\", {mp3: 'https:\/\/www.newmessage.org\/av\/religious-violence.mp3'});\n\t\t\t\t\t\t},\n\t\t\t\t\t\tplay: function() {\n\t\t\t\t\t\t\tjQuery(this).jPlayer(\"pauseOthers\");\n\t\t\t\t\t\t},\n\t\t\t\t\t\tswfPath: ThemeData.directory_uri+\"\/swf\",\n\t\t\t\t\t\tsolution: \"html, flash\",\n\t\t\t\t\t\tpreload: \"metadata\",\n\t\t\t\t\t\twmode: \"window\",\n\t\t\t\t\t\tsupplied: \"mp3\",\n\t\t\t\t\t\tcssSelectorAncestor: '#jp_container_1'\n\t\t\t\t\t});\n\t\t\t\t});\n\t\t\t<\/script><\/p>\n<p><a title=\"Religious Violence\" href=\"https:\/\/www.newmessage.org\/av\/religious-violence.mp3\"> Lade herunter<\/a> (Rechtsklick zum Herunterladen)<\/p>\n<p><em> Wie offenbart dem Boten Gottes<br \/>\nMarshall Vian Summers<br \/>\nam 2. November 2014<br \/>\nin Boulder, Colorado <\/em><\/p>\n<p><\/div>\n<div id=\"tabs-2\"><br \/>\n<em> Anmerkung an den Leser:<br \/>\nDiese \u00dcbersetzung wurde der Society von einem Sch\u00fcler der Neuen Botschaft verf\u00fcgbar gemacht, der den englischen Originaltext als Freiwilliger \u00fcbersetzt hat. Wir stellen diese \u00dcbersetzung in dieser fr\u00fchen Form zur Verf\u00fcgung, damit jeder Gelegenheit hat, sich mit einem Teil der Neuen Botschaft in seiner eigenen Sprache zu befassen.<\/em><br \/>\n<\/div>\n\t\t\t\t<div align=\"right\">\n\t\t\t<div class=\"fb-like\" data-href=\"\" data-layout=\"button_count\" data-action=\"like\" data-show-faces=\"false\" data-share=\"false\"><\/div>\n\t\t\t<div class=\"fb-share-button\" data-layout=\"button_count\"> <\/div>\n\t\t\t<div class=\"fb_iframe_widget\"><a href=\"https:\/\/twitter.com\/godsnewmessage?ref_src=twsrc%5Etfw\" class=\"twitter-follow-button\" data-show-count=\"false\">Follow @godsnewmessage<\/a><script async src=\"https:\/\/platform.twitter.com\/widgets.js\" charset=\"utf-8\"><\/script><\/div>\n\t\t\t<\/div> <\/div> \n\n<p>Die Gewalt der Religion ist seit Jahrhunderten eine Plage f\u00fcr die Menschheit, die auf der ganzen Welt ausge\u00fcbt wird, immer gegenw\u00e4rtig, periodisch sehr extrem. <\/p>\n<p>Sie ist ein Problem, weil die Religion von jenen Kr\u00e4ften, jenen Gruppen und jenen Nationen, die nach Macht und Herrschaft streben, benutzt wird, indem sie die Religion als eine Rechtfertigung, als eine Ursache, als einen Zweck, benutzen. <\/p>\n<p>Aber das darf nicht sein, denn Gott hat alle Religionen der Welt initiiert, weil Gott wei\u00df, dass nicht jeder einer Lehre oder einem Lehrer folgen kann, versteht ihr? <\/p>\n<p>Deshalb den Ungl\u00e4ubigen zu bestrafen, ist ein Verbrechen gegen Gott. Diejenigen anzuprangern, die nicht auf deine Religion reagieren k\u00f6nnen, stellt eine Verwirrung, eine Arroganz und ein Verbrechen gegen Gott dar. <\/p>\n<p>Gott wei\u00df, dass nicht jeder einer Lehre oder einem Lehrer folgen kann, und darum hat Gott in verschiedenen kritischen Zeiten in der Geschichte neue Lehren initiiert und Boten aus dem Engelsrat in die Welt gesandt. Jeder f\u00fcgt etwas sehr Wichtiges f\u00fcr den Aufbau der menschlichen Zivilisation hinzu. Jeder soll ein Gegengewicht zu anderen sein, die in den H\u00e4nden der menschlichen F\u00fchrung extrem und verzerrt werden. <\/p>\n<p>Die religi\u00f6se Gewalt zerrei\u00dft jetzt die Religionen innerlich und kann jederzeit andere und andere untereinander treffen. In einer Welt der r\u00fcckl\u00e4ufigen Ressourcen und des heftigen Wetters ist in einem sich wandelnden Weltumfeld das Potenzial f\u00fcr religi\u00f6se Gewalt enorm. <\/p>\n<p>Darum hat Gott erneut gesprochen, um die Wahrheit \u00fcber die Religionen der Welt hervorzuheben\u2014die Wahrheit ihrer Quelle, die Wahrheit ihres Zweckes, was sie verbindet und was sie brauchen, um einander zu verstehen. <\/p>\n<p>Gott versucht, die Trennung zwischen den Religionen der Welt zu beenden, nicht um sie gleich zu machen, sondern um zu erkennen, dass sie alle Bestandteile eines gr\u00f6\u00dferen Verst\u00e4ndnisses sind. <\/p>\n<p>Aber w\u00e4hrend Gott alle Religionen der Welt gegr\u00fcndet hat, wurden sie alle durch den Menschen \u00fcber die Zeit ver\u00e4ndert\u2014ver\u00e4ndert durch Annahme, ver\u00e4ndert durch Korruption, ver\u00e4ndert durch Missverst\u00e4ndnis und Missbrauch, mit der Kultur verbunden, von den Regierungen benutzt, um Aggression und die Unterwerfung von Menschen zu rechtfertigen. Was heilig und sakral ist, wird profan. <\/p>\n<p>In der heutigen Welt besteht jetzt die Religion als die eine gro\u00dfe Sache, die die Menschen vereinen kann, aber nur, wenn sie richtig verstanden wird, nur wenn ihre Quelle, ihr Zweck, ihre Bedeutung und ihre Richtung verstanden wird. Ohne dieses Verst\u00e4ndnis, wird die Religion dann endg\u00fcltig Rechtfertigung f\u00fcr Grausamkeit, Gewalt und Strafe werden. <\/p>\n<p>Deshalb m\u00fcssen Wir bestimmte Dinge kl\u00e4ren, damit ihr ganz klar den Willen des Himmels versteht, die Absicht des Sch\u00f6pfers. <\/p>\n<p>Zuerst m\u00fcsst ihr verstehen, dass alle gro\u00dfen Boten aus dem Engelsrat gekommen sind\u2014 sobald sie in der Welt sind, sind sie halb Mensch, halb heilig. Sie sind keine gew\u00f6hnlichen Menschen, aber auch keine G\u00f6tter. Der Jesus, der Buddha, der Mohammed, sie kommen aus dem gleichen Rat, versteht ihr? So kann es keinen Konflikt zwischen ihren Lehren geben, wenn sie richtig verstanden und angewandt werden. <\/p>\n<p>Als N\u00e4chstes m\u00fcsst ihr verstehen, dass nicht jeder der gleichen Lehre und dem gleichen Lehrer folgen kann, egal wie g\u00fctig und wundersam sie auch sein m\u00f6gen. Gott versteht das nat\u00fcrlich, aber die Menschen sind verwirrt. Darum d\u00fcrfte es keinen Streit zwischen den gro\u00dfen Religionen geben, wenn sie richtig verstanden und praktiziert werden. <\/p>\n<p>Es ist so, weil Gott weise und die Menschheit t\u00f6richt ist; weil Gott die Richtung und die Bestimmung der menschlichen Familie versteht, w\u00e4hrend die Menschen f\u00fcr den Augenblick leben und sich mit der Vergangenheit in Verbindung bringen. <\/p>\n<p>Als N\u00e4chstes m\u00fcsst ihr verstehen, dass es im Namen der Religion weder Strafe, Folter, Grausamkeit noch Tod geben kann. Dies ist eine Verletzung von Gottes Absicht und Zweck. Dies ist ein Verbrechen gegen den Himmel, versteht ihr? Die Menschen werden aus anderen Gr\u00fcnden bestraft, aber dies wird im Namen Gottes oder der Religion gerechtfertigt. Dies ist ein Gr\u00e4uel. Es kann hierzu keine Ausnahme geben. Ihr d\u00fcrft nicht im Namen Gottes bestrafen, qu\u00e4len oder t\u00f6ten. <\/p>\n<p>Darum gibt es keinen heiligen Krieg. Es gibt keinen heiligen Krieger. Ihr zieht aus anderen Gr\u00fcnden in den Krieg\u2014f\u00fcr Macht, f\u00fcr Herrschaft, f\u00fcr Ressourcen, f\u00fcr Kontrolle und aus Rache. Dies hat nichts mit Religion zu tun. <\/p>\n<p>Denn jede wahre Religion lehrt Toleranz und M\u00e4\u00dfigung. Jede wahre Religion lehrt Demut und Ehrfurcht. Jede wahre Religion lehrt Mitgef\u00fchl und Vergebung. Jede wahre Religion lehrt Wohlt\u00e4tigkeit und Dienst. <\/p>\n<p>Diese sind die wichtigsten Bestandteile der Religion, denn diese dienen der menschlichen Familie. Diese sind es, die die Menschheit davor bewahren, in das Verderben und in die Verzweiflung zu fallen. Dies ist, was euch \u00fcber die Tiere und die Kreaturen auf dem Feld erhebt. <\/p>\n<p>Die Religion f\u00fcr Krieg und Herrschaft zu benutzen, ist ein Gr\u00e4uel. Es ist ein Verbrechen gegen den Himmel, versteht ihr? <\/p>\n<p>Jede Schrift, die dies f\u00f6rdert, ist nicht authentisch. Jede Lehre, die dies im Namen der Religion f\u00f6rdert, ist nicht authentisch und falsch. Jede Erkl\u00e4rung, sogar von einem der Boten, um dies im Namen Gottes und der Religion zu f\u00f6rdern, stellen einen Irrtum und ein Missverst\u00e4ndnis dar. <\/p>\n<p>Denkt nicht, dass die Boten ohne Fehler waren, denn sie alle machten Fehler auf dem Weg, die korrigiert werden mussten.<br \/>\nDie Menschen in die H\u00f6lle zu verdammen, weil sie eurer Ideologie nicht folgen, ist ein Irrtum und ein Verbrechen gegen den Himmel. Menschen anzuprangern, weil sie Ungl\u00e4ubige sind, stellt ein Missverst\u00e4ndnis dar. <\/p>\n<p>Wenn sie die Gnade Gottes nicht empfangen k\u00f6nnen, dann sind sie unselig und sollten bemitleidet, nicht bestraft werden. Wenn sie von ihrer Religion abweichen, dann brauchen sie Unterst\u00fctzung, nicht Verurteilung. <\/p>\n<p>Wer in der Welt kann sagen, was Gottes Wille f\u00fcr jeden Menschen ist? Die Schriften k\u00f6nnen das nicht enthalten, weil Gott die Quelle aller Religionen der Welt gewesen ist, so dass sicherlich die Schriften und die Lehre nur f\u00fcr bestimmte Menschen und nicht f\u00fcr alle sein m\u00fcssen. <\/p>\n<p>Es ist die menschliche Arroganz, die menschliche Unverzeihlichkeit, die menschliche Aggression, die menschliche Dummheit und Unwissenheit, die zu Missbrauch der Religion f\u00fchren. <\/p>\n<p>Darum m\u00fcssen in der Neuen Offenbarung Gottes f\u00fcr die Welt diese Korrekturen mit gr\u00f6\u00dfter Betonung gegeben werden, denn die Religion wird durch Korruption und Missbrauch, durch Gewalt und Unterwerfung zerst\u00f6rt. Mit jedem Tag, an dem die Religion von gewaltt\u00e4tigen Gruppen und Menschen im Streben nach Macht und Rache benutzt wird, geht ihr Wert, ihr Zweck, ihre Bedeutung, ihre Quelle verloren. <\/p>\n<p>Dies erfordert eine gro\u00dfe Korrektur oder die Menschheit wird weiterhin scheitern und straucheln und untergehen, vor allem in der Begegnung mit einer Welt abnehmender Ressourcen und einer sich wandelnden Umwelt, versteht ihr? <\/p>\n<p>Es muss gro\u00dfe Zusammenarbeit, gro\u00dfes Verst\u00e4ndnis, gro\u00dfes Mitgef\u00fchl und Vergebung geben. Aber dies sind die Dinge, die jede Religion wirklich f\u00f6rdert, versteht ihr? <\/p>\n<p>Die Menschen, die eine Religion annehmen, m\u00fcssen dies f\u00f6rdern. Es muss ihr Schwerpunkt sein. Es muss ihr Verst\u00e4ndnis sein. Oder sie werden ihren Glauben missbrauchen. Sie werden ihn benutzen, um andere zu unterdr\u00fccken. Sie werden ihn benutzen, um ihre Feinde zu verurteilen. Sie werden ihn benutzen, um andere zu spalten und zu erobern. Er wird grausam werden. Er wird blind werden. Er wird b\u00f6sartig und bedr\u00fcckend werden. <\/p>\n<p>Solch eine Arroganz und Unwissenheit sind heute in der Welt so offensichtlich und wurden w\u00e4hrend der gesamten Menschheitsgeschichte, in jeder \u00c4ra und von jeder Kultur demonstriert. <\/p>\n<p>Es ist ein Versagen\u2014ein Versagen zu verstehen, ein Versagen zu vergeben, ein Versagen, richtig zu lernen und zu \u00fcben, ein Versagen, den Willen und den Sinn und Zweck der Offenbarungen Gottes zu verstehen und warum sie gegeben wurden und warum sie alle in ihrer reinen Form erkannt werden m\u00fcssen, versteht ihr? <\/p>\n<p>Aber ihre reine Form ist f\u00fcr die meisten Menschen verloren gegangen. Sie sind Werkzeug des Staates geworden. Sie sind die Waffen von aggressiven Individuen und Gruppen geworden. Sie sind zum Schwert geworden. Sie sind das Gef\u00e4ngnis und die H\u00f6lle und die Verdammnis selbst geworden. <\/p>\n<p>Ihr m\u00fcsst verstehen, dass es Gottes Plan ist, alle zu retten und dass die Erfahrung der H\u00f6lle und der Trennung zeitlich befristet ist. Obwohl es lange w\u00e4hrend erscheinen mag, ist es zeitlich befristet. <\/p>\n<p>Ihr habt einen heiligen Ursprung und eine heilige Bestimmung und die Religion, wenn sie richtig verstanden und angewandt wird, wird euch hier helfen, euch zu erinnern und euer tieferes Wesen zu erkennen. Sie wird euch helfen, euch mit der Tatsache auseinanderzusetzen, dass ihr in die Welt gesandt wurdet, um hier der menschlichen Familie auf spezifische Weise, je nach eurem Wesen und eurer Veranlagung, zu dienen. <\/p>\n<p>Gott anzubeten, euch in der Moschee, dem Tempel oder der Kirche niederzuwerfen und diese Dinge nicht zu verstehen, bedeutet, dass eure Anbetung nicht richtig ist. Ihr k\u00f6nnt nicht einfach zu Gott kommen, um Macht und Gef\u00e4lligkeiten und Gaben zu erbitten. Ihr wurdet in die Welt gesandt, um der Welt, unter Verwendung der wahren Qualit\u00e4ten der Religion, die Wir hier angegeben haben, zu dienen. <\/p>\n<p>Ohne dies wird die Religion in der Welt scheitern, da sie s\u00e4kularer, unterdr\u00fcckter und gewaltt\u00e4tiger wird und gro\u00dfen Umbr\u00fcchen in den kommenden Gro\u00dfen Wellen der Wandels begegnet. Religi\u00f6se Gruppen werden sich und alle um sich zerst\u00f6ren. <\/p>\n<p>Die Menschen werden den Glauben an Gott verlieren. Sie werden den Mut verlieren. Sie werden sich der Technik zuwenden, um sie zu retten und denken, dass es allein ihre Rettung sein wird. Der Geist und die Pr\u00e4senz und die Macht Gottes werden in einer Welt des krampfhaften Wandels und des Umbruchs verloren gehen. <\/p>\n<p>Darum hat Gott erneut gesprochen, um die Reine Offenbarung in die Welt zu bringen, um euch die Religion auf der Ebene der Kenntnis zu lehren, die tiefere Intelligenz, die Gott in alle gelegt hat, versteht ihr?\u2014 die darauf wartet, entdeckt zu werden, darauf wartet, befolgt zu werden und darauf wartet, zum Ausdruck gebracht zu werden. <\/p>\n<p>Alle gro\u00dfen Religionen sind wichtig, aber sie sind alle Wege zu dieser Kenntnis, von der wir sprechen, versteht ihr? Denn dort vereint ihr euch mit eurem Sch\u00f6pfer. Dies geschieht nicht nur durch Glauben oder Ideologie oder starre, spirituelle \u00dcbung und Einhaltung. Indem ihr dem folgt, was Gott in euch gelegt hat, was ganz rein ist\u2014ohne Verurteilung, ohne Kummer, ohne Zorn\u2014ohne Verurteilung. Sie repr\u00e4sentiert den Teil von euch, der Gott nie verlassen hat und der immer noch mit Gott und der Sch\u00f6pfung verbunden ist, auch wenn ihr in Trennung in der physischen Gestalt in dieser Welt, in dieser Wirklichkeit lebt. <\/p>\n<p>Euch mit Kenntnis wieder zu vereinigen, bedeutet, euch mit eurem wahren Wesen wieder zu vereinigen. Es geht schlie\u00dflich darum, ein ganzer Mensch zu werden. Es geht darum, euch von den Fesseln des Glaubens und der Ideologie zu befreien, die die Menschheit an jeder Wendung unterdr\u00fccken und fehlleiten. <\/p>\n<p>Die Welt braucht dies jetzt, weil die Welt viele braucht, die sich erheben um zu dienen, um die Menschheit auf eine Zukunft vorzubereiten, die sich von der Vergangenheit sehr unterscheiden wird, um die Menschheit auf ihre Begegnung mit  intelligentem Leben im Universum vorzubereiten, einer Begegnung, die bereits in der heutigen Welt stattfindet. <\/p>\n<p>Viele m\u00fcssen gerufen werden, nicht nur eine heilige Person hier und da. Viele m\u00fcssen gerufen werden. Aber darauf vorbereitet zu sein, bedeutet, dass euer Religionsverst\u00e4ndnis ges\u00e4ubert, gekl\u00e4rt werden muss, es muss ganz, rein und authentisch werden, oder ihr werdet alles missbrauchen, was Wir heute hier sagen. Ihr werdet es leugnen oder missbrauchen oder versuchen, es mit euren fr\u00fcheren \u00dcberzeugungen zu verbinden, die wahre Botschaft nicht verstehen, die Wir euch hier geben, die euer Leben und das Leben jener, die ihr liebt, retten wird; die eure Nationen wiederherstellen und sie in den kommenden, schwierigen Zeiten sch\u00fctzen wird. <\/p>\n<p>Dies ist das Zeitalter der Zusammenarbeit. Es muss eine gro\u00dfe Zusammenarbeit geben oder die Menschheit und die menschliche Zivilisation k\u00f6nnen scheitern. <\/p>\n<p>Es ist ein gro\u00dfer Wendepunkt, den viele vorausgesehen haben. Es ist nicht die Endzeit. Es ist nicht das Ende der Welt. Es ist nicht der gro\u00dfe Tag des J\u00fcngsten Gerichts, an den viele Menschen glauben. Es ist ein gro\u00dfer Wendepunkt f\u00fcr die menschliche Familie, ein Wendepunkt, der bestimmt, ob die menschliche Freiheit und die Souver\u00e4nit\u00e4t in dieser Welt beibehalten und aufgebaut werden kann, lebend in einer Gr\u00f6\u00dferen Gemeinschaft des intelligenten Lebens im Universum. <\/p>\n<p>Die Risiken sind enorm. Die Berufung zum Dienst ist enorm. Darum legt eure Waffen nieder. Legt eure w\u00fctende Rhetorik und Verurteilung nieder. Legt eure Selbstgerechtigkeit und eure fundamentalistischen Vorstellungen nieder, denn sie sind nichts im Vergleich zu der Gnade und Absicht Gottes und was Gott in euch gelegt hat, um dem zu folgen und danach zu handeln. Dies stellt die reine Verbindung mit deiner Quelle dar. <\/p>\n<p>Denn Gott ist der Sch\u00f6pfer unz\u00e4hliger Rassen und unz\u00e4hliger Religionen im Universum. Es ist nicht die Ideologie oder der Glaube, der euch zu eurer Quelle bringt oder euch erlaubt, diese gro\u00dfe Schwelle zu \u00fcberschreiten. Es ist der Dienst und die Ausrichtung. Es ist die Macht und die Liebe und die Freiheit, euren Weg zu finden und zu dem folgen, was Gott euch gegeben hat, ein gr\u00f6\u00dferes Geschenk, als ihr euch in diesem Moment \u00fcberhaupt vorstellen k\u00f6nnt\u2014gr\u00f6\u00dfer als Reichtum, gr\u00f6\u00dfer als all eure Gebete erf\u00fcllt zu bekommen. Denn nur dies f\u00fchrt euch aus dem Dschungel eurer Verwirrung und eurer entsetzlichen Umst\u00e4nde heraus. <\/p>\n<p>Menschen der Welt, h\u00f6rt Unsere Worte. Wir sind es, die mit dem Jesus, dem Buddha und dem Mohammed sprachen. Sie sind von Uns gekommen. Und ein Neuer Bote ist in der Welt und er ist von uns gekommen. <\/p>\n<p>Alle gro\u00dfen Boten der Vergangenheit stehen zu ihm und unterst\u00fctzen ihn, denn sie mussten bezeugen und ertragen, wie ihre Glaubenstraditionen verzerrt und korrumpiert und missbraucht wurden. Sie mussten bezeugen, wie in ihrem Namen, \u00fcber Jahrhunderte, menschliche Torheit und religi\u00f6se Gewalt stattfanden. Ihr k\u00f6nnt euch nicht vorstellen, welches Leid das f\u00fcr sie geschaffen hat. <\/p>\n<p>Jetzt stehen sie zu dem Neuen Boten Gottes und beten, dass seine Botschaft empfangen und verstanden werden kann, beten, dass ihre gro\u00dfen Traditionen, denen sie gefolgt sind, ges\u00e4ubert und gereinigt und im Geist und Zweckes Gottes ganz und heilsam gemacht werden k\u00f6nnen. <\/p>\n<p>Gott sucht zu vereinen, nicht zu zerst\u00f6ren. Es geht um Vergebung. Es geht um Mitgef\u00fchl. Es geht um Toleranz. Es geht um Weisheit und Zur\u00fcckhaltung, die ihr jetzt in der Welt, der ihr gemeinsam begegnen m\u00fcsst, aus\u00fcben m\u00fcsst. <\/p>\n<p>Menschen der Welt, h\u00f6rt Unsere Worte. Sie repr\u00e4sentieren eure Wiederherstellung, die R\u00fcckkehr zu eurer W\u00fcrde und zu Zweck, Sinn und Wert. Sie alleine k\u00f6nnen den Wunsch nach Eroberung und Rache heilen und die tiefen Wunden des menschlichen Missbrauchs und der Korruption heilen. <\/p>\n<p>Versteht, dass die Religion niemals die Nation regieren sollte, denn das wird die Religion v\u00f6llig korrumpieren. Die Religion ist hier, um zu inspirieren, um zu beraten und zu leiten, aber nicht um zu herrschen oder sie wird all ihre Reinheit, ihre Wirksamkeit und ihren Sinn verlieren. <\/p>\n<p>Nationen der Welt, h\u00f6rt Unsere Worte. Ihr kennt nicht den Willen und die Macht des Sch\u00f6pfers und was Gott f\u00fcr die menschliche Familie will, die einer Zukunft begegnet, die ihr noch nicht sehen oder erkennen k\u00f6nnt. <\/p>\n<p>Behauptet nicht, dass es keine weiteren Boten geben kann, denn das liegt an Gott und nicht an euch. Sogar der Engelsrat kann nicht sagen, was Gott als N\u00e4chstes tun wird, also behauptet nicht, dass euer Lehrer, euer F\u00fchrer, euer Heiliger der einzige oder der letzte f\u00fcr alle Zeiten ist, denn dies erzeugt Verwirrung. Es ist nicht eure Aufgabe, so etwas zu sagen. Auch wenn es in euren Schriften steht, ist es nicht die Aufgabe von jedermann, so etwas zu sagen. <\/p>\n<p>Der Himmel wei\u00df, wer gesandt wird, wann er gesandt wird, wie er gesandt wird und was seine Botschaft sein wird. <\/p>\n<p>Die gro\u00dfe Hoffnung f\u00fcr die Menschheit ist jetzt, dass Gott erneut gesprochen hat. Eine gro\u00dfe Offenbarung ist in der Welt, gr\u00f6\u00dfer als alles, was jemals der menschlichen Familie gegeben wurde. Sie ist jetzt hier, in ihrer reinen Form. <\/p>\n<p>Ihr k\u00f6nnt sogar zum ersten Mal in der Geschichte die Stimme der Offenbarung h\u00f6ren, die mit den gro\u00dfen Boten sprach und die sie durch ihre schwierigen Aufgaben und Pr\u00fcfungen in der Vergangenheit f\u00fchrte. <\/p>\n<p>Es geht nicht darum, die Religionen der Welt zu ersetzen, sondern sie zu vereinen, sie wiederherzustellen und sie wieder in \u00dcbereinstimmung mit dem wirklichen Zweck und der Absicht Gottes f\u00fcr die Welt zu bringen, damit sie alle eine wichtige Rolle bei der Vorbereitung der Menschheit auf die gro\u00dfe Herausforderung und den gro\u00dfen, kommenden Wandel spielen k\u00f6nnen. Ihr m\u00fcsst Teil der L\u00f6sung sein, nicht Teil des Problems, versteht ihr? <\/p>\n<p>Seid dem\u00fctig. Seid bereit, euren Glauben, eure Vorstellungen und eure Ermahnungen zu \u00fcberdenken. Seid bereit, zu \u00fcberdenken. Seid bereit, zu bereuen. Seid bereit, zuzuh\u00f6ren und zu h\u00f6ren. Habt die Augen zu sehen und die Ohren zu h\u00f6ren, die Gott euch gegeben hat und verschlie\u00dft sie nicht, um eure fr\u00fcheren Annahmen, \u00dcberzeugungen und Investitionen zu sch\u00fctzen. <\/p>\n<p>Der Himmel wird beobachten, um zu sehen, wer reagieren kann. Und mit dem Boten in der heutigen Welt werden die ehemaligen Boten beobachten, wer unter ihren Anh\u00e4ngern und ihren religi\u00f6sen Gemeinschaften h\u00f6ren und reagieren kann. <\/p>\n<p>Denn Gott hat erneut gesprochen. Gott ist gerade zur richtigen Zeit gekommen. Gott ist mit der Reinen Offenbarung gekommen.<\/p>\n","protected":false},"excerpt":{"rendered":"<p>Die Gewalt der Religion ist seit Jahrhunderten eine Plage f\u00fcr die Menschheit, die auf der ganzen Welt ausge\u00fcbt wird, immer gegenw\u00e4rtig, periodisch sehr extrem. Sie ist ein Problem, weil die Religion von jenen Kr\u00e4ften, jenen Gruppen und jenen Nationen, die nach Macht und Herrschaft streben, benutzt wird, indem sie die Religion als eine Rechtfertigung, als\u2026 <a class=\"read-more\" href=\"https:\/\/www.v6.newmessage.org\/de\/about-recording-shortcode\/\"><span>Read More<\/span><\/a><\/p>\n","protected":false},"author":8,"featured_media":0,"parent":16492,"menu_order":0,"comment_status":"closed","ping_status":"closed","template":"template-leftsidebar.php","meta":{"_monsterinsights_skip_tracking":false,"_monsterinsights_sitenote_active":false,"_monsterinsights_sitenote_note":"","_monsterinsights_sitenote_category":0,"footnotes":""},"categories":[76,118,30,466,460],"tags":[745,1047,1048,746],"_links":{"self":[{"href":"https:\/\/www.v6.newmessage.org\/de\/wp-json\/wp\/v2\/pages\/28512"}],"collection":[{"href":"https:\/\/www.v6.newmessage.org\/de\/wp-json\/wp\/v2\/pages"}],"about":[{"href":"https:\/\/www.v6.newmessage.org\/de\/wp-json\/wp\/v2\/types\/page"}],"author":[{"embeddable":true,"href":"https:\/\/www.v6.newmessage.org\/de\/wp-json\/wp\/v2\/users\/8"}],"replies":[{"embeddable":true,"href":"https:\/\/www.v6.newmessage.org\/de\/wp-json\/wp\/v2\/comments?post=28512"}],"version-history":[{"count":1,"href":"https:\/\/www.v6.newmessage.org\/de\/wp-json\/wp\/v2\/pages\/28512\/revisions"}],"predecessor-version":[{"id":28515,"href":"https:\/\/www.v6.newmessage.org\/de\/wp-json\/wp\/v2\/pages\/28512\/revisions\/28515"}],"up":[{"embeddable":true,"href":"https:\/\/www.v6.newmessage.org\/de\/wp-json\/wp\/v2\/pages\/16492"}],"wp:attachment":[{"href":"https:\/\/www.v6.newmessage.org\/de\/wp-json\/wp\/v2\/media?parent=28512"}],"wp:term":[{"taxonomy":"category","embeddable":true,"href":"https:\/\/www.v6.newmessage.org\/de\/wp-json\/wp\/v2\/categories?post=28512"},{"taxonomy":"post_tag","embeddable":true,"href":"https:\/\/www.v6.newmessage.org\/de\/wp-json\/wp\/v2\/tags?post=28512"}],"curies":[{"name":"wp","href":"https:\/\/api.w.org\/{rel}","templated":true}]}}