{"id":28511,"date":"2017-11-02T22:52:15","date_gmt":"2017-11-02T22:52:15","guid":{"rendered":"http:\/\/www.newmessage.org\/de\/?page_id=28511"},"modified":"2017-11-02T22:52:15","modified_gmt":"2017-11-02T22:52:15","slug":"religioser-fundamentalismus","status":"publish","type":"page","link":"https:\/\/www.v6.newmessage.org\/de\/die-botschaft\/band-1\/die-reine-religion\/religioser-fundamentalismus\/","title":{"rendered":"Religi\u00f6ser Fundamentalismus"},"content":{"rendered":"<div><!-- Version 3.5 Verse --><\/div>\n\n<div class=\"tabgroup \"><ul class=\"tabs\"><li><a href=\"#tabs-1\">H\u00f6re<\/a><\/li>\n<li><a href=\"#tabs-2\"> Anmerkung<\/a><\/li><\/ul>\n <div id=\"tabs-1\"><\/p>\n<p>H\u00f6re die Stimme der Offenbarung:<\/p>\n<div id=\"jquery_jplayer_1\" class=\"jp-jplayer\"><\/div>\n\t\t\t\t<div id=\"jp_container_1\" class=\"jp-audio\">\n\t\t\t\t<div class=\"jp-type-single\"><div class=\"jp-control\"><a href=\"javascript:;\" class=\"jp-play\" tabindex=\"1\">play<\/a><a href=\"javascript:;\" class=\"jp-pause\" tabindex=\"1\">pause<\/a><\/div> <div class=\"jp-gui jp-interface\"><div class=\"jp-volume\"><div class=\"jp-volume-bar\"><div class=\"jp-volume-bar-value\"><\/div><\/div><\/div><div class=\"jp-progress\"><div class=\"jp-seek-bar\"><div class=\"jp-play-bar\"><\/div><\/div><\/div><\/div>\t\t\t\t\t<div class=\"jp-no-solution\"><span>Update Required<\/span>To play the media you will need to either update your browser to a recent version or update your <a href=\"http:\/\/get.adobe.com\/flashplayer\/\" target=\"_blank\">Flash plugin<\/a>.<\/div><\/div><\/div>\n\t\t\t<script type='text\/javascript'>\n\t\t\t\tjQuery(document).ready(function() {\n\t\t\t\t\tif (typeof (sermonMedia) == 'function') {\n\t\t\t\t\t\tsermonMedia.addAudio('', \"jquery_jplayer_1\");\n\t\t\t\t\t}\n\t\t\t\t\tjQuery.jPlayer.timeFormat.showHour = true;\n\t\t\t\t\tjQuery(\"#jquery_jplayer_1\").jPlayer({\n\t\t\t\t\t\tready: function(event) {\n\t\t\t\t\t\t\tjQuery(this).jPlayer(\"setMedia\", {mp3: 'https:\/\/www.newmessage.org\/av\/religious-fundamentalism.mp3'});\n\t\t\t\t\t\t},\n\t\t\t\t\t\tplay: function() {\n\t\t\t\t\t\t\tjQuery(this).jPlayer(\"pauseOthers\");\n\t\t\t\t\t\t},\n\t\t\t\t\t\tswfPath: ThemeData.directory_uri+\"\/swf\",\n\t\t\t\t\t\tsolution: \"html, flash\",\n\t\t\t\t\t\tpreload: \"metadata\",\n\t\t\t\t\t\twmode: \"window\",\n\t\t\t\t\t\tsupplied: \"mp3\",\n\t\t\t\t\t\tcssSelectorAncestor: '#jp_container_1'\n\t\t\t\t\t});\n\t\t\t\t});\n\t\t\t<\/script><\/p>\n<p><a title=\"Religious Fundamentalism\" href=\"https:\/\/www.newmessage.org\/av\/religious-fundamentalism.mp3\"> Lade herunter<\/a> (Rechtsklick zum Herunterladen)<\/p>\n<p><em> Wie offenbart dem Boten Gottes<br \/>\nMarshall Vian Summers<br \/>\nam 23. September 2014<br \/>\nin Boulder, Colorado <\/em><\/p>\n<p><\/div>\n<div id=\"tabs-2\"><br \/>\n<em> Anmerkung an den Leser:<br \/>\nDiese \u00dcbersetzung wurde der Society von einem Sch\u00fcler der Neuen Botschaft verf\u00fcgbar gemacht, der den englischen Originaltext als Freiwilliger \u00fcbersetzt hat. Wir stellen diese \u00dcbersetzung in dieser fr\u00fchen Form zur Verf\u00fcgung, damit jeder Gelegenheit hat, sich mit einem Teil der Neuen Botschaft in seiner eigenen Sprache zu befassen.<\/em><br \/>\n<\/div>\n\t\t\t\t<div align=\"right\">\n\t\t\t<div class=\"fb-like\" data-href=\"\" data-layout=\"button_count\" data-action=\"like\" data-show-faces=\"false\" data-share=\"false\"><\/div>\n\t\t\t<div class=\"fb-share-button\" data-layout=\"button_count\"> <\/div>\n\t\t\t<div class=\"fb_iframe_widget\"><a href=\"https:\/\/twitter.com\/godsnewmessage?ref_src=twsrc%5Etfw\" class=\"twitter-follow-button\" data-show-count=\"false\">Follow @godsnewmessage<\/a><script async src=\"https:\/\/platform.twitter.com\/widgets.js\" charset=\"utf-8\"><\/script><\/div>\n\t\t\t<\/div> <\/div> \n\n<p>Die Menschen, in Trennung lebend, versuchen alles zu tun, damit es zur Trennung passt. Sie versuchen, ihre Vorstellungen, ihre Aktivit\u00e4ten, ihre \u00dcberzeugungen und ihren Schwerpunkt im Leben so zu gestalten, dass sie in dem Reich des Lebens in Isolation funktionieren, in dem sie getrennt von Gott und ihrer Quelle sind. <\/p>\n<p>Der Herr aller Universen, der Herr aller Sch\u00f6pfung, die Quelle eures Lebens hat alle gro\u00dfen Religionen der Welt gegr\u00fcndet. Obwohl sie sich im Laufe der Zeit durch menschliche Annahme, Korruption und Missverst\u00e4ndnis ver\u00e4ndert haben, sind sie alle dazu bestimmt, die Menschheit zu vereinen. Sie sind alle dazu gedacht, der menschlichen Zivilisation Dimensionen hinzuzuf\u00fcgen. Sie sind alle dazu gedacht, euch auf die Zukunft vorzubereiten, denn alle Gro\u00dfen Offenbarungen sind hier, um euch auf die Zukunft vorzubereiten. <\/p>\n<p>Doch in der Trennung lebend, machen Menschen, viele Menschen, aus ihrer Religion die einzige Religion oder die endg\u00fcltige Religion oder die vollst\u00e4ndige Religion und schlie\u00dfen alle anderen aus. Es ist eine menschliche Tendenz und ist mit dem Glauben verbunden. <\/p>\n<p>Der Glaube kommt vom Verstand. Nicht vom Geist. Der Glaube ist bis zu einem gewissen Punkt n\u00fctzlich und notwendig, um Denken zu organisieren, um Leben Fokus, Richtung und Orientierung zu geben. Aber das Denken und das Leben in Trennung ist niemals absolut. Denn wo du hingehst und woher du gekommen bist, ist jenseits der Sph\u00e4re und der Reichweite des Intellekts. <\/p>\n<p>Zu glauben, dass dein gro\u00dfer spiritueller Lehrer, der Gr\u00fcnder deiner Religion, der einzige gro\u00dfe Lehrer oder der letzte gro\u00dfe Lehrer ist, ist ein wesentlicher Fehler. Wenn alle Religionen von Gott initiiert und vom Menschen ver\u00e4ndert worden sind, dann ist dies eindeutig ein krasser Fehler. <\/p>\n<p>Zu glauben, dass Gott der Menschheit nichts mehr zu sagen hat, w\u00e4hrend sie jetzt den gr\u00f6\u00dften Herausforderungen in ihrer ganzen Geschichte begegnet, ist ein wesentlicher Fehler. Zu denken, dass die Religionen der Antike dich auf das Leben im Universum oder auf das Leben in einer Welt im Niedergang vorbereiten k\u00f6nnen, ist eindeutig unangemessen. Doch viele Menschen halten sich an diese Vorstellungen, st\u00fctzen ihr Leben auf diese Vorstellungen, sind bereit, in den Krieg gegen andere f\u00fcr diese Vorstellungen zu ziehen. <\/p>\n<p>So geht der Missbrauch der Religion weiter. Er ist im Laufe der Zeit schmerzlich gewesen, weil der Geist Gottes nicht erfahren wird. <\/p>\n<p>Wie die Fl\u00fcsse, die zum Meer f\u00fchren, sollen alle religi\u00f6sen Traditionen dich in die Ganzheit und die Vereinigung mit Gott zur\u00fcckbringen. Jede einzelne f\u00fcgt dem Verst\u00e4ndnis des Seins in der Welt und dem Leben mit einer dualen Wirklichkeit, eine einzigartige Dimension hinzu\u2014der Wirklichkeit deiner spiritueller Natur, die in dem, was Wir Kenntnis nennen, verk\u00f6rpert wird und deiner weltlichen Identit\u00e4t, die durch Kultur etabliert wurde und durch die Interaktion mit dem Leben hier in der Welt. <\/p>\n<p>Du hast diese duale Natur, verstehst du? Du bist nicht das Eine ohne das Andere. Aber deine gr\u00f6\u00dfere Natur beruht nicht auf Ideologie. Sie beruht nicht auf religi\u00f6sem Glauben oder Praxis oder Tradition. Sie ist jenseits von all dem, weil Gott jenseits von all dem ist. Wenn du diese Welt verl\u00e4sst, wirst du \u00fcber all das hinausgehen. Du wirst keinen Glauben haben. Du wirst einfach da sein, genauso wie du warst, bevor du in die Welt gekommen bist.<br \/>\nSo kommen die Menschen in die Welt und sie werden beladen und mit Glauben gepr\u00e4gt. Und wenn sie das akzeptieren, werden sie die Bef\u00fcrworter des Glaubens, manchmal ganz gedankenlos, einfach, weil sie so stark gepr\u00e4gt und konditioniert sind, in einer bestimmten Weise zu denken, bestimmte Vorstellungen und \u00dcberzeugungen und gewisse Meinungen \u00fcber ihre Religion und Tradition zu haben. <\/p>\n<p>Gott k\u00fcmmert sich nicht um so etwas. Dies sind alles zweckdienliche Mittel, um dich wieder in die Vereinigung mit Gott zu bringen. Dies ist ihr Zweck und sie helfen dir, dein Leben zu organisieren, damit du ein ethisches, gesundes und wertvolles Leben in der Welt leben kannst, verstehst du? <\/p>\n<p>Es ist eine menschliche Tendenz in allen religi\u00f6sen Traditionen, die in manchen st\u00e4rker als in anderen ausgepr\u00e4gt ist, eine feste und starre Vorstellung von Gott und von allem anderen zu haben. Dies geschieht jenseits der Religion, weil es eine prim\u00e4re menschliche Tendenz aufgrund des Lebens in Trennung ist. <\/p>\n<p>Du st\u00fctzt deine Vorstellungen, deine Identit\u00e4t und deine Stellung in der Gesellschaft, sogar deinen Reichtum und Wohlstand, auf ein festes System von Vorstellungen. Aber du kannst niemals mit einem festen System von Vorstellungen zu Gott kommen, weil sie dich blind machen. Sie beschr\u00e4nken dich. Sie machen dich voreingenommen und verurteilend. Sie k\u00f6nnen dich zu Gewalt und Konflikten, Repression und brutaler Verurteilung anderer f\u00fchren.<br \/>\nDu kannst deine Quelle nicht kennen, wenn dies deine Haltung ist. Egal wieviel Tradition du hinter dir hast, denn die Traditionen des religi\u00f6sen Irrtums sind genauso starr wie die Traditionen der religi\u00f6sen Wahrheit. <\/p>\n<p>Die grundlegende Frage ist hier, auf was du in dir h\u00f6rst. Wenn du deine Identit\u00e4t auf deine Vorstellungen st\u00fctzst, dann wirst du deine Vorstellungen fixiert und unbeweglich haben wollen, damit du diesbez\u00fcglich Sicherheit hast. Du wirst alle anderen, die unterschiedliche Vorstellungen haben, wie im Wettbewerb mit dir oder als eine Art Bedrohung auf einer gewissen Ebene ansehen, oder du wirst sie einfach als minderwertig oder unheilig, als die Ungl\u00e4ubigen, die Nichtgl\u00e4ubigen verachten und du wirst \u00fcber sie urteilen und sie zur H\u00f6lle verdammen. <\/p>\n<p>Das ist die Religion, die alle jene haben, die in Trennung leben. Sie ist falsch vom Anfang bis zum Ende, weil sie nicht das Wesen Gottes oder ihre Beziehung zu Gott oder die Tatsache verstehen, dass Gott alle am Ende retten wird, denn das ist der Plan Gottes. <\/p>\n<p>Gott wird alle in dieser Welt und in jeder Welt retten, in Milliarden und Abermilliarden von Welten\u2014Wesen, die in Erscheinung und Orientierung so verschieden [zu] euch sind. Denn das ist der Plan Gottes. Es wird nat\u00fcrlich eine enorme Menge an Zeit in Anspruch nehmen, aber Zeit bedeutet nichts f\u00fcr Gott. <\/p>\n<p>Die gro\u00dfen Boten bringen Neue Offenbarungen in Zeiten gro\u00dfer Bedeutung, Herausforderung und Chance, um dem wachsenden Verst\u00e4ndnis hinzuzuf\u00fcgen und den Geist und die Praxis eures g\u00f6ttlichen Glaubens intakt zu halten und zu erneuern, da er in den Vorstellungen und in den K\u00f6pfen der Menschen kalt und verkalkt geworden ist. <\/p>\n<p>St\u00fctze dich niemals auf deine Vorstellungen und \u00dcberzeugungen, oder dein Verstand wird sich verschlie\u00dfen und verdunkeln und du wirst nur ein weiterer Gegner in einer Welt der Gegner werden. Du wirst voreingenommen werden. Du wirst Feinde haben. Du wirst deinen Glauben um deine Feinde herum bauen. Du wirst denken, dass die Feinde Gottes deine Feinde sind und du wirst sie den Menschen zuordnen, die du nicht magst oder verstehst. <\/p>\n<p>Gott versteht all dies, weil du in Trennung lebst und du noch nicht die nat\u00fcrliche Intelligenz gefunden hast, die Gott in dich gelegt hat, um ihr zu folgen. Du h\u00e4ngst also von deinen Vorstellungen, den Vorstellungen anderer und dem Konsens im Denken zwischen Nationen und Kulturen und Menschen ab. Und infolgedessen bist du so blind wie nur m\u00f6glich. <\/p>\n<p>Du kannst nicht aus deinem kleinen Gef\u00e4ngnis der Vorstellungen herausschauen, die du verteidigst, oder du neigst dazu, sie energisch zu verteidigen. Du kannst nicht sehen. Du bist gefangen. Es ist ein Gef\u00e4ngnis des Verstandes. Es ist ein Gef\u00e4ngnis des starren Glaubens. Du kannst nicht wirklich etwas Neues lernen. Du versuchst nur zu verst\u00e4rken, was du glaubst und was du f\u00fcr wahr h\u00e4ltst. <\/p>\n<p>Der Zweck der Offenbarung ist letzlich, dich \u00fcber den Glauben hinaus zu bringen. Er wird den Glauben vorl\u00e4ufig als einen Ausgangspunkt verwenden, aber du musst dar\u00fcber hinausgehen. Du wirst Gott niemals auf der Ebene des Glaubens verstehen, wie Gott in der Welt arbeitet, wer und was Gott ist und deine Beziehung zu Gott. <\/p>\n<p>Der Glaube ist hier so begrenzt. Er ist so eigenn\u00fctzig. Er ist so durch Kultur und Religion um dich herum konditioniert. Er kann niemals eine gr\u00f6\u00dfere Wirklichkeit oder gr\u00f6\u00dfere Wahrheit \u00fcber dein Leben umfassen und warum du hier bist und wer dich gesandt hat oder was du als n\u00e4chstes tun musst. <\/p>\n<p>Das ist Religion. Der Gr\u00f6\u00dferen Pr\u00e4senz folgen, die Gott in dich gelegt hat, die gr\u00f6\u00dfere Intelligenz, genannt Kenntnis\u2014das ist, wie du durch Dienst und Beitrag in der Welt in die Vereinigung zu Gott zur\u00fcckkehrst. <\/p>\n<p>Gottes Anbetung bedeutet ohne dies nichts. Sich in der Moschee, der Kirche oder dem Tempel niederzuwerfen bedeutet ohne diesen Dienst nichts. <\/p>\n<p>Gott braucht keine Anbetung. Gott ist nicht wie du. Gott ist nicht unsicher. Gott muss nicht gelobt werden. Gott ist nicht wie du in dieser Hinsicht. <\/p>\n<p>Menschen versuchen, Gott f\u00fcr Gef\u00e4lligkeiten und Gaben zu benutzen und ihren Glauben zu benutzen, um zu versuchen, diese Dinge zu erhalten. Aber die Heerschar der Engel, die \u00fcber diese Welt wacht, ist nicht davon bewegt.<\/p>\n<p>Die Religion wird von den Regierungen benutzt. Sie wird in dem Streben nach Macht benutzt. Sie wird benutzt, um Bev\u00f6lkerungen zu dominieren und zu unterdr\u00fccken. Sie wurde im Laufe der Geschichte als eine Standarte des Krieges und eine Standarte der Unterwerfung benutzt. <\/p>\n<p>Die Menschen machen Gott zu dem, was sie wollen und was sie glauben, \u2014einem Gott wie sie selbst, einem Gott, der alle menschlichen Tendenzen hat, einem Gott mit gro\u00dfer Macht, ja aber einem Gott, der in einer Weise eher tragisch ist. <\/p>\n<p>Gott ist geduldig, also musst du lernen, geduldig zu sein. Gott ist tolerant, also musst du lernen, tolerant zu sein. Gott ist die Quelle aller Religionen der Welt, also musst du sie alle respektieren und von ihnen lernen, ihren Wert und ihren Beitrag zu sehen. <\/p>\n<p>Gott bewegt die Welt, indem er durch die Menschen von innen nach au\u00dfen wirkt. Deshalb musst du dies in anderen h\u00f6ren. <\/p>\n<p>Gott hat Kenntnis in dich gelegt, um dich zu f\u00fchren, dich zu segnen und dich zu besch\u00fctzen, dich auf ein gr\u00f6\u00dferes Leben des Dienstes und der Erf\u00fcllung, vorzubereiten. Du musst die Schritte zur Kenntnis gehen. Denn das ist die S\u00e4ule und der wahre Weg deines Glaubens, in welcher religi\u00f6sen Tradition du auch immer wirkst. <\/p>\n<p>Gott verurteilt nicht, also darfst du nicht verurteilen. Gott bestraft nicht, also darfst du nicht gedankenlos und herzlos bestrafen. <\/p>\n<p>Dein Glaube kann niemals den gr\u00f6\u00dferen Plan Gottes enthalten oder was deine Religion wirklich bedeutet und warum sie in die Welt gebracht wurde. All dies existiert \u00fcber die Sph\u00e4re und die Reichweite des Intellekts hinaus. <\/p>\n<p>Wenn du wundervolle und fantastische Vorstellungen hast, wird dich dies nicht zur\u00fcck in die Vereinigung mit Gott oder mit dem H\u00f6heren Zweck bringen, der dich hierher gesandt hat und der darauf wartet, entdeckt zu werden. Dies ist es, worauf Gott reagiert. <\/p>\n<p>F\u00fcr deinen Glauben zu sterben, andere f\u00fcr deinen Glauben zu t\u00f6ten, ist ein Gr\u00e4uel im Namen Gottes. Es ist eine Krankheit. Es ist eine Geisteskrankheit, die gro\u00dfe Bev\u00f6lkerungen betrifft.<br \/>\nDer wahre Gottgl\u00e4ubige macht das nicht. Der wahre Glaube liegt in der Macht und in der Pr\u00e4senz der Kenntnis und in denen, die dich gesandt haben und die sogar jetzt \u00fcber dich wachen. <\/p>\n<p>Dies ist ein Mysterium. Alles von Wert stammt aus dem Mysterium. Du musst den Mut und die Demut haben, in das Mysterium einzutreten, mit Fragen zu leben und dein Leben nicht auf Antworten zu st\u00fctzen, sondern \u00fcber das Wort hinauszugehen, denn das Wort ist nur der Anfang deiner Reise zur\u00fcck zu Gott. <\/p>\n<p>Gott ist nicht hier, um dich aus der Welt zu nehmen, sondern dich mit einem H\u00f6herem Zweck und Sinn in die Welt zu bringen. Aber um Gott zu erlauben, dir zu helfen, musst du bereit sein, dein Leben und deine Vorstellungen zu \u00e4ndern und dich von deiner alten Weise zu denken und dich zu verhalten, verabschieden. <\/p>\n<p>Dies ist die Herausforderung, aber dies ist auch die Befreiung. Denn deine alte Denkweise und dein altes Verhalten werden dich in fast allen F\u00e4llen, au\u00dfer in Verzweiflung und Leere nirgendwo hinbringen. Und du wirst zu deiner Uralten Heimat mit deiner unerf\u00fcllten und unerkannten Mission zur\u00fcckkehren. <\/p>\n<p>Es gibt keinen Tag des J\u00fcngsten Gerichts. Es gibt keine H\u00f6lle und Verdammnis. Warum sollte Gott dich verdammen oder verurteilen, wenn Gott wei\u00df, dass du ohne Kenntnis nur im Irrtum sein kannst und versuchen wirst, deine Vorstellungen und \u00dcberzeugungen als S\u00e4ulen der Wahrheit zu benutzen, wenn eine gr\u00f6\u00dfere Wahrheit jenseits von ihnen besteht? <\/p>\n<p>Gott hat eine gro\u00dfe Offenbarung in die Welt gesandt, die jetzt vom Engelsrat gesandt wird. Es ist die umfassendste, die jemals dieser Welt gegeben wurde, gegeben in einer Zeit gro\u00dfer Not und gro\u00dfem Wandel. Es ist die gr\u00f6\u00dfte Schwelle in der ganzen menschlichen Geschichte, w\u00e4hrend die Menschheit in einer Welt im Niedergang lebt, w\u00e4hrend die Menschheit einem Universum voller intelligenten Lebens begegnet. Deine \u00dcberzeugungen ber\u00fccksichtigen wahrscheinlich so etwas nicht. Und selbst wenn sie es t\u00e4ten, w\u00fcrden sie nicht vollst\u00e4ndig sein. <\/p>\n<p>Du brauchst Gott, um dir jetzt zu helfen, denn die Menschheit ist sehr sp\u00e4t dran mit ihrer Vorbereitung. Der menschliche Glaube, die menschliche Religion k\u00f6nnen dich nicht auf diese beiden gro\u00dfen Schwellen vorbereiten. <\/p>\n<p>Es ist eine Realit\u00e4t, in der sich die Menschheit, um zu \u00fcberleben, vereinen muss, aus schierer Notwendigkeit zusammenarbeiten und ihre unaufh\u00f6rlichen Konflikte beenden muss. <\/p>\n<p>Es ist eine Zeit des gro\u00dfen Wandels des Denkens und der Denktraditionen, die in der Vergangenheit so sehr das menschliche Denken und Verhalten bestimmt haben. Es ist eine gro\u00dfartige Wiederherstellung, wenn es richtig gesehen wird. Und es wird sehr herausfordernd f\u00fcr alle Menschen sein, dem zu begegnen und dies zu akzeptieren. Aber es gibt kein Weglaufen von den Gro\u00dfen Wellen des Wandels, die auf diese Welt zukommen. Und du kannst der Tatsache nicht entkommen, dass die Menschheit jetzt von gef\u00e4hrlichen Kr\u00e4ften aus dem Universum besucht wird. <\/p>\n<p>Diese Dinge passieren, ob du bereit bist oder nicht, ob du willst oder nicht, ob du dir dessen bewusst bist oder nicht. Sie werden den Lauf deines Lebens und die Bestimmung deiner Kinder ver\u00e4ndern\u2014eine gro\u00dfe Gefahr, eine gro\u00dfe Chance f\u00fcr dich und f\u00fcr die ganze menschliche Familie. <\/p>\n<p>Du musst bereit sein, aus deinen festen \u00dcberzeugungen, deinen politischen \u00dcberzeugungen, deinen religi\u00f6sen \u00dcberzeugungen, deinen sozialen \u00dcberzeugungen herauszutreten, um mit der Wirklichkeit wieder in Verbindung zu treten und zu sehen, dass, wenn sich die Menschheit nicht zu ihrem eigenen Schutz und Fortschritt vereinen kann, sie zerfallen und die Beute ausl\u00e4ndischer M\u00e4chte wird. Dies ist unz\u00e4hlige Male im Universum um dich herum passiert. <\/p>\n<p>Gott wei\u00df, was \u00fcber den Horizont herankommt und kennt die gro\u00dfen bevorstehenden Gefahren und Risiken. Und Gott kennt die gro\u00dfe Chance, die gr\u00f6\u00dfte Chance, die die Menschheit hat, sich zu vereinen, um die menschliche Zivilisation zu sch\u00fctzen, um die Produktivit\u00e4t der Welt wiederherzustellen und eine Zukunft f\u00fcr die Menschheit zu sichern. <\/p>\n<p>Der religi\u00f6se Fundamentalismus wird nur k\u00e4mpfen und streiten, zerst\u00f6ren und entfremden. Das ist nicht der Wille des Sch\u00f6pfers. Die Religion soll dein Herz \u00f6ffnen, nicht deinen Verstand fixieren. <\/p>\n<p>Du musst mitf\u00fchlend sein. Du musst tolerant sein. Du musst \u00fcber das Verst\u00e4ndnis der anderen lernen. Du musst erkennen, dass der Gro\u00dfe Glaube jenseits des religi\u00f6sen Glaubens allein ist. <\/p>\n<p>Du musst die Schritte zur Kenntnis gehen, damit du die tiefere Stimme findest, die Gott in dich gelegt hat, damit du ihr folgst und sie findest. Denn nur so kannst du mit deiner Quelle wieder vereinigt werden. <\/p>\n<p>Der Himmel segnet diejenigen, die reagieren k\u00f6nnen und ruft alle anderen zur wahren Erkenntnis auf. <\/p>\n<p>Lasse nicht zu, dass die menschliche Familie jetzt geteilt wird. Lasse nicht zu, dass die Religion jemals ein Instrument des Krieges oder eine Rechtfertigung f\u00fcr Konflikte wird.<br \/>\nDie menschliche Tendenz zur strengen Ideologie muss entsprechend erkannt und verwaltet werden oder die Menschheit wird nicht die St\u00e4rke, den Mut oder die Einheit haben, um in k\u00fcnftigen Zeiten erfolgreich zu sein. <\/p>\n<p>Die Pr\u00e4senz ist bei dir. Gott arbeitet \u00fcberall auf der Ebene der Kenntnis durch Individuen. Das ist die Religion in ihrer reinsten und ewigen Form.<\/p>\n","protected":false},"excerpt":{"rendered":"<p>Die Menschen, in Trennung lebend, versuchen alles zu tun, damit es zur Trennung passt. Sie versuchen, ihre Vorstellungen, ihre Aktivit\u00e4ten, ihre \u00dcberzeugungen und ihren Schwerpunkt im Leben so zu gestalten, dass sie in dem Reich des Lebens in Isolation funktionieren, in dem sie getrennt von Gott und ihrer Quelle sind. Der Herr aller Universen, der\u2026 <a class=\"read-more\" href=\"https:\/\/www.v6.newmessage.org\/de\/about-recording-shortcode\/\"><span>Read More<\/span><\/a><\/p>\n","protected":false},"author":8,"featured_media":0,"parent":16492,"menu_order":0,"comment_status":"closed","ping_status":"closed","template":"template-leftsidebar.php","meta":{"_monsterinsights_skip_tracking":false,"_monsterinsights_sitenote_active":false,"_monsterinsights_sitenote_note":"","_monsterinsights_sitenote_category":0,"footnotes":""},"categories":[76,118,30,466,460],"tags":[745,1045,1046,746],"_links":{"self":[{"href":"https:\/\/www.v6.newmessage.org\/de\/wp-json\/wp\/v2\/pages\/28511"}],"collection":[{"href":"https:\/\/www.v6.newmessage.org\/de\/wp-json\/wp\/v2\/pages"}],"about":[{"href":"https:\/\/www.v6.newmessage.org\/de\/wp-json\/wp\/v2\/types\/page"}],"author":[{"embeddable":true,"href":"https:\/\/www.v6.newmessage.org\/de\/wp-json\/wp\/v2\/users\/8"}],"replies":[{"embeddable":true,"href":"https:\/\/www.v6.newmessage.org\/de\/wp-json\/wp\/v2\/comments?post=28511"}],"version-history":[{"count":1,"href":"https:\/\/www.v6.newmessage.org\/de\/wp-json\/wp\/v2\/pages\/28511\/revisions"}],"predecessor-version":[{"id":28513,"href":"https:\/\/www.v6.newmessage.org\/de\/wp-json\/wp\/v2\/pages\/28511\/revisions\/28513"}],"up":[{"embeddable":true,"href":"https:\/\/www.v6.newmessage.org\/de\/wp-json\/wp\/v2\/pages\/16492"}],"wp:attachment":[{"href":"https:\/\/www.v6.newmessage.org\/de\/wp-json\/wp\/v2\/media?parent=28511"}],"wp:term":[{"taxonomy":"category","embeddable":true,"href":"https:\/\/www.v6.newmessage.org\/de\/wp-json\/wp\/v2\/categories?post=28511"},{"taxonomy":"post_tag","embeddable":true,"href":"https:\/\/www.v6.newmessage.org\/de\/wp-json\/wp\/v2\/tags?post=28511"}],"curies":[{"name":"wp","href":"https:\/\/api.w.org\/{rel}","templated":true}]}}