{"id":28506,"date":"2017-10-28T00:17:40","date_gmt":"2017-10-28T00:17:40","guid":{"rendered":"http:\/\/www.newmessage.org\/de\/?page_id=28506"},"modified":"2020-02-04T07:29:46","modified_gmt":"2020-02-04T07:29:46","slug":"gottes-macht-und-prasenz-in-der-welt","status":"publish","type":"page","link":"https:\/\/www.v6.newmessage.org\/de\/die-botschaft\/weitere-offenbarungen\/gottes-macht-und-prasenz-in-der-welt\/","title":{"rendered":"Gottes Macht und Pr\u00e4senz in der Welt"},"content":{"rendered":"<div><!-- Version 3.5 Verse --><\/div>\n\n<div class=\"tabgroup \"><ul class=\"tabs\"><li><a href=\"#tabs-1\">H\u00f6re<\/a><\/li>\n<li><a href=\"#tabs-2\"> Anmerkung<\/a><\/li><\/ul>\n <div id=\"tabs-1\"><\/p>\n<p>H\u00f6re die Stimme der Offenbarung:<\/p>\n<div id=\"jquery_jplayer_1\" class=\"jp-jplayer\"><\/div>\n\t\t\t\t<div id=\"jp_container_1\" class=\"jp-audio\">\n\t\t\t\t<div class=\"jp-type-single\"><div class=\"jp-control\"><a href=\"javascript:;\" class=\"jp-play\" tabindex=\"1\">play<\/a><a href=\"javascript:;\" class=\"jp-pause\" tabindex=\"1\">pause<\/a><\/div> <div class=\"jp-gui jp-interface\"><div class=\"jp-volume\"><div class=\"jp-volume-bar\"><div class=\"jp-volume-bar-value\"><\/div><\/div><\/div><div class=\"jp-progress\"><div class=\"jp-seek-bar\"><div class=\"jp-play-bar\"><\/div><\/div><\/div><\/div>\t\t\t\t\t<div class=\"jp-no-solution\"><span>Update Required<\/span>To play the media you will need to either update your browser to a recent version or update your <a href=\"http:\/\/get.adobe.com\/flashplayer\/\" target=\"_blank\">Flash plugin<\/a>.<\/div><\/div><\/div>\n\t\t\t<script type='text\/javascript'>\n\t\t\t\tjQuery(document).ready(function() {\n\t\t\t\t\tif (typeof (sermonMedia) == 'function') {\n\t\t\t\t\t\tsermonMedia.addAudio('', \"jquery_jplayer_1\");\n\t\t\t\t\t}\n\t\t\t\t\tjQuery.jPlayer.timeFormat.showHour = true;\n\t\t\t\t\tjQuery(\"#jquery_jplayer_1\").jPlayer({\n\t\t\t\t\t\tready: function(event) {\n\t\t\t\t\t\t\tjQuery(this).jPlayer(\"setMedia\", {mp3: 'https:\/\/newmessage.org\/av\/gods-power-and-presence-in-the-world.mp3'});\n\t\t\t\t\t\t},\n\t\t\t\t\t\tplay: function() {\n\t\t\t\t\t\t\tjQuery(this).jPlayer(\"pauseOthers\");\n\t\t\t\t\t\t},\n\t\t\t\t\t\tswfPath: ThemeData.directory_uri+\"\/swf\",\n\t\t\t\t\t\tsolution: \"html, flash\",\n\t\t\t\t\t\tpreload: \"metadata\",\n\t\t\t\t\t\twmode: \"window\",\n\t\t\t\t\t\tsupplied: \"mp3\",\n\t\t\t\t\t\tcssSelectorAncestor: '#jp_container_1'\n\t\t\t\t\t});\n\t\t\t\t});\n\t\t\t<\/script><\/p>\n<p><a title=\"God\u2019s Power and Presence in the World\" href=\"\/\/www.newmessage.org\/av\/gods-power-and-presence-in-the-world.mp3\">Lade herunter<\/a> (Rechtsklick zum Herunterladen)<\/p>\n<p><em>Wie offenbart<br \/>\nMarshall Vian Summers<br \/>\nam 23. April 2011-<br \/>\nin Boulder, Colorado<\/em><\/p>\n<p><\/div>\n<div id=\"tabs-2\"><br \/>\n<em> Anmerkung an den Leser:<br \/>\nDiese \u00dcbersetzung wurde der Society von einem Sch\u00fcler der Neuen Botschaft verf\u00fcgbar gemacht, der den englischen Originaltext als Freiwilliger \u00fcbersetzt hat. Wir stellen diese \u00dcbersetzung in dieser fr\u00fchen Form zur Verf\u00fcgung, damit jeder Gelegenheit hat, sich mit einem Teil der Neuen Botschaft in seiner eigenen Sprache zu befassen.<\/em><br \/>\n<\/div>\n\t\t\t\t<div align=\"right\">\n\t\t\t<div class=\"fb-like\" data-href=\"\" data-layout=\"button_count\" data-action=\"like\" data-show-faces=\"false\" data-share=\"false\"><\/div>\n\t\t\t<div class=\"fb-share-button\" data-layout=\"button_count\"> <\/div>\n\t\t\t<div class=\"fb_iframe_widget\"><a href=\"https:\/\/twitter.com\/godsnewmessage?ref_src=twsrc%5Etfw\" class=\"twitter-follow-button\" data-show-count=\"false\">Follow @godsnewmessage<\/a><script async src=\"https:\/\/platform.twitter.com\/widgets.js\" charset=\"utf-8\"><\/script><\/div>\n\t\t\t<\/div> <\/div> \n\n<p>Die Erkenntnis muss auf einer tieferen Erfahrung beruhen, der Erkenntnis einer gr\u00f6\u00dferen Wahrheit, der Erkenntnis einer Neuen Offenbarung. Diese Erkenntnis erfolgt auf einer tieferen Ebene des Verstandes, jenseits des Reiches des Intellekts, jenseits des Reiches der Vorstellungen und des Glaubens und der Dinge, woran sich die Menschen in Bezug auf die G\u00f6ttliche Pr\u00e4senz und Macht in der Welt festhalten.<\/p>\n<p>Diese Macht ist so beachtlich, aber sie funktioniert durch das Individuum. Sie funktioniert von innen heraus. So ist es, wie Gott in der Welt arbeitet.<\/p>\n<p>Die Menschen wollen grandiose Demonstrationen, aber die Pr\u00e4senz arbeitet anders. Sie zieht von sich selbst keine gro\u00dfe Show ab. Sie spricht zur Innenwelt der Person und geht auf diese Weise von Person zu Person.<\/p>\n<p>Hier beruht die Erfahrung der Erkenntnis nicht auf Glaubenseifer, denn die Menschen streiten immer \u00fcber den Glauben und k\u00f6nnen sich auf dieser Ebene niemals wirklich vereinen.<\/p>\n<p>Die Resonanz geschieht \u00fcber Vorstellungen und die Formulierung von Vorstellungen hinaus. Hier entsteht wahres Engagement. Hier entsteht echter Mut. Hier tritt Mitgef\u00fchl und die Erfahrung der Gnade auf.<\/p>\n<p>Gottes Macht und Pr\u00e4senz werden in der Welt durch selbstlose Handlungen demonstriert, durch die Anerkennung einer Person durch eine andere, durch selbstloses Geben und die Verpflichtung, zu geben, die Verpflichtung, zu dienen, die Verpflichtung, beizutragen\u2014\u00fcber die eigene Erbauung hinaus und sicherlich, \u00fcber die eigene Bereicherung hinaus.<\/p>\n<p>Woher kommt dieser Anreiz? Was ist die Natur der wahren G\u00fcte? Es kommt alles aus dem Mysterium, der Macht und der Pr\u00e4senz Gottes in der Welt.<\/p>\n<p>Menschen wollen Demonstrationen. Sie wollen Wunder, weil sie nicht die Erfahrung haben. Das ist alles das Streben des Verstandes\u2014des oberfl\u00e4chlichen Verstandes, des weltlichen Verstandes. &#8220;Beweise mir, dass Gott echt ist! Vollbringe ein Wunder f\u00fcr mich! Gib mir, was ich will! L\u00f6se meine Probleme!&#8221;<\/p>\n<p>Die Menschen denken so, weil sie nicht die wahre Erfahrung haben und wenn sie die wahre Erfahrung gehabt haben, dann sind sie nicht geduldig. Sie erkennen nicht, dass die Begegnung mit Gott gelegentlich und nicht kontinuierlich ist. Denn es ist nicht erlaubt, dass du zu viel Erfahrung mit dem G\u00f6ttlichen hast oder du wirst niemals bereit sein, in der Welt zu bleiben und deinen Dienst hier zu leisten.<\/p>\n<p>Du kannst nicht zu Gott weglaufen, denn du wurdest in die Welt gesandt, um einer Welt in Not zu dienen. Deshalb ist die Pr\u00e4senz nicht eine Form des Rausches. Sie ist nicht eine gro\u00dfe Flucht. Es geht nicht darum, hoch aufzusteigen, um niemals zur\u00fcckzukehren. Warum sollte Gott dich zur\u00fcck in den Himmel rufen, wurden doch gro\u00dfe Anstrengungen unternommen, dich in die Welt zu bringen?<\/p>\n<p>Die Menschen wollen Vieles, aber wenn sie nicht die tiefere Erfahrung haben, dann sind sie nur mit ihren Vorstellungen besch\u00e4ftigt. Sie diskutieren \u00fcber ihre Vorstellungen. Sie streiten \u00fcber ihre Vorstellungen. Sie versuchen, das Unbeschreibliche mit ihren Vorstellungen zu verstehen. Sie versuchen, mit ihren Vorstellungen zu begreifen. Das ist, wie die Hand aufzufordern, deinen Verstand zu verstehen. Das ist, wie ein Kind aufzufordern, die Welt zu verstehen.<\/p>\n<p>Die Macht und die Pr\u00e4senz Gottes in der Welt geht weit \u00fcber die menschliche Einsch\u00e4tzung und die menschliche Bewertung hinaus.<\/p>\n<p>Der wahre Glaube und die wahre Treue kommen aus einem tieferen Ort, aus der Seele, aus dem Herzen in dir, aus dem Zentrum deines Seins. Hier bist du nicht vom Sch\u00f6pfer getrennt. Aber du bist von deiner tieferen Natur getrennt und es geht darum, diese Kluft zu \u00fcberbr\u00fccken, indem du die Schritte zur Kenntnis gehst, die den Fokus aller wahren spirituellen Praxis und alles religi\u00f6sen Bestrebens darstellt.<\/p>\n<p>Die Menschen wollen Vieles, aber vor allem brauchen sie die tiefere Erfahrung, die wahre Verbindung, denn diese erf\u00fcllt das Bed\u00fcrfnis der Seele und beginnt wahrhaftig, die Integrit\u00e4t und das Gleichgewicht in dir selbst wiederherzustellen.<\/p>\n<p>Das Werk Gottes ist \u00fcberall, aber wer kann es sehen? Die Menschen sind besessen von menschlichen Fehlern und von menschlicher Trag\u00f6die, beschweren sich st\u00e4ndig \u00fcber die Welt und lassen ihre Wut und Frustration bei anderen aus. Gott ist mit ihnen, aber sie schauen in eine andere Richtung. Die Pr\u00e4senz ist hier, aber die Menschen sind mit anderen Dingen zu besch\u00e4ftigt, um sie zu erkennen und darauf zu reagieren.<\/p>\n<p>Gott gibt dir, was du brauchst, nicht was du willst. Es ist nicht genug, einfach zu versuchen, deine grundlegenden Bed\u00fcrfnisse zu befriedigen, so wichtig sie auch sein m\u00f6gen. Die Verbindung muss auf einer tieferen Ebene erfolgen.<\/p>\n<p>Wenn du hungrig und am Verhungern bist, dann musst du dieses vorherrschende Bed\u00fcrfnis befriedigen. Aber sogar hier ist die Pr\u00e4senz verf\u00fcgbar. Tats\u00e4chlich kannst du sie vielleicht unter diesen miserablen Umst\u00e4nden mit gr\u00f6\u00dferem Eifer suchen und ihr mit gr\u00f6\u00dferer Widmung folgen. Hier sind die Armen in Bezug auf den Geist oft reicher als die Reichen selbst, die einen gro\u00dfen konkurrierenden Lebensplan haben, der sich von ihrem prim\u00e4ren Zweck und ihrer Funktion des Seins in der Welt unterscheidet.<\/p>\n<p>Gottes Macht und Pr\u00e4senz in der Welt sind so stark, dass sie eine Hingabe, eine Verpflichtung und eine Integrit\u00e4t wecken k\u00f6nnen, die weit gr\u00f6\u00dfer sind, als irgendetwas anderes hervorrufen kann. Dies kann das Leben eines Menschen verwandeln und ihn auf ein h\u00f6heres Niveau des Dienstes und der Klarheit erheben, was ihn zu einem wahrhaft scheinendem Licht in einer sich verdunkelnden Welt macht. Die Macht der St\u00e4rke, die Macht des Reichtums, die Reize der Sch\u00f6nheit und des Charmes k\u00f6nnen letztlich nicht damit konkurrieren oder sich damit vergleichen.<\/p>\n<p>Die Menschen denken, sie verstehen den Willen des Sch\u00f6pfers, aber wenn sie nicht mit der tieferen Kenntnis und Intelligenz verbunden sind, die Gott in sie gelegt hat, dann folgen sie nur ihren Vorstellungen.<br \/>\nDie Menschen bringen sich gegenseitig wegen ihrer Vorstellungen um. Die Menschen sind wegen ihrer Vorstellungen grausam. So bringt man sich nicht in das G\u00f6ttliche ein. Sobald du eine tiefere Erfahrung hast, werden deine Vorstellungen sich von selbst ergeben. Aber du musst die Definitionen offen lassen, denn sobald du anf\u00e4ngst, mit der Macht der Kenntnis in dir in Ber\u00fchrung zu kommen, die Gott in dich gelegt hat, um dich zu leiten und um dich zu besch\u00fctzen, dann wird dein Leben einen Prozess der Erneuerung beginnen.<\/p>\n<p>Wie kannst du m\u00f6glicherweise Schlussfolgerungen und pauschale Vorstellungen haben, wenn sich dein Leben einer grundlegenden Erneuerung unterzieht? Wenn du wahr bist, wirst du beiseite stehen und zulassen, dass dies geschieht, anstatt zu versuchen, es zu deinem eigenen Nutzen zu kontrollieren oder deinen Glauben und deine Vorlieben zu st\u00e4rken und zu begr\u00fcnden.<\/p>\n<p>Gott hat erneut gesprochen. Der Bote ist in der Welt. Es ist eine gro\u00dfe Pr\u00fcfung f\u00fcr die Menschheit, in Bezug darauf, wer sehen und wer reagieren kann.<\/p>\n<p>Hier wirst du sehen, was wirklich wichtig ist. Es wird nicht intellektuelle Brillanz sein. Es wird nicht Beredsamkeit oder Sch\u00f6nheit oder Charme oder die Anziehungskraft der Pers\u00f6nlichkeit sein, denn Menschen, die dies besitzen, k\u00f6nnen vielleicht die Letzten sein, die sehen und die Letzten sein, die wissen. Sie sind in die Obsessionen der Welt verstrickt und diese werden es ihnen nicht erm\u00f6glichen, zu sehen. Es geschieht auf einer tieferen Ebene.<\/p>\n<p>Das ist die gro\u00dfe Pr\u00fcfung. Hier siehst du in einer Zeit der Offenbarung, wer reagieren kann und wie die Art und die Reinheit und die Klarheit ihrer Reaktion ist. Im Lichte des Sch\u00f6pfers wird jede T\u00e4uschung offenbart und demonstriert. Die wahren Absichten der Menschen werden deutlich. Es ist wie das Licht eines Blitzes in der dunklen Landschaft. F\u00fcr einen Augenblick wird alles offenbart.<\/p>\n<p>Du wirst im Angesicht der Offenbarung sehen, wer der Macht und der Pr\u00e4senz Gottes zur Verf\u00fcgung steht. Wer kann reagieren? Wer hat die Demut und wer hat den Mut, seine fr\u00fcheren Vorstellungen und \u00dcberzeugungen neu zu bewerten? Wer ist bereit, sich dem Prozess der Erneuerung zu unterziehen, der notwendig ist, um sich hin zu einer gr\u00f6\u00dferen und ehrlicheren und vollst\u00e4ndigeren Erfahrung des Lebens und des Ausdrucks des Zweckes bringen zu lassen?<\/p>\n<p>Die Menschen werden \u00fcber die Neue Botschaft urteilen. Aber die Neue Botschaft enth\u00fcllt ihre Absichten. Sie sagt alles \u00fcber sie aus. Ihr Erfolg oder Misserfolg bei der Reaktion sagt alles \u00fcber sie und den Grad aus, mit dem sie sich mit ihrem eigenen Leiden arrangiert haben, mit den Grenzen ihrer Vorstellungen, ihrer Unf\u00e4higkeit, der wahren Richtung ihres Lebens, der Schw\u00e4che ihres Glaubens und dem Grad, wie sie sich selbst kompromittiert haben, um sich Vorteil und Best\u00e4tigung von anderen zu verschaffen.<\/p>\n<p>Wenn Gott erneut spricht, wer kann reagieren? Wenn Gott Dinge zeigt, die noch nie zuvor gezeigt wurden, wer ist bereit, das zu sehen? Wenn Gott den religi\u00f6sen Glauben und die Erwartungen herausfordert, wer hat den Mut und die Demut, bereit zu sein, dies zu empfangen? Wenn dich Gott zu einem h\u00f6heren Dienst und einer h\u00f6heren Stellung im Leben ruft, wer wird bereit sein, sich diesem Prozess des Wandels zu unterziehen, einem Prozess, den man nicht kontrollieren kann und nicht einmal wirklich verstehen kann? Wer ist bereit und in der Lage, dies zu tun? Dies ist die wahre Pr\u00fcfung der Bereitschaft und Integrit\u00e4t, der Ehrlichkeit und der Offenheit.<\/p>\n<p>Die Neue Botschaft ist ganz ehrlich und sie bittet dich, ganz ehrlich zu sein\u2014ein Niveau der Ehrlichkeit, das die meisten Menschen nicht einmal erw\u00e4gen. Sich selbst treu zu sein, auf das eigene tiefere Wesen zu reagieren, \u00fcber die eigenen \u00c4ngste und \u00dcberzeugungen und Vorlieben hinauszusehen, um einer gr\u00f6\u00dferen Stimme zuzuh\u00f6ren, der Macht der Kenntnis, die Gott in dich gelegt hat. Kenntnis wird nat\u00fcrlich reagieren, weil sie auf ihre Quelle reagiert.<\/p>\n<p>Nicht jeder ist bereit, die Neue Offenbarung zu empfangen. Gott wei\u00df das und es gibt hier keine Verurteilung. Aber in diesem Prozess wird die Falschheit der Haltung und werden die Annahmen der Menschen \u00fcber sich selbst offenbar werden. Diejenigen, die intellektuellen Stolz haben, diejenigen, die denken, sie sind intelligent und clever, diejenigen, die denken, sie k\u00f6nnen alles erkennen, diejenigen, die denken, dass sie die Wahrheit kennen, diejenigen, die denken, dass sie wissen, was Ehrlichkeit ist\u2014das ist die Heuchelei, die im Licht der Macht und Pr\u00e4senz Gottes in der Welt offenbar wird.<\/p>\n<p>Zu jeder gro\u00dfen Zeit der Offenbarung, die sich im Laufe der Menschheitsgeschichte in Abst\u00e4nden ausbreiteten, wie viele haben die Bedeutung des Ereignisses, das in ihrem Leben und zu ihrer Zeit stattfand, nicht erkannt? Und wenn sie die gro\u00dfe Gelegenheit hatten, den Boten jener Zeit und \u00c4ra zu erleben oder zu erkennen, haben sie einen anderen Menschen gesehen oder erkannten sie die Macht des Boten und die Gnade, die den Boten begleitete?<\/p>\n<p>Die Menschen wollen, dass der Bote ein \u00dcbermensch ist\u2014m\u00e4chtig, gro\u00dfartig, makellos, v\u00f6llig rein, gut erzogen, in \u00dcbereinstimmung mit der menschlichen Erwartung. Aber der Bote ist ein menschliches Wesen und ist immer fehlbar. Es ist die Botschaft und die Pr\u00e4senz, die den Boten begleiten, die den Unterschied ausmachen.<\/p>\n<p>Jesus machte Fehler. Mohammed machte Fehler. Buddha machte Fehler. Alle gro\u00dfen F\u00fchrer, die ihnen folgten und alle gro\u00dfen Lehrer in anderen Traditionen, sie alle haben Fehler gemacht. In Trennung zu leben, bedeutet, Fehler zu machen. Eine Welt der Trennung zu betreten, bedeutet, dass du Fehler machen wirst. Wenn die Boten die Botschaft \u00fcbermitteln und sich nicht in eine g\u00f6ttliche Position erheben, dann haben sie ihr Ziel erreicht.<\/p>\n<p>Die Pr\u00fcfung liegt jetzt vor dir. Die Neue Offenbarung ist vor dir. Sie hat deinen Weg gekreuzt. Was willst du damit machen? Wie wirst du reagieren? Was wirst du machen? Das gr\u00f6\u00dfte Ereignis deines Lebens\u2014wirst du hierf\u00fcr anwesend sein? Oder ist das nur ein Ereignis unter anderen, auf das du nicht wirklich reagieren kannst?<\/p>\n<p>Sie ist eine Herausforderung. Sie ist eine gerechte Herausforderung. Sie ist eine ehrliche Herausforderung. Und sie ist mehr als eine Herausforderung. Sie ist ein Geschenk und eine Berufung und eine Chance f\u00fcr dich. Die Herausforderung ist nur Teil der Verpflichtung. Es ist nicht so, dass Gott Freude hat, dich herauszufordern. Sie ist nur Teil der Chance, dich mit der Quelle deines Lebens zu besch\u00e4ftigen, da sie sich in einer reinen und unbesch\u00e4digten Form pr\u00e4sentiert.<\/p>\n<p>Wie wirst du den Boten sehen? Kannst du das f\u00fchlen? Kannst du still sein?<br \/>\nKannst du die Reaktionen und die Urteile beiseite lassen und dir die erforderliche Zeit nehmen, diesen Mann und die gro\u00dfe Last, die er tr\u00e4gt und die gro\u00dfe Herausforderung vor ihm, zu betrachten? Das ist eine faire Frage. Es ist eine gro\u00dfartige Gelegenheit f\u00fcr dich und f\u00fcr andere. Und wenn du wirklich ehrlich zu dir selbst bist, dann w\u00fcrdest du\u2014wenn du nicht sicher bist, wenigstens sagen: &#8220;Nun, ich wei\u00df nicht und ich bin nicht sicher&#8221;.<\/p>\n<p>Zu dieser Zeit der Offenbarung wird Gottes Macht und Pr\u00e4senz in der Welt neu erweckt\u2014eine Neue Offenbarung, die den gro\u00dfen Wandel enth\u00fcllt, der auf die Welt zukommt und die Bestimmung der Menschheit in einer Gr\u00f6\u00dferen Gemeinschaft des Lebens im Universum und die gro\u00dfen Herausforderungen, die sie mit sich bringen und auf die ganze menschliche Familie zukommen werden.<\/p>\n<p>Die Menschen werden dar\u00fcber diskutieren. Sie werden damit ringen. Sie werden dagegen argumentieren. Sie werden dies leugnen. Dies alles ist aber eine gescheiterte Reaktion. Sie versuchen, zu reagieren, aber sie benutzen nicht die geeigneten M\u00f6glichkeiten und F\u00e4higkeiten des Verstandes, um dies zu tun. Sie sp\u00fcren die Auswirkungen, aber sie sind immer noch in ihren Vorstellungen und den Machenschaften des Verstandes verloren, w\u00e4hrend die Verpflichtung auf einer ganz anderen Ebene geschieht.<\/p>\n<p>Wenn du dich nicht mit Gott besch\u00e4ftigen kannst, wie wirst du dich wirklich mit jemand anderem besch\u00e4ftigen? Wenn du keine Affinit\u00e4t zu der Macht und der Pr\u00e4senz Gottes erleben kannst, wie wirst du Affinit\u00e4t zu jemand anderem erleben?<\/p>\n<p>Du kannst dich berauschen lassen und dich vor\u00fcbergehend in jemanden verlieben. Du kannst von der Anwesenheit eines anderen entz\u00fcckt sein, aber wirst du in der Lage sein, eine echte Affinit\u00e4t zu ihm zu erleben? Wenn du Gott nicht vertraust, wie wirst du jemand anderem vertrauen? Wenn du vor Gott nicht dem\u00fctig bist, wie kannst du vor jemand anderem dem\u00fctig sein?<\/p>\n<p>Darum ist die Neue Botschaft zu den Menschen und nicht zu den F\u00fchrern gebracht worden, die sich selbst erhoben, sich selbst verborgen, sich selbst verschanzt und sich selbst isoliert haben. Sie sind von der Art eingeschr\u00e4nkt, wie sie ihre Position im Leben geschaffen haben. Die Neue Botschaft ist auch f\u00fcr sie, obwohl es f\u00fcr sie schwerer sein wird.<\/p>\n<p>Urteile \u00fcber die Neue Botschaft und du wirst nicht sehen. Du wirst nicht h\u00f6ren. Und du wirst nicht wissen. Du wirst taub und blind und arrogant auf einmal sein. Die Himmlische Heerschaar sch\u00fcttelt den Kopf. &#8220;Es ist so bedauerlich. Dieser Mensch konnte nicht reagieren. Er h\u00e4tte so viel f\u00fcr die Welt machen k\u00f6nnen! Er ist in seiner Vorstellung von sich selbst verloren. Er wird nicht \u00fcber seine bisherige Investition, seine Position und seinen Leistungen und Errungenschaften hinaus sehen k\u00f6nnen.&#8221;<\/p>\n<p>Gott versucht die menschliche Familie durch die Neue Offenbarung zu bef\u00e4higen, das Individuum, das die Quelle der Freiheit in der Welt ist, zu bef\u00e4higen, den Menschen eine gr\u00f6\u00dfere Vision, Klarheit und Verantwortung zu geben. Das ist die Quelle des menschlichen Fortschritts in der Welt.<\/p>\n<p>Es wird euch nicht eine gro\u00dfartige neue Theologie gegeben, um dar\u00fcber zu streiten und endlos zu diskutieren. Ihr werdet auf eine neue Welt und auf die H\u00e4rten und die Gefahren, in die Gr\u00f6\u00dfere Gemeinschaft selbst einzutreten, vorbereitet. Ihr werdet auf die Herausforderungen des gro\u00dfen Wandels, der auf die Welt zukommt, vorbereitet, der gr\u00f6\u00dfer ist als ihr schon erkennen oder vorwegnehmen k\u00f6nnt. Ihr werdet auf ein gr\u00f6\u00dferes Leben, mit gr\u00f6\u00dferer St\u00e4rke und Integrit\u00e4t vorbereitet. Aber ihr m\u00fcsst euch ergeben, empfangen und lernen, um zu lernen, wirklich ehrlich mit euch selbst \u00fcber eure tieferen Absichten und eure gr\u00f6\u00dferen Verantwortlichkeiten eures Daseins zu sein.<\/p>\n<p>Die Macht und die Pr\u00e4senz Gottes werden euch daran erinnern und euch aus eurem fr\u00fcheren Verst\u00e4ndnis, euren fr\u00fcheren Zwangslagen, euren unl\u00f6sbaren Problemen, eurer kompromittierten Lage, eurer Schw\u00e4che in Bezug auf eure Beziehung zu anderen rufen. Sie werden euch rufen, denn es ist die Macht und die Pr\u00e4senz Gottes in der Welt.<\/p>\n","protected":false},"excerpt":{"rendered":"<p>Die Erkenntnis muss auf einer tieferen Erfahrung beruhen, der Erkenntnis einer gr\u00f6\u00dferen Wahrheit, der Erkenntnis einer Neuen Offenbarung. Diese Erkenntnis erfolgt auf einer tieferen Ebene des Verstandes, jenseits des Reiches des Intellekts, jenseits des Reiches der Vorstellungen und des Glaubens und der Dinge, woran sich die Menschen in Bezug auf die G\u00f6ttliche Pr\u00e4senz und Macht\u2026 <a class=\"read-more\" href=\"https:\/\/www.v6.newmessage.org\/de\/about-recording-shortcode\/\"><span>Read More<\/span><\/a><\/p>\n","protected":false},"author":8,"featured_media":0,"parent":27720,"menu_order":0,"comment_status":"closed","ping_status":"closed","template":"template-leftsidebar.php","meta":{"_monsterinsights_skip_tracking":false,"_monsterinsights_sitenote_active":false,"_monsterinsights_sitenote_note":"","_monsterinsights_sitenote_category":0,"footnotes":""},"categories":[76,501,118,30],"tags":[221,1044],"_links":{"self":[{"href":"https:\/\/www.v6.newmessage.org\/de\/wp-json\/wp\/v2\/pages\/28506"}],"collection":[{"href":"https:\/\/www.v6.newmessage.org\/de\/wp-json\/wp\/v2\/pages"}],"about":[{"href":"https:\/\/www.v6.newmessage.org\/de\/wp-json\/wp\/v2\/types\/page"}],"author":[{"embeddable":true,"href":"https:\/\/www.v6.newmessage.org\/de\/wp-json\/wp\/v2\/users\/8"}],"replies":[{"embeddable":true,"href":"https:\/\/www.v6.newmessage.org\/de\/wp-json\/wp\/v2\/comments?post=28506"}],"version-history":[{"count":2,"href":"https:\/\/www.v6.newmessage.org\/de\/wp-json\/wp\/v2\/pages\/28506\/revisions"}],"predecessor-version":[{"id":28849,"href":"https:\/\/www.v6.newmessage.org\/de\/wp-json\/wp\/v2\/pages\/28506\/revisions\/28849"}],"up":[{"embeddable":true,"href":"https:\/\/www.v6.newmessage.org\/de\/wp-json\/wp\/v2\/pages\/27720"}],"wp:attachment":[{"href":"https:\/\/www.v6.newmessage.org\/de\/wp-json\/wp\/v2\/media?parent=28506"}],"wp:term":[{"taxonomy":"category","embeddable":true,"href":"https:\/\/www.v6.newmessage.org\/de\/wp-json\/wp\/v2\/categories?post=28506"},{"taxonomy":"post_tag","embeddable":true,"href":"https:\/\/www.v6.newmessage.org\/de\/wp-json\/wp\/v2\/tags?post=28506"}],"curies":[{"name":"wp","href":"https:\/\/api.w.org\/{rel}","templated":true}]}}