{"id":28432,"date":"2017-10-13T23:18:37","date_gmt":"2017-10-13T23:18:37","guid":{"rendered":"http:\/\/www.newmessage.org\/de\/?page_id=28432"},"modified":"2017-10-14T14:38:57","modified_gmt":"2017-10-14T14:38:57","slug":"der-bote-spricht","status":"publish","type":"page","link":"https:\/\/www.v6.newmessage.org\/de\/der-bote\/der-bote-spricht\/","title":{"rendered":"Der Bote spricht"},"content":{"rendered":"<div class=\"\">\n<div class=\"\"><img decoding=\"async\" class=\"size-medium wp-image-31200 imgborder alignright\" src=\"https:\/\/www.newmessage.org\/wp-content\/uploads\/2016\/12\/MVS-Kuala-Lumpur-small-300x222.jpg\" alt=\"\" \/><i><\/i><\/div>\n<p>Gottes Bote <a href=\"http:\/\/www.neuebotschaft.org\/der-bote\/wer-ist-marshall-vian-summers\/\">Marshall Vian Summers<\/a> ist in der Welt am Leben und spricht zu euch.<\/p>\n<\/div>\n<div class=\"\">\n<p>Er bietet Lehren, Gebete und globale Botschaften f\u00fcr die gesamte Menschheit.<\/p>\n<p>Unten findet ihr die Video-, Audio- und schriftlichen Botschaften des Boten an euch und an alle Menschen aller Glaubenstraditionen, Nationen und Kulturen rund um die Welt.<\/p>\n<p>&nbsp;<\/p>\n<\/div>\n<div class=\"panel-30\"><div class=\"clearfix filters\">\t\t    <ul>\n\t\t\t<li><a href=\"#\" class=\"selected\">All<\/a><\/li>\n\t\t\t\t<li class=\"cat-item cat-item-581\"><a href=\"https:\/\/www.v6.newmessage.org\/de\/th_gallery_cat\/prayers\/\">Gebete<\/a>\n<\/li>\n\t<li class=\"cat-item cat-item-580\"><a href=\"https:\/\/www.v6.newmessage.org\/de\/th_gallery_cat\/global-messages\/\">Globale Botschaften<\/a>\n<\/li>\n\t<li class=\"cat-item cat-item-583\"><a href=\"https:\/\/www.v6.newmessage.org\/de\/th_gallery_cat\/interviews\/\">Interviews<\/a>\n<\/li>\n\t<li class=\"cat-item cat-item-582\"><a href=\"https:\/\/www.v6.newmessage.org\/de\/th_gallery_cat\/teachings\/\">Lehren<\/a>\n<\/li>\n\t\t    <\/ul>\n\t\t<\/div>\n\t    \n\t    <div class=\"row\">\n\t        <div class=\"gallery_wrap\">\n    \n\t\t\t\t    <article class=\" cat-item-580 cat-item-579 gallery_listing grid_8 post-28540 th_galleries type-th_galleries status-publish hentry th_galleries_cat-global-messages th_galleries_cat-the-messenger-speaks\" id=\"post-28540\">\n\t\t\t\t\t\t\t\t\t\t<div class=\"postcontent  clearfix\">\n\t\t\t\t\t    <h2 class=\"entry-title\"><a href=\"https:\/\/www.v6.newmessage.org\/de\/th_gallery\/28540\/\" >Eine Person der Gr\u00f6\u00dferen Gemeinschaft sein<\/a><\/h2>\n\t\t\t\t\t    <div class=\"entry-content\">\n\t\t\t\t\t\tGottes Bote Marshall Vian Summers ist in der Welt am Leben und spricht zu euch. H\u00f6re die Stimme des Boten Eine Person der Gr\u00f6\u00dferen Gemeinschaft sein 24. August 1998 Ich m\u00f6chte heute \u00fcber die Bedeutung des Umstands sprechen, in Kontakt mit de...\t\t\t\t\t    <\/div>\n\t\t\t\t\t    \t\t\t\t\t    <div class=\"buttons\">\n\t\t\t\t\t\t    \t\t\t\t\t\t    \t\t\t\t\t\t\t<a href=\"https:\/\/www.v6.newmessage.org\/de\/th_gallery\/28540\/\" class=\"simple_button_black clearfix\" >more info<\/a>\n\t\t\t\t\t\t    \t\t\t\t\t    <\/div>\n\t\t\t\t\t    \t\t\t\t\t<\/div>\n\t\t\t\t    <\/article>\n\n\t\t\t\t    \n\t\t\t\t    <article class=\" cat-item-581 cat-item-579 gallery_listing grid_8 post-28518 th_galleries type-th_galleries status-publish hentry th_galleries_cat-prayers th_galleries_cat-the-messenger-speaks\" id=\"post-28518\">\n\t\t\t\t\t\t\t\t\t\t<div class=\"postcontent  clearfix\">\n\t\t\t\t\t    <h2 class=\"entry-title\"><a href=\"https:\/\/www.v6.newmessage.org\/de\/th_gallery\/es-ist-eine-grosere-gute-der-welt\/\" >Es ist eine Gr\u00f6\u00dfere G\u00fcte in der Welt<\/a><\/h2>\n\t\t\t\t\t    <div class=\"entry-content\">\n\t\t\t\t\t\tEs ist eine Gr\u00f6\u00dfere G\u00fcte in der Welt eine Gr\u00f6\u00dfere G\u00fcte, die in dir lebt und darauf wartet, entdeckt zu werden Diese Gr\u00f6\u00dfere G\u00fcte ist immer pr\u00e4sent. Sie wurde in dieser Welt am Leben erhalten durch das echte spirituelle Wirken von Menschen al...\t\t\t\t\t    <\/div>\n\t\t\t\t\t    \t\t\t\t\t    <div class=\"buttons\">\n\t\t\t\t\t\t    \t\t\t\t\t\t    \t\t\t\t\t\t\t<a href=\"https:\/\/www.v6.newmessage.org\/de\/th_gallery\/es-ist-eine-grosere-gute-der-welt\/\" class=\"simple_button_black clearfix\" >more info<\/a>\n\t\t\t\t\t\t    \t\t\t\t\t    <\/div>\n\t\t\t\t\t    \t\t\t\t\t<\/div>\n\t\t\t\t    <\/article>\n\n\t\t\t\t    \n\t\t\t\t    <article class=\" cat-item-581 cat-item-579 gallery_listing grid_8 post-28502 th_galleries type-th_galleries status-publish hentry th_galleries_cat-prayers th_galleries_cat-the-messenger-speaks\" id=\"post-28502\">\n\t\t\t\t\t\t\t\t\t\t<div class=\"postcontent  clearfix\">\n\t\t\t\t\t    <h2 class=\"entry-title\"><a href=\"https:\/\/www.v6.newmessage.org\/de\/th_gallery\/mein-leben-ist-eine-berufung\/\" >Mein Leben ist eine Berufung<\/a><\/h2>\n\t\t\t\t\t    <div class=\"entry-content\">\n\t\t\t\t\t\tMeine Anwesenheit in der Welt ist eine Berufung, eine tiefgehende Berufung, eine Demonstration des Lebens, von dem du gekommen bist, und des Lebens, zu dem du schlie\u00dflich zur\u00fcckkehren wirst. Ich bringe die Realit\u00e4t unseres ewigen Zustands, d...\t\t\t\t\t    <\/div>\n\t\t\t\t\t    \t\t\t\t\t    <div class=\"buttons\">\n\t\t\t\t\t\t    \t\t\t\t\t\t    \t\t\t\t\t\t\t<a href=\"https:\/\/www.v6.newmessage.org\/de\/th_gallery\/mein-leben-ist-eine-berufung\/\" class=\"simple_button_black clearfix\" >more info<\/a>\n\t\t\t\t\t\t    \t\t\t\t\t    <\/div>\n\t\t\t\t\t    \t\t\t\t\t<\/div>\n\t\t\t\t    <\/article>\n\n\t\t\t\t    \n\t\t\t\t    <article class=\" cat-item-581 cat-item-579 gallery_listing grid_8 post-28500 th_galleries type-th_galleries status-publish hentry th_galleries_cat-prayers th_galleries_cat-the-messenger-speaks\" id=\"post-28500\">\n\t\t\t\t\t\t\t\t\t\t<div class=\"postcontent  clearfix\">\n\t\t\t\t\t    <h2 class=\"entry-title\"><a href=\"https:\/\/www.v6.newmessage.org\/de\/th_gallery\/das-gebet-des-boten\/\" >Das Gebet des Boten<\/a><\/h2>\n\t\t\t\t\t    <div class=\"entry-content\">\n\t\t\t\t\t\tIch bete, dass meine Gebete Macht und Wirksamkeit haben in der Welt und in der mentalen Umgebung um mich, und in der mentalen Umgebung jenseits meines Bewusstseins. Ich bete, dass diese Macht, die wir haben, durch mich str\u00f6men kann und durch...\t\t\t\t\t    <\/div>\n\t\t\t\t\t    \t\t\t\t\t    <div class=\"buttons\">\n\t\t\t\t\t\t    \t\t\t\t\t\t    \t\t\t\t\t\t\t<a href=\"https:\/\/www.v6.newmessage.org\/de\/th_gallery\/das-gebet-des-boten\/\" class=\"simple_button_black clearfix\" >more info<\/a>\n\t\t\t\t\t\t    \t\t\t\t\t    <\/div>\n\t\t\t\t\t    \t\t\t\t\t<\/div>\n\t\t\t\t    <\/article>\n\n\t\t\t\t    \n\t\t\t\t    <article class=\" cat-item-580 cat-item-582 cat-item-579 gallery_listing grid_8 post-28455 th_galleries type-th_galleries status-publish hentry th_galleries_cat-global-messages th_galleries_cat-teachings th_galleries_cat-the-messenger-speaks\" id=\"post-28455\">\n\t\t\t\t\t\t\t\t\t\t<div class=\"postcontent  clearfix\">\n\t\t\t\t\t    <h2 class=\"entry-title\"><a href=\"https:\/\/www.v6.newmessage.org\/de\/th_gallery\/die-prophezeiung-einer-neuen-welt\/\" >Die Prophezeiung einer Neuen Welt<\/a><\/h2>\n\t\t\t\t\t    <div class=\"entry-content\">\n\t\t\t\t\t\tIch bete, dass Gottes Neue Offenbarung f\u00fcr die Welt, gegeben an diesem gro\u00dfen Wendepunkt f\u00fcr die Menschheit, gef\u00fchlt und erkannt wird. Dass nicht nur an eine Kontroverse dabei gedacht wird, dass sie nicht aus ideologischen Gr\u00fcnden bestritten...\t\t\t\t\t    <\/div>\n\t\t\t\t\t    \t\t\t\t\t    <div class=\"buttons\">\n\t\t\t\t\t\t    \t\t\t\t\t\t    \t\t\t\t\t\t\t<a href=\"https:\/\/www.v6.newmessage.org\/de\/th_gallery\/die-prophezeiung-einer-neuen-welt\/\" class=\"simple_button_black clearfix\" >more info<\/a>\n\t\t\t\t\t\t    \t\t\t\t\t    <\/div>\n\t\t\t\t\t    \t\t\t\t\t<\/div>\n\t\t\t\t    <\/article>\n\n\t\t\t\t    \n\t\t\t\t    <article class=\" cat-item-580 cat-item-582 cat-item-579 gallery_listing grid_8 post-28454 th_galleries type-th_galleries status-publish hentry th_galleries_cat-global-messages th_galleries_cat-teachings th_galleries_cat-the-messenger-speaks\" id=\"post-28454\">\n\t\t\t\t\t\t\t\t\t\t<div class=\"postcontent  clearfix\">\n\t\t\t\t\t    <h2 class=\"entry-title\"><a href=\"https:\/\/www.v6.newmessage.org\/de\/th_gallery\/gottes-wille-fur-die-welt-und-fur-dein-leben\/\" >Gottes Wille f\u00fcr die Welt und f\u00fcr dein Leben<\/a><\/h2>\n\t\t\t\t\t    <div class=\"entry-content\">\n\t\t\t\t\t\tEs ist so wichtig, Gottes Absicht f\u00fcr die Welt und f\u00fcr euer Leben zu kennen. Aber leider hat die traditionelle Tradition einen Schleier und einen Mantel \u00fcber diese zentralste Frage geworfen, weil sie denkt, dass Gott nur Huldigung, Glauben u...\t\t\t\t\t    <\/div>\n\t\t\t\t\t    \t\t\t\t\t    <div class=\"buttons\">\n\t\t\t\t\t\t    \t\t\t\t\t\t    \t\t\t\t\t\t\t<a href=\"https:\/\/www.v6.newmessage.org\/de\/th_gallery\/gottes-wille-fur-die-welt-und-fur-dein-leben\/\" class=\"simple_button_black clearfix\" >more info<\/a>\n\t\t\t\t\t\t    \t\t\t\t\t    <\/div>\n\t\t\t\t\t    \t\t\t\t\t<\/div>\n\t\t\t\t    <\/article>\n\n\t\t\t\t    \n\t\t\t\t    <article class=\" cat-item-580 cat-item-582 cat-item-579 gallery_listing grid_8 post-28441 th_galleries type-th_galleries status-publish hentry th_galleries_cat-global-messages th_galleries_cat-teachings th_galleries_cat-the-messenger-speaks\" id=\"post-28441\">\n\t\t\t\t\t\t\t\t\t\t<div class=\"postcontent  clearfix\">\n\t\t\t\t\t    <h2 class=\"entry-title\"><a href=\"https:\/\/www.v6.newmessage.org\/de\/th_gallery\/der-dschungel\/\" >Der Dschungel<\/a><\/h2>\n\t\t\t\t\t    <div class=\"entry-content\">\n\t\t\t\t\t\tDer Dschungel 6. Mai 2015 | London, England Auf die Gro\u00dfstadt bezieht man sich oft als auf einen Dschungel, einen Asphaltdschungel. Aber es gibt einen anderen Dschungel, der weit wichtiger f\u00fcr dich ist. Das ist der Dschungel in dir\u2014ein Dschu...\t\t\t\t\t    <\/div>\n\t\t\t\t\t    \t\t\t\t\t    <div class=\"buttons\">\n\t\t\t\t\t\t    \t\t\t\t\t\t    \t\t\t\t\t\t\t<a href=\"https:\/\/www.v6.newmessage.org\/de\/th_gallery\/der-dschungel\/\" class=\"simple_button_black clearfix\" >more info<\/a>\n\t\t\t\t\t\t    \t\t\t\t\t    <\/div>\n\t\t\t\t\t    \t\t\t\t\t<\/div>\n\t\t\t\t    <\/article>\n\n\t\t\t\t    \n\t\t\t\t    <article class=\" cat-item-580 cat-item-582 cat-item-579 gallery_listing grid_8 post-28440 th_galleries type-th_galleries status-publish hentry th_galleries_cat-global-messages th_galleries_cat-teachings th_galleries_cat-the-messenger-speaks\" id=\"post-28440\">\n\t\t\t\t\t\t\t\t\t\t<div class=\"postcontent  clearfix\">\n\t\t\t\t\t    <h2 class=\"entry-title\"><a href=\"https:\/\/www.v6.newmessage.org\/de\/th_gallery\/religion-ohne-gewissen\/\" >Religion ohne Gewissen<\/a><\/h2>\n\t\t\t\t\t    <div class=\"entry-content\">\n\t\t\t\t\t\tReligion Without Conscience December 19, 2016 Eine gro\u00dfe Trag\u00f6die geschieht heute im Namen der Religion\u2014Grausamkeit, Bestrafung, Krieg, V\u00f6lkermord. Nat\u00fcrlich ist dies vorher geschehen, aber es ist schockierend, dies in der eigenen Zeit im Na...\t\t\t\t\t    <\/div>\n\t\t\t\t\t    \t\t\t\t\t    <div class=\"buttons\">\n\t\t\t\t\t\t    \t\t\t\t\t\t    \t\t\t\t\t\t\t<a href=\"https:\/\/www.v6.newmessage.org\/de\/th_gallery\/religion-ohne-gewissen\/\" class=\"simple_button_black clearfix\" >more info<\/a>\n\t\t\t\t\t\t    \t\t\t\t\t    <\/div>\n\t\t\t\t\t    \t\t\t\t\t<\/div>\n\t\t\t\t    <\/article>\n\n\t\t\t\t    \n\t\t\t\t    <article class=\" cat-item-583 gallery_listing grid_8 post-22676 th_galleries type-th_galleries status-publish hentry th_galleries_cat-interviews\" id=\"post-22676\">\n\t\t\t\t\t\t\t\t\t\t<div class=\"postcontent  clearfix\">\n\t\t\t\t\t    <h2 class=\"entry-title\"><a href=\"https:\/\/www.v6.newmessage.org\/de\/th_gallery\/projekt-camelot-interview\/\" >Marshall Vian Summers &#8211; Projekt Camelot Interview<\/a><\/h2>\n\t\t\t\t\t    <div class=\"entry-content\">\n\t\t\t\t\t\tMein Name ist Marshall Vian Summers und ich stelle etwas vor, von dem ich glaube, dass es ein wichtiges  Verst\u00e4ndnis der Gr\u00f6\u00dferen Gemeinschaft von den Menschen der Erde darstellt, und was unserer Pr\u00e4senz in der Gr\u00f6\u00dferen Gemeinschaft, die vol...\t\t\t\t\t    <\/div>\n\t\t\t\t\t    \t\t\t\t\t<\/div>\n\t\t\t\t    <\/article>\n\n\t\t\t\t    \n\t\t\t\t    <article class=\" cat-item-580 cat-item-550 gallery_listing grid_8 post-19421 th_galleries type-th_galleries status-publish hentry th_galleries_cat-global-messages th_galleries_cat-videos-of-the-messenger\" id=\"post-19421\">\n\t\t\t\t\t\t\t\t\t\t<div class=\"postcontent  clearfix\">\n\t\t\t\t\t    <h2 class=\"entry-title\"><a href=\"https:\/\/www.v6.newmessage.org\/de\/th_gallery\/gott-hat-dich-nie-verlassen\/\" >Gott hat dich nie verlassen<\/a><\/h2>\n\t\t\t\t\t    <div class=\"entry-content\">\n\t\t\t\t\t\tGott hat ein tieferes Bewusstsein in dich gelegt ein Bewusstein, das wei\u00df, was wahr ist und was nicht wo du hingehen musst und wohin nicht, mit wem du dich vereinen musst und mit wem du dich nicht vereinen sollst.\t\t\t\t\t    <\/div>\n\t\t\t\t\t    \t\t\t\t\t<\/div>\n\t\t\t\t    <\/article>\n\n\t\t\t\t    \t        <\/div>\n\t\t\t    <\/div>\n\t    <\/div>\n","protected":false},"excerpt":{"rendered":"<p>Gottes Bote Marshall Vian Summers ist in der Welt am Leben und spricht zu euch. Er bietet Lehren, Gebete und globale Botschaften f\u00fcr die gesamte Menschheit. Unten findet ihr die Video-, Audio- und schriftlichen Botschaften des Boten an euch und an alle Menschen aller Glaubenstraditionen, Nationen und Kulturen rund um die Welt. &nbsp;<\/p>\n","protected":false},"author":8,"featured_media":0,"parent":12766,"menu_order":0,"comment_status":"closed","ping_status":"closed","template":"template-leftsidebar.php","meta":{"_monsterinsights_skip_tracking":false,"_monsterinsights_sitenote_active":false,"_monsterinsights_sitenote_note":"","_monsterinsights_sitenote_category":0,"footnotes":""},"categories":[81],"tags":[996,1035,1036,995],"_links":{"self":[{"href":"https:\/\/www.v6.newmessage.org\/de\/wp-json\/wp\/v2\/pages\/28432"}],"collection":[{"href":"https:\/\/www.v6.newmessage.org\/de\/wp-json\/wp\/v2\/pages"}],"about":[{"href":"https:\/\/www.v6.newmessage.org\/de\/wp-json\/wp\/v2\/types\/page"}],"author":[{"embeddable":true,"href":"https:\/\/www.v6.newmessage.org\/de\/wp-json\/wp\/v2\/users\/8"}],"replies":[{"embeddable":true,"href":"https:\/\/www.v6.newmessage.org\/de\/wp-json\/wp\/v2\/comments?post=28432"}],"version-history":[{"count":4,"href":"https:\/\/www.v6.newmessage.org\/de\/wp-json\/wp\/v2\/pages\/28432\/revisions"}],"predecessor-version":[{"id":28443,"href":"https:\/\/www.v6.newmessage.org\/de\/wp-json\/wp\/v2\/pages\/28432\/revisions\/28443"}],"up":[{"embeddable":true,"href":"https:\/\/www.v6.newmessage.org\/de\/wp-json\/wp\/v2\/pages\/12766"}],"wp:attachment":[{"href":"https:\/\/www.v6.newmessage.org\/de\/wp-json\/wp\/v2\/media?parent=28432"}],"wp:term":[{"taxonomy":"category","embeddable":true,"href":"https:\/\/www.v6.newmessage.org\/de\/wp-json\/wp\/v2\/categories?post=28432"},{"taxonomy":"post_tag","embeddable":true,"href":"https:\/\/www.v6.newmessage.org\/de\/wp-json\/wp\/v2\/tags?post=28432"}],"curies":[{"name":"wp","href":"https:\/\/api.w.org\/{rel}","templated":true}]}}