{"id":28251,"date":"2017-08-08T10:53:45","date_gmt":"2017-08-08T10:53:45","guid":{"rendered":"http:\/\/www.newmessage.org\/de\/?page_id=28251"},"modified":"2021-11-04T01:06:37","modified_gmt":"2021-11-04T01:06:37","slug":"die-weltweite-gemeinschaft-der-neuen-offenbarung-gottes","status":"publish","type":"page","link":"https:\/\/www.v6.newmessage.org\/de\/die-botschaft\/band-2\/die-weltweite-gemeinschaft-der-neuen-botschaft\/die-weltweite-gemeinschaft-der-neuen-offenbarung-gottes\/","title":{"rendered":"Die Weltweite Gemeinschaft der Neuen Offenbarung Gottes"},"content":{"rendered":"<div><!-- Version 3.5 Verse --><\/div>\n\n<div class=\"tabgroup \"><ul class=\"tabs\"><li><a href=\"#tabs-1\">H\u00f6re<\/a><\/li>\n<li><a href=\"#tabs-2\">Betrachte<\/a><\/li>\n<li><a href=\"#tabs-3\"> Anmerkung<\/a><\/li><\/ul>\n <div id=\"tabs-1\"><br \/>\nH\u00f6re die Stimme der Offenbarung:<\/p>\n<div id=\"jquery_jplayer_1\" class=\"jp-jplayer\"><\/div>\n\t\t\t\t<div id=\"jp_container_1\" class=\"jp-audio\">\n\t\t\t\t<div class=\"jp-type-single\"><div class=\"jp-control\"><a href=\"javascript:;\" class=\"jp-play\" tabindex=\"1\">play<\/a><a href=\"javascript:;\" class=\"jp-pause\" tabindex=\"1\">pause<\/a><\/div> <div class=\"jp-gui jp-interface\"><div class=\"jp-volume\"><div class=\"jp-volume-bar\"><div class=\"jp-volume-bar-value\"><\/div><\/div><\/div><div class=\"jp-progress\"><div class=\"jp-seek-bar\"><div class=\"jp-play-bar\"><\/div><\/div><\/div><\/div>\t\t\t\t\t<div class=\"jp-no-solution\"><span>Update Required<\/span>To play the media you will need to either update your browser to a recent version or update your <a href=\"http:\/\/get.adobe.com\/flashplayer\/\" target=\"_blank\">Flash plugin<\/a>.<\/div><\/div><\/div>\n\t\t\t<script type='text\/javascript'>\n\t\t\t\tjQuery(document).ready(function() {\n\t\t\t\t\tif (typeof (sermonMedia) == 'function') {\n\t\t\t\t\t\tsermonMedia.addAudio('', \"jquery_jplayer_1\");\n\t\t\t\t\t}\n\t\t\t\t\tjQuery.jPlayer.timeFormat.showHour = true;\n\t\t\t\t\tjQuery(\"#jquery_jplayer_1\").jPlayer({\n\t\t\t\t\t\tready: function(event) {\n\t\t\t\t\t\t\tjQuery(this).jPlayer(\"setMedia\", {mp3: 'https:\/\/newmessage.org\/av\/the-worldwide-community-of-gods-new-message.mp3'});\n\t\t\t\t\t\t},\n\t\t\t\t\t\tplay: function() {\n\t\t\t\t\t\t\tjQuery(this).jPlayer(\"pauseOthers\");\n\t\t\t\t\t\t},\n\t\t\t\t\t\tswfPath: ThemeData.directory_uri+\"\/swf\",\n\t\t\t\t\t\tsolution: \"html, flash\",\n\t\t\t\t\t\tpreload: \"metadata\",\n\t\t\t\t\t\twmode: \"window\",\n\t\t\t\t\t\tsupplied: \"mp3\",\n\t\t\t\t\t\tcssSelectorAncestor: '#jp_container_1'\n\t\t\t\t\t});\n\t\t\t\t});\n\t\t\t<\/script><\/p>\n<p><a title=\"The Worldwide Community of God's New Revelation\" href=\"\/\/www.newmessage.org\/av\/the-worldwide-community-of-gods-new-message.mp3\">Lade herunter<\/a> (Rechtsklick zum Herunterladen)<\/p>\n<p><a href=\"https:\/\/www.community.newmessage.org\/the-worldwide-community-of-gods-new-message\/\"><img decoding=\"async\" class=\"aligncenter size-medium wp-image-50537 imgborder\" src=\"https:\/\/www.newmessage.org\/wp-content\/uploads\/2020\/09\/the-worldwide-community-of-gods-new-message-image-300x157.jpeg\" alt=\"\" \/><\/a><\/p>\n<p><em>Wie offenbart<br \/>\nMarshall Vian Summers<br \/>\nam 26. September 2014 &#8211;<br \/>\nin Boulder, Colorado<\/em><\/p>\n<div class=\"toggle toggle-white\"><h4 class=\"trigger \"><span class=\"t_ico\"><\/span><a href=\"#\">\u00dcber diese Aufzeichnung<\/a><\/h4><div class=\"toggle_container \"><br \/>\n<div id=\"yui_3_16_0_ym19_1_1467955126517_3327\" dir=\"ltr\"><span id=\"yui_3_16_0_ym19_1_1467955126517_3177\"><span id=\"yui_3_16_0_ym19_1_1467955126517_3178\">Was Du in dieser Audioaufzeichnung h\u00f6rst, ist die Stimme des Engelsrates, die durch den Boten Marshall Vian Summers spricht.<\/span><\/span><\/div>\n<div dir=\"ltr\"><span id=\"yui_3_16_0_ym19_1_1467955126517_3177\"><span id=\"yui_3_16_0_ym19_1_1467955126517_3178\">\u00a0<\/span><\/span><\/div>\n<div id=\"yui_3_16_0_ym19_1_1467955126517_3359\" dir=\"ltr\"><span id=\"yui_3_16_0_ym19_1_1467955126517_3177\"><span id=\"yui_3_16_0_ym19_1_1467955126517_3178\"> Hier wird die originale Mitteilung Gottes, die jenseits von Worten existiert, vom Engelsrat, der \u00fcber die Welt wacht, in menschliche Sprache und menschliches Verst\u00e4ndnis \u00fcbersetzt. Der Engelsrat bringt dann Gottes Botschaft \u00fcber den Boten dar.<br \/>\n<\/span><\/span><\/div>\n<div id=\"yui_3_16_0_ym19_1_1467955126517_3369\" dir=\"ltr\"><span id=\"yui_3_16_0_ym19_1_1467955126517_3177\"><span id=\"yui_3_16_0_ym19_1_1467955126517_3178\">\u00a0<\/span><\/span><\/div>\n<div id=\"yui_3_16_0_ym19_1_1467955126517_3370\" dir=\"ltr\"><span id=\"yui_3_16_0_ym19_1_1467955126517_3177\"><span id=\"yui_3_16_0_ym19_1_1467955126517_3178\">In diesem bemerkenswerten Prozess spricht die Stimme der Offenbarung erneut. Das Wort und der Ton sind in der Welt. Zum ersten Mal in der Geschichte ist f\u00fcr euch und f\u00fcr die Welt die Aufzeichnung der urspr\u00fcnglichen gesprochenen Offenbarung verf\u00fcgbar, um erfahren zu werden.<br \/>\n<\/span><\/span><\/div>\n<div id=\"yui_3_16_0_ym19_1_1467955126517_3436\" dir=\"ltr\"><span id=\"yui_3_16_0_ym19_1_1467955126517_3177\"><span id=\"yui_3_16_0_ym19_1_1467955126517_3178\">\u00a0<\/span><\/span><\/div>\n<div id=\"yui_3_16_0_ym19_1_1467955126517_3435\" dir=\"ltr\"><span id=\"yui_3_16_0_ym19_1_1467955126517_3177\"><span id=\"yui_3_16_0_ym19_1_1467955126517_3178\">M\u00f6gest du der  Empf\u00e4nger dieses Geschenks der Offenbarung werden und m\u00f6gest du dich \u00f6ffnen, um diese einmalige Botschaft f\u00fcr dich und f\u00fcr dein Leben zu empfangen.<\/span><\/span><\/div>\n<br \/>\n<\/div><\/div><br \/>\n<\/div>\n<div id=\"tabs-2\"><\/p>\n<td><iframe loading=\"lazy\" title=\"The Worldwide Community of God&#039;s New Revelation\" width=\"275\" height=\"155\" src=\"https:\/\/www.youtube.com\/embed\/kCbdpdzOKM8?feature=oembed&#038;enablejsapi=1&#038;origin=https:\/\/www.newmessage.org\" frameborder=\"0\" allow=\"accelerometer; autoplay; clipboard-write; encrypted-media; gyroscope; picture-in-picture\" allowfullscreen><\/iframe><\/td>\n<p><\/div>\n<div id=\"tabs-3\"><br \/>\n<em> Anmerkung an den Leser:<br \/>\nDiese \u00dcbersetzung wurde der Society von einem Sch\u00fcler der Neuen Botschaft verf\u00fcgbar gemacht, der den englischen Originaltext als Freiwilliger \u00fcbersetzt hat. Wir stellen diese \u00dcbersetzung in dieser fr\u00fchen Form zur Verf\u00fcgung, damit jeder Gelegenheit hat, sich mit einem Teil der Neuen Botschaft in seiner eigenen Sprache zu befassen.<\/em><br \/>\n<\/div>\n\t\t\t\t<div align=\"right\">\n\t\t\t<div class=\"fb-like\" data-href=\"\" data-layout=\"button_count\" data-action=\"like\" data-show-faces=\"false\" data-share=\"false\"><\/div>\n\t\t\t<div class=\"fb-share-button\" data-layout=\"button_count\"> <\/div>\n\t\t\t<div class=\"fb_iframe_widget\"><a href=\"https:\/\/twitter.com\/godsnewmessage?ref_src=twsrc%5Etfw\" class=\"twitter-follow-button\" data-show-count=\"false\">Follow @godsnewmessage<\/a><script async src=\"https:\/\/platform.twitter.com\/widgets.js\" charset=\"utf-8\"><\/script><\/div>\n\t\t\t<\/div> <\/div> \n\n<p>Es ist klar, dass es eine gro\u00dfe Gemeinschaft von Personen geben muss, die reagieren und die mit dem Boten und mit denen intensiv verbunden sind, die ihm helfen. Denn die Offenbarung kommt durch ihn. Er ist das Vehikel der Offenbarung. Die, die er ausgew\u00e4hlt hat, ihm unmittelbar zu helfen, die sich im Laufe der Zeit bew\u00e4hrt haben, m\u00fcssen geehrt werden. Und wer auch immer reagieren kann, muss sich mit ihnen zusammenschlie\u00dfen. <\/p>\n<p>Dies ist nicht etwas, das du auf dich nehmen kannst, um es vorzustellen oder zu lehren oder auszudr\u00fccken, denn das ist gef\u00e4hrlich und ist nicht im Einklang mit dem Zweck und der Bedeutung der Offenbarung. <\/p>\n<p>Es ist deine Beziehung mit dem Boten und mit seiner Heiligen Gemeinschaft [der Society], die dein Anker in dieser Welt sein wird, dies wird der Mittelpunkt des Rades sein, dies wird der Leuchtturm auf der st\u00fcrmischen See sein. <\/p>\n<p>Die Fehler der Vergangenheit sind so schmerzlich und langwierig in Bezug auf diese Dinge, weil die Menschen nicht bei der urspr\u00fcnglichen Gemeinschaft blieben. Sie blieben nicht bei dem Boten und bei denen, die er ernannt hatte. <\/p>\n<p>Es gibt viele Menschen auf der Welt, die die Offenbarung nehmen und versuchen werden, sie zu einem Gesch\u00e4ft irgendeiner Art zu machen oder sie als eine Plattform f\u00fcr ihre eigene Selbstverk\u00fcndigung zu nutzen. Sie werden sie mit anderen Dingen vereinen und sie wird korrumpiert. Sie werden vielleicht nur Teile davon w\u00e4hlen, mit denen sie sich identifizieren und den Rest vernachl\u00e4ssigen. <\/p>\n<p>Dies geschieht immer nach einer Zeit der Offenbarung. Darum m\u00fcssen diejenigen, die unter den ersten sind, die reagieren und diejenigen, die sp\u00e4ter reagieren, sich mit dem Boten und seinem Heiligen Kreis vereinigen. <\/p>\n<p>Auf diese Weise bleibt die Botschaft rein und unverdorben. Sie wird nicht f\u00fcr egoistische Zwecke oder f\u00fcr politische Zwecke benutzt oder in irgendeiner Art von Versuch, sie mit anderen Religionen zu vereinigen, denn das w\u00e4re ein Verrat, verstehst du? <\/p>\n<p>Die einzige authentische Weltweite Gemeinschaft w\u00fcrde sich dann in konzentrischen Kreisen um den Boten und diejenigen befinden, die die Botschaft mit ihm tragen. Abgesehen davon und alles dar\u00fcber hinaus, kann nicht f\u00fcr rein und authentisch gehalten werden. <\/p>\n<p>Der Engelsrat hat gro\u00dfe M\u00fche unternommen, um sicherzustellen, dass die Botschaft rein und wirksam ist, und um die Fehler der Vergangenheit zu minimieren, dies sicherzustellen. Deshalb wurde die Route gegeben. Deshalb wurden die Worte gegeben. Darum wurden die B\u00fccher gegeben und die Aufzeichnungen gegeben und sogar die Stimme der Offenbarung, die noch nie zuvor vorgestellt worden ist, damit diese nicht verdorben, in eine falsche Richtung gelenkt sowie gestohlen und missbraucht wird. <\/p>\n<p>Das ist der Wille des Himmels, verstehst du? Aber die Erde ist eine verdorbene Umgebung. Menschen, die in der Trennung leben, versuchen, alle Dinge zu benutzen, um ihre Trennung zu unterst\u00fctzen\u2015um sich entweder materiell oder geistig zu bereichern; um ihre Gruppe zu unterst\u00fctzen, mit wem auch immer sie sich identifizieren. <\/p>\n<p>Gottes Neue Botschaft ist f\u00fcr die ganze Welt. Sie ist nicht f\u00fcr eine Gruppe, eine Nation oder einen Stamm allein. Sie ist mit dem Boten verbunden, verstehst du? Sie ist mit denen verbunden, die ihm unmittelbar helfen. <\/p>\n<p>Darum muss er in seinen verbleibenden Jahren auf der Erde und dar\u00fcber hinaus der Mittelpunkt sein, um der gro\u00dfen Gabe Gottes treu zu sein, um denen von Uns, die sie gesandt haben, um der Absicht und dem Zweck der Offenbarung treu zu sein und zu entsprechen, die gr\u00f6\u00dfer sind als irgendjemand vollst\u00e4ndig verstehen kann. <\/p>\n<p>Die Ehrgeizigen, die Selbstsuchenden, die Eigenn\u00fctzigen\u2015diese sind immer eine Gefahr, wenn der Welt eine reine Offenbarung gegeben wird. Sie ist ausreichend, verstehst du? Die Menschen brauchen sie nicht zu versch\u00f6nern. Die Menschen brauchen ihr nichts hinzuzuf\u00fcgen oder sie in irgendeiner Weise ver\u00e4ndern, denn das schw\u00e4cht sie und zerst\u00f6rt ihre Macht, bringt ihre Bedeutung durcheinander und korrumpiert ihre Botschaft. <\/p>\n<p>Wenn wir von einer Weltweiten Gemeinschaft sprechen, dann sprechen Wir von denen, die mit dem Boten und seiner Heiligen Gemeinschaft vereint sind. Es ist nicht nur die Botschaft, die sie empfangen m\u00fcssen. Es ist der Bote und sind diejenigen, die seine Arbeit \u00fcber sein Leben hinaus f\u00fchren werden. Sie sind alle Eins. Du kannst nicht wirklich einen ohne die anderen haben und wirklich in der Lage sein, die Segnungen und die gro\u00dfe Macht zu empfangen, die Gott dir und durch dich und andere, der ganzen Welt schenkt. <\/p>\n<p>Denke nicht, dass du einen besseren Plan erstellen k\u00f6nnest, um dies der Welt zu pr\u00e4sentieren. Spiele  nicht die Rolle des Judas. Verrate nicht den Boten. <\/p>\n<p>Eine Gemeinschaft muss ein Zentrum haben. Sie muss einen Zweck haben. Sie muss einen einheitlichen Zweck haben. Und sie muss st\u00e4rker sein als der Wille und die Absicht einer Person. Sie muss die Macht des Himmels darin haben, um wahr zu sein, um dauerhaft zu sein und sich in eine Welt einzubringen, die in den Gro\u00dfen Wellen des Wandels immer chaotischer werden wird. <\/p>\n<p>Ein Teil dieser Gemeinschaft zu sein, bedeutet, deinen Verstand und dein Herz dieser zu geben\u2015dem Boten, der Botschaft und denen, die seine Botschaft mit seinem Segen und seiner Zustimmung fortsetzen werden. <\/p>\n<p>Schon jetzt werden Pl\u00e4ne geschmiedet, um die Offenbarung \u00fcber sein Leben hinaus zu sch\u00fctzen. Hierf\u00fcr hat er die Macht und die Verantwortung der Society gegeben, die sich um ihn gebildet hat, sich dem verpflichtet hat und sich dabei bew\u00e4hrt hat. Dies muss als das Zentrum und die Quelle der Offenbarung respektiert werden. <\/p>\n<p>Aber um es deutlich zu machen: \u00dcber das Leben des Boten hinaus wird der Offenbarung nichts hinzugef\u00fcgt. Das Siegel der Propheten wird sich hinter ihm schlie\u00dfen und der Himmel wird nichts mehr zu sagen haben. <\/p>\n<p>Sie wird von der Treue, der Weisheit und der Vereinigung der Menschen abh\u00e4ngen, dies in der Tradition voranzutreiben, in der sie gegeben wurde, von der Gemeinschaft [der Society], die sie all diese vielen Jahre unterst\u00fctzt hat.<\/p>\n<p>Auf diese Weise bleibt die Botschaft rein in einer Welt, die so unrein ist. Sie bleibt unverdorben in einer Welt, die verdorben ist. Diejenigen, die sie in ihrer reinen Form halten, werden das Gegenmittel f\u00fcr diejenigen sein, die sie stehlen und versuchen, etwas mit ihr f\u00fcr ihre eigenen Zwecke und f\u00fcr ihre eigenen Ziele zu unternehmen. <\/p>\n<p>Denke nie, dass du wei\u00dft, was mit der Offenbarung auf eigene Faust zu tun ist. Das wird nur Ungl\u00fcck, Missverst\u00e4ndnis bringen und wird den Boten gef\u00e4hrden und diejenigen, die seine Arbeit mit seinen Segnungen und seiner Zustimmung fortsetzen werden.<\/p>\n<p>Denke nie, dass du wei\u00dft, wohin du sie ohne die F\u00fchrung dieser Gemeinschaft [der Society] bringen kannst. Versuche nicht, sie den F\u00fchrern der Nationen und der Religion zu \u00fcberlassen, denn sie werden sie entweder leugnen oder versuchen, sie f\u00fcr ihre eigenen Zwecke zu benutzen. Diejenigen, die sich ihrer eigenen Laufbahn im Leben verpflichtet haben, k\u00f6nnen am wenigsten in der Lage sein, auf eine gr\u00f6\u00dfere Berufung von jenseits zu reagieren. <\/p>\n<p>Nenne dich selbst nicht einen Lehrer der Neuen Offenbarung, es sei denn, du wurdest f\u00fcr diese Rolle von der Society ernannt, die um den Boten versammelt ist und die seine Arbeit mit seiner Zustimmung und mit seiner Autorit\u00e4t weiterf\u00fchrt. Dies ist eine gro\u00dfe Verantwortung und erfordert Zur\u00fcckhaltung f\u00fcr bestimmte Menschen. <\/p>\n<p>Der Engelsrat hat sich sorgf\u00e4ltig darum bem\u00fcht, dies allm\u00e4hlich im Laufe der Zeit zu pr\u00e4sentieren\u2015ihr Fundament und ihre Kerngemeinschaft aufzubauen und diejenigen zu rufen, die dazu bestimmt sind, ein Teil davon zu sein und ein neues Leben um sie herum zu bauen. Nicht allen von ihnen ist es gelungen, aber das war ihre Berufung und ist ihre Berufung. Und es wird auch die Berufung f\u00fcr andere sein. <\/p>\n<p>Denke niemals, dass die Offenbarung nur hier zu deiner pers\u00f6nlichen Erbauung ist, nur um dein Leben zu verbessern, um dir Frieden oder Vergn\u00fcgen zu verschaffen. Sie ist wirklich da, um dich in einen gr\u00f6\u00dferen Dienst zu rufen, verstehst du? Denn warum sollte Gott dich nur rufen, um dich in einer Welt voller Phantasie, Terror und Leugnung weiter treiben zu lassen? Du wirst zu einem Zweck befreit. Das ist der Zweck. <\/p>\n<p>Wenn du wirklich gerufen wirst, dann wirst du in den Dienst gestellt. Und es ist durch diesen Dienst, innerhalb dieses Dienstes, dass deine gr\u00f6\u00dferen Beziehungen entstehen werden und deine wahre Erl\u00f6sung, w\u00e4hrend du fortf\u00e4hrst, stattfinden wird. <\/p>\n<p>Du bist gesegnet, eine so gro\u00dfe Aufgabe und Verantwortung zu erhalten. Vielleicht kannst du in diesem Moment nicht sehen, was f\u00fcr ein unermessliches Geschenk dies f\u00fcr dich und dein Leben ist und was es f\u00fcr andere bedeutet, die durch dich lernen und von dem gro\u00dfen Dienst profitieren werden, den du erbringen wirst. Worte k\u00f6nnen nicht ausdr\u00fccken, wie wichtig das ist und was es f\u00fcr dein Leben bedeutet. <\/p>\n<p>In deinem Herzen wirst du diese Dinge wissen. Dein Verstand kann ablehnen oder leugnen oder widerstehen, denn es gibt noch so Vieles, was du f\u00fcr dich selbst willst, was f\u00fcr dich vielleicht geeignet ist oder nicht. Aber wenn du wirklich ehrlich bist, dann musst du die Schritte zur Kenntnis gehen und dich auf einen gr\u00f6\u00dferen Dienst und Einsatz in der Welt vorbereiten. <\/p>\n<p>Das alles ist, was Wir gemeint haben, wenn Wir von einem H\u00f6heren Zweck sprechen. In eine neue Art von Leben gerufen zu werden, geleitet von H\u00f6heren M\u00e4chten im Dienst der H\u00f6heren M\u00e4chte\u2015der M\u00e4chte, die dich in die Welt zu diesem Zweck gesandt haben. <\/p>\n<p>Aber alle gro\u00dfen Wahrheiten bergen Gefahren, weil sie fehlinterpretiert, missverstanden und missbraucht werden k\u00f6nnen oder mit anderen Dingen von geringem oder g\u00e4nzlich ohne Wert verbunden werden. <\/p>\n<p>Es muss also gro\u00dfe Sorgfalt hierbei angewandt werden. Deshalb ist deine Vorbereitung, die Schritte zur Kenntnis zu gehen, so wichtig\u2015um dir die St\u00e4rke, das Selbstbewusstsein und die Klarheit zu geben, um zu beginnen zu erkennen, was in deinem eigenen Verstand und deinen Umst\u00e4nden wahr und unwahr ist. <\/p>\n<p>Gott hat dir diese Macht gegeben. Gott hat dir die Augen gegeben, um zu sehen und die Ohren zu h\u00f6ren, aber deine Augen und deine Ohren sind eine sehr lange Zeit zu anderen Zwecken benutzt worden. So musst du vorbereitet sein, einen H\u00f6heren Zweck in der Welt zu erf\u00fcllen und es ist durch diese Gemeinschaft, dass dieser Zweck entstehen wird. <\/p>\n<p>Aber allein kannst du dies nicht machen. Isoliert kannst du dies nicht machen. Obwohl nicht alle an einen Ort gerufen werden, denn Gott will euch auf der ganzen Welt haben. Diese G\u00f6ttliche Verbindung ist so, dass du so privilegiert bist, ein Teil zu sein und dazu berufen bist, zu dienen und dadurch gesegnet zu werden. <\/p>\n<p>Um zu verstehen, was Wir dir heute sagen, musst du ein sehr klares Verst\u00e4ndnis davon haben, was Gemeinschaft bedeutet. Sie ist eine Gemeinschaft des Dienstes. Sie ist eine Gemeinschaft der Sch\u00fclerschaft. Sie ist eine Gemeinschaft von St\u00e4rke, Kl\u00e4rung, Wiederherstellung und Erneuerung. Sie ist eine Gemeinschaft, die \u00fcber alles hinausgeht, die dazu beitragen muss, Gottes Neue Offenbarung in die Welt zu bringen. Denn die Zeit ist kurz und die Gro\u00dfen Wellen des Wandels bauen sich auf und mit jedem vergangenen Tag gewinnen die, die aus dem Universum um euch herum sind, St\u00e4rke in den K\u00f6pfen und Herzen der Menschen. <\/p>\n<p>Es gibt keine Zeit zu verlieren. Ihr habt lange genug gez\u00f6gert. Es gibt keine Zeit, ambivalent zu sein. Du warst dein ganzes Leben lang ambivalent. Es gibt keine Zeit, endlos mit sich zu k\u00e4mpfen, denn die Wahrheit ist mit dir. <\/p>\n<p>Du brauchst keine gro\u00dfartigen und spektakul\u00e4ren Dinge tun, denn der notwendige Dienst ist sehr einfach. Was wichtig ist, ist, dass du ihn beibehalten und mittragen und ihm treu sein kannst, damit er auf dir ruhen kann. <\/p>\n<p>Lasse die Society bestimmen, was getan werden muss. Folge dem. Sei ein Teil davon. Das ist das Zentrum dieser Heiligen Gemeinschaft. Baue keine anderen Gemeinschaften. Spalte dich nicht ab und versuche nicht, das Zentrum der Gemeinschaft zu sein, denn das ist nicht deine Bestimmung. <\/p>\n<p>Es gibt so viele Gefahren in den fr\u00fchen Stadien, etwas dieser Gr\u00f6\u00dfenordnung in eine geteilte und verdorbene Welt zu bringen. Es gibt so viele Gefahren. Es ist eine heikle Situation und der Erfolg ist nicht gew\u00e4hrleistet. Es h\u00e4ngt davon ab, wer reagiert und was sie geben k\u00f6nnen, ihr Verst\u00e4ndnis und ihre Einsatzbereitschaft. <\/p>\n<p>Es ist f\u00fcr den Boten jetzt sehr gef\u00e4hrlich, da er anf\u00e4ngt, der Welt zu verk\u00fcndigen, da die Verk\u00fcndigung sich in Vorbereitung befindet und nun vorbereitet ist. <\/p>\n<p>Wer wird ihm zur Seite stehen? Wer hat den Mut und die Demut, dies zu tun? Jeder wird nat\u00fcrlich getestet, aber dies liegt in der Natur der Sache. <\/p>\n<p>Wenn du die Menschheit liebst, wenn du diese Welt liebst, wenn du die Freiheit liebst, wenn du die Inspiration liebst, dann ist das der Berg, den du besteigen musst. Und das ist kein Berg, den du allein besteigen wirst. <\/p>\n<p>Alles, was unrein in dir ist, alles, was dich beunruhigt oder trennend in dir ist, wird auf der Strecke bleiben. Denn du kannst nicht gleichzeitig in zwei Richtungen gehen. <\/p>\n<p>Die Weltweite Gemeinschaft hat so viel zu tun. Sie wird alle vorw\u00e4rts ziehen. Das bedeutet nicht, dass du deiner eigenen Selbstentfaltung entfliehen kannst, denn das ist eine deiner S\u00e4ulen der St\u00e4rke. Aber das bedeutet, dass du gr\u00f6\u00dfere Verantwortung im Geist des Dienstes und der Demut \u00fcbernimmst. <\/p>\n<p>So ist es, wie der Himmel die Menschen wiederherstellt, die reagieren k\u00f6nnen. So ist es, wie der Himmel die Welt f\u00fcr diese Zeit segnet und die Menschheit f\u00fcr die kommenden Zeiten richtig positioniert. <\/p>\n<p>In der Zukunft steht die Menschheit vor Gefahren, die man nicht sehen und nicht einmal wissen kann. Was heute passiert, wird bestimmen, was ab jetzt in hundert und tausend Jahren passiert. Diejenigen, die in einem so gro\u00dfen Dienst eine Rolle spielen, werden vom Himmel gesegnet und geehrt. <\/p>\n<p>Viele der Stimmen in der Welt sprechen von der Wahrheit, aber es gibt nur einen Boten. Religionen behaupten, den einzigen Weg zu Gott zu haben, aber Gott hat sie alle geschaffen und sie wurden alle im Laufe der Zeit vom Menschen ver\u00e4ndert. <\/p>\n<p>Viele werden den Boten als Ketzer, als Teufel, als Betr\u00fcger anprangern. Aber sie k\u00f6nnen nicht sehen und k\u00f6nnen nicht wissen. Sie sind an das gebunden, was sie geschaffen haben. Sie sind an ihre Vorstellungen gebunden. Sie sind an ihre Fixierungen gebunden. Selbst wenn ihre eigenen Propheten oder Messias erscheinen w\u00fcrden, w\u00fcrden sie sie kreuzigen und denken, dass sie Betr\u00fcger w\u00e4ren. <\/p>\n<p>Der Himmel versteht diese Dinge. Die Menschheit ist verwirrt. In der Trennung lebend kannst du nicht wissen, was der Himmel wei\u00df oder alles sehen, was der Himmel sieht. Aber du kannst reagieren und eine gro\u00dfe Mission hier auf der Erde fortf\u00fchren. Und du bist gesegnet, dazu berufen zu werden, gesegnet \u00fcber alle Dinge, die dich unterst\u00fctzen und dir dienen k\u00f6nnen, sowohl jetzt als auch in Zukunft. <\/p>\n<p>Der Bote ist ein bescheidener Mann. Aber er ist ein \u00e4lterer Mann und seine Gesundheit ist nicht so stark. Er muss sich auf andere von echtem Glauben und Engagement verlassen, um ihm zu helfen, denn das ist eine Mission, die f\u00fcr eine Person viel zu gro\u00df ist. Es wird die Teilnahme von vielen, vielen Menschen erfordern. <\/p>\n<p>Sogar in diesem Moment gibt es Millionen, die darauf warten, Gottes Neue Offenbarung zu empfangen. Wie findest du sie? Wie erreichst du sie rechtzeitig? Wie willst du ihnen das Geschenk geben, das ihren Geist und ihre Herzen befreien und einen Weg aus dem Dschungel ihrer Umst\u00e4nde schaffen kann? <\/p>\n<p>Dies ist die Arbeit nicht von dir allein, sondern von euch vereint mit dem Boten, unter seiner F\u00fchrung und der F\u00fchrung des Himmels durch ihn. Das ist der Segen f\u00fcr dich. Das ist das gro\u00dfe Versprechen f\u00fcr die Menschheit. <\/p>\n","protected":false},"excerpt":{"rendered":"<p>Es ist klar, dass es eine gro\u00dfe Gemeinschaft von Personen geben muss, die reagieren und die mit dem Boten und mit denen intensiv verbunden sind, die ihm helfen. Denn die Offenbarung kommt durch ihn. Er ist das Vehikel der Offenbarung. Die, die er ausgew\u00e4hlt hat, ihm unmittelbar zu helfen, die sich im Laufe der Zeit\u2026 <a class=\"read-more\" href=\"https:\/\/www.v6.newmessage.org\/de\/about-recording-shortcode\/\"><span>Read More<\/span><\/a><\/p>\n","protected":false},"author":8,"featured_media":0,"parent":29495,"menu_order":0,"comment_status":"closed","ping_status":"closed","template":"template-leftsidebar.php","meta":{"_monsterinsights_skip_tracking":false,"_monsterinsights_sitenote_active":false,"_monsterinsights_sitenote_note":"","_monsterinsights_sitenote_category":0,"footnotes":""},"categories":[76,1381,467],"tags":[1024,1392,1025,643],"_links":{"self":[{"href":"https:\/\/www.v6.newmessage.org\/de\/wp-json\/wp\/v2\/pages\/28251"}],"collection":[{"href":"https:\/\/www.v6.newmessage.org\/de\/wp-json\/wp\/v2\/pages"}],"about":[{"href":"https:\/\/www.v6.newmessage.org\/de\/wp-json\/wp\/v2\/types\/page"}],"author":[{"embeddable":true,"href":"https:\/\/www.v6.newmessage.org\/de\/wp-json\/wp\/v2\/users\/8"}],"replies":[{"embeddable":true,"href":"https:\/\/www.v6.newmessage.org\/de\/wp-json\/wp\/v2\/comments?post=28251"}],"version-history":[{"count":7,"href":"https:\/\/www.v6.newmessage.org\/de\/wp-json\/wp\/v2\/pages\/28251\/revisions"}],"predecessor-version":[{"id":29521,"href":"https:\/\/www.v6.newmessage.org\/de\/wp-json\/wp\/v2\/pages\/28251\/revisions\/29521"}],"up":[{"embeddable":true,"href":"https:\/\/www.v6.newmessage.org\/de\/wp-json\/wp\/v2\/pages\/29495"}],"wp:attachment":[{"href":"https:\/\/www.v6.newmessage.org\/de\/wp-json\/wp\/v2\/media?parent=28251"}],"wp:term":[{"taxonomy":"category","embeddable":true,"href":"https:\/\/www.v6.newmessage.org\/de\/wp-json\/wp\/v2\/categories?post=28251"},{"taxonomy":"post_tag","embeddable":true,"href":"https:\/\/www.v6.newmessage.org\/de\/wp-json\/wp\/v2\/tags?post=28251"}],"curies":[{"name":"wp","href":"https:\/\/api.w.org\/{rel}","templated":true}]}}