{"id":28234,"date":"2017-07-23T22:25:20","date_gmt":"2017-07-23T22:25:20","guid":{"rendered":"http:\/\/www.newmessage.org\/de\/?page_id=28234"},"modified":"2021-11-29T07:36:44","modified_gmt":"2021-11-29T07:36:44","slug":"mohammed-und-die-neue-botschaft-von-gott","status":"publish","type":"page","link":"https:\/\/www.v6.newmessage.org\/de\/die-botschaft\/band-1\/die-zeit-der-offenbarung\/mohammed-und-die-neue-botschaft-von-gott\/","title":{"rendered":"Mohammed und die Neue Botschaft von Gott"},"content":{"rendered":"<div><!-- Version 3.5 Verse --><\/div>\n\n<div class=\"tabgroup \"><ul class=\"tabs\"><li><a href=\"#tabs-1\">H\u00f6re<\/a><\/li>\n<li><a href=\"#tabs-2\"> Anmerkung<\/a><\/li><\/ul>\n <div id=\"tabs-1\"><\/p>\n<p>H\u00f6re die Stimme der Offenbarung:<\/p>\n<div id=\"jquery_jplayer_1\" class=\"jp-jplayer\"><\/div>\n\t\t\t\t<div id=\"jp_container_1\" class=\"jp-audio\">\n\t\t\t\t<div class=\"jp-type-single\"><div class=\"jp-control\"><a href=\"javascript:;\" class=\"jp-play\" tabindex=\"1\">play<\/a><a href=\"javascript:;\" class=\"jp-pause\" tabindex=\"1\">pause<\/a><\/div> <div class=\"jp-gui jp-interface\"><div class=\"jp-volume\"><div class=\"jp-volume-bar\"><div class=\"jp-volume-bar-value\"><\/div><\/div><\/div><div class=\"jp-progress\"><div class=\"jp-seek-bar\"><div class=\"jp-play-bar\"><\/div><\/div><\/div><\/div>\t\t\t\t\t<div class=\"jp-no-solution\"><span>Update Required<\/span>To play the media you will need to either update your browser to a recent version or update your <a href=\"http:\/\/get.adobe.com\/flashplayer\/\" target=\"_blank\">Flash plugin<\/a>.<\/div><\/div><\/div>\n\t\t\t<script type='text\/javascript'>\n\t\t\t\tjQuery(document).ready(function() {\n\t\t\t\t\tif (typeof (sermonMedia) == 'function') {\n\t\t\t\t\t\tsermonMedia.addAudio('', \"jquery_jplayer_1\");\n\t\t\t\t\t}\n\t\t\t\t\tjQuery.jPlayer.timeFormat.showHour = true;\n\t\t\t\t\tjQuery(\"#jquery_jplayer_1\").jPlayer({\n\t\t\t\t\t\tready: function(event) {\n\t\t\t\t\t\t\tjQuery(this).jPlayer(\"setMedia\", {mp3: 'https:\/\/newmessage.org\/av\/muhammad-and-the-new-message-from-god.mp3'});\n\t\t\t\t\t\t},\n\t\t\t\t\t\tplay: function() {\n\t\t\t\t\t\t\tjQuery(this).jPlayer(\"pauseOthers\");\n\t\t\t\t\t\t},\n\t\t\t\t\t\tswfPath: ThemeData.directory_uri+\"\/swf\",\n\t\t\t\t\t\tsolution: \"html, flash\",\n\t\t\t\t\t\tpreload: \"metadata\",\n\t\t\t\t\t\twmode: \"window\",\n\t\t\t\t\t\tsupplied: \"mp3\",\n\t\t\t\t\t\tcssSelectorAncestor: '#jp_container_1'\n\t\t\t\t\t});\n\t\t\t\t});\n\t\t\t<\/script><\/p>\n<p><a title=\"Muhammad and the New Message from God\" href=\"\/\/www.newmessage.org\/av\/muhammad-and-the-new-message-from-god.mp3\">Lade herunter<\/a> (Rechtsklick zum Herunterladen)<\/p>\n<p><em> Wie offenbart dem Boten Gottes<br \/>\nMarshall Vian Summers<br \/>\nam 19. Juli 2014 \u2013<br \/>\nin Boulder, Colorado<\/em><\/p>\n<p><\/div>\n<div id=\"tabs-2\"><br \/>\n<em> Anmerkung an den Leser:<br \/>\nDiese \u00dcbersetzung wurde der Society von einem Sch\u00fcler der Neuen Botschaft verf\u00fcgbar gemacht, der den englischen Originaltext als Freiwilliger \u00fcbersetzt hat. Wir stellen diese \u00dcbersetzung in dieser fr\u00fchen Form zur Verf\u00fcgung, damit jeder Gelegenheit hat, sich mit einem Teil der Neuen Botschaft in seiner eigenen Sprache zu befassen.<\/em><br \/>\n<\/div>\n\t\t\t\t<div align=\"right\">\n\t\t\t<div class=\"fb-like\" data-href=\"\" data-layout=\"button_count\" data-action=\"like\" data-show-faces=\"false\" data-share=\"false\"><\/div>\n\t\t\t<div class=\"fb-share-button\" data-layout=\"button_count\"> <\/div>\n\t\t\t<div class=\"fb_iframe_widget\"><a href=\"https:\/\/twitter.com\/godsnewmessage?ref_src=twsrc%5Etfw\" class=\"twitter-follow-button\" data-show-count=\"false\">Follow @godsnewmessage<\/a><script async src=\"https:\/\/platform.twitter.com\/widgets.js\" charset=\"utf-8\"><\/script><\/div>\n\t\t\t<\/div> <\/div> \n\n<p>Heute werden wir \u00fcber Mohammed und die Neue Botschaft von Gott sprechen.<\/p>\n<p>Es ist f\u00fcr dich wichtig zu verstehen, dass alle gro\u00dfen Boten vom Engelsrat gekommen sind. Sie sind von dieser einen gro\u00dfen Versammlung gekommen, die beauftragt ist, das Wohlergehen und den Fortschritt der Menschheit zu \u00fcberwachen.<\/p>\n<p>Wenn dies verstanden werden k\u00f6nnte, dann k\u00f6nnten vielleicht Krieg und Konflikt zwischen den Religionen beendet werden, denn dies muss nun geschehen, wenn die Welt den Gro\u00dfen Wellen des Wandels gegen\u00fcbersteht.<\/p>\n<p>Mohammed war einer der gro\u00dfen Boten, gesandt vom Engelsrat, um zu einem Teil der Welt zu sprechen, der bestimmt war, aufzusteigen und einen globalen Einfluss zu haben. Dies geschah zu einer spezifischen Zeit in der Geschichte, wenn solche M\u00f6glichkeiten erf\u00fcllt werden k\u00f6nnten. Die Zeit und der Ort waren hierf\u00fcr essentiell.<\/p>\n<p>Ihm wurde die sehr schwierige Aufgabe gegeben, zu St\u00e4mmen zu sprechen, die keine Vorstellung von wahrer Freiheit und sozialer Entwicklung hatten, jenseits dessen, was sie zu ihrer Zeit, lebend unter \u00e4u\u00dferst harten Bedingungen und konstantem Konflikt, gewohnt waren. Wenig wussten sie davon, dass eine gro\u00dfe Botschaft f\u00fcr die Welt zu ihnen kommen w\u00fcrde, in ihrer Zeit, in der Zeit des Boten.<\/p>\n<p>Seine Offenbarung zu ihnen w\u00fcrde sehr einfach und sehr kraftvoll sein, da sie Macht nur in diesen Begriffen verstanden, sich jedoch der gr\u00f6\u00dferen Dimensionen ihres Lebens nicht bewusst waren.<\/p>\n<p>Mohammed`s Botschaft sollte eine Gesellschaft aufbauen, gest\u00fctzt auf Glauben und eine gr\u00f6\u00dfere Vereinigung rund um die Offenbarung selbst, eine soziale Einrichtung, wie sie niemals zuvor in diesem Teil der Welt gesehen wurde. Es war revolution\u00e4r in so vieler Art und Weise, eine gro\u00dfe Bewegung vorw\u00e4rts. Doch wie alle gro\u00dfen Traditionen der Vergangenheit, fiel sie unter die Schirmherrschaft der politischen F\u00fchrer. Sie wurde das Establishment. Und infolgedessen wurde ihr das Mysterium und die Potenz entzogen.<\/p>\n<p>Mohammed empfing das Wort Gottes f\u00fcr diese Menschen zu dieser Zeit, zu einer Zeit sehr verschieden von der Zeit, in der ihr heute lebt. Es war eine Botschaft f\u00fcr diese Zeit, aber sie enthielt auch die Saat f\u00fcr gr\u00f6\u00dfere Weisheit und Mitgef\u00fchl, viel davon blieb gl\u00fccklicherweise erhalten.<\/p>\n<p>Doch Mohammed erstellte nicht den Koran, wozu er beauftragt war, da er umkam und starb, bevor dies abgeschlossen werden konnte. Er wurde daher von verschiedenen Individuen zusammengestellt, die verschiedene Absichten hatten und die gro\u00dfen Suren der pers\u00f6nlichen Offenbarung wurden ausgelassen. Der Islam wurde eine Religion des Gehorsams und der Unterwerfung,  welche damals besonders notwendig waren. Aber die Offenbarungen der pers\u00f6nlichen Verwirklichung und der Liebe Gottes wurden nicht einbezogen.<\/p>\n<p>Dies ist n\u00e4mlich ein Problem, eine Trag\u00f6die an sich, dass die gro\u00dfen Religionen jenseits der Lebenszeit der gro\u00dfen Boten eingerichtet wurden, ein Problem, das viele Male wiederholt wurde, mit vielen ungl\u00fccklichen Konsequenzen.<\/p>\n<p>Mohammed hatte die sehr schwierige Aufgabe, eine neue soziale Ordnung einzurichten, aufzubauen und zu besch\u00fctzen: eine Gemeinschaft von Gl\u00e4ubigen, eine Gemeinschaft von Anh\u00e4ngern, eine Gemeinschaft ungleich allem, was bisher in diesem Teil der Welt gesehen worden war. Seine Pr\u00fcfungen waren, dies einzurichten, sodass seine Botschaft f\u00e4hig sein konnte, sich jenseits seiner Region zu verbreiten, wie sie es getan hat.<\/p>\n<p>Sie ist eine der gro\u00dfen Offenbarungen f\u00fcr die Menschheit, aber sie ist unvollst\u00e4ndig. Und viele Fehler wurden mit ihr gemacht. Um sie zu besch\u00fctzen, bestanden seine Anh\u00e4nger darauf, dass er der letzte Prophet war, und dass es kein weiteres Wort von Gott geben w\u00fcrde.<\/p>\n<p>In einem gewissen Sinn war dies wahr f\u00fcr eine Zeit, aber konnte es nicht wahr f\u00fcr alle Zeit sein. Weil Gott der Welt mehr zu sagen hat. Und in diesen Zeiten der gro\u00dfen Ver\u00e4nderung und Aufruhr in der Welt als Ganzem hat Gott eine Neue Offenbarung gegeben und hat das Siegel der Propheten gebrochen, wie es vorausgesehen wurde und notwendig werden w\u00fcrde, wenn die Zeit erreicht war.<\/p>\n<p>Der Himmel versteht dies nat\u00fcrlich vollkommen, da es Teil des Gr\u00f6\u00dferen Planes ist, der jenseits des menschlichen Fassungsverm\u00f6gens ist \u2013 eines Plans nicht nur f\u00fcr diese Welt, sondern sogar f\u00fcr das ganze Universum; eines Plan f\u00fcr Milliarden und Abermilliarden von Rassen und mehr, so ungleich euch, lebend in verschiedenen Umwelten in allen Stadien der sozialen und spirituellen Evolution, in einem so komplexen Universum, dass keine Rasse es ganz verstehen kann.<\/p>\n<p>Was f\u00fcr dich wichtig zu wissen ist, dass Gott eine Reihe von fortschreitenden Offenbarungen gibt, wovon jede etwas Essentielles zum Aufbau und Schutz der menschlichen Zivilisation hinzuf\u00fcgt \u2013 nicht nur f\u00fcr eine Nation allein, nicht nur f\u00fcr eine Kultur und einen Stamm allein, sondern f\u00fcr die ganze Welt.<\/p>\n<p>Der Islam war schlie\u00dflich f\u00fcr die ganze Welt, obwohl nicht jeder sein Anh\u00e4nger werden w\u00fcrde.<br \/>\nAber der Himmel wei\u00df, dass dies der Fall sein w\u00fcrde. Er war nie dazu gedacht, die eine Religion dieser Welt zu sein, da der Himmel wusste, dass dies nie der Fall sein w\u00fcrde.<\/p>\n<p>Gott hat verschiedene Offenbarungen an Wendepunkten der Menschheit gegeben, nicht nur, um dem Bedarf dieser Zeit zu begegnen, sondern dem Bedarf aller Zeiten zu begegnen. Die Menschheit hat eine gr\u00f6\u00dfere Bestimmung im Universum, f\u00fcr welche sie unvorbereitet ist.<\/p>\n<p>All die gro\u00dfen Religionen haben der Menschheit die Gelegenheit gegeben, eine h\u00f6here moralische und ethische Grundlage zu bilden, Zur\u00fcckhaltung zu lernen, Ehrfurcht zu lernen, zu lernen, \u00fcber die eigene Rasse und den eigenen Stamm und die eigene Nation hinaus zu sehen. Ihr seid bestimmt, eine Menschheit zu werden \u2013 eine Gemeinschaft, eine Menschheit  mit all den Abweichungen von Kultur, Rasse, Brauch und so fort.<\/p>\n<p>Der Gro\u00dfe Plan ist hierf\u00fcr, ein Plan, f\u00fcr den die Menschheit zu diesem Moment unvorbereitet ist und dessen sie sich nicht bewusst ist. <\/p>\n<p>Die Anh\u00e4nger Mohammeds machten den Fehler, zu behaupten, dass er der letzte und einzige Prophet f\u00fcr die Zukunft war, da kein Mensch dies sagen kann. Sogar der Prophet, der Bote kann dies nicht sagen. Sogar der Engelsrat, von dem alle Boten erschienen sind, kann dies nicht sagen.<\/p>\n<p>Gott spricht, wenn Gott will. Und kein anderer als Gott kann anderes sagen, noch den Moment verstehen und die Zeit, wenn eine Gro\u00dfe Offenbarung gegeben wird.<\/p>\n<p>Die Anh\u00e4nger Mohammed&#8217;s zwangen in vielen F\u00e4llen die Religion den Menschen auf, die ihr gegen den Willen des Boten unterworfen wurden. Die F\u00fchrerschaft in der Gemeinschaft wurden Kr\u00e4ften jenseits des Willens und der Vorgabe des Boten \u00fcbergeben.<\/p>\n<p>Der Islam leidet heute und ist sogar r\u00fcckl\u00e4ufig aufgrund der Konflikte, die im Laufe der Zeit auftauchten &#8211;  des Risses innerhalb der Religion und seiner Anh\u00e4nger, der gro\u00dfen sozialen Uneinigkeit, der gro\u00dfen Kriege, der gro\u00dfen Erniedrigung, des gro\u00dfen Leidens.<\/p>\n<p>Wenn Religion unter die Regierung des Staates f\u00e4llt, dann beginnt ihre wahre Wirksamkeit zu schwinden, und sie h\u00f6rt auf, die Potenz zu haben, mit der sie urspr\u00fcnglich gegeben wurde.<\/p>\n<p>Der Islam wurde zu vielen Zeiten die Staatsreligion, was nie die Absicht des Sch\u00f6pfers war. Obwohl es zur Zeit Mohammed&#8217;s notwendig war, die Tradition und Lehre einzurichten, war sie nie daf\u00fcr gedacht, die Regierung des Staates zu sein.<\/p>\n<p>Religion sollte nie regieren. Sie sollte nur ermutigen, inspirieren und unterweisen oder sie wird verdorben durch all die Kr\u00e4fte, die Regierungen verdarben, durch all die Kr\u00e4fte, die die Menschen verdarben, suchend nach Macht und Vorherrschaft, in dem Versuch, Reichtum und Vorrecht zu besch\u00fctzen.<\/p>\n<p>Die wahre Essenz des Islam wurde lebendig erhalten von jenen, die nicht von solchen Dinge beherrscht sind. Die wahre Essenz all der gro\u00dfen Religionen ist lebendig gehalten worden von jenen, die nicht von so etwas beherrscht sind.<\/p>\n<p>Der Islam handelt von der R\u00fcckkehr zum Mysterium deiner Beziehung zum G\u00f6ttlichen. Es ist nicht nur ein Kodex f\u00fcr Ethik und Verhalten f\u00fcr soziales Betragen oder um Muster des religi\u00f6sen Dienstes zu errichten. Jenseits davon ist er gedacht, die R\u00fcckkehr zu Gott durch gro\u00dfen Dienst in der Welt, durch Mitgef\u00fchl, durch Vergebung, durch Demut, durch Mut hervorzubringen.<\/p>\n<p>Er kann nicht Kriegsbanner sein, da es keine heiligen Krieger gibt. Es gibt keine heiligen Kriege. Alle Kriege stellen ein Scheitern der menschlichen Nationen, St\u00e4mme und Gruppen dar, um zum gegenseitigen Nutzen und Wohlergehen zusammenzuarbeiten.<\/p>\n<p>Es gibt keinen Krieg, der \u201e Jihad \u201c ist, da \u201e Jihad \u201c von Selbstreinigung handelt, nicht vom Krieg f\u00fchren gegen deine Nachbarn oder gegen fremde Kr\u00e4fte. Das ist ein Fehler, den sowohl Christentum als auch Islam gef\u00f6rdert haben, f\u00fchrend zu gro\u00dfer Zerst\u00f6rung, ein gro\u00dfer Fehler im Verst\u00e4ndnis, ein Fehler, wenn Religion eine Institution wird, eine politische Institution mit Macht und Herrschaft.<\/p>\n<p>Islam und Christentum sind lebendig gehalten worden durch jene, die nicht durch diese Kr\u00e4fte beherrscht  sind.<\/p>\n<p>Mohammed wurde ein Modell f\u00fcr F\u00fchrerschaft, aber nicht politische F\u00fchrerschaft. Er wurde ein Modell f\u00fcr F\u00fchrerschaft, aber er machte Fehler, alle Boten haben Fehler gemacht.<\/p>\n<p>Der Zweck des Islam ist der Zweck aller gro\u00dfen Religionen \u2013 dich n\u00e4her zu bringen zu dem, was Gott in dich gelegt hat, um zu folgen, was Wir \u201e Kenntnis \u201c nennen, deine G\u00f6ttliche Verbindung zu Gott. Das ist, was dich bef\u00e4higen wird, zu reagieren und treu zu werden. Ohne diese Kenntnis wird Treue aufgezwungen werden durch die Androhung der H\u00f6lle und Verdammung, durch Bestrafung durch menschliche Autorit\u00e4ten und sogar Bestrafung durch Gott.<\/p>\n<p>Aber Gott wird dich nicht bestrafen, da Gott wei\u00df, dass du ohne Kenntnis, um dich zu f\u00fchren, im Irrtum sein w\u00fcrdest. Du w\u00fcrdest einen Fehler nach dem anderen machen. Du w\u00fcrdest in Verwirrung leben und annehmen, dass deine Glaubensvorstellungen und Ermahnungen die Wahrheit w\u00e4ren, wenn du tats\u00e4chlich nicht einmal mit der Wahrheit in Kontakt bist, die gr\u00f6\u00dfere Wahrheit, die dich erl\u00f6sen wird und mit dir die ganze Welt.<\/p>\n<p>Die Betonung der H\u00f6lle und der Verdammung in den alten Traditionen waren der Glauben und die Annahme, die die ganze alte Welt durchdrangen. Die Menschen wussten nichts von Kenntnis, ausgenommen ein paar voraussehende Individuen. Jeder konvertierte unter der Androhung von Bestrafung. Jeder glaubte und dachte, er w\u00fcrde mit schrecklichen Konsequenzen konfrontiert, wenn er es nicht tun w\u00fcrde. Jeder benahm sich und dachte, dass er nicht nur von der Regierung bestrafet w\u00fcrde, sondern auch Gott ihn bestrafen w\u00fcrde \u2013 der Gott der G\u00f6tter.<\/p>\n<p>Daher wird Gott am Anfang als unmoralisch dargestellt, ein dir \u00e4hnlicher Gott \u2013 freundlich zu denen, die mit ihm \u00fcbereinstimmen und hart zu denen, die es nicht tun, eine Projektion der menschlichen Psychologie, des menschlichen Temperamentes, der menschlicher Beschwerden und der menschlichen Natur.<\/p>\n<p>Wie die Menschheit fortgeschritten ist in ihrer Evolution, so ist es das Verst\u00e4ndnis von Gott. Wenn Gott ganz barmherzig sein soll, dann kann es keine H\u00f6lle und Verdammnis geben. Aber wie kann Gott ganz barmherzig sein, wenn die Menschheit in solchem Irrtum und solcher Erniedrigung lebt?<\/p>\n<p>Die Antwort ist, dass Gott Kenntnis in jede Person gelegt hat, darauf wartend, entdeckt zu werden. Und bis sie entdeckt und ermutigt wird, werden Menschen im Irrtum leben, und ihr Verst\u00e4ndnis von Gott wird sich gr\u00fcnden auf Glaubensvorstellungen und Traditionen und Kodizes und Gesetze. Sie haben noch nicht ihre wahre Berufung gefunden, einen gr\u00f6\u00dferen Pfad, der \u00fcber das hinausgeht, einfach den Vorschriften, dem Wort treu zu sein, was an sich schon eine Herausforderung ist, die gro\u00df genug ist.<\/p>\n<p>Aber Gott ruft dich, umzukehren, nicht um die Welt zu verlassen, sondern um ein Agent f\u00fcr das Gute in der Welt zu werden. Darum bist du gekommen. Darum bist du hier. Jenseits deines Bed\u00fcrfnisses nach \u00dcberleben, Schutz und Sicherheit ist dies das gr\u00f6\u00dfere Bed\u00fcrfnis deiner Seele \u2013 dies zu erkennen und dies im Leben zu erf\u00fcllen.<\/p>\n<p>Der Islam machte den Fehler, die zu verdammen, die den Glauben hin zu anderen Religionen verlassen w\u00fcrden, was sogar in bestimmten Teilen der Welt, sogar heute, mit dem Tod bestraft wird.<\/p>\n<p>Dies ist eine menschliche Erfindung. Gott k\u00fcmmert sich nicht darum, was deine Glaubenstradition ist, solange du sie verwenden kannst, um Zugang  zu der Kenntnis zu gewinnen, die Gott in dich gelegt hat, um dieser treu zu werden, prim\u00e4r und grundlegend \u2013 und dabei zu lernen, sie von all den Impulsen deines eigenen Verstandes zu unterscheiden zu lernen, sie von Angst und Gier zu unterscheiden, von Aggressivit\u00e4t und Feindseligkeit, Leidenschaft und T\u00e4uschung.<\/p>\n<p>Wenn dies [die Kenntnis] bei der Religion verloren geht, dann wird Religion der Staat. Er k\u00fcmmert sich nicht darum, was spirituelle Realit\u00e4t auf der pers\u00f6nlichen Ebene bedeutet. Er k\u00fcmmert sich nur um Herrschaft und Ordnung. Er will Kontroverse loswerden. Er will Gegensatz loswerden. Er will Widerspruch unterdr\u00fccken, sogar die nat\u00fcrliche Erforschung, die jede spirituell inspirierte Person unternehmen wird \u2013 sogar dies wird er entmutigen und verleugnen.<\/p>\n<p>Du kannst nicht einen Gott lieben, der dich f\u00fcr deine nat\u00fcrlichen und unvermeidlichen Fehler bestrafen wird. Du kannst nicht einen Gott lieben, dem du nicht in einer Weise nahe sein kannst. Obwohl Gott gro\u00df ist, gr\u00f6\u00dfer als du dir sogar vorstellen kannst, bringt dich Kenntnis in dir n\u00e4her zu Gott und Gottes Willen, und mildert all die Fehler und gef\u00e4hrlichen Tendenzen in deinem Verstand und deinen Umst\u00e4nden.<\/p>\n<p>Schlie\u00dflich wird es das Ende von allem Krieg und Konflikt sein, wenn gen\u00fcgend Menschen diesem folgen k\u00f6nnen.<\/p>\n<p>Mohammed spielte seinen essentiellen Part, um die Menschheit in diese gr\u00f6\u00dfere Dimension zu bewegen, diese gr\u00f6\u00dfere Bestimmung, diese gr\u00f6\u00dfere Zukunft.<\/p>\n<p>Wenn du Unsere Worte verstehst, wirst du sehen, dass da kein Konflikt zwischen den Weltreligionen sein sollte. Da sollte es nicht einmal Konflikt innerhalb der Weltreligionen wegen der Auslegung geben, weil es immer eine Vielfalt der Auslegungen geben wird.<\/p>\n<p>Was wirkliche Einheit zu den Menschen bringt, ist die Macht der Kenntnis, denn das ist die wahre Moral. Auf der Ebene der Kenntnis kannst du nicht mit anderen in Konflikt sein. Sogar wenn sie unterschiedliche Auslegungen und Ideen haben, du kannst nicht wirklich in Konflikt mit ihnen sein.<\/p>\n<p>Wenn du Religion nicht verwendest, um Macht zu gewinnen, oder um einfach deiner Unsicherheit zu entfliehen, dann kannst du ihre gr\u00f6\u00dferen Verantwortlichkeiten und gr\u00f6\u00dferen Segnungen annehmen.<\/p>\n<p>Gott hat erneut gesprochen. Das Siegel der Propheten ist nun wieder gebrochen worden, da eine Neue Botschaft an die Welt gegeben werden muss. Sie muss einer Welt gegeben werden, die den Gro\u00dfen Wellen von Umweltver\u00e4nderung, sozialem und \u00f6konomischen Wandel gegen\u00fcbersteht, denen nun die ganze Welt als Ganzes gegen\u00fcbersteht. Sie muss nun gegeben werden, weil die Menschheit  nun einem Universum voll von intelligentem Leben begegnet.<\/p>\n<p>Zwei gro\u00dfe Schwellen, f\u00fcr die die alten Traditionen nicht gemacht wurden, um dich vorzubereiten. Obwohl ihre Weisheit tats\u00e4chlich gro\u00df ist und durchdringend f\u00fcr alle Zeiten, sie k\u00f6nnen dich nicht auf die gro\u00dfe Schwelle vorbereiten, der sich die Menschheit nun gegen\u00fcbersieht.<\/p>\n<p>Die Religionen sind geteilt und sogar in sich zerstritten. Viele Menschen in der Welt wenden sich heute von der Religion ab und denken, dass Technologie ihre neue Religion ist. Religion erzeugt zunehmend  Krieg und Konflikt, w\u00e4hrend die Gro\u00dfen Wellen kommen \u2013 w\u00e4hrend sich die Ressourcen der Welt verringern, sich das Klima der Welt ver\u00e4ndert und immer gr\u00f6\u00dferer Druck, gr\u00f6\u00dfere Schwierigkeit und Unsicherheit erzeugt werden.<\/p>\n<p>All dies hat eine Neue Botschaft von Gott gebracht, eine Offenbarung, nicht gegeben einer alten Welt von ungebildeten Menschen, lebend unter Unterwerfung, sondern gegeben einer Welt von globaler Kommunikation, globalem Kommerz und bei vielen einem wachsenden globalen Bewusstsein. Gott gibt eine Offenbarung, vollst\u00e4ndiger, ausf\u00fchrlicher als alles, was der Menschheit zuvor gegeben wurde \u2013 nicht um die Weltreligionen zu ersetzen, aber um sie zu erweitern und sie zu vereinen, da sie n\u00e4mlich alle Teil sind von Gottes Plan.<\/p>\n<p>All die Trag\u00f6dien und die Fehler, die im Namen der Religion erzeugt wurden, sind eine menschliche Erfindung, geboren aus menschlichem Fehler und menschlichem Missverst\u00e4ndnis.<\/p>\n<p>Nun hat die Menschheit eine Ebene der sozialen Entwicklung und des kollektiven Bewusstseins erreicht, dass du Gott als Gott des ganzen Universums verstehen und auf das reagieren kannst, was Gott in dich gelegt hat, welches Gottes gr\u00f6\u00dftes Geschenk an dich ist \u2013 die Macht und die Pr\u00e4senz der Kenntnis, welche rein und ewig ist und nicht durch die Welt oder durch irgendeine Kraft im Universum verdorben werden kann.<\/p>\n<p>Hier wird der Islam zum Islam des Universums. Hier werden Christentum und Islam verschiedene Ausdrucksweisen derselben Macht, derselben Kraft und desselben Planes. Hier kommen nun alle Weltreligionen, trotz der Unterschiede in Praxis und  theologischem Verst\u00e4ndnis, alle kommen von derselben Quelle, um der Entwicklung und dem Schutz der menschlichen Zivilisation zu dienen, besonders nun, da sie dem Niedergang der Umwelt gegen\u00fcbersteht, und w\u00e4hrend sie Intervention vom Universum ringsherum gegen\u00fcbersteht, worauf die Menschheit g\u00e4nzlich unvorbereitet ist.<\/p>\n<p>Wenn du Religion auf dieser Ebene verstehen k\u00f6nntest, n\u00e4her dem Verst\u00e4ndnis des Himmels, k\u00f6nntest du alles sehen, wovon wir sprechen, und sie w\u00fcrde klar sein wie der Tag.<\/p>\n<p>Du musst deinen Glauben nicht verteidigen, weil dein Glaube jenseits von Ideen, Glaubensvorstellungen und Tradition sein muss. Es ist dein Kernkontakt mit der Kenntnis, die Gott in dich gelegt hat, um dich zu f\u00fchren, dich zu sch\u00fctzen und dich zu einer gr\u00f6\u00dferen Ebene des Dienstes und der Erf\u00fcllung in der Welt zu leiten \u2013 in dieser Welt, in der Welt unter genau diesen Umst\u00e4nden, f\u00fcr welche du gekommen bist.<\/p>\n<p>Dann wirst du all die Religionen ehren und die Fehler erkennen, die durch jene gemacht wurden, die ihnen folgten, und durch jene, die sie im Laufe der Zeit bewahrten. Du w\u00fcrdest f\u00e4hig sein, die Essenz jenseits der Form zu sehen. Du w\u00fcrdest f\u00e4hig sein, den Zweck jenseits der Erscheinung zu unterscheiden.<\/p>\n<p>Gott gibt dir nun das Verst\u00e4ndnis f\u00fcr Religion auf der Ebene von Kenntnis, nicht nur gegeben an eingeweihte Individuen, sondern verf\u00fcgbar gemacht f\u00fcr die ganze Welt. Denn sie wird nun von vielen Menschen gebraucht. Sie wird nun von vielen Menschen ben\u00f6tigt, wenn die Menschheit die Gro\u00dfen Wellen des Wandels \u00fcberleben soll, und wenn sie sich nun auf ihr Zusammentreffen mit dem Leben im Universum vorbereitet, die gr\u00f6\u00dfte Schwelle, der die menschliche Familie je gegen\u00fcberstand.<\/p>\n<p>Religion soll dich n\u00e4her zu Gott bringen und n\u00e4her zu dem, was Gott in dich gelegt hat, um dem zu folgen \u2013 jede Religion, die wahr und wirksam ist, jede Religion, die aus den Gro\u00dfen Offenbarungen geboren wurde, gegeben vom Sch\u00f6pfer allen Lebens, durch die Engelspr\u00e4senz, gegeben an gro\u00dfen Wendepunkten f\u00fcr die Menschheit.<\/p>\n<p>Verstehe, dass Jahrhunderte und Jahrtausende zwischen den Gro\u00dfen Offenbarungen liegen. Da Gott nur an solchen Wendepunkten zur Menschheit als Ganzes spricht und [nun] f\u00fcr die Gro\u00dfe Offenbarung sorgt, die dich vorbereiten wird, um deine Welt wiederherzustellen und dir St\u00e4rke, Mut und Einheit zu geben, um der Zukunft gegen\u00fcberzutreten, die ungleich der Vergangenheit sein wird.<\/p>\n","protected":false},"excerpt":{"rendered":"<p>Heute werden wir \u00fcber Mohammed und die Neue Botschaft von Gott sprechen. Es ist f\u00fcr dich wichtig zu verstehen, dass alle gro\u00dfen Boten vom Engelsrat gekommen sind. Sie sind von dieser einen gro\u00dfen Versammlung gekommen, die beauftragt ist, das Wohlergehen und den Fortschritt der Menschheit zu \u00fcberwachen. Wenn dies verstanden werden k\u00f6nnte, dann k\u00f6nnten vielleicht\u2026 <a class=\"read-more\" href=\"https:\/\/www.v6.newmessage.org\/de\/about-recording-shortcode\/\"><span>Read More<\/span><\/a><\/p>\n","protected":false},"author":8,"featured_media":0,"parent":29546,"menu_order":0,"comment_status":"closed","ping_status":"closed","template":"template-leftsidebar.php","meta":{"_monsterinsights_skip_tracking":false,"_monsterinsights_sitenote_active":false,"_monsterinsights_sitenote_note":"","_monsterinsights_sitenote_category":0,"footnotes":""},"categories":[76,117,1410,460],"tags":[1022,1023],"_links":{"self":[{"href":"https:\/\/www.v6.newmessage.org\/de\/wp-json\/wp\/v2\/pages\/28234"}],"collection":[{"href":"https:\/\/www.v6.newmessage.org\/de\/wp-json\/wp\/v2\/pages"}],"about":[{"href":"https:\/\/www.v6.newmessage.org\/de\/wp-json\/wp\/v2\/types\/page"}],"author":[{"embeddable":true,"href":"https:\/\/www.v6.newmessage.org\/de\/wp-json\/wp\/v2\/users\/8"}],"replies":[{"embeddable":true,"href":"https:\/\/www.v6.newmessage.org\/de\/wp-json\/wp\/v2\/comments?post=28234"}],"version-history":[{"count":3,"href":"https:\/\/www.v6.newmessage.org\/de\/wp-json\/wp\/v2\/pages\/28234\/revisions"}],"predecessor-version":[{"id":28782,"href":"https:\/\/www.v6.newmessage.org\/de\/wp-json\/wp\/v2\/pages\/28234\/revisions\/28782"}],"up":[{"embeddable":true,"href":"https:\/\/www.v6.newmessage.org\/de\/wp-json\/wp\/v2\/pages\/29546"}],"wp:attachment":[{"href":"https:\/\/www.v6.newmessage.org\/de\/wp-json\/wp\/v2\/media?parent=28234"}],"wp:term":[{"taxonomy":"category","embeddable":true,"href":"https:\/\/www.v6.newmessage.org\/de\/wp-json\/wp\/v2\/categories?post=28234"},{"taxonomy":"post_tag","embeddable":true,"href":"https:\/\/www.v6.newmessage.org\/de\/wp-json\/wp\/v2\/tags?post=28234"}],"curies":[{"name":"wp","href":"https:\/\/api.w.org\/{rel}","templated":true}]}}