{"id":28227,"date":"2017-07-19T22:57:05","date_gmt":"2017-07-19T22:57:05","guid":{"rendered":"http:\/\/www.newmessage.org\/de\/?page_id=28227"},"modified":"2017-09-22T07:06:18","modified_gmt":"2017-09-22T07:06:18","slug":"gottes-neue-botschaft-fur-die-weltreligionen","status":"publish","type":"page","link":"https:\/\/www.v6.newmessage.org\/de\/die-botschaft\/band-1\/die-reine-religion\/gottes-neue-botschaft-fur-die-weltreligionen\/","title":{"rendered":"Gottes Neue Botschaft f\u00fcr die Weltreligionen"},"content":{"rendered":"<div><!-- Version 3.5 Verse --><\/div>\n\n<div class=\"tabgroup \"><ul class=\"tabs\"><li><a href=\"#tabs-1\">H\u00f6re<\/a><\/li>\n<li><a href=\"#tabs-2\"> Anmerkung<\/a><\/li><\/ul>\n <div id=\"tabs-1\"><\/p>\n<p>H\u00f6re die Stimme der Offenbarung:<\/p>\n<div id=\"jquery_jplayer_1\" class=\"jp-jplayer\"><\/div>\n\t\t\t\t<div id=\"jp_container_1\" class=\"jp-audio\">\n\t\t\t\t<div class=\"jp-type-single\"><div class=\"jp-control\"><a href=\"javascript:;\" class=\"jp-play\" tabindex=\"1\">play<\/a><a href=\"javascript:;\" class=\"jp-pause\" tabindex=\"1\">pause<\/a><\/div> <div class=\"jp-gui jp-interface\"><div class=\"jp-volume\"><div class=\"jp-volume-bar\"><div class=\"jp-volume-bar-value\"><\/div><\/div><\/div><div class=\"jp-progress\"><div class=\"jp-seek-bar\"><div class=\"jp-play-bar\"><\/div><\/div><\/div><\/div>\t\t\t\t\t<div class=\"jp-no-solution\"><span>Update Required<\/span>To play the media you will need to either update your browser to a recent version or update your <a href=\"http:\/\/get.adobe.com\/flashplayer\/\" target=\"_blank\">Flash plugin<\/a>.<\/div><\/div><\/div>\n\t\t\t<script type='text\/javascript'>\n\t\t\t\tjQuery(document).ready(function() {\n\t\t\t\t\tif (typeof (sermonMedia) == 'function') {\n\t\t\t\t\t\tsermonMedia.addAudio('', \"jquery_jplayer_1\");\n\t\t\t\t\t}\n\t\t\t\t\tjQuery.jPlayer.timeFormat.showHour = true;\n\t\t\t\t\tjQuery(\"#jquery_jplayer_1\").jPlayer({\n\t\t\t\t\t\tready: function(event) {\n\t\t\t\t\t\t\tjQuery(this).jPlayer(\"setMedia\", {mp3: 'https:\/\/www.newmessage.org\/av\/gods-new-message-for-the-worlds-religions.mp3'});\n\t\t\t\t\t\t},\n\t\t\t\t\t\tplay: function() {\n\t\t\t\t\t\t\tjQuery(this).jPlayer(\"pauseOthers\");\n\t\t\t\t\t\t},\n\t\t\t\t\t\tswfPath: ThemeData.directory_uri+\"\/swf\",\n\t\t\t\t\t\tsolution: \"html, flash\",\n\t\t\t\t\t\tpreload: \"metadata\",\n\t\t\t\t\t\twmode: \"window\",\n\t\t\t\t\t\tsupplied: \"mp3\",\n\t\t\t\t\t\tcssSelectorAncestor: '#jp_container_1'\n\t\t\t\t\t});\n\t\t\t\t});\n\t\t\t<\/script><\/p>\n<p><a title=\"God's New Message for the World's Religions\" href=\"https:\/\/www.newmessage.org\/av\/gods-new-message-for-the-worlds-religions.mp3\">Lade herunter<\/a> (Rechtsklick zum Herunterladen)<\/p>\n<p><em>Wie offenbart<br \/>\nMarshall Vian Summers<br \/>\nam 23. Januar 2015 \u2013<br \/>\nin Jerusalem, Israel<\/em><\/p>\n<p><\/div>\n<div id=\"tabs-2\"><br \/>\n<em> Anmerkung an den Leser:<br \/>\nDiese \u00dcbersetzung wurde der Society von einem Sch\u00fcler der Neuen Botschaft verf\u00fcgbar gemacht, der den englischen Originaltext als Freiwilliger \u00fcbersetzt hat. Wir stellen diese \u00dcbersetzung in dieser fr\u00fchen Form zur Verf\u00fcgung, damit jeder Gelegenheit hat, sich mit einem Teil der Neuen Botschaft in seiner eigenen Sprache zu befassen.<\/em><br \/>\n<\/div>\n\t\t\t\t<div align=\"right\">\n\t\t\t<div class=\"fb-like\" data-href=\"\" data-layout=\"button_count\" data-action=\"like\" data-show-faces=\"false\" data-share=\"false\"><\/div>\n\t\t\t<div class=\"fb-share-button\" data-layout=\"button_count\"> <\/div>\n\t\t\t<div class=\"fb_iframe_widget\"><a href=\"https:\/\/twitter.com\/godsnewmessage?ref_src=twsrc%5Etfw\" class=\"twitter-follow-button\" data-show-count=\"false\">Follow @godsnewmessage<\/a><script async src=\"https:\/\/platform.twitter.com\/widgets.js\" charset=\"utf-8\"><\/script><\/div>\n\t\t\t<\/div> <\/div> \n\n<p>Heute werden Wir \u00fcber Gottes Neue Offenbarung und die Weltreligionen sprechen.<\/p>\n<p>Zuerst musst du verstehen, dass Gott all die gro\u00dfen Religionen der Welt initiiert hat und in jedem Fall einen Boten vom Engelsrat gesandt hat, um diese Traditionen zu Beginn zu initiieren.<\/p>\n<p>All die gro\u00dfen Boten sind vom Engelsrat gekommen, sodass sie wesenhaft vereinigt sind. Sie wurden alle von der Quelle gesandt, deiner Quelle und der Quelle aller Weltreligionen.<\/p>\n<p>Aber lebend in der Trennung, haben die Menschen die Religionen voneinander und sogar in sich getrennt \u2013 haben alles getrennt, was vereint sein sollte und dabei die Bedeutung und den Wert der Boten missverstanden und was diese wirklich pr\u00e4sentieren.<\/p>\n<p>Aber diese Beschr\u00e4nkung wird von Gott verstanden, da du Gottes Gr\u00f6\u00dferen Plan f\u00fcr die Welt nicht verstehen kannst, wenn du f\u00fcr den Augenblick lebst, in Trennung lebst. Du kannst noch nicht das gr\u00f6\u00dfere Panorama der Dinge sehen.<\/p>\n<p>Jede Religion war als Baustein in der menschlichen Entwicklung und Evolution gedacht, um die Menschheit auf eine Zukunft vorzubereiten, die ungleich der Vergangenheit sein w\u00fcrde.<\/p>\n<p>Die gro\u00dfen Offenbarungen werden zu entscheidenden Zeiten in der Menschheitsgeschichte gegeben, Zeiten nicht nur der Ver\u00e4nderung und der Herausforderung, sondern Zeiten der M\u00f6glichkeit, dass diese Offenbarungen verbreitet werden konnten. Sie wurden zu diesem Zweck an bestimmten Orten gegeben, Orten, an denen die Botschaft sich \u00fcber ein Volk oder eine Gruppe oder eine Nation hinaus bewegen konnte, zu Zeiten einer Gelegenheit, die gr\u00f6\u00dfer war, als irgendjemand in dem Moment erkennen konnte.<\/p>\n<p>Hier musst du verstehen, dass alle Weltreligionen Teil eines Gr\u00f6\u00dferen Planes sind. Und w\u00e4hrend sie sich in bestimmter Weise voneinander unterscheiden, stellt ihre Unterscheidung ihren einzigartigen Wachstumsbeitrag zu Weisheit, Mitgef\u00fchl und Ethik der menschlichen Familie dar.<\/p>\n<p>Gott wei\u00df, dass nicht jeder einer Lehre oder einem Lehrer oder sogar einer Interpretation folgen kann. In der Trennung lebend, hast du noch nicht die F\u00e4higkeit und die Entwicklung, dies zu tun.<br \/>\nUnd wenn eine Interpretation den Menschen aufgezwungen wird, wird es eine Form der Unterdr\u00fcckung sein und ist in dieser Weise kontraproduktiv.<\/p>\n<p>Was Wir dir hier heute sagen, ist sehr verschieden davon, wie Religion in dieser Welt betrachtet und verwendet wird, und tats\u00e4chlich, wie sie im ganzen Universum betrachtet und verwendet wird.<br \/>\nAlle, die in der physischen Realit\u00e4t leben, leben in Trennung \u2013 Trennung von ihrer Quelle und von der zeitlosen Wirklichkeit, von der alle gekommen sind und zu der schlie\u00dflich alle zur\u00fcckkehren werden. Dies ist jenseits menschlichen Verst\u00e4ndnisses und sicherlich jenseits irgendeiner M\u00f6glichkeit des religi\u00f6sen Verstehens.<\/p>\n<p>Nun ist dieses gr\u00f6\u00dfere Verst\u00e4ndnis der Einheit der Weltreligionen, der Einheit ihrer Quelle und Absicht unerl\u00e4sslich, da sie nun alle eine Rolle im Aufbau der menschlichen Zusammenarbeit haben, um einer Welt im Niedergang zu begegnen \u2013 einer Welt der Umweltst\u00f6rungen, einer Welt wachsender wirtschaftlicher und sozialer St\u00f6rung, einer Wirklichkeit, der die menschliche Familie niemals zuvor begegnen musste, einer Wirklichkeit, geschaffen durch den menschlichen Missbrauch der Welt und dieVerunreinigung eurer Luft, eures Wassers und eurer B\u00f6den, was nun die Macht hat, die menschliche Zivilisation zu untergraben und eine menschliche Trag\u00f6die zu schaffen, ungleich allem, was bisher hier gesehen worden ist, gr\u00f6\u00dfer als all eure Kriege zusammen genommen.<\/p>\n<p>Die Gro\u00dfen Wellen des Wandels kommen und sie haben bereits begonnen. Die Welt wird hei\u00dfer werden. Ernten werden ausfallen. Wasser wird austrocknen oder bestimmte Gebiete \u00fcberfluten. Die Weltwirtschaft wird dadurch ersch\u00fcttert. Und der Lebensunterhalt der Menschen wird dadurch ersch\u00fcttert. <\/p>\n<p>Darum hat Gott erneut gesprochen. Und darum muss Gott den Zustand der Weltreligionen ansprechen, weil sie im Streit miteinander sind und sogar in sich geteilt sind. Und religi\u00f6se Gewalt nimmt nun zu in der Welt und wird weiter zunehmen, w\u00e4hrend die Gro\u00dfen Wellen des Wandels immer mehr Menschen beeinflussen, sie ihrer Sicherheit berauben, sie ihrer Lebensgrundlage hier berauben.<\/p>\n<p>Die Weltreligionen wurden alle als Bausteine f\u00fcr die menschliche Zivilisation gegeben. Kein Stein gleicht dem anderen. Jeder Stein ist einzigartig, bringt etwas Einzigartiges zum Verst\u00e4ndnis und der Perspektive der Menschheit. Aber um dies zu sehen, m\u00fcsst ihr \u00fcber euer Verlangen nach Trennung hinaus sehen, wobei ihr versucht, alles einzigartig und getrennt darzustellen, um euch selbst und eure Vorstellungen zu best\u00e4tigen.<\/p>\n<p>Wir geben euch hier den Willen des Himmels und wie der Himmel auf die Weltreligionen blickt, und zwar wie die Speichen eines Rades rund um die Zentralachse des Sch\u00f6pfers. Sie alle sind Fl\u00fcsse, die sich auf dasselbe Meer zubewegen. Sie scheinen getrennt und einzigartig in ihren Merkmalen zu sein, in ihren Landschaften, aber sie f\u00fchren alle zu demselben Ergebnis.<\/p>\n<p>Um dies zu sehen, wirst du deine religi\u00f6sen Glaubensvorstellungen \u00e4ndern m\u00fcssen und dein Verst\u00e4ndnis anpassen, denn es gibt nicht eine Religion f\u00fcr alle, denn das kann nie sein. Gott wei\u00df dies, obwohl die Menschen noch immer verwirrt sind.<\/p>\n<p>Es gibt keine endg\u00fcltige Offenbarung, da Gott mehr zur Welt zu sagen hat, w\u00e4hrend die Menschheit nun gro\u00dfen Schwellen gegen\u00fcbersteht, denen sie niemals zuvor gegen\u00fcberzustehen hatte, an der Schwelle zum Weltraum stehend, begegnet sie anderen aus dem Universum, welche hier in der Welt sind, um die Autorit\u00e4t und Souver\u00e4nit\u00e4t der Menschheit hier zu untergraben.<\/p>\n<p>Ihr lebt in einem Zustand, den es niemals zuvor in der Geschichte der menschlichen Zivilisation gab. Ihr seid an einem neuen kritischen Punkt. Und die Weltreligionen k\u00f6nnen euch hierauf nicht vorbereiten. Sie wurden nicht zu diesem Zweck gegeben, als sie im Altertum gegeben wurden.<\/p>\n<p>Einer neuer Baustein muss nun gegeben werden, um das Bild zu vervollst\u00e4ndigen und es weiterzuf\u00fchren, sodass die Menschheit auf ihre neue Zukunft vorbereitet werden kann und um in der Umwelt einer Neuen Welt zu leben, in der menschliche Zusammenarbeit und Einheit notwendig f\u00fcr das \u00dcberleben der Menschheit und ihr Wohlergehen sein werden.<\/p>\n<p>Gottes Neue Offenbarung muss daher gro\u00dfe Korrektur und Kl\u00e4rung bringen und wird viele der grundlegenden Ideen und Glaubensvorstellungen herausfordern, die die Weltreligionen trennen und sie in Konflikt zueinander stellen. Ihre grundlegende Einheit besteht aufgrund ihrer Quelle und der Absicht ihrer Quelle, f\u00fcr sie zu kritischen Wendepunkten der Menschheit zu sorgen.<\/p>\n<p>Sie sind alle da, ihren einzigartigen Dienst der Menschheit zu erbringen. Und die Menschen sind gerufen, an einer von ihnen teilzunehmen. Denn hierbei kannst du nicht einfach deinen eigenen Pfad erschaffen, denn die gro\u00dfen Pfade wurden gegeben. Aber da sie missbraucht und missverstanden wurden, Gegenstand der menschlichen Anpassung und Verderbnis wurden, haben sich viele Menschen in Best\u00fcrzung und Verwirrung  und Entt\u00e4uschung abgewandt, zu sehen, wie die Religionen der Welt als Kriegsbanner  verwendet wurden sowie verwendet wurden, um Menschen grausam, unwissend, t\u00f6richt, gegen den Willen des Sch\u00f6pfers zu unterdr\u00fccken.<\/p>\n<p>Viele Menschen haben sich von den Traditionen abgewandt, die gedacht waren, ihnen zu dienen. Und nun sind die Menschen verloren, da sie denken, sie k\u00f6nnen ihren eigenen Pfad erschaffen, indem sie etwas von diesem und jenem entnehmen. Aber nur Gott kennt den Weg zur R\u00fcckkehr. Du kannst nicht deinen eigenen Weg erschaffen, aufgebaut auf menschliche Vorliebe und menschliche Ermahnung.<\/p>\n<p>Menschen waren einer der gro\u00dfen Traditionen zugewiesen, aber nun sind sie davon entfremdet, hinausgeworfen in die Welt mit all ihren \u00dcberredungen, ihrer Verunglimpfung, ihrer H\u00e4rte, ihrer Grausamkeit.<\/p>\n<p>Deshalb muss gro\u00dfe Kl\u00e4rung den Weltreligionen gebracht werden, oder sie werden fortfahren, die Menschheit zu teilen, wobei jede behauptet, ausschlie\u00dflich zu sein, jede behauptet, sie h\u00e4tte Vorherrschaft oder Gottes Vorzug vor anderen, angef\u00fcllt mit ehrgeizigen Menschen, angepasst von den Regierungen zu ihren eigenen Zwecken.<\/p>\n<p>Lasst uns dann verstehen, dass Religion niemals als Kriegsbanner verwendet werden kann oder als Rechtfertigung f\u00fcr Grausamkeit, Folter, Bestrafung oder Tod. Dies alles stellt den Missbrauch der gro\u00dfen Religionen durch die Menschheit dar und das Missverstehen von deren Zweck zur Bildung der Einheit der Menschen, menschlicher Werte und menschlicher Moral.<\/p>\n<p>Krieg und Bestrafung geschehen aus anderen Gr\u00fcnden. Behaupte niemals, dass Gott solche Dinge rechtfertigt oder angeordnet hat. Dies ist ein schweres Missverst\u00e4ndnis. Andere im Namen Gottes zu gef\u00e4hrden, ist ein Verbrechen gegen Gott und Gottes Willen und Zweck und Gottes Absicht bez\u00fcglich der Errichtung der gro\u00dfen Traditionen.<\/p>\n<p>Von dem, was wir dir heute hier sagen, kannst du sehen, dass es sehr verschieden ist von dem, was Menschen von ihren Religionen behaupten, was sie glauben oder zu glauben gelehrt werden. Sie sind alle auf bestimmten Wegen verdorben worden, samt und sonders.<\/p>\n<p>Ein Christ, der einem Muslim nicht hilft, oder ein Muslim, der einem Juden nicht hilft, oder ein Jude, der einem Hindu nicht hilft, stellt das Kernproblem dar. Nun ist Religion Teil des Problems und nicht Teil der L\u00f6sung, wie es beabsichtigt war, wie es immer beabsichtigt war.<\/p>\n<p>Im Grunde sind alle Religionen hier, um dich zur Kenntnis zu bringen, die Gott in dich gelegt hat, um dich zu f\u00fchren und einen Prozess der Erl\u00f6sung zu beginnen, der Schritt f\u00fcr Schritt in deinem Leben und in deinen Umst\u00e4nden ausgef\u00fchrt w\u00fcrde, wenn du f\u00e4hig w\u00e4rest, dieser F\u00fchrung korrekt zu folgen.<\/p>\n<p>Es wird gro\u00dfes Mitgef\u00fchl und Vergeben erfordern. Es wird f\u00fcr dich erfordern, dass du dein Leben  und andere auf eine andere Weise siehst und nicht den Verf\u00fchrungen des Hasses und der Diskriminierung zum Opfer f\u00e4llst.<\/p>\n<p>Es gibt immer einen Unterschied zwischen dem Willen des Himmels und dem Verst\u00e4ndnis der Menschen.  Aber um diese L\u00fccke in dir zu \u00fcberbr\u00fccken, musst du die Schritte zur Kenntnis  unternehmen, von denen wir hier sprechen. Sie repr\u00e4sentiert den Teil von dir, der Gott niemals verlassen hat und der den Willen Gottes, speziell f\u00fcr dich empfangen kann.<\/p>\n<p>Darin wirst du nicht im Streit mit anderen liegen, da Kenntnis in dir nicht im Streit ist mit Kenntnis in anderen.<\/p>\n<p>Es sind die Glaubensvorstellungen des Verstandes. Es ist die soziale und religi\u00f6se Konditionierung des Verstandes. Es sind deine Vorlieben, dein Zorn und deine Unvers\u00f6hnlichkeit, die dieser  gr\u00f6\u00dferen Erkenntnis im Wege stehen, die dich so sehr von deinem Leiden befreien w\u00fcrde und von deinem Gef\u00fchl der Unw\u00fcrdigkeit.<\/p>\n<p>So muss Gott erneut sprechen, um dich auf die Gro\u00dfen Wellen des Wandels vorzubereiten, die auf die Welt zukommen. Gott muss erneut sprechen, um dich auf ein Universum voll intelligenten Lebens vorzubereiten, ein nichtmenschliches Universum, in dem Freiheit sehr selten ist.<\/p>\n<p>Und Gott muss erneut sprechen, um den Weltreligionen Korrektur und Kl\u00e4rung zu bringen, sodass sie eine Chance haben m\u00f6gen, ihren wahren Zweck und ihre Bestimmung hier zu erf\u00fcllen, welche gr\u00f6\u00dfere Zusammenarbeit und Einheit, Vergebung und Mitgef\u00fchl unter den St\u00e4mmen und V\u00f6lkern der Welt erzeugen sollen.<\/p>\n<p>Sie alle waren daf\u00fcr gedacht, durch diese Leistung auf ihre einzigartige Weise f\u00fcr einzigartige Perspektiven und Verst\u00e4ndnis zu sorgen, sich einander auszugleichen und die Menschheit zur\u00fcckzuf\u00fchren zu ihrer prim\u00e4rsten Beziehung zu Gott.<\/p>\n<p>Hier musst du verstehen, dass die Boten keine G\u00f6tter sind. Sie kommen alle vom Engelsrat. Halb heilig, halb menschlich sind sie, gr\u00f6\u00dfer als jede andere Person auf der Welt in dieser Beziehung. Du kannst sie nicht verehren. Du kannst sie nicht um Gunst und Erl\u00f6sung bitten.  Darum musst du Gott direkt bitten.<\/p>\n<p>Alles, was wir dir hier heute sagen, wird viel Erw\u00e4gung erfordern. Und viele Menschen werden dies zur\u00fcckweisen, um ihre Glaubensvorstellungen und ihre Ideen zu verteidigen und ihre Investition in ihre religi\u00f6se Perspektive oder ihre soziale oder religi\u00f6se Stellung in der Gesellschaft. Sie werden blind sein f\u00fcr den Gott, dem sie behaupten, zu folgen.  <\/p>\n<p>Wenn du Gottes Neue Offenbarung nicht empfangen kannst, was sagt das \u00fcber deine Beziehung zu Gott? Es bedeutet, du hast eine Beziehung mit dem menschlichen Verst\u00e4ndnis von Gott, aber deine Beziehung zu Gott ist nicht stark genug,  um hier\u00fcber hinwegzukommen.<\/p>\n<p>Es gibt eine gro\u00dfe Herausforderung zur Zeit der Offenbarung. Wann immer diese geschehen ist, vielleicht einmal in einem Jahrtausend, ist es immer eine gro\u00dfe Herausforderung f\u00fcr die Empf\u00e4nger.<\/p>\n<p>K\u00f6nnen sie auf Neues h\u00f6ren? K\u00f6nnen sie reagieren? K\u00f6nnen sie \u00fcber ihre Glaubensvorstellungen hinauswachsen und was diese umrei\u00dft? Haben sie das Herz und den Willen, die Wahrheit zu wissen jenseits menschlicher Weltanschauung?<\/p>\n<p>Denn kein religi\u00f6ses Verst\u00e4ndnis dieser Welt kann den Zweck und den Plan Gottes in dieser Welt umfassen, ganz zu schweigen von dem Universum jenseits von euch, ein Universum so gro\u00df und weit, dass euer Intellekt viel zu klein ist, es sich auch nur vorzustellen.<\/p>\n<p>Wir sagen dir dies, so dass der wahre Zweck und die Einf\u00fchrung der Weltreligionen wieder entz\u00fcndet und wiederentdeckt werden kann. Daf\u00fcr m\u00fcsst ihr der Kenntnis folgen, die Gott in euch gelegt hat, weil euer Verstand viel zu konditioniert ist, viel zu furchtsam vor Ver\u00e4nderung, viel zu begrenzt durch eigene Konditionierung ist und bei vielen Menschen, viel zu unterdr\u00fcckt durch Armut, politische und religi\u00f6se Unterdr\u00fcckung in der Welt.<\/p>\n<p>Du musst dein tieferes Gewissen ansprechen, das Gott am Anfang in dich gelegt hat. Nicht um aus dir einen gro\u00dfen Heiligen oder Avatar oder einen gro\u00dfen Boten zu machen, sondern dich zu bef\u00e4higen, deinen einzigartigen Beitrag und Dienst in der Welt zu entdecken.<\/p>\n<p>Bescheiden wird er sein. Spezifisch wird er sein. Er ist gedacht f\u00fcr bestimmte Menschen und Orte und Situationen. In diesem Moment kannst du das nicht verstehen. Du kannst nur dem Pfad folgen, auf den dich die Kenntnis f\u00fchren wird und das Vertrauen haben, das zu tun und die Selbstachtung zu haben, dem zu trauen, in dir und in anderen.<\/p>\n<p>Damit die Menschheit die Gro\u00dfen Wellen des Wandels \u00fcberlebt, damit die menschliche Zivilisation intakt bleibt und w\u00e4chst und expandiert, wenn sie den Gro\u00dfen Wellen des Wandels gegen\u00fcbersteht, um menschliche Freiheit und Souver\u00e4nit\u00e4t zu bauen und zu st\u00e4rken angesichts der Intervention aus dem Universum um uns, m\u00fcssen menschliche Zusammenarbeit und Zusammenarbeit der religi\u00f6sen Traditionen der Welt neu errichtet und erneuert werden, beginnend mit dir und deinem Verst\u00e4ndnis sowie deinem Herz und Verstand.<\/p>\n<p>Schau hier nicht auf andere, da du dich zuerst selbst ausrichten musst. Beschuldige und verdamme nicht Nationen und F\u00fchrer, ganz gleich, wie unwissend sie sein m\u00f6gen, weil du dein eigenes Haus in Ordnung bringen musst \u2013 deinen Verstand, deine Gef\u00fchle, deine Glaubensvorstellungen, deine Beschwerden. Erlaube der Heilung von Gottes Neuer Offenbarung, dich zu befreien von dem, was dich unterdr\u00fcckt und deinen Verstand klein h\u00e4lt, lebend in Finsternis und Verwirrung.<\/p>\n<p>Darum ist die Offenbarung auf das Individuum fokussiert. Alles, was in der Zukunft passieren wird, wird gr\u00fcnden auf den Entscheidungen von Individuen und was diese Entscheidungen herbeif\u00fchrt. Wird es die Macht und Pr\u00e4senz der Kenntnis in ihnen sein? Oder werden es die Kr\u00e4fte der \u00dcberredung in der Welt sein und die Finsternis von Angst, Zorn und Hass?<\/p>\n<p>Der Dienst und das Geben in der Zukunft werden so gro\u00df sein. Der Bedarf wird so gro\u00df sein. Es wird ganze Regionen der Welt geben, in denen die Menschen gezwungen sein werden, fortzuziehen. Wer wird sie empfangen? Wer wird sie akzeptieren? Sie werden nicht mehr f\u00e4hig sein, f\u00fcr sich zu sorgen, da ihre L\u00e4nder unfruchtbar werden. Und die Meere werden steigen und die H\u00e4fen und die St\u00e4dte in der Zukunft verschlingen. Es wird ein menschlicher Bedarf und Ungl\u00fcck bestehen, wie es niemals zu sehen war.<br \/>\nDenke nicht, dies ist der Wille Gottes. Es ist die Konsequenz davon, wie die Menschheit in diesem Paradies gelebt hat, das sich nun wandelt in eine h\u00f6llische Umwelt. Schritt f\u00fcr Schritt, Tag f\u00fcr Tag verschlingt die Menschheit die Welt so schnell wie m\u00f6glich, ohne Gedanken an die Zukunft, verunreinigt die Luft, das Wasser und die Erde, ohne Gedanken an die Zukunft, gierig wie die Heuschrecken auf dem Land.<\/p>\n<p>Das ist Unwissenheit. Das ist Torheit. Du kannst verstehen, was wir hier sagen. Du kannst nicht nur f\u00fcr den Augenblick leben. Du musst dich in allen Dingen auf die Zukunft vorbereiten. Du kannst verstehen, was wir hier sagen.<\/p>\n<p>Der Wille des Himmels ist es, dass die Weltreligionen an der Wiederherstellung der Menschheit teilnehmen, gem\u00e4\u00df den Bed\u00fcrfnissen der Menschen, nicht nur gem\u00e4\u00df ihren Philosophien oder Weltanschauungen. Jeder muss einspringen, um dieses Schiff zu retten, auf dem wir alle leben, da das Schiff nun Wasser aufnimmt und sich zu einer Seite neigt.<\/p>\n<p>Dies ist der Zweck aller Weltreligionen \u2013 die Menschen n\u00e4hren, f\u00fcr die Menschen sorgen, den Menschen vergeben, die Menschen vereinigen. Da kann es keine Gewalt oder Streit zwischen den Weltreligionen geben, wenn sie korrekt verstanden werden. Diese Taten sind ein Verbrechen gegen Gott und Gottes Willen und Absichten f\u00fcr die Erde, f\u00fcr dich und f\u00fcr alle Menschen.<\/p>\n<p>Die Menschheit muss  sich zusammenschlie\u00dfen, um sich vor den Gro\u00dfen Wellen des Wandels zu sch\u00fctzen, die sie geschaffen hat und um sie auf ihren Kontakt vorzubereiten, ihren gef\u00e4hrlichen Kontakt mit intelligentem Leben von jenseits der Welt.<\/p>\n<p>Du wirst diese Betonung nicht in den Weltreligionen finden, bis du sehr tief forscht. Du wirst dies nicht sehen, wenn du nur f\u00fcr den Augenblick lebst oder Augen f\u00fcr die Vergangenheit hast. Religion muss heute und morgen unerl\u00e4sslich sein und muss sich vorbereiten auf das Wohlergehen der Menschheit, in dem Verst\u00e4ndnis, dass Gott all die Weltreligionen erschaffen hat und dass sie alle durch den Menschen ver\u00e4ndert worden sind.<\/p>\n<p>Nun m\u00fcssen sie zur\u00fcckkehren zu ihrer Quelle und der initialen Absicht, die sie schuf und der Absicht, die von ihnen nun erfordert, sich zu verbinden im Dienst am Wohlergehen der V\u00f6lker der Welt, nicht nur f\u00fcr ihre Anh\u00e4nger, sondern f\u00fcr alle V\u00f6lker. Dadurch werden sie wahre Diener der menschlichen Familie. Dadurch kehren sie zu ihrem initialen Zweck zur\u00fcck \u2013 dem Zweck, zu dem sie gegeben wurden.<\/p>\n<p>Nur Gottes Neue Offenbarung f\u00fcr die Welt hat die Macht des Himmels, dies zu tun (dies m\u00f6glich zu machen). Du magst denken, so etwas ist nicht m\u00f6glich, wenn man bedenkt, wie sich Menschen zusammenschlie\u00dfen  und wie sie denken und sich verhalten. Aber wir reden hier vom Willen des Himmels, der den Kurs der menschlichen Bestimmung \u00e4ndern kann, wenn er empfangen werden kann, wenn er von gen\u00fcgend Menschen in der Welt akzeptiert werden kann.<\/p>\n<p>Viele werden dagegen k\u00e4mpfen, nat\u00fcrlich, weil dies immer zu Zeiten der Offenbarung geschehen ist. Es h\u00e4ngt alles davon ab, wer nun den Willen Gottes akzeptieren kann, stehend an der Schwelle einer Neuen Welt, stehend an der Schwelle,  an der die Menschheit wird w\u00e4hlen m\u00fcssen, sich zu vereinen und zu erhalten oder niederzugehen in endloses Chaos und in die Selbstzerst\u00f6rung.<\/p>\n<p>M\u00f6gest du mit deinem Herzen zuh\u00f6ren. M\u00f6gest du deinen Verstand f\u00fcr die Offenbarung \u00f6ffnen. M\u00f6gest du akzeptieren, dass du f\u00fcr diesen Zweck hierher gesandt wurdest, um in diesen Zeiten zu leben, der Welt unter diesen Umst\u00e4nden zu dienen und dich selbst und andere vorzubereiten auf die gro\u00dfe Ver\u00e4nderung, die kommt.<\/p>\n<p>Dies ist der Wille des Himmels, und in dir, tief unter der Oberfl\u00e4che deines Verstandes, wirst du wissen, dass dies wahr ist.<\/p>\n","protected":false},"excerpt":{"rendered":"<p>Heute werden Wir \u00fcber Gottes Neue Offenbarung und die Weltreligionen sprechen. Zuerst musst du verstehen, dass Gott all die gro\u00dfen Religionen der Welt initiiert hat und in jedem Fall einen Boten vom Engelsrat gesandt hat, um diese Traditionen zu Beginn zu initiieren. All die gro\u00dfen Boten sind vom Engelsrat gekommen, sodass sie wesenhaft vereinigt sind.\u2026 <a class=\"read-more\" href=\"https:\/\/www.v6.newmessage.org\/de\/about-recording-shortcode\/\"><span>Read More<\/span><\/a><\/p>\n","protected":false},"author":8,"featured_media":0,"parent":16492,"menu_order":0,"comment_status":"closed","ping_status":"closed","template":"template-leftsidebar.php","meta":{"_monsterinsights_skip_tracking":false,"_monsterinsights_sitenote_active":false,"_monsterinsights_sitenote_note":"","_monsterinsights_sitenote_category":0,"footnotes":""},"categories":[76,118,30,466,460],"tags":[745,1021,1020,746],"_links":{"self":[{"href":"https:\/\/www.v6.newmessage.org\/de\/wp-json\/wp\/v2\/pages\/28227"}],"collection":[{"href":"https:\/\/www.v6.newmessage.org\/de\/wp-json\/wp\/v2\/pages"}],"about":[{"href":"https:\/\/www.v6.newmessage.org\/de\/wp-json\/wp\/v2\/types\/page"}],"author":[{"embeddable":true,"href":"https:\/\/www.v6.newmessage.org\/de\/wp-json\/wp\/v2\/users\/8"}],"replies":[{"embeddable":true,"href":"https:\/\/www.v6.newmessage.org\/de\/wp-json\/wp\/v2\/comments?post=28227"}],"version-history":[{"count":3,"href":"https:\/\/www.v6.newmessage.org\/de\/wp-json\/wp\/v2\/pages\/28227\/revisions"}],"predecessor-version":[{"id":28394,"href":"https:\/\/www.v6.newmessage.org\/de\/wp-json\/wp\/v2\/pages\/28227\/revisions\/28394"}],"up":[{"embeddable":true,"href":"https:\/\/www.v6.newmessage.org\/de\/wp-json\/wp\/v2\/pages\/16492"}],"wp:attachment":[{"href":"https:\/\/www.v6.newmessage.org\/de\/wp-json\/wp\/v2\/media?parent=28227"}],"wp:term":[{"taxonomy":"category","embeddable":true,"href":"https:\/\/www.v6.newmessage.org\/de\/wp-json\/wp\/v2\/categories?post=28227"},{"taxonomy":"post_tag","embeddable":true,"href":"https:\/\/www.v6.newmessage.org\/de\/wp-json\/wp\/v2\/tags?post=28227"}],"curies":[{"name":"wp","href":"https:\/\/api.w.org\/{rel}","templated":true}]}}