{"id":28106,"date":"2017-06-24T23:53:05","date_gmt":"2017-06-24T23:53:05","guid":{"rendered":"http:\/\/www.newmessage.org\/de\/?page_id=28106"},"modified":"2021-05-14T23:26:33","modified_gmt":"2021-05-14T23:26:33","slug":"die-grosere-religion","status":"publish","type":"page","link":"https:\/\/www.v6.newmessage.org\/de\/die-botschaft\/band-5\/weisheit-aus-der-groseren-gemeinschaft-band-1\/die-grosere-religion\/","title":{"rendered":"Die Gr\u00f6\u00dfere Religion"},"content":{"rendered":"<div><!-- 4.0 --><\/div>\n\n<div class=\"tabgroup \"><ul class=\"tabs\"><li><a href=\"#tabs-1\">\u00dcber<\/a><\/li>\n<li><a href=\"#tabs-2\"> Anmerkung<\/a><\/li><\/ul>\n <div id=\"tabs-1\"><\/p>\n<p class=\"revelation_details\"><em>Wie offenbart<br \/>\nMarshall Vian Summers<br \/>\nam 6. Juni 1986 &#8211;<br \/>\nin USA<\/em><\/p>\n<div class=\"toggle toggle-white\"><h4 class=\"trigger \"><span class=\"t_ico\"><\/span><a href=\"#\">\u00dcber diesen Text<\/a><\/h4><div class=\"toggle_container \"><br \/>\n<p>Was du in diesem Text liest, ist die Transkription der Originalstimme des <a href=\"https:\/\/www.newmessage.org\/de\/wichtige-begriffe#aa\">Engelsrates<\/a>, wie sie \u00fcber den <a href=\"http:\/\/www.neuebotschaft.org\/der-bote\/\">Boten Marshall Vian Summers<\/a> sprach.<\/p>\n<p>Hierbei wird die originale Kommunikation von Gott, die jenseits von Worten existiert, vom <a href=\"https:\/\/www.newmessage.org\/de\/wichtige-begriffe#aa\">Engelsrat<\/a>, der \u00fcber die Welt wacht, in menschliche Sprache und menschliches Verst\u00e4ndnis \u00fcbersetzt. Der Rat bringt dann Gottes Botschaft \u00fcber den Boten dar, woraufhin sie transkribiert und euch und allen Menschen verf\u00fcgbar gemacht wird.<\/p>\n<p>In diesem bemerkenswerten Prozess spricht die <a href=\"https:\/\/www.newmessage.org\/de\/wichtige-begriffe#voice\">Stimme der Offenbarung<\/a> erneut. Das Wort und der Klang sind in der Welt. M\u00f6gest du der Empf\u00e4nger dieses Geschenks der Offenbarung sein und m\u00f6gest du offen sein, ihre einmalige Botschaft f\u00fcr dich und f\u00fcr dein Leben zu empfangen.<\/p>\n<br \/>\n<\/div><\/div>\n<p><\/div>\n<div id=\"tabs-2\"><br \/>\n<em> Anmerkung an den Leser:<br \/>\nDiese \u00dcbersetzung wurde der Society von einem Sch\u00fcler der Neuen Botschaft verf\u00fcgbar gemacht, der den englischen Originaltext als Freiwilliger \u00fcbersetzt hat. Wir stellen diese \u00dcbersetzung in dieser fr\u00fchen Form zur Verf\u00fcgung, damit jeder Gelegenheit hat, sich mit einem Teil der Neuen Botschaft in seiner eigenen Sprache zu befassen.<\/em><br \/>\n<\/div>\n\t\t\t\t<div align=\"right\">\n\t\t\t<div class=\"fb-like\" data-href=\"\" data-layout=\"button_count\" data-action=\"like\" data-show-faces=\"false\" data-share=\"false\"><\/div>\n\t\t\t<div class=\"fb-share-button\" data-layout=\"button_count\"> <\/div>\n\t\t\t<div class=\"fb_iframe_widget\"><a href=\"https:\/\/twitter.com\/godsnewmessage?ref_src=twsrc%5Etfw\" class=\"twitter-follow-button\" data-show-count=\"false\">Follow @godsnewmessage<\/a><script async src=\"https:\/\/platform.twitter.com\/widgets.js\" charset=\"utf-8\"><\/script><\/div>\n\t\t\t<\/div> <\/div> \n\n<p>Zun\u00e4chst werden Wir von der Gr\u00f6\u00dferen Religion sprechen, einer Angelegenheit von gro\u00dfer Bedeutung. Die Entwicklung von Kenntnis ist ein gr\u00f6\u00dferes Thema in dieser Lehre. Kenntnis, Beziehungen und Kommunikation durchdringen die ganze wahre Aktivit\u00e4t, die wahre Entwicklung und den wahren Fortschritt. Sie rufen deine spirituelle Natur und Bestimmung hervor. Sie appellieren an deine Beziehung zu Gott, obwohl es ebenso viele praktische Aspekte des Lebens gibt, auf die sie st\u00e4ndig angewendet werden m\u00fcssen.<br \/>\nDa du zu einem Zweck hierher gesandt wurdest und nicht nur zu deiner eigenen Entwicklung, ist dein Beitrag in der Welt ein prim\u00e4rer Faktor. Wenn du empf\u00e4ngst, musst du geben, und dies setzt sich in der Welt und jenseits fort. Dieses Verfahren herrscht in allen Welten, nicht nur in dieser. Daher muss der Plan Gottes die Bed\u00fcrfnisse vieler verschiedener Arten von Wesen in vielen verschiedenen Arten von Umgebungen ber\u00fccksichtigen. Wie bezieht sich die Gr\u00f6\u00dfere Religion auf dich, der du um menschliche Angelegenheiten und diese eine Welt besorgt bist? Sie ist unmittelbar relevant und zwar aus drei Gr\u00fcnden.<br \/>\nErstens bist du nicht v\u00f6llig menschlich. Du hast deine gr\u00f6\u00dferen Entwicklungen nicht nur in dieser Welt durchlaufen. Was du an Kenntnis angesammelt hast, ergibt sich nicht nur aus deiner menschlichen Existenz, sondern auch aus deiner nicht-menschlichen Existenz. Daher ist die R\u00fcckgewinnung von Kenntnis die R\u00fcckgewinnung dieser vitalen Erinnerungen. Es sind nicht Erinnerungen an pers\u00f6nliche Traumata oder geschichtliche Ereignisse. Es sind Erinnerungen an Beziehungen, die in Wahrheit geschlossen worden sind. Wenn du also r\u00fcckgewinnen willst, was deine Kenntnis eigentlich ist, dann musst du bereit sein, diesen Aspekt von dir zu erfahren oder du wirst nie in der Lage sein, das, was du erf\u00e4hrst, in dein menschliches Leben zu integrieren. Sonst wird dich deine R\u00fcckgewinnung der Kenntnis zunehmend entfremden. Du wirst dich zunehmend fremd in der Welt f\u00fchlen, und dies ist nicht Unser Zweck.<br \/>\nDaher musst du deine Menschlichkeit akzeptieren, und du musst ebenso deine Stelle in der gr\u00f6\u00dferen Ordnung akzeptieren. Nur so kannst du dich hier vollst\u00e4ndig integrieren, indem du dieser Welt in ihren eigenen Bed\u00fcrfnissen dienst und doch eine gr\u00f6\u00dfere Perspektive aufrechterh\u00e4ltst, die hier fehlt.<br \/>\nDer zweite Grund, dass die Gr\u00f6\u00dfere Religion f\u00fcr dich relevant ist, ist, dass eure Welt sich in die Gr\u00f6\u00dfere Gemeinschaft der Welten erhebt. Dies ist der gro\u00dfe \u00dcbergang. Es ist solch ein gro\u00dfer \u00dcbergang, dass du dir seine Konsequenzen oder wie sehr er euer Denken und eure weltlichen Aktivit\u00e4ten beeinflusst, nicht vorstellen kannst.<br \/>\nDer dritte Grund ist, dass du eine gr\u00f6\u00dfere Perspektive ben\u00f6tigst, um das Werk Gottes zu verstehen. Gott ist nicht menschlich. Gott denkt nicht wie ein Mensch. Gott ist nicht nach deinem Bild gemacht. Gott hat kein Bild. Die Quelle allen Lebens bezieht sich auf alles Leben. Denke nicht, dass sich Gott um dein Leben unter Ausschluss anderen Lebens k\u00fcmmert. Um zu beginnen, der Weisheit Gottes n\u00e4her zu kommen, welche die Kenntnis Gottes ist, bei der du eine kleine, aber wichtige Rolle spielst, musst du beginnen, eine gr\u00f6\u00dfere Perspektive des Lebens selbst zu haben.<br \/>\nDie Entwicklung der Menschheit ist nur ein Aspekt des Lebens selbst. Du kannst nicht das Ganze nur von einem Aspekt her kennen. Menschliches Leben spiegelt nicht alles Leben wider, und doch ist die Reflexion allen Lebens in dir. Daher muss die Religion, welche in Wahrheit die Erfahrung der Pr\u00e4senz Gottes und deiner Beziehung zu Gott ist, die gr\u00f6\u00dferen Aspekte des Lebens ber\u00fccksichtigen.<br \/>\nDies ist ebenso wichtig, denn um wirklich menschlich zu sein, musst du diese Perspektive haben. Du kannst nicht diese Perspektive haben, wenn Mensch sein alles ist, was du bist. Mensch zu sein ist in vieler Hinsicht sehr widerspr\u00fcchlich. Es ist ein sehr ichbezogener und heranwachsender Zustand. Wenn du die Natur jener verstehen und sch\u00e4tzen willst, die Gott gesandt hat, dir zu helfen, dann wirst du mit der Zeit beginnen, ihre Perspektive zu teilen und sehen, was Entwicklung auf einer gr\u00f6\u00dferen Skala bedeutet. Dann wirst du deine Pflichten zu verstehen beginnen und wissen, was Wachstum hier auf der Erde bedeutet.<br \/>\nMenschen haben sich so oft ultimative Ziele f\u00fcr ihr spirituelles Wachstum gesetzt und haben versucht, danach zu leben. Das ist sehr vermessen und sch\u00e4digend, denn Versagen ist unvermeidlich. Es ist nicht Gottes Plan, dass du versagst, indem du \u00fcber deine wahren Ziele im Leben hinausschie\u00dft.<br \/>\nViele von euch haben einen Wunsch nach Vereinigung mit dem G\u00f6ttlichen gef\u00fchlt sowie einen Wunsch, einem H\u00f6heren Zweck zu dienen. Dies ist nat\u00fcrlich lobenswert, doch wenn ihr einem H\u00f6heren Zweck dienen und eine gr\u00f6\u00dfere Quelle erfahren wollt, dann m\u00fcsst ihr lernen, was dies bedeutet. Ihr k\u00f6nnt nicht den Weg definieren.<br \/>\nDie Menschen suchen nach Perfektion, da sie vom Fehler \u00fcberzeugt sind, aber sie kennen Perfektion nicht. Ihr k\u00f6nnt Perfektion nicht vom Fehler unterscheiden. Ihr k\u00f6nnt nur den Fehler kennen. Perfektion l\u00f6scht Fehler nicht aus. Sie bedeutet Weisheit, Mitgef\u00fchl, F\u00e4higkeit und Liebe. Das Ausmerzen von Fehlern erzeugt keine Perfektion. Wenn ihr die Entwicklung auf einer gr\u00f6\u00dferen Skala sehen k\u00f6nntet, w\u00fcrdet ihr die Erwartungen von euch selbst ganz gewiss anpassen.<br \/>\nWenn sie dieses Leben verlassen, finden sich jene wenigen Individuen, die anscheinende Perfektion erreicht haben, an einem Neubeginn. Doch brauchen sie nicht l\u00e4nger hier bleiben. Stattdessen gehen sie \u00fcber ihr Menschsein hinaus, sie m\u00fcssen nun auf die Identit\u00e4ten des Universums sto\u00dfen. Hierf\u00fcr werden sie gro\u00dfe Unterst\u00fctzung ben\u00f6tigen.<br \/>\nIhre Bestimmung und ihr Weg ist nicht eure Angelegenheit. Eure Angelegenheit ist euer unmittelbares Leben, Entscheidungen zu treffen und darauf zu reagieren, eure F\u00e4higkeit der Urteilskraft und euer Sinn f\u00fcr Zweck und Identit\u00e4t.<br \/>\nDie Menschen fragen oft, \u201cWarum brauche ich Innere Lehrer?\u201d Die Antwort ist sehr einfach. Weil ihr gar nichts wisst. Ja, ihr glaubt, ihr wisst viele, viele Dinge, aber eure Kenntnis ist nur ein kleines Licht. Ihr glaubt, dass ihr durch die Perfektionierung eurer Pers\u00f6nlichkeit oder eures K\u00f6rpers gro\u00dfe H\u00f6hen erreichen werdet, jedoch Wir versichern euch, dass ihr gro\u00dfe Frustration erreichen werdet. Eine perfekte Pers\u00f6nlichkeit kann nicht mehr Kenntnis haben als eine nicht perfekte. In der Tat waren eure gro\u00dfen Lehrer in der Welt sehr ber\u00fcchtigte\u2014nicht perfekte Pers\u00f6nlichkeiten. Das ist nicht die Betonung, obwohl es nat\u00fcrlich Anpassungen in eurem Verhalten und Denken geben muss.<br \/>\nDie Perfektionierung eures Verhaltens, um eure Standards zu erf\u00fcllen, ist nicht der Weg der Kenntnis. Kenntnis sind keine Vorstellungen. Sie ist Erfahrung. Sie ist Beziehung. Sie ist Gott. Gott ist Beziehung. Gott ist Anziehungskraft zwischen gleich und gleich, zwischen demselben und demselben. Das ist Gott in einer praktischen Definition.<br \/>\nDaher haben wir hier die Vorstellung der Gr\u00f6\u00dferen Religion. Warum ist sie gr\u00f6\u00dfer? Gr\u00f6\u00dfer bedeutet nicht besser. Sie ist nur gr\u00f6\u00dfer, weil sie sich auf eine gr\u00f6\u00dfere Realit\u00e4t bezieht. Ihr m\u00fcsst die Evolution des Lebens verstehen, nicht nur die Evolution der Menschen. Ihr k\u00f6nnt das vom Verstand her nicht verstehen, denn es ist zu weit gefasst und zu einschlie\u00dflich, aber ihr k\u00f6nnt es erfahren, und ihr k\u00f6nnt wissen, was es in eurem allt\u00e4glichen Leben bedeutet.<br \/>\nMenschliche Wesen wurden nicht hierher gesandt, um eine ultimative Realit\u00e4t zu erreichen. Das ist nicht euer Zweck. Euer Zweck, hier zu sein, ist, euer Dasein hier zu vollenden. Glaubt ihr, dass ihr von der Erde in den Himmel kommt und alle Schritte dazwischen auslasst? Hoffentlich werdet ihr, wenn euer Fortschritt echt ist, eure F\u00e4higkeit erweitern und eine gr\u00f6\u00dfere Lebenserfahrung umfassen, so viel gr\u00f6\u00dfer, dass das Menschsein zu eingrenzend w\u00e4re. Warum? Weil ihr in zu vielen Beziehungen st\u00fcndet.<br \/>\nEure Welt ist im Begriff, aus ihrer Faszination an sich herauszuwachsen, ein notwendiges Stadium der Reifung. Daher ist eine gr\u00f6\u00dfere Erfahrung der Religion, oder sollen Wir sagen, einer Religion vieler Welten, angemessen. Sie ist nicht nur f\u00fcr eine gr\u00f6\u00dfere Perspektive angemessen; sie ist ebenso angemessen, um jene Wesen zu verstehen, die ihr aus der Gr\u00f6\u00dferen Gemeinschaft treffen werdet. Sie denken nicht unbedingt wie ihr. Nicht alle von ihnen sind freundlich. Ihr seid so fremd f\u00fcr sie, wie sie f\u00fcr euch. Ihr m\u00fcsst sie mit Kenntnis sehen. Das ist die Perspektive.<br \/>\nWir sagten vorher, dass die Menschen Innere Lehrer brauchen, weil sie nichts wissen. Einige Menschen brauchen Innere Lehrer, aber w\u00fcrden niemals zulassen, dass ihre Anwesenheit bekannt wird. F\u00fcr andere w\u00e4re es am besten, wenn ihre Lehrer niemals bekannt w\u00e4ren. Doch alle haben Innere Lehrer. Ihr k\u00f6nnt kaum genug Energie erzeugen, um durch das Leben zu kommen, ganz zu schweigen davon, dass ihr darin erh\u00f6ht werdet. Ihr braucht Unterst\u00fctzung. Diese Tatsache zu akzeptieren ist so wichtig und wird euch solch ein Gef\u00fchl von Unterst\u00fctzung, Gnade und Wertsch\u00e4tzung geben. Es bedeutet auch, dass ihr einen Zweck habt, der wichtig ist und dass ihr nicht alles wisst.<br \/>\nEs stimmt, dass Kenntnis durch Erfahrung erlangt werden muss. Eine intellektuelle Besch\u00e4ftigung ist es nicht. Euer Intellekt wurde nicht dazu geschaffen, das Universum zu verstehen. Er wurde geschaffen, die Einzelheiten eures physischen Lebens auszuhandeln, worin er ziemlich ausgekl\u00fcgelt geworden ist. Jedoch kann er nicht w\u00fcrdigen, was gef\u00fchlt wird und was gewusst wird. Daher verwende diese intellektuelle F\u00e4higkeit nicht unangemessen. Sie hat ihre wahre Anwendung und eine n\u00fctzliche dazu. Jedoch m\u00fcsst ihr einen anderen Ansatz suchen.<br \/>\nUnsere Arbeit ist daher religi\u00f6ser Natur, weil es dabei um Gott geht. Es geht um ein gr\u00f6\u00dferes Leben. In dieser Welt kommt ihr nicht an das gr\u00f6\u00dfte Leben heran, ihr kommt nur an ein gr\u00f6\u00dferes Leben heran. Ihr m\u00fcsst die Entwicklungsstufen durchlaufen. Ihr k\u00f6nnt nicht alle auslassen. Das k\u00f6nnt ihr nicht.<br \/>\nWenn ihr dies nicht begreifen k\u00f6nnt, dann werdet ihr nicht in der Lage sein zu erkennen, was getan werden muss, was getan werden kann und was nicht getan werden kann. Ihr werdet euer wahres Engagement und eure wahren Anforderungen sehen, ohne unm\u00f6gliche Lasten auf eure Schultern zu nehmen. Dies ist sehr wichtig. Mit unm\u00f6glichen Lasten werdet ihr nicht erkennen, was wesentlich ist und was Versagen hervorrufen wird, was euer Leid verschlimmern wird. Wir erwarten kein perfektes Verhalten. Aber Wir k\u00f6nnen euch nicht sehr wirksam helfen, wenn ihr auf absolut l\u00e4cherlichen Leistungen von euch selbst besteht. Es gibt gr\u00f6\u00dfere Wesen als euch, um das Universum zu managen.<br \/>\nDaher werden die f\u00fcr dich kommenden Arbeiten darum gehen, Gottes Werk innerhalb der vorhandenen religi\u00f6sen Traditionen sowohl hier als auch im Gr\u00f6\u00dferen Universum zu erfahren. Warum ist das so wichtig? Es ist nicht nur faszinierend f\u00fcr den Verstand. Es ist wichtig, weil es den Kontakt mit deiner Spirituellen Familie, sowohl hier als auch in der Gr\u00f6\u00dferen Gemeinschaft stimuliert. Es regeneriert uralte Erinnerungen, die so wesentlich f\u00fcr deine Erfahrungen des Fortbestands, der Ganzheit und des Einschlusses im Leben sind.<br \/>\nDie Menschen suchen stets ihre Spirituelle Familie. Sie suchen sie in pers\u00f6nlichen Beziehungen. Sie suchen sie in politischen und in religi\u00f6sen Anliegen. Sie suchen sie im Frieden und sie suchen sie im Krieg. Sie wissen nicht, was sie suchen, aber allein zu sein in dieser Welt ist eine schreckliche Bestimmung.<br \/>\nDoch du bist nicht allein. Bevor du in diese Welt kamst, warst du nicht allein, und jene, die damals mit dir waren, sind jetzt mit dir. Diese Erinnerung wiederzuerlangen bedeutet, das Bewusstsein des Lebens in der sichtbaren Welt und im Leben jenseits wiederzuerlangen. Dann beginnen die Barrieren der Illusion wegzufallen. Dann k\u00f6nnt ihr beginnen, die spirituelle Pr\u00e4senz zu verstehen als sie nur zu f\u00fchlen. Dann wird eure Wahrnehmung verfeinert. Wenn ihr nicht in dieser Welt w\u00e4ret, dann w\u00e4re es so viel leichter, die richtigen Entscheidungen zu treffen. Aber du bist hier als nat\u00fcrlicher Einwohner dieser Welt in einem physischen K\u00f6rper, aber die M\u00f6glichkeit wahrer Wahrnehmung besteht noch.<br \/>\nIn Vorbereitung auf die kommenden Ereignisse in den n\u00e4chsten hundertf\u00fcnfzig Jahren und in Vorbereitung auf die kommenden Religionen in den n\u00e4chsten ein- bis dreitausend Jahren werden die Praktiken der Gr\u00f6\u00dferen Gemeinschaft zu eurer eigenen Entwicklung mit euch geteilt. Sie werden nicht nur durch intellektuelle Spekulation erzeugt. Sie sind Ausl\u00f6ser f\u00fcr euch, Kenntnis, spirituelle Pr\u00e4senz und Kontakt zu erfahren. Diese Praktiken sind uralt. Ihr Zweck ist es, euch zu erm\u00f6glichen, eure uralten Erinnerungen wiederzuerlangen und das Bewusstsein eurer wahren Freunde hier in dieser Welt und eurer wahren Freunde an anderer Stelle wiederzuerlangen. Dem wird ein viel gr\u00f6\u00dferer Sinn f\u00fcr Zweck entspringen, und das ist der Grund, weshalb diese Praktiken geteilt werden.<br \/>\nDies ist religi\u00f6se Erfahrung. Religi\u00f6se Erfahrung entwickelt sich und erfordert einen wachsenden Blickwinkel. Wenn man die Geschichte eurer Religionen und die bekannte Geschichte betrachtet, so kurz sie auch sein mag, dann sieht man eine Entwicklung. Man beginnt eine klare Expansion, und so setzt es sich fort.<br \/>\nDer Zweck davon ist Kenntnis. Es gibt niemand, den man zum Idol macht. Es gibt keine Helden hier. Wir bleiben unsichtbar. Ihr k\u00f6nnt Uns nicht verehren. Im Laufe der Zeit werdet ihr verstehen, warum das weise ist und warum es so wichtig f\u00fcr uns ist, um effektiv zu sein. Sogar die Gro\u00dfen in Eurer Welt, die so weit gegangen sind und die ihre Kenntnis beigetragen haben, haben nicht versucht, Idole der Verehrung zu werden. Es ist ihre Kenntnis, die vernachl\u00e4ssigt worden ist. Die Menschen haben Angst vor Kenntnis, doch Kenntnis ist der Zweck.<br \/>\nWenn du dich nach Kenntnis sehnst, suche sie. Du kannst sie nicht definieren. Du kannst das Ergebnis nicht vorhersagen. Du suchst sie, denn es ist nat\u00fcrlich f\u00fcr dich, dies zu tun. Denn deine Kenntnis enth\u00e4lt die Erinnerung an deinen Sch\u00f6pfer, an deine Hilfe und an deine Bedeutung in dieser Welt.<\/p>\n","protected":false},"excerpt":{"rendered":"<p>Zun\u00e4chst werden Wir von der Gr\u00f6\u00dferen Religion sprechen, einer Angelegenheit von gro\u00dfer Bedeutung. Die Entwicklung von Kenntnis ist ein gr\u00f6\u00dferes Thema in dieser Lehre. Kenntnis, Beziehungen und Kommunikation durchdringen die ganze wahre Aktivit\u00e4t, die wahre Entwicklung und den wahren Fortschritt. Sie rufen deine spirituelle Natur und Bestimmung hervor. Sie appellieren an deine Beziehung zu Gott,\u2026 <a class=\"read-more\" href=\"https:\/\/www.v6.newmessage.org\/de\/about-text-shortcode\/\"><span>Read More<\/span><\/a><\/p>\n","protected":false},"author":8,"featured_media":0,"parent":27930,"menu_order":0,"comment_status":"closed","ping_status":"closed","template":"template-leftsidebar.php","meta":{"_monsterinsights_skip_tracking":false,"_monsterinsights_sitenote_active":false,"_monsterinsights_sitenote_note":"","_monsterinsights_sitenote_category":0,"footnotes":""},"categories":[76,498,485,483],"tags":[1001,1014,1015,1000,1006,1005],"_links":{"self":[{"href":"https:\/\/www.v6.newmessage.org\/de\/wp-json\/wp\/v2\/pages\/28106"}],"collection":[{"href":"https:\/\/www.v6.newmessage.org\/de\/wp-json\/wp\/v2\/pages"}],"about":[{"href":"https:\/\/www.v6.newmessage.org\/de\/wp-json\/wp\/v2\/types\/page"}],"author":[{"embeddable":true,"href":"https:\/\/www.v6.newmessage.org\/de\/wp-json\/wp\/v2\/users\/8"}],"replies":[{"embeddable":true,"href":"https:\/\/www.v6.newmessage.org\/de\/wp-json\/wp\/v2\/comments?post=28106"}],"version-history":[{"count":6,"href":"https:\/\/www.v6.newmessage.org\/de\/wp-json\/wp\/v2\/pages\/28106\/revisions"}],"predecessor-version":[{"id":29240,"href":"https:\/\/www.v6.newmessage.org\/de\/wp-json\/wp\/v2\/pages\/28106\/revisions\/29240"}],"up":[{"embeddable":true,"href":"https:\/\/www.v6.newmessage.org\/de\/wp-json\/wp\/v2\/pages\/27930"}],"wp:attachment":[{"href":"https:\/\/www.v6.newmessage.org\/de\/wp-json\/wp\/v2\/media?parent=28106"}],"wp:term":[{"taxonomy":"category","embeddable":true,"href":"https:\/\/www.v6.newmessage.org\/de\/wp-json\/wp\/v2\/categories?post=28106"},{"taxonomy":"post_tag","embeddable":true,"href":"https:\/\/www.v6.newmessage.org\/de\/wp-json\/wp\/v2\/tags?post=28106"}],"curies":[{"name":"wp","href":"https:\/\/api.w.org\/{rel}","templated":true}]}}