{"id":27939,"date":"2017-06-12T04:02:44","date_gmt":"2017-06-12T04:02:44","guid":{"rendered":"http:\/\/www.newmessage.org\/german-international\/?page_id=27939"},"modified":"2017-06-24T02:14:13","modified_gmt":"2017-06-24T02:14:13","slug":"die-ersten-schritte","status":"publish","type":"page","link":"https:\/\/www.v6.newmessage.org\/de\/die-botschaft\/die-ersten-schritte\/","title":{"rendered":"Die ersten Schritte"},"content":{"rendered":"<div id=\"attachment_21980\" style=\"width: 260px\" class=\"wp-caption alignright\"><a href=\"\/\/www.newmessage.org\/wp-content\/uploads\/2015\/08\/Volume-1-CD-Cover1.jpg\"><img loading=\"lazy\" decoding=\"async\" aria-describedby=\"caption-attachment-21980\" class=\"imgborder \" src=\"\/\/www.newmessage.org\/wp-content\/uploads\/2015\/08\/Volume-1-CD-Cover1-172x300.jpg\" alt=\"\" width=\"250\" height=\"435\" \/><\/a><p id=\"caption-attachment-21980\" class=\"wp-caption-text\">Die Neue Botschaft von Gott<\/p><\/div>\n<p><em>Die Neue Botschaft von Gott<\/em> ist die gr\u00f6\u00dfte Offenbarung, die jemals der Welt gegeben wurde und umfasst 9000 Textseiten. die \u00fcber einen Zeitraum von 44 Jahren offenbart wurden. Wie beginnt man, eine so gro\u00dfe Offenbarung zu lesen, zu erlernen und zu praktizieren? Womit beginnt man?<br \/>\nW\u00e4hrend es dir freisteht, an beliebiger Stelle zu beginnen, bietet die <a href=\"https:\/\/www.newmessage.org\/de\/weltweite-gemeinschaft\/gesellschaft\/\">Society<\/a> eine Anleitung f\u00fcr die Sch\u00fcler, die sich auf die Weisheit und den direkten Zugang des <a href=\"https:\/\/www.newmessage.org\/de\/der-bote\/wer-ist-marshall-vian-summers\/\">Boten<\/a> st\u00fctzt. Ber\u00fccksichtige die unten stehenden Vorschl\u00e4ge, wenn du dir deinen einmaligen und individuellen Weg durch diesen gro\u00dfen Reichtum an Lehren und Offenbarungen bahnst.<br \/>\nWenn du dich jedoch in die Bibliothek der <a href=\"https:\/\/www.newmessage.org\/de\/die-botschaft\/\">Neuen Botschaft<\/a>, begibst, dann wisse, dass du am Anfang einer neuen Reise im Leben stehst. Diese Reise hat die Macht, die <a href=\"https:\/\/www.newmessage.org\/de\/wichtige-begriffe#knowledge\">Kenntnis<\/a> zu erwecken, die spirituelle Intelligenz in dir; deine wahre Richtung im Leben zu enth\u00fcllen; dein Bewusstsein jener gr\u00f6\u00dferen Kr\u00e4fte zu erweitern, die unsere Welt formen und dir den h\u00f6heren Zweck in Erinnerung rufen, zu dem du gekommen bist.<br \/>\nVon hier aus f\u00fchrt dein Weg immer aufw\u00e4rts und bringt dich zu neuen Aussichtspunkten in deinem Leben, bringt dich n\u00e4her an die <a href=\"\/\/www.newmessage.org\/de\/wichtige-begriffe#knowledge\">Kenntnis<\/a> in dir und letzlich zu Gott, \u00fcber die Neue Botschaft von Gott f\u00fcr die Welt. <\/p>\n<h3>Empfohlene Leseanleitung der Society und des Boten<\/h3>\n<ol>\n<ol>\n<ol>\n<li>Lese und h\u00f6re auf die Stimme der Offenbarung der Neuen Botschaft, die die folgenden Offenbarungen \u00fcberbringt.<br \/>\n<a href=\"https:\/\/www.newmessage.org\/de\/die-botschaft\/band-1\/das-neue-leben\/das-geschenk-eines-neuen-lebens\/\">Das Geschenk eines Neuen Lebens<\/a><br \/>\nDie Freiheitsreise<a href=\"https:\/\/www.newmessage.org\/de\/die-botschaft\/weitere-offenbarungen\/die-freiheitsreise\/\"><\/a><br \/>\n<a href=\"https:\/\/www.newmessage.org\/de\/die-botschaft\/band-1\/gott-hat-erneut-gesprochen\/der-segen\/\">Der Segen<\/a><br \/>\n<a href=\"https:\/\/www.newmessage.org\/de\/die-botschaft\/band-1\/gott-hat-erneut-gesprochen\/die-einfuhrung\/\">Die Einf\u00fchrung<\/a><br \/>\n<a href=\"https:\/\/www.newmessage.org\/de\/die-botschaft\/band-1\/gott-hat-erneut-gesprochen\/die-verkundigung\/\">Die Verk\u00fcndigung<\/a><br \/>\n<a href=\"https:\/\/www.newmessage.org\/de\/die-botschaft\/band-1\/gott-hat-erneut-gesprochen\/leben-in-einer-zeit-der-offenbarung\/\">Leben in einer Zeit der Offenbarung<\/a>  <\/li>\n<li>Lese eine kurze <a href=\"https:\/\/www.newmessage.org\/de\/informationen-uber-die-neue-botschaft\/\">Geschichte der Neuen Botschaft<\/a> und sehe und h\u00f6re den <a href=\"\/\/www.newmessage.org\/de\/der-bote\/wer-ist-marshall-vian-summers\/\">Boten<\/a>. <\/li>\n<li>Erfahre von der <a href=\"\/\/www.newmessage.org\/de\/wichtige-begriffe#knowledge\">Kenntnis<\/a>, der spirituellen Macht und der Quelle der inneren F\u00fchrung, die in dir lebt. Die Entdeckung dieser Kenntnis und der Aufbau deiner Verbindung zu ihr ist das Fundament des Weges der Erlernung und des Lebens der Neuen Botschaft.<br \/>\nErfahre etwas \u00fcber die Kenntnis:<br \/>\n<a href=\"https:\/\/www.newmessage.org\/de\/die-botschaft\/band-2\/spiritualitat-der-groseren-gemeinschaft\/was-ist-kenntnis\/\">Was ist Kenntnis?<\/a><br \/>\n<a href=\"https:\/\/www.newmessage.org\/the-message\/other-revelations\/listening-knowledge\">Auf Kenntnis h\u00f6ren<\/a><br \/>\n<a href=\"https:\/\/www.newmessage.org\/de\/die-botschaft\/band-1\/der-eine-gott\/gott-kenntnis-und-die-engelsprasenz\/\">Gott, Kenntnis und die Engelspr\u00e4senz<\/a><br \/>\nDie R\u00fcckkehr (<a href=\"https:\/\/www.newmessage.org\/de\/die-botschaft\/band-1\/das-neue-leben\/\">Das Neue Leben<\/a>) <\/li>\n<li>Erfahre etwas \u00fcber die Realit\u00e4t vom <a href=\"https:\/\/www.newmessage.org\/de\/die-botschaft\/band-4\/leben-im-universum\/\">Leben im Universum<\/a><br \/>\nund \u00fcber  <a href=\"https:\/\/www.newmessage.org\/de\/die-botschaft\/band-4\/die-grosen-wellen-des-wandels\/\">Die Gro\u00dfen Wellen des Wandels<\/a>. Diese zwei Kernrealit\u00e4ten haben die Macht, unsere Welt und das Leben jeder Person umzugestalten. Deshalb hat Gott erneut gesprochen und es ist von kritischer Relevanz, dass du erf\u00e4hrst, was es f\u00fcr dich und f\u00fcr die Welt bedeutet. <\/li>\n<li>Erfahre etwas \u00fcber die <a href=\"https:\/\/www.newmessage.org\/de\/wichtige-begriffe#gc\">Gr\u00f6\u00dfere Gemeinschaft<\/a>; lies die folgenden Offenbarungen:<br \/>\n<a href=\"https:\/\/www.newmessage.org\/de\/die-botschaft\/band-2\/spiritualitat-der-groseren-gemeinschaft\/was-ist-die-grosere-gemeinschaft\/\">Was ist die Gr\u00f6\u00dfere Gemeinschaft?<\/a><br \/>\n<a href=\"https:\/\/www.newmessage.org\/de\/die-botschaft\/band-1\/die-grosere-gemeinschaft\/eintritt-in-die-grosere-gemeinschaft\/\">Der Eintritt in die Gr\u00f6\u00dfere Gemeinschaft <\/a><\/li>\n<li>Erfahre etwas \u00fcber die <a href=\"https:\/\/www.newmessage.org\/de\/die-botschaft\/band-4\/die-grosen-wellen-des-wandels\/\">Gro\u00dfen Wellen des Wandels<\/a> und die Neue Welt<br \/>\nDie Notlage der Menschheit (Die Neue Welt)<br \/>\n<a href=\"https:\/\/www.newmessage.org\/de\/die-botschaft\/band-1\/die-neue-welt\/\">Der Wettlauf zur Rettung der menschlichen Zivilisation<\/a><br \/>\n<a href=\"https:\/\/www.newmessage.org\/de\/die-botschaft\/band-1\/die-neue-welt\/was-wird-die-menschheit-retten\/\">Was wird die Menschheit retten<\/a><br \/>\n<a href=\"https:\/\/www.newmessage.org\/de\/die-botschaft\/band-1\/der-neue-bote\/der-wille-des-himmels\/\">Der Wille des Himmels<\/a><br \/>\nErw\u00e4ge au\u00dferdem, diese zwei Kernrealit\u00e4ten in den folgenden B\u00fcchern der Neuen Botschaft zu untersuchen: <a href=\"https:\/\/www.newmessage.org\/de\/die-botschaft\/band-4\/die-grosen-wellen-des-wandels\/\">Die Gro\u00dfen Wellen des Wandels<\/a> und <a href=\"https:\/\/www.newmessage.org\/de\/die-botschaft\/band-4\/leben-im-universum\/\">Leben im Universum<\/a>\n <\/li>\n<li>Wenn du bereit bist, die Reise der Entdeckung und Kultivierung deiner Verbindung zur  <a href=\"\/\/www.newmessage.org\/de\/wichtige-begriffe#knowledge\">Kenntnis<\/a> zu beginnen, dann erw\u00e4ge den Beginn der <a href=\"https:\/\/www.newmessage.org\/de\/die-botschaft\/band-3\/schritte-zur-kenntnis\/\">Schritte zur Kenntnis: Das Buch des Inneren Wissens<\/a>. Diese 365 t\u00e4glichen Schritte sollen dich zu einer Offenbarung \u00fcber dein Leben und deine Bestimmung f\u00fchren. Beginne das Buch <a href=\"https:\/\/www.newmessage.org\/de\/die-botschaft\/band-2\/spiritualitat-der-groseren-gemeinschaft\/\">Spiritualit\u00e4t der Gr\u00f6\u00dferen Gemeinschaft<\/a>, das die Realit\u00e4t der Gr\u00f6\u00dferen Gemeinschaft des Lebens im Universum und den zeitlosen Weg der Kenntnis pr\u00e4sentiert. <\/li>\n<li><a href=\"\/\/www.newmessage.org\/de\/der-bote\/wer-ist-marshall-vian-summers\/\">Der Bote<\/a>:<br \/>\nLies die <a href=\"https:\/\/www.newmessage.org\/de\/die-botschaft\/band-1\/der-neue-bote\/\">Offenbarungen in Bezug auf den Ursprung, die Bestimmung und die Mission des Boten<\/a>. Erfahre mehr \u00fcber diesen Mann, was bedeutet seine Gegenwart in der Welt und seine Verbindung zu den fr\u00fcheren Boten. <\/li>\n<\/ol>\n<\/ol>\n<\/ol>\n<h3 style=\"text-align: left\">Weitere Gelegenheiten zu Studium und Teilnahme<\/h3>\n<p><strong>Erw\u00e4ge die Online-Teilnahme an der <a href=\"\/free-school\">Kostenlosen Schule der Neuen Botschaft<\/a><\/strong><br \/>\nAlle zwei Monate gibt es einen themenspezifischen Kurs der Kostenlosen Schule, welcher einen Hauptkorridor der Neuen Botschaft darstellt. Innerhalb der <a href=\"https:\/\/www.newmessage.org\/free-school\">Kostenlosen Schule<\/a> hast du die M\u00f6glichkeit, mit Sch\u00fclern aus 92 L\u00e4ndern rund um die Welt zusammenzukommen und von ihnen zu erfahren.<br \/>\nIn jedem Kurs der <a href=\"https:\/\/www.newmessage.org\/free-school\">Kostenlosen Schule<\/a> hast du die M\u00f6glichkeit, vom Boten selbst ausgew\u00e4hlte Offenbarungen zu untersuchen und die tiefere Bedeutung und Weisheit zu erforschen, die die Neue Botschaft bietet.<br \/>\nNimm an dem w\u00f6chentlichen Online-Campfire Chat teil und treffe <a href=\"https:\/\/www.newmessage.org\/de\/weltweite-gemeinschaft\/\">andere Sch\u00fcler der Neuen Botschaft weltweit<\/a>. Lerne von anderen, der  <a href=\"\/\/www.newmessage.org\/de\/weltweite-gemeinschaft\/gesellschaft\/\">Society<\/a> und dem <a href=\"\/\/www.newmessage.org\/de\/der-bote\/wer-ist-marshall-vian-summers\/\">Boten<\/a> selbst und teile deine Erfahrungen.<br \/>\nNimm teil am Fireside Live Broadcast mit <a href=\"https:\/\/www.newmessage.org\/journal\">Patricia und Reed Summers<\/a> und erfahre etwas \u00fcber die wesentlichen Einblicke und die Weisheit in Bezug auf die Offenbarungen, die untersucht werden.<br \/>\nDu kannst dich jederzeit anschlie\u00dfen und es ist kostenlos! Trage dich ein bei der <a href=\"https:\/\/www.newmessage.org\/free-school\">Kostenlosen Schule der Neuen Botschaft<\/a> und stelle nun fest, was die Schule lehrt und praktiziert.<\/p>\n<h3 style=\"text-align: left\">Das Encampment (die Besinnungstage) der Weltweiten Gemeinschaft der Neuen Botschaft <\/h3>\n<p>F\u00fcr f\u00fcnf Tage im Herbst trifft sich die Weltweite Gemeinschaft der Neuen Botschaft beim <a href=\"https:\/\/www.newmessage.org\/encampment\">Encampment<\/a>, um gemeinsam mit Mitgliedern der Society, dem Boten und Sch\u00fclern der Neuen Botschaft rund um die Welt in die Materie einzudringen.<br \/>\nZur\u00fcckgezogen von deinem Alltagsleben in der spektakul\u00e4ren Umgebung der Rocky Mountains hast du Gelegenheit, die gr\u00f6\u00dfere Richtung und den h\u00f6heren Zweck deines Lebens zu erfahren und was es in einer sich radikal wandelnden Welt bedeutet. Gemeinsam werden wir in unsere heilige Beziehung mit der <a href=\"\/\/www.newmessage.org\/de\/wichtige-begriffe#knowledge\">Kenntnis<\/a>  eintauchen und Verbindungen mit anderen in der <a href=\"https:\/\/www.newmessage.org\/de\/weltweite-gemeinschaft\/\">weltweiten Gemeinschaft<\/a> von Menschen aufbauen, die auf die Neue Botschaft zu dieser kritischen Zeit in der Geschichte reagieren.<br \/>\nDas <a href=\"https:\/\/www.newmessage.org\/encampment\">Encampment <\/a>ist f\u00fcr Sch\u00fcler gedacht, die sich von der Neuen Botschaft betroffen f\u00fchlen und das Gef\u00fchl haben, dass ihre Bestimmung im Leben direkt mit der Erlernung und der Praktizierung dieser Neuen Offenbarung vom Sch\u00f6pfer im Leben verkn\u00fcpft sein k\u00f6nnte.<\/p>\n","protected":false},"excerpt":{"rendered":"<p>Die Neue Botschaft von Gott ist die gr\u00f6\u00dfte Offenbarung, die jemals der Welt gegeben wurde und umfasst 9000 Textseiten. die \u00fcber einen Zeitraum von Jahren offenbart wurden. Wie beginnt man, eine so gro\u00dfe Offenbarung zu lesen, zu erlernen und zu praktizieren? Womit beginnt man? W\u00e4hrend es dir freisteht, an beliebiger Stelle zu beginnen, bietet die\u2026 <a class=\"read-more\" href=\"https:\/\/www.v6.newmessage.org\/de\/die-botschaft\/die-ersten-schritte\/\"><span>Read More<\/span><\/a><\/p>\n","protected":false},"author":8,"featured_media":0,"parent":26942,"menu_order":0,"comment_status":"closed","ping_status":"closed","template":"template-leftsidebar.php","meta":{"_monsterinsights_skip_tracking":false,"_monsterinsights_sitenote_active":false,"_monsterinsights_sitenote_note":"","_monsterinsights_sitenote_category":0,"footnotes":""},"categories":[],"tags":[1009,1010],"_links":{"self":[{"href":"https:\/\/www.v6.newmessage.org\/de\/wp-json\/wp\/v2\/pages\/27939"}],"collection":[{"href":"https:\/\/www.v6.newmessage.org\/de\/wp-json\/wp\/v2\/pages"}],"about":[{"href":"https:\/\/www.v6.newmessage.org\/de\/wp-json\/wp\/v2\/types\/page"}],"author":[{"embeddable":true,"href":"https:\/\/www.v6.newmessage.org\/de\/wp-json\/wp\/v2\/users\/8"}],"replies":[{"embeddable":true,"href":"https:\/\/www.v6.newmessage.org\/de\/wp-json\/wp\/v2\/comments?post=27939"}],"version-history":[{"count":7,"href":"https:\/\/www.v6.newmessage.org\/de\/wp-json\/wp\/v2\/pages\/27939\/revisions"}],"predecessor-version":[{"id":28092,"href":"https:\/\/www.v6.newmessage.org\/de\/wp-json\/wp\/v2\/pages\/27939\/revisions\/28092"}],"up":[{"embeddable":true,"href":"https:\/\/www.v6.newmessage.org\/de\/wp-json\/wp\/v2\/pages\/26942"}],"wp:attachment":[{"href":"https:\/\/www.v6.newmessage.org\/de\/wp-json\/wp\/v2\/media?parent=27939"}],"wp:term":[{"taxonomy":"category","embeddable":true,"href":"https:\/\/www.v6.newmessage.org\/de\/wp-json\/wp\/v2\/categories?post=27939"},{"taxonomy":"post_tag","embeddable":true,"href":"https:\/\/www.v6.newmessage.org\/de\/wp-json\/wp\/v2\/tags?post=27939"}],"curies":[{"name":"wp","href":"https:\/\/api.w.org\/{rel}","templated":true}]}}