{"id":27934,"date":"2017-06-11T03:06:47","date_gmt":"2017-06-11T03:06:47","guid":{"rendered":"http:\/\/www.newmessage.org\/german-international\/?page_id=27934"},"modified":"2021-09-20T01:31:50","modified_gmt":"2021-09-20T01:31:50","slug":"weisheit-aus-der-groseren-gemeinschaft-band-2","status":"publish","type":"page","link":"https:\/\/www.v6.newmessage.org\/de\/die-botschaft\/band-5\/weisheit-aus-der-groseren-gemeinschaft-band-2\/","title":{"rendered":"Weisheit aus der Gr\u00f6\u00dferen Gemeinschaft &#8211; Buch 2"},"content":{"rendered":"<div id=\"attachment_19364\" style=\"width: 221px\" class=\"wp-caption alignright\"><a href=\"\/\/www.newmessage.org\/wp-content\/uploads\/2015\/07\/volume5_book2.jpg\"><img loading=\"lazy\" decoding=\"async\" aria-describedby=\"caption-attachment-19364\" class=\" size-medium\" src=\"\/\/www.newmessage.org\/wp-content\/uploads\/2015\/07\/volume5_book2-211x300.jpg\" alt=\"\" width=\"211\" height=\"300\" \/><\/a><p id=\"caption-attachment-19364\" class=\"wp-caption-text\"><\/p>\n<p><\/p><\/div>\n<p><strong>Ein Buch der Neuen Botschaft mit den Lehren zur Weisheit<\/strong><\/p>\n<p><em>Weisheit der Gr\u00f6\u00dferen Gemeinschaft Buch Zwei <\/em>konzentriert sich auf die Bed\u00fcrfnisse einer Welt im \u00dcbergang als den Kontext, in dem du deinen h\u00f6heren Zweck im Leben findest und deine pers\u00f6nlichen Dilemmas l\u00f6st. Es spricht von der gr\u00f6\u00dferen Arena intelligenten Lebens, genannt die Gr\u00f6\u00dfere Gemeinschaft (<a href=\"https:\/\/www.newmessage.org\/de\/die-botschaft\/band-2\/spiritualitat-der-groseren-gemeinschaft\/was-ist-die-grosere-gemeinschaft\/\">Was ist die Gr\u00f6\u00dfere Gemeinschaft?<\/a>) und bietet die n\u00f6tigen Einblicke und die Perspektive, um sich auf eine Zukunft vorzubereiten, die anders als alles sein wird, was wir jemals erfahren haben.<\/p>\n<p>In der Lehre der Neuen Botschaft \u00fcber Themen von \u201cUrteilskraft\u201d und \u201cRealit\u00e4ten der Gr\u00f6\u00dferen Gemeinschaft\u201d bis \u201cMut\u201d und \u201cReligion als Mysterium\u201d bahnt <em>Weisheit Zwei <\/em>einen Weg, ein gr\u00f6\u00dferes Leben in der Welt zu leben. Beide B\u00e4nde der <em>Weisheit der Gr\u00f6\u00dferen Gemeinschaft <\/em>sind eine machtvolle Erg\u00e4nzung zu der Reise in <em><a href=\"https:\/\/www.newmessage.org\/de\/die-botschaft\/band-3\/schritte-zur-kenntnis\/\">Schritte zur Kenntnis<\/a><\/em>.<\/p>\n<p>Hier wird eine Reihe von Lehren \u00fcber den Weg der Kenntnis der Gr\u00f6\u00dferen Gemeinschaft pr\u00e4sentiert, die den inneren Weg der spirituellen Vorbereitung darstellen und die in der Neuen Botschaft von Gott enthalten sind. Dies ist eine universelle spirituelle Vorbereitung, die der Welt nun zum ersten Mal pr\u00e4sentiert wird.<\/p>\n<p><em>Weisheit der Gr\u00f6\u00dferen Gemeinschaft Buch Zwei <\/em>ist das zweite Buch von <a href=\"https:\/\/www.newmessage.org\/de\/die-botschaft\/band-5\/\">Band 5<\/a> der Neuen Botschaft von Gott.<\/p>\n<div class=\"toggle toggle-white\"><h4 class=\"trigger \"><span class=\"t_ico\"><\/span><a href=\"#\">Erfahre mehr\u2026<\/a><\/h4><div class=\"toggle_container \"> <div data-post-id='24520' class='insert-page insert-page-24520 '><p>Die Neue Botschaft von Gott wird letzten Endes in sechs einzelnen B\u00e4nden enthalten sein. Jeder Band enth\u00e4lt zwei oder mehr B\u00fccher und jedes Buch ist in Kapitel aufgeteilt.<\/p>\n<p>Daher k\u00f6nnte der zuk\u00fcnftige Aufbau der Neuen Botschaft von Gott folgenderma\u00dfen zum Ausdruck kommen:<\/p>\n<div id=\"attachment_24097\" style=\"width: 227px\" class=\"wp-caption alignright\"><a href=\"https:\/\/www.newmessage.org\/wp-content\/uploads\/2015\/08\/Volumes-Books-InfoGraphic.001.jpg\"><img loading=\"lazy\" decoding=\"async\" aria-describedby=\"caption-attachment-24097\" class=\"imgborder \" src=\"https:\/\/www.newmessage.org\/wp-content\/uploads\/2015\/08\/Volumes-Books-InfoGraphic.001.jpg\" alt=\"The New Message One Book\" width=\"217\" height=\"234\" \/><\/a><p id=\"caption-attachment-24097\" class=\"wp-caption-text\">Das Eine Buch der Neuen Botschaft<\/p>\n<p>Die NEUE BOTSCHAFT VON GOTT enth\u00e4lt<br \/>\n\t6 B\u00c4NDE<br \/>\nwelche insgesamt enthalten:<br \/>\n          25+ B\u00dcCHER<br \/>\nJedes Buch ist in KAPITEL unterteilt<br \/>\nJedes Kapitel ist in VERSE unterteilt<\/p>\n<p><\/p><\/div>\n<p><strong>Band &gt; Buch &gt; Kapitel &gt; Vers<br \/>\n<\/strong><\/p>\n<p>Die Neue Botschaft von Gott enth\u00e4lt den gr\u00f6\u00dften Gesamtumfang einer Offenbarung, die jemals der Welt gegeben worden ist. Sie spricht nahezu jeden Aspekt unseres Lebens an und stellt dabei neue Realit\u00e4ten vor, die niemals vorher aufgedeckt worden sind. Die Society (\u201eThe Society for the New Message from God\u201c \u2013 \u201eDie Gesellschaft f\u00fcr die Neue Botschaft von Gott\u201c) bem\u00fcht sich, so viele B\u00fccher der Neuen Botschaft und gesprochene Offenbarungen wie m\u00f6glich f\u00fcr die Welt verf\u00fcgbar und zug\u00e4nglich zu machen.<\/p>\n<p>Gegenw\u00e4rtig ist die Society in der Lage, eine gro\u00dfe Anzahl von Originalaufzeichnungen der Stimme der Offenbarung anzubieten. Hier werdet ihr aufgefordert, die Macht und das Mysterium der \u201cStimme\u201d zu erfahren, wie sie urspr\u00fcnglich durch den Boten im Zustand der Offenbarung gesprochen hat. Niemals vorher war es m\u00f6glich, die originale Stimme der Offenbarung zu h\u00f6ren. <\/p>\n<p>Die Zusammenstellung der Neuen Botschaft ist ein laufendes Unterfangen, das \u00fcber einen ausgedehnten Zeitraum verwirklicht wird. Zus\u00e4tzlich wird die Offenbarung bis zum heutigen Tag fortgesetzt, wobei jedes Jahr neue Lehren verk\u00fcndet werden. Infolgedessen wird sich die Auswahl der Lehren in jedem Buch wahrscheinlich \u00e4ndern k\u00f6nnen. Damit k\u00f6nnte sich auch der Titel der B\u00fccher \u00e4ndern, um das Wachstum jedes Buches zu reflektieren. Ihr lebt in einer Zeit der Offenbarung und seid Zeuge, wie sich der Prozess der Offenbarung vor euch entfaltet.<\/p>\n<p><strong>B\u00fccher Online<\/strong><br \/>\nDie Society bem\u00fcht sich, die Neue Botschaft der Welt kostenlos online zur Verf\u00fcgung zu stellen. Gegenw\u00e4rtig ist eine Anzahl von B\u00fcchern der Neuen Botschaft kostenlos unter www.newmessage.org verf\u00fcgbar (deutsche \u00dcbersetzungen unter www.NeueBotschaft.org). Erforsche die <a href=\"https:\/\/www.newmessage.org\/the-message\">library of free online books<\/a> (Bibliothek der kostenlosen online-B\u00fccher).<\/p>\n<p><strong>Print-B\u00fccher<\/strong><br \/>\nDie Society bietet gegenw\u00e4rtig einige der B\u00fccher der Neuen Botschaft in gedruckter Form an. Jedoch ist die Society aufgrund des immensen Umfangs der Neuen Botschaft derzeit noch nicht in der Lage, die gesamten sechs B\u00e4nde der Neuen Botschaft in gedruckter Form zu ver\u00f6ffentlichen. Um eine gedruckte Ausgabe der gegenw\u00e4rtig verf\u00fcgbaren B\u00fccher zu erwerben, besuche bitte den <a href=\"http:\/\/newknowledgelibrary.org\/\">New Knowledge Library Store<\/a>.<\/p>\n<p><strong>CD und mp3 Audio<\/strong><br \/>\nBestimmte Offenbarungen, die sich auf das Studium der Neuen Botschaft beziehen, sind als k\u00e4ufliche CDs oder mp3s erh\u00e4ltlich. Aufgrund der finanziellen M\u00f6glichkeiten, die gesamte Welt mit der Neuen Botschaft zu erreichen, bietet die <a href=\"http:\/\/www.neuebotschaft.org\/weltweite-gemeinschaft\/gesellschaft\">Society<\/a>\u00a0bestimmte Lehren zu bescheidenen Kosten im\u00a0<a href=\"http:\/\/newknowledgelibrary.org\/\">New Knowledge Library Store<\/a> zum Kauf an.<\/p>\n<p><strong>Das Free Book Project<\/strong><br \/>\nBei gr\u00f6\u00dferer finanzieller Unterst\u00fctzung wird die Society in der Lage sein, weitere dieser Weisheitslehren kostenlos online verf\u00fcgbar zu machen. Zus\u00e4tzlich bietet die Society in das <a href=\"https:\/\/www.newmessage.org\/the-message\/free-book-project\">Free Book Project<\/a> kostenlose pers\u00f6nliche Exemplare der gegenw\u00e4rtig verf\u00fcgbaren B\u00fccher, eBooks und mp3s der Offenbarungen der Neuen Botschaft jenen Personen an, die nicht die Mittel haben, sie zu erwerben. Wir fordern Sie zu einer <a href=\"http:\/\/www.neuebotschaft.org\/weltweite-gemeinschaft\/gesellschaft\/unterstutzen-sie-die-neue-botschaft\">Schenkung<\/a> auf, um das Free Book Project zu unterst\u00fctzen, so dass mehr und mehr Bed\u00fcrftige Zugang zur Neuen Botschaft von Gott haben k\u00f6nnen.<\/p>\n<p><strong>Zuk\u00fcnftige Ver\u00f6ffentlichungen<\/strong><br \/>\nDie Society wird weiterhin ihre Vision verfolgen, die gesamte Neue Botschaft von Gott zu ver\u00f6ffentlichen, sowohl in ihren B\u00fcchern und B\u00e4nden als auch vielleicht eines Tages als ein einziges Buch, einfach genannt: \u201cDie Neue Botschaft von Gott.\u201d Dies ist ein enormes Unterfangen, wozu die Society Ihren Beitrag und Ihre Beteiligung ben\u00f6tigt. Bitte erw\u00e4gen Sie, <a href=\"http:\/\/www.neuebotschaft.org\/weltweite-gemeinschaft\/gesellschaft\/unterstutzen-sie-die-neue-botschaft\">eine Schenkung<\/a> vorzunehmen oder <a href=\"http:\/\/www.neuebotschaft.org\/weltweite-gemeinschaft\/gesellschaft\/unterstutzen-sie-die-neue-botschaft\">eine S\u00e4ule der Neuen Botschaft<\/a> zu werden, um diese heilige Sache zu unterst\u00fctzen. Wir danken Ihnen f\u00fcr Ihre Unterst\u00fctzung.<\/p>\n<\/div> <\/div><\/div>\n<div class=\"background-color-bridesmaid padding-20\">\n<h2 style=\"text-align: left;\"><span style=\"color: #525252;\">Inhaltsverzeichnis<\/span><\/h2>\n<p>Kapitel 1: <a href=\"https:\/\/www.newmessage.org\/de\/die-botschaft\/band-5\/weisheit-aus-der-groseren-gemeinschaft-band-2\/ehrgeiz\/\">Ehrgeiz<\/a><br \/>\nKapitel 2: <a href=\"https:\/\/www.newmessage.org\/de\/die-botschaft\/band-5\/weisheit-aus-der-groseren-gemeinschaft-band-2\/besitztumer\/\">Besitzt\u00fcmer<\/a><br \/>\nKapitel 3: <a href=\"https:\/\/www.newmessage.org\/de\/die-botschaft\/band-5\/weisheit-aus-der-groseren-gemeinschaft-band-2\/vergnugen\/\">Vergn\u00fcgen<\/a><br \/>\nKapitel 4: <a href=\"https:\/\/www.newmessage.org\/de\/die-botschaft\/band-5\/weisheit-aus-der-groseren-gemeinschaft-band-2\/anderen-dienen\/\">Anderen dienen<\/a><br \/>\nKapitel 5: <a href=\"https:\/\/www.newmessage.org\/de\/die-botschaft\/band-5\/weisheit-aus-der-groseren-gemeinschaft-band-2\/mit-dem-verstand-arbeiten\/\">Mit dem Verstand arbeiten<\/a><br \/>\nKapitel 6: <a href=\"https:\/\/www.newmessage.org\/de\/die-botschaft\/band-5\/weisheit-aus-der-groseren-gemeinschaft-band-2\/urteilsfahigkeit\/\">Urteilsf\u00e4higkeit<\/a><br \/>\nKapitel 7: <a href=\"https:\/\/www.newmessage.org\/de\/die-botschaft\/band-5\/weisheit-aus-der-groseren-gemeinschaft-band-2\/diskretion\/\">Diskretion<\/a><br \/>\nKapitel 8: <a href=\"https:\/\/www.newmessage.org\/de\/die-botschaft\/band-5\/weisheit-aus-der-groseren-gemeinschaft-band-2\/losung-von-problemen\/\">L\u00f6sung von Problemen<\/a><br \/>\nKapitel 9: <a href=\"https:\/\/www.newmessage.org\/de\/die-botschaft\/band-5\/weisheit-aus-der-groseren-gemeinschaft-band-2\/ehrlichkeit\/\">Ehrlichkeit<\/a><br \/>\nKapitel 10: <a href=\"https:\/\/www.newmessage.org\/de\/die-botschaft\/band-5\/weisheit-aus-der-groseren-gemeinschaft-band-2\/besuche-der-groseren-gemeinschaft\/\">Besuche der Gr\u00f6\u00dferen Gemeinschaft<\/a><br \/>\nKapitel 11: <a href=\"https:\/\/www.newmessage.org\/de\/die-botschaft\/band-5\/weisheit-aus-der-groseren-gemeinschaft-band-2\/spirituelle-praxis\/\">Spirituelle Praxis<\/a><br \/>\nKapitel 12: <a href=\"https:\/\/www.newmessage.org\/de\/die-botschaft\/band-5\/weisheit-aus-der-groseren-gemeinschaft-band-2\/selbstausdruck-und-die-mentale-umgebung\/\">Selbstausdruck und die mentale Umgebung<\/a><br \/>\nKapitel 13: <a href=\"https:\/\/www.newmessage.org\/de\/die-botschaft\/band-5\/weisheit-aus-der-groseren-gemeinschaft-band-2\/religion-als-mysterium\/\">Religion als Mysterium<\/a><br \/>\nKapitel 14: <a href=\"https:\/\/www.newmessage.org\/de\/die-botschaft\/band-5\/weisheit-aus-der-groseren-gemeinschaft-band-2\/intelligenz\/\">Intelligenz<\/a><br \/>\nKapitel 15: <a href=\"https:\/\/www.newmessage.org\/de\/die-botschaft\/band-5\/weisheit-aus-der-groseren-gemeinschaft-band-2\/auf-die-grosere-gemeinschaft-reagieren\/\">Auf die Gr\u00f6\u00dfere Gemeinschaft reagieren<\/a><br \/>\nKapitel 16: <a href=\"https:\/\/www.newmessage.org\/de\/die-botschaft\/band-5\/weisheit-aus-der-groseren-gemeinschaft-band-2\/schwellen\/\">Schwellen<\/a><br \/>\nKapitel 17: <a href=\"https:\/\/www.newmessage.org\/de\/die-botschaft\/band-5\/weisheit-aus-der-groseren-gemeinschaft-band-2\/die-wahrnehmung-der-besucher-der-menschheit\/\">Die Wahrnehmung der Besucher der Menschheit<\/a><br \/>\nKapitel 18: <a href=\"https:\/\/www.newmessage.org\/de\/die-botschaft\/band-5\/weisheit-aus-der-groseren-gemeinschaft-band-2\/mitgefuhl\/\">Mitgef\u00fchl<\/a><br \/>\nKapitel 19: <a href=\"https:\/\/www.newmessage.org\/de\/die-botschaft\/band-5\/weisheit-aus-der-groseren-gemeinschaft-band-2\/mut\/\">Mut<\/a><br \/>\nKapitel 20: <a href=\"https:\/\/www.newmessage.org\/de\/die-botschaft\/band-5\/weisheit-aus-der-groseren-gemeinschaft-band-2\/von-anderen-lernen\/\">Von Anderen lernen<\/a><br \/>\nKapitel 21: <a href=\"https:\/\/www.newmessage.org\/de\/die-botschaft\/band-5\/weisheit-aus-der-groseren-gemeinschaft-band-2\/hingabe-und-verpflichtung\/\">Hingabe und Verpflichtung<\/a><br \/>\nKapitel 22: <a href=\"https:\/\/www.newmessage.org\/de\/die-botschaft\/band-5\/weisheit-aus-der-groseren-gemeinschaft-band-2\/geld\/\">Geld<\/a><br \/>\nKapitel 23: <a href=\"https:\/\/www.newmessage.org\/de\/die-botschaft\/band-5\/weisheit-aus-der-groseren-gemeinschaft-band-2\/weise-werden\/\">Weise werden<\/a><br \/>\nKapitel 24: <a href=\"https:\/\/www.newmessage.org\/de\/die-botschaft\/band-5\/weisheit-aus-der-groseren-gemeinschaft-band-2\/arbeit\/\">Arbeit<\/a><br \/>\nKapitel 25: <a href=\"https:\/\/www.newmessage.org\/de\/die-botschaft\/band-5\/weisheit-aus-der-groseren-gemeinschaft-band-2\/umgebungen\/\">Umgebungen<\/a><br \/>\nKapitel 26: <a href=\"https:\/\/www.newmessage.org\/de\/die-botschaft\/band-5\/weisheit-aus-der-groseren-gemeinschaft-band-2\/konflikt\/\">Konflikt<\/a><br \/>\nKapitel 27: <a href=\"https:\/\/www.newmessage.org\/de\/die-botschaft\/band-5\/weisheit-aus-der-groseren-gemeinschaft-band-2\/selbstzweifel\/\">Selbstzweifel<\/a><br \/>\nKapitel 28: <a href=\"https:\/\/www.newmessage.org\/de\/die-botschaft\/band-5\/weisheit-aus-der-groseren-gemeinschaft-band-2\/realitaten-der-groseren-gemeinschaft\/\">Realit\u00e4ten der Gr\u00f6\u00dferen Gemeinschaft<\/a><br \/>\nKapitel 29: <a href=\"https:\/\/www.newmessage.org\/de\/die-botschaft\/band-5\/weisheit-aus-der-groseren-gemeinschaft-band-2\/inspiration\/\">Inspiration<\/a><br \/>\nKapitel 30: <a href=\"https:\/\/www.newmessage.org\/de\/die-botschaft\/band-5\/weisheit-aus-der-groseren-gemeinschaft-band-2\/gute\/\">G\u00fcte<\/a><br \/>\nKapitel 31: <a href=\"https:\/\/www.newmessage.org\/de\/die-botschaft\/band-5\/weisheit-aus-der-groseren-gemeinschaft-band-2\/konzentration\/\">Konzentration<\/a><br \/>\nKapitel 32: <a href=\"https:\/\/www.newmessage.org\/de\/die-botschaft\/band-5\/weisheit-aus-der-groseren-gemeinschaft-band-2\/stolz\/\">Stolz<\/a><br \/>\nKapitel 33: <a href=\"https:\/\/www.newmessage.org\/de\/die-botschaft\/band-5\/weisheit-aus-der-groseren-gemeinschaft-band-2\/beharrlichkeit\/\">Beharrlichkeit<\/a><br \/>\nKapitel 34: <a href=\"https:\/\/www.newmessage.org\/de\/die-botschaft\/band-5\/weisheit-aus-der-groseren-gemeinschaft-band-2\/den-weg-der-kenntnis-gehen\/\">Den Weg der Kenntnis gehen<\/a><\/p>\n<\/div>\n","protected":false},"excerpt":{"rendered":"<p>Ein Buch der Neuen Botschaft mit den Lehren zur Weisheit Weisheit der Gr\u00f6\u00dferen Gemeinschaft Buch Zwei konzentriert sich auf die Bed\u00fcrfnisse einer Welt im \u00dcbergang als den Kontext, in dem du deinen h\u00f6heren Zweck im Leben findest und deine pers\u00f6nlichen Dilemmas l\u00f6st. Es spricht von der gr\u00f6\u00dferen Arena intelligenten Lebens, genannt die Gr\u00f6\u00dfere Gemeinschaft (Was\u2026 <a class=\"read-more\" href=\"https:\/\/www.v6.newmessage.org\/de\/more-about-the-volumes\/\"><span>Read More<\/span><\/a><\/p>\n","protected":false},"author":8,"featured_media":0,"parent":27894,"menu_order":0,"comment_status":"closed","ping_status":"closed","template":"template-leftsidebar.php","meta":{"_monsterinsights_skip_tracking":false,"_monsterinsights_sitenote_active":false,"_monsterinsights_sitenote_note":"","_monsterinsights_sitenote_category":0,"footnotes":""},"categories":[498,485,484],"tags":[1001,1000,1007,1008],"_links":{"self":[{"href":"https:\/\/www.v6.newmessage.org\/de\/wp-json\/wp\/v2\/pages\/27934"}],"collection":[{"href":"https:\/\/www.v6.newmessage.org\/de\/wp-json\/wp\/v2\/pages"}],"about":[{"href":"https:\/\/www.v6.newmessage.org\/de\/wp-json\/wp\/v2\/types\/page"}],"author":[{"embeddable":true,"href":"https:\/\/www.v6.newmessage.org\/de\/wp-json\/wp\/v2\/users\/8"}],"replies":[{"embeddable":true,"href":"https:\/\/www.v6.newmessage.org\/de\/wp-json\/wp\/v2\/comments?post=27934"}],"version-history":[{"count":33,"href":"https:\/\/www.v6.newmessage.org\/de\/wp-json\/wp\/v2\/pages\/27934\/revisions"}],"predecessor-version":[{"id":29488,"href":"https:\/\/www.v6.newmessage.org\/de\/wp-json\/wp\/v2\/pages\/27934\/revisions\/29488"}],"up":[{"embeddable":true,"href":"https:\/\/www.v6.newmessage.org\/de\/wp-json\/wp\/v2\/pages\/27894"}],"wp:attachment":[{"href":"https:\/\/www.v6.newmessage.org\/de\/wp-json\/wp\/v2\/media?parent=27934"}],"wp:term":[{"taxonomy":"category","embeddable":true,"href":"https:\/\/www.v6.newmessage.org\/de\/wp-json\/wp\/v2\/categories?post=27934"},{"taxonomy":"post_tag","embeddable":true,"href":"https:\/\/www.v6.newmessage.org\/de\/wp-json\/wp\/v2\/tags?post=27934"}],"curies":[{"name":"wp","href":"https:\/\/api.w.org\/{rel}","templated":true}]}}