{"id":27930,"date":"2017-06-11T02:56:36","date_gmt":"2017-06-11T02:56:36","guid":{"rendered":"http:\/\/www.newmessage.org\/german-international\/?page_id=27930"},"modified":"2021-07-19T10:33:55","modified_gmt":"2021-07-19T10:33:55","slug":"weisheit-aus-der-groseren-gemeinschaft-band-1","status":"publish","type":"page","link":"https:\/\/www.v6.newmessage.org\/de\/die-botschaft\/band-5\/weisheit-aus-der-groseren-gemeinschaft-band-1\/","title":{"rendered":"Weisheit aus der Gr\u00f6\u00dferen Gemeinschaft &#8211; Buch 1"},"content":{"rendered":"<div id=\"attachment_19363\" style=\"width: 220px\" class=\"wp-caption alignright\"><a href=\"\/wp-content\/uploads\/2015\/07\/volume5_book1.jpg\"><img loading=\"lazy\" decoding=\"async\" aria-describedby=\"caption-attachment-19363\" class=\"size-medium\" src=\"\/\/www.newmessage.org\/wp-content\/uploads\/2015\/07\/volume5_book1-210x300.jpg\" alt=\"Wisdom from the Greater Community Volume I\" width=\"210\" height=\"300\" \/><\/a><p id=\"caption-attachment-19363\" class=\"wp-caption-text\"><\/p>\n<p><\/p><\/div>\n<p><strong>Ein Buch der Neuen Botschaft mit den Lehren zur Weisheit<\/strong><\/p>\n<p><em>Weisheit der Gr\u00f6\u00dferen Gemeinschaft Buch Eins <\/em>ist ein weiser und mitf\u00fchlender F\u00fchrer zur Entdeckung der Lehre der Neuen Botschaft \u00fcber die Macht der Beziehung und die innere Gewissheit im allt\u00e4glichen Leben.<\/p>\n<p><em>Weisheit der Gr\u00f6\u00dferen Gemeinschaft Buch Eins <\/em>spricht jenes anhaltende Gef\u00fchl an, dass es etwas Wichtiges im Leben zu tun gibt. Es bietet die Perspektive der Gr\u00f6\u00dferen Gemeinschaft \u00fcber Themen von \u201cEhe\u201d und \u201cErzielung von Frieden\u201d bis \u201cHervorrufen von \u00c4nderung\u201d und \u201cEntwicklung der Welt\u201d. Weisheit Eins durchtrennt die Ungewissheit und Verwirrung unserer Zeit und erm\u00f6glicht dir, das zu finden und dem zu folgen, was du tief in deinem Inneren immer gewusst hast.<\/p>\n<p><em>Weisheit der Gr\u00f6\u00dferen Gemeinschaft Buch Eins<\/em> ist das erste Buch von <a href=\"https:\/\/www.newmessage.org\/de\/die-botschaft\/band-5\/\">Band 5<\/a> der Neuen Botschaft von Gott.<\/p>\n<div class=\"toggle toggle-white\"><h4 class=\"trigger \"><span class=\"t_ico\"><\/span><a href=\"#\">Erfahre mehr\u2026<\/a><\/h4><div class=\"toggle_container \"> <div data-post-id='24520' class='insert-page insert-page-24520 '><p>Die Neue Botschaft von Gott wird letzten Endes in sechs einzelnen B\u00e4nden enthalten sein. Jeder Band enth\u00e4lt zwei oder mehr B\u00fccher und jedes Buch ist in Kapitel aufgeteilt.<\/p>\n<p>Daher k\u00f6nnte der zuk\u00fcnftige Aufbau der Neuen Botschaft von Gott folgenderma\u00dfen zum Ausdruck kommen:<\/p>\n<div id=\"attachment_24097\" style=\"width: 227px\" class=\"wp-caption alignright\"><a href=\"https:\/\/www.newmessage.org\/wp-content\/uploads\/2015\/08\/Volumes-Books-InfoGraphic.001.jpg\"><img loading=\"lazy\" decoding=\"async\" aria-describedby=\"caption-attachment-24097\" class=\"imgborder \" src=\"https:\/\/www.newmessage.org\/wp-content\/uploads\/2015\/08\/Volumes-Books-InfoGraphic.001.jpg\" alt=\"The New Message One Book\" width=\"217\" height=\"234\" \/><\/a><p id=\"caption-attachment-24097\" class=\"wp-caption-text\">Das Eine Buch der Neuen Botschaft<\/p>\n<p>Die NEUE BOTSCHAFT VON GOTT enth\u00e4lt<br \/>\n\t6 B\u00c4NDE<br \/>\nwelche insgesamt enthalten:<br \/>\n          25+ B\u00dcCHER<br \/>\nJedes Buch ist in KAPITEL unterteilt<br \/>\nJedes Kapitel ist in VERSE unterteilt<\/p>\n<p><\/p><\/div>\n<p><strong>Band &gt; Buch &gt; Kapitel &gt; Vers<br \/>\n<\/strong><\/p>\n<p>Die Neue Botschaft von Gott enth\u00e4lt den gr\u00f6\u00dften Gesamtumfang einer Offenbarung, die jemals der Welt gegeben worden ist. Sie spricht nahezu jeden Aspekt unseres Lebens an und stellt dabei neue Realit\u00e4ten vor, die niemals vorher aufgedeckt worden sind. Die Society (\u201eThe Society for the New Message from God\u201c \u2013 \u201eDie Gesellschaft f\u00fcr die Neue Botschaft von Gott\u201c) bem\u00fcht sich, so viele B\u00fccher der Neuen Botschaft und gesprochene Offenbarungen wie m\u00f6glich f\u00fcr die Welt verf\u00fcgbar und zug\u00e4nglich zu machen.<\/p>\n<p>Gegenw\u00e4rtig ist die Society in der Lage, eine gro\u00dfe Anzahl von Originalaufzeichnungen der Stimme der Offenbarung anzubieten. Hier werdet ihr aufgefordert, die Macht und das Mysterium der \u201cStimme\u201d zu erfahren, wie sie urspr\u00fcnglich durch den Boten im Zustand der Offenbarung gesprochen hat. Niemals vorher war es m\u00f6glich, die originale Stimme der Offenbarung zu h\u00f6ren. <\/p>\n<p>Die Zusammenstellung der Neuen Botschaft ist ein laufendes Unterfangen, das \u00fcber einen ausgedehnten Zeitraum verwirklicht wird. Zus\u00e4tzlich wird die Offenbarung bis zum heutigen Tag fortgesetzt, wobei jedes Jahr neue Lehren verk\u00fcndet werden. Infolgedessen wird sich die Auswahl der Lehren in jedem Buch wahrscheinlich \u00e4ndern k\u00f6nnen. Damit k\u00f6nnte sich auch der Titel der B\u00fccher \u00e4ndern, um das Wachstum jedes Buches zu reflektieren. Ihr lebt in einer Zeit der Offenbarung und seid Zeuge, wie sich der Prozess der Offenbarung vor euch entfaltet.<\/p>\n<p><strong>B\u00fccher Online<\/strong><br \/>\nDie Society bem\u00fcht sich, die Neue Botschaft der Welt kostenlos online zur Verf\u00fcgung zu stellen. Gegenw\u00e4rtig ist eine Anzahl von B\u00fcchern der Neuen Botschaft kostenlos unter www.newmessage.org verf\u00fcgbar (deutsche \u00dcbersetzungen unter www.NeueBotschaft.org). Erforsche die <a href=\"https:\/\/www.newmessage.org\/the-message\">library of free online books<\/a> (Bibliothek der kostenlosen online-B\u00fccher).<\/p>\n<p><strong>Print-B\u00fccher<\/strong><br \/>\nDie Society bietet gegenw\u00e4rtig einige der B\u00fccher der Neuen Botschaft in gedruckter Form an. Jedoch ist die Society aufgrund des immensen Umfangs der Neuen Botschaft derzeit noch nicht in der Lage, die gesamten sechs B\u00e4nde der Neuen Botschaft in gedruckter Form zu ver\u00f6ffentlichen. Um eine gedruckte Ausgabe der gegenw\u00e4rtig verf\u00fcgbaren B\u00fccher zu erwerben, besuche bitte den <a href=\"http:\/\/newknowledgelibrary.org\/\">New Knowledge Library Store<\/a>.<\/p>\n<p><strong>CD und mp3 Audio<\/strong><br \/>\nBestimmte Offenbarungen, die sich auf das Studium der Neuen Botschaft beziehen, sind als k\u00e4ufliche CDs oder mp3s erh\u00e4ltlich. Aufgrund der finanziellen M\u00f6glichkeiten, die gesamte Welt mit der Neuen Botschaft zu erreichen, bietet die <a href=\"http:\/\/www.neuebotschaft.org\/weltweite-gemeinschaft\/gesellschaft\">Society<\/a>\u00a0bestimmte Lehren zu bescheidenen Kosten im\u00a0<a href=\"http:\/\/newknowledgelibrary.org\/\">New Knowledge Library Store<\/a> zum Kauf an.<\/p>\n<p><strong>Das Free Book Project<\/strong><br \/>\nBei gr\u00f6\u00dferer finanzieller Unterst\u00fctzung wird die Society in der Lage sein, weitere dieser Weisheitslehren kostenlos online verf\u00fcgbar zu machen. Zus\u00e4tzlich bietet die Society in das <a href=\"https:\/\/www.newmessage.org\/the-message\/free-book-project\">Free Book Project<\/a> kostenlose pers\u00f6nliche Exemplare der gegenw\u00e4rtig verf\u00fcgbaren B\u00fccher, eBooks und mp3s der Offenbarungen der Neuen Botschaft jenen Personen an, die nicht die Mittel haben, sie zu erwerben. Wir fordern Sie zu einer <a href=\"http:\/\/www.neuebotschaft.org\/weltweite-gemeinschaft\/gesellschaft\/unterstutzen-sie-die-neue-botschaft\">Schenkung<\/a> auf, um das Free Book Project zu unterst\u00fctzen, so dass mehr und mehr Bed\u00fcrftige Zugang zur Neuen Botschaft von Gott haben k\u00f6nnen.<\/p>\n<p><strong>Zuk\u00fcnftige Ver\u00f6ffentlichungen<\/strong><br \/>\nDie Society wird weiterhin ihre Vision verfolgen, die gesamte Neue Botschaft von Gott zu ver\u00f6ffentlichen, sowohl in ihren B\u00fcchern und B\u00e4nden als auch vielleicht eines Tages als ein einziges Buch, einfach genannt: \u201cDie Neue Botschaft von Gott.\u201d Dies ist ein enormes Unterfangen, wozu die Society Ihren Beitrag und Ihre Beteiligung ben\u00f6tigt. Bitte erw\u00e4gen Sie, <a href=\"http:\/\/www.neuebotschaft.org\/weltweite-gemeinschaft\/gesellschaft\/unterstutzen-sie-die-neue-botschaft\">eine Schenkung<\/a> vorzunehmen oder <a href=\"http:\/\/www.neuebotschaft.org\/weltweite-gemeinschaft\/gesellschaft\/unterstutzen-sie-die-neue-botschaft\">eine S\u00e4ule der Neuen Botschaft<\/a> zu werden, um diese heilige Sache zu unterst\u00fctzen. Wir danken Ihnen f\u00fcr Ihre Unterst\u00fctzung.<\/p>\n<\/div> <\/div><\/div>\n<div class=\"background-color-bridesmaid padding-20\">\n<h2 style=\"text-align: left;\"><span style=\"color: #525252;\">Inhaltsverzeichnis<\/span><\/h2>\n<p>Kapitel 1: <a href=\"https:\/\/www.newmessage.org\/de\/die-botschaft\/band-5\/weisheit-aus-der-groseren-gemeinschaft-band-1\/die-grosere-religion\/\">Die Gr\u00f6\u00dfere Religion<\/a><br \/>\nKapitel 2: <a href=\"https:\/\/www.newmessage.org\/de\/die-botschaft\/band-5\/weisheit-aus-der-groseren-gemeinschaft-band-1\/beziehungen-und-sexualitat\/\">Beziehungen und Sexualit\u00e4t<\/a><br \/>\nKapitel 3: <a href=\"https:\/\/www.newmessage.org\/de\/die-botschaft\/band-5\/weisheit-aus-der-groseren-gemeinschaft-band-1\/grosere-gemeinschaft\/\">Gr\u00f6\u00dfere Gemeinschaft<\/a><br \/>\nKapitel 4: <a href=\"https:\/\/www.newmessage.org\/de\/die-botschaft\/band-5\/weisheit-aus-der-groseren-gemeinschaft-band-1\/vertrauen\/\">Vertrauen<\/a><br \/>\nKapitel 5: <a href=\"https:\/\/www.neuebotschaft.org\/die-botschaft\/band-5\/weisheit-aus-der-groseren-gemeinschaft-band-1\/ehe\/\">Ehe<\/a><br \/>\nKapitel 6: <a href=\"https:\/\/www.neuebotschaft.org\/die-botschaft\/band-5\/weisheit-aus-der-groseren-gemeinschaft-band-1\/gesundheit\/\">Gesundheit<\/a><br \/>\nKapitel 7: <a href=\"https:\/\/www.neuebotschaft.org\/die-botschaft\/band-5\/weisheit-aus-der-groseren-gemeinschaft-band-1\/freiheit\/\">Freiheit<\/a><br \/>\nKapitel 8: <a href=\"https:\/\/www.neuebotschaft.org\/die-botschaft\/band-5\/weisheit-aus-der-groseren-gemeinschaft-band-1\/vorbereitung-auf-die-zukunft\/\">Vorbereitung auf die Zukunft<\/a><br \/>\nKapitel 9: <a href=\"https:\/\/www.neuebotschaft.org\/die-botschaft\/band-5\/weisheit-aus-der-groseren-gemeinschaft-band-1\/spirituelle-wahrheiten\/\">Spirituelle Wahrheiten<\/a><br \/>\nKapitel 10: <a href=\"https:\/\/www.neuebotschaft.org\/die-botschaft\/band-5\/weisheit-aus-der-groseren-gemeinschaft-band-1\/dienst-in-der-welt\/\">Dienst in der Welt<\/a><br \/>\nKapitel 11: <a href=\"https:\/\/www.neuebotschaft.org\/die-botschaft\/band-5\/weisheit-aus-der-groseren-gemeinschaft-band-1\/macht-und-verantwortung\/\">Macht und Verantwortung<\/a><br \/>\nKapitel 12: <a href=\"https:\/\/www.newmessage.org\/de\/die-botschaft\/band-5\/weisheit-aus-der-groseren-gemeinschaft-band-1\/liebe\/\">Liebe<\/a><br \/>\nKapitel 13: <a href=\"https:\/\/www.neuebotschaft.org\/die-botschaft\/band-5\/weisheit-aus-der-groseren-gemeinschaft-band-1\/spirituelle-gemeinschaft\/\">Spirituelle Gemeinschaft<\/a><br \/>\nKapitel 14: <a href=\"https:\/\/www.neuebotschaft.org\/die-botschaft\/band-5\/weisheit-aus-der-groseren-gemeinschaft-band-1\/evolution-der-welt\/\">Evolution der Welt<\/a><br \/>\nKapitel 15: <a href=\"https:\/\/www.neuebotschaft.org\/die-botschaft\/band-5\/weisheit-aus-der-groseren-gemeinschaft-band-1\/geben-1\/\">Geben 1<\/a><br \/>\nKapitel 16: <a href=\"https:\/\/www.neuebotschaft.org\/die-botschaft\/band-5\/weisheit-aus-der-groseren-gemeinschaft-band-1\/geben-2\/\">Geben 2<\/a><br \/>\nKapitel 17: <a href=\"https:\/\/www.neuebotschaft.org\/die-botschaft\/band-5\/weisheit-aus-der-groseren-gemeinschaft-band-1\/meisterschaft\/\">Meisterschaft<\/a><br \/>\nKapitel 18: <a href=\"https:\/\/www.neuebotschaft.org\/die-botschaft\/band-5\/weisheit-aus-der-groseren-gemeinschaft-band-1\/hohere-erziehung\/\">H\u00f6here Erziehung<\/a><br \/>\nKapitel 19: <a href=\"https:\/\/www.neuebotschaft.org\/die-botschaft\/band-5\/weisheit-aus-der-groseren-gemeinschaft-band-1\/erfullung\/\">Erf\u00fcllung<\/a><br \/>\nKapitel 20: <a href=\"https:\/\/www.neuebotschaft.org\/die-botschaft\/band-5\/weisheit-aus-der-groseren-gemeinschaft-band-1\/inneres-zuhoren\/\">Inneres Zuh\u00f6ren<\/a><br \/>\nKapitel 21: <a href=\"https:\/\/www.neuebotschaft.org\/die-botschaft\/band-5\/weisheit-aus-der-groseren-gemeinschaft-band-1\/bestandiges-gluck\/\">Best\u00e4ndiges Gl\u00fcck<\/a><br \/>\nKapitel 22: <a href=\"https:\/\/www.neuebotschaft.org\/die-botschaft\/band-5\/weisheit-aus-der-groseren-gemeinschaft-band-1\/dem-leiden-entkommen\/\">Dem Leiden entkommen <\/a><br \/>\nKapitel 23: <a href=\"https:\/\/www.neuebotschaft.org\/die-botschaft\/band-5\/weisheit-aus-der-groseren-gemeinschaft-band-1\/vergebung\/\">Vergebung<\/a><br \/>\nKapitel 24: <a href=\"https:\/\/www.neuebotschaft.org\/die-botschaft\/band-5\/weisheit-aus-der-groseren-gemeinschaft-band-1\/gluck-in-der-welt\/\">Gl\u00fcck in der Welt<\/a><br \/>\nKapitel 25: <a href=\"https:\/\/www.neuebotschaft.org\/die-botschaft\/band-5\/weisheit-aus-der-groseren-gemeinschaft-band-1\/der-angst-entkommen\/\">Der Angst entkommen<\/a><br \/>\nKapitel 26: <a href=\"https:\/\/www.neuebotschaft.org\/die-botschaft\/band-5\/weisheit-aus-der-groseren-gemeinschaft-band-1\/stille\/\">Stille<\/a><br \/>\nKapitel 27: <a href=\"https:\/\/www.neuebotschaft.org\/die-botschaft\/band-5\/weisheit-aus-der-groseren-gemeinschaft-band-1\/enttauschung\/\">Entt\u00e4uschung<\/a><br \/>\nKapitel 28: <a href=\"https:\/\/www.neuebotschaft.org\/die-botschaft\/band-5\/weisheit-aus-der-groseren-gemeinschaft-band-1\/macht-zum-guten-nutzen\/\">Macht zum Guten nutzen<\/a><br \/>\nKapitel 29: <a href=\"https:\/\/www.neuebotschaft.org\/die-botschaft\/band-5\/weisheit-aus-der-groseren-gemeinschaft-band-1\/glaube-und-angst\/\">Glaube und Angst<\/a><br \/>\nKapitel 30: <a href=\"https:\/\/www.neuebotschaft.org\/die-botschaft\/band-5\/weisheit-aus-der-groseren-gemeinschaft-band-1\/wahrnehmung\/\">Wahrnehmung<\/a><br \/>\nKapitel 31: <a href=\"https:\/\/www.neuebotschaft.org\/die-botschaft\/band-5\/weisheit-aus-der-groseren-gemeinschaft-band-1\/heilung\/\">Heilung<\/a><br \/>\nKapitel 32: <a href=\"https:\/\/www.neuebotschaft.org\/die-botschaft\/band-5\/weisheit-aus-der-groseren-gemeinschaft-band-1\/errungenschaft\/\">Errungenschaft<\/a><br \/>\nKapitel 33: <a href=\"https:\/\/www.neuebotschaft.org\/die-botschaft\/band-5\/weisheit-aus-der-groseren-gemeinschaft-band-1\/veranderung-bewirken\/\">Ver\u00e4nderung bewirken<\/a><br \/>\nKapitel 34: <a href=\"https:\/\/www.neuebotschaft.org\/die-botschaft\/band-5\/weisheit-aus-der-groseren-gemeinschaft-band-1\/religion-als-erziehung\/\">Religion als Erziehung<\/a><br \/>\nKapitel 35: <a href=\"https:\/\/www.neuebotschaft.org\/die-botschaft\/band-5\/weisheit-aus-der-groseren-gemeinschaft-band-1\/frieden-verwirklichen\/\">Frieden verwirklichen<\/a><\/p>\n<\/div>\n","protected":false},"excerpt":{"rendered":"<p>Ein Buch der Neuen Botschaft mit den Lehren zur Weisheit Weisheit der Gr\u00f6\u00dferen Gemeinschaft Buch Eins ist ein weiser und mitf\u00fchlender F\u00fchrer zur Entdeckung der Lehre der Neuen Botschaft \u00fcber die Macht der Beziehung und die innere Gewissheit im allt\u00e4glichen Leben. Weisheit der Gr\u00f6\u00dferen Gemeinschaft Buch Eins spricht jenes anhaltende Gef\u00fchl an, dass es etwas\u2026 <a class=\"read-more\" href=\"https:\/\/www.v6.newmessage.org\/de\/more-about-the-volumes\/\"><span>Read More<\/span><\/a><\/p>\n","protected":false},"author":8,"featured_media":0,"parent":27894,"menu_order":0,"comment_status":"closed","ping_status":"closed","template":"template-leftsidebar.php","meta":{"_monsterinsights_skip_tracking":false,"_monsterinsights_sitenote_active":false,"_monsterinsights_sitenote_note":"","_monsterinsights_sitenote_category":0,"footnotes":""},"categories":[498,485,483],"tags":[1001,1000,1006,1005],"_links":{"self":[{"href":"https:\/\/www.v6.newmessage.org\/de\/wp-json\/wp\/v2\/pages\/27930"}],"collection":[{"href":"https:\/\/www.v6.newmessage.org\/de\/wp-json\/wp\/v2\/pages"}],"about":[{"href":"https:\/\/www.v6.newmessage.org\/de\/wp-json\/wp\/v2\/types\/page"}],"author":[{"embeddable":true,"href":"https:\/\/www.v6.newmessage.org\/de\/wp-json\/wp\/v2\/users\/8"}],"replies":[{"embeddable":true,"href":"https:\/\/www.v6.newmessage.org\/de\/wp-json\/wp\/v2\/comments?post=27930"}],"version-history":[{"count":32,"href":"https:\/\/www.v6.newmessage.org\/de\/wp-json\/wp\/v2\/pages\/27930\/revisions"}],"predecessor-version":[{"id":29365,"href":"https:\/\/www.v6.newmessage.org\/de\/wp-json\/wp\/v2\/pages\/27930\/revisions\/29365"}],"up":[{"embeddable":true,"href":"https:\/\/www.v6.newmessage.org\/de\/wp-json\/wp\/v2\/pages\/27894"}],"wp:attachment":[{"href":"https:\/\/www.v6.newmessage.org\/de\/wp-json\/wp\/v2\/media?parent=27930"}],"wp:term":[{"taxonomy":"category","embeddable":true,"href":"https:\/\/www.v6.newmessage.org\/de\/wp-json\/wp\/v2\/categories?post=27930"},{"taxonomy":"post_tag","embeddable":true,"href":"https:\/\/www.v6.newmessage.org\/de\/wp-json\/wp\/v2\/tags?post=27930"}],"curies":[{"name":"wp","href":"https:\/\/api.w.org\/{rel}","templated":true}]}}