{"id":27883,"date":"2017-06-09T04:41:32","date_gmt":"2017-06-09T04:41:32","guid":{"rendered":"http:\/\/www.newmessage.org\/german-international\/?page_id=27883"},"modified":"2017-06-22T04:44:56","modified_gmt":"2017-06-22T04:44:56","slug":"wer-ist-marshall-vian-summers","status":"publish","type":"page","link":"https:\/\/www.v6.newmessage.org\/de\/der-bote\/wer-ist-marshall-vian-summers\/","title":{"rendered":"Wer ist Marshall Vian Summers?"},"content":{"rendered":"<p><a href=\"\/wp-content\/uploads\/2015\/08\/DSC_0146-copy.jpg\"><img decoding=\"async\" class=\"alignright size-medium imgborder\" src=\"\/wp-content\/uploads\/2015\/08\/DSC_0146-copy-300x200.jpg\" alt=\"DSC_0146 copy\" \/><\/a>Marshall Vian Summers ist der Bote f\u00fcr die Neue Botschaft von Gott. Seit mehr als drei Jahrzehnten war er der Empf\u00e4nger einer immensen Neuen Botschaft, die gegeben wurde, um die Menschheit auf den gro\u00dfen wirtschaftlichen, sozialen und umweltspezifischen Wandel vorzubereiten, der auf die Welt zukommt sowie auf den Aufstieg der Menschheit in ein Universum intelligenten Lebens. <\/p>\n<p>Im Herbst 1981, im Alter von 32 Jahren, hatte Marshall Vian Summers eine direkte Begegnung mit dem  <a href=\"http:\/\/www.neuebotschaft.org\/wichtige-begriffe#aa\">Engelsrat<\/a> , der \u00fcber die Welt wacht. Diese Begegnung \u00e4nderte f\u00fcr immer den Verlauf seines Lebens und f\u00fchrte ihn in eine tiefere Beziehung zum Engelsrat ein, was es erforderlich machte, dass er sein Leben Gott hingab. Und so begann der lange, mysteri\u00f6se Prozess des Empfangs von Gottes Neuer Botschaft f\u00fcr die Menschheit. <\/p>\n<p>Im Anschluss an die mysteri\u00f6se Einf\u00fchrung hatte er im Alter von 33 Jahren eine zweite Begegnung mit dem  <a href=\"http:\/\/www.neuebotschaft.org\/wichtige-begriffe#aa\">Engelsrat<\/a> , in welcher er angewiesen wurde, zu beginnen, seine Botschaft f\u00fcr die Welt zu empfangen und &#8220;aufzuzeichnen&#8221;. <\/p>\n<p>Im Lauf der Jahrzehnte seit damals hat sich eine immense Offenbarung f\u00fcr die Menschheit entfaltet, manchmal langsam und manchmal in gro\u00dfen Sturzb\u00e4chen. W\u00e4hrend vieler dieser langen Jahre musste er mit der Unterst\u00fctzung von nur ein paar Individuen fortschreiten und wusste nicht, was diese wachsende Offenbarung bedeuten w\u00fcrde und wohin sie letztendlich f\u00fchren sollte.<\/p>\n<p>F\u00fcr einen gro\u00dfen Teil des Jahres wohnt Marshall in den Rocky Mountains der Vereinigten Staaten, wo er in relativer Abgeschiedenheit lebt, unterst\u00fctzt von seiner Familie und Mitgliedern der <a href=\"http:\/\/www.neuebotschaft.org\/weltweite-gemeinschaft\/gesellschaft\/\">Society for the New Message<\/a>. Dort f\u00fchrt er seine Mission des Empfangs, der Vorbereitung und Pr\u00e4sentation der Neuen Botschaft von Gott an die Welt fort. <\/p>\n<p>Bei seltenen Gelegenheit wird Marshall von der Quelle der Neuen Botschaft angewiesen, zu bestimmten Orten rund um die Welt (<a href=\"https:\/\/www.newmessage.org\/gods-messenger\/journeys-messenger\">Reisen<\/a>) zu reisen, um Gottes Offenbarung f\u00fcr jene Zeit und jenen Ort zu empfangen und die tiefere Wahrheit, die in Gottes Neuer Botschaft enthalten ist, bei besonderen Versammlungen der Weltweiten Gemeinschaft zu enth\u00fcllen (<a href=\"https:\/\/www.newmessage.org\/worldwide-community\/events\">Events<\/a>).<\/p>\n<p>Der Bote hat eine lange und schwierige Reise unternommen, um die gr\u00f6\u00dfte Offenbarung zu empfangen und zu pr\u00e4sentieren, die jemals der menschlichen Familie gegeben wurde. Noch heute f\u00e4hrt die <a href=\"https:\/\/www.newmessage.org\/de\/wichtige-begriffe#voice\">Stimme der Offenbarung<\/a> fort, durch ihn zu str\u00f6men, w\u00e4hrend er vor der gro\u00dfen Herausforderung steht, Gottes Neue Offenbarung zu einer beunruhigten und geteilten Welt zu bringen. <\/p>\n<ul>\n<li>Lies die <a href=\"http:\/\/www.neuebotschaft.org\/die-botschaft\/band-1\/der-neue-bote\/die-geschichte-des-boten\/\">Geschichte des Boten<\/a>.<\/li>\n<li>H\u00f6re die Audiopredigten (welche bald kommen werden).<\/li>\n<li>Lese und h\u00f6re die  <a href=\"http:\/\/www.neuebotschaft.org\/die-botschaft\/band-1\/der-neue-bote\/\">Offenbarungen der Neuen Botschaft<\/a>  \u00fcber die Herkunft, Mission und Bestimmung des Boten.<\/li>\n<li>Erfahre mehr \u00fcber die Arbeit des Boten, um das Testament der Neuen Botschaft zusammenzustellen (Weiteres wird folgen\u2026).<\/li>\n<li>Lese \u00fcber die <a href=\"https:\/\/www.newmessage.org\/gods-messenger\/journeys-messenger\">Reisen<\/a> des Boten Reisen  in die Welt.<\/li>\n<\/ul>\n","protected":false},"excerpt":{"rendered":"<p>Marshall Vian Summers ist der Bote f\u00fcr die Neue Botschaft von Gott. Seit mehr als drei Jahrzehnten war er der Empf\u00e4nger einer immensen Neuen Botschaft, die gegeben wurde, um die Menschheit auf den gro\u00dfen wirtschaftlichen, sozialen und umweltspezifischen Wandel vorzubereiten, der auf die Welt zukommt sowie auf den Aufstieg der Menschheit in ein Universum intelligenten\u2026 <a class=\"read-more\" href=\"https:\/\/www.v6.newmessage.org\/de\/der-bote\/wer-ist-marshall-vian-summers\/\"><span>Read More<\/span><\/a><\/p>\n","protected":false},"author":8,"featured_media":0,"parent":12766,"menu_order":0,"comment_status":"closed","ping_status":"closed","template":"template-leftsidebar.php","meta":{"_monsterinsights_skip_tracking":false,"_monsterinsights_sitenote_active":false,"_monsterinsights_sitenote_note":"","_monsterinsights_sitenote_category":0,"footnotes":""},"categories":[81],"tags":[996,995,997,430],"_links":{"self":[{"href":"https:\/\/www.v6.newmessage.org\/de\/wp-json\/wp\/v2\/pages\/27883"}],"collection":[{"href":"https:\/\/www.v6.newmessage.org\/de\/wp-json\/wp\/v2\/pages"}],"about":[{"href":"https:\/\/www.v6.newmessage.org\/de\/wp-json\/wp\/v2\/types\/page"}],"author":[{"embeddable":true,"href":"https:\/\/www.v6.newmessage.org\/de\/wp-json\/wp\/v2\/users\/8"}],"replies":[{"embeddable":true,"href":"https:\/\/www.v6.newmessage.org\/de\/wp-json\/wp\/v2\/comments?post=27883"}],"version-history":[{"count":4,"href":"https:\/\/www.v6.newmessage.org\/de\/wp-json\/wp\/v2\/pages\/27883\/revisions"}],"predecessor-version":[{"id":28075,"href":"https:\/\/www.v6.newmessage.org\/de\/wp-json\/wp\/v2\/pages\/27883\/revisions\/28075"}],"up":[{"embeddable":true,"href":"https:\/\/www.v6.newmessage.org\/de\/wp-json\/wp\/v2\/pages\/12766"}],"wp:attachment":[{"href":"https:\/\/www.v6.newmessage.org\/de\/wp-json\/wp\/v2\/media?parent=27883"}],"wp:term":[{"taxonomy":"category","embeddable":true,"href":"https:\/\/www.v6.newmessage.org\/de\/wp-json\/wp\/v2\/categories?post=27883"},{"taxonomy":"post_tag","embeddable":true,"href":"https:\/\/www.v6.newmessage.org\/de\/wp-json\/wp\/v2\/tags?post=27883"}],"curies":[{"name":"wp","href":"https:\/\/api.w.org\/{rel}","templated":true}]}}