{"id":27820,"date":"2017-06-01T04:00:48","date_gmt":"2017-06-01T04:00:48","guid":{"rendered":"http:\/\/www.newmessage.org\/german-international\/?page_id=27820"},"modified":"2021-11-29T07:41:56","modified_gmt":"2021-11-29T07:41:56","slug":"die-burde-des-boten","status":"publish","type":"page","link":"https:\/\/www.v6.newmessage.org\/de\/die-botschaft\/band-1\/die-zeit-der-offenbarung\/die-burde-des-boten\/","title":{"rendered":"Die B\u00fcrde des Boten"},"content":{"rendered":"<div><!-- 4.0 --><\/div>\n\n<div class=\"tabgroup \"><ul class=\"tabs\"><li><a href=\"#tabs-1\">\u00dcber<\/a><\/li>\n<li><a href=\"#tabs-2\"> Anmerkung<\/a><\/li><\/ul>\n <div id=\"tabs-1\"><\/p>\n<p class=\"revelation_details\"><em>Wie offenbart<br \/>\nMarshall Vian Summers<br \/>\nam 5. April 2011 &#8211;<br \/>\nin Boulder, Colorado<\/em><\/p>\n<div class=\"toggle toggle-white\"><h4 class=\"trigger \"><span class=\"t_ico\"><\/span><a href=\"#\">\u00dcber diesen Text<\/a><\/h4><div class=\"toggle_container \"><br \/>\n<p>Was du in diesem Text liest, ist die Transkription der Originalstimme des <a href=\"https:\/\/www.newmessage.org\/de\/wichtige-begriffe#aa\">Engelsrates<\/a>, wie sie \u00fcber den <a href=\"http:\/\/www.neuebotschaft.org\/der-bote\/\">Boten Marshall Vian Summers<\/a> sprach.<\/p>\n<p>Hierbei wird die originale Kommunikation von Gott, die jenseits von Worten existiert, vom <a href=\"https:\/\/www.newmessage.org\/de\/wichtige-begriffe#aa\">Engelsrat<\/a>, der \u00fcber die Welt wacht, in menschliche Sprache und menschliches Verst\u00e4ndnis \u00fcbersetzt. Der Rat bringt dann Gottes Botschaft \u00fcber den Boten dar, woraufhin sie transkribiert und euch und allen Menschen verf\u00fcgbar gemacht wird.<\/p>\n<p>In diesem bemerkenswerten Prozess spricht die <a href=\"https:\/\/www.newmessage.org\/de\/wichtige-begriffe#voice\">Stimme der Offenbarung<\/a> erneut. Das Wort und der Klang sind in der Welt. M\u00f6gest du der Empf\u00e4nger dieses Geschenks der Offenbarung sein und m\u00f6gest du offen sein, ihre einmalige Botschaft f\u00fcr dich und f\u00fcr dein Leben zu empfangen.<\/p>\n<br \/>\n<\/div><\/div><br \/>\n<\/div>\n<div id=\"tabs-2\"><br \/>\n<em> Anmerkung an den Leser:<br \/>\nDiese \u00dcbersetzung wurde der Society von einem Sch\u00fcler der Neuen Botschaft verf\u00fcgbar gemacht, der den englischen Originaltext als Freiwilliger \u00fcbersetzt hat. Wir stellen diese \u00dcbersetzung in dieser fr\u00fchen Form zur Verf\u00fcgung, damit jeder Gelegenheit hat, sich mit einem Teil der Neuen Botschaft in seiner eigenen Sprache zu befassen.<\/em><br \/>\n<\/div>\n\t\t\t\t<div align=\"right\">\n\t\t\t<div class=\"fb-like\" data-href=\"\" data-layout=\"button_count\" data-action=\"like\" data-show-faces=\"false\" data-share=\"false\"><\/div>\n\t\t\t<div class=\"fb-share-button\" data-layout=\"button_count\"> <\/div>\n\t\t\t<div class=\"fb_iframe_widget\"><a href=\"https:\/\/twitter.com\/godsnewmessage?ref_src=twsrc%5Etfw\" class=\"twitter-follow-button\" data-show-count=\"false\">Follow @godsnewmessage<\/a><script async src=\"https:\/\/platform.twitter.com\/widgets.js\" charset=\"utf-8\"><\/script><\/div>\n\t\t\t<\/div> <\/div> \n\n<p>Gott hat eine Neue Botschaft in die Welt gesandt. Denn die Menschheit tritt in eine neue \u00c4ra ein, eine schwierige \u00c4ra, eine \u00c4ra von gro\u00dfem Wandel in Bezug auf die Umwelt sowie politische und wirtschaftliche Instabilit\u00e4t. Die Menschheit sieht sich dem Wettbewerb von Rassen im Universum ausgesetzt, die auf der Welt sind, um sich den menschlichen Konflikt zu ihren eigenen Zwecken zunutze zu machen.<\/p>\n<p>Es ist eine Schwelle, die das Schicksal und die Zukunft der menschlichen Zivilisation bestimmt. Die Herausforderung wird immens sein, aber ebenso die Berufung der Menschen, zum Zwecke der menschlichen Genialit\u00e4t, Kreativit\u00e4t und Einheit zusammenzuarbeiten.<\/p>\n<p>Es ist eine noch nie dagewesene Zeit. Es ist die Zeit der Offenbarung.<\/p>\n<p>Die fr\u00fcheren Offenbarungen Gottes k\u00f6nnen die Menschheit nicht auf das vorbereiten, dem sie sich jetzt gegen\u00fcber sieht. Also hat Gott wieder f\u00fcr die menschliche Familie gesprochen und eine Neue Offenbarung auf die Welt gesandt. Dies ist die Offenbarung.<\/p>\n<p>Ein Bote wurde hierher gesandt, um die Neue Offenbarung zu empfangen, um sie weiter in die Welt zu tragen und eine wesentliche Gemeinde f\u00fcr sie aufzubauen, so dass ihre Reinheit und ihre Wirksamkeit sichergestellt werden kann.<\/p>\n<p>Die Offenbarung ist gr\u00f6\u00dfer als irgendetwas, was der Menschheit jemals vorher gegeben wurde. Sie schlie\u00dft ihren eigenen Kommentar ein. Sie bringt Ihnen nicht nur die gr\u00f6\u00dfere Wahrheit.  Sie sagt Ihnen, was sie bedeutet und wie sie zum Ausdruck gebracht und angewendet werden kann.<\/p>\n<p>Die Offenbarung wird nicht Individuen \u00fcberlassen, wie wohlmeinend sie auch sein m\u00f6gen, um ihre Bedeutung und ihren Wert hier auf der Erde zu bestimmen. Dies hat nat\u00fcrlich in der Vergangenheit sowohl zu Weisheit als auch zu Irrtum gef\u00fchrt.<\/p>\n<p>Die Bedeutung der Offenbarung ist nun zu kritisch, um sie menschlichem Verst\u00e4ndnis  und menschlichem Erfindungsgeist zu \u00fcberlassen.<\/p>\n<p>Deshalb ist der Bote hier. Deshalb enth\u00e4lt die Botschaft ihren eigenen Kommentar und Lehren\u2014eintausend Lehren f\u00fcr eine sich \u00e4ndernde Welt.<\/p>\n<p>Der Bote tr\u00e4gt eine gro\u00dfe B\u00fcrde. Er hat Jahrzehnte damit zugebracht, etwas von immenser Gr\u00f6\u00dfe zu empfangen, eine neue Schwelle des Bewusstseins und ein Verst\u00e4ndnis f\u00fcr die menschliche Familie.<\/p>\n<p>Er hat Weisheit und Kenntnis vom Universum hierher gebracht, damit die Menschheit f\u00fcr ihre Begegnung mit dem Leben jenseits ihrer Grenzen vorbereitet wird.<\/p>\n<p>Er hat eine Neue Offenbarung \u00fcber Gott und die Sch\u00f6pfung gebracht. Er hat ein neues Verst\u00e4ndnis der menschlichen Beziehungen und der Natur und des Zwecks der menschlichen Spiritualit\u00e4t gebracht.<\/p>\n<p>Er bringt eine Offenbarung hervor, die unverdorben von der Welt ist, die von der Welt nicht ver\u00e4ndert wurde. Er erlaubt den Menschen, die Stimme zu h\u00f6ren, die zu ihm gesprochen hat, so dass die Botschaft selbst sehr klar sein kann.<\/p>\n<p>Es ist eine Offenbarung anderer Art als irgendetwas, was der Menschheit vorher gegeben wurde. Es ist nicht nur ein laufender Kommentar \u00fcber menschliche Spiritualit\u00e4t. Es ist nicht nur eine Verfeinerung dessen, was vorher gegeben wurde. Es ist nicht nur eine Reaktion auf Religionen oder religi\u00f6se Institutionen.<\/p>\n<p>Es ist eine neue Schwelle f\u00fcr die Menschheit. Denn Sie treten nun in eine Gr\u00f6\u00dfere Gemeinschaft des Lebens ein und Sie m\u00fcssen nun von dieser Gr\u00f6\u00dferen Gemeinschaft des Lebens erfahren, die Ihr Verst\u00e4ndnis von G\u00f6ttlichkeit, Zweck und Bedeutung im Leben neu definiert.<\/p>\n<p>Die Menschheit betritt eine schwierigere Welt, eine neue Welt einer Instabilit\u00e4t der Umwelt mit gro\u00dfem Risiko f\u00fcr Konflikt und Krieg.<\/p>\n<p>Sie funktionieren nun auf planetarischer Ebene, in die jeder einbezogen wird. Es ist nicht blo\u00df ein Problem einer Nation oder eines Stammes oder einer Gruppe.<\/p>\n<p>Wir sprechen mit der Autorit\u00e4t des Sch\u00f6pfers, und der Bote muss mit der Autorit\u00e4t des Sch\u00f6pfers sprechen.<\/p>\n<p>Er wird verkannt. Er wird verleugnet. Denn dies geschieht immer zur Zeit der Offenbarung.<\/p>\n<p>Doch er ist ein einfacher Mann. Er ist ohne Ehrgeiz oder T\u00e4uschung. In einem gewissen Sinn ist er zu gut f\u00fcr die Welt, aber seine G\u00fcte ist notwendig, um die Offenbarung zu vertreten.<\/p>\n<p>Es ist eine gro\u00dfe B\u00fcrde f\u00fcr ihn, und etwas von dieser Gr\u00f6\u00dfe mitzuteilen erfordert Geschick, Klarheit und Entschlossenheit seinerseits und seitens der vielen Menschen, die Zeuge zu Beginn seines gr\u00f6\u00dferen geistlichen Amtes sein werden.<\/p>\n<p>Die Offenbarung erf\u00fcllt nicht die Erwartungen der Menschen. Sie ist nicht eine Erf\u00fcllung der Vergangenheit. Sie ist nicht an menschliches Verst\u00e4ndnis, menschliche Konventionen oder gar menschliches theologisches Verst\u00e4ndnis gebunden.<\/p>\n<p>All dies muss der Bote mitteilen. Es werden ihm dumme Fragen gestellt. Es werden ihm \u00fcbelwollende Fragen gestellt. Zweifel, Schuld und f\u00fcrchterliche Assoziationen werden von Narren und Ignoranten auf ihn geworfen<\/p>\n<p>Die Leute f\u00fchlen sich durch seine Erkl\u00e4rungen bedroht, nicht weil die Erkl\u00e4rungen falsch sind, sondern weil sie nicht bereit sind, ihre eigenen Vorstellungen zu \u00fcberdenken. Sie k\u00f6nnen nicht auf die Neue Offenbarung reagieren. Sie k\u00f6nnen nicht akzeptieren, dass Gott erneut gesprochen hat. Sie haben zu viel Angst und zu viele Investitionen in die Vergangenheit, um in der Lage zu sein, ihren Glauben, ihre Vorstellungen und ihre Assoziationen zu \u00fcberdenken.<\/p>\n<p>Dennoch gibt es viele K\u00f6pfe auf der Welt, die offen sind. Es gibt viele Leute, die nach der Neuen Offenbarung suchen. Es w\u00e4re von gr\u00f6\u00dftem Vorteil, wenn sie vom Boten erfahren w\u00fcrden, solange er am Leben ist. Er ist nun ein \u00e4lterer Mann. Er hat nicht mehr viele Jahre. Und es ist ein so gro\u00dfer Segen, ihm zu begegnen, ihn zu kennen und ihn sprechen zu h\u00f6ren, auch wenn Sie nicht pers\u00f6nlich bei ihm sein k\u00f6nnen.<\/p>\n<p>Zum ersten Mal wurde die Offenbarung genau und komplett zur Zeit des Boten aufgezeichnet. Dies ist nicht etwas, was formuliert wird, nachdem der Bote uns verlassen hat und von Leuten in ein religi\u00f6ses Verst\u00e4ndnis gegossen wird, die in Wirklichkeit kein religi\u00f6ses Verst\u00e4ndnis haben.<\/p>\n<p>Deshalb hat die Offenbarung so sehr lange gedauert. Sie wurde mit gro\u00dfer Sorgfalt vorgebracht. Sie gibt ihren eigenen Kommentar ab, um das gro\u00dfe Risiko des Missverst\u00e4ndnisses und der Fehlanwendung einzugrenzen.<\/p>\n<p>Dem Boten wurde Weisheit und Kenntnis vom Universum verliehen, die die Menschheit braucht, um mit ihren Schwierigkeiten hier auf der Erde konfrontiert zu werden und der immensen Herausforderung zu begegnen, es mit einem nicht-menschlichen Universum zu tun zu haben, einem wettbewerbsgepr\u00e4gten Universum, einem Universum, von dem die Menschheit nichts wei\u00df.<\/p>\n<p>Der Bote muss von der Realit\u00e4t und der Spiritualit\u00e4t dieser Gr\u00f6\u00dferen Gemeinschaft des Lebens zumindest generell sprechen, damit die Leute verstehen k\u00f6nnen, womit sie es zu tun haben\u2014die Vorteile, die die Menschheit davon hat und ebenso ihre Nachteile.<\/p>\n<p>Der Bote spricht von Dingen f\u00fcr die Gegenwart und f\u00fcr die Zukunft. Er gibt Antworten auf Fragen, die noch nicht einmal gestellt worden sind. Er spricht zu den Bed\u00fcrfnissen der Leute in der Zukunft wie auch der Leute von heute, denn die Offenbarung ist nicht nur f\u00fcr diese Zeit, sondern auch f\u00fcr die kommenden Zeiten.<\/p>\n<p>Der Bote hat Frau und Sohn, die treu ergeben sind, und eine kleine Gruppe von Personen, die engagiert und der Sache gewidmet sind, um ihm zu helfen, Gottes Neue Offenbarung in die Welt zu bringen.<\/p>\n<p>Jene, die gerufen sind, in vielen Nationen und von vielen Kulturen die ersten zu sein, die reagieren, werden Zeugen des Boten sein, denn sie leben in der Zeit der Offenbarung und der Zeit des Boten.<\/p>\n<p>Viele Leute werden Vieles vom Boten haben wollen. Sie werden wollen, dass er Wunder vollbringt und ein Heiler ist und dass er Antworten auf alle politischen und sozialen Probleme der heutigen Welt hat. Sie werden wollen, dass er f\u00fcr ihre N\u00f6te da ist. Sie werden denken, dass er viel Verschiedenes sein sollte.<\/p>\n<p>Dies kommt immer auf einen Boten zu, der eine Offenbarung bringt, nicht nur in den Zeiten, in denen sie eingef\u00fchrt wird, sondern auch f\u00fcr die Zukunft.<\/p>\n<p>Der Bote wird viele dieser Erwartungen entt\u00e4uschen m\u00fcssen. Er kann nicht in die moralischen Erwartungen passen, die viele Leuten haben werden. Denn sie verstehen den Boten nicht.  Sie verstehen die Mittel der Offenbarung nicht.<\/p>\n<p>Viele Leute werden dem Boten widerstehen, denn sie wollen sich nicht der Tatsache stellen, dass ein solches Individuum in ihrer Gegenwart ist, und was dies f\u00fcr sie bedeuten k\u00f6nnte und welche Art von Verantwortung dies hervorrufen k\u00f6nnte. Sie werden sagen, \u201cOh, es gibt viele Boten und viele Propheten und viele Lehren. Es kann nicht nur eine Person geben.\u201d Leute k\u00f6nnen sich \u00fcber die Frage entr\u00fcsten.<\/p>\n<p>Dann gibt es nat\u00fcrlich viele Leute, die glauben, dass kein neuer Prophet auf die Welt kommen kann, dass Gott alles gesagt hat, was er jeweils der Menschheit vor ein paar Jahrhunderten gesagt hat. Gott w\u00fcrde sich nicht mehr k\u00fcmmern. Gott gab Vorschriften vor Jahrhunderten und das w\u00e4re f\u00fcr immer ausreichend.<\/p>\n<p>Aber niemand kann sagen, nicht einmal Gottes Bote kann sagen, was Gott als N\u00e4chstes tun wird. Niemand kann ehrlich sagen, dass eine Neue Offenbarung der Welt nicht gegeben werden kann, denn dies ist eine Haltung der Ignoranz und Arroganz. Nicht einmal die Boten Gottes der Vergangenheit  k\u00f6nnen solche Anspr\u00fcche erheben.<\/p>\n<p>Daher m\u00fcssen die Menschen mit der Realit\u00e4t und der Bedeutung der Neuen Offenbarung konfrontiert werden. Sie m\u00fcssen mit ihrer Reaktion auf den Boten konfrontiert werden. Sie m\u00fcssen entweder mit dem Erfolg oder Scheitern einer solchen Begegnung konfrontiert werden. Es wird ein gro\u00dfer Test, ein Test der Integrit\u00e4t, der Aufrichtigkeit, Klarheit und Weisheit.<\/p>\n<p>Falls Sie wirklich aufrichtig zu sich selbst sind, werden Sie erkennen, dass Sie nicht sagen k\u00f6nnen, was Gott tun wird und was nicht. Sie k\u00f6nnen nicht behaupten, Ihre Religion ist die einzige Religion oder die gro\u00dfe Religion oder die letzte Religion oder die endg\u00fcltige Religion, denn dies ist, zu behaupten, dass Sie Gottes Plan und Zweck kennen, jetzt und in Zukunft, und keiner auf Erden, keiner im physischen Universum kann eine solche Behauptung aufstellen.<\/p>\n<p>Hier beginnen Sie, die B\u00fcrde des Boten zu sehen. Er wird auf die Offenbarung weisen\u2014ihre Erm\u00e4chtigung f\u00fcr den Einzelnen, ihre Weisung an die F\u00fchrer der Nationen, ihre Botschaft des Zwecks, der Einheit und der Dringlichkeit. Er wird von gro\u00dfen Problemen sprechen, mit denen die Menschen nicht konfrontiert werden m\u00f6chten. Seine Worte werden menschlicher Leugnung und menschlicher \u00dcberheblichkeit begegnen.<\/p>\n<p>Doch der Bote ist nicht hier, um Nationen und Regierungen und Institutionen zu verdammen, sondern eine Kl\u00e4rung der Meinung und des Zwecks der menschlichen Spiritualit\u00e4t zu bieten und was getan werden muss, um sich auf die Gro\u00dfen Wellen des Wandels vorzubereiten, die auf die Welt zukommen, und f\u00fcr die Zukunft der Menschheit und ihr Schicksal innerhalb der Gro\u00dfen Gemeinschaft des Lebens im Universum.<\/p>\n<p>Was er sagen wird, kann nur vom Boten gesagt werden, denn niemand auf der Erde k\u00f6nnte das wissen, was er sagt. Niemand auf der Erde hat in j\u00fcngster Zeit in der Gr\u00f6\u00dferen Gemeinschaft gelebt.<\/p>\n<p>Viele Leute sehen eine gro\u00dfe Gefahr in Bezug auf die Umwelt der Erde und die Zukunft der Zivilisation, aber niemand hat das Gesamtbild, denn nur Gott kann dies bieten.<\/p>\n<p>Gott muss \u00fcber einen einzigen Boten kommunizieren. Sonst wird die Botschaft geteilt und konfliktbeladen und wettbewerbsgepr\u00e4gt, was zu gro\u00dfer Verwirrung und Desillusionierung f\u00fchrt.<\/p>\n<p>Der Bote gibt ein v\u00f6llig neues R\u00e4tsel des Verst\u00e4ndnisses auf, ein Bewusstsein der Gr\u00f6\u00dferen Gemeinschaft, eine neue Vergegenw\u00e4rtigung Gottes, der Natur der G\u00f6ttlichen Pr\u00e4senz, Gottes Willen und Einflusses auf der Welt.<\/p>\n<p>Dies ist nicht ein Gott eines Volkes oder einer Welt. Dies ist ein Gott aller Universen.<\/p>\n<p>Dies ist nicht eine v\u00e4terliche Gottesfigur, die sich um die menschlichen Angelegenheiten sorgt und alle Einzelheiten jedes einzelnen Lebens.<\/p>\n<p>Dies ist ein Gott, der die Kr\u00e4fte der Evolution in Bewegung gesetzt hat, geologische und biologische Ver\u00e4nderung zu Beginn der Zeit<\/p>\n<p>Dies ist ein Gott, der nicht richtet und Leute in das H\u00f6llenfeuer wirft, denn Gott hat jeder Person die Macht der Kenntnis gegeben. Sie k\u00f6nnen vielleicht darauf reagieren, denn dies ist der Teil von Ihnen, der Gott nie verlassen hat, der Teil von Ihnen, der nie getrennt wurde. Es ist der Plan der Erl\u00f6sung, den sehr wenige Leute auf der Welt heute wirklich verstehen.<\/p>\n<p>Der Bote wird von diesen Dingen sprechen m\u00fcssen, von denen einige so weit jenseits von konventionellem Denken und Verst\u00e4ndnis sind, Dinge, auf die auf einer tieferen Ebene reagiert werden muss \u2014einer tieferen Ebene der Erkennung, einer tieferen Ebene der Aufrichtigkeit. Er stellt nicht nur zu ber\u00fccksichtigende und zu debattierende Theorien oder Perspektiven oder Vorstellung vor. Er \u00fcberbringt die Offenbarung.<\/p>\n<p>Er hat Jahrzehnte gebraucht, um sie zu empfangen, so gro\u00df ist sie. Ein Teil davon wird die Leute verwirren,  so weit jenseits ihrer gegenw\u00e4rtigen Sorgen und ihres gegenw\u00e4rtigen Verst\u00e4ndnisses ist er. Und doch ist ihr Wesenskern in jedem Menschen und nat\u00fcrlich f\u00fcr ihn, denn er spricht die tiefere Intelligenz in jedem Menschen an,  eine Intelligenz, getragen von ihrem Verh\u00e4ltnis zum G\u00f6ttlichen.<\/p>\n<p>Dies ist jenseits philosophischer Debatten und theologischer Argumente. Dies ist jenseits nationaler Perspektive oder religi\u00f6sen Stolzes. Dies ist jenseits von allem, das die Menschen von einander unterscheidet und untereinander in Gegensatz und Konflikt hier auf der Welt bringt.<\/p>\n<p>Der Bote stellt Spiritualit\u00e4t vor, wie sie von fortschrittlichen Rassen im Universum praktiziert wird. Dies ist nicht aus seinem Verst\u00e4ndnis heraus entstanden, sondern von der Offenbarung selbst.<\/p>\n<p>Der Bote spricht von der Intervention, die heute auf der Welt durch kleine Gruppen au\u00dferirdischer Forscher und Opportunisten stattfindet, die sich menschliche Schw\u00e4che und menschliche Erwartungen zunutze machen.<\/p>\n<p>Der Bote spricht von den Angelegenheiten der Gr\u00f6\u00dferen Gemeinschaft, nicht weil er selbst dort gewesen ist und herum gereist ist und zahllose Orte besucht hat, sondern weil dies die Offenbarung ist.<\/p>\n<p>Der Bote spricht von Beziehungen des h\u00f6heren Zwecks. Dies hat er erfahren und in seinem Leben nachgewiesen, aber was er sagt, ist Teil der Offenbarung, Was er sagt ist Teil der Offenbarung, denn die Offenbarung spricht \u00fcber so Vieles.<\/p>\n<p>Dies ist die B\u00fcrde des Boten. Dies ist in ihm. Dies wurde ihm offenbart.<\/p>\n<p>Der Prozess der Offenbarung wird auf der Welt nicht verstanden. Die Leute denken, die Boten sind G\u00f6tter oder sie setzen sie alle als reine Lehrer herab, indem sie verschiedene Perspektiven bieten.<\/p>\n<p>Die Leute wollen zu ihren Bedingungen zu Gott kommen, aber Gott legt die Regeln der Kontaktaufnahme fest. Gott bestimmt die Bedingungen der Ann\u00e4herung.<\/p>\n<p>Sie kennen nicht Ihren Weg zu Gott, aber Gott kennt den Weg zu Ihnen. Sie k\u00f6nnen nicht bestimmen, unter welchen Umst\u00e4nden Sie die Offenbarung annehmen oder glauben und empfangen, denn dies w\u00e4re nur blind und arrogant.<\/p>\n<p>Sie wissen nicht, was die Offenbarung offenbaren will. Sie ist nicht hier, um Sie reich, faul und gl\u00fccklich zu machen. Sie ist hier, Sie zu h\u00f6heren Diensten aufzurufen und Sie auf eine schwierigere und herausfordernde Welt vorzubereiten, eine Welt, die nun Faktoren und Einfl\u00fcsse einschlie\u00dft, die Sie nie vorher auf der Welt gesehen haben, Einfl\u00fcsse vom Universum rund um Sie.<\/p>\n<p>Jeder wurde in die Welt gesandt, um zu dieser Zeit auf der Welt zu sein, um mit diesen gro\u00dfen und hervortretenden Umst\u00e4nden konfrontiert zu werden. So etwas zu beanspruchen, ist zu viel f\u00fcr Sie, ist einfach, Ihre Schw\u00e4che zuzugeben und nicht ihre Verantwortung anzuerkennen, sich vorzubereiten.<\/p>\n<p>Jeder ist nat\u00fcrlich zu Beginn schwach. Sie werden nicht einfach stark, weil Sie es m\u00f6chten. Sie werden stark, indem Sie auf die Anforderungen und die Umst\u00e4nde des Lebens reagieren.<\/p>\n<p>Dies ist die Bedeutung der Offenbarung. Dies ist die Macht der Offenbarung. Die Zeit tickt und l\u00e4uft weiter. Die Menschheit hat nicht viel Zeit, sich an eine neue Welt anzupassen und sich auf die Gr\u00f6\u00dfere Gemeinschaft vorzubereiten.<\/p>\n<p>Das ist Teil der B\u00fcrde des Boten.<\/p>\n<p>Der Menschheit bleiben keine Jahrzehnte und Jahrhunderte, um die Bedeutung und den Wert der Offenbarung zu \u00fcberdenken. Denn das Schicksal und die Zukunft der Menschheit ist eine gro\u00dfe Wende. Die heute getroffenen Entscheidungen bestimmen das Ergebnis von so Vielem.<\/p>\n<p>Menschliche Vernachl\u00e4ssigung, menschliche Verantwortungslosigkeit, menschliche Leugnung\u2014all dies garantiert eine weit schwierigere Zukunft f\u00fcr Sie und f\u00fcr Ihre Kinder und f\u00fcr zuk\u00fcnftige Generationen.<\/p>\n<p>Menschliche Freiheit und Souver\u00e4nit\u00e4t in dieser Welt werden herausgefordert. Sie k\u00f6nnen nicht annehmen, dass Sie sie in der Zukunft ohne gro\u00dfe Vorbereitung und entschlossenes Handeln haben werden.<\/p>\n<p>Freiheit ist selten im Universum. Nationen, die frei sind, m\u00fcssen sich vorbereiten und m\u00fcssen gro\u00dfe Diskretion und Urteilskraft aus\u00fcben. Dies sind alles Dinge, die die Menschheit lernen, sch\u00e4tzen und bevorzugen muss.<\/p>\n<p>Dies ist die B\u00fcrde des Boten.<\/p>\n<p>Er wird durch die Beschr\u00e4nkungen der Reaktion der Leute beschr\u00e4nkt. Er wird durch die Ignoranz der anderen zur\u00fcckgehalten. Er muss mit den Projektionen der Schuld und Verurteilung fertig werden.<\/p>\n<p>Er muss seinen Kurs sehr sorgf\u00e4ltig, mit gro\u00dfer Sorgfalt einf\u00e4deln. Alles, was er sagt, kann erinnert werden. Alles, was er tut, ist eine Demonstration.<\/p>\n<p>Jene, die gesandt wurden, um ihm nahe zu sein, m\u00fcssen entwickelt, erzogen und stark werden, stark mit Kenntnis, oder sie k\u00f6nnten ihn an jene Kr\u00e4fte verraten, die versuchen, seine Pr\u00e4senz auf der Welt zu unterminieren und zu schm\u00e4lern.<\/p>\n<p>Gro\u00dfe Verantwortung erwartet alle, die dem Boten nahe sind und alle, die die Offenbarung erhalten.  Denn Sie erhalten sie nicht nur f\u00fcr sich selbst, sondern, um der Offenbarung zu gestatten, sich durch Sie zu anderen zu bewegen.<\/p>\n<p>Sie muss von Person zu Person geteilt werden. Dies ergibt ihre gr\u00f6\u00dfte Wirksamkeit. Aber um hierf\u00fcr die Klarheit der Neuen Botschaft zu behalten, muss die Reinheit der Botschaft gegeben und aufgezeichnet werden. Sonst geht ihre Bedeutung in der \u00dcbersetzung verloren.<\/p>\n<p>Dies ist Teil der B\u00fcrde des Boten.<\/p>\n<p>Denken Sie dar\u00fcber nach. Ber\u00fccksichtigen Sie dies. Und \u00fcberdenken Sie Ihre Verantwortung, auf die Offenbarung zu reagieren und ber\u00fccksichtigen Sie die Tatsache, dass Sie zur Zeit des Boten leben.<\/p>\n<p>Denken Sie nun dar\u00fcber ernsthaft nach. Es ist von gro\u00dfer Bedeutung f\u00fcr Ihr Leben und f\u00fcr die Zukunft und das Wohlbefinden der menschlichen Familie.<\/p>\n","protected":false},"excerpt":{"rendered":"<p>Gott hat eine Neue Botschaft in die Welt gesandt. Denn die Menschheit tritt in eine neue \u00c4ra ein, eine schwierige \u00c4ra, eine \u00c4ra von gro\u00dfem Wandel in Bezug auf die Umwelt sowie politische und wirtschaftliche Instabilit\u00e4t. Die Menschheit sieht sich dem Wettbewerb von Rassen im Universum ausgesetzt, die auf der Welt sind, um sich den\u2026 <a class=\"read-more\" href=\"https:\/\/www.v6.newmessage.org\/de\/about-text-shortcode\/\"><span>Read More<\/span><\/a><\/p>\n","protected":false},"author":8,"featured_media":0,"parent":29546,"menu_order":0,"comment_status":"closed","ping_status":"closed","template":"template-leftsidebar.php","meta":{"_monsterinsights_skip_tracking":false,"_monsterinsights_sitenote_active":false,"_monsterinsights_sitenote_note":"","_monsterinsights_sitenote_category":0,"footnotes":""},"categories":[76,119,1410,460],"tags":[983,982],"_links":{"self":[{"href":"https:\/\/www.v6.newmessage.org\/de\/wp-json\/wp\/v2\/pages\/27820"}],"collection":[{"href":"https:\/\/www.v6.newmessage.org\/de\/wp-json\/wp\/v2\/pages"}],"about":[{"href":"https:\/\/www.v6.newmessage.org\/de\/wp-json\/wp\/v2\/types\/page"}],"author":[{"embeddable":true,"href":"https:\/\/www.v6.newmessage.org\/de\/wp-json\/wp\/v2\/users\/8"}],"replies":[{"embeddable":true,"href":"https:\/\/www.v6.newmessage.org\/de\/wp-json\/wp\/v2\/comments?post=27820"}],"version-history":[{"count":3,"href":"https:\/\/www.v6.newmessage.org\/de\/wp-json\/wp\/v2\/pages\/27820\/revisions"}],"predecessor-version":[{"id":28286,"href":"https:\/\/www.v6.newmessage.org\/de\/wp-json\/wp\/v2\/pages\/27820\/revisions\/28286"}],"up":[{"embeddable":true,"href":"https:\/\/www.v6.newmessage.org\/de\/wp-json\/wp\/v2\/pages\/29546"}],"wp:attachment":[{"href":"https:\/\/www.v6.newmessage.org\/de\/wp-json\/wp\/v2\/media?parent=27820"}],"wp:term":[{"taxonomy":"category","embeddable":true,"href":"https:\/\/www.v6.newmessage.org\/de\/wp-json\/wp\/v2\/categories?post=27820"},{"taxonomy":"post_tag","embeddable":true,"href":"https:\/\/www.v6.newmessage.org\/de\/wp-json\/wp\/v2\/tags?post=27820"}],"curies":[{"name":"wp","href":"https:\/\/api.w.org\/{rel}","templated":true}]}}