{"id":27815,"date":"2017-06-01T03:54:55","date_gmt":"2017-06-01T03:54:55","guid":{"rendered":"http:\/\/www.newmessage.org\/german-international\/?page_id=27815"},"modified":"2017-09-18T04:10:19","modified_gmt":"2017-09-18T04:10:19","slug":"die-erkennung-falscher-boten","status":"publish","type":"page","link":"https:\/\/www.v6.newmessage.org\/de\/die-botschaft\/weitere-offenbarungen\/die-erkennung-falscher-boten\/","title":{"rendered":"Die Erkennung falscher Boten"},"content":{"rendered":"<div><!-- 4.0 --><\/div>\n\n<div class=\"tabgroup \"><ul class=\"tabs\"><li><a href=\"#tabs-1\">\u00dcber<\/a><\/li>\n<li><a href=\"#tabs-2\"> Anmerkung<\/a><\/li><\/ul>\n <div id=\"tabs-1\"><\/p>\n<p class=\"revelation_details\"><em>Wie offenbart<br \/>\nMarshall Vian Summers<br \/>\nam 21. M\u00e4rz  2000 &#8211;<br \/>\nin Boulder, Colorado<\/em><\/p>\n<div class=\"toggle toggle-white\"><h4 class=\"trigger \"><span class=\"t_ico\"><\/span><a href=\"#\">\u00dcber diesen Text<\/a><\/h4><div class=\"toggle_container \"><br \/>\n<p>Was du in diesem Text liest, ist die Transkription der Originalstimme des <a href=\"https:\/\/www.newmessage.org\/de\/wichtige-begriffe#aa\">Engelsrates<\/a>, wie sie \u00fcber den <a href=\"http:\/\/www.neuebotschaft.org\/der-bote\/\">Boten Marshall Vian Summers<\/a> sprach.<\/p>\n<p>Hierbei wird die originale Kommunikation von Gott, die jenseits von Worten existiert, vom <a href=\"https:\/\/www.newmessage.org\/de\/wichtige-begriffe#aa\">Engelsrat<\/a>, der \u00fcber die Welt wacht, in menschliche Sprache und menschliches Verst\u00e4ndnis \u00fcbersetzt. Der Rat bringt dann Gottes Botschaft \u00fcber den Boten dar, woraufhin sie transkribiert und euch und allen Menschen verf\u00fcgbar gemacht wird.<\/p>\n<p>In diesem bemerkenswerten Prozess spricht die <a href=\"https:\/\/www.newmessage.org\/de\/wichtige-begriffe#voice\">Stimme der Offenbarung<\/a> erneut. Das Wort und der Klang sind in der Welt. M\u00f6gest du der Empf\u00e4nger dieses Geschenks der Offenbarung sein und m\u00f6gest du offen sein, ihre einmalige Botschaft f\u00fcr dich und f\u00fcr dein Leben zu empfangen.<\/p>\n<br \/>\n<\/div><\/div><br \/>\n<\/div>\n<div id=\"tabs-2\"><br \/>\n<em> Anmerkung an den Leser:<br \/>\nDiese \u00dcbersetzung wurde der Society von einem Sch\u00fcler der Neuen Botschaft verf\u00fcgbar gemacht, der den englischen Originaltext als Freiwilliger \u00fcbersetzt hat. Wir stellen diese \u00dcbersetzung in dieser fr\u00fchen Form zur Verf\u00fcgung, damit jeder Gelegenheit hat, sich mit einem Teil der Neuen Botschaft in seiner eigenen Sprache zu befassen.<\/em><br \/>\n<\/div>\n\t\t\t\t<div align=\"right\">\n\t\t\t<div class=\"fb-like\" data-href=\"\" data-layout=\"button_count\" data-action=\"like\" data-show-faces=\"false\" data-share=\"false\"><\/div>\n\t\t\t<div class=\"fb-share-button\" data-layout=\"button_count\"> <\/div>\n\t\t\t<div class=\"fb_iframe_widget\"><a href=\"https:\/\/twitter.com\/godsnewmessage?ref_src=twsrc%5Etfw\" class=\"twitter-follow-button\" data-show-count=\"false\">Follow @godsnewmessage<\/a><script async src=\"https:\/\/platform.twitter.com\/widgets.js\" charset=\"utf-8\"><\/script><\/div>\n\t\t\t<\/div> <\/div> \n\n<p>Viele Leute sind heutzutage sehr ambitioniert in Bezug auf Spiritualit\u00e4t und spirituelle F\u00fchrung. Sie denken, dass sie Boten f\u00fcr Gott sind und dass ihr Glauben, ihre Assoziationen und Ideale wirklich etwas gr\u00f6\u00dfer sind als sie sind. Und sie bestehen auf diesem Standpunkt und verstehen nicht, dass Gottes Botschaften selten gegeben werden. Sie haben sich selbst als Gottes Vertreter eingesetzt, aber sie sind es nicht, nicht wirklich, nicht in dieser Art. Es ist ihr Ehrgeiz und ihre Ideologie, die sie antreibt, die sie diese Annahmen treffen l\u00e4sst und sie sogar leidenschaftlich denken und glauben l\u00e4sst, dass sie so mit dem G\u00f6ttlichen ausgestattet sind. Sie beanspruchen, dass ihre Botschaften tiefgehend sind und von einer gr\u00f6\u00dferen Quelle stammen. Aber das ist nicht wahr, da Gottes Botschaften selten sind, wie wir bereits sagten. Sie werden nicht h\u00e4ufig abgegeben. Sie werden niemals den Ehrgeizigen gegeben und sie werden nie jenen gegeben, die sich selbst gro\u00dfartige Rollen zuweisen w\u00fcrden.<\/p>\n<p>Hingegen sind jene, die als wahre Boten ausgew\u00e4hlt werden, widerwillig bis hin zu einer Selbstverleugnung. Sie wollen die Aufgabe nicht wirklich haben. Aber sie nehmen sie an, aufgrund jenem, der sie dazu auffordern. Sie m\u00f6chten nicht wirklich auf der Welt als Abgesandter oder als Bote leuchten. Dies ist fast schmerzhaft f\u00fcr sie. Sie sind eher zur\u00fcckgezogen, eher privat, eher diskret, und doch sind sie es, die als die wahren Boten ausgew\u00e4hlt werden, und es gibt nicht viele von ihnen. Jeder andere wird ausgew\u00e4hlt oder ernannt, um die Botschaft zu unterst\u00fctzen.<\/p>\n<p>Es ist f\u00fcr Gott nicht n\u00f6tig, tiefgehende Botschaften der Menschheit sehr oft mitzuteilen. Dies ist etwas sehr Ernstes. Es geschieht nicht oft. Und doch werden die Ehrgeizigen sich diese Rolle und das Privileg der Ablieferung von Botschaften aus h\u00f6herer Quelle zuweisen. Leider werden diese Leute oft Vertreter der Intervention und Bef\u00fcrworter des gesamten Pazifizierungsprogramms. Sie haben sehr feste Ansichten, was spirituell ist und wenden sich dann an h\u00f6here M\u00e4chte, um zu best\u00e4tigen, was sie glauben, und sie zum Vertreter einer h\u00f6heren Wahrheit zu salben. Wie perfekt ist das f\u00fcr die Intervention.<\/p>\n<p>Leute, die sich selbst diese Rolle und Verantwortlichkeit zuweisen, sind keine Gesandten des Sch\u00f6pfers. Wenn es hoch kommt, sind sie die Gesandten ihres eigenen Ehrgeizes und ihrer eigenen fehlgeschlagenen Ideologien. Schlimmstenfalls geraten sie in die Dienste von M\u00e4chten, die sie nicht einmal anerkennen k\u00f6nnen und beginnen, Dinge zu unterst\u00fctzen, zu vertreten und vorzuschlagen, deren Quelle ihnen unbekannt ist. Sie machen geltend, dass sie nicht die Urheber ihrer eigenen Vorf\u00fchrung sind, und da sie nicht einmal daran denken, dass sie die Urheber ihrer eigenen Vorf\u00fchrung sind, werden sie sich nat\u00fcrlich an jede andere Quelle wenden, die f\u00fcr sie eine Art von spiritueller Macht darstellt.<\/p>\n<p>Es ist diese Art von Selbstt\u00e4uschung, diese Art von Selbstglorifizierung, die einen extrem verletzlich gegen\u00fcber einer Manipulation aus dem Jenseits machen w\u00fcrde.<\/p>\n<p>Dies sind die, die die wahren Boten bei ihrer Ankunft ablehnen. Sie f\u00fchlen sich von den wahren Boten angegriffen. Sie sind nicht von den wahren Boten beeindruckt, weil sie denken, dass wahre Boten dynamisch, gro\u00dfartig und sehr selbstbehauptend wie sie sein m\u00fcssen oder wie sie denken, dass sie sein m\u00fcssten. Jedoch sind Boten selten so.<\/p>\n<p>Und daher werden diese Leute, die sich selbst ernennen, h\u00e4ufig zu den harschesten Kritikern der wahren Boten bei ihrem Eintreffen, denn ihre eigene Position wird bedroht. Ihre Ideologie ger\u00e4t in Gefahr. Ihre Ernennung durch eine g\u00f6ttliche Macht wird in Frage gestellt. Sie werden sagen, \u201cNun, wir sind alle Boten f\u00fcr das G\u00f6ttliche.\u201d Und sie werden versuchen, die ganze Idee der Selbsternennung bei so vielen Leuten zu verbreiten, von denen einige eifrig reagieren werden und dies als ein Mittel ansehen werden, ihr eigenes niedriges Selbstbewusstsein auszugleichen und sich einen Sinn von Identit\u00e4t und F\u00fchrung zu vermitteln, der ihnen fehlt.<\/p>\n<p>Nichts davon kommt nat\u00fcrlich von Kenntnis. Es ist alles eine Sch\u00f6pfung zur Selbstglorifizierung und zur Selbstbest\u00e4tigung. Sie halten Ausschau nach h\u00f6heren spirituellen M\u00e4chten als Genehmigungsstempel und sie werden sich diese Genehmigung bewilligen. Die Stimmen, die sie h\u00f6ren, die sie ausw\u00e4hlen und die sie sogar m\u00f6chten, werden nur jene Stimmen sein, die ihre Ansichten und Vorstellungen \u00fcber sich selbst best\u00e4tigen.<\/p>\n<p>Es gibt derzeit viele dieser Leute, in allen Glaubenstraditionen. Jede Glaubenstradition hat Leute wie diese, die glauben, dass sie Boten sind, dass sie eine gr\u00f6\u00dfere Wahrheit zu pr\u00e4sentieren und zu demonstrieren haben. Es sind die, die \u00fcbereifrig und destruktiv werden, die Angelegenheiten in die eigenen H\u00e4nde \u00fcbernehmen und entscheiden, die glauben, dass sie g\u00f6ttlich geleitet werden, und dass sie nat\u00fcrlich bestimmen k\u00f6nnen, was richtig und falsch ist, was spirituell korrekt und spirituell inkorrekt ist.<\/p>\n<p>Alle Sch\u00fcler der Kenntnis m\u00fcssen sich dieser Individuen bewusst sein. \u201cVersuche ich, mich hier zu erf\u00fcllen? \u201d Wenn du kommst, um zu dienen, dann musst du eine gro\u00dfe Bescheidenheit haben. Wenn du kommst, um ein wirklicher Sch\u00fcler zu sein, dann musst du einem gr\u00f6\u00dferen Weg folgen und nicht die Reise f\u00fcr dich erfinden. Wenn du aufrichtig die Wahrheit der Kenntnis und die Wirklichkeit der Kenntnis in deinem Leben suchst, dann musst du mit Demut, ohne Annahmen \u00fcber dich selbst kommen. Und du darfst dein Vorgehen nicht auf eine Ideologie st\u00fctzen, die sich in der Tat \u00fcberhaupt nicht auf Kenntnis st\u00fctzen kann.<\/p>\n<p>Demut, Geduld, Ausdauer, Aufrichtigkeit, Diskretion, Urteilsverm\u00f6gen\u2014alles wesentliche Eigenschaften f\u00fcr wahre Leistung. Und doch findest du diese Eigenschaften nicht bei vielen Leuten, insbesondere bei vielen Leuten, die geltend machen, eine spirituelle Autorit\u00e4t zu sein. Leute, die behaupten, \u00fcbernat\u00fcrliche F\u00e4higkeiten zu haben, hellsehen zu k\u00f6nnen, einmalige und spezielle Kr\u00e4fte zu haben\u2014diese Leute sind besonders empfindlich gegen\u00fcber Manipulation aus dem Jenseits. Und da sie sich selbst einen so hohen Rang in der spirituellen Hierarchie einr\u00e4umen, und da sie sich selbst als so einmalig unter den menschlichen Wesen halten und da sie Anerkennung und Zustimmung zu ihren Vorstellungen suchen, sind diese Leute sehr, sehr gute Kandidaten f\u00fcr Manipulation und k\u00f6nnen gut in die H\u00e4nde der Intervention mit allen ihren Manifestationen fallen. Indem sie bereit sind, einer h\u00f6heren Macht zu dienen und glauben, dass sie daf\u00fcr richtig ausgestattet sind, weisen sie sich selbst die Rolle des Gesandten zu.<\/p>\n<p>Seien Sie sehr vorsichtig bei diesen Leuten. Bleiben Sie still in ihrer N\u00e4he. Aber sehen Sie klar. Die wahren Boten sind unnachgiebig gegen\u00fcber sich selbst. Sie machen nie besondere F\u00e4higkeiten und Kr\u00e4fte f\u00fcr sich geltend. Sogar was ihre echte Ernennung angeht, werden sie, falls sie dar\u00fcber sprechen, dies eher widerstrebend tun. Sie sind nicht dynamisch und stark. Sie projizieren ihre Pers\u00f6nlichkeit nicht in dieser Weise. Sie sind nicht indiskret. Sie sind nicht laut und dreist.<\/p>\n<p>Es gibt so viele Leute, die geltend machen, spirituelle Gesandte zu sein, dass wenn der wirkliche erscheint, er unbemerkt bleibt, da er ruhig ist, da er nicht laut und dreist und indiskret ist .Sie m\u00f6gen nicht viel Aufmerksamkeit erregen, denn alle Aufmerksamkeit wird von jenen auf sich gelenkt, die ihre eigene Trommel r\u00fchren und die sich selbst stolz mit gro\u00dfer \u00dcberzeugung verk\u00fcnden.<\/p>\n<p>Und wer kann schon sagen, wer der wirkliche Gesandte ist? Und wie kann man das sagen? Wir haben bereits begonnen, diese Frage zu beantworten. Man kann es aufgrund des Inhalts ihrer Botschaft sagen. Man kann es aufgrund der Bescheidenheit ihres Auftretens sagen. Und man kann sagen, ob dies eine falsche Bescheidenheit ist oder ob sie wirklich echt ist. Denn wie wir bereits sagten, sind jene, die ausgew\u00e4hlt werden, eher widerwillig. Sie m\u00f6chten sich nicht so gerne proklamieren. Und wenn sie es tun, ist es, weil sie darum gebeten werden, nicht weil sie es von selbst wollen.<\/p>\n<p>Dies ist eine sehr ernste Angelegenheit. Alle wahren Gesandten bringen etwas Einmaliges und Bemerkenswertes in die Welt. Sie geben nicht einfach popul\u00e4re Ideen wieder. Sie machen nicht ihre eigenen spirituellen oder intuitiven Kr\u00e4fte geltend. Sie berufen sich nicht auf ihre Einmaligkeit. Schauen Sie auf den Inhalt ihrer Botschaft. Handelt er von ihnen und ihren F\u00e4higkeiten, oder ist er \u00fcber etwas, was wirklich gr\u00f6\u00dfer als sie ist? Betont ihre Botschaft ihre Einmaligkeit oder spricht sie von gr\u00f6\u00dferen Dingen? Ist ihre Botschaft wirklich und revolution\u00e4r, oder ist es einfach eine Umformulierung dessen, was so viele andere beansprucht haben? Wiederum werden wir sagen, dass jene, die sich selbst proklamieren, nicht die wahren Gesandten sind, weil sie nicht ausgew\u00e4hlt wurden, und sie wurden nicht ausgew\u00e4hlt aufgrund dieser Tendenzen, die wir beschreiben.<\/p>\n<p>So achte darauf, was wahr und was einmalig ist. Falls sie wirkliche Boten sind, stellen sie etwas wirklich Neues vor. Frage dich selbst, \u201cStellen diese Gesandten etwas wirklich Neues vor oder pr\u00e4sentieren sie sich nur selbst und verwenden das, was popul\u00e4r oder konventionell oder sogar in dem Moment radikal ist, jedoch von vorher wohl dokumentiert? Gibt es eine wirkliche Substanz und einen wirklichen Verdienst an ihrer Pr\u00e4sentation?\u201d Einige Leute sagen, \u201cNun, es gibt eine Lehre auf allen Ebenen. Die gesamte spirituelle Lehre ist g\u00fcltig.\u201d Aber dies ist wirklich nur eine Entschuldigung, nur eine Entschuldigung.<\/p>\n<p>Es gibt sehr wenige wahre Gesandte. Es gibt viele Leute, die aufgerufen werden zu dienen und viele Leute, die wirklich dienen k\u00f6nnen. Aber ein Gesandter zu sein, ein Vertreter zu sein, ein Bote zu sein, nun, dass ist wirklich etwas anderes. Das ist f\u00fcr sehr wenige Leute reserviert.<\/p>\n<p>Einer der Gr\u00fcnde, weshalb diese Rolle nicht von jenen gew\u00e4hlt wird, die auserw\u00e4hlt werden, ist, weil die Rolle an sich ziemlich schwierig ist. Sie werden gebeten, etwas Neues und Herausforderndes zum Ausdruck zu bringen. Sie werden gebeten, \u00fcber Ihre ganze Vorstelllung von sich hinaus zu gehen, um eine Position im Leben einzunehmen, um etwas vorzustellen, was sogar sie selbst kaum verstehen k\u00f6nnen. Sie bringen sich in eine Position, in der sie sich der Verachtung und L\u00e4cherlichkeit aussetzen, in der sie sich in den Mittelpunkt des Kampfes um das Gewissen der Menschheit bringen. Sie verlieren ihre Freunde, ihre Familie, ihre Position im Leben, und begeben sich auf eine neue Reise, deren Ausgang ungewiss und unbekannt ist.<\/p>\n<p>Dies sind die Leiden der Person, die wirklich dient. Dies sind die Leiden der Person, die der wirkliche Bote ist. Ist dies etwas, was die Leute wirklich f\u00fcr sich haben wollten? Ist dies das Ziel von Ehrgeizigen, von den Selbst-suchenden und den Selbst-dienenden \u2014sich auf diese schwierige Reise zu begeben, eine so gro\u00dfe B\u00fcrde mit so wenig Anerkennung und Unterst\u00fctzung zu tragen?<\/p>\n<p>Dies ist der Grund, weshalb die Ehrgeizigen nie ausgew\u00e4hlt werden. Sie werden nie ausgew\u00e4hlt aufgrund ihrer Tendenzen, aber sie werden ebenso nie ausgew\u00e4hlt, weil sie nie dieser gr\u00f6\u00dferen Verantwortung nachgeben w\u00fcrden. Sie suchen Anerkennung und Selbstglorifizierung, aber das ist nicht, was die Rolle eines wirklichen Boten und Gesandten bietet.<\/p>\n<p>Denken Sie an die Geschichte von Jesus. Ja, er erwarb gro\u00dfe Aufmerksamkeit, aber wer waren seine wahren Verb\u00fcndeten? Wer hielt wirklich zu ihm w\u00e4hrend seines ganzen Wirkens? Wer setzte sich dem Risiko aus, seine Vertreter und seine Zeugen  zu sein? Die Ehrgeizigen? Die Selbstsuchenden? Jene, die in ihrem spirituellen Stolz badeten, die einmalige und besondere Kr\u00e4fte und Gaben f\u00fcr sich geltend machten? Nein, sie waren nirgends zu finden. Aber sie tauchten nach dem Tod Jesus auf, um zu behaupten, dass sie seine Vertreter w\u00e4ren.<\/p>\n<p>In allen Glaubenstraditionen tritt dies auf. Es ist wirklich eine sehr traurige Tendenz, aber es liegt an dem heutigen Zustand der Menschheit. Einige Leute werden nie warten, bis sie auserw\u00e4hlt werden, also w\u00e4hlen sie sich selbst aus, denn sie brauchen etwas, woran sie glauben, dem sie sich hingeben k\u00f6nnen. Sie brauchen einen Sinn von Identit\u00e4t, Zweck und Bedeutung. Und obwohl sie nicht wirklich vom G\u00f6ttlichen ausgew\u00e4hlt werden, w\u00e4hlen sie sich selbst im Namen des G\u00f6ttlichen aus und behaupten, die Vertreter und Gesandten des G\u00f6ttlichen zu sein. Aber ihre Botschaft hat keine Substanz und keine Originalit\u00e4t. Die Betonung liegt auf ihnen selbst statt auf der Lehre. Immer wenn der Lehrer wichtiger als die Lehre ist oder wenn der Lehrer die Lehre selbst ist, pass auf. Sei vorsichtig.<\/p>\n<p>Wenn diese Gesandten sterben, was bleibt? Was ist ihr Nachlass? Nun, wenn sie nicht mehr da sind, sich selbst zu proklamieren, bleibt dann irgendwas an wirklicher Substanz und Wert? Oder waren Sie nur eine Werbefl\u00e4che f\u00fcr sich selbst und ihre angeblichen Befugnisse und F\u00e4higkeiten?<\/p>\n<p>F\u00fcr den Sch\u00fcler der Kenntnis, muss wirkliche Urteilskraft hier den Vorrang haben. Wir haben den Gesandten f\u00fcr diese Lehre ausgew\u00e4hlt. Es gibt keine anderen, die die Rolle als Boten f\u00fcr den Weg der Gr\u00f6\u00dferen Gemeinschaft beanspruchen k\u00f6nnen. Auch wenn Marshall diese Welt verl\u00e4sst, wird es keinen Gesandten geben. Es wird nur jene geben, die ernannt wurden, das fortzuf\u00fchren, was er begonnen hat. Und sie werden nicht aufgrund ihrer Aggressivit\u00e4t, ihres Charmes oder ihrer Ambitionen ausgew\u00e4hlt. Diejenigen, die ausgew\u00e4hlt werden, werden einfach und bescheiden sein. Denn diese werden zuverl\u00e4ssig sein und die Botschaft nicht zu ihrem eigenen Vorteil verf\u00e4lschen.<\/p>\n<p>Jeder Sch\u00fcler der Kenntnis muss die Falschheit derer erkennen, die sich selbst im Namen des Sch\u00f6pfers oder im Namen der spirituellen Vertreter proklamieren. Verwende deine Urteilskraft. Verwende die Kriterien, die wir gegeben haben. Achte besonders auf jene, die behaupten, dass alles, was sie m\u00f6chten, Diener Gottes zu werden ist. Denn bevor du es wei\u00dft, falls es nicht schon geschehen ist, sind sie Diener und liefern Botschaften ab. Und sie denken, sie sind wirklich erhaben und fortgeschritten und sehr begabt. Schau dir diese Leute an und schau dir ihre Kommunikation an. Kenntnis wird nur auf Kenntnis reagieren. Wenn also Kenntnis in dir nicht reagiert, dann gehe besser weiter.<\/p>\n<p>Es hat bereits jene gegeben, die sich Marshall als seine Partner bei der Offenbarung proklamiert haben, indem sie sagten, dass sie einen Teil der Botschaft h\u00e4tten und dass er den anderen Teil h\u00e4tte. Und er musste sie zur\u00fcckweisen. Denn sie hatten alle Unrecht.<\/p>\n<p>Du wirst diese Individuen h\u00f6ren, und sie werden sich in eurer Mitte erheben und sogar verk\u00fcnden, dass sie Gesandte des Wegs der Gr\u00f6\u00dferen Gemeinschaft sind, indem sie sagen, dass eine Person nicht genug sei, dass es viele Boten geben m\u00fcsse. Aber wir haben es sehr klar gemacht, dass dies nicht die Art ist, wie die Offenbarung in die Welt gebracht wird. Dies ist nicht, wie die Einf\u00fchrung stattfindet.<\/p>\n<p>Einige Leute werden sagen, \u201cNun, hier geht alles um Marshall. Er behauptet, der eine zu sein und er lehnt jeden ab, der behauptet, dass er auch spirituelle Begabungen habe.\u201d Aber dies ist nicht wahr. Marshall wurde ausgew\u00e4hlt. Er hat sich nicht selbst ausgew\u00e4hlt. Er hat nur jene abgelehnt, die behaupteten, diese Befugnis mit ihm zu teilen, da von ihm verlangt wurde, dies zu tun. Wir wissen, dass jeder speziell sein will, und einige Leute m\u00f6chten spirituell speziell sein, bis zu dem Punkt, an dem sie glauben, dass sie glauben, dass sie spirituell speziell sind und dass ihre \u201cSpeziellheit\u201d von gr\u00f6\u00dferen spirituellen Kr\u00e4ften best\u00e4tigt und eingesetzt wurde. Und sie werden Marshall ansehen und werden sagen, \u201cJa, ja, er ist einer von uns, einer von vielen, vielen Gesandten.\u201d Und sie werden sogar zu jenen, die ihnen folgen,sagen  \u201cOh Ja, du kannst auch ein Gesandter sein. \u00d6ffne dich einfach und \u00fcbergib dich.\u201d<\/p>\n<p>Dies geht nicht um Marshall. Obwohl ihm eine besondere Aufgabe und eine einmalige dazu, gegeben wurde, geht es nicht um ihn. Denn wenn Marshall stirbt, wird das, was er zur\u00fcckl\u00e4sst, gro\u00df und tief und lange andauernd sein. Das ist ein wahres Zeichen, dass er ein wirklicher Gesandter ist und ein wahrer Bote, denn die Botschaft geht nicht um ihn und ist gr\u00f6\u00dfer als er. Er mag die beste Autorit\u00e4t auf der Welt in Bezug auf die Botschaft sein, er mag der Lehrer der Botschaft sein, aber die Botschaft ist gr\u00f6\u00dfer. Sie geht nicht um ihn. Marshall hat besondere Kr\u00e4fte, aber er wird sie nicht verk\u00fcnden. Niemand wird je wissen, wer und was er ist, au\u00dfer jenen, die ihm sehr nahe stehen und jenen wenigen und seltenen Leuten, die dies durch die Heiligen Schriften erkennen.<\/p>\n<p>Sei daher vorsichtig bei jedem, der kommt und behauptet, dass er auch Gesandter des Wegs der Gr\u00f6\u00dferen Gemeinschaft sei. Denn sie t\u00e4uschen sich selbst und in einigen F\u00e4llen k\u00f6nnen sie von jenen get\u00e4uscht werden, die sie f\u00fchren.<\/p>\n<p>Es wird nur eine Person ben\u00f6tigt, um die Neue Botschaft von Gott abzuliefern, und diese Person tr\u00e4gt eine gro\u00dfe B\u00fcrde und steht vor gro\u00dfen Schwierigkeiten im Leben und bringt viele Opfer. Sie werden nicht ehrgeizig sein. Sie werden nicht sich selbst proklamieren. Jene, die ausgew\u00e4hlt werden, haben nie diese Eigenschaften.<\/p>\n<p>Es wird nur eine Person ben\u00f6tigt, die Botschaft zu \u00fcberbringen. Es werden viele ben\u00f6tigt, die Botschaft einzuf\u00fchren, die Botschaft zu begr\u00fcnden und die Botschaft zu demonstrieren. Dies ist f\u00fcr jeden anderen. Sie haben in vieler Weise eine leichtere Aufgabe, eine gl\u00fccklichere Aufgabe, obwohl diese Aufgabe ebenso ihre gro\u00dfen Herausforderungen hat.<\/p>\n<p>Man muss gro\u00dfe Urteilsf\u00e4higkeit und Diskretion anwenden, um den wahren Weg im Leben zu finden, denn es werden viele Optionen gezeigt. Es gibt viele Verlockungen. Einige selbsternannte spirituelle Lehrer behaupten, dass sie dich zu einem spirituellen Lehrer machen k\u00f6nnen. Sie k\u00f6nnen jeden zu einem spirituellen Lehrer machen, als ob sie die Macht h\u00e4tten, einen Gesandten f\u00fcr Gott zu ernennen und zu salben. Sie werden sagen, \u201cJa, du hast auch eine Botschaft von Gott. Komme zu meinem Seminar und ich werde dir zeigen, wie es geht.\u201d Sie denken, dass sie diese Anleitung geben k\u00f6nnen und ihren Anh\u00e4ngern diese besonderen Gaben verschaffen k\u00f6nnen. Sie werden sagen, \u201cJa, jeder hat eine einmalige Gabe von Gott.\u201d Was tats\u00e4chlich wahr ist; jeder hat sie. Aber das hei\u00dft nicht, ein Gesandter zu sein.<\/p>\n<p>Sei daher sehr vorsichtig. Der wahre Lehrer und der wahre Sch\u00fcler bleiben oft unbemerkt, da so viel L\u00e4rm von jenen gemacht wird, die sich nur selbst proklamieren. Und aufgrund der Intervention und des Pazifizierungsprogramms musst du besonders vorsichtig in Bezug auf diese Angelegenheiten sein. Denn die Bef\u00fcrworter der Intervention sind sehr wahrscheinlich jene, die sich selbst dienen und eine Best\u00e4tigung f\u00fcr sich selbst suchen.<\/p>\n<p>Sie alle machen den Weg schwerer f\u00fcr den wahren Gesandten, denn nun bestehen Entt\u00e4uschung und Verdacht. Die Leute erkennen die Falschheit vieler Lehrer und nun misstrauen sie allen Lehrern und wenn nun der wahre Gesandte kommt, wird er dies am st\u00e4rksten zu sp\u00fcren bekommen. Er wird angezweifelt, schlechtgemacht und es wird ihm die Schuld f\u00fcr die Vers\u00e4umnisse so vieler anderer gegeben,  die sich selbst nicht ausweisen konnten.<\/p>\n<p>Es ist n\u00f6tig, dass wir diese Perspektive geben, da die Leute nicht die Art einer spirituellen Bestimmung verstehen. Sie verstehen nicht, dass du ausgew\u00e4hlt wirst und dass du dich nicht ausw\u00e4hlen kannst. Sie verstehen nicht, wer ausgew\u00e4hlt wird und warum er ausgew\u00e4hlt wird und was es wirklich bedeutet und erfordert, ein Gesandter zu sein.<\/p>\n<p>Es gibt Vieles, was auf vielen Ebenen gelehrt werden kann, und du kannst etwas lehren, solange du dir nicht selbst spezielle Befugnisse und Gaben zuweist. Nenne dich nicht einen Gesandten oder einen Boten, du kannst sicher sein, dass du dich selbst ernennst und nicht ernannt worden bist.<\/p>\n<p>Der Sch\u00f6pfer ist extrem vorsichtig, wer erw\u00e4hlt wird. Und jene, die erw\u00e4hlt worden sind, werden sehr widerwillig sein, zu verk\u00fcnden, wer und was sie wirklich sind. Sie werden unbemerkt inmitten all des L\u00e4rms, all der wilden Erkl\u00e4rungen sein, die die Leute \u00fcber sich, ihre Lehren und ihre Botschaften abgeben. Und der wahre Sch\u00fcler muss sehr, sehr geduldig sein, den wahren Lehrer zu finden, da die wahren Lehrer selten sind.<\/p>\n","protected":false},"excerpt":{"rendered":"<p>Viele Leute sind heutzutage sehr ambitioniert in Bezug auf Spiritualit\u00e4t und spirituelle F\u00fchrung. Sie denken, dass sie Boten f\u00fcr Gott sind und dass ihr Glauben, ihre Assoziationen und Ideale wirklich etwas gr\u00f6\u00dfer sind als sie sind. Und sie bestehen auf diesem Standpunkt und verstehen nicht, dass Gottes Botschaften selten gegeben werden. Sie haben sich selbst\u2026 <a class=\"read-more\" href=\"https:\/\/www.v6.newmessage.org\/de\/about-text-shortcode\/\"><span>Read More<\/span><\/a><\/p>\n","protected":false},"author":8,"featured_media":0,"parent":27720,"menu_order":0,"comment_status":"closed","ping_status":"closed","template":"template-leftsidebar.php","meta":{"_monsterinsights_skip_tracking":false,"_monsterinsights_sitenote_active":false,"_monsterinsights_sitenote_note":"","_monsterinsights_sitenote_category":0,"footnotes":""},"categories":[501],"tags":[981,980,935,934],"_links":{"self":[{"href":"https:\/\/www.v6.newmessage.org\/de\/wp-json\/wp\/v2\/pages\/27815"}],"collection":[{"href":"https:\/\/www.v6.newmessage.org\/de\/wp-json\/wp\/v2\/pages"}],"about":[{"href":"https:\/\/www.v6.newmessage.org\/de\/wp-json\/wp\/v2\/types\/page"}],"author":[{"embeddable":true,"href":"https:\/\/www.v6.newmessage.org\/de\/wp-json\/wp\/v2\/users\/8"}],"replies":[{"embeddable":true,"href":"https:\/\/www.v6.newmessage.org\/de\/wp-json\/wp\/v2\/comments?post=27815"}],"version-history":[{"count":3,"href":"https:\/\/www.v6.newmessage.org\/de\/wp-json\/wp\/v2\/pages\/27815\/revisions"}],"predecessor-version":[{"id":28288,"href":"https:\/\/www.v6.newmessage.org\/de\/wp-json\/wp\/v2\/pages\/27815\/revisions\/28288"}],"up":[{"embeddable":true,"href":"https:\/\/www.v6.newmessage.org\/de\/wp-json\/wp\/v2\/pages\/27720"}],"wp:attachment":[{"href":"https:\/\/www.v6.newmessage.org\/de\/wp-json\/wp\/v2\/media?parent=27815"}],"wp:term":[{"taxonomy":"category","embeddable":true,"href":"https:\/\/www.v6.newmessage.org\/de\/wp-json\/wp\/v2\/categories?post=27815"},{"taxonomy":"post_tag","embeddable":true,"href":"https:\/\/www.v6.newmessage.org\/de\/wp-json\/wp\/v2\/tags?post=27815"}],"curies":[{"name":"wp","href":"https:\/\/api.w.org\/{rel}","templated":true}]}}