{"id":27802,"date":"2017-06-01T02:36:37","date_gmt":"2017-06-01T02:36:37","guid":{"rendered":"http:\/\/www.newmessage.org\/german-international\/?page_id=27802"},"modified":"2017-09-18T04:15:06","modified_gmt":"2017-09-18T04:15:06","slug":"die-nachtmeditation","status":"publish","type":"page","link":"https:\/\/www.v6.newmessage.org\/de\/die-botschaft\/weitere-offenbarungen\/die-nachtmeditation\/","title":{"rendered":"Die Nachtmeditation"},"content":{"rendered":"<div><!-- 4.0 --><\/div>\n\n<div class=\"tabgroup \"><ul class=\"tabs\"><li><a href=\"#tabs-1\">\u00dcber<\/a><\/li>\n<li><a href=\"#tabs-2\"> Anmerkung<\/a><\/li><\/ul>\n <div id=\"tabs-1\"><\/p>\n<p class=\"revelation_details\"><em>Wie offenbart<br \/>\nMarshall Vian Summers<br \/>\nam 8. April  2011 &#8211;<br \/>\nin Boulder, Colorado<\/em><\/p>\n<div class=\"toggle toggle-white\"><h4 class=\"trigger \"><span class=\"t_ico\"><\/span><a href=\"#\">\u00dcber diesen Text<\/a><\/h4><div class=\"toggle_container \"><br \/>\n<p>Was du in diesem Text liest, ist die Transkription der Originalstimme des <a href=\"https:\/\/www.newmessage.org\/de\/wichtige-begriffe#aa\">Engelsrates<\/a>, wie sie \u00fcber den <a href=\"http:\/\/www.neuebotschaft.org\/der-bote\/\">Boten Marshall Vian Summers<\/a> sprach.<\/p>\n<p>Hierbei wird die originale Kommunikation von Gott, die jenseits von Worten existiert, vom <a href=\"https:\/\/www.newmessage.org\/de\/wichtige-begriffe#aa\">Engelsrat<\/a>, der \u00fcber die Welt wacht, in menschliche Sprache und menschliches Verst\u00e4ndnis \u00fcbersetzt. Der Rat bringt dann Gottes Botschaft \u00fcber den Boten dar, woraufhin sie transkribiert und euch und allen Menschen verf\u00fcgbar gemacht wird.<\/p>\n<p>In diesem bemerkenswerten Prozess spricht die <a href=\"https:\/\/www.newmessage.org\/de\/wichtige-begriffe#voice\">Stimme der Offenbarung<\/a> erneut. Das Wort und der Klang sind in der Welt. M\u00f6gest du der Empf\u00e4nger dieses Geschenks der Offenbarung sein und m\u00f6gest du offen sein, ihre einmalige Botschaft f\u00fcr dich und f\u00fcr dein Leben zu empfangen.<\/p>\n<br \/>\n<\/div><\/div><br \/>\n<\/div>\n<div id=\"tabs-2\"><br \/>\n<em> Anmerkung an den Leser:<br \/>\nDiese \u00dcbersetzung wurde der Society von einem Sch\u00fcler der Neuen Botschaft verf\u00fcgbar gemacht, der den englischen Originaltext als Freiwilliger \u00fcbersetzt hat. Wir stellen diese \u00dcbersetzung in dieser fr\u00fchen Form zur Verf\u00fcgung, damit jeder Gelegenheit hat, sich mit einem Teil der Neuen Botschaft in seiner eigenen Sprache zu befassen.<\/em><br \/>\n<\/div>\n\t\t\t\t<div align=\"right\">\n\t\t\t<div class=\"fb-like\" data-href=\"\" data-layout=\"button_count\" data-action=\"like\" data-show-faces=\"false\" data-share=\"false\"><\/div>\n\t\t\t<div class=\"fb-share-button\" data-layout=\"button_count\"> <\/div>\n\t\t\t<div class=\"fb_iframe_widget\"><a href=\"https:\/\/twitter.com\/godsnewmessage?ref_src=twsrc%5Etfw\" class=\"twitter-follow-button\" data-show-count=\"false\">Follow @godsnewmessage<\/a><script async src=\"https:\/\/platform.twitter.com\/widgets.js\" charset=\"utf-8\"><\/script><\/div>\n\t\t\t<\/div> <\/div> \n\n<p>Komm heran zur Macht und zur Pr\u00e4senz in dir. Sie ist so nahe, du musst nur deinem Verstand gestatten, still zu sein.<\/p>\n<p>Die Pr\u00e4senz ist da. Sie ist bei dir. Sie ist immer bei dir, denn du kannst deiner Quelle und der Realit\u00e4t des Lebens nicht entkommen.<\/p>\n<p>Der Sch\u00f6pfer ist mit der Pr\u00e4senz bei dir. Komme in diese Pr\u00e4senz. Komme in diese Macht. G\u00f6nne dir hier eine Atempause. Tr\u00f6ste dich hier. Finde Frieden und Kraft hier, denn diese Pr\u00e4senz ist nicht bedroht von der Welt und kann nicht zerst\u00f6rt werden.<\/p>\n<p>Sie ist unverletzlich und wenn du ihr in deiner Erfahrung n\u00e4her kommst, beginnt ihre Unverletzlichkeit, dich zu st\u00e4rken, dich zu festigen und dich vorzubereiten.<\/p>\n<p>W\u00e4hrend die Welt ruhig ist, komme zu dem, was unverletzlich ist. Es ist nicht dein Intellekt. Es ist nicht dein physischer K\u00f6rper. Es ist die Quelle und der Mittelpunkt deines Seins. Es ist der Teil von dir, der Gott nie verlassen hat.<\/p>\n<p>Komme in diese Pr\u00e4senz und diese Macht. Lasse sie deinen Verstand erfrischen. Lasse sie dir Freiheit und eine Atempause von st\u00e4ndigen Erw\u00e4gungen und Sorgen geben. Denn wenn du mit Pr\u00e4senz bist, brauchst du keine Sorgen haben.<\/p>\n<p>Gott ruft dich, der Welt zu dienen, und aus diesem Grund bist du gekommen. Gott hat dir auch die Pr\u00e4senz gegeben.<\/p>\n<p>W\u00e4hrend die Welt ruhig ist, komme in diese Pr\u00e4senz, damit du stark und klar sein kannst, wenn die Welt nicht ruhig ist. Angesichts der Turbulenz, Schwierigkeit, des Konflikts und der Aktivit\u00e4t kannst du dich an die Pr\u00e4senz erinnern.<\/p>\n<p>In den ruhigen Stunden der Nacht lasse deinen Verstand ruhig und in der Pr\u00e4senz sein. Dies verleiht dir mehr Ruhe als Schlaf. Solltest du in der Nacht erwachen, komme zu dem, was unverletzlich ist.<\/p>\n<p>Wenn du zuerst am Morgen erwachst, bevor du dich mit weltlichen Dingen besch\u00e4ftigst, nutze diese Momente, um mit der Pr\u00e4senz zu sein. Denke dar\u00fcber nach. F\u00fchle sie in der Atmosph\u00e4re des Raums. H\u00f6re auf sie. Lasse deinen Verstand still sein. Besch\u00e4ftige deinen Verstand mit Zuh\u00f6ren.<\/p>\n<p>Wenn du den Punkt der Entdeckung erreicht hast, beginnst, deine gr\u00f6\u00dfere Arbeit auf der Welt zu entdecken, wirst du die Macht dieser Pr\u00e4senz ben\u00f6tigen, um dir Kraft und Vertrauen zu schenken. Du wirst diese Atempause ben\u00f6tigen, ihren Frieden, ihre Tiefe und die Macht der Beziehung zu dir. Es wird dir Mut und gr\u00f6\u00dfere Entschlossenheit verleihen.<\/p>\n<p>F\u00fchle die Pr\u00e4senz. Denke an die Pr\u00e4senz. Sp\u00fcre die Pr\u00e4senz. Verwende dieses wunderbare Instrument deines Verstandes und deines K\u00f6rpers, um aufnahmef\u00e4hig f\u00fcr die Pr\u00e4senz zu werden.<\/p>\n<p>Du bist in Beziehung mit dem Unverletzlichen, was bedeutet, dass du eine gr\u00f6\u00dfere Konstanz jenseits des Reiches des Intellekts hast,  das sich in erster Linie mit der Welt besch\u00e4ftigt, und jenseits deines physischen K\u00f6rpers, welcher dein Vehikel f\u00fcr die Existenz hier ist.<\/p>\n<p>Du bist aus einer anderen Realit\u00e4t in diese Welt gekommen. Du wirst in jene Realit\u00e4t zur\u00fcckkehren, um deine n\u00e4chste Aufgabe zu erwarten.<\/p>\n<p>Dies ist v\u00f6llig mysteri\u00f6s und jenseits deiner Vorstellung, denn es ist eine andere Realit\u00e4t und deine Vorstellung kann nur innerhalb dessen funktionieren, was deine Sinne hier auf der Erde melden. Nur die \u00e4ltesten deiner Erinnerungen k\u00f6nnen dir einen Sinn, ein Neigung gegen\u00fcber der Pr\u00e4senz verleihen.  Innerhalb der Pr\u00e4senz gibt es Stimmen. Es gibt Beziehungen. Es gibt deine Spirituelle Familie. Es gibt die alten Erinnerungen. Es gibt eine gr\u00f6\u00dfere  Realit\u00e4t. Es gibt Permanenz. Es gibt das Unverletzliche.<\/p>\n<p>Du wirst dies nicht jederzeit erfahren, denn die Anziehungskraft ist zu gro\u00df. Es k\u00f6nnte dich unf\u00e4hig machen, auf der Welt zu sein, wenn du zu viel von dieser Erfahrung erh\u00e4ltst, sondern gerade genug, um dir Mut und Kraft zu geben, dem Pfad hier in einer schwierigen Welt zu folgen.<\/p>\n<p>Du wirst keinen Kontakt mit deiner Spirituellen Familie haben, au\u00dfer sehr gelegentlich, so dass du auf deinen Zweck hier und deine Beziehungen hier konzentriert bleibst.<\/p>\n<p>Du wirst deine Lehrer nicht erleben, au\u00dfer in sehr seltenen F\u00e4llen. Meist werden sie sich dir nicht offenbaren, denn es sind deine Beziehungen auf der Welt, auf die du dich konzentrieren musst \u2014 indem du hier Allianzen aufbaust, deine Verb\u00fcndeten hier findest, jene findest, die wichtig sein werden und dazu bestimmt sind, Teil deiner gr\u00f6\u00dferen Arbeit und Mission hier zu sein.<\/p>\n<p>Hier dient die Pr\u00e4senz als eine Erinnerung, warum du hierhergekommen bist und an die Macht der Kenntnis, die du mitgebracht hast.<\/p>\n<p>Komme in die Pr\u00e4senz. H\u00f6re Unsere Stimme. Es ist nicht die Stimme eines Einzelnen, sondern die Stimme eines gr\u00f6\u00dferen Verbandes. H\u00f6re Unsere Worte. Wir machen Sie Dir verf\u00fcgbar.<\/p>\n<p>Lasse ihre Macht deinen Verstand erfrischen, deine Fragen beiseitelegen, deine Bed\u00fcrfnisse beiseitelegen, deine \u00c4ngste und Bef\u00fcrchtungen f\u00fcr diesen Moment des wertvollen Kontakts beiseitelegen.<\/p>\n<p>Lasse alles sein wie es ist. Lasse die Welt, wie sie ist. Lasse dein Leben, wie es ist f\u00fcr  diese Momente der Entspannung.<\/p>\n<p>Es gibt keine Probleme zu l\u00f6sen, keine Pl\u00e4ne zu schmieden, keine Erinnerungen zu \u00fcberdenken, keine Leute zu erfreuen.<\/p>\n<p>Du musst nur mit der Pr\u00e4senz sein. Du musst keine Fragen stellen. Du musst ihr nichts sagen, es sei denn, du hast das Gef\u00fchl, du musst es. Und wenn es so ist, dann ist dies in Ordnung. Du kannst deine Gedanken, deine Frustrationen, alles, mit der Pr\u00e4senz teilen und es wird nur die Pr\u00e4senz sein, bis dein Verstand wieder zur Ruhe gekommen ist.<\/p>\n<p>Du kannst dich sogar bei der Pr\u00e4senz beklagen. Sie wird dich nicht verurteilen.<\/p>\n<p>Bleibe einfach offen. Gestatte deinem Verstand, zu sprechen, was er aussprechen muss. Aber dann wird er wieder ruhig, denn die Pr\u00e4senz tritt nicht in ein Gespr\u00e4ch ein. Das Unverletzliche ist nicht besorgt. Es ist nur f\u00fcr dich da in diesem kostbaren Moment, in dem wertvollen Moment eines heiligen B\u00fcndnisses.<\/p>\n<p>Lasse alles, wie es ist. Gott l\u00e4sst alles, wie es ist.<\/p>\n<p>Es ist Gottes Wille, der Dinge bewegt, sich zu \u00e4ndern und zu verbessern, restauriert und erneuert zu werden. Das ist bereits in Bewegung. Du musst es nicht schaffen. Es ist bereits geschaffen worden.<\/p>\n<p>Es ist um sich greifend. Es ist hier auf dieser Welt. Es ist in anderen Welten. W\u00e4rest du drau\u00dfen im Weltraum, irgendwo auf einem Raumschiff, es w\u00e4re auch dort. Es w\u00e4re in dir und rund um dich.<\/p>\n<p>Selbst wenn du bei deinen Reisen weit weg von einer Welt bist, w\u00e4re die Pr\u00e4senz verf\u00fcgbar. Selbst wenn du weit weg von zuhause w\u00e4rst, sogar wenn du auf einer au\u00dferirdischen Welt, einem sehr fremden Ort w\u00e4rst, die Pr\u00e4senz w\u00e4re dort.<\/p>\n<p>Dir werden diese Einblicke und diese heiligen Momente gew\u00e4hrt, um dich zu erneuern und wieder mit deiner Quelle in Kontakt zu treten.<\/p>\n<p>Du musst nicht glauben. In diesen Momenten musst du nicht glauben, du musst nicht den Vorschriften deiner Religion folgen. Du musst dich nicht in einer bestimmten Art und Weise verhalten. In dem geheiligten Moment musst du nur pr\u00e4sent sein, offen, zu empfangen, offen f\u00fcr die Beziehung.<\/p>\n<p>Zuerst wirst du Angst haben, \u00e4ngstlich und nerv\u00f6s sein, und die Pr\u00e4senz nur f\u00fcr Augenblicke erfahren k\u00f6nnen. Aber wenn du wiederkommst, wirst du in der Lage sein, bei der Pr\u00e4senz etwas l\u00e4nger zu verweilen, wenn du fortschreitest. Wenn du in der Lage bist, dich niederzulassen und dich von deinem \u00e4ngstlichen und unsicheren Geisteszustand befreist, wirst du in der Lage sein, bei der Pr\u00e4senz zu verweilen.<\/p>\n<p>Die Pr\u00e4senz wird sich dir hingeben, wird mit dir verschmelzen. Es ist eine heilige Begegnung, die nicht mit anderen zu besprechen ist, anschlie\u00dfend nicht zu analysieren und dar\u00fcber zu spekulieren ist, sondern die in Ehrfurcht zu halten ist, ohne Beurteilung und Bewertung.<\/p>\n<p>Es ist ein unvergleichliches Geschenk, auch wenn es nur f\u00fcr einen Moment ist.<\/p>\n<p>Wenn die Welt ruhig ist, kann es leichter sein. Wenn die gro\u00dfe Stadt schl\u00e4ft und die anderen nicht wach sind, kann es leichter sein.<\/p>\n<p>Dies ist deine heilige Begegnung. Sei mit Uns. Sei mit Ihr. Wir sind dort alle verbunden.<\/p>\n<p>Du erf\u00e4hrst einen anderen Teil deiner Natur und deiner Realit\u00e4t hier, den du nicht auf der Welt finden kannst, au\u00dfer in Augenblicken von selbstlosem Handeln, wenn du die Gnade der Dankbarkeit und die Anerkennung der anderen erf\u00e4hrst, wenn du die Gnade erf\u00e4hrst.<\/p>\n<p>Dies ist Gnade\u2014eine Erfahrung, keine Vorstellung, kein Konzept, kein Glaube. Es ist dies. Komme, um mit Uns zu sein. Obwohl Wir in der Pr\u00e4senz leben, lebst du au\u00dferhalb der Pr\u00e4senz, aber die Pr\u00e4senz ist dort f\u00fcr dich.<\/p>\n<p>Komme jetzt. Komme und lasse deinen Verstand offen und frei sein. Lasse dein Herz gen\u00e4hrt sein. Lasse dein Leben erneuert und restauriert sein, so dass du zu deiner Arbeit und deinen Verpflichtungen in der \u00e4u\u00dferen Welt zur\u00fcckkehren kannst.<\/p>\n<p>Sei jetzt hier. Bringe dich dorthin. Rufe dich dorthin zur\u00fcck.<\/p>\n<p>Erhalte dies, denn du bist es wert, es zu erhalten, ohne R\u00fccksicht darauf, was du gegebenenfalls in deinem Leben getan hast oder nicht getan hast. Du bist es wert, die Gnade zu erhalten.<\/p>\n<p>Es ist nicht an dir, zu entscheiden, was du wert bist oder was dein Wert ist. Du kennst noch nicht deinen wahren Wert, deinen gr\u00f6\u00dferen Zweck auf der Welt.<\/p>\n<p>Dies ist das Geschenk an dich. Dies ist es, wie Gott dich wiederherstellt, ohne dich zu \u00fcberw\u00e4ltigen.<\/p>\n<p>Dies ist es, wie Gott sich mit dir verbindet, ohne gro\u00dfe Verwirrung zu stiften.<\/p>\n<p>Dies ist es, wie Gott dich n\u00e4hrt.<\/p>\n<p>Du brauchst diese Nahrung jetzt.<\/p>\n<p>Du wei\u00dft, es ist wahr.<\/p>\n<p>Komme, um bei der Gnade zu sein.<\/p>\n<p>Mavran, Mavran, Couria Sy. Ontaya Lok No.<\/p>\n<p>Lasse die uralte Sprache der inneren Welt dich resonieren und err\u00f6ten.<\/p>\n<p>Lasse sie bei dir anschlagen, als ob du eine Glocke w\u00e4rst und sie sanft bei dir klingeln w\u00fcrde. Lasse sie durch dich hindurchgehen wie den Wind durch das Korn.<\/p>\n<p>Lasse dich so offen gegen\u00fcber der Gnade sein, so dass, wenn du zur \u00e4u\u00dferen Welt zur\u00fcckkehrst, diese Gnade durch dich hindurch auf andere \u00fcbergehen kann, die danach rufen, sie suchen und sie ersehnen.<\/p>\n<p>W\u00e4hrend die Welt ruhig ist in den stillen Stunden der Nacht, komme, um bei der Pr\u00e4senz zu sein.<\/p>\n<p>Dies ist deine Nachtmeditation\u2014nichts zu suchen, nichts zu gewinnen, nichts zu kontrollieren, keine Probleme zu l\u00f6sen. Nur bei der Pr\u00e4senz zu sein ist genug.<\/p>\n<p>Wenn du fertig bist, gehe zur\u00fcck, ruhe dich aus, mache, was immer n\u00f6tig ist. Aber spekuliere nicht, bewerte nicht und spreche nicht \u00fcber diese heilige Erfahrung mit anderen.<\/p>\n<p>Lasse sie in dir wachsen wie einen Samen tief in der Erde. Lasse sie ihr eigenes Leben in dir haben. Lasse sie durch deine Ehrfurcht und deine Diskretion ern\u00e4hren. Teile sie nur mit deinem engsten Verb\u00fcndeten und auch das nur sehr selten.<\/p>\n<p>Die Welt wird dies nicht anerkennen. Andere sind blind und dumm. Denke daran.<\/p>\n<p>In der Welt musst du klar sein. Du musst urteilsf\u00e4hig und diskret sein. Aber bei der Pr\u00e4senz in der heiligen Erfahrung kannst du dich komplett \u00f6ffnen.<\/p>\n<p>Das, was heilig ist, hat keine Form.  Es ist kein Buch. Es ist kein Ort. Es ist kein Idol. Es ist kein Objekt. Es ist keine Geschichte.<\/p>\n<p>Diese Dinge k\u00f6nnen dir eine gr\u00f6\u00dfere Erfahrung vermitteln, aber das Heilige geht dar\u00fcber hinaus. Es ist jenseits des Verst\u00e4ndnisses. Es ist jenseits der Sinne. Es ist jenseits des Glaubens.<\/p>\n<p>Es ist das, was vor und nach deinem Leben auf der Welt existiert und in jedem Augenblick, in dem du hier bist.<\/p>\n<p>Halte die heilige Erfahrung heilig. Lasse sie eine Flamme in deinem Herzen sein. Lasse sie dich zu bestimmten Zeiten bewegen, um bestimmte Dinge zu sagen oder bestimmte Dinge zu tun.<\/p>\n<p>Sei aufnahmef\u00e4hig f\u00fcr ihre F\u00fchrung und denke daran, wenn du das tust, es ist die heilige Erfahrung, die dich in ein gr\u00f6\u00dferes Leben eingef\u00fchrt hat.<\/p>\n","protected":false},"excerpt":{"rendered":"<p>Komm heran zur Macht und zur Pr\u00e4senz in dir. Sie ist so nahe, du musst nur deinem Verstand gestatten, still zu sein. Die Pr\u00e4senz ist da. Sie ist bei dir. Sie ist immer bei dir, denn du kannst deiner Quelle und der Realit\u00e4t des Lebens nicht entkommen. Der Sch\u00f6pfer ist mit der Pr\u00e4senz bei dir.\u2026 <a class=\"read-more\" href=\"https:\/\/www.v6.newmessage.org\/de\/about-text-shortcode\/\"><span>Read More<\/span><\/a><\/p>\n","protected":false},"author":8,"featured_media":0,"parent":27720,"menu_order":0,"comment_status":"closed","ping_status":"closed","template":"template-leftsidebar.php","meta":{"_monsterinsights_skip_tracking":false,"_monsterinsights_sitenote_active":false,"_monsterinsights_sitenote_note":"","_monsterinsights_sitenote_category":0,"footnotes":""},"categories":[501],"tags":[971,935,972,934],"_links":{"self":[{"href":"https:\/\/www.v6.newmessage.org\/de\/wp-json\/wp\/v2\/pages\/27802"}],"collection":[{"href":"https:\/\/www.v6.newmessage.org\/de\/wp-json\/wp\/v2\/pages"}],"about":[{"href":"https:\/\/www.v6.newmessage.org\/de\/wp-json\/wp\/v2\/types\/page"}],"author":[{"embeddable":true,"href":"https:\/\/www.v6.newmessage.org\/de\/wp-json\/wp\/v2\/users\/8"}],"replies":[{"embeddable":true,"href":"https:\/\/www.v6.newmessage.org\/de\/wp-json\/wp\/v2\/comments?post=27802"}],"version-history":[{"count":4,"href":"https:\/\/www.v6.newmessage.org\/de\/wp-json\/wp\/v2\/pages\/27802\/revisions"}],"predecessor-version":[{"id":28293,"href":"https:\/\/www.v6.newmessage.org\/de\/wp-json\/wp\/v2\/pages\/27802\/revisions\/28293"}],"up":[{"embeddable":true,"href":"https:\/\/www.v6.newmessage.org\/de\/wp-json\/wp\/v2\/pages\/27720"}],"wp:attachment":[{"href":"https:\/\/www.v6.newmessage.org\/de\/wp-json\/wp\/v2\/media?parent=27802"}],"wp:term":[{"taxonomy":"category","embeddable":true,"href":"https:\/\/www.v6.newmessage.org\/de\/wp-json\/wp\/v2\/categories?post=27802"},{"taxonomy":"post_tag","embeddable":true,"href":"https:\/\/www.v6.newmessage.org\/de\/wp-json\/wp\/v2\/tags?post=27802"}],"curies":[{"name":"wp","href":"https:\/\/api.w.org\/{rel}","templated":true}]}}