{"id":27767,"date":"2017-05-29T05:53:46","date_gmt":"2017-05-29T05:53:46","guid":{"rendered":"http:\/\/www.newmessage.org\/german-international\/?page_id=27767"},"modified":"2017-06-20T08:09:42","modified_gmt":"2017-06-20T08:09:42","slug":"haufig-gestellte-fragen","status":"publish","type":"page","link":"https:\/\/www.v6.newmessage.org\/de\/haufig-gestellte-fragen\/","title":{"rendered":"H\u00e4ufig gestellte Fragen"},"content":{"rendered":"<p><img decoding=\"async\" src=\"\/\/www.newmessage.org\/wp-content\/uploads\/2015\/04\/shapeimage_15-228x300.png\" alt=\"H\u00e4ufig gestellte Fragen \u00dcber die Neue Botschaft\" class=\"alignright size-medium \" \/><\/p>\n<p><a href=\"https:\/\/www.newmessage.org\/de\/haufig-gestellte-fragen\/was-ist-die-neue-botschaft-von-gott\/\">Was ist die Neue Botschaft von Gott?<\/a><\/p>\n<p>\u201cEine Neue Botschaft wurde vom Sch\u00f6pfer allen Lebens gesandt. Es ist eine Botschaft, die den Einzelnen vorbereitet und die V\u00f6lker der Erde vorbereitet, um zu \u00fcberleben und durch die gro\u00dfen Gefahren zu gelangen, die die Menschheit erwarten. Sie ist ein gro\u00dfes Geschenk angesichts einer dringenden Notwendigkeit.\u201d<br \/>\n<a href=\"https:\/\/www.newmessage.org\/de\/haufig-gestellte-fragen\/was-ist-die-neue-botschaft-von-gott\/\">Lies mehr &#8230;<\/a><\/p>\n<p><a href=\"https:\/\/www.newmessage.org\/de\/haufig-gestellte-fragen\/warum-ist-sie-hier\/\">Warum ist sie hier?<\/a><\/p>\n<p>\u201cSie treiben kopf\u00fcber in die Zukunft,<br \/>\ndie so anders als die Vergangenheit sein wird,<br \/>\naber Sie sind nicht vorbereitet.<br \/>\nDas ist der Grund, weshalb es eine Neue Botschaft von Gott gibt.&#8221;<\/p>\n<p>Die Menschheit steht am Abgrund des<br \/>\nGro\u00dfen Wandels und einer ungewissen Zukunft\u2026<br \/>\n<a href=\"https:\/\/www.newmessage.org\/de\/haufig-gestellte-fragen\/warum-ist-sie-hier\/\">Lies mehr &#8230;<\/a><\/p>\n<p><a href=\"https:\/\/www.newmessage.org\/de\/haufig-gestellte-fragen\/wie-wurde-die-neue-botschaft-empfangen\/\">Wie wurde die Neue Botschaft empfangen?<\/a><\/p>\n<p>\u201cEine gro\u00dfe Liebe hat diese Neue<br \/>\nBotschaft in die Welt gebracht\u2014<br \/>\ndie Liebe des Sch\u00f6pfers f\u00fcr die Sch\u00f6pfung,<br \/>\ndie Liebe des Sch\u00f6pfers f\u00fcr die menschliche Familie\u2014<br \/>\ndie der Menschheit ihre gro\u00dfe Gelegenheit auf dieser Welt<br \/>\nzeigt, eine geeinte und freie Rasse zu werden.&#8221;<br \/>\n<a href=\"https:\/\/www.newmessage.org\/de\/haufig-gestellte-fragen\/wie-wurde-die-neue-botschaft-empfangen\/\u200e\">Lies mehr &#8230;<\/a><\/p>\n<p><a href=\"https:\/\/www.newmessage.org\/de\/haufig-gestellte-fragen\/was-ist-gott\/\">Was ist Gott?<\/a><\/p>\n<p>\u201cHier wirst du dich nicht auf einen Gott<br \/>\ndeiner Welt und deiner Zeit konzentrieren,<br \/>\nsondern auf einen Gott aller Welten und aller Zeiten.\u201d<br \/>\n<a href=\"https:\/\/www.newmessage.org\/de\/haufig-gestellte-fragen\/was-ist-gott\/\">Lies mehr &#8230;<\/a><\/p>\n<p><a href=\"https:\/\/www.newmessage.org\/de\/haufig-gestellte-fragen\/wie-kommuniziert-gott-mit-dir\/\">Wie kommuniziert Gott mit dir?<\/a><\/p>\n<p>\u201c\u00dcber die Kenntnis kannst du die<br \/>\nPr\u00e4senz aller Beziehungen f\u00fchlen.<br \/>\nDies ist die Erfahrung Gottes.\u201d<\/p>\n<p>Gott ist die Quelle der Kenntnis in dir, wobei Kenntnis dein tieferer spiritueller Verstand ist, den der Sch\u00f6pfer dir und allen empfindenden Wesen im Universum verliehen hat\u2026<br \/>\n<a href=\"https:\/\/www.newmessage.org\/de\/haufig-gestellte-fragen\/wie-kommuniziert-gott-mit-dir\/\">Lies mehr &#8230;<\/a><\/p>\n<p><a href=\"https:\/\/www.newmessage.org\/de\/haufig-gestellte-fragen\/wofur-steht-die-neue-botschaft\/\">Wof\u00fcr steht die Neue Botschaft?<\/a><\/p>\n<p>1. Freiheit\u2014Lernen, deine individuelle Freiheit und die kollektive Freiheit der Menschheit aufzubauen, aufrechtzuerhalten und zu sch\u00fctzen angesichts schwieriger und noch nie dagewesener Herausforderungen<\/p>\n<p>2. Menschliche Einheit, Zusammenarbeit \u2026<br \/>\n<a href=\"https:\/\/www.newmessage.org\/de\/haufig-gestellte-fragen\/wofur-steht-die-neue-botschaft\/\">Lies mehr &#8230;<\/a><\/p>\n<p><a href=\"https:\/\/www.newmessage.org\/de\/haufig-gestellte-fragen\/ist-dies-eine-neue-religion-warum-braucht-die-welt-eine-neue-religion\/\">Ist dies eine neue Religion? Warum braucht die Welt eine neue Religion?<\/a><\/p>\n<p>Die Welt braucht ein neues Verst\u00e4ndnis und ein neues Bewusstsein. Daraus werden Formen von spiritueller Praxis und Gemeinschaften entstehen und in diesem Sinn, ja, ist es wie eine neue Religion. Aber der Zweck der Neuen Botschaft ist nicht einfach eine weitere Religion im Wettstreit oder im Gegensatz zu allen anderen Religionen zu schaffen, sondern stattdessen das menschliche Verst\u00e4ndnis ihrer spirituellen Realit\u00e4t, ihrer gr\u00f6\u00dferen Herausforderungen auf der Welt und ihrer Bestimmung in einem Universum voll von intelligentem Leben\u2026<br \/>\n<a href=\"https:\/\/www.newmessage.org\/de\/haufig-gestellte-fragen\/ist-dies-eine-neue-religion-warum-braucht-die-welt-eine-neue-religion\/\">Lies mehr &#8230;<\/a><\/p>\n<p><a href=\"https:\/\/www.newmessage.org\/de\/haufig-gestellte-fragen\/muss-ich-ein-konvertit-oder-anhanger-der-neuen-botschaft-werden-um-die-neue-botschaft-zu-erhalten\/\">Muss ich ein Konvertit oder Anh\u00e4nger der Neuen Botschaft werden, um die Neue Botschaft zu erhalten?<\/a><\/p>\n<p>Nein. Die Neue Botschaft zu erhalten, bedeutet, ihre Weisheit und ihre Lehre von der Selbstkenntnis, dem Zweck, der Beziehung, der Einheit, der Kooperation und dem Eintreten der Menschheit in eine Gr\u00f6\u00dfere Gemeinschaft intelligenten Lebens im Universum zu erhalten.\u2026<br \/>\n<a href=\"https:\/\/www.newmessage.org\/de\/haufig-gestellte-fragen\/muss-ich-ein-konvertit-oder-anhanger-der-neuen-botschaft-werden-um-die-neue-botschaft-zu-erhalten\/\">Lies mehr &#8230;<\/a><\/p>\n<p><a href=\"https:\/\/www.newmessage.org\/de\/haufig-gestellte-fragen\/was-verlangt-die-neue-botschaft-von-mir\/\">Was verlangt die Neue Botschaft von mir?<\/a><\/p>\n<p>Die Neue Botschaft verlangt von dir Ehrlichkeit, Aufrichtigkeit, Integrit\u00e4t und Engagement\u2014alles Dinge, die jeder in seinem oder ihrem Leben herstellen muss und alles, was in den Gemeinden und D\u00f6rfern, St\u00e4dten und Nationen der Welt hergestellt werden muss\u2026<br \/>\n<a href=\"https:\/\/www.newmessage.org\/de\/haufig-gestellte-fragen\/was-verlangt-die-neue-botschaft-von-mir\/\">Lies mehr &#8230;<\/a><\/p>\n","protected":false},"excerpt":{"rendered":"<p>Was ist die Neue Botschaft von Gott? \u201cEine Neue Botschaft wurde vom Sch\u00f6pfer allen Lebens gesandt. Es ist eine Botschaft, die den Einzelnen vorbereitet und die V\u00f6lker der Erde vorbereitet, um zu \u00fcberleben und durch die gro\u00dfen Gefahren zu gelangen, die die Menschheit erwarten. Sie ist ein gro\u00dfes Geschenk angesichts einer dringenden Notwendigkeit.\u201d Lies mehr\u2026 <a class=\"read-more\" href=\"https:\/\/www.v6.newmessage.org\/de\/haufig-gestellte-fragen\/\"><span>Read More<\/span><\/a><\/p>\n","protected":false},"author":8,"featured_media":0,"parent":0,"menu_order":0,"comment_status":"closed","ping_status":"closed","template":"template-leftsidebar.php","meta":{"_monsterinsights_skip_tracking":false,"_monsterinsights_sitenote_active":false,"_monsterinsights_sitenote_note":"","_monsterinsights_sitenote_category":0,"footnotes":""},"categories":[],"tags":[951,952],"_links":{"self":[{"href":"https:\/\/www.v6.newmessage.org\/de\/wp-json\/wp\/v2\/pages\/27767"}],"collection":[{"href":"https:\/\/www.v6.newmessage.org\/de\/wp-json\/wp\/v2\/pages"}],"about":[{"href":"https:\/\/www.v6.newmessage.org\/de\/wp-json\/wp\/v2\/types\/page"}],"author":[{"embeddable":true,"href":"https:\/\/www.v6.newmessage.org\/de\/wp-json\/wp\/v2\/users\/8"}],"replies":[{"embeddable":true,"href":"https:\/\/www.v6.newmessage.org\/de\/wp-json\/wp\/v2\/comments?post=27767"}],"version-history":[{"count":11,"href":"https:\/\/www.v6.newmessage.org\/de\/wp-json\/wp\/v2\/pages\/27767\/revisions"}],"predecessor-version":[{"id":28064,"href":"https:\/\/www.v6.newmessage.org\/de\/wp-json\/wp\/v2\/pages\/27767\/revisions\/28064"}],"wp:attachment":[{"href":"https:\/\/www.v6.newmessage.org\/de\/wp-json\/wp\/v2\/media?parent=27767"}],"wp:term":[{"taxonomy":"category","embeddable":true,"href":"https:\/\/www.v6.newmessage.org\/de\/wp-json\/wp\/v2\/categories?post=27767"},{"taxonomy":"post_tag","embeddable":true,"href":"https:\/\/www.v6.newmessage.org\/de\/wp-json\/wp\/v2\/tags?post=27767"}],"curies":[{"name":"wp","href":"https:\/\/api.w.org\/{rel}","templated":true}]}}