{"id":27744,"date":"2017-05-28T09:17:18","date_gmt":"2017-05-28T09:17:18","guid":{"rendered":"http:\/\/www.newmessage.org\/german-international\/?page_id=27744"},"modified":"2021-11-29T07:28:24","modified_gmt":"2021-11-29T07:28:24","slug":"die-grose-schwelle","status":"publish","type":"page","link":"https:\/\/www.v6.newmessage.org\/de\/die-botschaft\/band-1\/die-zeit-der-offenbarung\/die-grose-schwelle\/","title":{"rendered":"Die Gro\u00dfe Schwelle"},"content":{"rendered":"<div><!-- 4.0 --><\/div>\n\n<div class=\"tabgroup \"><ul class=\"tabs\"><li><a href=\"#tabs-1\">\u00dcber<\/a><\/li>\n<li><a href=\"#tabs-2\"> Anmerkung<\/a><\/li><\/ul>\n <div id=\"tabs-1\"><\/p>\n<p class=\"revelation_details\"><em>Wie offenbart<br \/>\nMarshall Vian Summers<br \/>\nam 2. Februar 2011 &#8211;<br \/>\nin Seattle, Washington<\/em><\/p>\n<div class=\"toggle toggle-white\"><h4 class=\"trigger \"><span class=\"t_ico\"><\/span><a href=\"#\">\u00dcber diesen Text<\/a><\/h4><div class=\"toggle_container \"><br \/>\n<p>Was du in diesem Text liest, ist die Transkription der Originalstimme des <a href=\"https:\/\/www.newmessage.org\/de\/wichtige-begriffe#aa\">Engelsrates<\/a>, wie sie \u00fcber den <a href=\"http:\/\/www.neuebotschaft.org\/der-bote\/\">Boten Marshall Vian Summers<\/a> sprach.<\/p>\n<p>Hierbei wird die originale Kommunikation von Gott, die jenseits von Worten existiert, vom <a href=\"https:\/\/www.newmessage.org\/de\/wichtige-begriffe#aa\">Engelsrat<\/a>, der \u00fcber die Welt wacht, in menschliche Sprache und menschliches Verst\u00e4ndnis \u00fcbersetzt. Der Rat bringt dann Gottes Botschaft \u00fcber den Boten dar, woraufhin sie transkribiert und euch und allen Menschen verf\u00fcgbar gemacht wird.<\/p>\n<p>In diesem bemerkenswerten Prozess spricht die <a href=\"https:\/\/www.newmessage.org\/de\/wichtige-begriffe#voice\">Stimme der Offenbarung<\/a> erneut. Das Wort und der Klang sind in der Welt. M\u00f6gest du der Empf\u00e4nger dieses Geschenks der Offenbarung sein und m\u00f6gest du offen sein, ihre einmalige Botschaft f\u00fcr dich und f\u00fcr dein Leben zu empfangen.<\/p>\n<br \/>\n<\/div><\/div><br \/>\n<\/div>\n<div id=\"tabs-2\"><br \/>\n<em> Anmerkung an den Leser:<br \/>\nDiese \u00dcbersetzung wurde der Society von einem Sch\u00fcler der Neuen Botschaft verf\u00fcgbar gemacht, der den englischen Originaltext als Freiwilliger \u00fcbersetzt hat. Wir stellen diese \u00dcbersetzung in dieser fr\u00fchen Form zur Verf\u00fcgung, damit jeder Gelegenheit hat, sich mit einem Teil der Neuen Botschaft in seiner eigenen Sprache zu befassen.<\/em><br \/>\n<\/div>\n\t\t\t\t<div align=\"right\">\n\t\t\t<div class=\"fb-like\" data-href=\"\" data-layout=\"button_count\" data-action=\"like\" data-show-faces=\"false\" data-share=\"false\"><\/div>\n\t\t\t<div class=\"fb-share-button\" data-layout=\"button_count\"> <\/div>\n\t\t\t<div class=\"fb_iframe_widget\"><a href=\"https:\/\/twitter.com\/godsnewmessage?ref_src=twsrc%5Etfw\" class=\"twitter-follow-button\" data-show-count=\"false\">Follow @godsnewmessage<\/a><script async src=\"https:\/\/platform.twitter.com\/widgets.js\" charset=\"utf-8\"><\/script><\/div>\n\t\t\t<\/div> <\/div> \n\n<p>Die Zeit ist gekommen, in der die Menschen beginnen m\u00fcssen zu erkennen, dass eine Neue Offenbarung in der Welt ist, eine Offenbarung vom Sch\u00f6pfer allen Lebens. Es ist eine Offenbarung, die gegeben wurde, weil die Menschheit gro\u00dfer Ver\u00e4nderung und auch den Gefahren und den Gelegenheiten der Begegnung mit intelligentem Leben im Universum gegen\u00fcbersteht.<\/p>\n<p>Es ist eine gro\u00dfe Schwelle, an der die Zukunft der Menschheit festgelegt wird, ob diese Zukunft gro\u00dfartig sein wird oder katastrophal. Dies ist n\u00e4mlich der gro\u00dfe Wendepunkt. Es ist nicht nur Leben wie gewohnt. Es ist nicht nur eine Fortsetzung der Vergangenheit. Es ist eine Schwelle. Es ist eine Schwelle in deinem Leben. Es ist eine Schwelle in deiner Welt. Es ist eine Schwelle, die alles beeinflussen wird, was du sch\u00e4tzt und alles, was du liebst.<\/p>\n<p>Du kannst dies in deiner tieferen Natur sp\u00fcren \u2013 Sorge, Angst, Unruhe. Vielleicht versuchst du, diesen Dingen zu entfliehen. Vielleicht wirst du f\u00fcr dich eine Erkl\u00e4rung finden. Aber sie sind wirklich, und sie sind ein Zeichen in dir, dass du an einem gro\u00dfen Wendepunkt lebst, an einer gro\u00dfen Schwelle.<\/p>\n<p>Es ist w\u00e4hrend dieses Wendepunktes, dass die Zukunft der Menschheit bestimmt wird und deren Form festgelegt  wird\u2013 entweder von der Weisheit der Menschheit oder von ihrer Unwissenheit und Anma\u00dfung \u2013, dass Gottes Offenbarung in die Welt gekommen ist.<\/p>\n<p>Dies ist eine Offenbarung ungleich allem, wof\u00fcr der Sch\u00f6pfer allen Lebens hier jemals gesorgt hat.<\/p>\n<p>W\u00e4hrend sie die Offenbarungen der Vergangenheit ehrt, sorgt sie f\u00fcr Dinge, die die Menschheit niemals zuvor gesehen oder geh\u00f6rt hat.<\/p>\n<p>Ein Bote wurde in diese Welt gesandt, um diese Botschaft zu empfangen und, um sie mit den Besten seiner F\u00e4higkeit in die Welt zu bringen. Er ist ein dem\u00fctiger Mann, ein Mann ohne Position in der Welt. Er ist ein Mann, dem sich bestimmte mutige Individuen anschlossen und halfen, diese gro\u00dfe Botschaft  zu bringen. Sie ist  tats\u00e4chlich so gro\u00df, dass sie den Hauptteil seines Erwachsenenlebens vereinnahmte, um sie zu empfangen.<\/p>\n<p>Menschen, die ihr das erste Mal begegnen, sind \u00fcberw\u00e4ltigt von der Gr\u00f6\u00dfe dieser Offenbarung, der Tiefe ihrer Lehren und dem Umfang ihres Nachdrucks. Sie sorgt f\u00fcr L\u00f6sungen von Problemen, die die Menschheit noch nicht einmal erkannt hat. Sie spricht davon, mit was wir heute konfrontiert werden und mit was wir in 50 Jahren konfrontiert werden sowie in 100 Jahren.<\/p>\n<p>Dies ist n\u00e4mlich die Schwelle. Das Leben hat gro\u00dfe Schwellen. Dein individuelles Leben hat gro\u00dfe Schwellen. Dann gibt es Schwellen f\u00fcr die gesamte Menschheit, die zu tun haben mit der Evolution der Menschheit und ihrer Bestimmung innerhalb einer gr\u00f6\u00dferen Arena des Lebens im Universum, einer Bestimmung, die weit jenseits des Bereichs der Sorgen und des Bewusstseins der meisten Menschen ist.<\/p>\n<p>Deine F\u00e4higkeit, die Offenbarung zu erkennen, wird dadurch bestimmt, wie tief du deine eigene Natur erfahren kannst und die Ehrlichkeit, die dich zu deiner Selbsterforschung bringt und was du dir selbst sagst. Dies ist wirklich mehr ein Kommentar \u00fcber den Empf\u00e4nger als \u00fcber die Botschaft selbst, da die Botschaft rein ist. Sie ist unverdorben. Sie ist unbefleckt. Es ist die originale, die reine Lehre.<\/p>\n<p>Sie wird nicht einfach Jahrhunderte sp\u00e4ter von Menschen erkl\u00e4rt werden, formuliert als eine religi\u00f6se Lehre, Praxis und Theologie. Sie ist lebendig. Sie ist organisch. Sie ist heute in der Welt \u2013  wartend darauf, entdeckt zu werden, wartend darauf, empfangen zu werden, wartend darauf, angewandt und gelebt zu werden.<\/p>\n<p>Vielleicht erkennst du nicht, wie gl\u00fccklich du bist, zu einer Zeit der Offenbarung zu leben. Vielleicht erkennst du nicht die gro\u00dfe Vorsehung, dir bewusst zu sein, dass da so eine gro\u00dfe Offenbarung vor dir ist, unter den ersten zu sein, die sie entdecken, ihre Gnade und ihre Macht zu erfahren und ihre Weisheit und F\u00fchrung zu empfangen.<\/p>\n<p>Viele Menschen  werden dies nat\u00fcrlich verneinen.  Sie werden dies nicht verneinen, weil sie realisieren, dass dies falsch ist, sondern weil sie sich davor f\u00fcrchten \u2013 f\u00fcrchten, was sie offenbaren k\u00f6nnte, f\u00fcrchten, dass sie ihre Glaubensvorstellungen, ihre Sichtweisen, ihre Aktivit\u00e4ten neu erw\u00e4gen m\u00fcssten, f\u00fcrchten, dass sie ihr Leben neu bewerten m\u00fcssten oder die ganze Vorstellung von Gott, Bestimmung, Zweck und Bedeutung neu erw\u00e4gen m\u00fcssten.<\/p>\n<p>Viele Menschen sind zu tr\u00e4ge, diese Dinge zu erw\u00e4gen, und so werden sie die Neue Offenbarung zur\u00fcckweisen, sogar ohne einen Blick darauf geworfen zu haben, sogar ohne darauf zu reagieren. Sogar ohne sie empfangen zu haben, werden sie sie zur\u00fcckweisen.<\/p>\n<p>Aber auch dann muss die Offenbarung gegeben werden, da dies die Zeit der Offenbarung ist und der Bedarf an der Offenbarung \u00fcberw\u00e4ltigend ist, da die Menschheit nicht viel Zeit hat, sich vorzubereiten und zu bestimmen, welche Art von Zukunft sie haben wird.<\/p>\n<p>Wenn die Offenbarung nicht gegeben w\u00fcrde und nicht in der Welt pr\u00e4sentiert w\u00fcrde, dann w\u00e4re die Zukunft der Menschheit schrecklich und das Ergebnis w\u00e4re voraussagbar \u2013 Menschheit und menschliche Zivilisation w\u00fcrden wanken und zusammenbrechen, f\u00fchrend zu immensem Leid und Verlust von Leben.<\/p>\n<p>Gro\u00dfe Zivilisationen sind zuvor gescheitert und ein solches Scheitern ist eine wirkliche Gefahr. Daher sorgt Gott f\u00fcr eine Neue Botschaft f\u00fcr die Menschheit.<\/p>\n<p>Du magst den Boten hinterfragen. Du magst versuchen, Fehler an ihm zu finden. Er ist fehlbar. Er ist ein menschliches Wesen. Er hat im ersten Teil seines Lebens ein normales Leben gelebt. Er hat Fehler gemacht. Er gibt nicht vor, perfekt zu sein. Doch die Boten sind nie perfekt. Sie sind alle einem sehr \u00e4hnlichen Pfad gefolgt und ihre Offenbarungen wurden so oft ge\u00e4ndert oder \u00e4nderten sich mit der Zeit, oder wurden sogar zu Beginn verloren, so dass es f\u00fcr die Menschen schwer ist, zu wissen , was sie tats\u00e4chlich sagten und was sie tats\u00e4chlich taten und eine Aufzeichnung oder ein Transkript ihrer Worte zu erhalten sowie eine ehrliche Aufrechnung ihrer Taten und ihrer Erfolge.<\/p>\n<p>Daher wurde die Neue Offenbarung in ihrer reinen Form gegeben, so dass die Menschen sie f\u00fcr sich selbst h\u00f6ren und sehen und f\u00fchlen k\u00f6nnen, und sie ihnen nicht Jahrhunderte sp\u00e4ter von jemandem \u00fcbersetzt wurde, der nicht zu Beginn dabei war.<\/p>\n<p>Dies ist nun notwendig, da die Menschheit nicht viel Zeit hat. Du hast nicht Jahrzehnte, um diese Dinge zu erw\u00e4gen, da ihr eine Ver\u00e4nderung in der Welt in Bewegung gesetzt habt, die sich beschleunigen wird und die jenseits eurer Kontrolle sein wird und sogar heute schon jenseits eurer Kontrolle ist.<\/p>\n<p>Dies ist die bedeutsame Zeit, in der du lebst. Du realisierst nicht, was das f\u00fcr ein gro\u00dfer Wendepunkt ist. Du realisierst nicht die Bedeutsamkeit, zu solch einer Zeit zu leben oder die Bedeutung deiner Existenz hier, weil du dar\u00fcber nur in Begriffen deiner eigenen W\u00fcnsche und \u00c4ngste denkst. Aber wenn du dies von einem gr\u00f6\u00dferen Aussichtspunkt betrachtest, so bist du hier, um in einer Zeit der Entscheidung zu leben, einer Zeit der Erkenntnis, einer Zeit des aktiven Engagements in der Welt, einer Zeit der Offenbarung.<\/p>\n<p>Dies ist deine Bestimmung. Dies ist die Berufung. Du erkennst noch nicht, was vor dir ist und was in dir ist und was die Welt von dir erfordern wird und womit die Welt konfrontiert wird.<\/p>\n<p>Deshalb ist die Neue Botschaft hier, da sie daf\u00fcr sorgt, wof\u00fcr die Menschheit selbst nicht sorgen kann. Sie offenbart, was die Menschheit selbst nicht sehen und wissen kann. Sie sorgt f\u00fcr eine Vorbereitung f\u00fcr jede Person, die Schritte zu einer gr\u00f6\u00dferen Intelligenz in ihnen zu gehen, einer Intelligenz, die Kenntnis genannt wird.<\/p>\n<p>Narren werden lachen und spotten und sich lustig dar\u00fcber machen, weil sie sich f\u00fcrchten. Die Weisen werden reagieren.  Die Ehrlichen werden reagieren. Die Aufrichtigen werden reagieren, da sie ehrlich und weise und aufrichtig sind.<\/p>\n<p>Du musst auf dein Herz h\u00f6ren, wenn du mit der Neuen Botschaft bist. Sie wird nicht deine Vorstellungen oder \u00dcberzeugungen best\u00e4tigen. Sie wird nicht eure Religionen best\u00e4tigen, da sie von Gott kommt und Gott durch diese Dinge nicht gebunden ist. Gottes Offenbarung ist nicht ein Produkt der menschlichen Leistungen, des menschlichen Scheiterns oder menschlicher Vorstellung. Das ist es, was sie rein und m\u00e4chtig macht. Das ist es, was ihre Offenbarung stark und andauernd macht. Das ist es, was es ihr erlaubt, durch die Alten Korridore deines Verstandes zu sprechen, zu einem tieferen, heiligeren Ort in dir, einem Ort, der selten aufgesucht wird und kaum bekannt ist.<\/p>\n<p>Das ist es, was die Neue Botschaft dir offenbart. Sie offenbart die tieferen Geheimnisse deiner Seele. Sie offenbart deine tiefere Natur auf der Ebene von Kenntnis. Sie offenbart, was auf die Welt zukommt, und sie offenbart, was auf die Menschheit zukommt, w\u00e4hrend sie an der Schwelle zur Gr\u00f6\u00dferen Gemeinschaft des Lebens im Universum steht. Sie wird Fragen beantworten, die du vielleicht noch niemals gestellt hast, und wird die T\u00fcr \u00f6ffnen, damit eine Neue Offenbarung zu dir kommen kann.<\/p>\n<p>Dies ist die Schwelle. Eine solche wird f\u00fcr eine sehr lange Zeit nicht wiederkommen, da Schwellen selten sind. Sie sind gro\u00dfe Wendepunkte in der Evolution einer Rasse, einer Welt.<\/p>\n<p>Dies zu wissen und dies zu sehen, hei\u00dft, auf die gro\u00dfen Ereignisse deiner Zeit zu reagieren sowie auf die gro\u00dfen Gelegenheiten und den Beitrag deiner Zeit.  Die Welt wird mit jedem vergehendem Tag dunkler, und mit jedem vergehenden Tag habt ihr immer weniger Antworten.<\/p>\n<p>Seid ehrlich damit. Akzeptiert dies. Ihr habt keine Antwort f\u00fcr die Welt, und wenn ihr ehrlich seid, erkennt ihr, dass die Menschheit in gro\u00dfer Gefahr ist \u2013 des Zusammenbruches von innen und des Wettbewerbes von au\u00dfen, bedrohend alles, was ihr sch\u00e4tzt und alles, von dem ihr annehmt, dass es in der Zukunft f\u00fcr euch da sein wird.<\/p>\n<p>Es ist eine furchtbare Zeit, aber es ist eine ernste Zeit. Es ist die Zeit der Offenbarung. Es ist eine Zeit, wenn die normalen Vergn\u00fcgen und einfachen Fluchtm\u00f6glichkeiten und Phantasien des Lebens dich betr\u00fcgen k\u00f6nnen, denn da ist eine gr\u00f6\u00dfere Berufung.Da ist eine gro\u00dfe Schwelle.<\/p>\n<p>Dies ist der Moment. Er ist nicht Jahre entfernt. Er ist nicht, wann immer du m\u00f6chtest, dass er da sein soll, da du nicht zu deinen Bedingungen zu Gott kommst. Du kommst zu Gottes Bedingungen zu Gott . Du wirst nicht weise nach deinen Bedingungen. Du wirst weise nach den Bedingungen, die die Weisheit selbst vorschreibt. Du wirst nicht m\u00e4chtig, weil du einfach m\u00e4chtig werden willst. Du wirst m\u00e4chtig, wenn du eine gr\u00f6\u00dfere Stimme in dir w\u00e4hlst und mit einer gr\u00f6\u00dferen Kraft, die tief in dir wohnt, jenseits des Bereiches und der Reichweite des Intellektes, verweilst.<\/p>\n<p>Das ist die gro\u00dfe Schwelle. Und du wirst f\u00fchlen, dass dein Leben sich auf etwas Wichtiges zubewegt, und dass es etwas Wichtigem dient und dass es immer f\u00fcr etwas Wichtiges gedacht war. Wenn dies deine Erfahrung ist, so erf\u00e4hrst du bereits die Schwelle und die Offenbarung.<\/p>\n<p>Lass dann die Offenbarung dein Leben erleuchten und in die Tiefe deiner Seele sprechen, da nur Gott dort sprechen kann. Die kl\u00fcgste Person, die redegewandetste Person kann nicht so tief reichen, au\u00dfer Gott hat sie inspiriert.<\/p>\n<p>Die Offenbarung ist nun in der Welt. Der Bote brauchte 25 Jahre, um sie zu empfangen. Sie ist so umfassend. Sie ist die gr\u00f6\u00dfte und umfassendste Botschaft, die jemals der Menschheit gegeben wurde, da die Welt wissen muss. Und mitf\u00fchlende Menschen \u00fcberall m\u00fcssen wissen. Und diese Menschen, die den gro\u00dfen Druck dieser Zeit sp\u00fcren, m\u00fcssen wissen.<\/p>\n<p>Niemand kann ihre Fragen beantworten. Keine Regierung, kein F\u00fchrer, keine ungeduldige Person, kein gro\u00dfer Darsteller kann diese Fragen beantworten. Sie m\u00fcssen auf einer tieferen Ebene von einer H\u00f6heren Macht beantwortet werden. Und die Neue Botschaft ist hier, um dies zu tun.<\/p>\n<p>Die Menschheit braucht jetzt Klarheit. Sie kann nicht verloren sein in Fantasie oder Verwirrung, wenn sie dabei ist, die Entscheidungen zu treffen, die ihre Zukunft sichern werden und der menschlichen Familie eine gr\u00f6\u00dfere Bestimmung geben.<\/p>\n<p>Dies wird deine Teilnahme erfordern. Dies wird dein Herz und deinen Geist erfordern. Deswegen bist du gekommen.  Du kannst nicht wirklich dein eigenes Leben erschaffen, weil es gedacht ist als etwas, dass das Produkt davon sein wird, was jeder erschafft. Es wird aus dir von der Welt herausgerufen, denn du kannst nicht selbst die Gr\u00f6\u00dfe aus dir hervorrufen.<\/p>\n<p>Dies ist die Schwelle, die gro\u00dfe Schwelle, an der du diese eine gro\u00dfe Chance hast, den H\u00f6heren Zweck und die Richtung deines Lebens zu entdecken, nicht weil es dir gesagt wird, sondern weil dir selbst die Mittel gegeben worden sind, es zu entdecken und zu erfahren.<\/p>\n<p>Lass dann die Schwelle dein Leben neu formen und ihm die Bedeutung geben, die du ihm niemals selbst h\u00e4ttest geben k\u00f6nnen. Lass sie dich mit klaren Augen hinaus in die Welt bringen. Lass sie  dich von Manipulation und Unterdr\u00fcckung befreien. Lass sie dich die Ketten und Fesseln abwerfen, die dich zur\u00fcckhalten und deinen Verstand und dein Leben unterdr\u00fcckt halten. Lass sie dir offenbaren, dass du eine gr\u00f6\u00dfere Bestimmung in Zusammenarbeit mit anderen hast und dass du wahre Gaben einer bed\u00fcrftigen Welt zu geben hast, welche von der H\u00f6heren Macht in dir gef\u00fchrt werden m\u00fcssen.<\/p>\n<p>Dies ist die gro\u00dfe Schwelle. Darum hat Gott eine Neue Botschaft in die Welt gesandt<strong>, <\/strong>eine vollst\u00e4ndigere Botschaft, umfassender als alles, was bisher der menschlichen Familie gegeben wurde.<\/p>\n<p>Dies ist die Gabe und die Zeit. Dies ist die gro\u00dfe Schwelle.<\/p>\n","protected":false},"excerpt":{"rendered":"<p>Die Zeit ist gekommen, in der die Menschen beginnen m\u00fcssen zu erkennen, dass eine Neue Offenbarung in der Welt ist, eine Offenbarung vom Sch\u00f6pfer allen Lebens. Es ist eine Offenbarung, die gegeben wurde, weil die Menschheit gro\u00dfer Ver\u00e4nderung und auch den Gefahren und den Gelegenheiten der Begegnung mit intelligentem Leben im Universum gegen\u00fcbersteht. Es ist\u2026 <a class=\"read-more\" href=\"https:\/\/www.v6.newmessage.org\/de\/about-text-shortcode\/\"><span>Read More<\/span><\/a><\/p>\n","protected":false},"author":8,"featured_media":0,"parent":29546,"menu_order":0,"comment_status":"closed","ping_status":"closed","template":"template-leftsidebar.php","meta":{"_monsterinsights_skip_tracking":false,"_monsterinsights_sitenote_active":false,"_monsterinsights_sitenote_note":"","_monsterinsights_sitenote_category":0,"footnotes":""},"categories":[76,1410,460],"tags":[946,945],"_links":{"self":[{"href":"https:\/\/www.v6.newmessage.org\/de\/wp-json\/wp\/v2\/pages\/27744"}],"collection":[{"href":"https:\/\/www.v6.newmessage.org\/de\/wp-json\/wp\/v2\/pages"}],"about":[{"href":"https:\/\/www.v6.newmessage.org\/de\/wp-json\/wp\/v2\/types\/page"}],"author":[{"embeddable":true,"href":"https:\/\/www.v6.newmessage.org\/de\/wp-json\/wp\/v2\/users\/8"}],"replies":[{"embeddable":true,"href":"https:\/\/www.v6.newmessage.org\/de\/wp-json\/wp\/v2\/comments?post=27744"}],"version-history":[{"count":4,"href":"https:\/\/www.v6.newmessage.org\/de\/wp-json\/wp\/v2\/pages\/27744\/revisions"}],"predecessor-version":[{"id":28291,"href":"https:\/\/www.v6.newmessage.org\/de\/wp-json\/wp\/v2\/pages\/27744\/revisions\/28291"}],"up":[{"embeddable":true,"href":"https:\/\/www.v6.newmessage.org\/de\/wp-json\/wp\/v2\/pages\/29546"}],"wp:attachment":[{"href":"https:\/\/www.v6.newmessage.org\/de\/wp-json\/wp\/v2\/media?parent=27744"}],"wp:term":[{"taxonomy":"category","embeddable":true,"href":"https:\/\/www.v6.newmessage.org\/de\/wp-json\/wp\/v2\/categories?post=27744"},{"taxonomy":"post_tag","embeddable":true,"href":"https:\/\/www.v6.newmessage.org\/de\/wp-json\/wp\/v2\/tags?post=27744"}],"curies":[{"name":"wp","href":"https:\/\/api.w.org\/{rel}","templated":true}]}}