{"id":27733,"date":"2017-05-28T07:58:31","date_gmt":"2017-05-28T07:58:31","guid":{"rendered":"http:\/\/www.newmessage.org\/german-international\/?page_id=27733"},"modified":"2019-06-26T03:35:24","modified_gmt":"2019-06-26T03:35:24","slug":"den-weg-der-kenntnis-leben","status":"publish","type":"page","link":"https:\/\/www.v6.newmessage.org\/de\/die-botschaft\/band-3\/den-weg-der-kenntnis-leben\/","title":{"rendered":"Den Weg der Kenntnis leben"},"content":{"rendered":"<p><img loading=\"lazy\" decoding=\"async\" class=\"alignright\" src=\"\/\/www.newmessage.org\/wp-content\/uploads\/2014\/07\/LTW-book-cover.jpg\" alt=\"Living The Way of Knowledge\" width=\"234\" height=\"360\" \/><\/p>\n<p><em>Den Weg der Kenntnis leben<\/em> ist die Lehre der Neuen Botschaft dar\u00fcber, wie man die Gnade, die F\u00fchrung und die Macht der Kenntnis in die Vier S\u00e4ulen des eigenen Lebens integriert: Die S\u00e4ule der Beziehungen, Die S\u00e4ule der Arbeit, Die S\u00e4ule der Gesundheit und Die S\u00e4ule der Spirituellen Entwicklung. Wie die vier Beine eines Tisches bieten die Vier S\u00e4ulen ein stabiles Fundament f\u00fcr den Bau eines gr\u00f6\u00dferen Lebens in einer unstabilen und ungewissen Welt.<\/p>\n<p><em>Den Weg der Kenntnis leben<\/em> stellt eine der gro\u00dfen Praktiken bei dem Erlernen und Leben der Neuen Botschaft von Gott dar. Mit dem Aufbau der Vier S\u00e4ulem deines Lebens entwickelst du ein wahres Fundament und eine gr\u00f6\u00dfere Gewissheit, Stabilit\u00e4t und F\u00fchrung in deiner Erfahrung.<\/p>\n<p>Es ist die gro\u00dfe Weisheit in Den Weg der Kenntnis leben, der den allt\u00e4glichen Einblick bietet, den du brauchst, wenn du die gro\u00dfen Schwellen auf deiner Reise der Entdeckung und der Nachfolge der Kenntnis durchschreitest.<\/p>\n<p>Den Weg der Kenntnis leben ist das dritte Buch von <a href=\"https:\/\/www.newmessage.org\/de\/die-botschaft\/band-3\/\">Band 3<\/a> der Neuen Botschaft von Gott.<\/p>\n<div class=\"background-color-bridesmaid padding-20\">\n<h3><span style=\"color: #525252\">Inhaltsverzeichnis<\/span><\/h3>\n<p>Kapitel 1: <a href=\"https:\/\/www.newmessage.org\/de\/die-botschaft\/band-3\/den-weg-der-kenntnis-leben\/leben-in-einer-hervortretenden-welt\/\">Leben in einer hervortretenden Welt<\/a><\/p>\n<p>Kapitel 2: <a href=\"https:\/\/www.newmessage.org\/de\/die-botschaft\/band-3\/den-weg-der-kenntnis-leben\/die-vier-saulen-des-lebens\/\">Die vier S\u00e4ulen des Lebens<\/a><\/p>\n<p>Kapitel 3: <a href=\"https:\/\/www.newmessage.org\/de\/die-botschaft\/band-3\/den-weg-der-kenntnis-leben\/die-saule-der-beziehungen\/\">Die S\u00e4ule der Beziehungen<\/a><\/p>\n<p>Kapitel 4: <a href=\"https:\/\/www.newmessage.org\/de\/die-botschaft\/band-3\/den-weg-der-kenntnis-leben\/die-saule-der-gesundheit\/\">Die S\u00e4ule der Gesundheit<\/a><\/p>\n<p>Kapitel 5: <a href=\"https:\/\/www.newmessage.org\/de\/die-botschaft\/band-3\/den-weg-der-kenntnis-leben\/die-saule-der-arbeit\/\">Die S\u00e4ule der Arbeit<\/a><\/p>\n<p>Kapitel 6: <a href=\"https:\/\/www.newmessage.org\/de\/die-botschaft\/band-3\/den-weg-der-kenntnis-leben\/die-saule-der-spirituellen-entwicklung\/\">Die S\u00e4ule der spirituellen Entwicklung<\/a><\/p>\n<p>Kapitel 7: <a href=\"https:\/\/www.newmessage.org\/de\/die-botschaft\/band-3\/den-weg-der-kenntnis-leben\/deine-beziehung-zu-deiner-spirituellen-familie\/\">Deine Beziehung zur Spirituellen Familie<\/a><\/p>\n<p>Kapitel 8: <a href=\"https:\/\/neuebotschaft.org\/die-botschaft\/band-3\/den-weg-der-kenntnis-leben\/bau-einer-spirituellen-gemeinschaft\/\">Bau einer Spirituellen Gemeinschaft<\/a><\/p>\n<p>Kapitel 9: <a href=\"https:\/\/www.newmessage.org\/de\/die-botschaft\/band-3\/den-weg-der-kenntnis-leben\/den-weg-der-kenntnis-mit-anderen-teilen\/\">Den Weg der Kenntnis mit Anderen teilen<\/a><\/p>\n<p>Kapitel 10: <a href=\"https:\/\/www.newmessage.org\/de\/die-botschaft\/band-3\/den-weg-der-kenntnis-leben\/in-der-welt-prasent-sein\/\">In der Welt Pr\u00e4sent sein<\/a><\/p>\n<p>Kapitel 11: <a href=\"https:\/\/www.newmessage.org\/de\/die-botschaft\/band-3\/den-weg-der-kenntnis-leben\/vorbereitung-auf-die-zukunft\/\">Vorbereitung auf die Zukunft<\/a><\/p>\n<\/div>\n","protected":false},"excerpt":{"rendered":"<p>Den Weg der Kenntnis leben ist die Lehre der Neuen Botschaft dar\u00fcber, wie man die Gnade, die F\u00fchrung und die Macht der Kenntnis in die Vier S\u00e4ulen des eigenen Lebens integriert: Die S\u00e4ule der Beziehungen, Die S\u00e4ule der Arbeit, Die S\u00e4ule der Gesundheit und Die S\u00e4ule der Spirituellen Entwicklung. Wie die vier Beine eines Tisches\u2026 <a class=\"read-more\" href=\"https:\/\/www.v6.newmessage.org\/de\/die-botschaft\/band-3\/den-weg-der-kenntnis-leben\/\"><span>Read More<\/span><\/a><\/p>\n","protected":false},"author":8,"featured_media":0,"parent":16314,"menu_order":0,"comment_status":"closed","ping_status":"closed","template":"template-leftsidebar.php","meta":{"_monsterinsights_skip_tracking":false,"_monsterinsights_sitenote_active":false,"_monsterinsights_sitenote_note":"","_monsterinsights_sitenote_category":0,"footnotes":""},"categories":[289,470],"tags":[940,939],"_links":{"self":[{"href":"https:\/\/www.v6.newmessage.org\/de\/wp-json\/wp\/v2\/pages\/27733"}],"collection":[{"href":"https:\/\/www.v6.newmessage.org\/de\/wp-json\/wp\/v2\/pages"}],"about":[{"href":"https:\/\/www.v6.newmessage.org\/de\/wp-json\/wp\/v2\/types\/page"}],"author":[{"embeddable":true,"href":"https:\/\/www.v6.newmessage.org\/de\/wp-json\/wp\/v2\/users\/8"}],"replies":[{"embeddable":true,"href":"https:\/\/www.v6.newmessage.org\/de\/wp-json\/wp\/v2\/comments?post=27733"}],"version-history":[{"count":18,"href":"https:\/\/www.v6.newmessage.org\/de\/wp-json\/wp\/v2\/pages\/27733\/revisions"}],"predecessor-version":[{"id":28636,"href":"https:\/\/www.v6.newmessage.org\/de\/wp-json\/wp\/v2\/pages\/27733\/revisions\/28636"}],"up":[{"embeddable":true,"href":"https:\/\/www.v6.newmessage.org\/de\/wp-json\/wp\/v2\/pages\/16314"}],"wp:attachment":[{"href":"https:\/\/www.v6.newmessage.org\/de\/wp-json\/wp\/v2\/media?parent=27733"}],"wp:term":[{"taxonomy":"category","embeddable":true,"href":"https:\/\/www.v6.newmessage.org\/de\/wp-json\/wp\/v2\/categories?post=27733"},{"taxonomy":"post_tag","embeddable":true,"href":"https:\/\/www.v6.newmessage.org\/de\/wp-json\/wp\/v2\/tags?post=27733"}],"curies":[{"name":"wp","href":"https:\/\/api.w.org\/{rel}","templated":true}]}}