{"id":27720,"date":"2017-05-27T03:54:51","date_gmt":"2017-05-27T03:54:51","guid":{"rendered":"http:\/\/www.newmessage.org\/german-international\/?page_id=27720"},"modified":"2021-04-06T03:07:01","modified_gmt":"2021-04-06T03:07:01","slug":"weitere-offenbarungen","status":"publish","type":"page","link":"https:\/\/www.v6.newmessage.org\/de\/die-botschaft\/weitere-offenbarungen\/","title":{"rendered":"Weitere Offenbarungen"},"content":{"rendered":"<p><strong>Weitere Offenbarungen der Neuen Botschaft von Gott<\/strong><\/p>\n<p>Hier sind weitere Offenbarungen der Neuen Botschaft von Gott verf\u00fcgbar, die vom Boten noch nicht in B\u00e4nde und B\u00fccher zusammengestellt wurden.<\/p>\n<p>\n\t    \n\t<article class=\"posts_listing blog_shortcode clearfix post-29633 page type-page status-publish hentry category-revelations category-other-revelations tag-der-kenntnis-zuhoren tag-listening-for-knowledge tag-other-revelations-german\" id=\"post-29633\">\n\n\t\t\t\t\n\t<h2 class=\"entry-title\"><a href=\"https:\/\/www.v6.newmessage.org\/de\/die-botschaft\/weitere-offenbarungen\/der-kenntnis-zuhoren\/\" rel=\"bookmark\" title=\"Permanent Link to Der Kenntnis zuh\u00f6ren\">Der Kenntnis zuh\u00f6ren<\/a><\/h2>\n\n\t\t\t\n\t\t<\/article>\n\t    \n\t<article class=\"posts_listing blog_shortcode clearfix post-29133 page type-page status-publish hentry category-revelations category-other-revelations tag-fear-and-fearlessness tag-other-revelations-german\" id=\"post-29133\">\n\n\t\t\t\t\n\t<h2 class=\"entry-title\"><a href=\"https:\/\/www.v6.newmessage.org\/de\/die-botschaft\/weitere-offenbarungen\/furcht-und-furchtlosigkeit\/\" rel=\"bookmark\" title=\"Permanent Link to Furcht und Furchtlosigkeit\">Furcht und Furchtlosigkeit<\/a><\/h2>\n\n\t\t\t\n\t\t<\/article>\n\t    \n\t<article class=\"posts_listing blog_shortcode clearfix post-29111 page type-page status-publish hentry category-revelations category-other-revelations tag-pgw tag-self-reliance tag-volume-2\" id=\"post-29111\">\n\n\t\t\t\t\n\t<h2 class=\"entry-title\"><a href=\"https:\/\/www.v6.newmessage.org\/de\/die-botschaft\/weitere-offenbarungen\/selbstvertrauen\/\" rel=\"bookmark\" title=\"Permanent Link to Selbstvertrauen\">Selbstvertrauen<\/a><\/h2>\n\n\t\t\t\n\t\t<\/article>\n\t    \n\t<article class=\"posts_listing blog_shortcode clearfix post-29051 page type-page status-publish hentry category-revelations category-other-revelations tag-other-revelations-german tag-the-coming-financial-storms\" id=\"post-29051\">\n\n\t\t\t\t\n\t<h2 class=\"entry-title\"><a href=\"https:\/\/www.v6.newmessage.org\/de\/die-botschaft\/weitere-offenbarungen\/die-kommenden-finanzkrisen\/\" rel=\"bookmark\" title=\"Permanent Link to Die kommenden Finanzkrisen\">Die kommenden Finanzkrisen<\/a><\/h2>\n\n\t\t\t\n\t\t<\/article>\n\t    \n\t<article class=\"posts_listing blog_shortcode clearfix post-28855 page type-page status-publish hentry category-revelations category-other-revelations tag-other-relations-german tag-the-great-turning-point-for-humanity\" id=\"post-28855\">\n\n\t\t\t\t\n\t<h2 class=\"entry-title\"><a href=\"https:\/\/www.v6.newmessage.org\/de\/die-botschaft\/weitere-offenbarungen\/der-grose-wendepunkt-fur-die-menschheit\/\" rel=\"bookmark\" title=\"Permanent Link to Der gro\u00dfe Wendepunkt f\u00fcr die Menschheit\">Der gro\u00dfe Wendepunkt f\u00fcr die Menschheit<\/a><\/h2>\n\n\t\t\t\n\t\t<\/article>\n\t    \n\t<article class=\"posts_listing blog_shortcode clearfix post-28835 page type-page status-publish hentry category-other-revelations category-message-for-the-individual tag-die-heiligen-tage tag-other-revelations-german tag-the-holy-days tag-weitere-offenbarungen-der-neuen-botschaft-von-gott\" id=\"post-28835\">\n\n\t\t\t\t\n\t<h2 class=\"entry-title\"><a href=\"https:\/\/www.v6.newmessage.org\/de\/die-botschaft\/weitere-offenbarungen\/die-heiligen-tage\/\" rel=\"bookmark\" title=\"Permanent Link to Die Heiligen Tage\">Die Heiligen Tage<\/a><\/h2>\n\n\t\t\t\n\t\t<\/article>\n\t    \n\t<article class=\"posts_listing blog_shortcode clearfix post-28832 page type-page status-publish hentry category-other-revelations category-message-for-the-individual tag-die-bedeutung-von-weihnachten tag-other-revelations-german tag-the-meaning-of-christmas tag-weitere-offenbarungen-der-neuen-botschaft-von-gott\" id=\"post-28832\">\n\n\t\t\t\t\n\t<h2 class=\"entry-title\"><a href=\"https:\/\/www.v6.newmessage.org\/de\/die-botschaft\/weitere-offenbarungen\/die-bedeutung-von-weihnachten\/\" rel=\"bookmark\" title=\"Permanent Link to Die Bedeutung von Weihnachten\">Die Bedeutung von Weihnachten<\/a><\/h2>\n\n\t\t\t\n\t\t<\/article>\n\t    \n\t<article class=\"posts_listing blog_shortcode clearfix post-28830 page type-page status-publish hentry category-other-revelations category-message-for-the-individual tag-other-revelations-german tag-spiritual-retreat tag-spiritueller-ruckzug tag-weitere-offenbarungen-der-neuen-botschaft-von-gott\" id=\"post-28830\">\n\n\t\t\t\t\n\t<h2 class=\"entry-title\"><a href=\"https:\/\/www.v6.newmessage.org\/de\/die-botschaft\/weitere-offenbarungen\/spiritueller-ruckzug\/\" rel=\"bookmark\" title=\"Permanent Link to Spiritueller R\u00fcckzug\">Spiritueller R\u00fcckzug<\/a><\/h2>\n\n\t\t\t\n\t\t<\/article>\n\t    \n\t<article class=\"posts_listing blog_shortcode clearfix post-28827 page type-page status-publish hentry category-other-revelations category-message-for-the-individual tag-other-revelations-german tag-protecting-yourself-from-the-intervention tag-sich-vor-der-intervention-schutzen tag-weitere-offenbarungen-der-neuen-botschaft-von-gott\" id=\"post-28827\">\n\n\t\t\t\t\n\t<h2 class=\"entry-title\"><a href=\"https:\/\/www.v6.newmessage.org\/de\/die-botschaft\/weitere-offenbarungen\/sich-vor-der-intervention-schutzen\/\" rel=\"bookmark\" title=\"Permanent Link to Sich vor der Intervention sch\u00fctzen\">Sich vor der Intervention sch\u00fctzen<\/a><\/h2>\n\n\t\t\t\n\t\t<\/article>\n\t    \n\t<article class=\"posts_listing blog_shortcode clearfix post-28824 page type-page status-publish hentry category-other-revelations category-message-for-the-individual tag-healing-relationships tag-heilung-von-beziehungen tag-other-revelations-german tag-weitere-offenbarungen-der-neuen-botschaft-von-gott\" id=\"post-28824\">\n\n\t\t\t\t\n\t<h2 class=\"entry-title\"><a href=\"https:\/\/www.v6.newmessage.org\/de\/die-botschaft\/weitere-offenbarungen\/heilung-von-beziehungen\/\" rel=\"bookmark\" title=\"Permanent Link to Heilung von Beziehungen\">Heilung von Beziehungen<\/a><\/h2>\n\n\t\t\t\n\t\t<\/article>\n\t    \n\t<article class=\"posts_listing blog_shortcode clearfix post-28672 page type-page status-publish hentry category-other-revelations category-message-for-the-individual tag-die-schwelle-der-personlichen-offenbarung tag-other-revelations-german tag-weitere-offenbarungen-der-neuen-botschaft-von-gott\" id=\"post-28672\">\n\n\t\t\t\t\n\t<h2 class=\"entry-title\"><a href=\"https:\/\/www.v6.newmessage.org\/de\/die-botschaft\/weitere-offenbarungen\/die-schwelle-der-personlichen-offenbarung\/\" rel=\"bookmark\" title=\"Permanent Link to Die Schwelle der pers\u00f6nlichen Offenbarung\">Die Schwelle der pers\u00f6nlichen Offenbarung<\/a><\/h2>\n\n\t\t\t\n\t\t<\/article>\n\t    \n\t<article class=\"posts_listing blog_shortcode clearfix post-28612 page type-page status-publish hentry category-revelations category-other-revelations tag-das-neue-leben tag-leiden tag-suffering tag-the-new-life tag-the-new-life-german\" id=\"post-28612\">\n\n\t\t\t\t\n\t<h2 class=\"entry-title\"><a href=\"https:\/\/www.v6.newmessage.org\/de\/die-botschaft\/weitere-offenbarungen\/leiden\/\" rel=\"bookmark\" title=\"Permanent Link to Leiden\">Leiden<\/a><\/h2>\n\n\t\t\t\n\t\t<\/article>\n\t    \n\t<article class=\"posts_listing blog_shortcode clearfix post-28608 page type-page status-publish hentry category-revelations category-other-revelations tag-das-neue-leben tag-die-tiefe-vereinigung-mit-gott tag-the-deep-union-with-god tag-the-new-life tag-the-new-life-german\" id=\"post-28608\">\n\n\t\t\t\t\n\t<h2 class=\"entry-title\"><a href=\"https:\/\/www.v6.newmessage.org\/de\/die-botschaft\/weitere-offenbarungen\/die-tiefe-vereinigung-mit-gott\/\" rel=\"bookmark\" title=\"Permanent Link to Die tiefe Vereinigung mit Gott\">Die tiefe Vereinigung mit Gott<\/a><\/h2>\n\n\t\t\t\n\t\t<\/article>\n\t    \n\t<article class=\"posts_listing blog_shortcode clearfix post-28602 page type-page status-publish hentry category-revelations category-other-revelations tag-das-heilige-leben tag-das-neue-leben tag-the-new-life tag-the-new-life-german tag-the-sacred-life\" id=\"post-28602\">\n\n\t\t\t\t\n\t<h2 class=\"entry-title\"><a href=\"https:\/\/www.v6.newmessage.org\/de\/die-botschaft\/weitere-offenbarungen\/das-heilige-leben\/\" rel=\"bookmark\" title=\"Permanent Link to Das Heilige Leben\">Das Heilige Leben<\/a><\/h2>\n\n\t\t\t\n\t\t<\/article>\n\t    \n\t<article class=\"posts_listing blog_shortcode clearfix post-28548 page type-page status-publish hentry category-other-revelations tag-die-grose-koordination tag-other-revelations-german tag-the-great-coordination tag-weitere-offenbarungen-der-neuen-botschaft-von-gott\" id=\"post-28548\">\n\n\t\t\t\t\n\t<h2 class=\"entry-title\"><a href=\"https:\/\/www.v6.newmessage.org\/de\/die-botschaft\/weitere-offenbarungen\/die-grose-koordination\/\" rel=\"bookmark\" title=\"Permanent Link to Die Gro\u00dfe Koordination\">Die Gro\u00dfe Koordination<\/a><\/h2>\n\n\t\t\t\n\t\t<\/article>\n\t    \n\t<article class=\"posts_listing blog_shortcode clearfix post-28506 page type-page status-publish hentry category-revelations category-other-revelations category-messages-for-the-world category-audio tag-gods-power-and-presence-in-the-world tag-gottes-macht-und-prasenz-in-der-welt\" id=\"post-28506\">\n\n\t\t\t\t\n\t<h2 class=\"entry-title\"><a href=\"https:\/\/www.v6.newmessage.org\/de\/die-botschaft\/weitere-offenbarungen\/gottes-macht-und-prasenz-in-der-welt\/\" rel=\"bookmark\" title=\"Permanent Link to Gottes Macht und Pr\u00e4senz in der Welt\">Gottes Macht und Pr\u00e4senz in der Welt<\/a><\/h2>\n\n\t\t\t\n\t\t<\/article>\n\t    \n\t<article class=\"posts_listing blog_shortcode clearfix post-28462 page type-page status-publish hentry category-revelations category-other-revelations category-message-for-the-individual tag-buddha-and-the-new-message-from-god tag-kapitel-8-buddha-und-die-neue-botschaft-von-gott\" id=\"post-28462\">\n\n\t\t\t\t\n\t<h2 class=\"entry-title\"><a href=\"https:\/\/www.v6.newmessage.org\/de\/die-botschaft\/weitere-offenbarungen\/buddha-und-die-neue-botschaft-von-gott\/\" rel=\"bookmark\" title=\"Permanent Link to Buddha und die Neue Botschaft von Gott\">Buddha und die Neue Botschaft von Gott<\/a><\/h2>\n\n\t\t\t\n\t\t<\/article>\n\t    \n\t<article class=\"posts_listing blog_shortcode clearfix post-28148 page type-page status-publish hentry category-other-revelations tag-bau-der-vier-saulen-deines-lebens tag-other-revelations-german tag-the-four-pillars-of-your-life-german tag-weitere-offenbarungen-der-neuen-botschaft-von-gott\" id=\"post-28148\">\n\n\t\t\t\t\n\t<h2 class=\"entry-title\"><a href=\"https:\/\/www.v6.newmessage.org\/de\/die-botschaft\/weitere-offenbarungen\/bau-der-vier-saulen-deines-lebens\/\" rel=\"bookmark\" title=\"Permanent Link to Bau der Vier S\u00e4ulen Deines Lebens\">Bau der Vier S\u00e4ulen Deines Lebens<\/a><\/h2>\n\n\t\t\t\n\t\t<\/article>\n\t    \n\t<article class=\"posts_listing blog_shortcode clearfix post-27825 page type-page status-publish hentry category-other-revelations tag-die-grose-liebe tag-other-revelations-german tag-the-great-love-german tag-weitere-offenbarungen-der-neuen-botschaft-von-gott\" id=\"post-27825\">\n\n\t\t\t\t\n\t<h2 class=\"entry-title\"><a href=\"https:\/\/www.v6.newmessage.org\/de\/die-botschaft\/weitere-offenbarungen\/die-grose-liebe\/\" rel=\"bookmark\" title=\"Permanent Link to Die Gro\u00dfe Liebe\">Die Gro\u00dfe Liebe<\/a><\/h2>\n\n\t\t\t\n\t\t<\/article>\n\t    \n\t<article class=\"posts_listing blog_shortcode clearfix post-27823 page type-page status-publish hentry category-other-revelations tag-das-gebet-des-boten tag-other-revelations-german tag-the-messengers-prayer-german tag-weitere-offenbarungen-der-neuen-botschaft-von-gott\" id=\"post-27823\">\n\n\t\t\t\t\n\t<h2 class=\"entry-title\"><a href=\"https:\/\/www.v6.newmessage.org\/de\/die-botschaft\/weitere-offenbarungen\/das-gebet-des-boten\/\" rel=\"bookmark\" title=\"Permanent Link to Das Gebet des Boten\">Das Gebet des Boten<\/a><\/h2>\n\n\t\t\t\n\t\t<\/article>\n\t    \n\t<article class=\"posts_listing blog_shortcode clearfix post-27815 page type-page status-publish hentry category-other-revelations tag-die-erkennung-falscher-boten tag-discerning-false-messengers-german tag-other-revelations-german tag-weitere-offenbarungen-der-neuen-botschaft-von-gott\" id=\"post-27815\">\n\n\t\t\t\t\n\t<h2 class=\"entry-title\"><a href=\"https:\/\/www.v6.newmessage.org\/de\/die-botschaft\/weitere-offenbarungen\/die-erkennung-falscher-boten\/\" rel=\"bookmark\" title=\"Permanent Link to Die Erkennung falscher Boten\">Die Erkennung falscher Boten<\/a><\/h2>\n\n\t\t\t\n\t\t<\/article>\n\t    \n\t<article class=\"posts_listing blog_shortcode clearfix post-27814 page type-page status-publish hentry category-other-revelations tag-other-revelations-german tag-weitere-offenbarungen-der-neuen-botschaft-von-gott\" id=\"post-27814\">\n\n\t\t\t\t\n\t<h2 class=\"entry-title\"><a href=\"https:\/\/www.v6.newmessage.org\/de\/die-botschaft\/weitere-offenbarungen\/interview-mit-dem-boten-marshall-vian-summers\/\" rel=\"bookmark\" title=\"Permanent Link to Interview mit dem Boten Marshall Vian Summers\">Interview mit dem Boten Marshall Vian Summers<\/a><\/h2>\n\n\t\t\t\n\t\t<\/article>\n\t    \n\t<article class=\"posts_listing blog_shortcode clearfix post-27811 page type-page status-publish hentry category-other-revelations tag-being-a-person-of-the-new-message-german tag-eine-person-der-neuen-botschaft-zu-sein tag-other-revelations-german tag-weitere-offenbarungen-der-neuen-botschaft-von-gott\" id=\"post-27811\">\n\n\t\t\t\t\n\t<h2 class=\"entry-title\"><a href=\"https:\/\/www.v6.newmessage.org\/de\/die-botschaft\/weitere-offenbarungen\/was-es-bedeutet-eine-person-der-neuen-botschaft-zu-sein\/\" rel=\"bookmark\" title=\"Permanent Link to Was es bedeutet, eine Person der Neuen Botschaft zu sein\">Was es bedeutet, eine Person der Neuen Botschaft zu sein<\/a><\/h2>\n\n\t\t\t\n\t\t<\/article>\n\t    \n\t<article class=\"posts_listing blog_shortcode clearfix post-27802 page type-page status-publish hentry category-other-revelations tag-die-nachtmeditation tag-other-revelations-german tag-the-night-meditation-german tag-weitere-offenbarungen-der-neuen-botschaft-von-gott\" id=\"post-27802\">\n\n\t\t\t\t\n\t<h2 class=\"entry-title\"><a href=\"https:\/\/www.v6.newmessage.org\/de\/die-botschaft\/weitere-offenbarungen\/die-nachtmeditation\/\" rel=\"bookmark\" title=\"Permanent Link to Die Nachtmeditation\">Die Nachtmeditation<\/a><\/h2>\n\n\t\t\t\n\t\t<\/article>\n\t    \n\t<article class=\"posts_listing blog_shortcode clearfix post-27728 page type-page status-publish hentry category-other-revelations tag-new-message-on-religion-german tag-other-revelations-german tag-weitere-offenbarungen-der-neuen-botschaft-von-gott\" id=\"post-27728\">\n\n\t\t\t\t\n\t<h2 class=\"entry-title\"><a href=\"https:\/\/www.v6.newmessage.org\/de\/die-botschaft\/weitere-offenbarungen\/die-neue-botschaft-uber-religion\/\" rel=\"bookmark\" title=\"Permanent Link to Die Neue Botschaft \u00fcber Religion\">Die Neue Botschaft \u00fcber Religion<\/a><\/h2>\n\n\t\t\t\n\t\t<\/article>\n\t    \n\t<article class=\"posts_listing blog_shortcode clearfix post-27365 page type-page status-publish hentry category-revelations category-other-revelations tag-was-wird-die-menschheit-retten tag-what-will-save-humanity-german\" id=\"post-27365\">\n\n\t\t\t\t\n\t<h2 class=\"entry-title\"><a href=\"https:\/\/www.v6.newmessage.org\/de\/die-botschaft\/weitere-offenbarungen\/was-wird-die-menschheit-retten\/\" rel=\"bookmark\" title=\"Permanent Link to Was wird die Menschheit retten\">Was wird die Menschheit retten<\/a><\/h2>\n\n\t\t\t\n\t\t<\/article>\n\t    \n\t<article class=\"posts_listing blog_shortcode clearfix post-27330 page type-page status-publish hentry category-revelations category-other-revelations tag-das-neue-leben tag-die-heilige-begegnung tag-the-new-life tag-the-new-life-german tag-the-sacred-rendezvous-german\" id=\"post-27330\">\n\n\t\t\t\t\n\t<h2 class=\"entry-title\"><a href=\"https:\/\/www.v6.newmessage.org\/de\/die-botschaft\/weitere-offenbarungen\/die-heilige-begegnung\/\" rel=\"bookmark\" title=\"Permanent Link to Die heilige Begegnung\">Die heilige Begegnung<\/a><\/h2>\n\n\t\t\t\n\t\t<\/article>\n\t    \n\t<article class=\"posts_listing blog_shortcode clearfix post-27318 page type-page status-publish hentry category-revelations category-other-revelations tag-das-neue-leben tag-die-strahlen-der-einfuhrung tag-the-great-rays-of-initiation-german tag-the-new-life tag-the-new-life-german\" id=\"post-27318\">\n\n\t\t\t\t\n\t<h2 class=\"entry-title\"><a href=\"https:\/\/www.v6.newmessage.org\/de\/die-botschaft\/weitere-offenbarungen\/die-strahlen-der-einfuhrung\/\" rel=\"bookmark\" title=\"Permanent Link to Die Strahlen der Einf\u00fchrung\">Die Strahlen der Einf\u00fchrung<\/a><\/h2>\n\n\t\t\t\n\t\t<\/article>\n\t    \n\t<article class=\"posts_listing blog_shortcode clearfix post-27313 page type-page status-publish hentry category-revelations category-other-revelations tag-das-neue-leben tag-die-lampe tag-the-lamp-german tag-the-new-life tag-the-new-life-german\" id=\"post-27313\">\n\n\t\t\t\t\n\t<h2 class=\"entry-title\"><a href=\"https:\/\/www.v6.newmessage.org\/de\/die-botschaft\/weitere-offenbarungen\/die-lampe\/\" rel=\"bookmark\" title=\"Permanent Link to Die Lampe\">Die Lampe<\/a><\/h2>\n\n\t\t\t\n\t\t<\/article>\n\t    \t    <br \/>\n<a name=\"audiodownloads\"><\/a><\/p>\n<p><!-- &nbsp;\n\n\n<h2>Audio Downloads Available at\u00a0New Knowledge Library:<\/h2>\n\n\n[hungryfeed url=\"http:\/\/newknowledgelibrary.org\/rss.php?categoryid=14\" feed_fields=\"\" item_fields=\"title\"]\n\n&nbsp;\n\n\n<h2>Latest Available Audio Download:<\/h2>\n\n\n[hungryfeed url=\"http:\/\/newknowledgelibrary.org\/rss.php?categoryid=14\" feed_fields=\"\" item_fields=\"title,description\" link_target=\"_blank\" truncate_description=\"150\" max_items=\"1\"] --><\/p>\n","protected":false},"excerpt":{"rendered":"<p>Weitere Offenbarungen der Neuen Botschaft von Gott Hier sind weitere Offenbarungen der Neuen Botschaft von Gott verf\u00fcgbar, die vom Boten noch nicht in B\u00e4nde und B\u00fccher zusammengestellt wurden.<\/p>\n","protected":false},"author":8,"featured_media":0,"parent":26942,"menu_order":0,"comment_status":"closed","ping_status":"closed","template":"template-leftsidebar.php","meta":{"_monsterinsights_skip_tracking":false,"_monsterinsights_sitenote_active":false,"_monsterinsights_sitenote_note":"","_monsterinsights_sitenote_category":0,"footnotes":""},"categories":[1],"tags":[935,934],"_links":{"self":[{"href":"https:\/\/www.v6.newmessage.org\/de\/wp-json\/wp\/v2\/pages\/27720"}],"collection":[{"href":"https:\/\/www.v6.newmessage.org\/de\/wp-json\/wp\/v2\/pages"}],"about":[{"href":"https:\/\/www.v6.newmessage.org\/de\/wp-json\/wp\/v2\/types\/page"}],"author":[{"embeddable":true,"href":"https:\/\/www.v6.newmessage.org\/de\/wp-json\/wp\/v2\/users\/8"}],"replies":[{"embeddable":true,"href":"https:\/\/www.v6.newmessage.org\/de\/wp-json\/wp\/v2\/comments?post=27720"}],"version-history":[{"count":11,"href":"https:\/\/www.v6.newmessage.org\/de\/wp-json\/wp\/v2\/pages\/27720\/revisions"}],"predecessor-version":[{"id":27854,"href":"https:\/\/www.v6.newmessage.org\/de\/wp-json\/wp\/v2\/pages\/27720\/revisions\/27854"}],"up":[{"embeddable":true,"href":"https:\/\/www.v6.newmessage.org\/de\/wp-json\/wp\/v2\/pages\/26942"}],"wp:attachment":[{"href":"https:\/\/www.v6.newmessage.org\/de\/wp-json\/wp\/v2\/media?parent=27720"}],"wp:term":[{"taxonomy":"category","embeddable":true,"href":"https:\/\/www.v6.newmessage.org\/de\/wp-json\/wp\/v2\/categories?post=27720"},{"taxonomy":"post_tag","embeddable":true,"href":"https:\/\/www.v6.newmessage.org\/de\/wp-json\/wp\/v2\/tags?post=27720"}],"curies":[{"name":"wp","href":"https:\/\/api.w.org\/{rel}","templated":true}]}}