{"id":27708,"date":"2017-05-26T05:13:07","date_gmt":"2017-05-26T05:13:07","guid":{"rendered":"http:\/\/www.newmessage.org\/german-international\/?page_id=27708"},"modified":"2017-09-18T11:40:34","modified_gmt":"2017-09-18T11:40:34","slug":"dein-zweck-und-deine-spirituelle-berufung","status":"publish","type":"page","link":"https:\/\/www.v6.newmessage.org\/de\/die-botschaft\/band-2\/beziehungen-und-hoherer-zweck\/dein-zweck-und-deine-spirituelle-berufung\/","title":{"rendered":"Dein Zweck und deine Spirituelle Berufung"},"content":{"rendered":"<div><!-- 4.0 --><\/div>\n<div class=\"tabgroup \"><ul class=\"tabs\"><li><a href=\"#tabs-1\">\u00dcber<\/a><\/li>\n<li><a href=\"#tabs-2\"> Anmerkung<\/a><\/li><\/ul>\n <div id=\"tabs-1\"><\/p>\n<p class=\"revelation_details\"><em>Wie offenbart<br \/>\nMarshall Vian Summers<br \/>\nam 1. Januar 1989 &#8211;<br \/>\nin Albany, New York<\/em><\/p>\n<div class=\"toggle toggle-white\"><h4 class=\"trigger \"><span class=\"t_ico\"><\/span><a href=\"#\">\u00dcber diesen Text<\/a><\/h4><div class=\"toggle_container \"><br \/>\n<p>Was du in diesem Text liest, ist die Transkription der Originalstimme des <a href=\"https:\/\/www.newmessage.org\/de\/wichtige-begriffe#aa\">Engelsrates<\/a>, wie sie \u00fcber den <a href=\"http:\/\/www.neuebotschaft.org\/der-bote\/\">Boten Marshall Vian Summers<\/a> sprach.<\/p>\n<p>Hierbei wird die originale Kommunikation von Gott, die jenseits von Worten existiert, vom <a href=\"https:\/\/www.newmessage.org\/de\/wichtige-begriffe#aa\">Engelsrat<\/a>, der \u00fcber die Welt wacht, in menschliche Sprache und menschliches Verst\u00e4ndnis \u00fcbersetzt. Der Rat bringt dann Gottes Botschaft \u00fcber den Boten dar, woraufhin sie transkribiert und euch und allen Menschen verf\u00fcgbar gemacht wird.<\/p>\n<p>In diesem bemerkenswerten Prozess spricht die <a href=\"https:\/\/www.newmessage.org\/de\/wichtige-begriffe#voice\">Stimme der Offenbarung<\/a> erneut. Das Wort und der Klang sind in der Welt. M\u00f6gest du der Empf\u00e4nger dieses Geschenks der Offenbarung sein und m\u00f6gest du offen sein, ihre einmalige Botschaft f\u00fcr dich und f\u00fcr dein Leben zu empfangen.<\/p>\n<br \/>\n<\/div><\/div>\n<p><\/div>\n<div id=\"tabs-2\"><br \/>\n<em> Anmerkung an den Leser:<br \/>\nDiese \u00dcbersetzung wurde der Society von einem Sch\u00fcler der Neuen Botschaft verf\u00fcgbar gemacht, der den englischen Originaltext als Freiwilliger \u00fcbersetzt hat. Wir stellen diese \u00dcbersetzung in dieser fr\u00fchen Form zur Verf\u00fcgung, damit jeder Gelegenheit hat, sich mit einem Teil der Neuen Botschaft in seiner eigenen Sprache zu befassen.<\/em><br \/>\n<\/div>\n\t\t\t\t<div align=\"right\">\n\t\t\t<div class=\"fb-like\" data-href=\"\" data-layout=\"button_count\" data-action=\"like\" data-show-faces=\"false\" data-share=\"false\"><\/div>\n\t\t\t<div class=\"fb-share-button\" data-layout=\"button_count\"> <\/div>\n\t\t\t<div class=\"fb_iframe_widget\"><a href=\"https:\/\/twitter.com\/godsnewmessage?ref_src=twsrc%5Etfw\" class=\"twitter-follow-button\" data-show-count=\"false\">Follow @godsnewmessage<\/a><script async src=\"https:\/\/platform.twitter.com\/widgets.js\" charset=\"utf-8\"><\/script><\/div>\n\t\t\t<\/div> <\/div> \n<br \/>\nDu bist in die Welt zu einem Zweck gekommen &#8211; deine Kenntnis zur\u00fcckzuerlangen, deine Kenntnis auszudr\u00fccken und echte Beziehungen zu anderen herzustellen. Dies ist dein Zweck und der Zweck eines jeden hier. Deine Berufung ist ein Teil davon. Deine Berufung ist da, wo deine gr\u00f6\u00dfere Arbeit, geboren aus deiner Kenntnis, offensichtlich wird. Sie ist geboren aus deiner Vorbereitung auf Kenntnis, geboren aus deiner Bereitschaft f\u00fcr Kenntnis und geboren aus deiner Ehe mit Kenntnis in dir. Dies erm\u00f6glicht wahre Ehe mit anderen.<\/p>\n<p>Deine Berufung stellt einen spezifischen Satz Aufgaben dar, die in der Welt auszuf\u00fchren sind. Dies stellt die Arbeit deines Lebens dar. Sie kann nicht aus deinen Vorstellungen geboren werden, um irgendeine Bedeutung zu haben. Sie muss aus Kenntnis in dir ausstr\u00f6men. Und du musst in der Lage sein, dies zu akzeptieren &#8211; die Herausforderung davon zu akzeptieren, zu akzeptieren, was du vielleicht aufgeben musst, um sie zu empfangen und die Vorteile zu akzeptieren, die sie dir sicherlich bieten wird.<\/p>\n<p>Du bist in die Welt mit einem Zweck gekommen. Auf einer bestimmten Stufe in deiner Entwicklung wird deine Berufung im Leben hervortreten. Vor diesem Hervortreten magst du gro\u00dfe Ideen dar\u00fcber aufgebaut haben, wer du in der Welt bist, wie die Welt sein muss, was du sein musst, was du tun wirst, was du haben wirst und was andere tun sollten und so weiter. Ideen wie diese k\u00f6nnen zu Anfang hilfreich sein, denn sie k\u00f6nnen deinen Wunsch nach Wahrheit am Leben erhalten. Jedoch gelegentlich m\u00fcssen diese Ideen der Wirklichkeit Platz machen. Hier stirbt dein Idealismus, so dass Kenntnis in dir hervortreten kann. Dies bedeutet nicht, dass die Hoffnung stirbt. Es bedeutet nur, dass Hoffnung nun ein wahres Fundament f\u00fcr ihren Ausdruck hat. Es bedeutet nicht, dass dein Enthusiasmus stirbt. Es bedeutet nur, dass dein Enthusiasmus ein wahres Fundament hat, um die Konflikte und Leiden der Welt zu \u00fcberleben.<\/p>\n<p>Du hast bereits eine Verpflichtung, auf der Welt zu sein. Du bist bereits verpflichtet gegen\u00fcber deiner Spirituellen Familie und deinen Inneren Lehrern, die die fortgeschrittenen Mitglieder deiner Spirituellen Familie sind. Sie sind die Mitglieder deiner Spirituellen Familie, die vom Lernen in der physischen Realit\u00e4t aufgestiegen sind. Nun m\u00fcssen sie jenen behilflich sein, die zur\u00fcckbleiben, so dass sich deine Spirituelle Familie fortbewegen kann. Daher teilst du bereits einen Zweck mit deiner Spirituellen Familie jenseits der Welt. Du hast bereits eine Ehe jenseits der Welt. Deine Rolle ist, all dies in die Welt zu bringen, denn die Welt ist ein Ort, an dem die Menschen Kenntnis, Ehe, Zweck und Verpflichtung vergessen haben. Es ist ein Ort, an dem die Menschen sich vorstellen, wer sie sind und sich vorstellen, was sie m\u00f6chten.<\/p>\n<p>Du musst einen Zweck im Leben haben, denn Zweck <em>ist<\/em> Leben. Wenn du deinen Vorstellungen verpflichtet bist, dann wird das dein Zweck sein. Wenn du deiner pers\u00f6nlichen Erf\u00fcllung verpflichtet bist, dann wird das dein Zweck sein. Wenn du dem Konflikt verpflichtet bist, dann wirst das dein Zweck sein. Wenn du dem Bem\u00fchen verpflichtet bist, schmerzliche Erfahrungen zu vermeiden, dann wird das dein Zweck sein. Du kannst nicht ohne Zweck sein, weil du nicht ohne Bedeutung sein kannst. Alle Aktivit\u00e4ten in der Welt sind eine Suche nach Bedeutung, was eine Suche nach Zweck und letztlich nach Beziehung ist.<\/p>\n<p>Alleine hast du keinen wahren Zweck, keine wahre Bedeutung oder Richtung. Du hast alleine keine wahre Identit\u00e4t. Wenn jedoch ein Individuum eine Gr\u00f6\u00dfere Realit\u00e4t ausdr\u00fcckt, hast du einen Zweck, eine Bedeutung und Richtung. Du existierst in dir, aber du bist nicht alleine. Du kannst nur in deiner Vorstellung alleine sein. Du kannst nur alleine in der Fantasie leben. Wenn Fantasie durch ihre Beschr\u00e4nkungen und ihre inh\u00e4renten Entt\u00e4uschungen erkannt wird, wird eine gr\u00f6\u00dfere Wahrheit hervortreten und du wirst sehen, dass du bereits einen h\u00f6heren Zweck im Leben hast.<\/p>\n<p>Wenn dein Wunsch und deine F\u00e4higkeit, Kenntnis zu erfahren, w\u00e4chst und sich erweitert, wird deine Berufung im Leben hervortreten. Hier wirst du sehen, dass es etwas Spezielles f\u00fcr dich gibt, was du tun sollst. Hier wird deine Form und Anlage wirklich bedeutungsvoll, denn du kannst sehen, wie perfekt deine Anlagen sind, damit du erf\u00fcllen kannst, wozu du hierhergekommen bist. Dies f\u00fchrt zu Selbstannahme, denn hier erkennst du, dass du speziell f\u00fcr eine Aufgabe gemacht wurdest, die du vorher nicht erkannt hattest. Dies wird deine Selbstverdammung beenden.<\/p>\n<p>Es ist nicht n\u00f6tig, dass du bestimmst, was deine Berufung ist, obwohl du versucht sein wirst, dies zu tun. Sie wird nat\u00fcrlich hervortreten. Wenn dies der Fall ist, dann kann es \u00fcberhaupt nicht nach dem aussehen, was du gedacht hast. Wahre spirituelle Berufung ist selten gro\u00dfartig in ihrem Ausdruck. Doch ihre Essenz ist Kenntnis und daher schafft sie Bedeutung und Wert f\u00fcr andere sowie f\u00fcr dich.<\/p>\n<p>Einige Leute stellen sich vor, eine spirituelle Berufung zu haben, die sie als eine(n) Prinz(essin), einen Prophet oder einen F\u00fchrer mit gro\u00dfem Namen, eine Person von gro\u00dfen psychischen M\u00e4chten oder einen spirituellen Meister bestimmen wird. Dies ist fast nie der Fall. Deshalb gibt es keine Meister, die auf der Welt leben. Gib die Idee der Meisterschaft auf. Gib diese Illusionen auf. Du wirst feststellen, dass deine wahre Ehe, dein wahrer Zweck und die wahre Berufung im Leben sehr einfach sind. Sie sind damit verkn\u00fcpft, wer du wirklich bist und was du wirklich tun kannst. Und du wirst gl\u00fccklich sein, dass das, was du gebeten wirst zu tun, das ist, was du nat\u00fcrlich geben wirst, denn du besitzt es bereits.<\/p>\n<p>Im Idealismus k\u00f6nnen deine Erwartungen von dir selbst grausam oder gro\u00df sein. Aber in Kenntnis werden deine Erwartungen mit deinem Wunsch in Einklang gehalten, etwas beizutragen. Hier erkennst du letztendlich, dass das, was du f\u00fcr dich selbst m\u00f6chtest und was Gott f\u00fcr dich m\u00f6chte, genau dasselbe sind. Dies kann jedoch nur \u00fcber Kenntnis erkannt werden. Es kann nur durch den n\u00f6tigen Fortschritt und die Entwicklung erkannt werden, die hier veranschaulicht werden.<\/p>\n<p>Wenn deine Erfahrung des h\u00f6heren Zwecks bis zu einem bestimmten Punkt reift, wird deine Berufung hervortreten. Jedoch ist es sehr wichtig, dass deine Berufung nur hervortritt, wenn du bereit bist, sie anzunehmen. Wenn deine Berufung hervortritt, bevor du bereit bist, sie anzunehmen, wirst du gro\u00dfe Verwirrung und Entmutigung f\u00fchlen. Es wird ein gro\u00dfes Problem f\u00fcr dich sein. Deshalb ist Gottes Plan so angelegt, dass deine Berufung hervortritt, wenn du bereit bist. Denn was k\u00f6nnte schrecklicher f\u00fcr dich sein als deine Berufung zu erkennen und nicht in der Lage zu sein, sie zu erf\u00fcllen? Denke dar\u00fcber nach.<\/p>\n<p>Gottes Plan wurde f\u00fcr deinen Erfolg eingerichtet. Der Plan wurde eingerichtet, um Kenntnis in der Welt durch ihren Ausdruck und ihre Demonstration am Leben zu erhalten. Der Plan wurde eingerichtet, damit echte Ehe alle Beziehungen segnen kann. Der Plan wurde eingerichtet, damit jedes Individuum eine Gelegenheit hat, fortzuschreiten und f\u00fcr die anderen beizutragen.<\/p>\n<p>Sei daher gl\u00fccklich, dass du einen h\u00f6heren Zweck im Leben hast, denn dies bedeutet, dass dein Leben bedeutungsvoll und nicht chaotisch ist. Es bedeutet, dass du einen Ursprung und eine Bestimmung jenseits dieser Welt hast. Es bedeutet. dass das Leben ewig ist, auch wenn es diese vor\u00fcbergehende Phase der weltlichen Existenz durchl\u00e4uft. Sei daher dankbar, dass du diese Beziehungen, die du f\u00fcr dich selbst zur\u00fcckerlangst, aufrechterhalten kannst, denn wenn ihr euch erst einmal erkannt habt, kannst du jene Person nicht vergessen. Der Fortschritt, den du hierbei machst, ist von Dauer. Es ist nur die Bewertung von dir selbst, die das verschlechtern kann. Es ist nur deine F\u00e4higkeit, deine Bestimmung in der Welt zu treffen, die aufgewogen oder geleugnet werden kann und somit deine wertvolle Zeit verschwendet.<\/p>\n<p>M\u00f6chtest du noch einmal \u00fcber Geburt und Kindheit alles erneut durchmachen, nur um an den Punkt zu kommen, an dem du jetzt bist? Wer w\u00fcrde gerne erneut durch zwanzig, drei\u00dfig, vierzig, f\u00fcnfzig, sechzig oder siebzig Jahre Vorbereitung gehen? Du m\u00f6chtest nicht durch all dies erneut durchgehen. Daher nutze in vollem Umfang, wo du jetzt bist. Deine h\u00f6herer Zweck ist mit dir. Definiere ihn nicht. Er wird dich definieren. Deine Berufung erwartet dich. Definiere sie nicht, denn sie wird hervorkommen, wenn du bereit bist.<\/p>\n<p>Denn damit sie hervorkommt, muss deine Berufung verlangen, dass bestimmte andere Individuen ebenso bereit sind. Denn du arbeitest im Tandem mit deiner Spirituellen Familie und deine Kenntnis arbeitet gem\u00e4\u00df einem h\u00f6heren Plan. Dein Fortschritt ist, obwohl er in erster Linie auf deinen Schultern liegt, ebenso abh\u00e4ngig von der Entwicklung bestimmter Individuen, mit denen du bedeutungsvoll engagiert sein wirst. Wenn sie sich nicht entwickeln, dann kannst du nicht deinen Zweck erf\u00fcllen. Dies ist sehr wichtig zu verstehen. Hier hast du eine gro\u00dfe Verantwortung, denn du unternimmst deine Entwicklung nicht nur f\u00fcr dich selbst, sondern auch f\u00fcr deine Spirituelle Familie. Deshalb wird so gro\u00dfe Betonung auf deine Entwicklung gelegt. Wenn dies nur ein egoistisches Bestreben w\u00e4re, h\u00e4tte es keinen Wert.<\/p>\n<p>Dein h\u00f6herer Zweck tr\u00e4gt diese Verantwortung. Dies macht ihn so m\u00e4chtig. Dies macht ihn notwendig. In einem bestimmten Moment magst du dich  nicht w\u00fcrdig deiner eigenen Anstrengung f\u00fchlen. Aber jene, die dich lieben, sind es w\u00fcrdig. Es braucht eine Beziehung, um den Kontext und die Motivation f\u00fcr dich zum Geben zu stellen. Es braucht eine Beziehung, um die Inspiration f\u00fcr dich zum Geben zu stellen. Es braucht eine Beziehung, um es dir zu erm\u00f6glichen, zu sehen, dass du eine Gabe hast.<\/p>\n<p>Akzeptiere deinen h\u00f6heren Zweck, sogar wenn er ohne Definition ist. Es ist eine Macht, die du in dir jeden Tag f\u00fchlen kannst. Akzeptiere deine Berufung im Leben, obwohl sie noch nicht erkannt wurde, denn sie erwartet dich. Hier brauchst du nur der Kenntnis zu folgen und deine praktischen Pflichten in der Welt aufrechtzuerhalten. Hier musst du nicht deine Zukunft planen, gest\u00fctzt auf laufende Ziele, sondern du setzt dir nur vorl\u00e4ufige Ziele, um deine Konzentration und deine Entwicklung aufrechtzuerhalten.<\/p>\n<p>Wenn deine Berufung im Leben hervorzukommen beginnt, wirst du zunehmend sehen, dass sogar deine Kindheit ein Element dieser gr\u00f6\u00dferen Wahrheit enthalten hat. Du wirst sehen, dass in den fr\u00fchen Entwicklungsstadien die Saat der Wahrheit und das Licht der Wahrheit immer mit dir waren. Doch sie mussten mit vielen anderen Dingen in jenen fr\u00fchen Zeiten konkurrieren. Nun beginnt der Wettbewerb, wegzufallen, denn er konnte mit der Kenntnis nicht Schritt halten. Du wirst mit der Kenntnis Schritt halten, wenn du in der Lage bist, die Entwicklungsstufen abzuschlie\u00dfen. Wenn du das schaffst, wirst du selbst zu Kenntnis, denn am Ende des Lebens ist nur Kenntnis vorhanden, um Gott zu gr\u00fc\u00dfen.<\/p>\n","protected":false},"excerpt":{"rendered":"<p>Du bist in die Welt zu einem Zweck gekommen &#8211; deine Kenntnis zur\u00fcckzuerlangen, deine Kenntnis auszudr\u00fccken und echte Beziehungen zu anderen herzustellen. Dies ist dein Zweck und der Zweck eines jeden hier. Deine Berufung ist ein Teil davon. Deine Berufung ist da, wo deine gr\u00f6\u00dfere Arbeit, geboren aus deiner Kenntnis, offensichtlich wird. Sie ist geboren\u2026 <a class=\"read-more\" href=\"https:\/\/www.v6.newmessage.org\/de\/about-text-shortcode\/\"><span>Read More<\/span><\/a><\/p>\n","protected":false},"author":8,"featured_media":0,"parent":13085,"menu_order":0,"comment_status":"closed","ping_status":"closed","template":"template-leftsidebar.php","meta":{"_monsterinsights_skip_tracking":false,"_monsterinsights_sitenote_active":false,"_monsterinsights_sitenote_note":"","_monsterinsights_sitenote_category":0,"footnotes":""},"categories":[469,467],"tags":[900,924,901,925],"_links":{"self":[{"href":"https:\/\/www.v6.newmessage.org\/de\/wp-json\/wp\/v2\/pages\/27708"}],"collection":[{"href":"https:\/\/www.v6.newmessage.org\/de\/wp-json\/wp\/v2\/pages"}],"about":[{"href":"https:\/\/www.v6.newmessage.org\/de\/wp-json\/wp\/v2\/types\/page"}],"author":[{"embeddable":true,"href":"https:\/\/www.v6.newmessage.org\/de\/wp-json\/wp\/v2\/users\/8"}],"replies":[{"embeddable":true,"href":"https:\/\/www.v6.newmessage.org\/de\/wp-json\/wp\/v2\/comments?post=27708"}],"version-history":[{"count":3,"href":"https:\/\/www.v6.newmessage.org\/de\/wp-json\/wp\/v2\/pages\/27708\/revisions"}],"predecessor-version":[{"id":28353,"href":"https:\/\/www.v6.newmessage.org\/de\/wp-json\/wp\/v2\/pages\/27708\/revisions\/28353"}],"up":[{"embeddable":true,"href":"https:\/\/www.v6.newmessage.org\/de\/wp-json\/wp\/v2\/pages\/13085"}],"wp:attachment":[{"href":"https:\/\/www.v6.newmessage.org\/de\/wp-json\/wp\/v2\/media?parent=27708"}],"wp:term":[{"taxonomy":"category","embeddable":true,"href":"https:\/\/www.v6.newmessage.org\/de\/wp-json\/wp\/v2\/categories?post=27708"},{"taxonomy":"post_tag","embeddable":true,"href":"https:\/\/www.v6.newmessage.org\/de\/wp-json\/wp\/v2\/tags?post=27708"}],"curies":[{"name":"wp","href":"https:\/\/api.w.org\/{rel}","templated":true}]}}