{"id":27577,"date":"2017-05-21T03:34:50","date_gmt":"2017-05-21T03:34:50","guid":{"rendered":"http:\/\/www.newmessage.org\/german-international\/?page_id=27577"},"modified":"2017-05-21T03:45:06","modified_gmt":"2017-05-21T03:45:06","slug":"mitteilung-von-marshall-vian-summers","status":"publish","type":"page","link":"https:\/\/www.v6.newmessage.org\/de\/die-botschaft\/band-4\/leben-im-universum\/mitteilung-von-marshall-vian-summers\/","title":{"rendered":"Mitteilung von Marshall Vian Summers"},"content":{"rendered":"<p style=\"text-align: center\">\n<p style=\"text-align: center\">***<\/p>\n<p><em>Ihr seid die Verwalter eines wundersch\u00f6nen Planeten, der von anderen sehr gesch\u00e4tzt wird. <\/em><\/p>\n<p>F\u00fcr mich ist das Leben im Universum keine Idee, keine Hypothese oder reine M\u00f6glichkeit. Es ist die zeitlose Realit\u00e4t, in der jeder Aspekt und jedes Ereignis unseres Lebens, einzeln oder kollektiv, stattgefunden hat. <\/p>\n<p>Jenseits des Vorhangs der strahlenden Sterne \u00fcber uns ist der lebende Kosmos, pulsierend vor Bewegung, \u00c4nderung, Konflikt und Beziehung. Es ist eine weitgestreckte Gemeinschaft\u2014Milliarden und Abermilliarden von Zivilisationen, die einem unabl\u00e4ssigen Prozess aus Geburt, Wachstum, Reife und Verfall unterworfen sind, alle in einem expandierenden Universum, dessen Au\u00dfengrenzen niemand erforscht hat.<\/p>\n<p>Diese Gemeinschaft wird von der stillen, jedoch durchdringenden Pr\u00e4senz Gottes gelenkt, der vor Milliarden von Jahren die Sch\u00f6pfung des manifesten Universums gez\u00fcndet hat und damit jenen Form und Trennung geboten hat, die dies w\u00fcnschten. Die Kr\u00e4fte der Physik und Evolution wurden in Gang gesetzt. Leben sollte sich entwickeln. Und doch hat der Sch\u00f6pfer bei der Schaffung des Universums einen Plan in Bewegung gesetzt, um die Trennung zu beenden und schlie\u00dflich alles empfindungsf\u00e4hige Leben wieder zu vereinen. Dies ist das Universum, in dem wir immer gelebt haben. Und dies hat alles damit zu tun, wer wir sind, warum wir hier sind und mit der Zukunft unserer Welt.<\/p>\n<p>Die Menschen fragen, woher ich das wei\u00df? Ich wei\u00df dies aufgrund der Neuen Botschaft von Gott. Denn in den letzten 30 Jahren bin ich auf einem geheimnisvollen Pfad gewandelt, einer Reise von tausend und abertausend Schritten. Dieser Pfad hat mich und jene um mich zu den gr\u00f6\u00dften H\u00f6hen gef\u00fchrt, zu Aussichtspunkten, von denen man unsere Zukunft und Bestimmung mit erstaunlicher Klarheit erblicken konnte. Er hat mich ebenso zur\u00fcck in die Kan\u00e4le und Schluchten des mond\u00e4nen Lebens gef\u00fchrt, wo es schwierig war, den gr\u00f6\u00dferen Umfang der mir dargebrachten Offenbarung zu sehen.<\/p>\n<p>Das Navigieren durch diese Landschaft des Bemerkenswerten und des Weltlichen stellte die Reise dar, die ich unternehmen musste. Jedoch in den zahllosen Meilen hat diese mysteri\u00f6se Reise etwas von gr\u00f6\u00dfter Gr\u00f6\u00dfe f\u00fcr euch, f\u00fcr andere und f\u00fcr die gesamte Menschheit hervorgebracht.<\/p>\n<p>Eine Neue Botschaft von Gott ist in die Welt gekommen. Dies ist ein Ereignis, dass nur einmal im Jahrtausend stattfindet. Es wurde \u00fcber mich von der Engelpr\u00e4senz dargebracht, die mich lange darauf vorbereitet hat, sie zu empfangen. Und heute ist sie enorm umfangreich\u2014\u00fcber 9000 Seiten, \u00fcbermittelt in einem Zeitraum von 30 Jahren. Diese Offenbarung vom Sch\u00f6pfer wurde gegeben, um die spirituelle Intelligenz und ihr Feuer erneut \u00fcberall in den Menschen aller Nationen und Glaubenstraditionen zu entfachen. Sie ist ebenso hier, um uns vor den manifesten Gefahren unserer Zeit zu warnen und die menschliche Familie auf ihre Bestimmung innerhalb einer gr\u00f6\u00dferen Arena des Lebens, genannt die &#8220;Gr\u00f6\u00dfere Gemeinschaft&#8221; vorzubereiten.<\/p>\n<p>K\u00f6nnten wir ohne eine solche Offenbarung unseren Platz und unseren Zweck im Universum kennen? K\u00f6nnten wir die Bestimmung der Menschheit und was uns jenseits der Grenzen unserer Welt erwartet, kennen? K\u00f6nnten wir die Weisheit, das Verst\u00e4ndnis und die Motivation erlangen, unsere endlosen Konflikte miteinander zu beenden und sicher und erfolgreich in ein nicht-menschliches Universum aufzusteigen, ein Universum, dem es nicht um unsere Interessen geht? Dies k\u00f6nnte nicht ohne eine Offenbarung von Gott erreicht werden.<\/p>\n<p>Dieses Buch ist Teil jener Offenbarung. Es ist der Gipfel der Kommunikation von jenseits des physischen Reichs, es offenbart Dinge, die die Forschung und Philosophie nach besten Kr\u00e4ften innerhalb der Spanne unseres Lebens und des Lebens unserer Kinder nicht wissen k\u00f6nnte, falls es ihnen \u00fcberhaupt m\u00f6glich werden k\u00f6nnte.<\/p>\n<p>Dieses Buch schlug wie der Blitz in einem Zeitraum von drei Tagen im Jahr 2008 ein. Anschlie\u00dfend war ich ebenso fassungslos, \u00fcberw\u00e4ltigt und inspiriert wie jene um mich, die Zeuge davon waren. Gott hatte die Realit\u00e4t und die Spiritualit\u00e4t des Lebens im Universum offenbart.<\/p>\n<p>Jedoch hatte diese Offenbarung in Wahrheit ihren Ursprung vor \u00fcber 30 Jahren. Die fr\u00fchesten Lehren der Neuen Botschaft, die in den Achtzigerjahren gegeben wurden, beziehen sich st\u00e4ndig auf die Gr\u00f6\u00dfere Gemeinschaft, das gr\u00f6\u00dfere Panorama des Lebens im Universum. Die Spiritualit\u00e4t des Lebens jenseits unserer Welt wurde zum ersten Mal in einer Reihe von B\u00fcchern offenbart, die die &#8220;Spiritualit\u00e4t der Gr\u00f6\u00dferen Gemeinschaft&#8221; einschlossen, deren 300 Seiten der mysteri\u00f6sen Offenbarung in nur sieben Tagen \u00fcbermittelt wurden. Jahre sp\u00e4ter wurde mehr in den ersten zwei Satz Lageberichten der Verb\u00fcndeten der Menschheit \u00fcbermittelt, die von unserer Bestimmung als einer freien Welt in der Gr\u00f6\u00dferen Gemeinschaft sprechen. Und dann kam <em>Leben im Universum<\/em>.<\/p>\n<p>Ich erinnere mich an den Morgen im Jahr 2008, als ich zuerst gerufen wurde, es zu empfangen. Es war noch fr\u00fch, bevor die Sonne aufgegangen war, als ich pl\u00f6tzlich erwachte und f\u00fchlte, dass eine starke Pr\u00e4senz mich dr\u00e4ngte, aufzustehen. Ich f\u00fchlte mich gezwungen aufzustehen, das Haus zu verlassen und eine halbe Meile zu meinem pers\u00f6nlichen Studio zu laufen\u2014einen Ort, den ich den \u201cCloud Room\u201d nenne. Dort setzte ich mich in denselben Stuhl, in dem ich in den vergangenen Jahren viele der Offenbarungen empfangen hatte. Ich sa\u00df dort eine Weile ruhig. Und dann erf\u00fcllte die Engelsstimme meinen Verstand und den Raum mit ihrer gro\u00dfen und \u00fcberw\u00f6lbenden Pr\u00e4senz und wies mich an zu beginnen. Ich begann mit der Tonaufzeichnung, unsicher, was geschehen w\u00fcrde und hatte nichts Pers\u00f6nliches im Sinn, was ich sagen k\u00f6nnte. Mein Geist wurde \u00fcberw\u00e4ltigt. Und dann h\u00f6rte ich schwach die ersten Worte: &#8220;Ihr lebt in einer Gr\u00f6\u00dferen Gemeinschaft intelligenten Lebens im Universum. Sie ist  riesig und umfasst das gesamte Spektrum der Entwicklung\u2026&#8221;<\/p>\n<p>An jenem Tag zeichnete ich die ersten f\u00fcnf Kapitel von <em>Leben im Universum<\/em> auf. Am n\u00e4chsten Tag erwachte ich bei Sonnenaufgang und f\u00fchlte mich gezwungen in den &#8220;Cloud Room&#8221; zu gehen und weiter zu machen. Zu jenem Zeitpunkt wusste ich, dass ich dabei war, ein Buch zu empfangen. An jenem zweiten Morgen wurden die n\u00e4chsten f\u00fcnf Kapitel \u00fcber mich gesprochen und aufgezeichnet. Und am dritten Morgen erwachte ich sehr fr\u00fch. Es war dunkel, als ich das Haus verlie\u00df und auf einem Fu\u00dfweg am Rande der stillen schlafenden Ausl\u00e4ufer der Rocky Mountains entlang ging. Das war der letzte Morgen. Die letzten vier Kapitel wurden \u00fcbermittelt, endend mit diesen Worten:<br \/>\n\u201c Ihr habt bereits in der Gr\u00f6\u00dferen Gemeinschaft gelebt. Und nun ist es Zeit f\u00fcr die Menschheit, in die Gr\u00f6\u00dfere Gemeinschaft aufzusteigen, welche immer ihre Bestimmung war..\u201d<\/p>\n<p>Nach jedem Tag und am Ende des Ganzen war ich vollkommen ersch\u00f6pft. In nur drei Tagen ohne irgendeine mentale Vorbereitung oder Vorgedanken meinerseits wurde das Buch abgeschlossen. Das war es dann. Was ihr in <em>Leben im Universum<\/em> lest, sind die genauen Worte, die in jenem kurzen Zeitraum gesprochen worden sind. Dies ist eine gesprochene Offenbarung. Die einzige Freiheit, die ich mir genommen habe, war die, die Worte in Abs\u00e4tzen und S\u00e4tzen wiederzugeben, damit man sie besser lesen kann und leichter in andere Sprachen \u00fcbersetzen kann. In euren H\u00e4nden befindet sich die Offenbarung von Gott, gegeben  von der Engelpr\u00e4senz, die \u00fcber unsere Welt und alle Welten in der Gr\u00f6\u00dferen Gemeinschaft wacht.<\/p>\n<p>Vor uns liegt das Tor zu unserer Zukunft und Bestimmung im Universum. Das Universum war immer da\u2014wir haben unser ganzes Leben eingetaucht in ihm und umgeben von ihm gelebt. Doch die meisten Menschen haben kaum einen Gedanken darauf verschwendet, was das bedeuten k\u00f6nnte und wie dieses gr\u00f6\u00dfere Panorama des Lebens nun unsere Welt und Bestimmung formt.<\/p>\n<p>Vielleicht schauen wir auf zu den Sternen, um einen besonders sch\u00f6nen Nachthimmel zu genie\u00dfen. Aber dann senken wir schnell unseren Blick; der Nebel der menschlichen Probleme, der menschlichen Sorgen und des menschlichen Glaubens wartet stets darauf, uns wieder zu umh\u00fcllen. Doch die Welt \u00e4ndert sich. Kontakt hat begonnen und unser Aufstieg in die Gr\u00f6\u00dfere Gemeinschaft l\u00e4uft. Das Tor ist offen. Jedoch wer wird es durchschreiten?<\/p>\n<p>Wer kann das eigene Leben und die eigene Identit\u00e4t angesichts dieser Offenbarung \u00fcberdenken? Wer kann die Auswirkungen des Kontakts mit jenen Kr\u00e4ften erw\u00e4gen, die bei uns gelandet sind und Frieden, Rettung und Geschenke aus dem All versprechen, jedoch verborgene Absichten hegen. Wir sind nun die Eingeborenen einer neuen Welt, die vor der Intervention von fremden M\u00e4chten steht. Sie sind bereit f\u00fcr uns. Doch wir sind nicht bereit f\u00fcr sie.<\/p>\n<p>Es gibt so viel, was unsere Ann\u00e4herung an die Realit\u00e4t des Lebens im Universum verwirrt und verdunkelt. In Bezug auf den Kontakt sind wir sofort hoffnungsvoll oder voller Furcht, wir nehmen sofort an, wer zu unserer Welt kommen w\u00fcrde und zu welchem Zweck. Trotz unserer wissenschaftlichen Fortschritte, ist unser Blick in den Weltraum durch die Linse langfristig gehegter \u00dcberzeugungen, Pr\u00e4ferenzen und Annahmen verdunkelt. In unserer Isolierung auf der Erde hatten wir keinen Grund oder Anreiz, \u00fcber das Leben in irgendeiner Weise nachzudenken. Wir projizieren unsere Werte und Perspektiven in den Weltraum und aus jenem Blickwinkel nehmen wir an, wie das Leben sein k\u00f6nnte oder sein sollte.<\/p>\n<p><em>Leben im Universum<\/em> lehrt uns, dass Technik nicht zu h\u00f6herer Ethik oder Moral f\u00fchrt. Obwohl diese Wahrheit in unserer eigenen Geschichte klar bewiesen wurde, bevorzugen es die meisten Menschen immer noch, Fantasien von erleuchteten Raumfahrern zu hegen, die aus reinem Altruismus einer strauchelnden Menschheit die Rettung anbieten oder \u00c4ngste vor R\u00e4ubern und Zerst\u00f6rern, die kommen, um grenzenlosen Schaden anzurichten. Beide Fantasien sind weit von der Realit\u00e4t entfernt.<\/p>\n<p><em>Leben im Universum<\/em> lehrt uns, dass mit Heranreifen von Zivilisationen und Aufbau von technischem Fortschritt die Freiheit oft nachl\u00e4sst, wenn sie zun\u00e4chst \u00fcberhaupt bestanden hat. Alle fortgeschrittenen Nationen sind st\u00e4ndig und manchmal verzweifelt auf der Suche nach Ressourcen. Technik befreit eine Nation nicht von diesem Ressourcenbedarf, sondern tendiert dazu, ihn zu erh\u00f6hen. Es gibt Grenzen des Wachstums \u00fcberall und f\u00fcr jeden. Statt euch zu befreien, kettet euch \u00fcberm\u00e4\u00dfige Technik an einen Zyklus von Ersch\u00f6pfung und Abh\u00e4ngigkeit, der euch letztendlich zu einem Zusammenbruch der Umwelt und einer Unterjochung im Universum f\u00fchrt. Dies wird in <em>Leben im Universum<\/em> enth\u00fcllt.<\/p>\n<p>Ein gro\u00dfer Teil dieser Offenbarung l\u00e4uft gegen den Strom dessen, was wir vom Leben denken. Doch welchen anderen Zweck soll eine Offenbarung von Gott haben, als zu offenbaren, zu korrigieren und aufzukl\u00e4ren? Gott ist gewiss nicht an unsere \u00dcberzeugungen, Pr\u00e4ferenzen und Annahmen gebunden, sondern enth\u00fcllt einfach das, was wirklich f\u00fcr das Wohlergehen und den Fortschritt der Menschheit ben\u00f6tigt wird.<\/p>\n<p>Nur Gott kann die Quelle einer Offenbarung vom Leben im Universum sein. Wer sonst als Gott k\u00f6nnte davon sprechen, was Religion in ihren Tausenden und Millionen von Ausdrucksformen in zahllosen Gesellschaften an verschiedenen Enden des Universums bedeutet? Nicht einmal die fortschrittlichste Gesellschaft im Universum k\u00f6nnte direkte Kenntnis von diesen Dingen haben.<\/p>\n<p>Ohne eine Offenbarung, um uns auf das Leben im Universum vorzubereiten, k\u00f6nnten wird dort unsere Freiheit und Souver\u00e4nit\u00e4t  verlieren. Gott wei\u00df das. Deshalb wurde die Neue Botschaft von Gott dargebracht. Die Menschheit steht an der Schwelle des Weltraums. Unser Umwelt ist in Verfall, unser Klima wird zunehmend instabil, unsere Nationen und Religionen sind zerrissen und die lebenserhaltenden Ressourcen der Erde werden rasch aufgebraucht. Die Intervention von Kr\u00e4ften im Universum ist im Gange. K\u00f6nnt Ihr sehen, was auf dem Spiel steht? K\u00f6nnt ihr die gro\u00dfe Notwendigkeit erkennen, dass Gott erneut spricht?<\/p>\n<p>Die Neue Botschaft von Gott, wovon <em>Leben im Universum<\/em> ein Teil ist, ist eine Antwort auf die gro\u00dfen Bed\u00fcrfnisse, die heute in der Welt vorherrschen. Teil ihres Zwecks ist es, die Menschheit zu sch\u00fctzen, uns auf den Kontakt vorzubereiten und das Bewusstsein zu entfachen, dass wir ein Volk mit einer Bestimmung sind, die Verwalter eines wundersch\u00f6nen Planeten, der von anderen jenseits unserer K\u00fcsten hoch gesch\u00e4tzt wird.<\/p>\n<p>Was sonst k\u00f6nnte unsere endlosen Konflikte beenden und den Weg zu einer gr\u00f6\u00dferen Freiheit, Zusammenarbeit und Einheit auf der Erde ebnen? Wir k\u00f6nnen nicht gegen einander k\u00e4mpfen, wenn wir vor gr\u00f6\u00dferer Gefahr und Widrigkeit aus dem Universum stehen. Wir k\u00f6nnen uns keinen endlosen Konflikt dar\u00fcber leisten, wer Zugang zu den restlichen Ressourcen der Welt haben wird. Wir haben einen wichtigen Anlass, uns zu unserem eigenen gegenseitigen \u00dcberleben, unserer Sicherheit und unserem Wohlergehen zu vereinen.<\/p>\n<p>Ein anderer Zweck der Neuen Botschaft von Gott ist es, den tieferen Verstand zu offenbaren, den Gott in alle empfindsamen Wesen gelegt hat, einen tieferen Verstand, genannt Kenntnis. Kenntnis stellt den Kern unserer Spiritualit\u00e4t dar, jedoch fehlt seine Pr\u00e4senz in bemerkenswerter Weise in vielen der religi\u00f6sen Lehren der Welt. Durch Kenntnis ruft Gott jeden von uns heraus aus der Dunkelheit der Vergangenheit in ein neues Leben des Beitrags, der Beziehung und der Selbstverwirklichung.<\/p>\n<p>Im Universum wird Religion durch die Spiritualit\u00e4t der Gr\u00f6\u00dferen Gemeinschaft vertreten, eine erfahrungsgest\u00fctzte und elementare spirituelle Kraft und Realit\u00e4t, die von einer Welt zur n\u00e4chsten frei von Kultur, Sch\u00f6pfungsgeschichten, Heldenverehrung und individueller Geschichte eines Stammes oder einer Gruppe \u00fcbertragen werden kann. Zum ersten Mal in der Geschichte ist die Spiritualit\u00e4t des Universums nun hier auf der Erde verf\u00fcgbar.<\/p>\n<p>Einige werden fragen, ob wir es wirklich wert sind. Lebend auf der Erde, an sich nur einem winzigen Punkt in einem unm\u00f6glich gro\u00dfen Universum, f\u00e4hrt die Menschheit fort, im Sumpf aus Konflikt, Zerst\u00f6rung, Gewalt und Trennung zu versinken. Verdienen wir eine neue Offenbarung, einen Neubeginn und einen Weg nach vorn?<\/p>\n<p>Ja, wir verdienen es. Trotz unserer vielen Fehler und der Trag\u00f6die eines gro\u00dfen Teils unserer Geschichte hat die Menschheit Kenntnis und Spiritualit\u00e4t am Leben erhalten. In einem Universum aus Zivilisationen, wo sie so oft vergessen und geleugnet wurde, ist dies eine gro\u00dfe Leistung. Die Macht des Geistes und die individuelle Freiheit sind hier noch nicht verlorengegangen.<\/p>\n<p>Die Auswirkung des Kontaktes mit der Gr\u00f6\u00dferen Gemeinschaft ist umfassend. Sie kann uns entweder \u00fcberw\u00e4ltigen oder sie kann uns komplett erneuern, kr\u00e4ftigen und vereinen, wie niemals zuvor. Welche Stra\u00dfe werden wir w\u00e4hlen: den Weg der Unterwerfung oder den Weg der Freiheit und Selbstbestimmung?<\/p>\n<p>Die Menschheit ist vielversprechend. Wir sind diese neue Zukunft wert, eine Zukunft so anders als die Vergangenheit. Lasst uns das Versprechen der Menschheit einl\u00f6sen. Lasst uns diese Offenbarung empfangen und unser gro\u00dfes Bed\u00fcrfnis erkennen sowie die gro\u00dfe Antwort, die gekommen ist.<\/p>\n<p>Lasst uns unseren Ort in der Gr\u00f6\u00dferen Gemeinschaft als ein freies und selbstbestimmtes Volk bauen und einrichten und den Einfl\u00fcssen standhalten, die auf uns von jenen wenigen Rassen ausge\u00fcbt werden, die versuchen, die Welt zu ihren eigenen Zwecken zu verwenden. Lasst uns Verb\u00fcndete der Menschheit werden und die menschliche Zivilisation vor Ausbeutung und Korruption von innen und Intervention von au\u00dfen sch\u00fctzen. Dies ist eine menschliche Souver\u00e4nit\u00e4tsbewegung auf der Erde und die Neue Botschaft ist unsere Missionserkl\u00e4rung, unsere Landkarte und unser F\u00fchrer ins Unbekannte.<\/p>\n<p>Dies ist die Zeit, das Versprechen der Menschheit einzul\u00f6sen. Wir sind nicht mehr ein isolierter Stamm in einer unbekannten Welt im Universum. Unsere Isolierung ist vorbei. Wir sind mit der Gr\u00f6\u00dferen Gemeinschaft der Welten konfrontiert, einem nicht-menschlichen Universum, in der die Freiheit des Einzelnen selten ist. Dies ist das gr\u00f6\u00dfte Ereignis in der menschlichen Geschichte und darauf m\u00fcssen wir vorbereitet sein.<\/p>\n<p>Wenn ihr euch zu einem h\u00f6heren Zweck berufen f\u00fchlt und wenn ihr euch verbunden mit dem Leben jenseits f\u00fchlt, dann ist dieses Buch f\u00fcr Euch. <em>Leben im Universum<\/em> ist f\u00fcr euch. Tretet mit mir durch dieses Tor ein in ein gr\u00f6\u00dferes Universum und ein gr\u00f6\u00dferes Leben.<\/p>\n<p>Marshall Vian Summers<\/p>\n<p style=\"text-align: center\"><strong>Schlie\u00dft euch der Vorbereitung an<\/strong><\/p>\n<p>&nbsp;<\/p>\n<p style=\"text-align: center\">***<\/p>\n<p>&nbsp;<\/p>\n<p>Schlie\u00dft euch einer weltweiten Gemeinschaft von Menschen an, die Pioniere in einem neuen Kapitel der menschlichen Erfahrung sind, in dem wir unsere Welt sch\u00fctzen und erhalten und uns auf das gr\u00f6\u00dfte Ereignis in der menschlichen Geschichte vorbereiten: unseren Aufstieg in eine Gr\u00f6\u00dfere Gemeinschaft des intelligenten Lebens im Universum.<\/p>\n<p>Erfahrt mehr \u00fcber die kostenlosen M\u00f6glichkeiten, sich vertraut zu machen und Tausende von Menschen weltweit zu treffen, die sich auf das Leben im Universum vorbereiten.<\/p>\n","protected":false},"excerpt":{"rendered":"<p>*** Ihr seid die Verwalter eines wundersch\u00f6nen Planeten, der von anderen sehr gesch\u00e4tzt wird. F\u00fcr mich ist das Leben im Universum keine Idee, keine Hypothese oder reine M\u00f6glichkeit. Es ist die zeitlose Realit\u00e4t, in der jeder Aspekt und jedes Ereignis unseres Lebens, einzeln oder kollektiv, stattgefunden hat. Jenseits des Vorhangs der strahlenden Sterne \u00fcber uns\u2026 <a class=\"read-more\" href=\"https:\/\/www.v6.newmessage.org\/de\/die-botschaft\/band-4\/leben-im-universum\/mitteilung-von-marshall-vian-summers\/\"><span>Read More<\/span><\/a><\/p>\n","protected":false},"author":8,"featured_media":0,"parent":13079,"menu_order":0,"comment_status":"closed","ping_status":"closed","template":"template-leftsidebar.php","meta":{"_monsterinsights_skip_tracking":false,"_monsterinsights_sitenote_active":false,"_monsterinsights_sitenote_note":"","_monsterinsights_sitenote_category":0,"footnotes":""},"categories":[110,472,76,77,471],"tags":[815,849,848],"_links":{"self":[{"href":"https:\/\/www.v6.newmessage.org\/de\/wp-json\/wp\/v2\/pages\/27577"}],"collection":[{"href":"https:\/\/www.v6.newmessage.org\/de\/wp-json\/wp\/v2\/pages"}],"about":[{"href":"https:\/\/www.v6.newmessage.org\/de\/wp-json\/wp\/v2\/types\/page"}],"author":[{"embeddable":true,"href":"https:\/\/www.v6.newmessage.org\/de\/wp-json\/wp\/v2\/users\/8"}],"replies":[{"embeddable":true,"href":"https:\/\/www.v6.newmessage.org\/de\/wp-json\/wp\/v2\/comments?post=27577"}],"version-history":[{"count":2,"href":"https:\/\/www.v6.newmessage.org\/de\/wp-json\/wp\/v2\/pages\/27577\/revisions"}],"predecessor-version":[{"id":27581,"href":"https:\/\/www.v6.newmessage.org\/de\/wp-json\/wp\/v2\/pages\/27577\/revisions\/27581"}],"up":[{"embeddable":true,"href":"https:\/\/www.v6.newmessage.org\/de\/wp-json\/wp\/v2\/pages\/13079"}],"wp:attachment":[{"href":"https:\/\/www.v6.newmessage.org\/de\/wp-json\/wp\/v2\/media?parent=27577"}],"wp:term":[{"taxonomy":"category","embeddable":true,"href":"https:\/\/www.v6.newmessage.org\/de\/wp-json\/wp\/v2\/categories?post=27577"},{"taxonomy":"post_tag","embeddable":true,"href":"https:\/\/www.v6.newmessage.org\/de\/wp-json\/wp\/v2\/tags?post=27577"}],"curies":[{"name":"wp","href":"https:\/\/api.w.org\/{rel}","templated":true}]}}