{"id":27474,"date":"2017-05-15T05:42:27","date_gmt":"2017-05-15T05:42:27","guid":{"rendered":"http:\/\/www.newmessage.org\/german-international\/?page_id=27474"},"modified":"2017-09-18T11:24:02","modified_gmt":"2017-09-18T11:24:02","slug":"wer-sind-die-unsichtbaren","status":"publish","type":"page","link":"https:\/\/www.v6.newmessage.org\/de\/die-botschaft\/band-2\/spiritualitat-der-groseren-gemeinschaft\/wer-sind-die-unsichtbaren\/","title":{"rendered":"Wer sind die Unsichtbaren?"},"content":{"rendered":"<div><!-- 4.0 --><\/div>\n\n<div class=\"tabgroup \"><ul class=\"tabs\"><li><a href=\"#tabs-1\">\u00dcber<\/a><\/li>\n<li><a href=\"#tabs-2\"> Anmerkung<\/a><\/li><\/ul>\n <div id=\"tabs-1\"><\/p>\n<p class=\"revelation_details\"><em>Wie offenbart<br \/>\nMarshall Vian Summers<br \/>\nam 23. October 1993 &#8211;<br \/>\nin Boulder, Colorado<\/em><\/p>\n<div class=\"toggle toggle-white\"><h4 class=\"trigger \"><span class=\"t_ico\"><\/span><a href=\"#\">\u00dcber diesen Text<\/a><\/h4><div class=\"toggle_container \"><br \/>\n<p>Was du in diesem Text liest, ist die Transkription der Originalstimme des <a href=\"https:\/\/www.newmessage.org\/de\/wichtige-begriffe#aa\">Engelsrates<\/a>, wie sie \u00fcber den <a href=\"http:\/\/www.neuebotschaft.org\/der-bote\/\">Boten Marshall Vian Summers<\/a> sprach.<\/p>\n<p>Hierbei wird die originale Kommunikation von Gott, die jenseits von Worten existiert, vom <a href=\"https:\/\/www.newmessage.org\/de\/wichtige-begriffe#aa\">Engelsrat<\/a>, der \u00fcber die Welt wacht, in menschliche Sprache und menschliches Verst\u00e4ndnis \u00fcbersetzt. Der Rat bringt dann Gottes Botschaft \u00fcber den Boten dar, woraufhin sie transkribiert und euch und allen Menschen verf\u00fcgbar gemacht wird.<\/p>\n<p>In diesem bemerkenswerten Prozess spricht die <a href=\"https:\/\/www.newmessage.org\/de\/wichtige-begriffe#voice\">Stimme der Offenbarung<\/a> erneut. Das Wort und der Klang sind in der Welt. M\u00f6gest du der Empf\u00e4nger dieses Geschenks der Offenbarung sein und m\u00f6gest du offen sein, ihre einmalige Botschaft f\u00fcr dich und f\u00fcr dein Leben zu empfangen.<\/p>\n<br \/>\n<\/div><\/div>\n<p><\/div>\n<div id=\"tabs-2\"><br \/>\n<em> Anmerkung an den Leser:<br \/>\nDiese \u00dcbersetzung wurde der Society von einem Sch\u00fcler der Neuen Botschaft verf\u00fcgbar gemacht, der den englischen Originaltext als Freiwilliger \u00fcbersetzt hat. Wir stellen diese \u00dcbersetzung in dieser fr\u00fchen Form zur Verf\u00fcgung, damit jeder Gelegenheit hat, sich mit einem Teil der Neuen Botschaft in seiner eigenen Sprache zu befassen.<\/em><br \/>\n<\/div>\n\t\t\t\t<div align=\"right\">\n\t\t\t<div class=\"fb-like\" data-href=\"\" data-layout=\"button_count\" data-action=\"like\" data-show-faces=\"false\" data-share=\"false\"><\/div>\n\t\t\t<div class=\"fb-share-button\" data-layout=\"button_count\"> <\/div>\n\t\t\t<div class=\"fb_iframe_widget\"><a href=\"https:\/\/twitter.com\/godsnewmessage?ref_src=twsrc%5Etfw\" class=\"twitter-follow-button\" data-show-count=\"false\">Follow @godsnewmessage<\/a><script async src=\"https:\/\/platform.twitter.com\/widgets.js\" charset=\"utf-8\"><\/script><\/div>\n\t\t\t<\/div> <\/div> \n\n<p><em> \u201cJeder Student braucht einen Lehrer. Jeder Reisende braucht einen F\u00fchrer. Jeder Forscher braucht eine Karte. <\/em><em>Du hast nun all dies.\u201d <\/em><\/p>\n<p>Wie du innerhalb der Welt Verb\u00fcndete hast und ebenso innerhalb der Gr\u00f6\u00dferen Gemeinschaft, so hast du auch Verb\u00fcndete jenseits des sichtbaren Bereichs des Lebens. Sie sind hier als Teil deiner Erziehung in Kenntnis. Da sie nicht mehr im physischen Bereich weilen, dienen sie nun jenen, die Erinnerung an ihre Uralte Heimat zur\u00fcckerlangen und damit die Natur und die Richtung ihres gr\u00f6\u00dferen Zwecks im Leben.<\/p>\n<p>Die Unsichtbaren sind in der Lage, sehr frei bei der Beratung jener zu wirken, die unten existieren. Und doch muss ihr Rat weise platziert und zeitlich gut geplant werden. Sie k\u00f6nnen sich nicht einmischen , obwohl sie Unterst\u00fctzung anbieten, die jene bef\u00e4higt, die auf sie reagieren, ein gr\u00f6\u00dferes Verst\u00e4ndnis und eine gr\u00f6\u00dfere Wirksamkeit im Leben zu erlangen. Selten werden ihre Empf\u00e4nger sie direkt erfahren. Doch f\u00fchren sie Informationen und Einsichten in den Verstand jener ein, die reagieren k\u00f6nnen. In den meisten F\u00e4llen werden die Leute denken, dass es ihre eigenen Gedanken sind. \u201cOh. Ich hatte heute diese Idee. Ich glaube, sie ist wichtig,\u201d oder \u201cIch hatte dieses Gef\u00fchl, dass ich dies tun sollte.\u201d Die Leute denken, es kommt von ihnen oder sie denken, es ist ihre eigene Intuition, w\u00e4hrend es in Wirklichkeit ein Geschenk von den Unsichtbaren ist.<\/p>\n<p>Die Unsichtbaren brauchen nat\u00fcrlich keine Anerkennung in der Welt. Sie suchen nicht nach Sch\u00fclern oder Anh\u00e4ngern. Was hast du, was sie m\u00f6chten, au\u00dfer deiner F\u00e4higkeit, zu reagieren und zu verwenden, was sie dir zu einem guten Zweck geben? Die Unsichtbaren verteilen ihre Geschenke sorgf\u00e4ltig und gut. Selten werden sie zu jemand direkt sprechen. Obwohl viele Leute Stimmen h\u00f6ren, die ihrer Meinung nach einen spirituellen Fokus haben, ist es wirklich selten, dass jemand jemals die Pr\u00e4senz und die Stimme von einem Unsichtbaren direkt empf\u00e4ngt.<\/p>\n<p>Und warum? Weil die Konzentration der Leute auf der Kenntnis und auf ihren Unternehmungen in der Welt liegen soll. Wenn du beginnst, dich mit Engeln zusammen zu tun, nun, dann wirst du dich nicht mehr mit etwas anderem zusammen tun wollen. Wer m\u00f6chte schon die schwierige Arbeit auf der Welt erledigen, wenn man die Zeit mit einer Engelspr\u00e4senz verbringen kann? Wer m\u00f6chte sich mit den Leuten und all ihren Schwierigkeiten und all ihren komplexen Beziehungen abgeben, wenn man die Gesellschaft der Geister Gottes haben k\u00f6nnte? Die Arbeit ist in der Welt und das ist der Fokus.<\/p>\n<p>Um empf\u00e4nglichen, verantwortungsvollen Leute die gro\u00dfen Vorteile des Verst\u00e4ndnisses und der Wahrnehmung zukommen zu lassen, sie bei der R\u00fcckgewinnung der Kenntnis selbst zu unterst\u00fctzen und die R\u00fcckgewinnung der Kenntnis selbst zu \u00fcberpr\u00fcfen, legen die Unsichtbaren ihren Schwerpunkt hier und dort. Vielleicht hast du eine Stimme geh\u00f6rt, die in deinem Verstand spricht oder hast einen merkw\u00fcrdigen und pl\u00f6tzlichen Impuls gesp\u00fcrt. Es k\u00f6nnte sein, weil die Kenntnis in dir in Kommunikation mit der Kenntnis der Unsichtbaren ist. Je n\u00e4her du der Kenntnis kommst, desto st\u00e4rker wirst du dir bewusst, dass eine gr\u00f6\u00dfere Kommunikation stattfindet. Bis dahin wirst du nicht wissen, woher diese Ideen kommen. Du wirst einfach annehmen, dass sie von dir kommen oder ein Produkt deiner Intuition sind.<\/p>\n<p>Die Unsichtbaren achten besonders auf jene, die reagieren. Diese Individuen erfordern besondere Sorgfalt und Betonung. Jene wenigen, die Fortschritte machen k\u00f6nnen, werden eine gr\u00f6\u00dfere Beziehung zu den Unsichtbaren haben, die sie zu Recht Lehrer rufen werden. Jedoch werden sie die Lehrer selten erfahren, und sie k\u00f6nnen niemals in diesem Leben wissen, wer zu ihnen spricht, wer ihnen hilft und sie f\u00fchrt. Vielleicht werden sie einfach f\u00fchlen, dass sie etwas aus dem spirituellen Reich des Lebens empfangen. Vielleicht werden sie denken, es ist ein Geist Gottes, der zu ihnen spricht. Jedoch definieren sie es f\u00fcr sich oder erkl\u00e4ren es anderen, es gibt einen gr\u00f6\u00dferen Kontakt hier zu den Unsichtbaren.<br \/>\nIhr habt Berater und F\u00fchrer in der Welt, die euch helfen, spezifische Dinge zu lernen, die ihr hier verstehen sollt. Jedoch erfordert die Erlernung von Spiritualit\u00e4t, die Entstehung eures inneren Lebens, der Beginn des Prozesses der R\u00fcckerlangung der Kenntnis und der Entwicklung eines Bewusstseins eines h\u00f6heren Zwecks eine andere Art von Rat und Unterst\u00fctzung. Du wirst die Unterst\u00fctzung hierbei prim\u00e4r von deinen Verb\u00fcndeten in der Welt erhalten, aber die Aufsicht \u00fcber deine Entwicklung wird durch die Unsichtbaren erfolgen. Sie werden bei dir weilen und darauf achten, was du tust. Gelegentlich werden sie dich direkt beraten. Bei sehr seltenen Gelegenheiten werden sie dich wissen lassen, dass sie bei dir sind. Dies schwankt nat\u00fcrlich von Person zu Person und h\u00e4ngt sehr vom Temperament und dem Charakter der Person ab sowie von seiner oder ihrer Entwicklungsstufe.<\/p>\n<p>Nimm dir ein Herz. Du hast gro\u00dfe Verb\u00fcndete. Es wird von dir verlangt, Gro\u00dfes zu lernen, aber du hast gro\u00dfe Unterst\u00fctzung. Nimm dir ein Herz. Du wirst aus normalen Umst\u00e4nden, einem normalen Bewusstsein und normalen Sorgen herausgerufen. Sei dankbar. Du wirst aus einer t\u00f6dlichen Mittelm\u00e4\u00dfigkeit errettet. Es wird dir hier eine reelle Gelegenheit gegeben. Wenn du sie empfangen kannst und beginnen kannst, Fortschritt als Sch\u00fcler der Kenntnis zu machen, dann k\u00f6nnen jene Kr\u00e4fte in der Welt und jenseits von ihr, die dir helfen k\u00f6nnen, eine immer gr\u00f6\u00dfere Rolle in deinem Leben spielen.<\/p>\n<p>Wir haben mehrmals auf die Vorstellung der Spirituellen Familie verwiesen und werden nun hier\u00fcber sprechen. Du bist von einer kleinen Lerngruppe in die Welt gekommen. Du lernst f\u00fcr dich und f\u00fcr deine Gruppe. Du tr\u00e4gst in der Welt zu deinem eigenen Fortschritt und zum Fortschritt deiner Gruppe bei. Deine Gruppe wird sich entwickeln und mit anderen Gruppen verbinden wie Fl\u00fcsse und Str\u00f6me auf ihrem Weg zum Meer, du wirst eine immer gr\u00f6\u00dfere Vereinigung erfahren, w\u00e4hrend ihr zusammen fortschreitet.<\/p>\n<p>Die Unsichtbaren stellen die leitenden Mitglieder deiner Spirituellen Familie dar. Sie brauchen nicht mehr in der Welt sein. Sie haben die Lektionen der Welt gelernt. Nun m\u00fcssen sie jenen helfen, die die Lektionen der Welt lernen m\u00fcssen. Sie \u00fcberwachen deine Entwicklung und kommen aktiv mit dir in Kontakt, wenn du Den Weg der Kenntnis w\u00e4hlst, wenn du die Vorbereitung unternimmst, die f\u00fcr dich gedacht ist und wenn du beginnst, Fortschritte zu machen.<br \/>\nDeine Zusammenarbeit mit den Unsichtbaren wird wachsen, aber sie k\u00f6nnen nicht dein Schwerpunkt sein. Sie sind gr\u00f6\u00dfer als du sowie m\u00e4chtiger und anmutiger. Wenn du dir jedoch ihrer bewusst w\u00fcrdest, w\u00fcrden sie zum Objekt deiner Hingabe und Aufmerksamkeit, was nicht angemessen ist. Dies w\u00fcrde bei deinem Dasein als Sch\u00fcler nicht hilfreich sein, und dies w\u00fcrde dir nicht die richtige Konzentration oder die richtigen Priorit\u00e4ten geben.<\/p>\n<p>Der Weg ist dir ohne Heldenverehrung vorgegeben, denn du musst ein Mann oder eine Frau der Kenntnis werden. Du wirst beide brauchen, jene, die weiter fortgeschritten sind als du und jene, die weniger fortgeschritten sind als du. Jene, die weiter fortgeschritten sind als du, werden dich weiterziehen und du wirst jene weiterziehen, die weniger fortgeschritten sind. So findet jeder die richtige Unterst\u00fctzung. So wird jedem gedient. So kann alles, was die Unsichtbaren in die Welt geben durch menschliche Beziehungen resonieren und viele Leute auf Wegen erreichen, die verstanden, erfahren und akzeptiert werden k\u00f6nnen.<\/p>\n<p>Wann immer du oder irgendwelche deiner Vorfahren jemals dachten, dass Gott in der Welt w\u00e4re und etwas t\u00e4te, dann waren es die Unsichtbaren\u2014die Engel Gottes, falls dir diese Vorstellung gef\u00e4llt. Aber die Vorstellung der Engel beschw\u00f6rt sehr wundersame Bilder herauf und erfasst nicht wirklich die volle Bedeutung und Rolle der Unsichtbaren. Sie sind mit dir, aber wie die Weisen \u00fcberall bleiben sie verborgen. Sie m\u00f6chten nicht das Licht deines Lebens werden. Wenn dies der Fall w\u00e4re, w\u00fcrdest du nicht weiter suchen. Sie m\u00f6chten dich nicht mit ihrer Weisheit \u00fcberschatten. Wenn sie das t\u00e4ten, w\u00fcrdest du dich nicht mehr entwickeln. Sie m\u00f6chten nicht der Fokus deiner Aufmerksamkeit werden. Wenn sie das w\u00fcrden, w\u00fcrdest du die Aufmerksamkeit f\u00fcr jene Dinge verlieren, die deine Aufmerksamkeit ben\u00f6tigen. Sie sind Gottes Gesandte. Sie \u00fcbersetzen den Willen des G\u00f6ttlichen in endliche Existenz. Auf jeder Ebene der Existenz gibt es \u00dcbersetzer. Letztendlich wird du selbst die Gelegenheit erhalten, ein \u00dcbersetzer zu werden, w\u00e4hrend du in der Welt bist und die gr\u00f6\u00dfere Weisheit in einen n\u00fctzlichen und zug\u00e4nglichen Ausdruck \u00fcbersetzt, von dem andere profitieren k\u00f6nnen.<\/p>\n<p>Es gibt verschiedene Ebenen von Unsichtbaren. Den Unsichtbaren, die dir behilflich sind, sind wieder andere behilflich, denn die Autorit\u00e4tskette, die Kette des Gebens setzt sich weit, weit \u00fcber dich hinaus fort\u2014und \u00fcbersetzt und macht dir einen gr\u00f6\u00dferen Willen zug\u00e4nglich und verf\u00fcgbar. Dies ist jenseits deines Verst\u00e4ndnisses. Du kannst es dir nicht einmal vorstellen, und das wird nicht von dir verlangt.<\/p>\n<p>Wir f\u00fchren die Vorstellung der Unsichtbaren bei dir ein, damit du wissen kannst, dass du nicht alleine bist und dass dein Leben gro\u00dfe Unterst\u00fctzung hat. Du kannst dich auf eine gr\u00f6\u00dfere Weisheit verlassen, die dir hilft, vorw\u00e4rts zu kommen, sowohl in dir, in deiner Kenntnis als auch jenseits von dir in den Unsichtbaren und deiner Spirituellen Familie. Sie werden dir erm\u00f6glichen, den Weg zu finden, um dich zu st\u00e4rken. Jedoch k\u00f6nnen sie dich nicht vor jeder schlechten Entscheidung bewahren, die du triffst. Sie werden dir die Kosten deiner Irrt\u00fcmer nicht ersparen. Und sie werden nicht jeden Schlag d\u00e4mpfen. Aber sie werden dich auch nicht bestrafen. Sie werden dich nicht zurechtweisen. Sie werden nur ihren Einfluss und ihren Rat geltend machen. Wenn du dies f\u00fchlen kannst, wenn du empf\u00e4nglich daf\u00fcr bist und es h\u00f6her bewertest als deine pers\u00f6nlichen W\u00fcnsche, dann wirst du ihr Nutznie\u00dfer sein. Darin werden sie best\u00e4tigt und du ebenso.<\/p>\n<p>Jeder Sch\u00fcler braucht einen Lehrer. Jeder Reisende braucht einen F\u00fchrer. Jeder Forschungsreisende braucht eine Landkarte. Du hast sie nun alle. Fass dir ein Herz. Jetzt musst du den Mut und die Entschlossenheit finden, vorw\u00e4rts zu gehen. Fixiere dich nicht auf die gro\u00dfe spirituelle Unterst\u00fctzung, die du hast. Konzentriere dich lieber darauf, die Probleme heute und morgen und \u00fcbermorgen zu l\u00f6sen. L\u00f6st du heute ein kleines Problem, wirst du in der Lage sein, morgen ein gr\u00f6\u00dferes Problem zu l\u00f6sen. Beginne mit kleinen Dingen. K\u00fcmmere dich um die praktischen Dinge in deinem Leben. Bringe dein Leben in eine gr\u00f6\u00dfere Harmonie. Versuche nicht, alles sch\u00f6n, ruhig und friedlich zu machen. Das meinen wir nicht. Was wir meinen ist, die Dinge in die richtige Reihenfolge zu bringen.<\/p>\n<p>Du musst dies f\u00fcr dich selbst umsetzen. Die Leute denken oft, dass es bei der Spiritualit\u00e4t darum geht, die ganze Zeit gl\u00fccklich, friedlich und freudig zu sein, wodurch das Leben zu einer Art von Pyjama Party gemacht wird. Das stimmt nicht.Spiritualit\u00e4t ist nicht eine Art von Flucht. Es ist nicht eine Art von Vergiftung. Es ist kein Aphrodisiakum. Es ist ein Weg, dich zu erm\u00e4chtigen, dich in Kontakt zur Kenntnis zu bringen, damit du deinen Zweck und deine Mission hier erf\u00fcllen kannst. Dann wirst du in der Lage sein, jene zu erkennen und zu empfangen, die dazu bestimmt sind, deinen Zweck mit dir zu teilen. Spiritualit\u00e4t soll dir erm\u00f6glichen, zu arbeiten, deinem Leben erm\u00f6glichen, zu arbeiten und einer Gr\u00f6\u00dferen Macht erm\u00f6glichen, durch dich zu arbeiten. Dies ist kein Sch\u00f6nheitsinstitut, in dem du dich selbst und jeden anderen glorreich und engelhaft aussehen lassen kannst. Dies ist nicht ein Urlaub vom Leben. Dies ist eine Ausbildung und eine Vorbereitung. Dies ist ein Studium und eine Anwendung. Dies soll dein Leben voller, zweckgerichteter, echter und wohltuender f\u00fcr dich und f\u00fcr jene gestalten, die dich empfangen und erkennen werden.<br \/>\nSogar jene, die dich nicht sehen k\u00f6nnen und dich nicht erkennen k\u00f6nnen, werden davon profitieren, denn es wird eine gr\u00f6\u00dfere Pr\u00e4senz der Kenntnis durch deinen Beitrag geben. Dies bringt jeden einen Schritt n\u00e4her zu seiner Uralten Heimat. Dies verschm\u00e4lert die gro\u00dfe Kluft in der Welt zum Leben jenseits des Physischen. Dies bringt die Erfahrung und die Demonstration von Gottes Wirken auf der Welt ein wenig n\u00e4her, da Inspiration, Selbstlosigkeit, Beitrag, Wohltat, Freundlichkeit, Mitgef\u00fchl, Liebe, St\u00e4rke und Selbstbestimmung demonstriert werden und in der Welt hinzugef\u00fcgt werden. Die Welt braucht diese Demonstration. Die Leute suchen verzweifelt nach Bedeutung. Sie suchen verzweifelt nach Wert. Sie haben den Kontakt zu ihrem inneren Leben verloren. Diese Qualit\u00e4ten m\u00fcssen f\u00fcr sie demonstriert werden und ihnen mit so wenig religi\u00f6sem Dogma wie m\u00f6glich in einer so reinen Form wie m\u00f6glich zur\u00fcckgegeben werden.<\/p>\n<p>Dies ist der Beweis von Gottes Wirken. Gott tut nicht die Arbeit f\u00fcr dich. Gott lehrt dich, zu arbeiten, denn zum Arbeiten bist du hierhergekommen, und du musst deinen Wert erkennen. Gott gibt dir die Macht. Gott gibt dir Gottes Boten. Gott gibt dir Gelegenheiten. Gott gibt dir Verb\u00fcndete. Und Gott gibt dir die gro\u00dfen N\u00f6te der Welt, die aus dir das hervorbringen werden und von dir das verlangen werden, weshalb du hierhergekommen bist, um es zu geben. Wenn die Welt s\u00fc\u00df und wunderbar w\u00e4re, gl\u00fccklich und sorglos, h\u00e4ttest du keinen Zweck, um hierher zu kommen. Du w\u00fcrdest nicht wissen, was du tun sollst. Du w\u00fcrdest frustriert werden.<br \/>\nDer Zustand der Welt ist reif f\u00fcr den Beitrag. Du bist nicht hier, um Mitglieder f\u00fcr deine Religion zu werben oder eine besondere religi\u00f6se Lehre zu verst\u00e4rken, wenn es nicht deine spezifische Mission ist, dies zu tun. Nur f\u00fcr ein paar wird dies der Fall sein. Du wirst etwas Mysteri\u00f6ses und Wunderbares im Zusammenhang mit Beziehungen und im Zusammenhang damit, den Leuten zu helfen, geben. Wem du helfen wirst und wie du ihnen helfen wirst, ist etwas, was du auf dem Weg entdeckst.<br \/>\nDu wurdest f\u00fcr etwas gemacht. Es wartet darauf, entdeckt zu werden. In dieser Weise findest du dich selbst, du best\u00e4tigst dich selbst, du erf\u00e4hrst dich selbst und du bist dein eigener Zeuge deiner Aktion. \u2018Was gibt es f\u00fcr einen anderen Weg, deinen wahren Wert zu finden? Du kannst dir den ganzen Tag sagen, dass du wunderbar bist, aber ohne die Demonstration einer gr\u00f6\u00dferen F\u00e4higkeit und Qualit\u00e4t in dir, ist es m\u00fc\u00dfiges Gerede. Es geht darum, dass du der Welt gibst, nicht dass du dir gegen\u00fcber gut aussiehst.<br \/>\nDie Unsichtbaren arbeiten ohne Anerkennung. Die Harim in der Gr\u00f6\u00dferen Gemeinschaft arbeiten ohne Anerkennung. Die Weisen in der Welt arbeiten ohne Anerkennung. Verstehe dies, und du wirst verstehen, wie Weisheit und Kenntnis in Situationen dort gegeben werden kann, wo sie unbekannt sind und sogar dort, wo sie nicht willkommen sind. Hier k\u00f6nnen Weisheit und Kenntnis ihre Wohlt\u00e4tigkeit aus\u00fcben, um die innere Integrit\u00e4t der Leute zu st\u00e4rken, um die Leute an ihre gr\u00f6\u00dferen Verantwortlichkeiten zu erinnern und sie werden sie dabei unterst\u00fctzen, aufrichtig zu sich selbst zu sein und sich mit ihren tieferen Neigungen und dem Sinn von Gerechtigkeit und Korrektheit abzufinden, ohne R\u00fccksicht auf ihre vergangene politische oder religi\u00f6se \u00dcberzeugung.<\/p>\n<p>Die Demonstration und Gnade erfolgt durch die Handlungen von Menschen in der Beziehung. Die Unsichtbaren demonstrieren dies. Die Harim demonstrieren dies. Deine Verb\u00fcndeten demonstrieren dies. Deine Empf\u00e4nger demonstrieren dies. Du gibst etwas Wertvolles in einer schwierigen Situation. Du musst flei\u00dfig und entschlossen sein, dies zu tun. Verwende die Spiritualit\u00e4t nicht als Droge, als ein Rauschmittel. Verwende sie nicht, um in Gl\u00fcckseligkeit zu sein. Blende dich nicht damit. Verwende das Licht, um deinen Weg zu finden. Verwende es nicht f\u00fcr Halluzinationen. Das Geschenk muss von dir sowohl auf fassbarem als auch unfassbarem Weg gegeben werden. Glaube nicht, du wirst ein gro\u00dfer Emanzipator, ein(e) gro\u00dfe(r) spirituelle(r) Prinzessin oder Prinz, G\u00f6ttin oder Gott. Du wirst einfache Arbeit leisten. Du wirst bescheidene Arbeit leisten. Du wirst Arbeit leisten, die getan werden muss, nicht Arbeit, die dich verherrlicht. Was geehrt wird, ist Kenntnis in dir, die dich ehren wird. Dann wird es keine T\u00e4uschung geben.<\/p>\n<p>Hier wirst du verstehen, wie dir gedient wird und wie du unterst\u00fctzt wirst. Du wirst beginnen, zu verstehen, wie gro\u00dfe Individuen dir halfen, ohne dich zu \u00fcberschatten oder mit dir zu interferieren. Sie haben dich gen\u00e4hrt und dich gesch\u00fctzt, dich von Gefahr weggebracht und dich in die richtige Richtung gelenkt. Sie haben zugelassen, dass du deine eigenen Fehler machst, aber so konntest du von ihnen profitieren, ohne sie wiederholen zu m\u00fcssen.<br \/>\nVielleicht kannst du wie ein Unsichtbarer in der Welt werden, sogar wenn du pers\u00f6nlich noch hier lebst. Du wirst geben, und deine Geschenke werden ihren Weg in den Verstand und die Herzen der Leute finden, die nicht wissen werden, woher das Geschenk kommt. Sie werden nicht in der Lage sein, den Spender zu finden. Der Spender ist frei und unsichtbar f\u00fcr sie. Die Leute werden Dinge sehen und Dinge f\u00fchlen, die sie sehen und f\u00fchlen m\u00fcssen. Sie werden anfangen, Dinge zu wissen, die sie wissen m\u00fcssen. Sie werden sich an Dinge erinnern, an die sie sich erinnern m\u00fcssen und Dinge vergessen, die sie vergessen m\u00fcssen. Sie werden nicht sehen, woher die Kraft kommt. Sie werden nicht ihre Quelle sehen.<\/p>\n<p>Werde selbst wie ein Unsichtbarer und deine Geschenke werden die gr\u00f6\u00dfte Auswirkung mit der geringsten Verwirrung und Unsicherheit haben. Die Menschheit wurde durch die segensreiche Arbeit vieler Individuen innerhalb und jenseits der Welt am Leben erhalten, die unerkannt bleiben. Und die Kr\u00e4fte der Ignoranz\u2014jene, die gewaltt\u00e4tig und \u00e4ngstlich, feindselig und widerstehend sind\u2014werden nicht in der Lage sein, herauszufinden, woher das Gute kommt. Sie werden nicht in der Lage sein, es zu stoppen. Sie werden nicht in der Lage sein, es zu manipulieren. Es wird durch ihre Finger rinnen. Sie werden nicht in der Lage sein, es zu ergreifen. Es wird funktionieren, trotz ihres Schadens.<\/p>\n<p>Die gr\u00f6\u00dften M\u00e4chte, die dir behilflich sind, sind unsichtbar. Jedoch k\u00f6nnen sie gekannt werden und es ist dein Privileg, sie zu kennen. Die gr\u00f6\u00dferen M\u00e4chte k\u00f6nnen vielleicht nicht ber\u00fchrt werden, aber sie k\u00f6nnen dich ber\u00fchren, und du kannst ihren Segen erhalten und angemessen nutzen, denn du bist es, der wachsen muss und seine St\u00e4rke und Autorit\u00e4t wiedererlangen muss. Hierbei musst du unterst\u00fctzt werden, aber nicht \u00fcberschattet. Dir muss assistiert werden, aber du darfst nicht manipuliert werden. Du musst gesch\u00fctzt, aber nicht bewacht werden. Was f\u00fcr gro\u00dfes Mitgef\u00fchl zeigt dies.<\/p>\n<p>W\u00e4hrend du fortschreitest, wirst du beginnen, diese Dinge f\u00fcr dich zu erfahren. Du wirst beginnen, gl\u00fccklich zu sein, wenn du ein Geschenk geben kannst, du wirst gl\u00fccklich sein, wenn du daf\u00fcr sorgen kannst, dass es empfangen wird und niemand wissen wird, woher es kommt. Dies sch\u00fctzt und bewahrt dich und erm\u00f6glicht es, dass das Geschenk seine volle Auswirkung hat. Du musst als Sch\u00fcler der Kenntnis heranreifen, um diese Erfahrung zu machen. Aber ihre Demonstration wird dich von der Weisheit der Idee \u00fcberzeugen, dass die Weisen verborgen bleiben, um weise zu bleiben.<\/p>\n","protected":false},"excerpt":{"rendered":"<p>\u201cJeder Student braucht einen Lehrer. Jeder Reisende braucht einen F\u00fchrer. Jeder Forscher braucht eine Karte. Du hast nun all dies.\u201d Wie du innerhalb der Welt Verb\u00fcndete hast und ebenso innerhalb der Gr\u00f6\u00dferen Gemeinschaft, so hast du auch Verb\u00fcndete jenseits des sichtbaren Bereichs des Lebens. Sie sind hier als Teil deiner Erziehung in Kenntnis. Da sie\u2026 <a class=\"read-more\" href=\"https:\/\/www.v6.newmessage.org\/de\/about-text-shortcode\/\"><span>Read More<\/span><\/a><\/p>\n","protected":false},"author":8,"featured_media":0,"parent":13081,"menu_order":0,"comment_status":"closed","ping_status":"closed","template":"template-leftsidebar.php","meta":{"_monsterinsights_skip_tracking":false,"_monsterinsights_sitenote_active":false,"_monsterinsights_sitenote_note":"","_monsterinsights_sitenote_category":0,"footnotes":""},"categories":[468,467],"tags":[786,174,751,752,785],"_links":{"self":[{"href":"https:\/\/www.v6.newmessage.org\/de\/wp-json\/wp\/v2\/pages\/27474"}],"collection":[{"href":"https:\/\/www.v6.newmessage.org\/de\/wp-json\/wp\/v2\/pages"}],"about":[{"href":"https:\/\/www.v6.newmessage.org\/de\/wp-json\/wp\/v2\/types\/page"}],"author":[{"embeddable":true,"href":"https:\/\/www.v6.newmessage.org\/de\/wp-json\/wp\/v2\/users\/8"}],"replies":[{"embeddable":true,"href":"https:\/\/www.v6.newmessage.org\/de\/wp-json\/wp\/v2\/comments?post=27474"}],"version-history":[{"count":4,"href":"https:\/\/www.v6.newmessage.org\/de\/wp-json\/wp\/v2\/pages\/27474\/revisions"}],"predecessor-version":[{"id":28336,"href":"https:\/\/www.v6.newmessage.org\/de\/wp-json\/wp\/v2\/pages\/27474\/revisions\/28336"}],"up":[{"embeddable":true,"href":"https:\/\/www.v6.newmessage.org\/de\/wp-json\/wp\/v2\/pages\/13081"}],"wp:attachment":[{"href":"https:\/\/www.v6.newmessage.org\/de\/wp-json\/wp\/v2\/media?parent=27474"}],"wp:term":[{"taxonomy":"category","embeddable":true,"href":"https:\/\/www.v6.newmessage.org\/de\/wp-json\/wp\/v2\/categories?post=27474"},{"taxonomy":"post_tag","embeddable":true,"href":"https:\/\/www.v6.newmessage.org\/de\/wp-json\/wp\/v2\/tags?post=27474"}],"curies":[{"name":"wp","href":"https:\/\/api.w.org\/{rel}","templated":true}]}}