{"id":27318,"date":"2017-05-01T03:23:26","date_gmt":"2017-05-01T03:23:26","guid":{"rendered":"http:\/\/www.newmessage.org\/german-international\/?page_id=27318"},"modified":"2019-03-26T09:33:25","modified_gmt":"2019-03-26T09:33:25","slug":"die-strahlen-der-einfuhrung","status":"publish","type":"page","link":"https:\/\/www.v6.newmessage.org\/de\/die-botschaft\/weitere-offenbarungen\/die-strahlen-der-einfuhrung\/","title":{"rendered":"Die Strahlen der Einf\u00fchrung"},"content":{"rendered":"<div><!-- Version 3.5 --><\/div>\n\n<div class=\"tabgroup \"><ul class=\"tabs\"><li><a href=\"#tabs-1\">H\u00f6re<\/a><\/li>\n<li><a href=\"#tabs-2\"> Anmerkung<\/a><\/li><\/ul>\n <div id=\"tabs-1\"><\/p>\n<p>H\u00f6re die Stimme der Offenbarung:<\/p>\n<div id=\"jquery_jplayer_1\" class=\"jp-jplayer\"><\/div>\n\t\t\t\t<div id=\"jp_container_1\" class=\"jp-audio\">\n\t\t\t\t<div class=\"jp-type-single\"><div class=\"jp-control\"><a href=\"javascript:;\" class=\"jp-play\" tabindex=\"1\">play<\/a><a href=\"javascript:;\" class=\"jp-pause\" tabindex=\"1\">pause<\/a><\/div> <div class=\"jp-gui jp-interface\"><div class=\"jp-volume\"><div class=\"jp-volume-bar\"><div class=\"jp-volume-bar-value\"><\/div><\/div><\/div><div class=\"jp-progress\"><div class=\"jp-seek-bar\"><div class=\"jp-play-bar\"><\/div><\/div><\/div><\/div>\t\t\t\t\t<div class=\"jp-no-solution\"><span>Update Required<\/span>To play the media you will need to either update your browser to a recent version or update your <a href=\"http:\/\/get.adobe.com\/flashplayer\/\" target=\"_blank\">Flash plugin<\/a>.<\/div><\/div><\/div>\n\t\t\t<script type='text\/javascript'>\n\t\t\t\tjQuery(document).ready(function() {\n\t\t\t\t\tif (typeof (sermonMedia) == 'function') {\n\t\t\t\t\t\tsermonMedia.addAudio('', \"jquery_jplayer_1\");\n\t\t\t\t\t}\n\t\t\t\t\tjQuery.jPlayer.timeFormat.showHour = true;\n\t\t\t\t\tjQuery(\"#jquery_jplayer_1\").jPlayer({\n\t\t\t\t\t\tready: function(event) {\n\t\t\t\t\t\t\tjQuery(this).jPlayer(\"setMedia\", {mp3: 'https:\/\/newmessage.org\/av\/the-rays-of-initiation.mp3'});\n\t\t\t\t\t\t},\n\t\t\t\t\t\tplay: function() {\n\t\t\t\t\t\t\tjQuery(this).jPlayer(\"pauseOthers\");\n\t\t\t\t\t\t},\n\t\t\t\t\t\tswfPath: ThemeData.directory_uri+\"\/swf\",\n\t\t\t\t\t\tsolution: \"html, flash\",\n\t\t\t\t\t\tpreload: \"metadata\",\n\t\t\t\t\t\twmode: \"window\",\n\t\t\t\t\t\tsupplied: \"mp3\",\n\t\t\t\t\t\tcssSelectorAncestor: '#jp_container_1'\n\t\t\t\t\t});\n\t\t\t\t});\n\t\t\t<\/script><\/p>\n<p><a title=\"The Great Rays of Initiation\" href=\"\/\/www.newmessage.org\/av\/the-rays-of-initiation.mp3\">Lade herunter<\/a> (Rechtsklick zum Herunterladen)<\/p>\n<p class=\"revelation_details\"><em> Wie offenbart<br \/>\nMarshall Vian Summers<br \/>\nam 24. Juli 2012 \u2013<br \/>\nin Boulder, Colorado<\/em><\/p>\n<div class=\"toggle toggle-white\"><h4 class=\"trigger \"><span class=\"t_ico\"><\/span><a href=\"#\">\u00dcber diese Aufzeichnung<\/a><\/h4><div class=\"toggle_container \"><br \/>\n<div id=\"yui_3_16_0_ym19_1_1467955126517_3327\" dir=\"ltr\"><span id=\"yui_3_16_0_ym19_1_1467955126517_3177\"><span id=\"yui_3_16_0_ym19_1_1467955126517_3178\">Was Du in dieser Audioaufzeichnung h\u00f6rst, ist die Stimme des Engelsrates, die durch den Boten Marshall Vian Summers spricht.<\/span><\/span><\/div>\n<div dir=\"ltr\"><span id=\"yui_3_16_0_ym19_1_1467955126517_3177\"><span id=\"yui_3_16_0_ym19_1_1467955126517_3178\">\u00a0<\/span><\/span><\/div>\n<div id=\"yui_3_16_0_ym19_1_1467955126517_3359\" dir=\"ltr\"><span id=\"yui_3_16_0_ym19_1_1467955126517_3177\"><span id=\"yui_3_16_0_ym19_1_1467955126517_3178\"> Hier wird die originale Mitteilung Gottes, die jenseits von Worten existiert, vom Engelsrat, der \u00fcber die Welt wacht, in menschliche Sprache und menschliches Verst\u00e4ndnis \u00fcbersetzt. Der Engelsrat bringt dann Gottes Botschaft \u00fcber den Boten dar.<br \/>\n<\/span><\/span><\/div>\n<div id=\"yui_3_16_0_ym19_1_1467955126517_3369\" dir=\"ltr\"><span id=\"yui_3_16_0_ym19_1_1467955126517_3177\"><span id=\"yui_3_16_0_ym19_1_1467955126517_3178\">\u00a0<\/span><\/span><\/div>\n<div id=\"yui_3_16_0_ym19_1_1467955126517_3370\" dir=\"ltr\"><span id=\"yui_3_16_0_ym19_1_1467955126517_3177\"><span id=\"yui_3_16_0_ym19_1_1467955126517_3178\">In diesem bemerkenswerten Prozess spricht die Stimme der Offenbarung erneut. Das Wort und der Ton sind in der Welt. Zum ersten Mal in der Geschichte ist f\u00fcr euch und f\u00fcr die Welt die Aufzeichnung der urspr\u00fcnglichen gesprochenen Offenbarung verf\u00fcgbar, um erfahren zu werden.<br \/>\n<\/span><\/span><\/div>\n<div id=\"yui_3_16_0_ym19_1_1467955126517_3436\" dir=\"ltr\"><span id=\"yui_3_16_0_ym19_1_1467955126517_3177\"><span id=\"yui_3_16_0_ym19_1_1467955126517_3178\">\u00a0<\/span><\/span><\/div>\n<div id=\"yui_3_16_0_ym19_1_1467955126517_3435\" dir=\"ltr\"><span id=\"yui_3_16_0_ym19_1_1467955126517_3177\"><span id=\"yui_3_16_0_ym19_1_1467955126517_3178\">M\u00f6gest du der  Empf\u00e4nger dieses Geschenks der Offenbarung werden und m\u00f6gest du dich \u00f6ffnen, um diese einmalige Botschaft f\u00fcr dich und f\u00fcr dein Leben zu empfangen.<\/span><\/span><\/div>\n<br \/>\n<\/div><\/div><br \/>\n<\/div>\n<div id=\"tabs-2\"><br \/>\n<em> Anmerkung an den Leser:<br \/>\nDiese \u00dcbersetzung wurde der Society von einem Sch\u00fcler der Neuen Botschaft verf\u00fcgbar gemacht, der den englischen Originaltext als Freiwilliger \u00fcbersetzt hat. Wir stellen diese \u00dcbersetzung in dieser fr\u00fchen Form zur Verf\u00fcgung, damit jeder Gelegenheit hat, sich mit einem Teil der Neuen Botschaft in seiner eigenen Sprache zu befassen.<\/em><br \/>\n<\/div>\n\t\t\t\t<div align=\"right\">\n\t\t\t<div class=\"fb-like\" data-href=\"\" data-layout=\"button_count\" data-action=\"like\" data-show-faces=\"false\" data-share=\"false\"><\/div>\n\t\t\t<div class=\"fb-share-button\" data-layout=\"button_count\"> <\/div>\n\t\t\t<div class=\"fb_iframe_widget\"><a href=\"https:\/\/twitter.com\/godsnewmessage?ref_src=twsrc%5Etfw\" class=\"twitter-follow-button\" data-show-count=\"false\">Follow @godsnewmessage<\/a><script async src=\"https:\/\/platform.twitter.com\/widgets.js\" charset=\"utf-8\"><\/script><\/div>\n\t\t\t<\/div> <\/div> \n\n<p>Die Macht und die Pr\u00e4senz wachen \u00fcber dich und alle Menschen der Welt und warten auf jene, die bereit sind, warten auf jene, die bereit sind, aus ihrem tiefen Schlaf des Wunschdenkens und der Entt\u00e4uschung aufzuwachen, wachen \u00fcber die Welt und warten auf jene, die Freiheit suchen\u2014nicht nur eine \u00e4u\u00dfere Freiheit, sondern eine innere Freiheit\u2014warten auf den Moment der Bereitschaft im Individuum.<\/p>\n<p>Die Menschen denken, dass die Engelspr\u00e4senz immer bei ihnen weilt, aber das ist nicht korrekt. Tats\u00e4chlich wartet die Pr\u00e4senz auf jene, die bereit sind, auf eine gr\u00f6\u00dfere Berufung und auf einen h\u00f6heren Zweck im Leben zu reagieren. Es sind jene Individuen, die die Aufmerksamkeit des Engelsrates erregen.<\/p>\n<p>Die Menschen beten um so Vieles, aber der Engelsrat wartet auf den wahren Ruf vom Individuum\u2014einen Ruf, der gew\u00f6hnlich aus Verzweiflung, Frustration oder Entt\u00e4uschung in der Welt entsteht und nun nach etwas Wahrerem, etwas Echterem, etwas Dauerhafterem und Wesentlicherem f\u00fcr die eigene wahre Natur und den eigenen wahren Zweck, in dieser Welt zu dieser Zeit zu sein, sucht.<\/p>\n<p>Gro\u00dfe Strahlen fallen auf jene, die reagieren k\u00f6nnen und die bereit sind, etwas Wunderbares und Bedeutendes zu erhalten. Gro\u00dfe Strahlen des Lichts und der Macht werden auf jene gelenkt, die beginnen, die Vorbereitung f\u00fcr ihren h\u00f6heren Zweck und ihre Berufung im Leben zu erhalten.<\/p>\n<p>Du kannst dies nicht selbst bewusst aufrufen. Es muss aus etwas in dir entstehen, das sehr tief und sehr prim\u00e4r f\u00fcr dein Leben und deinen Zweck hier ist. Du kannst nicht mit deinem Verstand darum beten, dass die Gro\u00dfen Strahlen auf dich fallen, um dich zu initiieren, denn dein Verstand kann dies nicht aufrufen. Es muss von einer tieferen Stelle in dir kommen. Aber dein Verstand kann dich vorbereiten, indem er das gr\u00f6\u00dfere Bed\u00fcrfnis deines Lebens erkennt und den Umstand, dass du nicht das Leben lebst, zu dem du bestimmt bist und dass du von vielen Dingen von geringem Wert und zuk\u00fcnftiger M\u00f6glichkeit in Grenzen gehalten wirst.<\/p>\n<p>Du bereitest dich vor, indem du die Wahrheit \u00fcber dein Leben in einem Moment gro\u00dfer Klarheit und N\u00fcchternheit erkennst. Du ziehst Bilanz dar\u00fcber, wo du dich befindest. Du erkennst, dass du in der Welt verloren bist, wenn du den Vorschriften deiner Kultur und jener Menschen folgst, die dich so stark beeinflussen. Hier betest du nicht um Linderung des Leidens, du betest darum, dass dir die Wahrheit enth\u00fcllt wird, nicht nur die Wahrheit deiner Umst\u00e4nde, sondern die Wahrheit deines Lebens. Du betest darum, dass dir dein Leben, dein wahres Leben gegeben wird.<\/p>\n<p>Dies ist der Ruf, der tief aus deinem Inneren kommt, nicht nur das, was der Verstand f\u00fcr den Augenblick m\u00f6chte, nicht nur die Linderung des Leides, nicht nur, ein sch\u00f6neres Leben oder einen h\u00fcbscheren Komplex von Umst\u00e4nden zu haben oder deine Ambitionen und W\u00fcnsche zu erf\u00fcllen. Dies kommt aus einer tieferen Stelle in dir, aus der Kenntnis in dir. Dies ist, was mit dem Engelsrat spricht. Dies ist das Ergebnis einer tieferen Erfahrung von dir, einer tieferen Abrechnung mit dir, einer tieferen Aufrichtigkeit.<\/p>\n<p>Wenn du wirklich bereit bist, zu reagieren, bereit bist, n\u00f6tigenfalls die Umst\u00e4nde deines Lebens zu bewerten und zu \u00e4ndern, dann werden die Gro\u00dfen Strahlen auf dich fallen, als ob ein Leuchtfeuer oder ein Strahler ganz speziell auf dich gelenkt worden ist, nicht auf die Menschen rund um dich, nicht einmal auf die Person, die neben dir sitzt, nicht einmal auf deinen Ehemann oder deine Ehefrau oder deine Kinder, sondern auf dich.<\/p>\n<p>Damit beginnt dann ein Prozess der tieferen Abrechnung und Bewertung, ein Prozess der Einf\u00fchrung in vielen Stufen, ein Prozess, der einen gro\u00dfen Wendepunkt f\u00fcr dein Leben einleitet.<\/p>\n<p>Denn in Wahrheit wei\u00dft du nicht, wer du bist oder warum du hier bist oder was dich hierher gesandt hat, um hier zu wirken oder wen du hier treffen sollst, was du hier vermeiden sollst, was du hier leisten sollst, was die gro\u00dfen Gefahren deines Lebens jenseits deines Verst\u00e4ndnisses sind, was die gro\u00dfen M\u00f6glichkeiten f\u00fcr dein Leben jenseits deines Verst\u00e4ndnisses sind.<\/p>\n<p>Du hast eine Beziehung mit dem Engelsrat, der \u00fcber diese Welt und jeden in ihr wacht. Dies ist wesentlich daf\u00fcr, wer du bist und warum du hier bist, wozu du hierher gesandt worden bist, wen du treffen sollst, wohin du gehen musst. Es ist die gr\u00f6\u00dfere Reise deines Lebens, die darauf wartet, entdeckt und unternommen zu werden.<\/p>\n<p>Deine \u00dcberzeugungen, deine Ideologie, deine religi\u00f6sen Ansichten, deine spirituellen Bestrebungen stehen nur zu h\u00e4ufig dieser tieferen Erkenntnis im Weg, die nicht etwas von dieser Welt ist oder irgendetwas in dieser Welt, sondern dein Leben jenseits dieser Welt darstellt, woher du gekommen bist und wohin du zur\u00fcckkehren wirst, die Beziehungen, die prim\u00e4r f\u00fcr deine Existenz und deine Teilnahme an der Welt zu dieser Zeit sind.<\/p>\n<p>Die Gro\u00dfen Strahlen sind m\u00e4chtig, sie reichen tief in dich, umgehen deinen Intellekt und alle deine \u00dcberzeugungen und Vorstellungen, Erwartungen und Probleme und so weiter, als ob sie auf einen Teil von dir scheinen w\u00fcrden, den du im Leben kaum erfahren hast und mit dem du kaum vertraut bist\u2014etwas Uraltes, etwas, das du momentan hier und dort erfahren haben k\u00f6nntest, etwas Unver\u00e4nderliches, den unver\u00e4nderlichen Teil von dir.<\/p>\n<p>Dies ist Kommunikation ohne Worte. Es ist die Macht der Einf\u00fchrung, erzeugt von der Heerschar der Engel und dem Engelsrat, gerichtet nun auf ein Individuum, das den Zeitpunkt der Bereitschaft erreicht hat, nicht nur innerlich, sondern eine Bereitschaft, bei der etwas am \u00c4u\u00dferen getan werden muss, denn sollte diese Person diesen Zeitpunkt in ihrer Entwicklung und in ihrem Leben verpassen, k\u00f6nnte sie ihre Berufung vollst\u00e4ndig verpassen.<\/p>\n<p>Hier ist der Zeitpunkt kritisch, denn du hast nur so viel Zeit, um in Verzug zu geraten. Du hast nur so viel Zeit, um in der Welt verloren zu sein, bevor deine Gelegenheit umgangen wird und es zu sp\u00e4t f\u00fcr dich ist, zu reagieren. Du wei\u00dft nicht, wann das ist, aber die Engelpr\u00e4senz wei\u00df das. Kenntnis in dir wei\u00df es.<\/p>\n<p>Wenn du dich diesem kritischen Zeitpunkt in deinem Leben n\u00e4herst, wirst du dich noch \u00e4ngstlicher \u00fcber deine \u00e4u\u00dferen Umst\u00e4nde f\u00fchlen, noch st\u00e4rker zu etwas Mysteri\u00f6serem hingezogen, st\u00e4rker die eigenen Werte und Engagements in Frage stellend, noch unwohler und unzufriedener mit deinen Umst\u00e4nden, sogar wenn sie erfreulich sind, sogar wenn sie anscheinend vorteilhaft sind. Du wirst ruheloser. Du magst versuchen, diese Ruhelosigkeit mit mehr Besitzt\u00fcmern, mehr Aktivit\u00e4ten, mehr Erholung, sogar mehr Spiritualit\u00e4t zu f\u00fcllen, aber du erreichst eine Zeit der Bereitschaft. Es geschieht auf einer tieferen Ebene, jenseits des Reichs und der Reichweite des Intellekts.<\/p>\n<p>Die Pr\u00e4senz wacht sorgf\u00e4ltig \u00fcber dich, um zu sehen, wie du reagieren wirst. Wirst du deine Erfahrung leugnen? Wirst du deiner Erfahrung widerstehen? Wirst du versuchen, dich wieder in einer Romanze zu verlieren oder einer anderen Art von Besch\u00e4ftigung in der Welt oder gar einer so erbaulichen Besch\u00e4ftigung wie einem gro\u00dfen sozialen Problem oder einer politischen Kampagne? Hierbei geht es um etwas ganz anderes.<\/p>\n<p>Zu dieser Zeit ist es so wichtig, empf\u00e4nglich zu sein, inneres Zuh\u00f6ren zu praktizieren, auf etwas Tieferes zu h\u00f6ren, ohne zu Schlussfolgerungen zu gelangen, sich in dieser Weise zu orientieren. Denn wenn die Gro\u00dfen Strahlen auf dich gerichtet sind, wird es dein Leben so ersch\u00fcttern und dich ver\u00e4ndern. Es ist, als ob du vom Blitz getroffen wirst.<\/p>\n<p>Diese Erfahrung kann tief im Inneren erfolgen, aber sie kann auch durch das Eintreffen bestimmter Leute erfolgen, die hier sind, dich aus deiner Vergangenheit herauszurufen und Teil deiner Vorbereitung auf ein zuk\u00fcnftiges gr\u00f6\u00dferes Leben zu sein. In jedem Fall wird es ein Prozess einer tiefen Ver\u00e4nderung und Selbstbewertung sein, der dann so stark ist, dass man ihn einfach nicht leugnen kann oder denken kann, dass es etwas anderes ist, denn er wird anscheinend \u00fcber dich hereinbrechen und du wirst ihm nachgeben m\u00fcssen.<\/p>\n<p>Die Engelspr\u00e4senz wacht \u00fcber dich, um zu sehen, ob du dies tun kannst, ob du die Einf\u00fchrung empfangen kannst und durch einen langen und unerkl\u00e4rlichen Prozess gehen kannst, den dies erfordern wird. Du kannst diesen Prozess nicht steuern, du kannst dich nur darauf konzentrieren und das wird alle Selbstdisziplin und alles Mitgef\u00fchl gegen\u00fcber dir selbst erfordern, so dass du damit fertig wirst.<\/p>\n<p>Die Menschen k\u00f6nnen an diesem schicksalhaften Moment mit gro\u00dfer Konsequenz scheitern. Es hat etwas mit der Gegenwart bestimmter anderer Personen in deinem Leben zu tun, die eine entscheidende Rolle in deinem gr\u00f6\u00dferen Werk und deinem Zweck hier spielen. Es kann die Zeit f\u00fcr dich sein, ihnen zu begegnen. Sie k\u00f6nnen nach dir rufen. Die Zeit eurer Begegnung n\u00e4hert sich und ihr m\u00fcsst in der Lage sein, zu reagieren.<\/p>\n<p>Du hast diese Gelegenheiten nicht jederzeit. Sage dir nicht, dass die Einf\u00fchrung jederzeit geschehen kann, denn dies ist wirklich \u00fcberhaupt nicht wahr. Du hast bestimmte Gelegenheiten im Leben aufgrund der N\u00e4he jener Personen, die wesentlich f\u00fcr deinen Erfolg sein werden und aufgrund deiner eigenen Entwicklung und des Grades der Aufrichtigkeit gegen\u00fcber dir selbst. Damit du so gerufen wirst, musst du vorbereitet sein, diese Erfahrung anzunehmen und dich dem Vorbereitungsprozess zu unterwerfen, der sehr tief und sehr innerlich ist. Du musst in der Lage sein, auf jene zu reagieren, die in dein Leben kommen, die dich einf\u00fchren werden, um ein Teil dieses gro\u00dfen Wendepunktes zu sein.<\/p>\n<p>Dies ist v\u00f6llig jenseits deiner pers\u00f6nlichen Pl\u00e4ne und der eigenen Bewertung. Du magst denken oder f\u00fchlen, dass du f\u00fcr etwas Gr\u00f6\u00dferes vorgesehen bist und dieses Gef\u00fchl bereits seit sehr langer Zeit gehabt hast. Aber Wir sprechen von etwas von weit gr\u00f6\u00dferer Potenz und Gr\u00f6\u00dfenordnung.<\/p>\n<p>Wenn die Gro\u00dfen Strahlen auf dich gerichtet sind, wenn es eine Zeit des gro\u00dfen Wandels ist, wenn deine Zeit gekommen ist, die Zeit, auf die du dich nicht wissentlich vorbereitet hast. wenn jene Zeit gekommen ist, dann musst du bereit sein, zu empfangen, und du musst bereit sein, durch einen Zeitraum gro\u00dfer Verwirrung und Ungewissheit zu gehen.<\/p>\n<p>In der heutigen Welt ist der neue Bote Gottes hier und bringt eine Neue Botschaft von Gott in die Welt. Wenn du ihn treffen sollst und damit dieses Treffen wirklich wirksam ist, musst du dich in dieser Weise vorbereiten oder du wirst denken, dass er nur eine weitere Person ist, die gro\u00dfe Anspr\u00fcche erhebt. Du wirst ihn auf pers\u00f6nlicher Ebene bewerten wie du derzeit Personen bewertest. Du wirst nicht sehen. Du wirst nicht wissen. Du wirst nicht erkennen, dass dies die gr\u00f6\u00dfte Begegnung ist, die du wahrscheinlich in deinem ganzen Leben haben wirst. Wenn du sie verpasst, dann ist sie verpasst.<\/p>\n<p>Gott m\u00f6chte, dass du zu deinem h\u00f6heren Zweck erwachst und den gro\u00dfen Segen vom Engelsrat erh\u00e4ltst. die Gro\u00dfen Strahlen. Aber das bedeutet nicht, dass du diese Begegnung erleben wirst. Das bedeutet nicht, dass du in dem kritischen Moment h\u00f6ren und sehen und wissen kannst , wo die Erkenntnis eintreten muss. Das bedeutet nicht, dass dein Erfolg sichergestellt ist. Das bedeutet nicht, dass du bereit ist, es willst und in der Lage dazu bist. Wenn du eine Bestimmung mit dem Boten hast, musst du dich darauf vorbereiten, beiseitelegen, was nicht vorw\u00e4rts gehen kann, annehmen, was wesentlich f\u00fcr deinen Erfolg ist, dein Gef\u00fchl f\u00fcr Integrit\u00e4t, Selbstaufrichtigkeit aufbauen, dein Leben bewerten, um zu sehen, was wirklich echt ist und eine Bestimmung hat und was nicht, du musst dich dem Verlust stellen, n\u00f6tigenfalls Dinge aufgeben, dich von Menschen aus deiner fr\u00fcheren Investition in Menschen, Orte und Dinge n\u00f6tigenfalls entfernen.<\/p>\n<p>Wenn dieses Leben vor\u00fcber ist und du zu deiner Spirituellen Familie zur\u00fcckkehrst, dann wird sie nur eine Frage an dich haben, n\u00e4mlich ob du deine heilige Begegnung im Leben gemacht hast und der Welt deine Geschenke \u00fcbergeben hast. In jenem Moment wirst du mit absoluter Klarheit wissen, ob du das gemacht hast oder nicht. Es gibt hier keine Bestrafung, aber das Gewicht des Fehlschlags ist gro\u00df. Es bedeutet, dass du es erneut versuchen musst und den ganzen Prozess erneut durchlaufen musst. Das sollte Anreiz genug sein, um die meisten Menschen zu ermutigen, fortzuschreiten.<\/p>\n<p>Wenn du zu Gott betest, dann bete nicht um kleine Dinge, kleine Vorteile oder Erlass. Bete darum, dass Kenntnis stark in dir wird. Bete, dass du die Nachsicht und die Selbstdisziplin hast, deine \u00e4ngstlichen und reaktion\u00e4ren Tendenzen zur\u00fcck zu halten. Bete darum, dass jene, auf die du treffen sollst, dich in der Welt finden k\u00f6nnen. Bete darum, dass du bereit f\u00fcr sie sein wirst, wenn sie ankommen, dass du erkennen wirst, dass du nun ein Zusammentreffen von gr\u00f6\u00dferer Bedeutung hast, ohne zu versuchen, vollst\u00e4ndig zu verstehen, was es bedeutet oder was es erfordern wird.<\/p>\n<p>Menschen, die gerufen werden, werden aus ihren fr\u00fcheren Umst\u00e4nden herausgerufen und auf eine andere Art von Leben vorbereitet. Jeder hat einen h\u00f6heren Zweck daf\u00fcr, zu dieser Zeit in der Welt zu sein, aber nicht viele sind bereit, ihre Berufung zu empfangen. Sie sind nicht bereit, die Gro\u00dfen Strahlen zu empfangen.<\/p>\n<p>Die Zukunft der Welt h\u00e4ngt davon ab, dass genug Menschen ihre Berufung empfangen und ihren Beitrag an die Welt leisten und sich einem gro\u00dfen und gef\u00e4hrlichen Wandel stellen, einer Welt, die mit der Gr\u00f6\u00dferen Gemeinschaft des Lebens im Universum konfrontiert wird, einer Welt, die mit wirtschaftlichem Verfall, Zerst\u00f6rung der Umwelt, einem Klimawandel konfrontiert wird, einer Welt, die riskiert, von innen zusammenzubrechen und der eine Intervention von au\u00dfen droht. Dies ist die Welt, zu der du gekommen bist, ihr zu dienen. Es ist kein Zufall, dass du hier zu dieser Zeit bist.<\/p>\n<p>Der Segen ist mit dir, aber du bist nicht mit dem Segen. Die Berufung wartet auf dich, aber du bist mit anderen Dingen besch\u00e4ftigt, in jedem Moment besorgt. Die Engelspr\u00e4senz wacht \u00fcber dich, aber deine Augen sind auf den Boden gerichtet. Du betest um Frieden und Gl\u00fcck und g\u00fcnstige Umst\u00e4nde, ohne zu erkennen, dass du in Wirklichkeit zu etwas anderem hier bist. Du betest zum Himmel, dass dein Zustand der Trennung zufriedenstellend und erf\u00fcllend ist, was nie der Fall sein kann.<\/p>\n<p>Der Engelsrat wartet darauf, dass du erkennst, dass dein Leben ohne deinen h\u00f6heren Zweck und deine Berufung nur ein beunruhigender Traum ist. Du kannst hier keine Erf\u00fcllung finden, egal, was du machst, denn du bist hier zu einem h\u00f6heren Zweck und das Bed\u00fcrfnis der Seele ist, dass dieser Zweck verwirklicht und in der Welt ausgedr\u00fcckt wird. Wenn du kein gr\u00f6\u00dferes Wesen mit einer gr\u00f6\u00dferen Herkunft und einer gr\u00f6\u00dferen Bestimmung w\u00e4rest, w\u00e4re dies nicht der Fall. Du w\u00e4rest einfach eine intelligente Kreatur, die auf der Oberfl\u00e4che der Welt lebt und versucht, in Sicherheit zu leben, die versucht, mit dem gl\u00fccklich zu sein, was sie hat und immer mehr m\u00f6chte.<\/p>\n<p>Aber du bist ein gr\u00f6\u00dferes Wesen mit einer gr\u00f6\u00dferen Herkunft und einer gr\u00f6\u00dferen Bestimmung und die Berufung wartet auf dich, dass du an den Punkt der Erkenntnis und Bereitschaft kommst. Dies sendet ein Signal an die Engelspr\u00e4senz, dass du wirklich bereit bist, und dass der Prozess beginnen muss. Wenn du diese Erkenntnis in dir nicht erzeugen kannst, dann wird sie f\u00fcr dich erzeugt, weil dein Leben den kritischen Punkt erreicht hat, dass die Berufung erfolgen muss, wenn sie jemals in diesem Leben erfolgen soll. Dies kann extrem st\u00f6rend sein und die Chance eines Scheiterns wird hier gr\u00f6\u00dfer sein. Es gibt keine Sicherheit du wirst die Bedeutung verstehen, wenn es geschieht. Es gibt keine Sicherheit, dass du dem folgst, dem du folgen musst, und zur\u00fccktrittst von dem, von dem du zur\u00fccktreten musst.<\/p>\n<p>In einem Universum intelligenten Lebens mit zahllosen Rassen von Wesen fallen die Gro\u00dfen Strahlen auf jene, die reagieren k\u00f6nnen und die reagieren m\u00fcssen. Es ist ein gro\u00dfer Plan f\u00fcr ein Universum, das so weit jenseits dessen ist, was du dir vorstellen kannst. Du kannst es nicht begreifen. Es wird dich erkennen lassen, dass deine fr\u00fcheren Vorstellungen entweder hoffnungslos falsch oder in hohem Ma\u00df unangemessen waren, um die wahre Situation in deinem Leben anzusprechen.<\/p>\n<p>Deshalb musst du Demut haben und eine Korrektur erhalten, ohne dich selbst zu missbrauchen. Du musst deinem Leben gestatten, von Kenntnis umgeformt zu werden, ohne zu versuchen, es selbst umzuformen. Es ist eine solch andere Art des Seins. Es ist eine solch andere Beziehung zu dir und zu anderen. Es ist der Beginn eines gr\u00f6\u00dferen Lebens f\u00fcr dich.<\/p>\n<p>M\u00f6ge Gott auf dich scheinen und dich aus deinen gest\u00f6rten Tr\u00e4umen herausrufen, heraus aus den Schatten der Vergangenheit, heraus aus dem Elend der Gegenwart. Bete darum, aber in der Zwischenzeit bereite dich vor, indem du wirklich ehrlich in Bezug auf deine Situation, deine Kontakte, deine Engagements und deine Verpflichtungen bist.<\/p>\n<p>Du kannst nicht passiv sein im Hinblick auf diese gro\u00dfe Berufung, du musst das Fundament bauen, du musst dich anstrengen, du musst Mut haben, du musst die Risiken eingehen, denn das wird dich stark und m\u00e4chtig in der Welt machen und dir zeigen, wo sich die St\u00e4rke deiner Integrit\u00e4t und deines Mutes befindet.<\/p>\n<p>H\u00f6re heute diese Worte, denn sie kommen aus der Quelle allen Lebens. Bereite dich auf den Boten in der Welt vor, denn es ist sehr wahrscheinlich, dass du eine Bestimmung mit ihm hast. Verstehe, dass du in einer Zeit der Offenbarung lebst, und dass es eine Menge damit zu tun hat, was in deinem Leben geschah und mit deinen tiefen Neigungen f\u00fcr die Zukunft.<\/p>\n","protected":false},"excerpt":{"rendered":"<p>Die Macht und die Pr\u00e4senz wachen \u00fcber dich und alle Menschen der Welt und warten auf jene, die bereit sind, warten auf jene, die bereit sind, aus ihrem tiefen Schlaf des Wunschdenkens und der Entt\u00e4uschung aufzuwachen, wachen \u00fcber die Welt und warten auf jene, die Freiheit suchen\u2014nicht nur eine \u00e4u\u00dfere Freiheit, sondern eine innere Freiheit\u2014warten\u2026 <a class=\"read-more\" href=\"https:\/\/www.v6.newmessage.org\/de\/about-recording-shortcode\/\"><span>Read More<\/span><\/a><\/p>\n","protected":false},"author":8,"featured_media":0,"parent":27720,"menu_order":0,"comment_status":"closed","ping_status":"closed","template":"template-leftsidebar.php","meta":{"_monsterinsights_skip_tracking":false,"_monsterinsights_sitenote_active":false,"_monsterinsights_sitenote_note":"","_monsterinsights_sitenote_category":0,"footnotes":""},"categories":[76,501],"tags":[699,712,711,609,700],"_links":{"self":[{"href":"https:\/\/www.v6.newmessage.org\/de\/wp-json\/wp\/v2\/pages\/27318"}],"collection":[{"href":"https:\/\/www.v6.newmessage.org\/de\/wp-json\/wp\/v2\/pages"}],"about":[{"href":"https:\/\/www.v6.newmessage.org\/de\/wp-json\/wp\/v2\/types\/page"}],"author":[{"embeddable":true,"href":"https:\/\/www.v6.newmessage.org\/de\/wp-json\/wp\/v2\/users\/8"}],"replies":[{"embeddable":true,"href":"https:\/\/www.v6.newmessage.org\/de\/wp-json\/wp\/v2\/comments?post=27318"}],"version-history":[{"count":4,"href":"https:\/\/www.v6.newmessage.org\/de\/wp-json\/wp\/v2\/pages\/27318\/revisions"}],"predecessor-version":[{"id":28389,"href":"https:\/\/www.v6.newmessage.org\/de\/wp-json\/wp\/v2\/pages\/27318\/revisions\/28389"}],"up":[{"embeddable":true,"href":"https:\/\/www.v6.newmessage.org\/de\/wp-json\/wp\/v2\/pages\/27720"}],"wp:attachment":[{"href":"https:\/\/www.v6.newmessage.org\/de\/wp-json\/wp\/v2\/media?parent=27318"}],"wp:term":[{"taxonomy":"category","embeddable":true,"href":"https:\/\/www.v6.newmessage.org\/de\/wp-json\/wp\/v2\/categories?post=27318"},{"taxonomy":"post_tag","embeddable":true,"href":"https:\/\/www.v6.newmessage.org\/de\/wp-json\/wp\/v2\/tags?post=27318"}],"curies":[{"name":"wp","href":"https:\/\/api.w.org\/{rel}","templated":true}]}}