{"id":27313,"date":"2017-05-01T03:07:47","date_gmt":"2017-05-01T03:07:47","guid":{"rendered":"http:\/\/www.newmessage.org\/german-international\/?page_id=27313"},"modified":"2019-03-26T09:28:26","modified_gmt":"2019-03-26T09:28:26","slug":"die-lampe","status":"publish","type":"page","link":"https:\/\/www.v6.newmessage.org\/de\/die-botschaft\/weitere-offenbarungen\/die-lampe\/","title":{"rendered":"Die Lampe"},"content":{"rendered":"<div><!-- Version 3.1 --><\/div>\n\n<div class=\"tabgroup \"><ul class=\"tabs\"><li><a href=\"#tabs-1\">H\u00f6re<\/a><\/li>\n<li><a href=\"#tabs-2\"> Anmerkung<\/a><\/li><\/ul>\n <div id=\"tabs-1\"><\/p>\n<p>H\u00f6re die Stimme der Offenbarung:<\/p>\n<div id=\"jquery_jplayer_1\" class=\"jp-jplayer\"><\/div>\n\t\t\t\t<div id=\"jp_container_1\" class=\"jp-audio\">\n\t\t\t\t<div class=\"jp-type-single\"><div class=\"jp-control\"><a href=\"javascript:;\" class=\"jp-play\" tabindex=\"1\">play<\/a><a href=\"javascript:;\" class=\"jp-pause\" tabindex=\"1\">pause<\/a><\/div> <div class=\"jp-gui jp-interface\"><div class=\"jp-volume\"><div class=\"jp-volume-bar\"><div class=\"jp-volume-bar-value\"><\/div><\/div><\/div><div class=\"jp-progress\"><div class=\"jp-seek-bar\"><div class=\"jp-play-bar\"><\/div><\/div><\/div><\/div>\t\t\t\t\t<div class=\"jp-no-solution\"><span>Update Required<\/span>To play the media you will need to either update your browser to a recent version or update your <a href=\"http:\/\/get.adobe.com\/flashplayer\/\" target=\"_blank\">Flash plugin<\/a>.<\/div><\/div><\/div>\n\t\t\t<script type='text\/javascript'>\n\t\t\t\tjQuery(document).ready(function() {\n\t\t\t\t\tif (typeof (sermonMedia) == 'function') {\n\t\t\t\t\t\tsermonMedia.addAudio('', \"jquery_jplayer_1\");\n\t\t\t\t\t}\n\t\t\t\t\tjQuery.jPlayer.timeFormat.showHour = true;\n\t\t\t\t\tjQuery(\"#jquery_jplayer_1\").jPlayer({\n\t\t\t\t\t\tready: function(event) {\n\t\t\t\t\t\t\tjQuery(this).jPlayer(\"setMedia\", {mp3: 'https:\/\/www.newmessage.org\/av\/the-lamp.mp3'});\n\t\t\t\t\t\t},\n\t\t\t\t\t\tplay: function() {\n\t\t\t\t\t\t\tjQuery(this).jPlayer(\"pauseOthers\");\n\t\t\t\t\t\t},\n\t\t\t\t\t\tswfPath: ThemeData.directory_uri+\"\/swf\",\n\t\t\t\t\t\tsolution: \"html, flash\",\n\t\t\t\t\t\tpreload: \"metadata\",\n\t\t\t\t\t\twmode: \"window\",\n\t\t\t\t\t\tsupplied: \"mp3\",\n\t\t\t\t\t\tcssSelectorAncestor: '#jp_container_1'\n\t\t\t\t\t});\n\t\t\t\t});\n\t\t\t<\/script><\/p>\n<p><a title=\"The Lamp\" href=\"https:\/\/www.newmessage.org\/av\/the-lamp.mp3\">Lade herunter<\/a> (Rechtsklick zum Herunterladen)<\/p>\n<p class=\"revelation_details\"><em> Wie offenbart Gottes Boten,<br \/>\nMarshall Vian Summers<br \/>\nam 16. Februar 2014 \u2013<br \/>\nin Boulder, Colorado<\/em><\/p>\n<div class=\"toggle toggle-white\"><h4 class=\"trigger \"><span class=\"t_ico\"><\/span><a href=\"#\">\u00dcber diese Aufzeichnung<\/a><\/h4><div class=\"toggle_container \"><br \/>\n<div id=\"yui_3_16_0_ym19_1_1467955126517_3327\" dir=\"ltr\"><span id=\"yui_3_16_0_ym19_1_1467955126517_3177\"><span id=\"yui_3_16_0_ym19_1_1467955126517_3178\">Was Du in dieser Audioaufzeichnung h\u00f6rst, ist die Stimme des Engelsrates, die durch den Boten Marshall Vian Summers spricht.<\/span><\/span><\/div>\n<div dir=\"ltr\"><span id=\"yui_3_16_0_ym19_1_1467955126517_3177\"><span id=\"yui_3_16_0_ym19_1_1467955126517_3178\">\u00a0<\/span><\/span><\/div>\n<div id=\"yui_3_16_0_ym19_1_1467955126517_3359\" dir=\"ltr\"><span id=\"yui_3_16_0_ym19_1_1467955126517_3177\"><span id=\"yui_3_16_0_ym19_1_1467955126517_3178\"> Hier wird die originale Mitteilung Gottes, die jenseits von Worten existiert, vom Engelsrat, der \u00fcber die Welt wacht, in menschliche Sprache und menschliches Verst\u00e4ndnis \u00fcbersetzt. Der Engelsrat bringt dann Gottes Botschaft \u00fcber den Boten dar.<br \/>\n<\/span><\/span><\/div>\n<div id=\"yui_3_16_0_ym19_1_1467955126517_3369\" dir=\"ltr\"><span id=\"yui_3_16_0_ym19_1_1467955126517_3177\"><span id=\"yui_3_16_0_ym19_1_1467955126517_3178\">\u00a0<\/span><\/span><\/div>\n<div id=\"yui_3_16_0_ym19_1_1467955126517_3370\" dir=\"ltr\"><span id=\"yui_3_16_0_ym19_1_1467955126517_3177\"><span id=\"yui_3_16_0_ym19_1_1467955126517_3178\">In diesem bemerkenswerten Prozess spricht die Stimme der Offenbarung erneut. Das Wort und der Ton sind in der Welt. Zum ersten Mal in der Geschichte ist f\u00fcr euch und f\u00fcr die Welt die Aufzeichnung der urspr\u00fcnglichen gesprochenen Offenbarung verf\u00fcgbar, um erfahren zu werden.<br \/>\n<\/span><\/span><\/div>\n<div id=\"yui_3_16_0_ym19_1_1467955126517_3436\" dir=\"ltr\"><span id=\"yui_3_16_0_ym19_1_1467955126517_3177\"><span id=\"yui_3_16_0_ym19_1_1467955126517_3178\">\u00a0<\/span><\/span><\/div>\n<div id=\"yui_3_16_0_ym19_1_1467955126517_3435\" dir=\"ltr\"><span id=\"yui_3_16_0_ym19_1_1467955126517_3177\"><span id=\"yui_3_16_0_ym19_1_1467955126517_3178\">M\u00f6gest du der  Empf\u00e4nger dieses Geschenks der Offenbarung werden und m\u00f6gest du dich \u00f6ffnen, um diese einmalige Botschaft f\u00fcr dich und f\u00fcr dein Leben zu empfangen.<\/span><\/span><\/div>\n<br \/>\n<\/div><\/div><br \/>\n<\/div>\n<div id=\"tabs-2\"><br \/>\n<em> Anmerkung an den Leser:<br \/>\nDiese \u00dcbersetzung wurde der Society von einem Sch\u00fcler der Neuen Botschaft verf\u00fcgbar gemacht, der den englischen Originaltext als Freiwilliger \u00fcbersetzt hat. Wir stellen diese \u00dcbersetzung in dieser fr\u00fchen Form zur Verf\u00fcgung, damit jeder Gelegenheit hat, sich mit einem Teil der Neuen Botschaft in seiner eigenen Sprache zu befassen.<\/em><br \/>\n<\/div>\n\t\t\t\t<div align=\"right\">\n\t\t\t<div class=\"fb-like\" data-href=\"\" data-layout=\"button_count\" data-action=\"like\" data-show-faces=\"false\" data-share=\"false\"><\/div>\n\t\t\t<div class=\"fb-share-button\" data-layout=\"button_count\"> <\/div>\n\t\t\t<div class=\"fb_iframe_widget\"><a href=\"https:\/\/twitter.com\/godsnewmessage?ref_src=twsrc%5Etfw\" class=\"twitter-follow-button\" data-show-count=\"false\">Follow @godsnewmessage<\/a><script async src=\"https:\/\/platform.twitter.com\/widgets.js\" charset=\"utf-8\"><\/script><\/div>\n\t\t\t<\/div> <\/div> \n\n<p>Sicherlich tr\u00e4gst du eine gro\u00dfe Lampe in dir, eine Lampe, die immer brennt, immer leuchtet, immer strahlt, weil sie durch nichts in dieser Welt ausgel\u00f6scht werden kann \u2013 eine Lampe, rein, immer brennend, verstehst du, immer an. Sie hat in dir gebrannt, bevor du in diese Welt kamst. Sie wird brennen, wenn du einst diese Welt verl\u00e4sst. Es ist das Licht des Lebens in dir, das dir Gott f\u00fcr immer gegeben hat.<\/p>\n<p>In diesem vor\u00fcbergehenden Leben, w\u00e4hrend dieses Besuchs auf Erden, ist die Lampe tief in dir \u2013 vergessen, bedeckt durch einen Schleier, sodass, wenn du deine Augen schlie\u00dft, es innen dunkel ist, als ob nichts da ist, um das innere Leben zu erleuchten. Aber das Feuer brennt immer noch in dir, obwohl du es noch nicht ausreichend f\u00fchlst oder erkennst. Das Feuer ist in dir, weil du am Leben bist.<\/p>\n<p>Woher kommt das, was am Leben ist, dieses Feuer? Wenn es nur das Feuer deines K\u00f6rpers w\u00e4re, w\u00fcrde es einst enden, wenn dein Leben vorbei ist, aber dieses Feuer endet nicht. Es wird nicht ausgel\u00f6scht mit dem Verlust des K\u00f6rpers, denn wenn du diese Welt verl\u00e4sst, ist es, als ob du von einem langen Traum erwachst und du kehrst zur\u00fcck zu jenen, die dich gesandt haben. Und du wei\u00dft, dass du irgendwo gewesen bist und du hast bestimmte Erinnerungen, aber der Ort, zu dem du zur\u00fcckkehren wirst, ist so sehr vertraut, weit vertrauter als alles, woran du dich hier auf Erden erinnern kannst.<\/p>\n<p>Die Lampe ist in dir. Ihr Beweis ist, dass du am Leben bist. Ihr Beweis ist, dass du verbunden bist mit etwas viel Gr\u00f6\u00dferem, als was deine Sinne feststellen k\u00f6nnen. Ihr Beweis ist, dass du tief in dir zu einem H\u00f6heren Zweck hier bist. Wenn dein Leben in dieser Welt vor\u00fcbergehend w\u00e4re, w\u00fcrde es keinen H\u00f6heren Zweck geben. Dein einziger Zweck w\u00fcrde sein, zu \u00fcberleben, es bequem zu haben und bestimmte W\u00fcnsche und Bed\u00fcrfnisse erf\u00fcllt zu haben. Aber dies ist eine andere Art von Zweck, eingeleitet, bevor du in diese Welt kamst, und der \u00fcberpr\u00fcft wird, wenn du diese Welt einst verl\u00e4sst, denn dies ist eigentlich der einzige Tag des J\u00fcngsten Gerichts. Es gibt da keine Verdammung. Es gibt nur eine Kl\u00e4rung, ob du deine Mission hier auf Erden ausreichend erf\u00fcllt hast. Es gibt da keine H\u00f6lle und Verdammnis oder Bestrafung. Aber es gibt ein perfektes Verst\u00e4ndnis dessen, was erreicht wurde und was nicht erreicht wurde.<\/p>\n<p>Dein H\u00f6herer Zweck kann dann nur wirklich sein, wenn er von jenseits der Welt eingeleitet wurde und wenn er von jenseits der Welt \u00fcberpr\u00fcft werden kann. Du kannst ihn nicht \u00fcberpr\u00fcfen. Du bist mittendrin. Es ist, als ob du mitten im Ozean bist. Nun, du hast mit allem rund um dich zu tun. Du hast nicht das andere Ufer erreicht. Du treibst und schwimmst.<\/p>\n<p>Die einzige Sicherheit, die du im Leben hast, ist die Lampe. Sie ist das Einzige, was unersch\u00fctterlich, unerschrocken, unver\u00e4nderlich in dir ist. Du kannst sie nicht nach deinen W\u00fcnschen oder deinen Pl\u00e4nen ausrichten. Du kannst sie nicht verwenden, um dich zu bereichern. Du kannst sie nicht verwenden, um Wunder auszuf\u00fchren oder Tricks, um andere zu beeindrucken. Sie ist in dieser Hinsicht jenseits deiner Reichweite. Es ist die Lampe, die dich f\u00fchren muss, denn du kannst sie nicht f\u00fchren. Es ist die Lampe, die dich lenken muss, denn du kannst sie nicht lenken. Es ist die Lampe, die dich erl\u00f6sen wird, denn du kannst dich nicht selbst erl\u00f6sen.<\/p>\n<p>In dieser Lampe ist das Feuer der Kenntnis \u2013 der tiefere Verstand, der Teil von dir, der Gott niemals verlassen hat und noch immer mit der Sch\u00f6pfung jenseits des sichtbaren Bereichs verbunden ist. Sei religi\u00f6s oder nicht religi\u00f6s. Glaube oder glaube nicht. Es entscheidet nur, ob du f\u00e4hig bist, die Macht, die in dir lebt, zu erkennen und dieser Macht zu folgen, ihr zu erlauben, dein Leben und deine Priorit\u00e4ten neu zu formen, ihr zu erlauben, dich von den Schatten und den Banden der Vergangenheit zu befreien, ihr zu erlauben,vor dir den Weg zu einem neuen Leben zu er\u00f6ffnen.<\/p>\n<p>Sie ist nur hier, damit du zu sehen beginnst, dass, wer du bist, nicht dein Verstand ist oder dein Intellekt, und dass deine Vorstellungen dir entweder dienen oder es nicht tun, da sie ein Mittel zu einem H\u00f6heren Zweck sind. Hier siehst du, dass, wer du bist, etwas viel Tieferes, viel Machtvolleres, Echteres und viel Reineres ist.<\/p>\n<p>Menschen leben in ihren Gedanken, da sie in der Trennung leben, denn warum kannst du die Lampe nicht f\u00fchlen? Wie kannst du getrennt davon sein, scheinbar? Wie kann es sein, dass du entfremdet von dir selbst bist, lebend in deinem Verstand, deinen Gedanken, deinen Pl\u00e4nen, deinen Erinnerungen, deinem Verlangen, deinen Fantasien, deinen Projektionen \u2013 alles, was dich jede Minute des Tages vereinnahmt, w\u00e4hrend du so besch\u00e4ftigt und gefangen bist, dass du nicht einen Moment zum Nachdenken hast?<\/p>\n<p>Die Lampe wartet, siehst du, sie wartet auf dich, dass du zu ihr kommst, nicht mit Forderungen oder Programmen oder Pl\u00e4nen, sondern mit einem reinen Bedarf nach ihr und der Erkenntnis, dass du dich nicht selbst erf\u00fcllen kannst, ganz gleich, was du erwirbst oder welchen Vorteil zu erlangen du f\u00e4hig bist . Die Lampe wartet nur.<\/p>\n<p>Du magst zu Gott um Vieles beten \u2013 immer fragend, immer wollend, immer brauchend \u2013 aber Gott hat dir bereits alles gegeben, wirklich. Gott hat dir die Lampe gegeben. Es ist die Lampe, die dich lenken wird, die dich von Dingen zur\u00fcckhalten wird, die ungesund f\u00fcr dich sind oder deinen Fortschritt verhindern. Es ist die Lampe, die bestimmte Menschen zu dir rufen wird und dich von anderen abziehen wird. Es ist die Lampe, die dir die wahre Bedeutung von Liebe, Verpflichtung, Beziehung und Hingabe zeigen wird. Es ist nur die Lampe, die dies tun kann. Verglichen damit, sind deine Glaubensvorstellungen und sogar deine scheinbar h\u00f6chsten Werte nichts als nur Schatten, da die wahre Macht der Offenbarung in dir ist, weil Gott sie dorthin gegeben hat.<\/p>\n<p>Du kannst dich nur versp\u00e4ten. Du kannst nur vermeiden. Du kannst nur in der Welt verloren sein mit deinen endlosen Pl\u00e4nen nach Erf\u00fcllung, aber das, was dich wirklich wiederherstellen und erl\u00f6sen k\u00f6nnte, wartet auf dich, dass du darauf zukommst, mit Demut und Geduld und Entschlossenheit.<\/p>\n<p>Die Lampe ist das Symbol der Hoffnung und des Versprechens. Sie ist das Symbol der fortw\u00e4hrenden Natur Gottes. Sie ist sogar etwas, was die Menschen als ein Symbol oder als ein Idol anbeten m\u00f6gen. Aber ihre wahre Bedeutung und Wirksamkeit wohnt in dir, weil die Lampe nicht ein Gegenstand ist, den du preisen oder anbeten kannst. Sie ist nicht ein religi\u00f6ses Zeichen, gefordert von einem Glauben allein. Es ist die Lampe, die in jeder Person lebt \u2013 wartend auf sie, dass sie kommt, wartend auf sie, dass sie zur\u00fcckkehrt, wartend auf sie, dass sie das sucht, was alleine sie wiederherstellen kann und ihr Macht, Demut und Mitgef\u00fchl geben kann.<\/p>\n<p>Die Welt ist in Flammen. Sie ist brennt zunehmend, mit jedem vergehendem Tag. Die Gro\u00dfen Wellen des Wandels kommen nun und schlagen hier und dort und dort dr\u00fcben und dort weiter dr\u00fcben und weiter und weiter zu. Unerbittlich ist es, aber es ist erst  der Beginn des Gro\u00dfen Wandels. Die Menschen werden \u00fcberw\u00e4ltigt sein. Sie werden es leugnen. Sie werden weglaufen. Sie werden so tun als ob. Alle Arten der T\u00f6richtheit werden erwachen. Sie werden behaupten, es k\u00f6nne alles mit einfachen Mitteln gel\u00f6st werden \u2013 durch Technologie oder durch eine andere Kraft. Sie haben noch nicht den Mut, zu schauen, was kommt, weil sie nicht die Lampe haben.<\/p>\n<p>Ohne die Lampe ist dein Mut t\u00f6richt, wenn er \u00fcberhaupt existiert. Du magst denken, dass Mut ist, dein Leben f\u00fcr ein politisches Ziel wegzuwerfen oder f\u00fcr eine noble Sache, die in ihrer Natur destruktiv ist. Aber der wahre Mut ist, zu schauen und zu sehen, was immer es ist, was kommt, und es ist die Lampe, die dir diese St\u00e4rke gibt. Hier wartest du darauf, dass sich das Verst\u00e4ndnis bildet, statt es f\u00fcr dich zu beanspruchen \u2013 erbaut auf schwachen Annahmen und t\u00f6richten Vorstellungen, die niemals wirklich \u00fcberpr\u00fcft worden sind.<\/p>\n<p>Ohne die Lampe sind die Menschen schwach. Sie sind t\u00f6richt. Sie vereinfachen. Sie h\u00e4ngen an bestimmten Ideen, weil sie noch nicht die St\u00e4rke haben, den Mut oder die Kraft, um sich so etwas wirklich Gro\u00dfes und Signifikantes anzusehen, das \u00fcber die ganze Welt fegen wird, das deine Welt ver\u00e4ndern wird und sie sogar in diesem Moment ver\u00e4ndert.<\/p>\n<p>Die Menschheit steht einer Intervention von Rassen im Universum gegen\u00fcber , die hier sind, um menschliche Schw\u00e4che, Erwartungen und Konflikt auszunutzen. Aber ohne die Lampe kannst du auch dies nicht sehen. Du wirst vorgeben, dass es nicht passiert, oder, wenn du dies nicht l\u00e4nger vorgeben kannst, wirst du vorgeben, dass alles zum Guten geschieht, dass das Universum besonders am Wohlergehen der Menschheit interessiert ist. Du wirst hier und dort etwas vorgeben, weil du noch nicht die St\u00e4rke hast, dies zu sehen, das andere gro\u00dfe Ereignis, das in der Welt geschieht, das die Zukunft der Menschheit neu formen wird und es sogar in diesem Moment tut.<\/p>\n<p>Ohne die Lampe ist es sogar schwierig, die Wahrheit \u00fcber dein eigenes Leben und deine Umst\u00e4nde zu \u00e4u\u00dfern und zu betrachten, ob du das Leben lebst, das wirklich f\u00fcr dich gedacht war. Die Antwort dazu lebt in diesem Moment in dir, aber wer hat den Mut, sie zu betrachten und anzusehen und mit ihr zu verweilen, bis sich ein Pfad \u00f6ffnen kann, ein Pfad der Erl\u00f6sung?<\/p>\n<p>Du kannst die Lampe nicht einfordern und sie zu deinem Vorteil verwenden, da sie gr\u00f6\u00dfer ist als du, gr\u00f6\u00dfer als wer du zu sein glaubst, und gr\u00f6\u00dfer als alles, was du in dein Leben investiert hast, gr\u00f6\u00dfer als alles, was du f\u00fcr dich erworben hast. Du kannst nur mit einer ehrlichen Bitte zu ihr kommen. Hier musst du gewillt sein, ihren Rat zu empfangen und ihren Empfehlungen zu folgen, was dir im Moment noch unbekannt ist. Es ist diese Demut und diese Bereitschaft, die eine Botschaft zum Himmel senden, dass du bereit bist, die R\u00fcckkehr zu beginnen. Du bist bereit, nun die Ann\u00e4herung an ein neues Leben zu beginnen und \u00fcber die Br\u00fccke zu gehen, die du wirst beschreiten m\u00fcssen, Schritt f\u00fcr Schritt, um dieses neue Leben zu erreichen, um darin erfolgreich zu leben.<\/p>\n<p>In diesem Moment kannst du dir nur vorstellen, dass da eine Lampe in dir brennt und es ist gesund f\u00fcr dich, dies zu tun. Es ist nicht etwas, was du mit anderen Dingen verbinden kannst, anderen Religionen, anderen Ideen, da es rein ist, so wie es ist. Du magst dir vorstellen, es sei eine Lampe, da du verstehst, was eine Lampe ist. Das kann f\u00fcr dich nun hilfreich sein, um deinen Verstand zu erweitern, um dir Trost und Sicherheit zu geben, dass du nicht in dieser Welt verloren bist, dass dein Leben nicht verschwendet wurde an bedauerliche und bedeutungslose Dinge, dass dich eine H\u00f6here Macht erwartet, wenn du einmal bereit bist, dich anzun\u00e4hern.<\/p>\n<p>Ohne die Lampe versuchen die Menschen alle Dinge von Wert zu haben, sogar Dinge, die edel sind, sogar Dinge, \u00fcber die in den gro\u00dfen Predigten und Abhandlungen der Religion gepredigt wird \u2013 Wahrheit, Treue, Liebe, Selbstlosigkeit, Mut, Hingabe, Vergebung und alles, was mit diesen verbunden ist, welche bei vielen Menschen in solch hoher Wertsch\u00e4tzung gehalten werden, in allen Traditionen. Aber ohne die Lampe hast du nicht wirklich die St\u00e4rke, so etwas in einer ehrlichen und wirksamen Weise zu erreichen und zu erhalten. Du kannst nicht vorgeben, diese Qualit\u00e4ten zu haben, denn dabei wirst du in Zeiten von Zwang oder Herausforderung sicherlich versagen. Aber das, was in dir lebt, verk\u00f6rpert dies und ist die Quelle ihres wahren Ausdrucks. Du kannst es getrennt davon nicht herstellen oder verursachen oder es ist eher eingebildet, verstehst du? Es ist nicht das Zentrum deines Lebens. Es ist nicht die Quelle deines Wesens. Es hat nicht die Macht des Himmels in sich.<\/p>\n<p>Die Lampe ist wie der gro\u00dfe Eichenbaum am Berghang, allem widerstehend, jedem Wetter, dem Klima, der Katastrophe. Aber sie ist sogar gr\u00f6\u00dfer als dies, siehst du, da der Eichenbaum schlie\u00dflich sterben wird. Er wird irgendetwas schlie\u00dflich unterliegen \u2013 eingeholt von der Umwelt, von Krankheit oder hohem Alter. Aber die Lampe altert nie. Sie kann nicht ausgel\u00f6scht werden.<\/p>\n<p>Dies muss  dann deine Grundlage werden. Es ist mehr als eine Idee oder ein Bild. Es ist eine resonante Erfahrung in dir. Damit kannst du die Gro\u00dfen Wellen des Wandels ansehen und geleitet werden, wie du dich vorzubereiten hast, wie Stabilit\u00e4t zu schaffen ist, nicht nur f\u00fcr dich und deine Lieben, sondern eine Quelle der St\u00e4rke und Leitung f\u00fcr andere zu sein. Damit kannst du ein Universum voll von intelligentem Leben ansehen und Gottes Offenbarung empfangen, welche zum ersten Mal in der Geschichte offenbart, wie Leben im Universum, in eurem Teil des Universums, wirklich ist, und was du wissen musst, um f\u00e4hig zu sein, dich darauf vorzubereiten und es zu verstehen.<\/p>\n<p>Damit wirst du die Grenze deiner eigenen Vorstellungen sehen oder deiner fixen Glaubensvorstellungen, und du wirst mit gro\u00dfer Klarheit sehen, wie andere so tief mit diesen Dingen verbunden sind, die aber darunter keine wirkliche St\u00e4rke oder Macht haben. Da gibt es keine Grundlage. Du wirst so viele Dinge sehen, mit Mitgef\u00fchl. Du wirst Kenntnis in anderen sehen. Du wirst den Bedarf an Kenntnis \u00fcberall sehen. Und all Unsere Worte werden zum Schluss f\u00fcr dich perfekten Sinn machen, da du sehen wirst, dass sie \u00fcberall wahr sind.<\/p>\n<p>Gott hat f\u00fcr die Schritte zur Kenntnis gesorgt, um dich zur Lampe zu bringen. Sie wartet auf dich. Es wird eine sehr wichtige Beziehung werden, da alle Beziehungen im Leben gedacht sind, bestimmte Dinge zu erreichen. Deine Beziehung zu dem Pfad ist gedacht, bestimmte Dinge zu erreichen. Gott wei\u00df, dass du ohne die Lampe nicht die St\u00e4rke oder die Klarheit haben wirst, um zu verstehen und vorw\u00e4rtszukommen. Du wirst verloren gehen in der Welt, ein Opfer der Umst\u00e4nde, ein Opfer deiner eigenen unklugen Entscheidungen oder der unklugen Entscheidungen anderer, eingeholt wie von einer Flut, steigend und fallend mit den St\u00fcrmen auf dem Meer, in deinem kleinen Flo\u00df.<\/p>\n<p>Dies ist nicht dein Zweck und deine Bestimmung. Dies ist nicht, weshalb du gekommen bist. Aber um diese Dinge zu \u00fcberwinden, wirst du diese gr\u00f6\u00dfere St\u00e4rke brauchen. Du wirst deine Verbindung zum Himmel brauchen. Ob du in einer Glaubenstradition bist oder in keiner Glaubenstradition bist. Es ist, weil die Lampe in dir ist. Das ist das Wichtigste. <\/p>\n","protected":false},"excerpt":{"rendered":"<p>Sicherlich tr\u00e4gst du eine gro\u00dfe Lampe in dir, eine Lampe, die immer brennt, immer leuchtet, immer strahlt, weil sie durch nichts in dieser Welt ausgel\u00f6scht werden kann \u2013 eine Lampe, rein, immer brennend, verstehst du, immer an. Sie hat in dir gebrannt, bevor du in diese Welt kamst. Sie wird brennen, wenn du einst diese\u2026 <a class=\"read-more\" href=\"https:\/\/www.v6.newmessage.org\/de\/about-recording-shortcode\/\"><span>Read More<\/span><\/a><\/p>\n","protected":false},"author":8,"featured_media":0,"parent":27720,"menu_order":0,"comment_status":"closed","ping_status":"closed","template":"template-leftsidebar.php","meta":{"_monsterinsights_skip_tracking":false,"_monsterinsights_sitenote_active":false,"_monsterinsights_sitenote_note":"","_monsterinsights_sitenote_category":0,"footnotes":""},"categories":[76,501],"tags":[699,709,710,609,700],"_links":{"self":[{"href":"https:\/\/www.v6.newmessage.org\/de\/wp-json\/wp\/v2\/pages\/27313"}],"collection":[{"href":"https:\/\/www.v6.newmessage.org\/de\/wp-json\/wp\/v2\/pages"}],"about":[{"href":"https:\/\/www.v6.newmessage.org\/de\/wp-json\/wp\/v2\/types\/page"}],"author":[{"embeddable":true,"href":"https:\/\/www.v6.newmessage.org\/de\/wp-json\/wp\/v2\/users\/8"}],"replies":[{"embeddable":true,"href":"https:\/\/www.v6.newmessage.org\/de\/wp-json\/wp\/v2\/comments?post=27313"}],"version-history":[{"count":5,"href":"https:\/\/www.v6.newmessage.org\/de\/wp-json\/wp\/v2\/pages\/27313\/revisions"}],"predecessor-version":[{"id":28387,"href":"https:\/\/www.v6.newmessage.org\/de\/wp-json\/wp\/v2\/pages\/27313\/revisions\/28387"}],"up":[{"embeddable":true,"href":"https:\/\/www.v6.newmessage.org\/de\/wp-json\/wp\/v2\/pages\/27720"}],"wp:attachment":[{"href":"https:\/\/www.v6.newmessage.org\/de\/wp-json\/wp\/v2\/media?parent=27313"}],"wp:term":[{"taxonomy":"category","embeddable":true,"href":"https:\/\/www.v6.newmessage.org\/de\/wp-json\/wp\/v2\/categories?post=27313"},{"taxonomy":"post_tag","embeddable":true,"href":"https:\/\/www.v6.newmessage.org\/de\/wp-json\/wp\/v2\/tags?post=27313"}],"curies":[{"name":"wp","href":"https:\/\/api.w.org\/{rel}","templated":true}]}}