{"id":27255,"date":"2017-04-30T00:18:59","date_gmt":"2017-04-30T00:18:59","guid":{"rendered":"http:\/\/www.newmessage.org\/german-international\/?page_id=27255"},"modified":"2019-06-27T04:54:46","modified_gmt":"2019-06-27T04:54:46","slug":"die-reise-des-boten","status":"publish","type":"page","link":"https:\/\/www.v6.newmessage.org\/de\/die-botschaft\/band-1\/der-neue-bote\/die-reise-des-boten\/","title":{"rendered":"Die Reise des Boten"},"content":{"rendered":"<div><!-- Version 8.2 --><\/div>\n\n<div class=\"tabgroup \"><ul class=\"tabs\"><li><a href=\"#tabs-1\">H\u00f6re<\/a><\/li>\n<li><a href=\"#tabs-2\">\u00dcber diesen Text<\/a><\/li><\/ul>\n <div id=\"tabs-1\"><\/p>\n<p>H\u00f6re die Stimme der Offenbarung:<\/p>\n<div id=\"jquery_jplayer_1\" class=\"jp-jplayer\"><\/div>\n\t\t\t\t<div id=\"jp_container_1\" class=\"jp-audio\">\n\t\t\t\t<div class=\"jp-type-single\"><div class=\"jp-control\"><a href=\"javascript:;\" class=\"jp-play\" tabindex=\"1\">play<\/a><a href=\"javascript:;\" class=\"jp-pause\" tabindex=\"1\">pause<\/a><\/div> <div class=\"jp-gui jp-interface\"><div class=\"jp-volume\"><div class=\"jp-volume-bar\"><div class=\"jp-volume-bar-value\"><\/div><\/div><\/div><div class=\"jp-progress\"><div class=\"jp-seek-bar\"><div class=\"jp-play-bar\"><\/div><\/div><\/div><\/div>\t\t\t\t\t<div class=\"jp-no-solution\"><span>Update Required<\/span>To play the media you will need to either update your browser to a recent version or update your <a href=\"http:\/\/get.adobe.com\/flashplayer\/\" target=\"_blank\">Flash plugin<\/a>.<\/div><\/div><\/div>\n\t\t\t<script type='text\/javascript'>\n\t\t\t\tjQuery(document).ready(function() {\n\t\t\t\t\tif (typeof (sermonMedia) == 'function') {\n\t\t\t\t\t\tsermonMedia.addAudio('', \"jquery_jplayer_1\");\n\t\t\t\t\t}\n\t\t\t\t\tjQuery.jPlayer.timeFormat.showHour = true;\n\t\t\t\t\tjQuery(\"#jquery_jplayer_1\").jPlayer({\n\t\t\t\t\t\tready: function(event) {\n\t\t\t\t\t\t\tjQuery(this).jPlayer(\"setMedia\", {mp3: 'https:\/\/newmessage.org\/av\/the-journey-of-the-messenger.mp3'});\n\t\t\t\t\t\t},\n\t\t\t\t\t\tplay: function() {\n\t\t\t\t\t\t\tjQuery(this).jPlayer(\"pauseOthers\");\n\t\t\t\t\t\t},\n\t\t\t\t\t\tswfPath: ThemeData.directory_uri+\"\/swf\",\n\t\t\t\t\t\tsolution: \"html, flash\",\n\t\t\t\t\t\tpreload: \"metadata\",\n\t\t\t\t\t\twmode: \"window\",\n\t\t\t\t\t\tsupplied: \"mp3\",\n\t\t\t\t\t\tcssSelectorAncestor: '#jp_container_1'\n\t\t\t\t\t});\n\t\t\t\t});\n\t\t\t<\/script><\/p>\n<p><a title=\"The Journey of the Messenger\" href=\"https:\/\/newmessage.org\/av\/the-journey-of-the-messenger.mp3\">Lade herunter<\/a> (Rechtsklick zum Herunterladen)<\/p>\n<p><em>Wie offenbart<br \/>\nMarshall Vian Summers<br \/>\nam 14. Juli 2013 \u2013<br \/>\nin Boulder, Colorado<\/em><\/p>\n<div class=\"toggle toggle-white\"><h4 class=\"trigger \"><span class=\"t_ico\"><\/span><a href=\"#\">\u00dcber diese Aufzeichnung<\/a><\/h4><div class=\"toggle_container \"><br \/>\n<div id=\"yui_3_16_0_ym19_1_1467955126517_3327\" dir=\"ltr\"><span id=\"yui_3_16_0_ym19_1_1467955126517_3177\"><span id=\"yui_3_16_0_ym19_1_1467955126517_3178\">Was Du in dieser Audioaufzeichnung h\u00f6rst, ist die Stimme des Engelsrates, die durch den Boten Marshall Vian Summers spricht.<\/span><\/span><\/div>\n<div dir=\"ltr\"><span id=\"yui_3_16_0_ym19_1_1467955126517_3177\"><span id=\"yui_3_16_0_ym19_1_1467955126517_3178\">\u00a0<\/span><\/span><\/div>\n<div id=\"yui_3_16_0_ym19_1_1467955126517_3359\" dir=\"ltr\"><span id=\"yui_3_16_0_ym19_1_1467955126517_3177\"><span id=\"yui_3_16_0_ym19_1_1467955126517_3178\"> Hier wird die originale Mitteilung Gottes, die jenseits von Worten existiert, vom Engelsrat, der \u00fcber die Welt wacht, in menschliche Sprache und menschliches Verst\u00e4ndnis \u00fcbersetzt. Der Engelsrat bringt dann Gottes Botschaft \u00fcber den Boten dar.<br \/>\n<\/span><\/span><\/div>\n<div id=\"yui_3_16_0_ym19_1_1467955126517_3369\" dir=\"ltr\"><span id=\"yui_3_16_0_ym19_1_1467955126517_3177\"><span id=\"yui_3_16_0_ym19_1_1467955126517_3178\">\u00a0<\/span><\/span><\/div>\n<div id=\"yui_3_16_0_ym19_1_1467955126517_3370\" dir=\"ltr\"><span id=\"yui_3_16_0_ym19_1_1467955126517_3177\"><span id=\"yui_3_16_0_ym19_1_1467955126517_3178\">In diesem bemerkenswerten Prozess spricht die Stimme der Offenbarung erneut. Das Wort und der Ton sind in der Welt. Zum ersten Mal in der Geschichte ist f\u00fcr euch und f\u00fcr die Welt die Aufzeichnung der urspr\u00fcnglichen gesprochenen Offenbarung verf\u00fcgbar, um erfahren zu werden.<br \/>\n<\/span><\/span><\/div>\n<div id=\"yui_3_16_0_ym19_1_1467955126517_3436\" dir=\"ltr\"><span id=\"yui_3_16_0_ym19_1_1467955126517_3177\"><span id=\"yui_3_16_0_ym19_1_1467955126517_3178\">\u00a0<\/span><\/span><\/div>\n<div id=\"yui_3_16_0_ym19_1_1467955126517_3435\" dir=\"ltr\"><span id=\"yui_3_16_0_ym19_1_1467955126517_3177\"><span id=\"yui_3_16_0_ym19_1_1467955126517_3178\">M\u00f6gest du der  Empf\u00e4nger dieses Geschenks der Offenbarung werden und m\u00f6gest du dich \u00f6ffnen, um diese einmalige Botschaft f\u00fcr dich und f\u00fcr dein Leben zu empfangen.<\/span><\/span><\/div>\n<br \/>\n<\/div><\/div><br \/>\n<\/div>\n<div id=\"tabs-2\"><\/p>\n<div class=\"panel-10 text-align-center\"><img loading=\"lazy\" decoding=\"async\" class=\"imgborder wp-image-29650 size-medium aligncenter\" src=\"\/wp-content\/uploads\/2016\/09\/The-New-Messenger-ebook-cover.jpg\" alt=\"The Journey of the Messenger from the New Messenger book\" width=\"200\" height=\"300\" \/><br \/>\n<\/a><\/div>\n<div class=\"text-align-center text font-size-12 margin-top-10\">Band 1 &gt; Der Neue Bote &gt; Kapitel 9<\/div>\n<p><\/div>\n\t\t\t\t<div align=\"right\">\n\t\t\t<div class=\"fb-like\" data-href=\"\" data-layout=\"button_count\" data-action=\"like\" data-show-faces=\"false\" data-share=\"false\"><\/div>\n\t\t\t<div class=\"fb-share-button\" data-layout=\"button_count\"> <\/div>\n\t\t\t<div class=\"fb_iframe_widget\"><a href=\"https:\/\/twitter.com\/godsnewmessage?ref_src=twsrc%5Etfw\" class=\"twitter-follow-button\" data-show-count=\"false\">Follow @godsnewmessage<\/a><script async src=\"https:\/\/platform.twitter.com\/widgets.js\" charset=\"utf-8\"><\/script><\/div>\n\t\t\t<\/div> <\/div> \n\n<p>Gott hat den Boten zu einer Zeit der gro\u00dfen Ver\u00e4nderung und der zunehmenden Ungewissheit in die Welt gesandt. Er ist der einzige Bote f\u00fcr die Welt, obwohl es f\u00fcr viele Menschen schwierig sein wird, dies zu akzeptieren, angesichts der eigenen fr\u00fcheren Vorstellungen und Festlegungen.<\/p>\n<p>Er hat sich lange darauf vorbereitet. Er ist aus dem Engelsrat gekommen, von dem er ein Teil ist. In der Welt ist er ein Mann. Er ist unvollkommen, aber alle gro\u00dfen Boten sind unvollkommen gewesen.<\/p>\n<p>Er ist der eine, weil er zu diesem Zweck in die Welt geschickt wurde, und er kommt aus dem Engelsrat. Was er zur Verf\u00fcgung stellen wird, kann kein Individuum zur Verf\u00fcgung stellen, egal wie inspiriert oder wie gebildet es auch sein mag, denn es kann den Willen und die Macht des Himmels nicht durch seine Worte und Verk\u00fcndigung bringen.<\/p>\n<p>Aber der wahre Bote bringt nicht nur den Willen und die Macht des Himmels, sondern die Stimme des Himmels selbst &#8211; die Stimme des Engelsrates, die als eine spricht, die Vielen, die als eine Stimme sprechen &#8211; eine Wirklichkeit, die ihr nicht mit eurem Intellekt verstehen k\u00f6nnt. Er ist viel zu begrenzt daf\u00fcr.<\/p>\n<p>Es wird diejenigen geben, die den Boten sofort erkennen k\u00f6nnen, aber die meisten anderen m\u00fcssen es durch Zeit und Beispiel lernen, denn in ihrem Verstand ist Vieles, von dem sie sich freimachen m\u00fcssen, bevor sie etwas von dieser Gr\u00f6\u00dfenordnung sehen k\u00f6nnen. Sie wollen Beweise in verschiedenen Formen. Und einige ihrer Erwartungen werden erf\u00fcllt werden und andere werden es nicht, denn Gott ist nicht an diese Dinge gebunden.<\/p>\n<p>Die Boten der Antike, ihr Leben wurde \u00fcber die Epochen so ver\u00e4ndert und ausgelegt, dass niemand wirklich wei\u00df, wer sie nun in einem wirklichen und praktischen Sinn waren. Aber in Wahrheit kann niemand das Leben des Boten verstehen. Denn die Boten kommen aus dem Engelsrat. Sie sind nicht die S\u00f6hne und T\u00f6chter Gottes, denn Gott hat keine S\u00f6hne und T\u00f6chter. Das ist nur ein weltliches Verst\u00e4ndnis. Es gilt nicht f\u00fcr die Sch\u00f6pfung.<\/p>\n<p>So ist der Bote in der Welt. Er ist so lange vorbereitet worden. Es hat lange Zeit gedauert, eine Offenbarung zu erhalten, die weitreichender und allumfassender ist als alles, was jemals dieser Welt gegeben wurde, die jetzt klar und deutlich in einer Welt der globalen Kommunikation und des globalen Handels gegeben wurde, nicht mehr in Anekdoten oder pastorale Themen oder poetische Bilder gekleidet, sondern deutlich mit vielen Wiederholungen gesprochen, damit es im Laufe der Zeit geh\u00f6rt werden kann; gegeben jetzt mit der Technologie dieser \u00c4ra, die nie vorher verf\u00fcgbar war; jetzt gegeben, um zur ganzen Welt zu sprechen, nicht nur zu einem Stamm oder zu einer Gruppe oder einer Region &#8211; eine Botschaft, die so gro\u00df ist, weil sie den Gott des Universums repr\u00e4sentiert und was Gott im ganzen Universum tut, was zuvor noch nie offenbart wurde. Denn die Menschheit war nicht gebildet oder entwickelt genug, um so etwas Gro\u00dfes zu betrachten, au\u00dfer ein paar Individuen.<\/p>\n<p>Du erkennst noch nicht die Vollkommenheit von all dem und warum es so sein muss. Denn was Gott in der Welt tut, kann nur erkannt werden, wenn man versteht, was Gott im Universum als Ganzes tut. Und solch eine Offenbarung ist bis jetzt noch nie gegeben worden. Sie kommt mit dem Boten. Sie wird als Neue Offenbarung gegeben.<\/p>\n<p>Die Zukunft dieser Welt und die gro\u00dfe Herausforderung der menschlichen Familie zeigen sich in der Offenbarung.<\/p>\n<p>Die Bedeutung der Spiritualit\u00e4t jedes Menschen und was die Menschen \u00fcberall vereint, ist in der Offenbarung enthalten.<\/p>\n<p>Die Bedeutung und der Zweck aller religi\u00f6sen Traditionen, die im Gegensatz zu einander so verschieden sind, werden in der Offenbarung gegeben.<\/p>\n<p>Die Bedeutung der wahren Beziehung, der wahren Liebe, des wahren Engagements, der wahren Hingabe wird in der Offenbarung gegeben.<\/p>\n<p>Nur jemand aus dem Engelsrat k\u00f6nnte etwas von dieser Gr\u00f6\u00dfenordnung in die Welt bringen, vorgestellt in einer Form, die nie zuvor gesehen wurde &#8211; wobei uralte Weisheit mit Erkenntnissen und Wahrheit verbunden wurde, die nie klar verstanden wurden, au\u00dfer von sehr wenigen, sehr wenigen.<\/p>\n<p>Aber es ist die ganze Welt, die das jetzt erhalten muss, um sich auf den gro\u00dfen Wandel vorzubereiten, der auf die Welt zukommt und um sich auf die Begegnung der Menschheit mit einem Universum des intelligenten Lebens vorzubereiten, einem nichtmenschlichen Universum, in dem Freiheit selten ist. Es ist die gr\u00f6\u00dfte Herausforderung, mit der die Menschheit jemals konfrontiert wurde und gr\u00f6\u00dfte Konsequenz f\u00fcr das Leben und f\u00fcr die Zukunft jeder Person, sowohl jetzt als auch in der Zukunft haben wird.<\/p>\n<p>Der Bote tr\u00e4gt das wie ein Feuer. Es wurde so rein dargestellt, dass du die Stimme der Offenbarung h\u00f6ren kannst, was aus offensichtlichen Gr\u00fcnden vorher niemals m\u00f6glich war. Rein, unverdorben, unbefleckt, nicht verkn\u00fcpft mit anderen Vorstellungen, ist es rein. Aber um dies zu erkennen und zu empfangen, muss dein Verstand rein oder rein genug sein, damit du sehen kannst, damit du h\u00f6ren kannst, damit du es verstehst.<\/p>\n<p>Ohne dies, bist du gefangen in deinen Urteilen, deiner Verurteilung, deinen Meinungen und allem, was du in dich investiert hast, was jetzt dem gr\u00f6\u00dften Ereignis deiner Zeit im Wege steht, was mitten unter euch geschieht, w\u00e4hrend der Zeit des Boten.<\/p>\n<p>Er ist als bescheidener Mann unterwegs, aber die Leute sehen nicht. Sie erkennen ihn nicht. Er spricht mit Klarheit und Aufrichtigkeit und Demut, aber die Leute h\u00f6ren nicht. Sie k\u00f6nnen nicht reagieren.<\/p>\n<p>Aber das ist die Herausforderung, der alle Boten in allen Epochen gegen\u00fcberstanden. Es ist das Ergebnis des Lebens in Trennung in einer Welt, die durch menschliche Gewalt und Ignoranz und Trag\u00f6die so verdunkelt wurde, dass die Menschen nicht wissen, wie man sieht. Sie wissen nicht, wie man h\u00f6rt. Sie wissen nicht, wie man wei\u00df. Sie haben ihre Verbindung mit der tieferen Kenntnis verloren, die Gott in sie gelegt hat &#8211; die hier ist, um sie zu f\u00fchren, sie zu sch\u00fctzen und sie f\u00fcr ein Gr\u00f6\u00dferes Leben im Dienste der Welt vorzubereiten.<\/p>\n<p>So ist der Bote unterwegs und spricht, aber nur wenige k\u00f6nnen zun\u00e4chst h\u00f6ren. Und um den Boten zu h\u00f6ren, musst du wirklich zuh\u00f6ren und versuche nicht, das, was er sagt, mit dem, was du bereits denkst, zu vergleichen, sondern einem Wunsch gerecht zu werden, \u00fcber deine Vorstellungen und Verwirrung hinaus zu sehen. Er bringt das Licht der Klarheit, aber wenn du im Nebel der Verwirrung lebst, wirst du dieses Licht nicht sehen. Es wird in deiner Mitte sein, aber du wirst nur andere Dinge sehen.<\/p>\n<p>Wie wird dann dieser Bote sein &#8211; ein Individuum, das, oh, vielleicht nur einmal im Jahrtausend in die Welt kommt, &#8211; wie wird er zur ganzen Welt sprechen und mit ihr so sprechen, dass seine Botschaft auf genug Reaktion sto\u00dfen wird, um die Menschheit auf den gro\u00dfen Wandel vorzubereiten, der kommt und der bereits da ist? Denn es ist sp\u00e4t, und die Leute leben immer noch in einem Traum oder einem Alptraum, je nach ihren Umst\u00e4nden.<\/p>\n<p>Wie wird er gleichzeitig zur ganzen Welt sprechen? Es wird nicht vorkommen, dass er an einer Stra\u00dfenecke predigt oder nur mit kleinen Gruppen spricht. Er muss die Botschaft mit der Technik und der Freiheit, die er zur Verf\u00fcgung hat, aussenden. In der Zukunft mag diese Freiheit vielleicht nicht existieren, also ist dies das gro\u00dfe Fenster, durch welches es m\u00f6glich und f\u00fcr die Welt notwendig ist.<\/p>\n<p>Es wird eine gro\u00dfe Herausforderung f\u00fcr viele sein, die Offenbarung zu h\u00f6ren. Es wird ihre Ideen, ihre Annahmen, ihre Beschwerden, ihre Einstellungen und ganz sicher die Kompromisse, die sie in ihrem eigenen Leben gemacht haben, herausfordern, die sie in solch eine Gef\u00e4hrdung, ein Elend und Ungl\u00fcck gebracht haben. Es ist besser, der Dunkelheit zu entgehen, als zu versuchen, zu denken, dass sie mit Licht gef\u00fcllt ist.<\/p>\n<p>Der Bote wird in die Welt \u00fcbertragen, und er wird es auch weiterhin tun, aber es ist viel zu unsicher f\u00fcr ihn, in der \u00d6ffentlichkeit sehr oft zu sprechen. Er wird gelegentlich interviewt, aber die ihn befragen, werden wahrscheinlich nicht verstehen. Denn er muss das Wesentliche verk\u00fcnden, das, was \u00fcber die Interessen eines Menschen allein hinausgeht, zu dem gr\u00f6\u00dferen Bed\u00fcrfnis des menschlichen Herzens und der Seele und zu dem gr\u00f6\u00dferen Bed\u00fcrfnis der Menschheit, sich auf eine Welt vorzubereiten, die so sehr anders sein wird und die sich in einem ph\u00e4nomenalen Tempo \u00e4ndert, auch in diesem Moment.<\/p>\n<p>Er wird Weisheit und Kenntnis aus dem Universum bringen. Er \u00f6ffnet die T\u00fcren zum Leben im Universum. Er wird von den Gro\u00dfen Wellen des Wandels sprechen, die auf die Welt zukommen. Er spricht von Beziehungen und h\u00f6herem Zweck. Er wird von der Kraft der Kenntnis sprechen, der gro\u00dfen Intelligenz, die in jeder Person lebt und darauf wartet, entdeckt zu werden.<\/p>\n<p>Er wird von der Reise der Seele sprechen. Er wird von dem sprechen, was in jeder Religion wahr ist. Und er wird sich gegen alles aussprechen, was in jeder Religion falsch ist, weil er eine gro\u00dfe Korrektur mit sich bringt. Denn diese Korrektur muss erfolgen, oder die Offenbarung wird nicht verstanden werden. Denn wenn Gott spricht, so steht es immer im gro\u00dfen Gegensatz zu dem, was die Menschheit kollektiv als wahr angenommen hat, und den vielen Fehlern in ihrem Denken sowie den Annahmen und dem Verst\u00e4ndnis der Vergangenheit.<\/p>\n<p>Gott bringt dem Teil der Sch\u00f6pfung, der in Trennung lebt, das gro\u00dfe Versprechen der Erl\u00f6sung ohne die Drohung der H\u00f6lle und der Verdammnis, denn Gott schickt keinen Teil der Sch\u00f6pfung in die Verdammnis.<\/p>\n<p>Aber die Botschaft muss rein sein. Sie muss klar sein. Sie kann kein Kompromiss sein. Sie kann nicht nur entworfen werden, um auf die gegenw\u00e4rtigen Vorstellungen und dem Geschmack der Menschen zu entsprechen. Sie muss eine gro\u00dfe Warnung, Macht und Wiederherstellung bringen. Denn so gro\u00dfe Offenbarungen geschehen nur zu entscheidenden Zeiten der Geschichte und Evolution der Menschheit.<\/p>\n<p>Du hast das Gl\u00fcck, in einer Zeit der Offenbarung zu leben. Es ist die gr\u00f6\u00dfte Zeit, jemals in der Welt zu sein. Und hier bist du. Du bist hierher geschickt worden, um in dieser Zeit zu leben &#8211; einer Zeit der gro\u00dfen Tr\u00fcbsal und Umw\u00e4lzung, einer Zeit der gro\u00dfen Schwierigkeit &#8211; in einer Welt abnehmender Ressourcen und wachsender Bev\u00f6lkerung.<\/p>\n<p>Was wird dir die St\u00e4rke und die Kraft geben, den st\u00e4ndigen Krieg und den st\u00e4ndigen Streit zu vermeiden? Auch die Religionen haben wieder zu den Waffen gegriffen. In einer Welt voller Gegner, die danach streben, wer Zugang zu dem haben wird, was \u00fcbrig bleibt, wie wird dann die Zusammenarbeit, wie wird die Gerechtigkeit, wie wird die Versorgung in einer Welt unter diesen Bedingungen gew\u00e4hrleistet?<\/p>\n<p>Die Menschen haben nat\u00fcrlich Ideen, aber nur Gott wei\u00df, was wirklich wahr ist und was in der Zeit wirklich wirksam und fruchtbar ist.<\/p>\n<p>Gott liebt die Welt und wird nicht zusehen, wie die Menschheit die menschliche Zivilisation aus Unwissenheit, Angst und Gier zerst\u00f6rt. So viel wurde in diese Welt investiert. Es ist eine wichtige Welt in einem Universum voller unz\u00e4hliger Rassen, unz\u00e4hliger Religionen. Das wei\u00df nur Gott.<\/p>\n<p>Sich dem entgegen zu stellen, dies zu leugnen, ist der Inbegriff von Arroganz und Unwissenheit und Anma\u00dfung. Zu glauben, dass Gott keinen neuen Boten in die Welt schicken kann, ist die reine Torheit und Arroganz. Denn nicht einmal Gottes Boten werden wissen, was Gott als n\u00e4chstes tun wird. Nicht einmal die heiligen Schriften k\u00f6nnen sagen, was Gott als n\u00e4chstes tun wird. Nicht einmal der Engelsrat kann sagen, was Gott als n\u00e4chstes tun wird.<\/p>\n<p>Der Bote wird in die Welt senden, und er wird die Offenbarung so zug\u00e4nglich machen wie er kann. Und er wird eine enorme Unterst\u00fctzung und Hilfe ben\u00f6tigen, um dies zu tun. W\u00e4hrend er diese gro\u00dfe Mission \u00fcbernimmt, wird sein Leben von vielen verschiedenen Kr\u00e4ften gef\u00e4hrdet werden.<\/p>\n<p>Und er wird diejenigen finden m\u00fcssen, die die Augen haben, um zu sehen und die Ohren haben, um zu h\u00f6ren, die in die Welt geschickt worden sind, um ihm zu helfen. Aber sie m\u00fcssen ihm folgen. Sie m\u00fcssen empfangen. Und sie m\u00fcssen geben.<\/p>\n<p>Ein Mann kann das nicht alleine machen. Auch wenn er unter den Engeln gesalbt wird, kann er das nicht alleine machen. Er braucht gro\u00dfe Hilfe und Unterst\u00fctzung.<\/p>\n<p>Und in deinem Herzen wirst du wissen, ob das deine Berufung ist. Aber um dein Herz zu kennen, musst du unter die Oberfl\u00e4che deines Verstandes tauchen und aus der Verw\u00fcstung deiner eigenen Vorstellungen, der Verwirrung deines Verstandes, in ein tieferes Reich in dir entkommen, wo gr\u00f6\u00dfere Dinge gesehen und gewusst werden k\u00f6nnen.<\/p>\n<p>Und um dies zu erm\u00f6glichen, hat der Sch\u00f6pfer allen Lebens die Schritte zur Kenntnis bereit gestellt, einen Plan in dem Teil von dir, der dauerhaft und wahr ist, m\u00e4chtig und furchtlos, gn\u00e4dig, aber stark und entschlossen ist &#8211; einem Teil von dir, den du kaum kennst oder niemals gekannt hast, aber der sich in dem Fundament deines Seins befindet.<\/p>\n<p>Der Zweck aller Religion ist, dich dazu zu bringen. Aber der Zweck aller Religionen ist verloren gegangen und ist \u00fcberzogen worden mit menschlichen Annahmen, menschlichen Institutionen, menschlicher Ideologie, menschlicher Macht und Herrschaft. Es w\u00fcrde einen gro\u00dfer Lehrer in jeder religi\u00f6sen Tradition erfordern, um dort den wahren Weg zur Kenntnis zu finden.<\/p>\n<p>Und es ist jetzt keine Zeit daf\u00fcr, denn die Menschheit muss die M\u00f6glichkeit haben, sich auf das Universum vorzubereiten &#8211; eine Gr\u00f6\u00dfere Gemeinschaft des Lebens. Sie muss die Gelegenheit haben, die Weisheit und die Notwendigkeit, sich auf eine Welt vorzubereiten, die sich einem konvulsiven Wandel unterzieht.<\/p>\n<p>Genug Menschen m\u00fcssen das sehen und wissen, damit die Offenbarung Fu\u00df fasst und damit ihre Macht ausreichend in der Welt gef\u00fchlt und ausgedr\u00fcckt wird, um Angst, Hass, Wut und die Qual zu \u00fcberwinden, die den Verstand so vieler beherrscht und so viele Folgen rund um die Welt hat.<\/p>\n<p>Der Bote ist ein \u00e4lterer Mann. Seine Jahre sind kostbar. Er ist durch gro\u00dfe Schwierigkeiten gegangen &#8211; Ungl\u00fcck, Krankheit, Widerstand. Es hat bemerkenswerte Geduld und Nachsicht, Demut und Opfer von ihm gebraucht, um dies in die Welt zu bringen.<\/p>\n<p>Jetzt wird er senden und pr\u00e4sentieren. Und einige wenige werden von ihm und dem Engelsrat berufen, zu unterrichten, damit die Leute seine Bekanntmachung verstehen, damit die Leute verstehen, wer er ist, warum er hier ist und was er der Menschheit gebracht hat &#8211; was die Menschheit sich selbst nicht geben kann.<\/p>\n<p>Es ist der gro\u00dfe Segen auf der Welt. Es ist die gro\u00dfe Hoffnung f\u00fcr die Menschheit. Sie verspricht die Wiederherstellung der religi\u00f6sen Traditionen und bietet das Fundament f\u00fcr ihre Einheit. Sie ist ein Gegensatz zu allem, was getan wurde, um sie zu verderben. Es ist Gottes Antwort und Gottes Weisung, Gottes Macht und Gottes Pr\u00e4senz, verstehst du?<\/p>\n<p>Um zum Boten zu kommen, musst du zuerst zur Offenbarung kommen, denn die Lehre ist wichtiger als der Lehrer. Die Botschaft ist wichtiger als der Bote in der Zeit. Der Bote wird von dieser Welt gehen, aber die Botschaft wird bleiben. Ob es korrumpiert und mit anderen Dingen vermischt wird, wird durch die Reinheit seiner Anh\u00e4nger bestimmt und diejenigen, die auf eine Neue Botschaft von Gott reagieren k\u00f6nnen.<\/p>\n<p>Der Bote wird Lehren und Klarstellungen geben, aber er wird nicht f\u00fcr jedermann zur Verf\u00fcgung stehen, denn seine Zeit ist kostbar. Seine Reise ist bedeutend. Seine Mission ist enorm.<\/p>\n<p>Der Himmel schaut zu, um zu sehen, wer reagieren kann. Der Himmel schaut zu, um zu sehen, wer ihn als den Boten empfangen wird. Der Himmel schaut zu, um zu sehen, wer ihn verleugnen, ihn verspotten oder ihn verurteilen wird.<\/p>\n<p>Es ist eine gro\u00dfe Pr\u00fcfung f\u00fcr die Menschheit. Es ist ein gro\u00dfer Test. Kann die Menschheit eine Neue Botschaft von Gott erhalten, die nicht einem Stamm oder einer Region oder einer Gruppe, sondern einer ganzen Welt gegeben und rechtzeitig empfangen wird, um die Menschheit auf den gro\u00dfen Wandel vorzubereiten, der in die Welt kommt?<\/p>\n<p>Die Zeit ist jetzt wichtig. Ihr habt kein Jahrhundert, um diese Dinge zu erw\u00e4gen. Das ist kein Spielzeug f\u00fcr die Faulen oder Tr\u00e4gen. Das ist nicht lediglich eine Philosophie f\u00fcr die Philosophen, um zu diskutieren und sich dar\u00fcber auseinander zu setzen. Dies ist nicht eine Form der Unterhaltung f\u00fcr diejenigen, die keine Ernsthaftigkeit in ihrem Leben und keinen Wert f\u00fcr sich selbst haben.<\/p>\n<p>Du kannst den Boten h\u00f6ren. Du kannst den Boten sehen. Du kannst die Offenbarung, die jetzt in der denkbar reinsten Form vorgestellt wird, erhalten.<\/p>\n<p>Es ist deine Herausforderung. Es ist deine Gelegenheit. Sie wird dir das bringen, was in dir lebt, was gro\u00dfartig ist. Sie wird dir den Weg aus dem Dschungel der Verwirrung zeigen. Sie wird dir die Kraft geben, die Gott dir gegeben hat und die Verantwortung, die du verk\u00fcndet hast, bevor du in diese Welt kamst. Sie wird dir deine Kraft, deine W\u00fcrde, deine Macht und deinen Zweck zur\u00fcckgeben. Kannst du dies empfangen?<\/p>\n<p>Der Segen ist hier. Gott hat erneut gesprochen. Der Bote ist in die Welt geschickt worden. Er bringt eine Botschaft von ungeheurem Umfang, gro\u00dfer Macht und Einbindung mit. Er hat sein Leben daf\u00fcr gegeben. Es ist eine gro\u00dfe Berufung, ihn dabei zu unterst\u00fctzen und mitzuwirken. Es wird den Unterschied f\u00fcr die Menschheit ausmachen, den gro\u00dfen Unterschied in der Zeit, die noch kommt.<\/p>\n","protected":false},"excerpt":{"rendered":"<p>Gott hat den Boten zu einer Zeit der gro\u00dfen Ver\u00e4nderung und der zunehmenden Ungewissheit in die Welt gesandt. Er ist der einzige Bote f\u00fcr die Welt, obwohl es f\u00fcr viele Menschen schwierig sein wird, dies zu akzeptieren, angesichts der eigenen fr\u00fcheren Vorstellungen und Festlegungen. Er hat sich lange darauf vorbereitet. Er ist aus dem Engelsrat\u2026 <a class=\"read-more\" href=\"https:\/\/www.v6.newmessage.org\/de\/about-recording-shortcode\/\"><span>Read More<\/span><\/a><\/p>\n","protected":false},"author":8,"featured_media":0,"parent":16489,"menu_order":0,"comment_status":"closed","ping_status":"open","template":"template-leftsidebar.php","meta":{"_monsterinsights_skip_tracking":false,"_monsterinsights_sitenote_active":false,"_monsterinsights_sitenote_note":"","_monsterinsights_sitenote_category":0,"footnotes":""},"categories":[76,119,30,465,460],"tags":[690,689,669],"_links":{"self":[{"href":"https:\/\/www.v6.newmessage.org\/de\/wp-json\/wp\/v2\/pages\/27255"}],"collection":[{"href":"https:\/\/www.v6.newmessage.org\/de\/wp-json\/wp\/v2\/pages"}],"about":[{"href":"https:\/\/www.v6.newmessage.org\/de\/wp-json\/wp\/v2\/types\/page"}],"author":[{"embeddable":true,"href":"https:\/\/www.v6.newmessage.org\/de\/wp-json\/wp\/v2\/users\/8"}],"replies":[{"embeddable":true,"href":"https:\/\/www.v6.newmessage.org\/de\/wp-json\/wp\/v2\/comments?post=27255"}],"version-history":[{"count":5,"href":"https:\/\/www.v6.newmessage.org\/de\/wp-json\/wp\/v2\/pages\/27255\/revisions"}],"predecessor-version":[{"id":28766,"href":"https:\/\/www.v6.newmessage.org\/de\/wp-json\/wp\/v2\/pages\/27255\/revisions\/28766"}],"up":[{"embeddable":true,"href":"https:\/\/www.v6.newmessage.org\/de\/wp-json\/wp\/v2\/pages\/16489"}],"wp:attachment":[{"href":"https:\/\/www.v6.newmessage.org\/de\/wp-json\/wp\/v2\/media?parent=27255"}],"wp:term":[{"taxonomy":"category","embeddable":true,"href":"https:\/\/www.v6.newmessage.org\/de\/wp-json\/wp\/v2\/categories?post=27255"},{"taxonomy":"post_tag","embeddable":true,"href":"https:\/\/www.v6.newmessage.org\/de\/wp-json\/wp\/v2\/tags?post=27255"}],"curies":[{"name":"wp","href":"https:\/\/api.w.org\/{rel}","templated":true}]}}