{"id":27225,"date":"2017-04-29T05:21:36","date_gmt":"2017-04-29T05:21:36","guid":{"rendered":"http:\/\/www.newmessage.org\/german-international\/?page_id=27225"},"modified":"2017-04-30T01:38:52","modified_gmt":"2017-04-30T01:38:52","slug":"die-geschichte-des-boten","status":"publish","type":"page","link":"https:\/\/www.v6.newmessage.org\/de\/die-botschaft\/band-1\/der-neue-bote\/die-geschichte-des-boten\/","title":{"rendered":"Die Geschichte des Boten"},"content":{"rendered":"<div><!-- Version 8.2 --><\/div>\n<div class=\"tabgroup \"><ul class=\"tabs\"><li><a href=\"#tabs-1\">H\u00f6re<\/a><\/li>\n<li><a href=\"#tabs-2\">\u00dcber diesen Text<\/a><\/li><\/ul>\n <div id=\"tabs-1\"><\/p>\n<p>H\u00f6re die Stimme der Offenbarung:<\/p>\n\t\t\t\t<div id=\"jquery_jplayer_1\" class=\"jp-jplayer\"><\/div>\n\t\t\t\t<div id=\"jp_container_1\" class=\"jp-audio\">\n\t\t\t\t<div class=\"jp-type-single\"><div class=\"jp-control\"><a href=\"javascript:;\" class=\"jp-play\" tabindex=\"1\">play<\/a><a href=\"javascript:;\" class=\"jp-pause\" tabindex=\"1\">pause<\/a><\/div> <div class=\"jp-gui jp-interface\"><div class=\"jp-volume\"><div class=\"jp-volume-bar\"><div class=\"jp-volume-bar-value\"><\/div><\/div><\/div><div class=\"jp-progress\"><div class=\"jp-seek-bar\"><div class=\"jp-play-bar\"><\/div><\/div><\/div><\/div>\t\t\t\t\t<div class=\"jp-no-solution\"><span>Update Required<\/span>To play the media you will need to either update your browser to a recent version or update your <a href=\"http:\/\/get.adobe.com\/flashplayer\/\" target=\"_blank\">Flash plugin<\/a>.<\/div><\/div><\/div>\n\t\t\t<script type='text\/javascript'>\n\t\t\t\tjQuery(document).ready(function() {\n\t\t\t\t\tif (typeof (sermonMedia) == 'function') {\n\t\t\t\t\t\tsermonMedia.addAudio('', \"jquery_jplayer_1\");\n\t\t\t\t\t}\n\t\t\t\t\tjQuery.jPlayer.timeFormat.showHour = true;\n\t\t\t\t\tjQuery(\"#jquery_jplayer_1\").jPlayer({\n\t\t\t\t\t\tready: function(event) {\n\t\t\t\t\t\t\tjQuery(this).jPlayer(\"setMedia\", {mp3: 'https:\/\/newmessage.org\/av\/the-story-of-the-messenger.mp3'});\n\t\t\t\t\t\t},\n\t\t\t\t\t\tplay: function() {\n\t\t\t\t\t\t\tjQuery(this).jPlayer(\"pauseOthers\");\n\t\t\t\t\t\t},\n\t\t\t\t\t\tswfPath: ThemeData.directory_uri+\"\/swf\",\n\t\t\t\t\t\tsolution: \"html, flash\",\n\t\t\t\t\t\tpreload: \"metadata\",\n\t\t\t\t\t\twmode: \"window\",\n\t\t\t\t\t\tsupplied: \"mp3\",\n\t\t\t\t\t\tcssSelectorAncestor: '#jp_container_1'\n\t\t\t\t\t});\n\t\t\t\t});\n\t\t\t<\/script>\n<p><a title=\"The Story of the Messenger\" href=\"\/\/www.newmessage.org\/av\/the-story-of-the-messenger.mp3\">Lade herunter<\/a> (Rechtsklick zum Herunterladen)<\/p>\n<p><em>Wie offenbart<br \/>\nMarshall Vian Summers<br \/>\nam 23. Mai 2011 \u2013<br \/>\nin Boulder, Colorado<\/em><\/p>\n<div class=\"toggle toggle-white\"><h4 class=\"trigger \"><span class=\"t_ico\"><\/span><a href=\"#\">\u00dcber diese Aufzeichnung<\/a><\/h4><div class=\"toggle_container \"><br \/>\n<div id=\"yui_3_16_0_ym19_1_1467955126517_3327\" dir=\"ltr\"><span id=\"yui_3_16_0_ym19_1_1467955126517_3177\"><span id=\"yui_3_16_0_ym19_1_1467955126517_3178\">Was Du in dieser Audioaufzeichnung h\u00f6rst, ist die Stimme des Engelsrates, die durch den Boten Marshall Vian Summers spricht.<\/span><\/span><\/div>\n<div dir=\"ltr\"><span id=\"yui_3_16_0_ym19_1_1467955126517_3177\"><span id=\"yui_3_16_0_ym19_1_1467955126517_3178\">\u00a0<\/span><\/span><\/div>\n<div id=\"yui_3_16_0_ym19_1_1467955126517_3359\" dir=\"ltr\"><span id=\"yui_3_16_0_ym19_1_1467955126517_3177\"><span id=\"yui_3_16_0_ym19_1_1467955126517_3178\"> Hier wird die originale Mitteilung Gottes, die jenseits von Worten existiert, vom Engelsrat, der \u00fcber die Welt wacht, in menschliche Sprache und menschliches Verst\u00e4ndnis \u00fcbersetzt. Der Engelsrat bringt dann Gottes Botschaft \u00fcber den Boten dar.<br \/>\n<\/span><\/span><\/div>\n<div id=\"yui_3_16_0_ym19_1_1467955126517_3369\" dir=\"ltr\"><span id=\"yui_3_16_0_ym19_1_1467955126517_3177\"><span id=\"yui_3_16_0_ym19_1_1467955126517_3178\">\u00a0<\/span><\/span><\/div>\n<div id=\"yui_3_16_0_ym19_1_1467955126517_3370\" dir=\"ltr\"><span id=\"yui_3_16_0_ym19_1_1467955126517_3177\"><span id=\"yui_3_16_0_ym19_1_1467955126517_3178\">In diesem bemerkenswerten Prozess spricht die Stimme der Offenbarung erneut. Das Wort und der Ton sind in der Welt. Zum ersten Mal in der Geschichte ist f\u00fcr euch und f\u00fcr die Welt die Aufzeichnung der urspr\u00fcnglichen gesprochenen Offenbarung verf\u00fcgbar, um erfahren zu werden.<br \/>\n<\/span><\/span><\/div>\n<div id=\"yui_3_16_0_ym19_1_1467955126517_3436\" dir=\"ltr\"><span id=\"yui_3_16_0_ym19_1_1467955126517_3177\"><span id=\"yui_3_16_0_ym19_1_1467955126517_3178\">\u00a0<\/span><\/span><\/div>\n<div id=\"yui_3_16_0_ym19_1_1467955126517_3435\" dir=\"ltr\"><span id=\"yui_3_16_0_ym19_1_1467955126517_3177\"><span id=\"yui_3_16_0_ym19_1_1467955126517_3178\">M\u00f6gest du der  Empf\u00e4nger dieses Geschenks der Offenbarung werden und m\u00f6gest du dich \u00f6ffnen, um diese einmalige Botschaft f\u00fcr dich und f\u00fcr dein Leben zu empfangen.<\/span><\/span><\/div>\n<br \/>\n<\/div><\/div><br \/>\n<\/div>\n<div id=\"tabs-2\">\n<div class=\"panel-10 text-align-center\"><img loading=\"lazy\" decoding=\"async\" class=\"imgborder wp-image-29650 size-medium aligncenter\" src=\"\/wp-content\/uploads\/2016\/09\/The-New-Messenger-ebook-cover.jpg\" alt=\"The Story of the Messenger from the New Messenger book\" width=\"200\" height=\"300\" \/><br \/>\n<\/a><\/div>\n<div class=\"text-align-center text font-size-12 margin-top-10\">Band 1 &gt; Der Neue Bote &gt; Kapitel 4<\/div>\n<p><\/div>\n\t\t\t\t<div align=\"right\">\n\t\t\t<div class=\"fb-like\" data-href=\"\" data-layout=\"button_count\" data-action=\"like\" data-show-faces=\"false\" data-share=\"false\"><\/div>\n\t\t\t<div class=\"fb-share-button\" data-layout=\"button_count\"> <\/div>\n\t\t\t<div class=\"fb_iframe_widget\"><a href=\"https:\/\/twitter.com\/godsnewmessage?ref_src=twsrc%5Etfw\" class=\"twitter-follow-button\" data-show-count=\"false\">Follow @godsnewmessage<\/a><script async src=\"https:\/\/platform.twitter.com\/widgets.js\" charset=\"utf-8\"><\/script><\/div>\n\t\t\t<\/div> <\/div> \n<br \/>\nHeute werden wir die Geschichte vom Boten erz\u00e4hlen. Es ist eine Geschichte, die gro\u00dfe Macht und Bedeutung beinhaltet, falls man sie verstehen kann.<\/p>\n<p>Denn der Bote ist keine normale Person, obwohl er nach au\u00dfen normal erscheint. Und da er ein bescheidener Mann ist, stellt er sich selbst in keiner Weise in den Vordergrund. Er sucht keine Anerkennung, sondern eine tiefere Verbindung mit jenen, die dazu bestimmt sind, ihn zu treffen und Gottes Neue Offenbarung zu empfangen.<\/p>\n<p>In diesem Sinn untertreibt er und bleibt still bei anderen. Er proklamiert nicht sich selbst, sondern die Offenbarung, denn das ist der Grund, weshalb er gekommen ist. Das ist der Grund, weshalb er auf der Welt ist.<\/p>\n<p>Jedoch war ihm dies die meiste Zeit seines Lebens nicht bewusst. Denn seine Berufung kam sp\u00e4ter in seinem Leben zu einer Zeit, als er bereit war, sie zu erhalten und die lange Vorbereitung zu beginnen, die erforderlich w\u00e4re, sich darauf vorzubereiten, die Offenbarung zu empfangen und dann die Offenbarung selbst zu empfangen.<\/p>\n<p>Vierzig Jahre sollte all dies dauern. Vierzig Jahre, um verf\u00fcgbar zu sein, um die Wildnis ohne irgendein Ergebnis zu betreten, ohne die Bedeutung seines Unternehmens zu erkennen. Vierzig Jahre ohne andere ernsthafte Verpflichtungen au\u00dfer famili\u00e4rer Art. Vierzig Jahre, um das Vertrauen zu entwickeln und die Loyalit\u00e4t und die Unbescholtenheit, die daf\u00fcr n\u00f6tig sein w\u00fcrden, der Bote zu werden.<\/p>\n<p>Bevor er in die Welt gesandt wurde, bereitete die Heerschar der Engel ihn vor und legte tief in seinen Verstand das Bewusstsein und das Verst\u00e4ndnis, das er sp\u00e4ter in die Welt bringen sollte\u2014Kenntnis und Weisheit vom Universum, von den fortschrittlichsten Rassen im Universum; ein Verst\u00e4ndnis der Zukunft der Welt und worauf die Menschheit in ihrer Entwicklung zusteuert und all die gro\u00dfen Gefahren und Risiken im Zusammenhang damit; ein gr\u00f6\u00dferes Verst\u00e4ndnis der menschlichen Beziehungen, die ihm eine gr\u00f6\u00dfere Reife geben w\u00fcrden, wenn er in der Welt heranw\u00e4chst.<\/p>\n<p>All dies wurden tief in ihn gelegt, unter die Oberfl\u00e4che des Verstandes\u2014um sp\u00e4ter entdeckt zu werden, sp\u00e4ter aufzutauchen und sp\u00e4ter mit der Offenbarung selbst in Resonanz zu treten. Denn die Offenbarung sollte ihm nicht fremd sein aufgrund dessen, was ihm gegeben wurde, bevor er auf die Welt kam.<\/p>\n<p>Er wurde in eine Familie gesandt, eine konservative Familie, die in Amerika lebt, eine Familie, die keine Vorstellung von seiner gr\u00f6\u00dferen Bestimmung und seinem gr\u00f6\u00dferen Verst\u00e4ndnis haben w\u00fcrde. Dort sollte er mit einem Minimum an Einfl\u00fcssen von der Welt aufwachsen, isoliert und gesch\u00fctzt vor den Trag\u00f6dien und der Korruption der Welt rund um ihn. Er sollte in einer Familie mit zwei \u00e4lteren Br\u00fcdern und mit einem kranken Vater aufwachsen, einem Vater, der sonst \u00fcberm\u00e4\u00dfigen Einfluss auf ihn ausge\u00fcbt h\u00e4tte.<\/p>\n<p>Die B\u00fchne wurde f\u00fcr etwas bereitet, das in ferner Zukunft auftauchen sollte. Er durchlief die Schule, graduierte von der Universit\u00e4t und das einzige Bewusstsein, das er haben sollte, sollte sein, dass er eine gr\u00f6\u00dfere und sehr un\u00fcbliche Bestimmung und einen ebensolchen Zweck auf der Welt haben sollte. Er wurde davon zur\u00fcckgehalten, sich auf eine Karriere oder eine Beziehung einzulassen, zur\u00fcckgehalten, sein Leben einer Sache zu widmen, bevor die Offenbarung stattfinden konnte.<\/p>\n<p>W\u00e4hrend dieser Zeit sollte er eine Menge \u00fcber den Zustand der Welt und \u00fcber menschliche Beziehungen lernen. Er sollte mit vielen Leuten zusammentreffen und die Sorgen und Vergn\u00fcgungen dieser Welt in einem gewissen Ausma\u00df kennenlernen, aber er wurde immer von etwas Gr\u00f6\u00dferem zur\u00fcckgehalten.<\/p>\n<p>Daf\u00fcr musste er Vertrauen entwickeln, dass sein Leben nicht verloren w\u00e4re oder vergeudet w\u00fcrde. Die Pr\u00e4senz war nur in dem Umfang bei ihm, dass er seine wahre Richtung einhalten konnte und sein Leben auf die heilige Begegnung ausrichten konnte, die viel sp\u00e4ter eintreten w\u00fcrde.<\/p>\n<p>Als er 33 Jahre alt war, pr\u00e4sentierten Wir Uns ihm und die Einf\u00fchrung begann\u2014eine Einf\u00fchrung, die alles in seinem Leben ver\u00e4ndern w\u00fcrde. Doch aufgrund des Umstands, wer er war und was ihm gegeben worden war, sollte die Resonanz vorhanden sein. Unsere Pr\u00e4senz und Unser Zweck sollten ihm nicht fremd sein\u2014nur schockierend und neu und unbestimmt.<\/p>\n<p>Ein Jahr sp\u00e4ter sollte er seinen gro\u00dfen Partner, seine Frau, treffen, die mit ihm die Reise durch alle schwierigen und pr\u00e4genden Jahre unternehmen sollte, die f\u00fcr ihn erforderlich w\u00e4ren, um ihn auf seine gr\u00f6\u00dfere Rolle im Leben vorzubereiten. Sein Sohn kam kurze Zeit sp\u00e4ter dazu und auch er sollte eine gr\u00f6\u00dfere Bestimmung mit seinem Vater haben.<\/p>\n<p>Andere sollten kommen, um sich ihm anzuschlie\u00dfen, als er seine lange Vorbereitung begann, nicht alle von ihnen waren jedoch in der Lage, bei ihm zu bleiben. Einige z\u00f6gerten und fielen aus oder konnte ihre Unterst\u00fctzung nur f\u00fcr eine sehr kurze Zeit leisten. Doch seine wahren Gef\u00e4hrten begannen einzutreffen, als er Fortschritte in seiner Vorbereitung machte.<\/p>\n<p>Als er 40 Jahre alt war, wurden ihm die <i>Schritte<\/i> <i>zur Kenntnis<\/i> <i>(Steps to Knowledge)<\/i> gegeben, die gro\u00dfe Lehre der Offenbarung, das Buch der Praxis. Er war bereit, es in einer sehr kurzen Zeit unter au\u00dferordentlichen Bedingungen zu empfangen. Dies sollte eine weitere Stufe in seiner Vorbereitung zum Boten sein. Aber sogar in diesem Alter kannte er noch nicht seine Bestimmung und seine zuk\u00fcnftige Rolle, denn diese Dinge k\u00f6nnen nicht zu fr\u00fch offenbart werden oder die Person kann erschreckt oder \u00fcberw\u00e4ltigt werden und zieht sich zur\u00fcck und versucht zu entfliehen. Darum sollte die Erkenntnis seiner Bestimmung und seiner bedeutenden Rolle auf der Welt erst nach und nach gegeben werden, als er Fortschritte machte.<\/p>\n<p>W\u00e4hrend dieser Zeit versuchte er, andere auf seiner unerkl\u00e4rlichen Reise bei sich zu haben, aber wenige konnten sich ihm au\u00dfer seiner Frau und seinem Sohn und ein paar weiteren Personen anschlie\u00dfen. Denn wer kann die Stra\u00dfe des Mysteriums befahren und seine Gesundheit und sein Wohlbefinden und seine Stabilit\u00e4t auf der Welt in diesem Prozess aufrechterhalten?<\/p>\n<p>Damit Marshall in der Lage war, der Bote zu werden, musste er einen Fu\u00df in beiden Welten haben\u2014einen Fu\u00df in der reellen Welt menschlicher Interaktionen, menschlicher Beziehungen und Schwierigkeiten und Komplexit\u00e4t der Beziehungen zwischen Nationen. Er musste Dinge sehen, die sehr besorgniserregend waren. Er konnte sich nicht in einer bevorzugten Welt verstecken, nur an gl\u00fcckliche Dinge oder sch\u00f6ne Dinge oder spirituelle Dinge glauben.<\/p>\n<p>Er musste einen Fu\u00df im Mysterium haben, tief darin verankert, so dass die Herausforderungen und die Versuchungen der Zukunft ihn nicht aus seiner Rolle und seinem Zweck bringen. Wer auf der Welt kann diese Dinge verstehen? Wer auf der Welt hat je den Boten getroffen oder kann das Mysterium und die Macht seiner Anwesenheit auf der Welt verstehen?<\/p>\n<p>Viele Leute werden einfach etwas vom Boten wollen\u2014Wunder, Dispens, Gefallen. Sie m\u00f6chten geheilt werden. Sie m\u00f6chten gesegnet werden. Sie m\u00f6chten bereichert werden. Sie m\u00f6chten gerettet werden. Sie m\u00f6chten gesch\u00fctzt werden. Sie k\u00fcmmern sich nicht darum, wer er ist, solange er f\u00fcr diese Dinge sorgen kann, und dann werden sie glauben, aber nur, um etwas zu erhalten, verstehen Sie? Seine Reise sollte daher einsam, isoliert, jenseits des Bereichs sogar jener sein, die gesandt wurden, ihn zu begleiten, ihn zu unterst\u00fctzen.<\/p>\n<p>Er sollte in zwei Welten leben, zwei Realit\u00e4ten \u00fcberbr\u00fccken\u2014so ungleich von einander sie auch sind. Wer kann das tun, ohne seinen Verstand zu verlieren oder auseinander zu fallen oder von dunklen Kr\u00e4ften auf der Welt verf\u00fchrt zu werden oder von Trag\u00f6dien, Verlust und Entbehrung eingeholt zu werden? Es war eine sehr lange Stra\u00dfe zu befahren, eine sehr herausfordernde Stra\u00dfe mit vielen Gefahren, aber der Bote ist an seinem Bestimmungsort eingetroffen.<\/p>\n<p>Er hat f\u00fcnfundzwanzig Jahre gebraucht, um die Offenbarung zu erhalten, so gro\u00df ist sie. Es ist die gr\u00f6\u00dfte Offenbarung, die jemals dieser Welt gegeben wurde, denn die Welt ist eine gebildete Welt, eine Welt menschlicher Gemeinden und einer Weltgemeinde, eine Welt globalen Transports, globaler Infrastruktur und Kommunikation.<\/p>\n<p>Hier bereitest du dich nicht vor, um irgendwo ein s\u00fc\u00dfes, idyllisches Leben zuzubringen. Du bereitest dich auf eine Welt in Verfall vor, eine Welt abnehmender Ressourcen und von wachsendem wirtschaftlichen und politischen Aufruhr, und du stehst vor der Realit\u00e4t des Lebens im Universum\u2014einer Realit\u00e4t, die Gefahren und Gelegenheiten birgt, die die Menschheit noch nicht erkannt hat.<\/p>\n<p>Dies sind Dinge, auf deren Besprechung der Bote vorbereitet wurde, denn sie sind Teil der Offenbarung, denn sie sind Teil der Bestimmung der Menschheit\u2014einer Bestimmung, die wenige auf der Welt ohne Verzerrung oder pers\u00f6nliche Pr\u00e4ferenzen klar sehen k\u00f6nnen.<\/p>\n<p>Der Bote erscheint allt\u00e4glich. Er ist ein bescheidener Mann. Er setzt sich nicht pers\u00f6nlich durch. Aber in ihm sind das Mysterium und die Macht der Sch\u00f6pfung, und die Br\u00fccke zwischen dieser Welt und der G\u00f6ttlichen Pr\u00e4senz, die \u00fcber diese Welt wacht.<\/p>\n<p>Er ist teilweise einer von Uns und teilweise einer von euch. Er muss beide Realit\u00e4ten aufrechterhalten und der Hirte sein, um die Leute auf den Berg zu f\u00fchren, den sie erklimmen m\u00fcssen.<\/p>\n<p>Ist er so gro\u00df wie die gro\u00dfen Sendboten der Vergangenheit? Nur Zeit und Umst\u00e4nde werden das ergeben. Er wird sich nicht selbst proklamieren, denn, wissen Sie, die Ehrgeizigen werden nie ausgew\u00e4hlt. Jene, die nach Selbstglorifizierung suchen, erhalten nie gr\u00f6\u00dfere Rollen oder gr\u00f6\u00dfere Botschaften f\u00fcr die Menschheit. Nur jene, die widerwillig und aufrichtig und selbstreflektierend sind, w\u00fcrden je f\u00fcr eine so hohe und wichtige Rolle ausgew\u00e4hlt.<\/p>\n<p>Denn es gibt nur einen Boten auf der Welt, und dieser Bote wird der Bote f\u00fcr diese Zeit und die kommenden Zeiten sein. Kein anderer, der dies von sich behauptet, kann die Offenbarung bringen. Kein anderer kann die Reise unternehmen, die der Bote zur\u00fccklegen musste.<\/p>\n<p>Andere werden wichtige Geschenke \u00fcberreichen, wenn sie ben\u00f6tigt werden, und letztendlich sollte jeder dies tun, denn das ist Teil des Zwecks jeder Person. Jeder wird ein Sprachrohr f\u00fcr eine gr\u00f6\u00dfere Pr\u00e4senz und Macht. Aber es gibt nur einen Boten, dessen Botschaft den Verlauf des menschlichen Verst\u00e4ndnisses ver\u00e4ndert und vom gro\u00dfen Wandel spricht, der den Verlauf des menschlichen Schicksals und der menschlichen Entwicklung ver\u00e4ndert.<\/p>\n<p>Ohne die Neue Botschaft von Gott w\u00fcrde die Menschheit in schwere Konflikte und abgr\u00fcndigen Verfall geraten und euch f\u00fcr au\u00dferirdische M\u00e4chte verletzlich machen, die bereits auf dieser Welt sind, um hier Einfluss und Autorit\u00e4t zu gewinnen. Den Leuten ist nicht klar, dass sie am Abgrund stehen, nicht nur des gro\u00dfen Wandels, sondern auch der Unterjochung.<\/p>\n<p>Dies ist die Gr\u00f6\u00dfere Finsternis auf der Welt, an die zu denken die meisten Leute zu viel Angst haben. Aber es gibt etwas, worauf sich die Menschheit vorbereiten muss und das ist der Grund, weshalb Gott eine Neue Offenbarung gegeben hat.<\/p>\n<p>Ein neuer Prophet ist auf die Welt gekommen. Beurteile ihn, wenn du kannst. Verherrliche ihn oder leugne ihn. Nenne ihn gro\u00df oder gebe ihm andere Namen. Dies hat nichts mit der Realit\u00e4t zu tun. Denn was die Leute w\u00fcnschen und was Gott wei\u00df, ist nicht dasselbe. Was die Leute denken und wohin die Welt geht, ist nicht dasselbe.<\/p>\n<p>Der Bote wird verleugnet. Er wird l\u00e4cherlich gemacht. Andere werden ihn angreifen. Andere werden sich von seiner Gegenwart und seinen Verk\u00fcndigungen bedroht f\u00fchlen\u2014nicht, weil er Unrecht hat, sondern weil sie sich der Tatsache nicht stellen k\u00f6nnen, dass Gott erneut gesprochen hat. Sie haben nicht den Mut und die Demut, ihre Haltung, ihre Vorstellungen oder ihre fr\u00fcheren Investitionen in sich zu \u00fcberdenken.<\/p>\n<p>Dies ist die Herausforderung, den Boten zu treffen. Er bringt eine ganz neue Realit\u00e4t mit, in sich, um sich und durch sich \u2014eine Realit\u00e4t, f\u00fcr deren kollektive Konfrontation die Menschheit noch nicht bereit ist. Nur Einzelne werden bereit f\u00fcr ihn sein, denn sie wurden durch ihre Lebenserfahrung, durch Desillusionierung, Entt\u00e4uschung und Anderes bereit.<\/p>\n<p>Es gibt viele Leute, die auf die Neue Offenbarung warten. Sie m\u00fcssen vom Boten erfahren. Denn er ist der Beweis, dass Macht und Pr\u00e4senz auf die Welt zur\u00fcckgekommen sind.<\/p>\n<p>Um dies zu sehen, m\u00fcssen Sie mit klaren Augen schauen. Sie m\u00fcssen zuh\u00f6ren. Sie m\u00fcssen mit einem tieferen H\u00f6ren zuh\u00f6ren. Sie m\u00fcssen der Macht der Kenntnis, der tieferen Intelligenz in Ihnen gestatten, zu reagieren.<\/p>\n<p>Denn wenn Sie den Boten aufgrund von Vorstellungen oder Ihren eigenen Projizierungen von Furcht und Schuld beurteilen, werden Sie nicht sehen und Sie werden nicht wissen. Wenn Sie Gottes Neue Offenbarung nicht empfangen k\u00f6nnen, was kann Gott dann f\u00fcr Sie tun? Falls Sie nicht folgen k\u00f6nnen, was Gott f\u00fcr die Nachfolge in Sie gelegt hat, die Macht und die Pr\u00e4senz der Kenntnis, was kann Gott dann anderes f\u00fcr Sie oder die Welt tun?<\/p>\n<p>Es gibt zahllose Welten, bewohnte Welten, im Universum. Dies ist nur eine. Der Herr dieser Welt ist der Herr aller Welten. Es ist kein menschliches Universum, mit dem Sie konfrontiert werden, und das ist der Grund, weshalb die Vorstellung von Himmel und H\u00f6lle so falsch sind, so beschr\u00e4nkt und wirklich pathetisch.<\/p>\n<p>Sie soll Sie in die Gr\u00f6\u00dfere Gemeinschaft bringen, was einen Teil des Zwecks des Boten und der Neuen Offenbarung darstellt.<\/p>\n<p>Der Bote steht vor einer monumentalen Aufgabe. Er allein kann die Offenbarung nicht in die Welt bringen. Es erfordert die Teilnahme, den Beitrag und die Kommunikation vieler anderer, die ihm hierbei behilflich sind.<\/p>\n<p>Die Offenbarung wurde mit ihrem eigenen Kommentar abgegeben und in so gro\u00dfer Ausf\u00fchrlichkeit und Wiederholung, dass sie sich nicht so sehr auf menschliche Interpretation verl\u00e4sst wie die fr\u00fcheren Botschaften, die der Menschheit gegeben wurden. Sie bringt das Verst\u00e4ndnis der Spiritualit\u00e4t auf der Ebene der Kenntnis mit sich\u2014Kenntnis und Weisheit von der Gr\u00f6\u00dferen Gemeinschaft\u2014eine Vorbereitung f\u00fcr eine neue Welt im Niedergang, eine gro\u00dfe Lehre \u00fcber menschliche Beziehungen und Verantwortung und dar\u00fcber, was die Nationen wissen m\u00fcssen, um miteinander angesichts des kommenden gro\u00dfen Wandels zu kooperieren.<\/p>\n<p>Dies ist nicht die Philosophie eines Mannes. Dies ist jenseits der Philosophie. Dies ist nicht verbunden mit irgendeiner Weltreligion. Dies ist der Beginn eines ganz neuen Verst\u00e4ndnisses. Dies ist keine Zur\u00fcckweisung oder Reaktion auf die Weltreligionen. Dies ist eine Neue Botschaft von Gott. Der Bote ist auf der Welt. Er wird nicht mehr sehr, sehr lange auf der Welt sein und das ist der Grund, weshalb er von jenen anerkannt werden muss, die diese gro\u00dfe Gelegenheit haben.<\/p>\n<p>Sein Leben war unerkl\u00e4rlich. Seine Gegenwart ist unerkl\u00e4rlich. Du musst mit klaren Augen schauen und mit einem tieferen Geh\u00f6r h\u00f6ren, um dies zu erkennen. Die B\u00fcrde liegt dann auf dem Zuh\u00f6rer, auf dem Empf\u00e4nger.<\/p>\n<p>Der Bote hat fast die gesamte Kommunikation erhalten. Es ist genug, um f\u00fcr Generationen und Jahrhunderte anzudauern. Denn niemand kann sagen, wie man sich auf die neue Welt vorbereitet. Niemand kann sagen, wie man sich auf eine Gr\u00f6\u00dfere Gemeinschaft intelligenten Lebens vorbereitet\u2014eine wettbewerbsorientierte Umgebung in einem Ma\u00dfstab, den man sich nicht vorstellen kann. Niemand kann zu dir vom tieferen Verstand sprechen. Niemand kann die Neue Offenbarung bringen.<\/p>\n<p>Die Offenbarungen werden immer einer einzelnen Person gegeben, damit es keine Verwirrung gibt. Es gibt keine verschiedenen Versionen. Es gibt keinen Wettbewerb zwischen verschiedenen Individuen, die denselben Anspruch erheben und verk\u00fcndigen. Es ist immer eine Einzelperson mit der Unterst\u00fctzung bestimmter mutiger Leute, die ein neues Bewusstsein und eine neue Wirklichkeit in die Welt bringen k\u00f6nnen.<\/p>\n<p>Jedes Zeitalter hat seine Propheten, aber die Boten kommen nur unregelm\u00e4\u00dfig, um den Kurs des menschlichen Verst\u00e4ndnisses, Bewusstseins und Schicksals zu \u00e4ndern.<\/p>\n<p>Sie werden sehen, dass der Bote beurteilt wird. Er wird verurteilt. Andere werden sich zum Ziel setzen, ihn zu zerst\u00f6ren. Lernt die Lektionen aus der Vergangenheit in dieser Beziehung. Er ist nicht einfach hier, um sich zu opfern, so dass andere Leute eine Geschichte \u00fcber ihn erschaffen k\u00f6nnen. Er hat seine eigene Geschichte\u2014die Geschichte des Boten, eine Geschichte, wor\u00fcber zu sprechen er zu bescheiden ist, eine Geschichte die allen offenbart werden muss, die h\u00f6ren und verstehen k\u00f6nnen.<\/p>\n<p>Die Leute m\u00f6chten, dass der Bote vieles ist, ihre W\u00fcnsche, ihren Glauben und ihre Pr\u00e4ferenzen zu erf\u00fcllen. Aber der Bote wurde von Gr\u00f6\u00dferen M\u00e4chten vorbereitet und von der G\u00f6ttlichen Macht gesandt, gem\u00e4\u00df einem Gr\u00f6\u00dferen Plan und einer Bestimmung auf der Welt zu sein.<\/p>\n<p>Seien Sie daher sorgf\u00e4ltig, wie Sie auf dieses seltene und bedeutende Individuum zugehen. Seien Sie sorgf\u00e4ltig mit ihren Erwartungen, Ihrem Glauben, Ihren vorgefassten Vorstellungen, ihren Urteilen und ihrer Bitterkeit. Denn diese k\u00f6nnen Sie alle blind machen gegen\u00fcber dem, der er ist und was er Ihnen und der ganzen Welt bieten kann.<\/p>\n<p>Mag der Segen mit ihm sein. Die Macht und die Pr\u00e4senz sind mit ihm. Er ist fehlbar. Er ist nicht perfekt. Er wird auf viele Schwierigkeiten sto\u00dfen. Das, was mit ihm und durch ihn ist, ist perfekt. Sein Leben ist ein Vehikel daf\u00fcr, wie dein Leben ebenso ein Vehikel f\u00fcr etwas Wichtiges ist. Aber er ist die Saat einer gr\u00f6\u00dferen Zukunft f\u00fcr die Menschheit, ein neues Verst\u00e4ndnis eurer Existenz innerhalb der Gr\u00f6\u00dferen Gemeinschaft, ein neues Verst\u00e4ndnis innerhalb der Gr\u00f6\u00dferen Gemeinschaft des Lebens und eines Wendepunkts, den die Menschheit nun beginnt zu durchlaufen.<\/p>\n<p>Lasse dies dein Verst\u00e4ndnis sein, aber komme nicht zu Schlussfolgerungen, denn das Bewusstsein des Boten beginnt gerade erst.<\/p>\n","protected":false},"excerpt":{"rendered":"<p>Heute werden wir die Geschichte vom Boten erz\u00e4hlen. Es ist eine Geschichte, die gro\u00dfe Macht und Bedeutung beinhaltet, falls man sie verstehen kann. Denn der Bote ist keine normale Person, obwohl er nach au\u00dfen normal erscheint. Und da er ein bescheidener Mann ist, stellt er sich selbst in keiner Weise in den Vordergrund. Er sucht\u2026 <a class=\"read-more\" href=\"https:\/\/www.v6.newmessage.org\/de\/about-recording-shortcode\/\"><span>Read More<\/span><\/a><\/p>\n","protected":false},"author":8,"featured_media":0,"parent":16489,"menu_order":0,"comment_status":"closed","ping_status":"open","template":"template-leftsidebar.php","meta":{"_monsterinsights_skip_tracking":false,"_monsterinsights_sitenote_active":false,"_monsterinsights_sitenote_note":"","_monsterinsights_sitenote_category":0,"footnotes":""},"categories":[76,119,30,465,460],"tags":[676,674,669,675],"_links":{"self":[{"href":"https:\/\/www.v6.newmessage.org\/de\/wp-json\/wp\/v2\/pages\/27225"}],"collection":[{"href":"https:\/\/www.v6.newmessage.org\/de\/wp-json\/wp\/v2\/pages"}],"about":[{"href":"https:\/\/www.v6.newmessage.org\/de\/wp-json\/wp\/v2\/types\/page"}],"author":[{"embeddable":true,"href":"https:\/\/www.v6.newmessage.org\/de\/wp-json\/wp\/v2\/users\/8"}],"replies":[{"embeddable":true,"href":"https:\/\/www.v6.newmessage.org\/de\/wp-json\/wp\/v2\/comments?post=27225"}],"version-history":[{"count":3,"href":"https:\/\/www.v6.newmessage.org\/de\/wp-json\/wp\/v2\/pages\/27225\/revisions"}],"predecessor-version":[{"id":27282,"href":"https:\/\/www.v6.newmessage.org\/de\/wp-json\/wp\/v2\/pages\/27225\/revisions\/27282"}],"up":[{"embeddable":true,"href":"https:\/\/www.v6.newmessage.org\/de\/wp-json\/wp\/v2\/pages\/16489"}],"wp:attachment":[{"href":"https:\/\/www.v6.newmessage.org\/de\/wp-json\/wp\/v2\/media?parent=27225"}],"wp:term":[{"taxonomy":"category","embeddable":true,"href":"https:\/\/www.v6.newmessage.org\/de\/wp-json\/wp\/v2\/categories?post=27225"},{"taxonomy":"post_tag","embeddable":true,"href":"https:\/\/www.v6.newmessage.org\/de\/wp-json\/wp\/v2\/tags?post=27225"}],"curies":[{"name":"wp","href":"https:\/\/api.w.org\/{rel}","templated":true}]}}