{"id":27185,"date":"2017-04-27T07:33:55","date_gmt":"2017-04-27T07:33:55","guid":{"rendered":"http:\/\/www.newmessage.org\/german-international\/?page_id=27185"},"modified":"2019-06-27T04:33:23","modified_gmt":"2019-06-27T04:33:23","slug":"was-ist-schopfung","status":"publish","type":"page","link":"https:\/\/www.v6.newmessage.org\/de\/die-botschaft\/band-1\/der-eine-gott\/was-ist-schopfung\/","title":{"rendered":"Was ist Sch\u00f6pfung?"},"content":{"rendered":"<div><!-- Master Archive version 4.1--><\/div>\n<div class=\"tabgroup \"><ul class=\"tabs\"><li><a href=\"#tabs-1\">H\u00f6re<\/a><\/li>\n<li><a href=\"#tabs-2\"> Anmerkung<\/a><\/li><\/ul>\n <div id=\"tabs-1\"><br \/>\nH\u00f6re die Stimme der Offenbarung:<\/p>\n\t\t\t\t<div id=\"jquery_jplayer_1\" class=\"jp-jplayer\"><\/div>\n\t\t\t\t<div id=\"jp_container_1\" class=\"jp-audio\">\n\t\t\t\t<div class=\"jp-type-single\"><div class=\"jp-control\"><a href=\"javascript:;\" class=\"jp-play\" tabindex=\"1\">play<\/a><a href=\"javascript:;\" class=\"jp-pause\" tabindex=\"1\">pause<\/a><\/div> <div class=\"jp-gui jp-interface\"><div class=\"jp-volume\"><div class=\"jp-volume-bar\"><div class=\"jp-volume-bar-value\"><\/div><\/div><\/div><div class=\"jp-progress\"><div class=\"jp-seek-bar\"><div class=\"jp-play-bar\"><\/div><\/div><\/div><\/div>\t\t\t\t\t<div class=\"jp-no-solution\"><span>Update Required<\/span>To play the media you will need to either update your browser to a recent version or update your <a href=\"http:\/\/get.adobe.com\/flashplayer\/\" target=\"_blank\">Flash plugin<\/a>.<\/div><\/div><\/div>\n\t\t\t<script type='text\/javascript'>\n\t\t\t\tjQuery(document).ready(function() {\n\t\t\t\t\tif (typeof (sermonMedia) == 'function') {\n\t\t\t\t\t\tsermonMedia.addAudio('', \"jquery_jplayer_1\");\n\t\t\t\t\t}\n\t\t\t\t\tjQuery.jPlayer.timeFormat.showHour = true;\n\t\t\t\t\tjQuery(\"#jquery_jplayer_1\").jPlayer({\n\t\t\t\t\t\tready: function(event) {\n\t\t\t\t\t\t\tjQuery(this).jPlayer(\"setMedia\", {mp3: 'https:\/\/newmessage.org\/av\/what-is-creation.mp3'});\n\t\t\t\t\t\t},\n\t\t\t\t\t\tplay: function() {\n\t\t\t\t\t\t\tjQuery(this).jPlayer(\"pauseOthers\");\n\t\t\t\t\t\t},\n\t\t\t\t\t\tswfPath: ThemeData.directory_uri+\"\/swf\",\n\t\t\t\t\t\tsolution: \"html, flash\",\n\t\t\t\t\t\tpreload: \"metadata\",\n\t\t\t\t\t\twmode: \"window\",\n\t\t\t\t\t\tsupplied: \"mp3\",\n\t\t\t\t\t\tcssSelectorAncestor: '#jp_container_1'\n\t\t\t\t\t});\n\t\t\t\t});\n\t\t\t<\/script>\n<p><a title=\"What is Creation?\" href=\"https:\/\/newmessage.org\/av\/what-is-creation.mp3\">Lade herunter<\/a> (Rechtsklick zum Herunterladen)<\/p>\n<p><em>Wie offenbart<br \/>\nMarshall Vian Summers<br \/>\nam 4. Februar 2008 \u2013<br \/>\nin Boulder, Colorado<\/em><\/p>\n<div class=\"toggle toggle-white\"><h4 class=\"trigger \"><span class=\"t_ico\"><\/span><a href=\"#\">\u00dcber diese Aufzeichnung<\/a><\/h4><div class=\"toggle_container \"><br \/>\n<div id=\"yui_3_16_0_ym19_1_1467955126517_3327\" dir=\"ltr\"><span id=\"yui_3_16_0_ym19_1_1467955126517_3177\"><span id=\"yui_3_16_0_ym19_1_1467955126517_3178\">Was Du in dieser Audioaufzeichnung h\u00f6rst, ist die Stimme des Engelsrates, die durch den Boten Marshall Vian Summers spricht.<\/span><\/span><\/div>\n<div dir=\"ltr\"><span id=\"yui_3_16_0_ym19_1_1467955126517_3177\"><span id=\"yui_3_16_0_ym19_1_1467955126517_3178\">\u00a0<\/span><\/span><\/div>\n<div id=\"yui_3_16_0_ym19_1_1467955126517_3359\" dir=\"ltr\"><span id=\"yui_3_16_0_ym19_1_1467955126517_3177\"><span id=\"yui_3_16_0_ym19_1_1467955126517_3178\"> Hier wird die originale Mitteilung Gottes, die jenseits von Worten existiert, vom Engelsrat, der \u00fcber die Welt wacht, in menschliche Sprache und menschliches Verst\u00e4ndnis \u00fcbersetzt. Der Engelsrat bringt dann Gottes Botschaft \u00fcber den Boten dar.<br \/>\n<\/span><\/span><\/div>\n<div id=\"yui_3_16_0_ym19_1_1467955126517_3369\" dir=\"ltr\"><span id=\"yui_3_16_0_ym19_1_1467955126517_3177\"><span id=\"yui_3_16_0_ym19_1_1467955126517_3178\">\u00a0<\/span><\/span><\/div>\n<div id=\"yui_3_16_0_ym19_1_1467955126517_3370\" dir=\"ltr\"><span id=\"yui_3_16_0_ym19_1_1467955126517_3177\"><span id=\"yui_3_16_0_ym19_1_1467955126517_3178\">In diesem bemerkenswerten Prozess spricht die Stimme der Offenbarung erneut. Das Wort und der Ton sind in der Welt. Zum ersten Mal in der Geschichte ist f\u00fcr euch und f\u00fcr die Welt die Aufzeichnung der urspr\u00fcnglichen gesprochenen Offenbarung verf\u00fcgbar, um erfahren zu werden.<br \/>\n<\/span><\/span><\/div>\n<div id=\"yui_3_16_0_ym19_1_1467955126517_3436\" dir=\"ltr\"><span id=\"yui_3_16_0_ym19_1_1467955126517_3177\"><span id=\"yui_3_16_0_ym19_1_1467955126517_3178\">\u00a0<\/span><\/span><\/div>\n<div id=\"yui_3_16_0_ym19_1_1467955126517_3435\" dir=\"ltr\"><span id=\"yui_3_16_0_ym19_1_1467955126517_3177\"><span id=\"yui_3_16_0_ym19_1_1467955126517_3178\">M\u00f6gest du der  Empf\u00e4nger dieses Geschenks der Offenbarung werden und m\u00f6gest du dich \u00f6ffnen, um diese einmalige Botschaft f\u00fcr dich und f\u00fcr dein Leben zu empfangen.<\/span><\/span><\/div>\n<br \/>\n<\/div><\/div><br \/>\n<\/div>\n<div id=\"tabs-2\"><br \/>\n<em> Anmerkung an den Leser:<br \/>\nDiese \u00dcbersetzung wurde der Society von einem Sch\u00fcler der Neuen Botschaft verf\u00fcgbar gemacht, der den englischen Originaltext als Freiwilliger \u00fcbersetzt hat. Wir stellen diese \u00dcbersetzung in dieser fr\u00fchen Form zur Verf\u00fcgung, damit jeder Gelegenheit hat, sich mit einem Teil der Neuen Botschaft in seiner eigenen Sprache zu befassen.<\/em><br \/>\n<\/div>\n\t\t\t\t<div align=\"right\">\n\t\t\t<div class=\"fb-like\" data-href=\"\" data-layout=\"button_count\" data-action=\"like\" data-show-faces=\"false\" data-share=\"false\"><\/div>\n\t\t\t<div class=\"fb-share-button\" data-layout=\"button_count\"> <\/div>\n\t\t\t<div class=\"fb_iframe_widget\"><a href=\"https:\/\/twitter.com\/godsnewmessage?ref_src=twsrc%5Etfw\" class=\"twitter-follow-button\" data-show-count=\"false\">Follow @godsnewmessage<\/a><script async src=\"https:\/\/platform.twitter.com\/widgets.js\" charset=\"utf-8\"><\/script><\/div>\n\t\t\t<\/div> <\/div> \n<br \/>\nEs ist nun Zeit, dass die Menschheit von der Spiritualit\u00e4t in der Gr\u00f6\u00dferen Gemeinschaft des Lebens erf\u00e4hrt, in welcher eure Welt immer existiert hat. Es ist nun Zeit, aus der Konzentration auf den eigenen Stamm und der Identifikation mit dem eigenen Stamm herauszuwachsen, um ein neues Modell zu erfahren, um die Evolution des religi\u00f6sen Verst\u00e4ndnisses im Universum zu erkennen, wo es sich am vollst\u00e4ndigsten zum Ausdruck gebracht hat und wo es weitestgehend erreicht wurde.<\/p>\n<p>Die Menschheit muss nun eine gr\u00f6\u00dfere Perspektive erlangen, um die menschliche Einheit einzurichten, den Gro\u00dfen Wellen des Wandels zu begegnen und sich ihnen zu stellen und die Gr\u00f6\u00dfere Finsternis auszugleichen, die in der Welt ist.<\/p>\n<p>Ihr k\u00f6nnt einer neuen Realit\u00e4t mit einem alten Verst\u00e4ndnis begegnen, und deshalb hat Gott die Neue Botschaft in die Welt gesandt, eine Botschaft f\u00fcr den Schutz und das Vorankommen der Menschheit.<\/p>\n<p>Die erste Frage ist: Was ist Sch\u00f6pfung? Sch\u00f6pfung ist alles, was Gott in der Zeit und jenseits der Zeit geschaffen hat. Ihr lebt in der Zeit, also lebt ihr in einem Teil der Sch\u00f6pfung, der in Bewegung ist, der im Fluss ist, der instabil ist und sich entwickelt und ausdehnt. Dieser Teil der Sch\u00f6pfung wurde eingerichtet, um eine Heimat f\u00fcr die Getrennten zu schaffen, wo sie die Trennung erfahren k\u00f6nnten und die Gelegenheit h\u00e4tten, einen Weg zu w\u00e4hlen, um zu jenem Teil der Sch\u00f6pfung zur\u00fcckzukehren, der sich nicht \u00e4ndert, der komplett und ewig ist.<\/p>\n<p>Die Sch\u00f6pfung, mit der ihr euch besch\u00e4ftigen m\u00fcsst, ist diese vorl\u00e4ufige Sch\u00f6pfung,\u2014ein Ort der Zeit und des Raums, eine physische Realit\u00e4t, eine Realit\u00e4t des stetigen Wandels, der sich entwickelnden Systeme, eine Realit\u00e4t des Kontrastes und Konfliktes, eine Realit\u00e4t von Leben und Tod.<\/p>\n<p>Die Trennung schuf diese Realit\u00e4t, denn Gott wusste, dass die Getrennten ein Fundament haben m\u00fcssen, auf dem sie existieren k\u00f6nnen. Dies hat das physische Universum in Bewegung gesetzt, das ihr gerade erst beginnt, zu verstehen, und dem zu dienen und das anzuerkennen ihr lernen m\u00fcsst, wenn ihr aus seinen Faszinationen herauswachsen wollt und seine Trag\u00f6dien vergeben wollt.<\/p>\n<p>Die Sch\u00f6pfung jenseits davon ist nun jenseits eures Bewusstseins, obwohl ihr eigentlich darin lebt. Denn die vorl\u00e4ufige Sch\u00f6pfung geschieht auf einer anderen Ebene. Ihr seid bereits von der permanenten Sch\u00f6pfung umgeben, aber eure Augen k\u00f6nnen sie nicht sehen, eure Ohren k\u00f6nnen sie nicht h\u00f6ren und eure Finger k\u00f6nnen sie nicht ber\u00fchren, da eure Sinne nur eingerichtet wurden, um physische Dinge zu erkennen und Dinge, die sich bewegen, Objekte, die sich bewegen und Ger\u00e4usche, die sich \u00e4ndern.<\/p>\n<p>Die gr\u00f6\u00dfere Realit\u00e4t, in der ihr lebt, ist rings um euch. Ihr habt sie nie verlassen, aber da ihr euch auf eure Sinne verlasst, k\u00f6nnt ihr sie nicht direkt ohne eine bestimmte Art der Vorbereitung erfahren.<\/p>\n<p>Dies ist v\u00f6llig verwirrend f\u00fcr das Verst\u00e4ndnis von zahllosen Rassen von Wesen, die in der Gr\u00f6\u00dferen Gemeinschaft des intelligenten Lebens leben, welche das physische Universum umfasst, in dem ihr lebt. Sie erfahren alle eine Evolution. Sie stellen die Evolution des Bewusstseins dar, der Technik und des sozialen Gef\u00fcges auf jedem wahrnehmbaren Niveau.<\/p>\n<p>Dies alles geschieht in der permanenten Sch\u00f6pfung selbst. Denn w\u00e4hrend es eine Trennung zu geben scheint und ihr in diesem getrennten Zustand lebt\u2014wo alles  abgesondert und einmalig erscheint; wo sich alles \u00e4ndert und bewegt, geboren wird und stirbt\u2014habt ihr die permanente Sch\u00f6pfung nicht verlassen. Sie ist noch hier.<\/p>\n<p>Die Trennung ist grundlegend ein Problem der Wahrnehmung, der Kommunikation und des Bewusstseins. Es hat sehr wenige Individuen in der Geschichte der Menschheit gegeben, die in der Lage waren, den Schleier zu durchbrechen,  der diese physische, vorl\u00e4ufige, sich \u00e4ndernde Realit\u00e4t von eurer permanenten Realit\u00e4t trennt, welche eure Uralte Heimat darstellt\u2014wo Gott bekannt ist, wo ihr bekannt seid, wo es keine Fragen gibt, denn es gibt keine Konflikte, wo \u00c4nderung nicht existiert, da sie nicht ben\u00f6tigt wird.<\/p>\n<p>Dies ist unfassbar f\u00fcr euch in eurem aktuellen Zustand, und es ist aufgrund eurer Priorit\u00e4ten und Ziele nicht einmal w\u00fcnschenswert. Aber es ist wichtig, f\u00fcr euch zu wissen, dass die Trennung nicht wirklich erfolgreich war und dass der Bruch von Gott in dieser Teilsch\u00f6pfung, in der ihr existiert, nicht wirklich vollzogen wurde. Aber sie ist getrennt. Deshalb \u00e4ndert sie sich und deshalb entwickelt sie sich.<\/p>\n<p>Wenn sich das Leben im physischen Zustand nicht \u00e4ndern und entwickeln w\u00fcrde, w\u00e4re es die H\u00f6lle f\u00fcr euch. Stellt euch vor, ihr w\u00e4rt in einer Realit\u00e4t, die euch nicht gef\u00e4llt, einer Realit\u00e4t, die sich nie \u00e4ndert. Ihr w\u00fcrdet keine Hoffnung haben. Ihr w\u00fcrdet keinen Fortschritt machen. Und sogar wenn jene physische Realit\u00e4t, jene sich nicht \u00e4ndernde Realit\u00e4t, perfekt w\u00e4re und alle eure wahrgenommenen Bed\u00fcrfnisse decken w\u00fcrde, w\u00fcrdet ihr nach einer Weile merken, dass ihr in einem von Natur aus unbequemen, problematischen und schwierigen K\u00f6rper lebt und ihr w\u00fcrdet gerne frei sein. Aber ihr k\u00f6nntet in jenem Fall nicht frei sein, denn ihr h\u00e4ttet eine Art von [Unsterblichkeit] in eurer imagin\u00e4ren physischen Realit\u00e4t erlangt, und ihr w\u00e4rt in der Falle, versteht ihr?<\/p>\n<p>Die H\u00f6lle ist ein sch\u00f6ner Ort, an dem ihr nie gl\u00fccklich sein k\u00f6nnt. Das ist die H\u00f6lle. W\u00e4rt ihr an einem Ort wirklicher Qualen, w\u00fcrdet ihr direkt heim zu Gott gehen wollen. Aber hier, in dieser sch\u00f6nen H\u00f6lle, seid ihr ambivalent, ihr seid gebunden. Sie fasziniert euch; sie verf\u00fchrt euch; sie hypnotisiert euch. Und obwohl ihr ihre Gefahren, ihren Terror und ihre Unvorhersagbarkeit  in dieser aktuellen physischen Realit\u00e4t f\u00fcrchtet, seid ihr doch darauf fixiert.<\/p>\n<p>Also ist f\u00fcr euch die Sch\u00f6pfung das physische Universum. Es scheint f\u00fcr immer zu sein, aber es ist in Wirklichkeit vor\u00fcbergehend. Es hat einen Beginn, eine Mitte und ein Ende. Ihr habt nicht einmal den Mittelpunkt dieses sich ausdehnenden Universums erreicht, also ist dies etwas, das euer Verst\u00e4ndnis verwirrt.<\/p>\n<p>Es ist wichtig f\u00fcr euch zu wissen, solltet ihr jemals denken, dass Unsterblichkeit im physischen Reich w\u00fcnschenswert ist, dass ihr erkennen m\u00fcsst, dass ein solcher Zustand die H\u00f6lle selbst w\u00e4re. An einem sch\u00f6nen Ort zu sein, an dem ihr nie gl\u00fccklich sein k\u00f6nnt, w\u00e4re extrem h\u00f6llisch und ihr w\u00e4rt dort f\u00fcr lange Zeit festgehalten, denn ihr w\u00fcrdet dies weiterhin w\u00fcnschen, daran glauben, darauf hoffen und versuchen, es funktionieren zu lassen.<\/p>\n<p>Die Tatsache, dass sich eure physische Realit\u00e4t st\u00e4ndig \u00e4ndert, erweitert und entwickelt und durch Wachstum und Verfall geht, gibt euch Hoffnung und das Versprechen, dass euer h\u00f6herer Zweck und das Bed\u00fcrfnis der Seele hier erf\u00fcllt werden k\u00f6nnen.<\/p>\n<p>Dies erfordert ein v\u00f6llig anderes theologisches und philosophisches Fundament. Wenn ihr glaubt, dass ihr in der Welt seid, weil ihr ges\u00fcndigt habt oder weil ihr verdammt worden seid, werdet ihr die gro\u00dfe Gelegenheit nicht erkennen, die in eurer Realit\u00e4t zu eurer Erl\u00f6sung besteht. In der Tat machen die philosophischen Fundamente vieler der heutigen Weltreligionen dieses Bild unglaublich komplex, unklar und schwer zu erkennen.<\/p>\n<p>Doch Gott hat Kenntnis in euch gelegt, einen tieferen Verstand, ein tieferes Verst\u00e4ndnis. Und diese Kenntnis enth\u00e4lt euren Zweck und eure Richtung und das Versprechen eurer gr\u00f6\u00dferen Errungenschaften in der Welt.<\/p>\n<p>Da ihr die Trennung eingegangen seid, m\u00fcsst ihr nun der Trennung dienen. Ihr m\u00fcsst den Menschen und dem Leben in diesem getrennten Zustand dienen. Dies ist, wie ihr die Dauerhaftigkeit eurer Uralten Heimat wieder entdeckt und wieder erfahrt.<\/p>\n<p>Erl\u00f6sung bedeutet nicht, Gott einfach zu gefallen oder in den Himmel zu kommen oder Gott nicht zu gefallen und in die H\u00f6lle zu kommen. Dies ist l\u00e4cherlich. Dies stellt einen rein menschlichen getrennten Zustand des Verstands und der Wahrnehmung dar. Ihr glaubt, dass die Gerechten belohnt werden sollten und die B\u00f6sen bestraft werden sollten und dass Gott Belohnungen gibt und bestraft. Ihr stellt euch Gott wie euch selbst vor\u2014euer Temperament zu haben, eure Werte zu haben, euren Sinn f\u00fcr Gerechtigkeit aufrecht zu erhalten und eure Kriterien und Erwartungen zu erf\u00fcllen. Dies ist nat\u00fcrlich t\u00f6richt und arrogant, aber dies ist die Haltung vieler Menschen.<\/p>\n<p>Aber macht euch keine Sorgen, den jeder im physischen Universum, die zahllosen Rassen von Wesen in allen Stadien der Evolution haben dieselbe Art von Annahmen. Das ist zu erwarten. Gott wird nicht dadurch genarrt. Gott wird dadurch nicht ver\u00e4rgert. Es ist einfach das Ergebnis des Lebens in einem getrennten Zustand.<\/p>\n<p>Sogar eure Vorstellungen von Religion und Spiritualit\u00e4t gr\u00fcnden in diesem getrennten Zustand. Die Menschen stellen sich den Himmel als eine Art von vollkommener Version ihrer physischen Realit\u00e4t vor, ohne zu erkennen, dass sollte eine solche Realit\u00e4t jemals geschaffen worden sein, es die H\u00f6lle selbst w\u00e4re. An einem sch\u00f6nen Ort zu sein, wo ihr nie gl\u00fccklich sein k\u00f6nnt, w\u00e4re eine Art von fortbestehender H\u00f6lle.<\/p>\n<p>Gott kann euch nicht mit dem Zauberstab oder irgendeinem Zauberspruch gl\u00fccklich machen. Ihr m\u00fcsst zu eurem dauerhaften Zustand zur\u00fcckkehren, wie Gott euch geschaffen hat, nicht als ein konfliktbeladenes Individuum. Ihr w\u00e4rt nicht in der Lage, als konfliktbeladenes, ungl\u00fcckliches Individuum eure dauerhafte Realit\u00e4t zu erfahren. Ihr w\u00fcrdet die Projektionen eures eigenen Verstands sehen. Ihr w\u00fcrdet in einer Umgebung sein wollen, die euren konfliktbeladenen Zustand darstellt und das ist es, was euch hier h\u00e4lt.<\/p>\n<p>Ihr k\u00f6nntet in einem schlechteren Zustand sein. Ihr k\u00f6nntet die H\u00f6lle gr\u00fcndlicher erfahren, Ihr k\u00f6nntet sicherlich elender sein. Dies scheint nicht das Ziel f\u00fcr den Grad des Elends zu sein, den die Menschen bereit sind, sich daran zu gew\u00f6hnen und anzupassen.<\/p>\n<p>Aber dennoch ist die Sch\u00f6pfung komplett und eure vor\u00fcbergehende Erfahrung in dieser vor\u00fcbergehenden Realit\u00e4t, die ihr das physische Universum nennt, ist nur ein winziger Teil von Gottes dauerhafter Sch\u00f6pfung\u2014einer Sch\u00f6pfung, die ihr noch nicht klar f\u00fcr euch selbst erfahren k\u00f6nnt, auch wenn ihr hier und da einen Blick erhascht.<\/p>\n<p>Die \u00dcberzeugungen und Annahmen der Menschen, ihre metaphysischen Vorstellungen, ihre religi\u00f6sen Werte und ihre Spekulationen leiden alle unter einer Art von Niveauverwirrung. Sie versuchen, sich einen dauerhaften gesegneten Zustand, Himmel genannt, vorzustellen, aber sie k\u00f6nnen es nicht sehen, wie es wirklich ist. Sie k\u00f6nnen damit noch nicht in Resonanz treten, wie es wirklich ist, denn sie sind nicht bereit daf\u00fcr. Sie haben sich noch nicht auf den Himmel vorbereitet, um zur\u00fcckzukehren. Sie sind nicht komplett in ihrem Dienst hier in der physischen Realit\u00e4t. Sie haben ihre Mission hier nicht abgeschlossen.<\/p>\n<p>Als die Trennung begann, vor jeder eurer Sch\u00e4tzungen der Zeit oder Geschichte, wurde die L\u00f6sung sofort geschaffen. Denn w\u00e4hrend die Trennung euch narren kann, euch gefangen halten kann, euch verzaubern kann, euch einfangen kann und alle anderen Existenzen und Wesen, die zu dieser Zeit in der physischen Realit\u00e4t sind, k\u00f6nnte sie Gott nicht narren. Sie mag narrensicher sein, aber sie ist nicht Gott-sicher. Also wurde die L\u00f6sung sofort geschaffen. Aber was die Zeit anbelangt, scheint sie eine so gro\u00dfe Menge an Erfahrung zu brauchen, damit die L\u00f6sung angenommen, erfahren und ausgedr\u00fcckt wird.<\/p>\n<p>Ihr verweilt in der Zeit. Zeit ist das Intervall zwischen der Stelle, an der ihr eure dauerhafte Sch\u00f6pfung verlassen habt, bis zu dem Zeitpunkt, an dem ihr endg\u00fcltig zu ihr zur\u00fcckkehrt. Jenes Intervall wird Zeit genannt. Zeit ist unfassbar und unn\u00f6tig in eurer dauerhaften Realit\u00e4t, denn Zeit ist auf Wandel bezogen. Sie ist auf Ereignisse bezogen, die sich \u00e4ndern. Es ist etwas, das den Fortschritt der Ereignisse kennzeichnet.<\/p>\n<p>Der gesamte Begriff der Zeit ist Teil der Anpassung an das Leben in einer physischen Realit\u00e4t. Es ist eine Form der Messung, die aus der Notwendigkeit entstanden ist, in der Lage zu sein, die eigenen Gedanken und Handlungen zu organisieren, um in der Lage zu sein, eine Schnittstelle zu einer sich \u00e4ndernden physischen Realit\u00e4t zu sein, in der Lage zu sein, den eigenen Fortschritt und die eigenen Leistungen zu kennzeichnen und die eigene Geschichte  und Vergangenheit und die Geschichte und Vergangenheit von anderen zu verstehen, die sich hier aufgehalten haben. Zeit ist unn\u00f6tig in eurer dauerhaften Realit\u00e4t. Sie ist irrelevant.<\/p>\n<p>Ihr k\u00f6nnt aus Unseren Worten erkennen, wie weit ihr noch davon entfernt seid, dies erfahren zu k\u00f6nnen oder damit in Resonanz zu treten. Vielleicht fasziniert euch das. Vielleicht st\u00f6\u00dft es eure uralte Erinnerung in euch an. Vielleicht gibt es Aspekte davon, nach denen ihr euch sehnt. Vielleicht erscheint es euch langweilig und unaufregend und nicht attraktiv, in einer unwandelbaren Realit\u00e4t zu leben.<\/p>\n<p>Ihr seid so dem Wandel verfallen. Ihr liebt den Wandel und hasst den Wandel. Ihr liebt eure physische Existenz und hasst eure physische Existenz. Sie fasziniert euch. Sie stimuliert euch. Und doch verletzt sie euch, erschreckt sie euch und entt\u00e4uscht sie euch.<\/p>\n<p>Es ist ein scheinbar un\u00fcberwindbares Problem, eine Verwirrung und Zweiteilung, die Gottes Antwort direkt anspricht. Denn Gott hat eine tiefere Intelligenz in euch gelegt, die nicht von dem verwirrt wird, was euren weltlich denkenden Verstand verwirrt. Sie wird von der Welt nicht durcheinander gebracht. Sie wird nicht durch Erscheinungen get\u00e4uscht. Sie wird nicht von all dem angezogen, was euch zu verleiten scheint, zu verf\u00fchren und anzulocken. Sie wird nicht von dem erschreckt, was euch erschreckt. Sie hat keine Angst vor Wandel, Verlust und Tod. Denn sie ist der dauerhafte Teil von euch. Sie ist der Teil von euch, der niemals von Gott getrennt werden konnte.<\/p>\n<p>Diese Kenntnis ist nun in euch. Sie ist hier auf einer Mission, um unter gewissen Umst\u00e4nden, bei bestimmten Individuen, beizutragen, um gewisse Dinge zu erreichen. Ihr letztendlicher Zweck ist jenseits eures Verst\u00e4ndnisses, aber die Schritte, die sie euch stellt, sind sofort zug\u00e4nglich und k\u00f6nnen erkannt werden, wenn ihr bereit, offen und f\u00e4hig seid. Sie l\u00f6st das Dilemma, denn sie dr\u00fcckt die Realit\u00e4t eurer Uralten Heimat durch euch aus, w\u00e4hrend ihr hier in dieser vor\u00fcbergehenden physischen Realit\u00e4t seid. Sie demonstriert eine gr\u00f6\u00dfere Macht, eine gr\u00f6\u00dfere Resonanz und eine gr\u00f6\u00dfere Beziehung. Und sie gew\u00e4hrt einen realen, sp\u00fcrbaren Dienst hier in der Welt, in der die Menschen leiden, die in der Zeit verweilen.<\/p>\n<p>Gott ist in diesem Zusammenhang nicht achtlos. Gott schickt in die Welt, was ben\u00f6tigt wird, um jeden hier zu veranlassen, sich in eine positive Richtung zu bewegen. Die Menschen in dieser Realit\u00e4t haben die Entscheidung und die Befugnis, die Welt mehr zu einer Reflexion ihrer Uralten Heimat oder zu einem h\u00f6llischeren Ort zu machen.<\/p>\n","protected":false},"excerpt":{"rendered":"<p>Es ist nun Zeit, dass die Menschheit von der Spiritualit\u00e4t in der Gr\u00f6\u00dferen Gemeinschaft des Lebens erf\u00e4hrt, in welcher eure Welt immer existiert hat. Es ist nun Zeit, aus der Konzentration auf den eigenen Stamm und der Identifikation mit dem eigenen Stamm herauszuwachsen, um ein neues Modell zu erfahren, um die Evolution des religi\u00f6sen Verst\u00e4ndnisses\u2026 <a class=\"read-more\" href=\"https:\/\/www.v6.newmessage.org\/de\/about-recording-shortcode\/\"><span>Read More<\/span><\/a><\/p>\n","protected":false},"author":8,"featured_media":0,"parent":16297,"menu_order":0,"comment_status":"closed","ping_status":"closed","template":"template-leftsidebar.php","meta":{"_monsterinsights_skip_tracking":false,"_monsterinsights_sitenote_active":false,"_monsterinsights_sitenote_note":"","_monsterinsights_sitenote_category":0,"footnotes":""},"categories":[76,30,379,460],"tags":[573,653,654],"_links":{"self":[{"href":"https:\/\/www.v6.newmessage.org\/de\/wp-json\/wp\/v2\/pages\/27185"}],"collection":[{"href":"https:\/\/www.v6.newmessage.org\/de\/wp-json\/wp\/v2\/pages"}],"about":[{"href":"https:\/\/www.v6.newmessage.org\/de\/wp-json\/wp\/v2\/types\/page"}],"author":[{"embeddable":true,"href":"https:\/\/www.v6.newmessage.org\/de\/wp-json\/wp\/v2\/users\/8"}],"replies":[{"embeddable":true,"href":"https:\/\/www.v6.newmessage.org\/de\/wp-json\/wp\/v2\/comments?post=27185"}],"version-history":[{"count":4,"href":"https:\/\/www.v6.newmessage.org\/de\/wp-json\/wp\/v2\/pages\/27185\/revisions"}],"predecessor-version":[{"id":28759,"href":"https:\/\/www.v6.newmessage.org\/de\/wp-json\/wp\/v2\/pages\/27185\/revisions\/28759"}],"up":[{"embeddable":true,"href":"https:\/\/www.v6.newmessage.org\/de\/wp-json\/wp\/v2\/pages\/16297"}],"wp:attachment":[{"href":"https:\/\/www.v6.newmessage.org\/de\/wp-json\/wp\/v2\/media?parent=27185"}],"wp:term":[{"taxonomy":"category","embeddable":true,"href":"https:\/\/www.v6.newmessage.org\/de\/wp-json\/wp\/v2\/categories?post=27185"},{"taxonomy":"post_tag","embeddable":true,"href":"https:\/\/www.v6.newmessage.org\/de\/wp-json\/wp\/v2\/tags?post=27185"}],"curies":[{"name":"wp","href":"https:\/\/api.w.org\/{rel}","templated":true}]}}