{"id":27179,"date":"2017-04-27T05:39:12","date_gmt":"2017-04-27T05:39:12","guid":{"rendered":"http:\/\/www.newmessage.org\/german-international\/?page_id=27179"},"modified":"2019-06-27T04:32:46","modified_gmt":"2019-06-27T04:32:46","slug":"was-erzeugt-das-bose","status":"publish","type":"page","link":"https:\/\/www.v6.newmessage.org\/de\/die-botschaft\/band-1\/der-eine-gott\/was-erzeugt-das-bose\/","title":{"rendered":"Was erzeugt das B\u00f6se?"},"content":{"rendered":"<div><!-- Master Archive version 4.1--><\/div>\n\n<div class=\"tabgroup \"><ul class=\"tabs\"><li><a href=\"#tabs-1\">H\u00f6re<\/a><\/li>\n<li><a href=\"#tabs-2\"> Anmerkung<\/a><\/li><\/ul>\n <div id=\"tabs-1\"><br \/>\nH\u00f6re die Stimme der Offenbarung:<\/p>\n<div id=\"jquery_jplayer_1\" class=\"jp-jplayer\"><\/div>\n\t\t\t\t<div id=\"jp_container_1\" class=\"jp-audio\">\n\t\t\t\t<div class=\"jp-type-single\"><div class=\"jp-control\"><a href=\"javascript:;\" class=\"jp-play\" tabindex=\"1\">play<\/a><a href=\"javascript:;\" class=\"jp-pause\" tabindex=\"1\">pause<\/a><\/div> <div class=\"jp-gui jp-interface\"><div class=\"jp-volume\"><div class=\"jp-volume-bar\"><div class=\"jp-volume-bar-value\"><\/div><\/div><\/div><div class=\"jp-progress\"><div class=\"jp-seek-bar\"><div class=\"jp-play-bar\"><\/div><\/div><\/div><\/div>\t\t\t\t\t<div class=\"jp-no-solution\"><span>Update Required<\/span>To play the media you will need to either update your browser to a recent version or update your <a href=\"http:\/\/get.adobe.com\/flashplayer\/\" target=\"_blank\">Flash plugin<\/a>.<\/div><\/div><\/div>\n\t\t\t<script type='text\/javascript'>\n\t\t\t\tjQuery(document).ready(function() {\n\t\t\t\t\tif (typeof (sermonMedia) == 'function') {\n\t\t\t\t\t\tsermonMedia.addAudio('', \"jquery_jplayer_1\");\n\t\t\t\t\t}\n\t\t\t\t\tjQuery.jPlayer.timeFormat.showHour = true;\n\t\t\t\t\tjQuery(\"#jquery_jplayer_1\").jPlayer({\n\t\t\t\t\t\tready: function(event) {\n\t\t\t\t\t\t\tjQuery(this).jPlayer(\"setMedia\", {mp3: 'https:\/\/newmessage.org\/av\/what-creates-evil.mp3'});\n\t\t\t\t\t\t},\n\t\t\t\t\t\tplay: function() {\n\t\t\t\t\t\t\tjQuery(this).jPlayer(\"pauseOthers\");\n\t\t\t\t\t\t},\n\t\t\t\t\t\tswfPath: ThemeData.directory_uri+\"\/swf\",\n\t\t\t\t\t\tsolution: \"html, flash\",\n\t\t\t\t\t\tpreload: \"metadata\",\n\t\t\t\t\t\twmode: \"window\",\n\t\t\t\t\t\tsupplied: \"mp3\",\n\t\t\t\t\t\tcssSelectorAncestor: '#jp_container_1'\n\t\t\t\t\t});\n\t\t\t\t});\n\t\t\t<\/script><\/p>\n<p><a title=\"What Creates Evil? God\" href=\"https:\/\/newmessage.org\/av\/what-creates-evil.mp3\">Lade herunter<\/a> (Rechtsklick zum Herunterladen)<\/p>\n<p><em>Wie offenbart<br \/>\nMarshall Vian Summers<br \/>\nam 17. Januar 2008 \u2013<br \/>\nin Boulder, Colorado<\/em><br \/>\n<div class=\"toggle toggle-white\"><h4 class=\"trigger \"><span class=\"t_ico\"><\/span><a href=\"#\">\u00dcber diese Aufzeichnung<\/a><\/h4><div class=\"toggle_container \"><br \/>\n<div id=\"yui_3_16_0_ym19_1_1467955126517_3327\" dir=\"ltr\"><span id=\"yui_3_16_0_ym19_1_1467955126517_3177\"><span id=\"yui_3_16_0_ym19_1_1467955126517_3178\">Was Du in dieser Audioaufzeichnung h\u00f6rst, ist die Stimme des Engelsrates, die durch den Boten Marshall Vian Summers spricht.<\/span><\/span><\/div>\n<div dir=\"ltr\"><span id=\"yui_3_16_0_ym19_1_1467955126517_3177\"><span id=\"yui_3_16_0_ym19_1_1467955126517_3178\">\u00a0<\/span><\/span><\/div>\n<div id=\"yui_3_16_0_ym19_1_1467955126517_3359\" dir=\"ltr\"><span id=\"yui_3_16_0_ym19_1_1467955126517_3177\"><span id=\"yui_3_16_0_ym19_1_1467955126517_3178\"> Hier wird die originale Mitteilung Gottes, die jenseits von Worten existiert, vom Engelsrat, der \u00fcber die Welt wacht, in menschliche Sprache und menschliches Verst\u00e4ndnis \u00fcbersetzt. Der Engelsrat bringt dann Gottes Botschaft \u00fcber den Boten dar.<br \/>\n<\/span><\/span><\/div>\n<div id=\"yui_3_16_0_ym19_1_1467955126517_3369\" dir=\"ltr\"><span id=\"yui_3_16_0_ym19_1_1467955126517_3177\"><span id=\"yui_3_16_0_ym19_1_1467955126517_3178\">\u00a0<\/span><\/span><\/div>\n<div id=\"yui_3_16_0_ym19_1_1467955126517_3370\" dir=\"ltr\"><span id=\"yui_3_16_0_ym19_1_1467955126517_3177\"><span id=\"yui_3_16_0_ym19_1_1467955126517_3178\">In diesem bemerkenswerten Prozess spricht die Stimme der Offenbarung erneut. Das Wort und der Ton sind in der Welt. Zum ersten Mal in der Geschichte ist f\u00fcr euch und f\u00fcr die Welt die Aufzeichnung der urspr\u00fcnglichen gesprochenen Offenbarung verf\u00fcgbar, um erfahren zu werden.<br \/>\n<\/span><\/span><\/div>\n<div id=\"yui_3_16_0_ym19_1_1467955126517_3436\" dir=\"ltr\"><span id=\"yui_3_16_0_ym19_1_1467955126517_3177\"><span id=\"yui_3_16_0_ym19_1_1467955126517_3178\">\u00a0<\/span><\/span><\/div>\n<div id=\"yui_3_16_0_ym19_1_1467955126517_3435\" dir=\"ltr\"><span id=\"yui_3_16_0_ym19_1_1467955126517_3177\"><span id=\"yui_3_16_0_ym19_1_1467955126517_3178\">M\u00f6gest du der  Empf\u00e4nger dieses Geschenks der Offenbarung werden und m\u00f6gest du dich \u00f6ffnen, um diese einmalige Botschaft f\u00fcr dich und f\u00fcr dein Leben zu empfangen.<\/span><\/span><\/div>\n<br \/>\n<\/div><\/div><br \/>\n<\/div>\n<div id=\"tabs-2\"><br \/>\n<em> Anmerkung an den Leser:<br \/>\nDiese \u00dcbersetzung wurde der Society von einem Sch\u00fcler der Neuen Botschaft verf\u00fcgbar gemacht, der den englischen Originaltext als Freiwilliger \u00fcbersetzt hat. Wir stellen diese \u00dcbersetzung in dieser fr\u00fchen Form zur Verf\u00fcgung, damit jeder Gelegenheit hat, sich mit einem Teil der Neuen Botschaft in seiner eigenen Sprache zu befassen.<\/em><br \/>\n<\/div>\n\t\t\t\t<div align=\"right\">\n\t\t\t<div class=\"fb-like\" data-href=\"\" data-layout=\"button_count\" data-action=\"like\" data-show-faces=\"false\" data-share=\"false\"><\/div>\n\t\t\t<div class=\"fb-share-button\" data-layout=\"button_count\"> <\/div>\n\t\t\t<div class=\"fb_iframe_widget\"><a href=\"https:\/\/twitter.com\/godsnewmessage?ref_src=twsrc%5Etfw\" class=\"twitter-follow-button\" data-show-count=\"false\">Follow @godsnewmessage<\/a><script async src=\"https:\/\/platform.twitter.com\/widgets.js\" charset=\"utf-8\"><\/script><\/div>\n\t\t\t<\/div> <\/div> \n\n<p>Man muss erkennen, wenn man auf der Welt ist, dass es zerst\u00f6rerische Kr\u00e4fte in der Welt gibt. Wenn man wirklich aufrichtig ist und sich selbst genau beobachtet, wird man erkennen, dass sogar zerst\u00f6rerische Kr\u00e4fte in uns selbst sind. Sicherlich werden diese zerst\u00f6rerischen Kr\u00e4fte in der Welt rund um euch offensichtlich und waren ein Teil der menschlichen Erfahrung w\u00e4hrend ihrer ganzen Geschichte.<\/p>\n<p>Wenn du auf deine eigenen Gedanken und Neigungen achtest, wird offensichtlich f\u00fcr dich, dass es zerst\u00f6rerische Kr\u00e4fte in dir gibt. Du siehst das in deinem Wunsch nach Rache. Du siehst das in deinem Wunsch, andere zu erobern oder zu \u00fcberw\u00e4ltigen. Du siehst das an deinen W\u00fcnschen, wie geheim auch immer sie sein m\u00f6gen, andere Menschen zu beseitigen oder zu eliminieren. Du siehst das an deinen Tr\u00e4umen.<\/p>\n<p>Du siehst das sogar an deinem Wunsch, die Welt zu ver\u00e4ndern. Denn wie kannst du die Welt \u00e4ndern, ohne jene zu entfernen oder jene zu eliminieren oder jene zum Schweigen zu bringen, die deine Widersacher w\u00e4ren? Dies ist ein grundlegendes Problem, in einer physischen Realit\u00e4t zu sein, in einem K\u00f6rper zu leben und mit anderen, die in der physischen Realit\u00e4t sind und die in K\u00f6rpern leben, um Ressourcen zu konkurrieren.<\/p>\n<p>Die gro\u00dfe Trennung, die die Existenz und Expansion des Universums in Bewegung gesetzt hat, wurde nicht aus b\u00f6ser Absicht geschaffen. Sie war kein Fehler. Sie ist nicht aus dem B\u00f6sen entstanden. Aber in dieser gesch\u00e4digten Existenz wird B\u00f6ses unvermeidlich.<\/p>\n<p>Es ist keine Kraft, die von einem mythologischen Individuum erzeugt wurde\u2014jemand, der in Ungnade gefallen ist und die Quelle und das Zentrum des B\u00f6sen wurde. Dies ist sicherlich nicht der Fall, wenn du daran denkst, dass du in einer Gr\u00f6\u00dferen Gemeinschaft intelligenten Lebens im Universum lebst, wo es zahllose Rassen gibt, die so anders sind als ihr, die in sehr unterschiedlichen Umgebungen leben und alle Stadien von psychologischer, mentaler und technischer Evolution vertreten. Klarerweise ist es nicht ein Individuum, das die Quelle der Probleme aller ist. Es ist eher das Ergebnis, in einer gesch\u00e4digten, getrennten Existenz zu leben.<\/p>\n<p>Daher k\u00f6nnt ihr keinem Individuum die Schuld an der Existenz des B\u00f6sen geben. Es ist das Produkt des Lebens in deinem aktuellen Zustand, was nicht deine Existenz in deiner Uralten Heimat darstellt, die Existenz, aus der du gekommen bist und zu der du zur\u00fcckkehren wirst.<\/p>\n<p>Du bist aus einer Realit\u00e4t gekommen, wo du bekannt bist und wo es gibt keine Fragen in eine Realit\u00e4t, in der du nicht bekannt bist und wo es nur Fragen und sehr wenige Antworten gibt. Du bist von einem Ort kompletter Sicherheit und des Einschlusses gekommen zu einem Ort ohne Sicherheit und die die Trennung \u00fcberall demonstriert. Du bist von einem Ort gekommen, in dem du in Frieden warst zu einem Ort, wo du \u00fcberleben und konkurrieren musst, wo du durch unsichere Bedingungen und sich stets wandelnde Umst\u00e4nde navigieren musst. Es ist v\u00f6llig anders in der physischen Realit\u00e4t zu leben, in einem K\u00f6rper zu sein.<\/p>\n<p>Die Gemeinschaft der Engel, die den Sch\u00f6pfer allen Lebens vertritt, dient als Vermittler zwischen deiner Uralten Heimat und deiner aktuellen Realit\u00e4t\u2014lebend in der physischen Existenz, lebend in einem K\u00f6rper und umgehen zu m\u00fcssen mit dieser Art von Realit\u00e4t, die so sehr anders ist als der Ort, von dem du gekommen bist.<\/p>\n<p>Hier scheint Gott mysteri\u00f6s zu sein. Gott scheint nicht pr\u00e4sent zu sein. Gott ist nirgendwo zu finden. Du lebst in einer Existenz, in der Gott \u00fcberhaupt nicht zu existieren scheint, es sei denn, man hat einen gro\u00dfen Glauben. Wie sehr anders ist dies als der Ort, aus dem du kommst und jene Heimat, in die du zur\u00fcckkehren wirst.<\/p>\n<p>Und wenn man aus dieser Umgebung kommt, dann sind die eigenen Vorstellungen von Gott so begrenzt. Die Menschen denken, dass Gott wie sie ist\u2014nat\u00fcrlich sehr m\u00e4chtig. sehr weise, jedoch urteilend und raches\u00fcchtig, zornig und frustriert, eben wie sie sind. Sie haben Gott nach ihrem eigenen Bild geschaffen.<\/p>\n<p>Daher ist jede Wertsch\u00e4tzung von Gott nur eine Ann\u00e4herung. Es gibt keine absolute Wahrheit \u00fcber Gott, die aus deiner gegenw\u00e4rtigen Existenz entstanden ist, denn deine gegenw\u00e4rtige Existenz ist nicht absolut. Es ist eine relative Realit\u00e4t, relativ in dem, dass sie sich bewegt und \u00e4ndert und dass sie einen Anfang und ein Ende hat. Doch wo du herkommst, \u00e4ndert sich nichts. Es hat keinen Anfang und kein Ende. Es ist nicht flie\u00dfend. Es ist nicht ungewiss. Es ist nicht unvorhersagbar.<\/p>\n<p>Daher ist es wichtig, hier zu bedenken, dass die Existenz des B\u00f6sen das Ergebnis des Lebens in diesem Zustand ist. Es ist unvermeidlich. Wenn du einem Wesen das Gef\u00fchl des Einschlusses und seine Sicherheit  nimmst und du wirst es in eine Umgebung setzen, in der es \u00fcberleben und konkurrieren muss, wo es andere Organismen zerst\u00f6ren muss, um zu \u00fcberleben, wo es st\u00e4ndig mit der Unsicherheit und dem Risiko der Zerst\u00f6rung umgehen muss  und wo der Entzug stets pr\u00e4sent ist und eine st\u00e4ndige Bedrohung darstellt, wie kann man da erwarten, dass es in einem Zustand von absoluter Weisheit und absolutem Mitgef\u00fchl funktioniert, ohne Angst und Furcht, die es hinter jeder Ecke erwartet?<\/p>\n<p>Gott erwartet das nicht, dass man unter diesen Umst\u00e4nden perfekt ist, denn niemand wird perfekt sein und Gott erwartet nicht, was nicht sein kann. Du magst dies von dir und anderen erwarten, aber das ist, weil du die Realit\u00e4t nicht verstehst, in die du eingetreten bist und zu deren Betreten du dich entschieden hast.<\/p>\n<p>Daher bestraft Gott das B\u00f6se nicht, weil das B\u00f6se unvermeidlich ist. Es ist, als ob man ein Kind daf\u00fcr bestrafen w\u00fcrde, dass es kindisch ist. Es ist als ab man einen Dummen daf\u00fcr bestraft, dass er dumm ist. Es gibt keine Bestrafung des B\u00f6sen. Das B\u00f6se verewigt nur das eigene Elend und verz\u00f6gert die M\u00f6glichkeit der Erl\u00f6sung und schiebt sie auf.<\/p>\n<p>Die Menschen haben Probleme, dies zu verstehen, denn sie m\u00f6chten, dass Gott Rache f\u00fcr sie nimmt. Unf\u00e4hig oder unwillig, die Bestrafung selbst vorzunehmen, m\u00f6chten sie, dass Gott dies f\u00fcr sie tut. Das ist erneut das Ergebnis, Gott nach seinem eigenen Bild zu schaffen, einen Gott wie sie, nur m\u00e4chtiger, das ist alles.<\/p>\n<p>Die H\u00f6lle ist eine Erfindung, die die Menschen geschaffen haben, um jene zu bestrafen, die sie hassen und nicht ausstehen k\u00f6nnen. Aber ihr lebt bereits in einer Art von H\u00f6lle, der H\u00f6lle der Trennung. Sich tiefer diesem Zustand zu verpflichten, stellt einen weiteren Abstieg in die H\u00f6lle dar. Euch selbst weiter zu isolieren, gesteuert nur durch eure angstvolle Einbildung und die Verdammung von euch selbst, von anderen und der Welt, taucht euch weiter in einen Zustand ein, der seiner Art nach grundlegend schwierig ist.<\/p>\n<p>Auf diese Weise ist das B\u00f6se rings um euch. Es ist eine Kraft. Es nimmt die Form von Kr\u00e4ften in der mentalen Umgebung an, Kr\u00e4fte der \u00dcberredung, Kr\u00e4fte, die ihr nicht sehen k\u00f6nnt, aber die ihr f\u00fchlen k\u00f6nnt, die euer Denken, eure Emotionen und euer Behalten beeinflussen.<\/p>\n<p>Das ist der Grund, weshalb Individuen, Gruppen und ganze Nationen sich zu Aktionen verpflichten k\u00f6nnen, die grundlegend destruktiv und kontraproduktiv sind. Ein ganze Nation kann sich dem widmen, um in eine andere Nation einzudringen und sie zu zerst\u00f6ren aufgrund ihres Reichtums und ihrer Ressourcen unter dem Vorwand der nationale Sicherheit oder des Selbstschutzes.  Oder er [der Krieg] kann unter dem Banner der Religion gef\u00fchrt werden, indem man denkt, dass die andere Nation gottlos oder b\u00f6se ist, dass sie Heiden, die Nichterl\u00f6sten sind. Aber dies alles ist nur eine Entschuldigung f\u00fcr den Ausdruck der Macht und der Kraft des B\u00f6sen. Und obwohl er nur von ein paar entschlossenen Individuen gef\u00fchrt werden mag, wird jeder andere weggefegt.<\/p>\n<p>Wie ist das m\u00f6glich? Wie kann eine solche Kraft einen solchen Einfluss haben? Es ist die Macht in der mentalen Umgebung.<\/p>\n<p>Um in dieser Welt zu \u00fcberleben, braucht man Beistand und Unterst\u00fctzung und um jenen Beistand und jene Unterst\u00fctzung zu erlangen, werdet ihr viele Kompromisse eingehen\u2014in euren Beziehungen zu anderen, in euren Ehen rings um euch in allen euren Beziehungen, in eurer Beziehung zum Land, in dem ihr lebt. Ihr m\u00f6chtet seine Unterst\u00fctzung, seinen Schutz und seine Billigung, also werdet ihr dem Beistand folgen, sogar wenn er etwas tut, das abscheulich ist und ganz klar eine Verletzung dessen, was ihr aufrichtig wertsch\u00e4tzt.<\/p>\n<p>Dies ist die Macht des B\u00f6sen, die in der mentalen Umgebung funktioniert, sie dr\u00fcckt sich in einem sozialen Kontext aus. Sie kann verkleidet sein als Pflicht f\u00fcr das Vaterland oder die eigene Familie, was dazu f\u00fchren kann, dass ihr Dinge tut, die ganz klar eine Verletzung dessen sind, was Kenntnis in euch angeben w\u00fcrde\u2014die tiefere Intelligenz, die der Sch\u00f6pfer allen Lebens in euch gelegt hat. Ein Verletzung der Kenntnis, eine Verletzung von Gott, eine Verletzung dessen, was ihr wisst, dass es richtig ist\u2014ihr w\u00fcrdet all dies verletzen, um dem Beistand, den Schutz und die Billigung zu erlangen, die ihr f\u00fcr n\u00f6tig f\u00fcr euer \u00dcberleben haltet. Dies ist eine wirklich heikle Lage. Es ist wiederum eine heikle Lage, innerhalb dieser getrennten Existenz zu leben.<\/p>\n<p>Die Welt ist ein sch\u00f6ner Ort. Sie ist wunderbar. Sie ist Sch\u00f6pfung, die jeden Moment geschieht.  Sie ist Wandel, der jeden Moment geschieht. Wenn du getrennt von ihr stehen kannst und sie erf\u00e4hrst\u2014ohne um das eigene \u00dcberleben zu f\u00fcrchten, ohne Angst zu haben, dass du verlieren k\u00f6nntest oder aufgeben m\u00fcsstest\u2014k\u00f6nnte sie tats\u00e4chlich eine wunderbare Erfahrung sein. Aber verwechsle sie nicht mit deiner Uralten Heimat, von der du gekommen bist und zu der du zur\u00fcckkehren wirst. Es gibt keinen Vergleich.<\/p>\n<p>Daher musst du die Welt akzeptieren wie sie ist. Du kannst sie nicht wie deine Uralte Heimat machen. Sogar Gott kann sie nicht wie deine Uralte Heimat machen, denn Gott machte sie zu etwas anderem.<\/p>\n<p>Gott ist nicht der Urheber des B\u00f6sen, aber Gott hat eine Umgebung geschaffen, in der das B\u00f6se wahrscheinlich und unvermeidlich ist, zumindest unter intelligenten Rassen, die sich ihrer eigenen Sterblichkeit bewusst sind. Aber Gott hat ein Gegenmittel gegen das B\u00f6se gegeben, ein m\u00e4chtiges Gegenmittel, das in dir in der Macht und der Pr\u00e4senz der Kenntnis liegt, einem tieferen Verstand in dir. Nicht der Verstand, mit dem du denkst. Nicht der Verstand, der urteilt und spekuliert, vergleicht und verdammt, sondern ein tieferer Verstand\u2014ein Verstand wie der Verstand Gottes; ein Verstand, der nicht denkt, ein Verstand, der sieht, wartet, wei\u00df und mit Macht und Entschlossenheit handelt.<\/p>\n<p>Dies ist das Gegenmittel, verstehst du? Es ist das Gegenmittel gegen das B\u00f6se in dir, und die \u00dcberredungen des B\u00f6sen in dir und rings um dich, die so vorherrschend und m\u00e4chtig in der Welt sind. Es ist letzten Endes ein Gegenmittel gegen das B\u00f6se im gesamten Universum. Aber es muss in den Individuen stark werden.<\/p>\n<p>Die Macht der Kenntnis in dir ist nicht korrumpierbar. Sie kann nicht \u00fcberredet oder von den Verf\u00fchrungen und Verlockungen in der menschlichen Welt und sogar in der Gr\u00f6\u00dferen Gemeinschaft nicht beeinflusst werden, wo der Ausdruck des B\u00f6sen und des Konfliktes so sehr lange besteht.<\/p>\n<p>Du allein kannst es nicht bek\u00e4mpfen. Wenn du es versuchtest, w\u00fcrde es dich verf\u00fchren. Du w\u00fcrdest ihm \u00e4hnlicher werden. Es w\u00fcrde dich von einem Bef\u00fcrworter des Friedens zu einem Krieger machen. Du w\u00fcrdest feststellen, dass du selbst den Arm gegen andere erhebst, von denen du glaubst, dass sie vom B\u00f6sen gesteuert werden.<\/p>\n<p>Du wirst wie sie werden, denn das B\u00f6se liebt die Aufmerksamkeit. Es gedeiht bei menschlichem Engagement. Es wird m\u00e4chtig durch jene, die sich ihm widersetzen. Denn ohne menschliche Gefolgschaft und menschliche Aufmerksamkeit hat das B\u00f6se nichts, um anzusetzen. Jene, die ihm verpflichtet sind, brauchen Gefolgschaft und brauchen Einsatz von anderen.<\/p>\n<p>Es gibt sehr wenige Menschen auf der Welt, die wirklich b\u00f6se sind, die sich dieser Kraft, dieser Macht verpflichtet f\u00fchlen. Aber ihr Einfluss auf die Gesellschaft insgesamt ist ungeheuer. Ihre zerst\u00f6rerische Wirkung ist ungeheuer. Die Auswirkungen ihrer Aktionen auf andere sind in Anbetracht ihrer Anzahl ungeheuer. Die Kraft ihrer \u00dcberredung, um Nationen in Krieg mit anderen Nationen zu verwickeln, ist sehr m\u00e4chtig.<\/p>\n<p>Du als ein Individuum kannst dies nicht bek\u00e4mpfen, ohne zu riskieren, unter ihre \u00dcberredung und Verf\u00fchrung zu fallen. Wenn man dies versucht, begibt man sich in Opposition zu anderen. Es bringt dich gegen andere grunds\u00e4tzlich in Stellung, sogar von Anfang an. Nun musst du andere bek\u00e4mpfen, damit sie das tun und schaffen, was du f\u00fcr richtig h\u00e4ltst.<\/p>\n<p>W\u00e4hrend es in Ordnung ist, sich f\u00fcr eine gute Sache anderen zu widersetzen, \u00e4ndert es in diesem Fall deine Absichten. Es \u00e4ndert deine Motivation, weil du durch Angst gesteuert wirst\u2014der Angst des Versagens, der Angst, nicht zu erreichen, was du erreichen m\u00f6chtest, der Angst, zu denken, dass wenn du nicht erfolgreich bist, die entgegenwirkenden Kr\u00e4fte \u00fcberlegen sein werden. Angst verursacht Zorn. Zorn verursacht Hass. Hass verursacht Gewalt. Und Gewalt verursacht weitere Gewalt.<\/p>\n<p>Dies ist deutlich erkennbar eine Falle. Dies ist ein grundlegendes Problem. Es nimmt gute Menschen und bringt sie untereinander in Opposition, ver\u00e4ndert ihre wahren Absichten, Frieden und Zusammenarbeit herzustellen und erbringt v\u00f6llig andere Ergebnisse.<\/p>\n<p>Es lebt eine gr\u00f6\u00dfere Weisheit in dir, die nicht von den Kr\u00e4ften der Dissonanz in der Welt durch \u00dcberredung anderer oder durch Verleitung der Kultur oder sogar der Religion beeinflusst wird. Sie ist frei. Sie ist rein. Sie ist klar. Sie ist nur Gott verantwortlich, denn sie ist eine Verl\u00e4ngerung von Gott.<\/p>\n<p>Egal wie weit du dabei gehst, zu versuchen, deine Isolierung einzurichten, zu versuchen, in Trennung erfolgreich zu sein und zu versuchen, die Trennung funktionieren zu lassen, du bist \u00fcber Kenntnis noch mit Gott verbunden, diesem tieferen Verstand in dir. Du kannst ihr nicht entkommen. Du kannst dich nicht von ihr trennen. Du kannst sie nicht verleugnen. Du kannst ihr Licht mit vielen Decken zudecken und in Dunkelheit leben, aber du kannst sie nicht ausl\u00f6schen. Sie stellt deinen Zweck daf\u00fcr dar, in der Welt zu sein, deine Verbindung zu Gott und zu deiner Erl\u00f6sung.<\/p>\n<p>Die Frage ist: Wie lange wirst du brauchen, bis du soweit bist, sie zu w\u00fcnschen und zu erkennen, dass du ohne sie nicht erfolgreich sein kannst, dass du dich nicht erf\u00fcllen kannst und keinen wahren Beitrag f\u00fcr die Welt leisten kannst, was deine wahre Absicht daf\u00fcr ist, hier zu sein? Ohne sie kannst du das Bed\u00fcrfnis deiner Seele nicht erf\u00fcllen. Ohne sie kannst du keinen Frieden und keine Aufrichtigkeit in dir haben. Ohne sie kannst du keine erfolgreiche Beziehung zu dir selbst haben oder mit anderen oder sogar mit der ganzen Welt.<\/p>\n<p>Du magst noch an die Macht des Milit\u00e4rs, die Macht der Gewalt, die Macht der Regierung, die Macht der pers\u00f6nlichen \u00dcberredung, die Macht der pers\u00f6nlichen Dominanz, die Macht des Reichtums, die Macht der Sch\u00f6nheit oder die Macht von Klugheit und Charme glauben, aber nur Kenntnis in dir hat die wahre Macht, zu vereinen, wieder anzuschlie\u00dfen, zu segnen und zu inspirieren.<\/p>\n<p>Die Welt hat ihre eigenen G\u00f6tter, ihre eigenen Definitionen, ihren eigenen Ausdruck von Macht und Dominanz, \u00dcberredung und Eroberung usw. errichtet. Aber Kenntnis in dir und in anderen l\u00e4sst sich dadurch nicht narren.<\/p>\n<p>Du kannst Kenntnis nicht veranlassen, dir zu geben, was du m\u00f6chtest, denn sie ist m\u00e4chtiger als du, als dein pers\u00f6nlicher Verstand\u2014ein Verstand voll von Wunsch und Konflikt, Angst und Besorgnis, ein Verstand, der mit allem identifiziert wird, was ungewiss ist, ein Verstand, der der Macht des B\u00f6sen unterworfen ist, ein Verstand, der leicht beeinflussbar und beeinflusst worden ist.<\/p>\n<p>Aber tiefer in dir ist Kenntnis. Du hast etwas, das unver\u00e4nderbar ist. Sie kommt zu dem zur\u00fcck was unver\u00e4ndert in dir ist, zu deiner Erl\u00f6sung, die deine Macht ist, die beginnt, dich vom Griff der Sucht und vom Griff der \u00dcberredung zu befreien.<\/p>\n<p>Du kannst vorgeben, irgendjemand zu sein, der du sein willst. Du kannst dich selbst in einer beliebigen Rolle einrichten. Du kannst die Rolle der guten Person oder der schlechten Person spielen. Aber in dir ist Kenntnis, die darauf wartet, entdeckt zu werden.<\/p>\n","protected":false},"excerpt":{"rendered":"<p>Man muss erkennen, wenn man auf der Welt ist, dass es zerst\u00f6rerische Kr\u00e4fte in der Welt gibt. Wenn man wirklich aufrichtig ist und sich selbst genau beobachtet, wird man erkennen, dass sogar zerst\u00f6rerische Kr\u00e4fte in uns selbst sind. Sicherlich werden diese zerst\u00f6rerischen Kr\u00e4fte in der Welt rund um euch offensichtlich und waren ein Teil der\u2026 <a class=\"read-more\" href=\"https:\/\/www.v6.newmessage.org\/de\/about-recording-shortcode\/\"><span>Read More<\/span><\/a><\/p>\n","protected":false},"author":8,"featured_media":0,"parent":16297,"menu_order":0,"comment_status":"closed","ping_status":"closed","template":"template-leftsidebar.php","meta":{"_monsterinsights_skip_tracking":false,"_monsterinsights_sitenote_active":false,"_monsterinsights_sitenote_note":"","_monsterinsights_sitenote_category":0,"footnotes":""},"categories":[76,30,379,460],"tags":[573,649,650],"_links":{"self":[{"href":"https:\/\/www.v6.newmessage.org\/de\/wp-json\/wp\/v2\/pages\/27179"}],"collection":[{"href":"https:\/\/www.v6.newmessage.org\/de\/wp-json\/wp\/v2\/pages"}],"about":[{"href":"https:\/\/www.v6.newmessage.org\/de\/wp-json\/wp\/v2\/types\/page"}],"author":[{"embeddable":true,"href":"https:\/\/www.v6.newmessage.org\/de\/wp-json\/wp\/v2\/users\/8"}],"replies":[{"embeddable":true,"href":"https:\/\/www.v6.newmessage.org\/de\/wp-json\/wp\/v2\/comments?post=27179"}],"version-history":[{"count":3,"href":"https:\/\/www.v6.newmessage.org\/de\/wp-json\/wp\/v2\/pages\/27179\/revisions"}],"predecessor-version":[{"id":28757,"href":"https:\/\/www.v6.newmessage.org\/de\/wp-json\/wp\/v2\/pages\/27179\/revisions\/28757"}],"up":[{"embeddable":true,"href":"https:\/\/www.v6.newmessage.org\/de\/wp-json\/wp\/v2\/pages\/16297"}],"wp:attachment":[{"href":"https:\/\/www.v6.newmessage.org\/de\/wp-json\/wp\/v2\/media?parent=27179"}],"wp:term":[{"taxonomy":"category","embeddable":true,"href":"https:\/\/www.v6.newmessage.org\/de\/wp-json\/wp\/v2\/categories?post=27179"},{"taxonomy":"post_tag","embeddable":true,"href":"https:\/\/www.v6.newmessage.org\/de\/wp-json\/wp\/v2\/tags?post=27179"}],"curies":[{"name":"wp","href":"https:\/\/api.w.org\/{rel}","templated":true}]}}