{"id":27148,"date":"2017-04-25T00:37:01","date_gmt":"2017-04-25T00:37:01","guid":{"rendered":"http:\/\/www.newmessage.org\/german-international\/?page_id=27148"},"modified":"2019-06-27T04:29:47","modified_gmt":"2019-06-27T04:29:47","slug":"gott-verstehen","status":"publish","type":"page","link":"https:\/\/www.v6.newmessage.org\/de\/die-botschaft\/band-1\/der-eine-gott\/gott-verstehen\/","title":{"rendered":"Gott verstehen"},"content":{"rendered":"<div><!-- Master Archive version 4.1--><\/div>\n\n<div class=\"tabgroup \"><ul class=\"tabs\"><li><a href=\"#tabs-1\">H\u00f6re<\/a><\/li>\n<li><a href=\"#tabs-2\"> Anmerkung<\/a><\/li><\/ul>\n <div id=\"tabs-1\"><br \/>\nH\u00f6re die Stimme der Offenbarung:<\/p>\n<div id=\"jquery_jplayer_1\" class=\"jp-jplayer\"><\/div>\n\t\t\t\t<div id=\"jp_container_1\" class=\"jp-audio\">\n\t\t\t\t<div class=\"jp-type-single\"><div class=\"jp-control\"><a href=\"javascript:;\" class=\"jp-play\" tabindex=\"1\">play<\/a><a href=\"javascript:;\" class=\"jp-pause\" tabindex=\"1\">pause<\/a><\/div> <div class=\"jp-gui jp-interface\"><div class=\"jp-volume\"><div class=\"jp-volume-bar\"><div class=\"jp-volume-bar-value\"><\/div><\/div><\/div><div class=\"jp-progress\"><div class=\"jp-seek-bar\"><div class=\"jp-play-bar\"><\/div><\/div><\/div><\/div>\t\t\t\t\t<div class=\"jp-no-solution\"><span>Update Required<\/span>To play the media you will need to either update your browser to a recent version or update your <a href=\"http:\/\/get.adobe.com\/flashplayer\/\" target=\"_blank\">Flash plugin<\/a>.<\/div><\/div><\/div>\n\t\t\t<script type='text\/javascript'>\n\t\t\t\tjQuery(document).ready(function() {\n\t\t\t\t\tif (typeof (sermonMedia) == 'function') {\n\t\t\t\t\t\tsermonMedia.addAudio('', \"jquery_jplayer_1\");\n\t\t\t\t\t}\n\t\t\t\t\tjQuery.jPlayer.timeFormat.showHour = true;\n\t\t\t\t\tjQuery(\"#jquery_jplayer_1\").jPlayer({\n\t\t\t\t\t\tready: function(event) {\n\t\t\t\t\t\t\tjQuery(this).jPlayer(\"setMedia\", {mp3: 'https:\/\/newmessage.org\/av\/comprehending-god.mp3'});\n\t\t\t\t\t\t},\n\t\t\t\t\t\tplay: function() {\n\t\t\t\t\t\t\tjQuery(this).jPlayer(\"pauseOthers\");\n\t\t\t\t\t\t},\n\t\t\t\t\t\tswfPath: ThemeData.directory_uri+\"\/swf\",\n\t\t\t\t\t\tsolution: \"html, flash\",\n\t\t\t\t\t\tpreload: \"metadata\",\n\t\t\t\t\t\twmode: \"window\",\n\t\t\t\t\t\tsupplied: \"mp3\",\n\t\t\t\t\t\tcssSelectorAncestor: '#jp_container_1'\n\t\t\t\t\t});\n\t\t\t\t});\n\t\t\t<\/script><\/p>\n<p><a title=\"Comprehending God\" href=\"https:\/\/newmessage.org\/av\/comprehending-god.mp3\">Lade herunter<\/a> (Rechtsklick zum Herunterladen)<\/p>\n<p><em>Wie offenbart<br \/>\nMarshall Vian Summers<br \/>\nam 31. Januar 2007 \u2013<br \/>\nin Boulder, Colorado<\/em><\/p>\n<div class=\"toggle toggle-white\"><h4 class=\"trigger \"><span class=\"t_ico\"><\/span><a href=\"#\">\u00dcber diese Aufzeichnung<\/a><\/h4><div class=\"toggle_container \"><br \/>\n<div id=\"yui_3_16_0_ym19_1_1467955126517_3327\" dir=\"ltr\"><span id=\"yui_3_16_0_ym19_1_1467955126517_3177\"><span id=\"yui_3_16_0_ym19_1_1467955126517_3178\">Was Du in dieser Audioaufzeichnung h\u00f6rst, ist die Stimme des Engelsrates, die durch den Boten Marshall Vian Summers spricht.<\/span><\/span><\/div>\n<div dir=\"ltr\"><span id=\"yui_3_16_0_ym19_1_1467955126517_3177\"><span id=\"yui_3_16_0_ym19_1_1467955126517_3178\">\u00a0<\/span><\/span><\/div>\n<div id=\"yui_3_16_0_ym19_1_1467955126517_3359\" dir=\"ltr\"><span id=\"yui_3_16_0_ym19_1_1467955126517_3177\"><span id=\"yui_3_16_0_ym19_1_1467955126517_3178\"> Hier wird die originale Mitteilung Gottes, die jenseits von Worten existiert, vom Engelsrat, der \u00fcber die Welt wacht, in menschliche Sprache und menschliches Verst\u00e4ndnis \u00fcbersetzt. Der Engelsrat bringt dann Gottes Botschaft \u00fcber den Boten dar.<br \/>\n<\/span><\/span><\/div>\n<div id=\"yui_3_16_0_ym19_1_1467955126517_3369\" dir=\"ltr\"><span id=\"yui_3_16_0_ym19_1_1467955126517_3177\"><span id=\"yui_3_16_0_ym19_1_1467955126517_3178\">\u00a0<\/span><\/span><\/div>\n<div id=\"yui_3_16_0_ym19_1_1467955126517_3370\" dir=\"ltr\"><span id=\"yui_3_16_0_ym19_1_1467955126517_3177\"><span id=\"yui_3_16_0_ym19_1_1467955126517_3178\">In diesem bemerkenswerten Prozess spricht die Stimme der Offenbarung erneut. Das Wort und der Ton sind in der Welt. Zum ersten Mal in der Geschichte ist f\u00fcr euch und f\u00fcr die Welt die Aufzeichnung der urspr\u00fcnglichen gesprochenen Offenbarung verf\u00fcgbar, um erfahren zu werden.<br \/>\n<\/span><\/span><\/div>\n<div id=\"yui_3_16_0_ym19_1_1467955126517_3436\" dir=\"ltr\"><span id=\"yui_3_16_0_ym19_1_1467955126517_3177\"><span id=\"yui_3_16_0_ym19_1_1467955126517_3178\">\u00a0<\/span><\/span><\/div>\n<div id=\"yui_3_16_0_ym19_1_1467955126517_3435\" dir=\"ltr\"><span id=\"yui_3_16_0_ym19_1_1467955126517_3177\"><span id=\"yui_3_16_0_ym19_1_1467955126517_3178\">M\u00f6gest du der  Empf\u00e4nger dieses Geschenks der Offenbarung werden und m\u00f6gest du dich \u00f6ffnen, um diese einmalige Botschaft f\u00fcr dich und f\u00fcr dein Leben zu empfangen.<\/span><\/span><\/div>\n<br \/>\n<\/div><\/div><br \/>\n<\/div>\n<div id=\"tabs-2\"><br \/>\n<em> Anmerkung an den Leser:<br \/>\nDiese \u00dcbersetzung wurde der Society von einem Sch\u00fcler der Neuen Botschaft verf\u00fcgbar gemacht, der den englischen Originaltext als Freiwilliger \u00fcbersetzt hat. Wir stellen diese \u00dcbersetzung in dieser fr\u00fchen Form zur Verf\u00fcgung, damit jeder Gelegenheit hat, sich mit einem Teil der Neuen Botschaft in seiner eigenen Sprache zu befassen.<\/em><br \/>\n<\/div>\n\t\t\t\t<div align=\"right\">\n\t\t\t<div class=\"fb-like\" data-href=\"\" data-layout=\"button_count\" data-action=\"like\" data-show-faces=\"false\" data-share=\"false\"><\/div>\n\t\t\t<div class=\"fb-share-button\" data-layout=\"button_count\"> <\/div>\n\t\t\t<div class=\"fb_iframe_widget\"><a href=\"https:\/\/twitter.com\/godsnewmessage?ref_src=twsrc%5Etfw\" class=\"twitter-follow-button\" data-show-count=\"false\">Follow @godsnewmessage<\/a><script async src=\"https:\/\/platform.twitter.com\/widgets.js\" charset=\"utf-8\"><\/script><\/div>\n\t\t\t<\/div> <\/div> \n\n<p>Es ist nun Zeit f\u00fcr ein gr\u00f6\u00dferes Verst\u00e4ndnis von Gott und ein erweitertes Verst\u00e4ndnis von Gott, der die Quelle und der Urheber deines Lebens und allen Lebens in dieser Welt und in der gesamten Gr\u00f6\u00dferen Gemeinschaft der Welten, in der du lebst, ist.<\/p>\n<p>Dieses neue Verst\u00e4ndnis soll fr\u00fcheres Verst\u00e4ndnis nicht korrigieren, sondern es soll es ebenso erweitern, vollst\u00e4ndiger machen, die T\u00fcr offen lassen f\u00fcr eine gr\u00f6\u00dfere Erfahrung des G\u00f6ttlichen Willens  und der G\u00f6ttlichen Pr\u00e4senz in deinem Leben.<\/p>\n<p>Bei der \u00dcberbringung einer Neuen Botschaft von Gott ist es notwendig, diese Erfahrung zu erneuern, sie aufzufrischen, sie von all dem zu trennen, was von menschlichen Institutionen und durch menschliche Erfindungen hinzugef\u00fcgt worden ist, um sie in gr\u00f6\u00dferen Fokus und mehr Klarheit f\u00fcr dich zu bringen.<\/p>\n<p>Hierbei ist es wichtig, Gott nicht mit Religion zu verwechseln, denn viele schreckliche Dinge sind im Namen der Religion und im Namen Gottes geschehen. Aber Gott existiert weit jenseits all dieser Dinge\u2014weit jenseits menschlichen Irrtums, weit jenseits menschlicher Einbildung, weit jenseits menschlicher Erfindung und weit jenseits menschlicher Korruption.<\/p>\n<p>Es ist nun n\u00f6tig, dass du Gott innerhalb einer gr\u00f6\u00dferen Arena intelligenten Lebens betrachtest, in der du lebst. die alles Leben in dieser Welt einschlie\u00dft, aber sich weit \u00fcber sie hinaus in die Gr\u00f6\u00dfere Gemeinschaft [das Universum] erstreckt.<\/p>\n<p>Um eine reine Erfahrung der G\u00f6ttlichen Realit\u00e4t und des G\u00f6ttlichen Willens f\u00fcr dein Leben zu haben, musst du das Gottverst\u00e4ndnis dieser Gr\u00f6\u00dferen Gemeinschaft haben.<\/p>\n<p>Ansonsten wirst du an Gott als eine Projektion deiner eigenen Pers\u00f6nlichkeit, als eine Projektion deiner eigenen Emotionen, Gedanken und Gef\u00fchle denken. Du wirst auf Gott deinen Zorn, deine Pr\u00e4ferenzen, deine Urteile, jede Art von Rache projizieren, die du haben k\u00f6nntest, deine Vorstellungen von Gerechtigkeit und Bestrafung und so weiter.<\/p>\n<p>Doch Gott besteht jenseits von all dem\u2014der wahre Gott, der reine Gott, der wie die Sonne auf dich scheint. Ohne R\u00fccksicht auf die Wolken am Himmel, ohne R\u00fccksicht auf die Luftverschmutzung und die Turbulenz am Boden, Gott ist wie die Sonne, die auf dich scheint.<\/p>\n<p>Aber Gott ist jenseits der Sonne, jenseits jeder Definition, die du zurechtlegen kannst. Jenseits deiner Geschichten, jenseits der gro\u00dfen Lehrer und der gro\u00dfen Boten von Gott, jenseits der gro\u00dfen spirituellen B\u00fccher und Glaubensbekenntnisse ist da Gott, der Sch\u00f6pfer und der Urheber deines Lebens und deiner Existenz.<\/p>\n<p>Was Gott in dir geschaffen hat, lebt nun in dir. Es lebt jenseits deines Intellekts, jenseits deiner Gedanken und deines Verst\u00e4ndnisses, jenseits deiner Konzepte, jenseits deiner Ideen und \u00dcberzeugungen an einer tieferen Stelle in dir\u2014einem tieferen Verstand, einem Verstand, der in der Neuen Botschaft Kenntnis genannt wird. Es ist der Verstand, der wei\u00df. Es ist der Verstand, der wartet. Es ist der Verstand, der klar sieht, ohne Verzerrung, ohne Furcht, ohne Pr\u00e4ferenz, ohne Verwirrung, ohne Spekulation\u2014ein tieferer Verstand in dir.<\/p>\n<p>Dies ist, was Gott in dir geschaffen hat, was permanent ist, was ewig andauert. Jenseits deiner vor\u00fcbergehenden Identit\u00e4t in dieser Welt, jenseits aller Ereignisse dieser Welt und aller anderen Welten, jenseits des Flusses deiner Erfahrung in diesem Leben, ist da Kenntnis in dir, und da ist Gott, der Urheber dieser Kenntnis.<\/p>\n<p>Wenn du an Gott in diesem gr\u00f6\u00dferen Kontext denkst, kannst du beginnen, die Macht und die Gro\u00dfartigkeit der Sch\u00f6pfung Gottes in der Welt und m\u00f6glicherweise in dir selbst zu sehen. Dein K\u00f6rper, dein Verstand, deine Pers\u00f6nlichkeit\u2014dies sind alles vor\u00fcbergehende Vehikel, deren h\u00f6herer Zweck es ist, deine Beziehung zu Gott und zu der Weisheit auszudr\u00fccken, die Gott dir gegeben hat, um zu kommunizieren und zu einer Welt in Not beizutragen.<\/p>\n<p>Denke daher an deinen Verstand, deinen K\u00f6rper, deinen Intellekt als Vehikel des Ausdrucks, die an und f\u00fcr sich wertvoll sind, aber nicht so wertvoll wie das, was sie ausdr\u00fccken  und das, dem sie dienen sollen.<\/p>\n<p>Dann wirst du anfangen zu sehen, wie Gott alles durchdringt, alle Dinge, alles Leben innerhalb aller Dinge und doch jenseits aller Dinge\u2014alles gleichzeitig.<\/p>\n<p>Du kannst diese Pr\u00e4senz f\u00fchlen, wo auch immer du bist und du kannst Kenntnis finden und ihr folgen, wo auch immer du bist.<\/p>\n<p>Um daher Gott in vollem Ma\u00df in deinem Leben zu verstehen und zu erfahren, musst du zur Kenntnis in dir gelangen, welche die Gr\u00f6\u00dfere Intelligenz, die Permanenz ist, die Gott in dir und f\u00fcr dich geschaffen hat. Sie ist, wer du wirklich bist, jenseits aller Konzepte, Ideen und  Illusionen. Sie ist deine wahre Natur.<\/p>\n<p>Es ist durch die Erlangung der Verbindung zur Kenntnis, durch die Erlernung, Kenntnis wahrzunehmen und Kenntnis zu folgen, dass du lernst, die Pr\u00e4senz, die Macht und den Willen Gottes in deinem Leben zu erfahren.<\/p>\n<p>Dar\u00fcber hinaus bleibt Gott f\u00fcr immer jenseits der Konzepte des Intellekts, jenseits aller menschlicher Erfindungen, jenseits aller individueller und kollektiver Philosophien. Denn welches System von Vorstellungen oder Konzepten kann einen Gott der Gr\u00f6\u00dferen Gemeinschaft enthalten, den Urheber zahlloser Rassen von Wesen, alle einmalig und voneinander unterschiedlich auf so viele Weisen?<\/p>\n<p>Zu Gott zu kommen hei\u00dft daher, zur Kenntnis in dir zu kommen, denn das ist es, was dich zu Gott ruft. Vielleicht wirst du an einen bestimmten Ort, zu einer bestimmten Person gerufen, aber es ist zu diesem Zweck\u2014die Pr\u00e4senz in dir zu erfahren. Denn du wirst mehr als Glauben ben\u00f6tigen, um wertzusch\u00e4tzen, zu verstehen und dem zu folgen, was Gott dir zu sehen, zu wissen und zu tun gegeben hat.<\/p>\n<p>Lasse dies daher deinen Ausgangspunkt sein, von wo aus du die Schritte zur Kenntnis gehst, von wo aus du die Schritte zu Gott gehst. Und du tust dies, gleichg\u00fcltig, ob du ein Christ, ein Buddhist oder ein Muslim bist. Welcher Glaubenstradition auch immer du angeh\u00f6rst, oder sogar, wenn du keine Glaubenstradition hast, gibt es immer noch die Schritte zur Kenntnis.<\/p>\n<p>Kenntnis ist es, die alle Weltreligionen geschaffen hat und Kenntnis ist es, die sie noch vereint, trotz aller Trennung und allen Konfliktes, der zwischen ihnen besteht. Denn diese sind eine menschliche Erfindung und keine G\u00f6ttliche Erfindung.<\/p>\n<p>Die Berufung hallt wider durch alle diese Traditionen\u2014in ihnen und jenseits von ihnen. Es ist eine Berufung, die durch das ganze Universum schallt, zur Macht und zur Pr\u00e4senz der Kenntnis zur\u00fcckzukehren, zu entdecken, was die Kenntnis f\u00fcr dich zu tun, zu sehen und zu wissen hat. Diese l\u00f6st die R\u00fcckkehr aus\u2014die Berufung, das H\u00f6ren, das Reagieren und die R\u00fcckkehr.<\/p>\n<p>Lasse dies dein Verst\u00e4ndnis sein.<\/p>\n<p>&nbsp;<\/p>\n","protected":false},"excerpt":{"rendered":"<p>Es ist nun Zeit f\u00fcr ein gr\u00f6\u00dferes Verst\u00e4ndnis von Gott und ein erweitertes Verst\u00e4ndnis von Gott, der die Quelle und der Urheber deines Lebens und allen Lebens in dieser Welt und in der gesamten Gr\u00f6\u00dferen Gemeinschaft der Welten, in der du lebst, ist. Dieses neue Verst\u00e4ndnis soll fr\u00fcheres Verst\u00e4ndnis nicht korrigieren, sondern es soll es\u2026 <a class=\"read-more\" href=\"https:\/\/www.v6.newmessage.org\/de\/about-recording-shortcode\/\"><span>Read More<\/span><\/a><\/p>\n","protected":false},"author":8,"featured_media":0,"parent":16297,"menu_order":0,"comment_status":"closed","ping_status":"closed","template":"template-leftsidebar.php","meta":{"_monsterinsights_skip_tracking":false,"_monsterinsights_sitenote_active":false,"_monsterinsights_sitenote_note":"","_monsterinsights_sitenote_category":0,"footnotes":""},"categories":[379,460],"tags":[642,639,644,640,605],"_links":{"self":[{"href":"https:\/\/www.v6.newmessage.org\/de\/wp-json\/wp\/v2\/pages\/27148"}],"collection":[{"href":"https:\/\/www.v6.newmessage.org\/de\/wp-json\/wp\/v2\/pages"}],"about":[{"href":"https:\/\/www.v6.newmessage.org\/de\/wp-json\/wp\/v2\/types\/page"}],"author":[{"embeddable":true,"href":"https:\/\/www.v6.newmessage.org\/de\/wp-json\/wp\/v2\/users\/8"}],"replies":[{"embeddable":true,"href":"https:\/\/www.v6.newmessage.org\/de\/wp-json\/wp\/v2\/comments?post=27148"}],"version-history":[{"count":9,"href":"https:\/\/www.v6.newmessage.org\/de\/wp-json\/wp\/v2\/pages\/27148\/revisions"}],"predecessor-version":[{"id":28755,"href":"https:\/\/www.v6.newmessage.org\/de\/wp-json\/wp\/v2\/pages\/27148\/revisions\/28755"}],"up":[{"embeddable":true,"href":"https:\/\/www.v6.newmessage.org\/de\/wp-json\/wp\/v2\/pages\/16297"}],"wp:attachment":[{"href":"https:\/\/www.v6.newmessage.org\/de\/wp-json\/wp\/v2\/media?parent=27148"}],"wp:term":[{"taxonomy":"category","embeddable":true,"href":"https:\/\/www.v6.newmessage.org\/de\/wp-json\/wp\/v2\/categories?post=27148"},{"taxonomy":"post_tag","embeddable":true,"href":"https:\/\/www.v6.newmessage.org\/de\/wp-json\/wp\/v2\/tags?post=27148"}],"curies":[{"name":"wp","href":"https:\/\/api.w.org\/{rel}","templated":true}]}}