{"id":27097,"date":"2017-04-22T07:46:47","date_gmt":"2017-04-22T07:46:47","guid":{"rendered":"http:\/\/www.newmessage.org\/german-international\/?page_id=27097"},"modified":"2020-03-06T23:44:44","modified_gmt":"2020-03-06T23:44:44","slug":"gott-bewegt-die-menschheit-in-eine-neue-richtung","status":"publish","type":"page","link":"https:\/\/www.v6.newmessage.org\/de\/die-botschaft\/band-1\/gott-hat-erneut-gesprochen\/gott-bewegt-die-menschheit-in-eine-neue-richtung\/","title":{"rendered":"Gott bewegt die Menschheit in eine neue Richtung"},"content":{"rendered":"<div><!-- 4.1 Verse --><\/div>\n\n<div class=\"tabgroup \"><ul class=\"tabs\"><li><a href=\"#tabs-1\">H\u00f6re<\/a><\/li>\n<li><a href=\"#tabs-2\">\u00dcber diesen Text<\/a><\/li><\/ul>\n <div id=\"tabs-1\"><br \/>\nH\u00f6re die Stimme der Offenbarung:<\/p>\n<div id=\"jquery_jplayer_1\" class=\"jp-jplayer\"><\/div>\n\t\t\t\t<div id=\"jp_container_1\" class=\"jp-audio\">\n\t\t\t\t<div class=\"jp-type-single\"><div class=\"jp-control\"><a href=\"javascript:;\" class=\"jp-play\" tabindex=\"1\">play<\/a><a href=\"javascript:;\" class=\"jp-pause\" tabindex=\"1\">pause<\/a><\/div> <div class=\"jp-gui jp-interface\"><div class=\"jp-volume\"><div class=\"jp-volume-bar\"><div class=\"jp-volume-bar-value\"><\/div><\/div><\/div><div class=\"jp-progress\"><div class=\"jp-seek-bar\"><div class=\"jp-play-bar\"><\/div><\/div><\/div><\/div>\t\t\t\t\t<div class=\"jp-no-solution\"><span>Update Required<\/span>To play the media you will need to either update your browser to a recent version or update your <a href=\"http:\/\/get.adobe.com\/flashplayer\/\" target=\"_blank\">Flash plugin<\/a>.<\/div><\/div><\/div>\n\t\t\t<script type='text\/javascript'>\n\t\t\t\tjQuery(document).ready(function() {\n\t\t\t\t\tif (typeof (sermonMedia) == 'function') {\n\t\t\t\t\t\tsermonMedia.addAudio('', \"jquery_jplayer_1\");\n\t\t\t\t\t}\n\t\t\t\t\tjQuery.jPlayer.timeFormat.showHour = true;\n\t\t\t\t\tjQuery(\"#jquery_jplayer_1\").jPlayer({\n\t\t\t\t\t\tready: function(event) {\n\t\t\t\t\t\t\tjQuery(this).jPlayer(\"setMedia\", {mp3: 'https:\/\/newmessage.org\/av\/god-is-moving-humanity-in-a-new-direction.mp3'});\n\t\t\t\t\t\t},\n\t\t\t\t\t\tplay: function() {\n\t\t\t\t\t\t\tjQuery(this).jPlayer(\"pauseOthers\");\n\t\t\t\t\t\t},\n\t\t\t\t\t\tswfPath: ThemeData.directory_uri+\"\/swf\",\n\t\t\t\t\t\tsolution: \"html, flash\",\n\t\t\t\t\t\tpreload: \"metadata\",\n\t\t\t\t\t\twmode: \"window\",\n\t\t\t\t\t\tsupplied: \"mp3\",\n\t\t\t\t\t\tcssSelectorAncestor: '#jp_container_1'\n\t\t\t\t\t});\n\t\t\t\t});\n\t\t\t<\/script><\/p>\n<p><a title=\"God Is Moving Humanity in a New Direction\" href=\"https:\/\/newmessage.org\/av\/god-is-moving-humanity-in-a-new-direction.mp3\">Lade herunter<\/a> (Rechtsklick zum Herunterladen)<\/p>\n<p><em>offenbart<br \/>\nMarshall Vian Summers<br \/>\nam 22. April 2011<br \/>\nin Boulder, Colorado<\/em><\/p>\n<div class=\"toggle toggle-white\"><h4 class=\"trigger \"><span class=\"t_ico\"><\/span><a href=\"#\">\u00dcber diese Aufzeichnung<\/a><\/h4><div class=\"toggle_container \"><br \/>\n<div id=\"yui_3_16_0_ym19_1_1467955126517_3327\" dir=\"ltr\"><span id=\"yui_3_16_0_ym19_1_1467955126517_3177\"><span id=\"yui_3_16_0_ym19_1_1467955126517_3178\">Was Du in dieser Audioaufzeichnung h\u00f6rst, ist die Stimme des Engelsrates, die durch den Boten Marshall Vian Summers spricht.<\/span><\/span><\/div>\n<div dir=\"ltr\"><span id=\"yui_3_16_0_ym19_1_1467955126517_3177\"><span id=\"yui_3_16_0_ym19_1_1467955126517_3178\">\u00a0<\/span><\/span><\/div>\n<div id=\"yui_3_16_0_ym19_1_1467955126517_3359\" dir=\"ltr\"><span id=\"yui_3_16_0_ym19_1_1467955126517_3177\"><span id=\"yui_3_16_0_ym19_1_1467955126517_3178\"> Hier wird die originale Mitteilung Gottes, die jenseits von Worten existiert, vom Engelsrat, der \u00fcber die Welt wacht, in menschliche Sprache und menschliches Verst\u00e4ndnis \u00fcbersetzt. Der Engelsrat bringt dann Gottes Botschaft \u00fcber den Boten dar.<br \/>\n<\/span><\/span><\/div>\n<div id=\"yui_3_16_0_ym19_1_1467955126517_3369\" dir=\"ltr\"><span id=\"yui_3_16_0_ym19_1_1467955126517_3177\"><span id=\"yui_3_16_0_ym19_1_1467955126517_3178\">\u00a0<\/span><\/span><\/div>\n<div id=\"yui_3_16_0_ym19_1_1467955126517_3370\" dir=\"ltr\"><span id=\"yui_3_16_0_ym19_1_1467955126517_3177\"><span id=\"yui_3_16_0_ym19_1_1467955126517_3178\">In diesem bemerkenswerten Prozess spricht die Stimme der Offenbarung erneut. Das Wort und der Ton sind in der Welt. Zum ersten Mal in der Geschichte ist f\u00fcr euch und f\u00fcr die Welt die Aufzeichnung der urspr\u00fcnglichen gesprochenen Offenbarung verf\u00fcgbar, um erfahren zu werden.<br \/>\n<\/span><\/span><\/div>\n<div id=\"yui_3_16_0_ym19_1_1467955126517_3436\" dir=\"ltr\"><span id=\"yui_3_16_0_ym19_1_1467955126517_3177\"><span id=\"yui_3_16_0_ym19_1_1467955126517_3178\">\u00a0<\/span><\/span><\/div>\n<div id=\"yui_3_16_0_ym19_1_1467955126517_3435\" dir=\"ltr\"><span id=\"yui_3_16_0_ym19_1_1467955126517_3177\"><span id=\"yui_3_16_0_ym19_1_1467955126517_3178\">M\u00f6gest du der  Empf\u00e4nger dieses Geschenks der Offenbarung werden und m\u00f6gest du dich \u00f6ffnen, um diese einmalige Botschaft f\u00fcr dich und f\u00fcr dein Leben zu empfangen.<\/span><\/span><\/div>\n<br \/>\n<\/div><\/div><br \/>\n<\/div>\n<div id=\"tabs-2\"><\/p>\n<p><img loading=\"lazy\" decoding=\"async\" width=\"200\" height=\"300\" class=\"aligncenter size-medium wp-image-27112 imgborder\" src=\"https:\/\/www.newmessage.org\/german-international\/wp-content\/uploads\/sites\/48\/2017\/04\/GHS-German-frontcover-6x9-200x300.jpg\" alt=\"\" srcset=\"https:\/\/www.v6.newmessage.org\/de\/wp-content\/uploads\/sites\/48\/2017\/04\/GHS-German-frontcover-6x9-200x300.jpg 200w, https:\/\/www.v6.newmessage.org\/de\/wp-content\/uploads\/sites\/48\/2017\/04\/GHS-German-frontcover-6x9-400x600.jpg 400w, https:\/\/www.v6.newmessage.org\/de\/wp-content\/uploads\/sites\/48\/2017\/04\/GHS-German-frontcover-6x9-500x750.jpg 500w, https:\/\/www.v6.newmessage.org\/de\/wp-content\/uploads\/sites\/48\/2017\/04\/GHS-German-frontcover-6x9.jpg 600w\" sizes=\"(max-width: 200px) 100vw, 200px\" \/><\/p>\n<div class=\"panel-10 text-align-center\"><\/div>\n<div class=\"text-align-center text font-size-12 margin-top-10\">Band 1 &gt; Gott hat erneut gesprochen &gt; Chapter 12<\/div>\n<p><\/div>\n\t\t\t\t<div align=\"right\">\n\t\t\t<div class=\"fb-like\" data-href=\"\" data-layout=\"button_count\" data-action=\"like\" data-show-faces=\"false\" data-share=\"false\"><\/div>\n\t\t\t<div class=\"fb-share-button\" data-layout=\"button_count\"> <\/div>\n\t\t\t<div class=\"fb_iframe_widget\"><a href=\"https:\/\/twitter.com\/godsnewmessage?ref_src=twsrc%5Etfw\" class=\"twitter-follow-button\" data-show-count=\"false\">Follow @godsnewmessage<\/a><script async src=\"https:\/\/platform.twitter.com\/widgets.js\" charset=\"utf-8\"><\/script><\/div>\n\t\t\t<\/div> <\/div> \n\n<p>&nbsp;<\/p>\n<p>Gott bewegt die Menschheit in eine neue Richtung, eine Richtung, in die sie sich bisher noch nie bewegt hat, eine Richtung, in die sie sich bisher noch nicht bewegen musste. Denn die Welt hat sich ge\u00e4ndert und die Menschheit ist mit einer Gr\u00f6\u00dferen Gemeinschaft des Lebens im Universum konfrontiert\u2014einer gro\u00dfen \u00c4nderung, einer gro\u00dfen Schwelle in der langen Evolution der Menschheit, einer Zeit immenser Aufruhr und Ungewissheit, einer gef\u00e4hrlichen Zeit f\u00fcr die menschliche Familie, einer Zeit, in der sich die Ereignisse schnell entfalten werden.<\/p>\n<p>&nbsp;<\/p>\n<p>Gott bewegt die Menschheit in eine neue Richtung, zu einer Weltgemeinschaft, die in der Lage ist, die Welt zu erhalten und in der Lage ist, auf die Realit\u00e4t des Lebens im Universum zu sto\u00dfen, die euch aufgeb\u00fcrdet wird, und die euch sogar in diesem Moment aufgeb\u00fcrdet wird. Es ist eine gro\u00dfe \u00c4nderung, die viele Menschen f\u00fchlen, aber nicht verstehen.<\/p>\n<p>&nbsp;<\/p>\n<p>Die Bewegung der Welt beschleunigt sich und das Leben der Menschen wird von der stattfindenden gro\u00dfen umweltspezifischen \u00c4nderung \u00fcberw\u00e4ltigt und \u00fcberrascht sowie von dem politischen und wirtschaftlichen Aufruhr. All dies ist nun in Bewegung und kann nicht gestoppt werden, sondern nur abgemildert werden. Dies erfordert eine gro\u00dfe Anpassung.<\/p>\n<p>&nbsp;<\/p>\n<p>Es ist bei dieser gro\u00dfen Schwelle in der menschlichen Geschichte, dass eine Neue Offenbarung in die Welt geschickt worden ist, und ein Bote gesandt wurde, sie hier zu empfangen, sie vorzubereiten und vorzustellen. F\u00fcr ihn ist es eine lange Reise, eine lange und schwierige Reise.<\/p>\n<p>&nbsp;<\/p>\n<p>Die Botschaft f\u00fcr die Menschheit ist nun gro\u00df, umfassender und kompletter als jede Botschaft, die jemals in die Welt gesandt wurde, komplett mit Lehre und Kommentar, so dass ihre Weisheit und Kenntnis  richtig wahrgenommen und angewendet werden kann und nicht einfach menschlicher Interpretation \u00fcberlassen ist.<\/p>\n<p>&nbsp;<\/p>\n<p>Die Menschen sehen nicht, h\u00f6ren nicht. Sie sind sich selbst Fremde. Und ihre angeborenen F\u00e4higkeiten der Wahrnehmung der Umgebung sind bei vielen verloren gegangen und nicht entwickelt.<\/p>\n<p>&nbsp;<\/p>\n<p>Dies macht die Aufgabe des Boten noch schwieriger. Er muss das Mysterium mit sich f\u00fchren, denn die Offenbarung ist jenseits des Reiches des Intellekts und wird bestimmt nicht durch die Erwartungen, Glaubensrichtungen und das Verst\u00e4ndnis der Leute bedingt.<\/p>\n<p>&nbsp;<\/p>\n<p>Gott bewegt die Welt in eine neue Richtung. Es ist eine Richtung, die immer beabsichtigt war, aber sie wird f\u00fcr die Bev\u00f6lkerung der Welt neu sein. Sie wird neu f\u00fcr euer Verst\u00e4ndnis sein.<\/p>\n<p>&nbsp;<\/p>\n<p>Die gro\u00dfen Offenbarungen vom Sch\u00f6pfer sind immer so. Sie stellen immer eine neue Realit\u00e4t vor, ein neues Bewusstsein, eine neue Dimension und ein gr\u00f6\u00dferes Versprechen.<\/p>\n<p>&nbsp;<\/p>\n<p>Die Welt wird dunkel und dieses gr\u00f6\u00dfere Versprechen wird nun ben\u00f6tigt. Nur das Licht der Kenntnis, der gr\u00f6\u00dferen Intelligenz, die der Sch\u00f6pfer der menschlichen Familie und allen Rassen im Universum geschenkt hat, nur dies wird euch nun in die Lage versetzen, zu verstehen und zu reagieren.<\/p>\n<p>&nbsp;<\/p>\n<p>Denn du kehrst zu Gottes Bedingungen zu Gott zur\u00fcck. Und Gottes Botschaften m\u00fcssen verstanden werden, wie sie wirklich sind und sein sollen.<\/p>\n<p>&nbsp;<\/p>\n<p>Es wird so viel Kampf und Auseinandersetzung damit geben, und der Bote und die Anh\u00e4nger des Boten m\u00fcssen sich dieser Schwierigkeit, dieser Frustration stellen und gro\u00dfe Geduld \u00fcben.<\/p>\n<p>&nbsp;<\/p>\n<p>Eine solche Offenbarung wird nicht von vorneherein angenommen und nur wenige werden in der Lage sein, vollst\u00e4ndig zu reagieren. Aber w\u00e4hrend die Zeit l\u00e4uft und die Welt immer turbulenter wird, wird die Neue Botschaft eine gr\u00f6\u00dfere Anziehungskraft, gr\u00f6\u00dfere Anerkennung und gr\u00f6\u00dfere Relevanz erwerben.<\/p>\n<p>&nbsp;<\/p>\n<p>Sie beantwortet Fragen, die ihr noch nicht einmal gestellt habt. Sie ist eine Vorbereitung auf die Zukunft sowie ein Hilfsmittel f\u00fcr die Gegenwart.<\/p>\n<p>&nbsp;<\/p>\n<p>Eure Philosophen und Theologen werden nicht wissen, was sie damit anfangen sollen. Sie werden ein Problem damit haben. Sie wird nicht ihrem Verst\u00e4ndnis entsprechen, in das sie sich so umfassend eingebracht haben. Die religi\u00f6sen F\u00fchrer werden dagegen ank\u00e4mpfen, denn es spricht von einer Realit\u00e4t, die sie noch nicht anerkennen.<\/p>\n<p>&nbsp;<\/p>\n<p>Gott bewegt die Menschheit in eine neue Richtung. Der Bote ist hier, die Offenbarung zu bringen. Er hat Jahrzehnte gebraucht, sie zu empfangen. Es wird Jahrzehnte dauern, bis sie in der Welt anerkannt wird.<\/p>\n<p>&nbsp;<\/p>\n<p>Aber das Problem ist die Zeit. Die Menschheit hat nicht viel Zeit, sich auf eine neue Welt und auf Kontakt mit dem Leben im Universum vorzubereiten\u2014einen Kontakt, der bereits stattfindet, einen Kontakt mit gef\u00e4hrlichem Zweck und gef\u00e4hrlicher Absicht.<\/p>\n<p>&nbsp;<\/p>\n<p>Die Menschen sind besessen von ihren Bed\u00fcrfnissen, ihren Problemen, ihrer Sehnsucht und ihren W\u00fcnschen. Sie sehen nicht die Bewegung der Welt. Denn die Welt hat sich ge\u00e4ndert, aber die Menschen haben sich nicht ge\u00e4ndert. Und nun sind sie mit einem neuen Satz von Realit\u00e4ten konfrontiert.<\/p>\n<p>&nbsp;<\/p>\n<p>Was wird Gott dazu sagen, wenn die Menschen \u00fcberw\u00e4ltigt werden, wenn ihre Prophezeiungen f\u00fcr die Zukunft nicht wahr werden, wenn die R\u00fcckkehr ihres Retters nicht erfolgt, wenn sie glauben, dass Gott alle diese Probleme f\u00fcr sie schafft?<\/p>\n<p>&nbsp;<\/p>\n<p>Die Offenbarung spricht all dies an. Aber ihr m\u00fcsst offen f\u00fcr die Offenbarung sein, und ihr m\u00fcsst euch der Aussicht des gro\u00dfen Wandels stellen, denn er steht euch und der Welt bevor und wird sich vorw\u00e4rts bewegen.<\/p>\n<p>&nbsp;<\/p>\n<p>Ihr k\u00f6nnt nicht Tausende von Jahren zur\u00fcckgehen und versuchen zu verstehen, was heute geschieht. Denn die Evolution der Menschheit hat sich in eine neue Position bewegt, eine Position der Dominanz der Welt und eine Position gr\u00f6\u00dferer Verletzlichkeit im Universum.<\/p>\n<p>&nbsp;<\/p>\n<p>Wo wird diese Erziehung beginnen, euch auf eine neue Welt und auf die Gr\u00f6\u00dfere Gemeinschaft des Lebens vorzubereiten\u2014zwei Ereignisse, die den Lauf der menschlichen Geschichte \u00e4ndern und das Leben jedes Menschen betreffen werden?<\/p>\n<p>&nbsp;<\/p>\n<p>Die Regierungen wissen es nicht. Die Religionsf\u00fchrer wissen es nicht. Die Experten wissen es nicht. Die Universit\u00e4ten k\u00f6nnen die Menschen nicht vorbereiten.<\/p>\n<p>&nbsp;<\/p>\n<p>Die Offenbarung muss vom Sch\u00f6pfer alles Lebens kommen und dies ist, was jetzt geschieht. Denn du lebst in einer Zeit der Offenbarung und der Bote ist in der Welt. Solange er in der Welt ist, hast du Gelegenheit zu empfangen und dich vorzubereiten. Wenn er gegangen ist, wird es anders sein. Es wird schwieriger sein. Hierbei ist er das Licht in der Welt.<\/p>\n<p>&nbsp;<\/p>\n<p>Er ist ein bescheidener Mann und er stellt keine anderen Anspr\u00fcche als der Bote zu sein, denn das ist die Rolle, die ihm zugewiesen worden ist. Er muss die Menschheit auf eine neue Welt durch die Offenbarung vorbereiten. Er muss die Menschheit durch die Offenbarung auf die Gr\u00f6\u00dfere Gemeinschaft vorbereiten. Er muss von dem gro\u00dfen Wandel sprechen, der kommt und der bereits bei den Menschen \u00fcberall durch die Offenbarung angekommen ist.<\/p>\n<p>&nbsp;<\/p>\n<p>Gott bewegt die Menschheit in eine neue Richtung. Kann sich die Menschheit bewegen? K\u00f6nnen die Menschen reagieren? Kannst du reagieren? Kannst du akzeptieren, dass du in einer Zeit der Offenbarung lebst und ber\u00fccksichtigen, was dies f\u00fcr dein Leben und f\u00fcr die Herausforderung bedeutet, die vor dir liegt?<\/p>\n<p>&nbsp;<\/p>\n<p>Die Leute erkennen nicht, wie sehr ihr Leben und die Umst\u00e4nde von dem Zustand der Welt und der Bewegung der Welt abh\u00e4ngen. Nur in den \u00e4rmeren L\u00e4ndern ist diese gr\u00f6\u00dfere Realit\u00e4t immer pr\u00e4sent. In wohlhabenden Nationen isoliert der Wohlstand euch von den gr\u00f6\u00dferen Realit\u00e4ten des Lebens eine Zeit lang bis zu einem bestimmten Grad. Aber dieser Wohlstand wird abnehmen und die gr\u00f6\u00dferen Realit\u00e4ten kommen auf euch zu.<\/p>\n<p>&nbsp;<\/p>\n<p>Wie die Menschheit reagiert und wie sie sich vorbereitet, macht den ganzen Unterschied aus. Was die Entscheidungen der Einzelnen inspiriert, macht den ganzen Unterschied aus. Auf welche Stimme sie h\u00f6rt, ob es die Macht und die Pr\u00e4senz der Kenntnis ist, die Gott ihr gegeben hat, um sie zu f\u00fchren und zu sch\u00fctzen, oder ob es die Stimme ihrer Kultur oder die Stimme der Furcht oder die Stimme des Zorns oder des Ehrgeizes ist.<\/p>\n<p>&nbsp;<\/p>\n<p>Diese Entscheidungen sind grundlegend f\u00fcr den Einzelnen und was die Einzelnen entscheiden, wird das Los und die Zukunft der Menschheit bestimmen. Daher f\u00e4llt die Verantwortung jedem zu, nicht nur den F\u00fchrern und Institutionen.<\/p>\n<p>&nbsp;<\/p>\n<p>Deshalb bringt Gott die Neue Botschaft zu den Menschen und nicht zu den F\u00fchrern der Nationen. Denn die F\u00fchrer sind nicht frei. Sie sind durch ihr Amt gebunden und durch jene, die sie gew\u00e4hlt haben, durch die Erwartungen der anderen. Deshalb kommt die Offenbarung zu dir und zum Volk. Es sind ihre Entscheidungen und ihre Entschlossenheit, die den ganzen Unterschied ausmachen.<\/p>\n<p>&nbsp;<\/p>\n<p>Die Menschen m\u00f6chten Vieles. Sie m\u00f6chten nicht verlieren, was sie haben. Sie sind in dem Moment gefangen. Sie haben nicht die Perspektive zu sehen, wohin ihr Leben steuert.<\/p>\n<p>&nbsp;<\/p>\n<p>Die Offenbarung wird ein gro\u00dfer Schock und eine gro\u00dfe Herausforderung f\u00fcr jeden Einzelnen sein. Aber dieser Schock und diese Herausforderung sind der Schock der Offenbarung. Die Herausforderung ist, mit dem Willen des Sch\u00f6pfers konfrontiert zu werden. Und die Herausforderung ist, ob du reagieren kannst und die Art deiner Reaktion.<\/p>\n<p>&nbsp;<\/p>\n<p>Du kannst nicht stehen bleiben, wo du bist, denn die Welt hat sich ge\u00e4ndert, und sie wird sich weiter \u00e4ndern. Sie bewegt sich. Du musst dich mit ihr bewegen. Dies ist in Harmonie mit dem Leben. Dies bedeutet, aus der Isolierung heraus zu kommen. Dies bedeutet, dich aus Ablenkung und Besessenheit zu befreien. Dies bedeutet, zu lernen zuzuh\u00f6ren, zu schauen, deinen Verstand still werden zu lassen, damit du sehen kannst. Dies bedeutet, Erbitterung aufzugeben, damit du verstehst, wo du bist. Dies bedeutet, die Schritte zur Kenntnis zu unternehmen, damit die Pr\u00e4senz und die Macht Gottes durch dich und zu dir sprechen kann.<\/p>\n<p>&nbsp;<\/p>\n<p>Dies ist die Offenbarung, die die Menschheit in eine neue Richtung bringt. Sind die Menschen bereit zu gehen, oder werden sie zur\u00fcck bleiben\u2014vor den Gro\u00dfen Wellen des Wandels stehen, am Strand schlafen, w\u00e4hrend die Gro\u00dfen Wellen sich auft\u00fcrmen, werden sie an der K\u00fcste leben und denken, dass alles gut ist, werden sie f\u00fcr den Moment leben, unf\u00e4hig, auf die Zeichen der Welt zu reagieren, werden sie mit Annahmen leben, die den Realit\u00e4ten des Lebens nicht standhalten?<\/p>\n<p>&nbsp;<\/p>\n<p>Wer kann reagieren? Wer wird schauen? Wer wird lauschen? Wer wird seine Vorstellungen, seinen Glauben und seine Pr\u00e4ferenzen lange genug beiseite lassen, um etwas zu sehen, etwas zu h\u00f6ren, etwas zu wissen?<\/p>\n<p>&nbsp;<\/p>\n<p>Das ist es, um was der Bote dich bitten wird. Das ist es, was die Offenbarung verlangt. Das ist es, was das Leben in einer neuen Welt verlangt. Das ist es, was das Aufstreben in eine Gr\u00f6\u00dfere Gemeinschaft des Lebens verlangt.<\/p>\n<p>&nbsp;<\/p>\n<p>Wird die Menschheit t\u00f6richt und schwerf\u00e4llig, ignorant und reaktionsunf\u00e4hig sein, wird sie die gr\u00f6\u00dfere Intelligenz nicht erkennen und verwenden? Dies sind die Fragen. Die Antworten sind nicht offensichtlich, denn sie sind noch nicht entstanden. Sie sind dem wirklichen Test nicht unterzogen worden, der der menschlichen Familie bevorsteht.<\/p>\n<p>&nbsp;<\/p>\n<p>Aber der Sch\u00f6pfer alles Lebens liebt die Welt und liebt die Menschheit und hat die Macht der Erl\u00f6sung in die Welt gesandt\u2014um den Einzelnen zu erl\u00f6sen und seine Macht und Integrit\u00e4t wiederherzustellen, um den gro\u00dfen Herausforderungen des Lebens zu begegnen, die sich nun am Horizont abzeichnen.<\/p>\n<p>&nbsp;<\/p>\n<p>Gott bewegt die Menschheit in eine neue Richtung. Es ist die Zeit, sich vorzubereiten, die Offenbarung zu empfangen und zu unterst\u00fctzen.<\/p>\n<p>&nbsp;<\/p>\n<p>Die Menschen werden sich beklagen. Sie werden protestieren. Sie werden sich widersetzen. Sie werden den Boten beschuldigen. Sie werden die Offenbarung denunzieren. Unf\u00e4hig zu reagieren, nicht bereit, ihr Leben und ihre Vorstellungen zu \u00fcberdenken, werden sie sich widersetzen.<\/p>\n<p>&nbsp;<\/p>\n<p>Dies geschieht immer zur Zeit der Offenbarung. Jene, die die gr\u00f6\u00dfte Investition in die Vergangenheit geleistet haben, werden sich der neuen Welt und allem, was darin ist, widersetzen. Sie k\u00f6nnen nicht sehen. Sie k\u00f6nnen nicht wissen. Sie haben nicht den Mut, ihre Position zu \u00fcberdenken. Sie haben nicht die Bescheidenheit, vor der Offenbarung zu stehen.<\/p>\n<p>&nbsp;<\/p>\n<p>Was kann Gott f\u00fcr sie tun? Sie erbaten so viel vom Sch\u00f6pfer, aber sie k\u00f6nnen nicht auf die Reaktion des Sch\u00f6pfers reagieren. Was kann Gott f\u00fcr sie tun?<\/p>\n<p>&nbsp;<\/p>\n<p>Sei unter den ersten, die reagieren, so dass deine gr\u00f6\u00dferen Geschenke im Leben gesichert werden k\u00f6nnen und Gelegenheit haben, in den Tagen und Jahren deines Lebens hervorzutreten.<\/p>\n<p>&nbsp;<\/p>\n<p>Dies ist die Macht der Offenbarung\u2014Weisheit und Kenntnis freizugeben, die die Menschheit jetzt verzweifelt braucht, um sich auf eine Zukunft vorzubereiten, die so anders als die Vergangenheit ist.<\/p>\n<p>&nbsp;<\/p>\n<p>Der Segen ist mit dir. Die Macht der Erl\u00f6sung ist in dir, in Kenntnis in dir. Aber was kann das Feuer dieser Kenntnis z\u00fcnden und herausrufen und dich bef\u00e4higen, dich ihr zu n\u00e4hern, sie zu verstehen und ihr erfolgreich zu folgen?<\/p>\n<p>&nbsp;<\/p>\n<p>Es muss von Gott gez\u00fcndet werden. Die Offenbarung ist hier, um die gr\u00f6\u00dfere Erl\u00f6sung der Einzelnen bei der Vorbereitung auf die neue Welt und auf die Bestimmung der Menschheit im Universum, die noch erkannt und erf\u00fcllt werden muss, in Gang zu setzen.<\/p>\n<p>&nbsp;<\/p>\n<p>Es ist Zeit, zu reagieren. Es ist Zeit, aufrichtig zu dir selbst zu sein und dein Leben nicht auf deine Vorlieben oder deine \u00c4ngste zu st\u00fctzen, sondern auf wahre Erkenntnis in dir.<\/p>\n<p>&nbsp;<\/p>\n<p>Die Konfrontation mit der Offenbarung wird dich herausfordern, mit dieser tieferen Aufrichtigkeit zu reagieren. Die Konfrontation mit der Offenbarung wird dich mit dieser tieferen Aufrichtigkeit herausfordern. Es ist die gr\u00f6\u00dfte Herausforderung deines Lebens. Es ist die wichtigste Herausforderung deines Lebens. Es ist das wichtigste Ereignis deines Lebens.<\/p>\n<p>&nbsp;<\/p>\n<p>Gott bewegt die Menschheit in eine neue Richtung.<\/p>\n","protected":false},"excerpt":{"rendered":"<p>&nbsp; Gott bewegt die Menschheit in eine neue Richtung, eine Richtung, in die sie sich bisher noch nie bewegt hat, eine Richtung, in die sie sich bisher noch nicht bewegen musste. Denn die Welt hat sich ge\u00e4ndert und die Menschheit ist mit einer Gr\u00f6\u00dferen Gemeinschaft des Lebens im Universum konfrontiert\u2014einer gro\u00dfen \u00c4nderung, einer gro\u00dfen Schwelle\u2026 <a class=\"read-more\" href=\"https:\/\/www.v6.newmessage.org\/de\/about-recording-shortcode\/\"><span>Read More<\/span><\/a><\/p>\n","protected":false},"author":8,"featured_media":0,"parent":16290,"menu_order":0,"comment_status":"closed","ping_status":"closed","template":"template-leftsidebar.php","meta":{"_monsterinsights_skip_tracking":false,"_monsterinsights_sitenote_active":false,"_monsterinsights_sitenote_note":"","_monsterinsights_sitenote_category":0,"footnotes":""},"categories":[76,461,460],"tags":[601,634,633],"_links":{"self":[{"href":"https:\/\/www.v6.newmessage.org\/de\/wp-json\/wp\/v2\/pages\/27097"}],"collection":[{"href":"https:\/\/www.v6.newmessage.org\/de\/wp-json\/wp\/v2\/pages"}],"about":[{"href":"https:\/\/www.v6.newmessage.org\/de\/wp-json\/wp\/v2\/types\/page"}],"author":[{"embeddable":true,"href":"https:\/\/www.v6.newmessage.org\/de\/wp-json\/wp\/v2\/users\/8"}],"replies":[{"embeddable":true,"href":"https:\/\/www.v6.newmessage.org\/de\/wp-json\/wp\/v2\/comments?post=27097"}],"version-history":[{"count":6,"href":"https:\/\/www.v6.newmessage.org\/de\/wp-json\/wp\/v2\/pages\/27097\/revisions"}],"predecessor-version":[{"id":28734,"href":"https:\/\/www.v6.newmessage.org\/de\/wp-json\/wp\/v2\/pages\/27097\/revisions\/28734"}],"up":[{"embeddable":true,"href":"https:\/\/www.v6.newmessage.org\/de\/wp-json\/wp\/v2\/pages\/16290"}],"wp:attachment":[{"href":"https:\/\/www.v6.newmessage.org\/de\/wp-json\/wp\/v2\/media?parent=27097"}],"wp:term":[{"taxonomy":"category","embeddable":true,"href":"https:\/\/www.v6.newmessage.org\/de\/wp-json\/wp\/v2\/categories?post=27097"},{"taxonomy":"post_tag","embeddable":true,"href":"https:\/\/www.v6.newmessage.org\/de\/wp-json\/wp\/v2\/tags?post=27097"}],"curies":[{"name":"wp","href":"https:\/\/api.w.org\/{rel}","templated":true}]}}