{"id":27095,"date":"2017-04-22T07:35:55","date_gmt":"2017-04-22T07:35:55","guid":{"rendered":"http:\/\/www.newmessage.org\/german-international\/?page_id=27095"},"modified":"2020-03-06T23:44:44","modified_gmt":"2020-03-06T23:44:44","slug":"gottes-neue-botschaft-fur-die-velt","status":"publish","type":"page","link":"https:\/\/www.v6.newmessage.org\/de\/die-botschaft\/band-1\/gott-hat-erneut-gesprochen\/gottes-neue-botschaft-fur-die-velt\/","title":{"rendered":"Gottes Neue Botschaft f\u00fcr die Welt"},"content":{"rendered":"<div><!-- 4.1 Verse --><\/div>\n\n<div class=\"tabgroup \"><ul class=\"tabs\"><li><a href=\"#tabs-1\">H\u00f6re<\/a><\/li>\n<li><a href=\"#tabs-2\">\u00dcber diesen Text<\/a><\/li><\/ul>\n <div id=\"tabs-1\"><br \/>\nH\u00f6re die Stimme der Offenbarung:<\/p>\n<div id=\"jquery_jplayer_1\" class=\"jp-jplayer\"><\/div>\n\t\t\t\t<div id=\"jp_container_1\" class=\"jp-audio\">\n\t\t\t\t<div class=\"jp-type-single\"><div class=\"jp-control\"><a href=\"javascript:;\" class=\"jp-play\" tabindex=\"1\">play<\/a><a href=\"javascript:;\" class=\"jp-pause\" tabindex=\"1\">pause<\/a><\/div> <div class=\"jp-gui jp-interface\"><div class=\"jp-volume\"><div class=\"jp-volume-bar\"><div class=\"jp-volume-bar-value\"><\/div><\/div><\/div><div class=\"jp-progress\"><div class=\"jp-seek-bar\"><div class=\"jp-play-bar\"><\/div><\/div><\/div><\/div>\t\t\t\t\t<div class=\"jp-no-solution\"><span>Update Required<\/span>To play the media you will need to either update your browser to a recent version or update your <a href=\"http:\/\/get.adobe.com\/flashplayer\/\" target=\"_blank\">Flash plugin<\/a>.<\/div><\/div><\/div>\n\t\t\t<script type='text\/javascript'>\n\t\t\t\tjQuery(document).ready(function() {\n\t\t\t\t\tif (typeof (sermonMedia) == 'function') {\n\t\t\t\t\t\tsermonMedia.addAudio('', \"jquery_jplayer_1\");\n\t\t\t\t\t}\n\t\t\t\t\tjQuery.jPlayer.timeFormat.showHour = true;\n\t\t\t\t\tjQuery(\"#jquery_jplayer_1\").jPlayer({\n\t\t\t\t\t\tready: function(event) {\n\t\t\t\t\t\t\tjQuery(this).jPlayer(\"setMedia\", {mp3: 'https:\/\/newmessage.org\/av\/gods-new-message-for-the-world.mp3'});\n\t\t\t\t\t\t},\n\t\t\t\t\t\tplay: function() {\n\t\t\t\t\t\t\tjQuery(this).jPlayer(\"pauseOthers\");\n\t\t\t\t\t\t},\n\t\t\t\t\t\tswfPath: ThemeData.directory_uri+\"\/swf\",\n\t\t\t\t\t\tsolution: \"html, flash\",\n\t\t\t\t\t\tpreload: \"metadata\",\n\t\t\t\t\t\twmode: \"window\",\n\t\t\t\t\t\tsupplied: \"mp3\",\n\t\t\t\t\t\tcssSelectorAncestor: '#jp_container_1'\n\t\t\t\t\t});\n\t\t\t\t});\n\t\t\t<\/script><\/p>\n<p><a title=\"God's New Message for the World\" href=\"https:\/\/newmessage.org\/av\/gods-new-message-for-the-world.mp3\">Lade herunter<\/a> (Rechtsklick zum Herunterladen)<\/p>\n<p><em>Wie offenbart<br \/>\nMarshall Vian Summers<br \/>\nam 28. Februar 2011<br \/>\nin Boulder, Colorado<\/em><\/p>\n<div class=\"toggle toggle-white\"><h4 class=\"trigger \"><span class=\"t_ico\"><\/span><a href=\"#\">\u00dcber diese Aufzeichnung<\/a><\/h4><div class=\"toggle_container \"><br \/>\n<div id=\"yui_3_16_0_ym19_1_1467955126517_3327\" dir=\"ltr\"><span id=\"yui_3_16_0_ym19_1_1467955126517_3177\"><span id=\"yui_3_16_0_ym19_1_1467955126517_3178\">Was Du in dieser Audioaufzeichnung h\u00f6rst, ist die Stimme des Engelsrates, die durch den Boten Marshall Vian Summers spricht.<\/span><\/span><\/div>\n<div dir=\"ltr\"><span id=\"yui_3_16_0_ym19_1_1467955126517_3177\"><span id=\"yui_3_16_0_ym19_1_1467955126517_3178\">\u00a0<\/span><\/span><\/div>\n<div id=\"yui_3_16_0_ym19_1_1467955126517_3359\" dir=\"ltr\"><span id=\"yui_3_16_0_ym19_1_1467955126517_3177\"><span id=\"yui_3_16_0_ym19_1_1467955126517_3178\"> Hier wird die originale Mitteilung Gottes, die jenseits von Worten existiert, vom Engelsrat, der \u00fcber die Welt wacht, in menschliche Sprache und menschliches Verst\u00e4ndnis \u00fcbersetzt. Der Engelsrat bringt dann Gottes Botschaft \u00fcber den Boten dar.<br \/>\n<\/span><\/span><\/div>\n<div id=\"yui_3_16_0_ym19_1_1467955126517_3369\" dir=\"ltr\"><span id=\"yui_3_16_0_ym19_1_1467955126517_3177\"><span id=\"yui_3_16_0_ym19_1_1467955126517_3178\">\u00a0<\/span><\/span><\/div>\n<div id=\"yui_3_16_0_ym19_1_1467955126517_3370\" dir=\"ltr\"><span id=\"yui_3_16_0_ym19_1_1467955126517_3177\"><span id=\"yui_3_16_0_ym19_1_1467955126517_3178\">In diesem bemerkenswerten Prozess spricht die Stimme der Offenbarung erneut. Das Wort und der Ton sind in der Welt. Zum ersten Mal in der Geschichte ist f\u00fcr euch und f\u00fcr die Welt die Aufzeichnung der urspr\u00fcnglichen gesprochenen Offenbarung verf\u00fcgbar, um erfahren zu werden.<br \/>\n<\/span><\/span><\/div>\n<div id=\"yui_3_16_0_ym19_1_1467955126517_3436\" dir=\"ltr\"><span id=\"yui_3_16_0_ym19_1_1467955126517_3177\"><span id=\"yui_3_16_0_ym19_1_1467955126517_3178\">\u00a0<\/span><\/span><\/div>\n<div id=\"yui_3_16_0_ym19_1_1467955126517_3435\" dir=\"ltr\"><span id=\"yui_3_16_0_ym19_1_1467955126517_3177\"><span id=\"yui_3_16_0_ym19_1_1467955126517_3178\">M\u00f6gest du der  Empf\u00e4nger dieses Geschenks der Offenbarung werden und m\u00f6gest du dich \u00f6ffnen, um diese einmalige Botschaft f\u00fcr dich und f\u00fcr dein Leben zu empfangen.<\/span><\/span><\/div>\n<br \/>\n<\/div><\/div><br \/>\n<\/div>\n<div id=\"tabs-2\"><\/p>\n<p><img loading=\"lazy\" decoding=\"async\" width=\"200\" height=\"300\" class=\"aligncenter size-medium wp-image-27112 imgborder\" src=\"https:\/\/www.newmessage.org\/german-international\/wp-content\/uploads\/sites\/48\/2017\/04\/GHS-German-frontcover-6x9-200x300.jpg\" alt=\"\" srcset=\"https:\/\/www.v6.newmessage.org\/de\/wp-content\/uploads\/sites\/48\/2017\/04\/GHS-German-frontcover-6x9-200x300.jpg 200w, https:\/\/www.v6.newmessage.org\/de\/wp-content\/uploads\/sites\/48\/2017\/04\/GHS-German-frontcover-6x9-400x600.jpg 400w, https:\/\/www.v6.newmessage.org\/de\/wp-content\/uploads\/sites\/48\/2017\/04\/GHS-German-frontcover-6x9-500x750.jpg 500w, https:\/\/www.v6.newmessage.org\/de\/wp-content\/uploads\/sites\/48\/2017\/04\/GHS-German-frontcover-6x9.jpg 600w\" sizes=\"(max-width: 200px) 100vw, 200px\" \/><\/p>\n<div class=\"panel-10 text-align-center\"><\/div>\n<div class=\"text-align-center text font-size-12 margin-top-10\">Band 1 &gt; Gott hat erneut gesprochen &gt; Chapter 11<\/div>\n<p><\/div>\n\t\t\t\t<div align=\"right\">\n\t\t\t<div class=\"fb-like\" data-href=\"\" data-layout=\"button_count\" data-action=\"like\" data-show-faces=\"false\" data-share=\"false\"><\/div>\n\t\t\t<div class=\"fb-share-button\" data-layout=\"button_count\"> <\/div>\n\t\t\t<div class=\"fb_iframe_widget\"><a href=\"https:\/\/twitter.com\/godsnewmessage?ref_src=twsrc%5Etfw\" class=\"twitter-follow-button\" data-show-count=\"false\">Follow @godsnewmessage<\/a><script async src=\"https:\/\/platform.twitter.com\/widgets.js\" charset=\"utf-8\"><\/script><\/div>\n\t\t\t<\/div> <\/div> \n\n<p>&nbsp;<\/p>\n<p>&nbsp;<\/p>\n<p>Es ist Zeit, eine Neue Botschaft von Gott zu erhalten. Es ist Zeit, das Geschenk und den Segen zu erhalten. Es ist Zeit, zu erkennen, dass Gott erneut gesprochen hat, nach einem so langen Schweigen.<\/p>\n<p>&nbsp;<\/p>\n<p>Denn die Menschheit steht nun vor den Gro\u00dfen Wellen des Wandels\u2014eines gro\u00dfen umweltspezifischen, wirtschaftlichen und sozialen Wandels. Sie steht vor ihren gr\u00f6\u00dften Herausforderungen, ihren schwierigsten Hindernissen und ihrem gr\u00f6\u00dften Ruf nach Einheit und Zusammenarbeit.<\/p>\n<p>&nbsp;<\/p>\n<p>Empfange daher die Neue Botschaft und nimm sie dir zu Herzen. Mache sie zu deinem Studienobjekt.  Lege deine Betonung darauf. Verurteile oder zweifle sie nicht an oder du wirst nicht in der Lage sein, die Macht und die Gnade, die Weisheit und die Kraft zu empfangen, die sie bietet.<\/p>\n<p>&nbsp;<\/p>\n<p>Betrachte die Welt nun an einem gro\u00dfen Wendepunkt, wenn eine immer st\u00e4rker zunehmende Anzahl Menschen von einer langsam austrocknenden Quelle trinkt. Schaue \u00fcber den Horizont und nicht nur in die nahe Zukunft, und du wirst sehen, wie sich die Gro\u00dfen Wellen dort aufbauen. Du wirst sehen, dass die Menschheit sich \u00e4ndern und an ein neues System von Umst\u00e4nden anpassen muss und dass die so lange ignorierte und verleumdete Natur nun die Verpflichtungsbedingungen festsetzt.<\/p>\n<p>&nbsp;<\/p>\n<p>Es ist Zeit f\u00fcr eine gro\u00dfe Abrechnung. Es ist Zeit f\u00fcr eine gro\u00dfe Rechenschaft. Es ist nicht das Ende f\u00fcr die Menschheit, aber es ist ein gro\u00dfer Wendepunkt. Und es stellt einen Neubeginn dar\u2014einen Neubeginn, der nicht vermieden oder vernachl\u00e4ssigt werden kann.<\/p>\n<p>&nbsp;<\/p>\n<p>Die T\u00f6richten werden fortbestehen. Die Blinden werden weiterhin denken, dass die Zukunft wie die Vergangenheit ist. Und jene, die sich dessen nicht bewusst sind, werden verk\u00fcnden, dass sie wissen, was f\u00fcr die Welt getan werden muss.<\/p>\n<p>&nbsp;<\/p>\n<p>Aber trotz der gr\u00f6\u00dften  und genauesten Verk\u00fcndigungen und Theorien m\u00fcsst ihr eine Neue Offenbarung haben, oder die Hindernisse werden zu gro\u00df und zu bedrohlich, die Gefahren werden zu \u00fcberw\u00e4ltigend, der menschliche Geist zu schwach und zu abgelenkt, die Nationen zu gespalten und zu egoistisch und streits\u00fcchtig.<\/p>\n<p>&nbsp;<\/p>\n<p>Es ist eine Zeit, in der die Menschheit ihre Position in der Welt \u00fcberdenken muss und ihre Priorit\u00e4ten von Wachstum und Expansion zu Stabilit\u00e4t und Sicherheit zum Wohle der Welt und der Menschen der Welt verschieben muss.<\/p>\n<p>&nbsp;<\/p>\n<p>Es ist die Zeit, die eine Vision erfordert, eine Zeit, die jene herausfordert, die ihre Karrieren auf ihren Theorien und ihren Glaubenssystemen aufgebaut haben; eine Zeit, wenn das Wohlbefinden eurer Kinder und von deren Kindern ernsthaft \u00fcberdacht werden muss, statt blo\u00df angenommen zu werden; eine Zeit, wenn die Ressourcen der Welt erhalten werden m\u00fcssen, statt einfach verschwendet und \u00fcberbeansprucht zu werden; eine Zeit, wenn die Bed\u00fcrfnisse der \u00e4rmeren Nationen direkt das Wohlbefinden der st\u00e4rkeren Nationen beeinflussen; eine Zeit, um eure endlosen Konflikte zu beenden, um eine Infrastruktur aufzubauen, die die menschliche Familie am Leben erhalten kann.<\/p>\n<p>&nbsp;<\/p>\n<p>Die Nationen werden kooperieren m\u00fcssen oder sie geraten zunehmend in Gefahr. Die Ressourcen werden immer teurer und schwieriger erh\u00e4ltlich. Die Nahrungsmittelerzeugung kommt zum Stillstand. Das Weltklima \u00e4ndert sich. Die Technologie allein wird nicht in der Lage sein, vielen der kommenden gro\u00dfen Herausforderungen gerecht zu werden.<\/p>\n<p>&nbsp;<\/p>\n<p>Deshalb gibt es eine Offenbarung, eine Neue Botschaft von Gott, da die Menschheit nicht auf den vor uns stehenden Geist des Wandels reagieren kann und nicht ausreichend darauf reagiert hat -vielleicht mit der Ausnahme einiger au\u00dferordentlicher Einzelner.<\/p>\n<p>&nbsp;<\/p>\n<p>Es ist nicht nur eine Frage der Anpassung. Es ist eine Frage des grundlegenden Wandels\u2014ein Wandel des Herzens, ein Wandel der Auffassung, ein Wandel der Haltung. Denn was vorher funktioniert hat, k\u00f6nnte jetzt nicht mehr funktionieren. Was angenommen wurde, k\u00f6nnte sich als ineffektiv und unangemessen erweisen. Alles wird zu \u00fcberdenken sein.<\/p>\n<p>&nbsp;<\/p>\n<p>Die Offenbarung wird dies offenlegen und warum das so ist. Sie wird das ansprechen, was jene, die es sehen k\u00f6nnen, bereits erfahren haben oder es jetzt erfahren. Es wird mit den gro\u00dfen Wahrheiten aller eurer Religionen resonieren und doch wird es Dinge offenbaren, die niemals vorher offenbart wurden. Es ist eine Botschaft an den Einzelnen, der darum k\u00e4mpft, die Wahrheit zu sehen und zu erfahren. Und es ist eine Botschaft an die ganze Welt, die mit den Gro\u00dfen Wellen des Wandels konfrontiert wird.<\/p>\n<p>&nbsp;<\/p>\n<p>Es ist nicht eine Frage, ob man positiv oder negativ ist. Es ist eine Frage, ob man sehen kann oder nicht, ob man die Augen hat zu sehen und die Ohren zu h\u00f6ren. Es ist nicht eine Frage der politischen Orientierung oder Ideologie oder Lehrmeinung. Es ist eine Frage, ob man sehen oder reagieren kann\u2014nicht nur auf die Ereignisse dieses Tages, sondern auf die kommenden Ereignisse, die Ereignisse, die euch vorausgehen, die Bedingungen der Welt, die sich unter euren F\u00fc\u00dfen \u00e4ndern und die Welt bereits in einem solchen Umfang ver\u00e4ndert haben, dass man mit einer anderen Art von Welt lebt und konfrontiert ist.<\/p>\n<p>&nbsp;<\/p>\n<p>Es nicht die Welt eurer Eltern und Vorfahren. Es ist nicht die Welt, auf der die Zivilisation aufgebaut und gesichert worden ist. Es ist nicht Welt, auf der sich die menschliche Theorie und Philosophie \u00fcber die Jahrhunderte entwickelt hat. Es ist eine andere, schwierigere und ungewissere Welt\u2014eine Welt des Niedergangs, eine Welt des Wandels, eine Welt, dass nicht einmal die Wissenschaft in der Lage ist, sie voll und ganz zu verstehen, eine Welt, die jetzt eure ist.<\/p>\n<p>&nbsp;<\/p>\n<p>Ihr werdet eine gr\u00f6\u00dfere Intelligenz ben\u00f6tigen, um diese Welt zu navigieren. Ihr ben\u00f6tigt die Macht der Kenntnis im Einzelnen, um zu wissen und zu sehen, was getan werden muss. Ihr werdet eine gro\u00dfe Kooperation zwischen den V\u00f6lkern und den Nationen ben\u00f6tigen, oder das Resultat wird katastrophal sein.<\/p>\n<p>&nbsp;<\/p>\n<p>Die Neue Botschaft bietet den Schl\u00fcssel und die fehlenden Teile. Sie spricht nicht alles an. Sie l\u00f6st nicht jedes Problem. Sie beantwortet nicht jede Frage. Nat\u00fcrlich nicht. Aber sie setzt dir die Priorit\u00e4ten f\u00fcr dein Leben. Und sie wird es dir erm\u00f6glichen, dich auf Dinge vorzubereiten, die du nicht sehen kannst, noch nicht wissen kannst. Sie wird dir die Kraft geben, deine Vorstellungen und Glaubenss\u00e4tze zu \u00fcberdenken. Sie wird bei dir die Macht des Sehens wiederherstellen und damit die Augen zu sehen und die Ohren zu h\u00f6ren.<\/p>\n<p>&nbsp;<\/p>\n<p>Nicht jeder wird dies empfangen. Nicht jeder wird reagieren. Nicht jeder wird lernen und Zeuge der Neuen Botschaft werden. Gewiss nicht. Aber viele werden es m\u00fcssen\u2014in f\u00fchrenden Positionen, in der Bev\u00f6lkerung, in verschiedenen Kulturen, verschiedenen Religionen\u2014denn dies ist eine Botschaft f\u00fcr die Welt.<\/p>\n<p>&nbsp;<\/p>\n<p>Es ist nicht eine Botschaft f\u00fcr ein Land. Es nicht eine Botschaft f\u00fcr eine Zeit oder ein Ereignis. Es ist keine Zur\u00fcckweisung der Religion. Es ist keine Zur\u00fcckweisung der Regierung. Es ist keine Zur\u00fcckweisung dessen, was besteht, sondern eine Warnung, ein Segen und eine Vorbereitung, in einer anderen Welt zu leben und vorw\u00e4rts zu kommen.<\/p>\n<p>&nbsp;<\/p>\n<p>Du kannst dich jetzt nicht auf das verlassen, was vorher geschehen ist. Sogar die Natur wurde so gest\u00f6rt, dass du nicht in der Lage sein wirst, dich auf bestimmte Dinge zu verlassen. Die Nationen haben wirtschaftliche Schwierigkeiten. Es wird Wachstum geben, aber nur vor\u00fcbergehend. Und die Bed\u00fcrfnisse der menschlichen Familie werden bei weitem die Kapazit\u00e4t \u00fcberschreiten oder anscheinend so, dass man einen Fortschritt, den man haben kann, kaum bew\u00e4ltigt.<\/p>\n<p>&nbsp;<\/p>\n<p>Dies wird einen Wandel bei den Priorit\u00e4ten schaffen. Sicherheit wird nun nicht einfach hei\u00dfen, eine Nation vor der anderen zu besch\u00fctzen. Sie wird die Stabilit\u00e4t von gro\u00dfen Bev\u00f6lkerungen sichern. Jeder wird hiervon zu einem bestimmten Grad betroffen. Es ist nicht eine Frage der Regierungen oder der Regierungsgewalt. Es ist die ganze Welt.<\/p>\n<p>&nbsp;<\/p>\n<p>Viele Leute werden bei diesem gro\u00dfen \u00dcbergang zu beklagen sein. Aber die Verluste k\u00f6nnen minimiert werden und die Trag\u00f6dien k\u00f6nnen abgemildert werden. Die Teilnahme eines jeden wird ben\u00f6tigt, damit die Menschheit die Gro\u00dfen Wellen des Wandels \u00fcberlebt und in der Lage sein wird, eine neue und kooperativere Welt aufzubauen\u2014eine Welt, gest\u00fctzt nicht nur auf endloses Wachstum und Expansion, sondern auf Stabilit\u00e4t und Sicherheit der V\u00f6lker der Welt. Es wird eine Zukunft sein, die sehr anders als die Vergangenheit ist und sehr anders als die Welt, die du im Moment siehst.<\/p>\n<p>&nbsp;<\/p>\n<p>Nur Gott wei\u00df, was \u00fcber den Horizont kommt. Aber dir sind Augen gegeben, um zu sehen und Ohren, um zu h\u00f6ren, so dass du die Offensichtlichkeit dessen sehen kannst, heute und morgen und in den Tagen darauf. Du wirst nicht gebeten, zu glauben, aber aufmerksam zu sein, deinen Verstand frei zu machen, deine Wahrnehmung zu \u00f6ffnen. Der unter euch, der am wenigsten kultiviert ist, kann dir sagen, dass sich die Winde \u00e4ndern, w\u00e4hrend die Experten weiterhin Realit\u00e4ten aus der Vergangenheit debattieren. Es ist nicht eine Frage der intellektuellen Brillanz. Es ist eine Frage der Aufmerksamkeit und Klarheit, der Vision und der Urteilskraft.<\/p>\n<p>&nbsp;<\/p>\n<p>Viele werden scheitern. Viele werden leugnen. Viele werden die Realit\u00e4t vermeiden, denn dies ist eine der gro\u00dfen Schw\u00e4chen der Menschheit. Daher werden jene, die stark sind, jene, die klar sind, jene, die sehen k\u00f6nnen, jene, die engagiert sind, einer sich \u00e4ndernden Welt zu dienen, immer wichtiger in der Zukunft, welche Position auch immer sie in Kultur und Geschichte einnehmen.<\/p>\n<p>&nbsp;<\/p>\n<p>Deshalb muss die Offenbarung gegeben werden. Sie ist keine menschliche Erfindung. Sie ist nicht das Produkt des Denkens oder der Einbildung eines Mannes. Das ist sie kaum. Sie ist keine Revolution gegen religi\u00f6ses Denken, wie es heute besteht. Sie ist v\u00f6llig neu. Sie kommt nicht, zu verdammen, sondern zu korrigieren und euch die Macht zur Erschaffung zu geben. Sie ist eine Botschaft f\u00fcr die Welt.<\/p>\n<p>&nbsp;<\/p>\n<p>Die sich verdunkelnden Himmel nehmen zu. Die Schwierigkeiten der Menschheit eskalieren. Regierungen werden unf\u00e4hig angesichts dessen, wenn sie nicht von einer gr\u00f6\u00dferen Vision und einem gr\u00f6\u00dferen Engagement geleitet werden.<\/p>\n<p>&nbsp;<\/p>\n<p>Die Menschheit erhebt sich noch aus einem primitive Zustand, einem Stammeszustand, in eine Weltgemeinschaft. Es ist ein sehr schwieriger und gef\u00e4hrlicher \u00dcbergang, aber er muss geschehen, er muss in allen Welten des Universums geschehen, in denen sich intelligentes Leben entwickelt hat.<\/p>\n<p>&nbsp;<\/p>\n<p>Du stehst nun vor dem gr\u00f6\u00dften und schwierigsten \u00dcbergang von kriegerischen Stammesgesellschaften zu einer Weltgemeinschaft\u2014einer Gemeinschaft, gest\u00fctzt auf die Notwendigkeit und nicht nur Ideologie, einer Gemeinschaft, gest\u00fctzt auf die Sicherung und den Schutz der Welt vor internem Zusammenbruch und ihrem Schutz vor au\u00dferirdischer Intervention aus dem Universum um euch.<\/p>\n<p>&nbsp;<\/p>\n<p>Es ist eine andere Welt als die Welt, an die du heute denkst, sondern es ist eine Welt in Einklang mit der Natur, denn die Natur hat sich nicht ge\u00e4ndert. Die Welt hat sich ge\u00e4ndert, aber die Menschheit hat sich nicht mit ihr ge\u00e4ndert. Und nun betretet ihr neues Territorium. Au\u00dferirdisch und gef\u00e4hrlich zugleich. Es wird gro\u00dfe Sorgfalt erfordern, w\u00e4hrend ihr in die Zukunft schreitet.<\/p>\n<p>&nbsp;<\/p>\n<p>Was wird die menschliche Wahrnehmung leiten? Was wird die Entscheidungen des Volkes inspirieren? Deshalb gibt es die Offenbarung, die von einem Mann mit einer kleinen Gruppe Helfer in die Welt gebracht wird. Er ist der Bote f\u00fcr diese Zeit, aber er wird die Erwartungen an einen Superman nicht erf\u00fcllen. Er wird keine magischen Kr\u00e4fte haben. Er wird nicht charismatisch sein. Er wird nicht unterhaltsam sein. Aber er ist der Bote, und es ist sein Leben, welches das Vehikel f\u00fcr die \u00dcbertragung der Neuen Botschaft von Gott war.<\/p>\n<p>&nbsp;<\/p>\n<p>Empfangt also. H\u00f6rt. \u00d6ffnet euren Verstand. Ihr k\u00f6nnt die Zukunft nicht ohne diese gr\u00f6\u00dfere Offenbarung navigieren. Ihr seid nicht vorbereitet. Ihr werdet nicht rechtzeitig vorbereitet sein. Ihr werdet nicht in der Lage sein, andere zu \u00fcberzeugen, zu reagieren.<\/p>\n<p>&nbsp;<\/p>\n<p>Gott liebt die Welt und hat der Menschheit gro\u00dfe Lehren an den wichtigen Wendepunkten gegeben, um menschliche Zivilisation zu etablieren und die Menschen von ihrer Stammesidentit\u00e4t zu befreien, um zu erm\u00f6glichen, dass sich Zivilisation entwickelt und w\u00e4chst, trotz ihrer vielen Trag\u00f6dien und Fehler.<\/p>\n<p>&nbsp;<\/p>\n<p>Nun bewegt ihr euch von einer Zivilisation zu einer Weltgemeinschaft, denn nur diese sorgt [f\u00fcr wahre Sicherheit] und sch\u00fctzt die menschliche Familie in der Zukunft. Es ist ein \u00dcbergang, an den nur wenige derzeit konstruktiv auch nur denken k\u00f6nnen. Aber es ist eure Bestimmung.<\/p>\n<p>&nbsp;<\/p>\n","protected":false},"excerpt":{"rendered":"<p>&nbsp; &nbsp; Es ist Zeit, eine Neue Botschaft von Gott zu erhalten. Es ist Zeit, das Geschenk und den Segen zu erhalten. Es ist Zeit, zu erkennen, dass Gott erneut gesprochen hat, nach einem so langen Schweigen. &nbsp; Denn die Menschheit steht nun vor den Gro\u00dfen Wellen des Wandels\u2014eines gro\u00dfen umweltspezifischen, wirtschaftlichen und sozialen Wandels.\u2026 <a class=\"read-more\" href=\"https:\/\/www.v6.newmessage.org\/de\/about-recording-shortcode\/\"><span>Read More<\/span><\/a><\/p>\n","protected":false},"author":8,"featured_media":0,"parent":16290,"menu_order":0,"comment_status":"closed","ping_status":"closed","template":"template-leftsidebar.php","meta":{"_monsterinsights_skip_tracking":false,"_monsterinsights_sitenote_active":false,"_monsterinsights_sitenote_note":"","_monsterinsights_sitenote_category":0,"footnotes":""},"categories":[76,461,460],"tags":[601,632,631],"_links":{"self":[{"href":"https:\/\/www.v6.newmessage.org\/de\/wp-json\/wp\/v2\/pages\/27095"}],"collection":[{"href":"https:\/\/www.v6.newmessage.org\/de\/wp-json\/wp\/v2\/pages"}],"about":[{"href":"https:\/\/www.v6.newmessage.org\/de\/wp-json\/wp\/v2\/types\/page"}],"author":[{"embeddable":true,"href":"https:\/\/www.v6.newmessage.org\/de\/wp-json\/wp\/v2\/users\/8"}],"replies":[{"embeddable":true,"href":"https:\/\/www.v6.newmessage.org\/de\/wp-json\/wp\/v2\/comments?post=27095"}],"version-history":[{"count":5,"href":"https:\/\/www.v6.newmessage.org\/de\/wp-json\/wp\/v2\/pages\/27095\/revisions"}],"predecessor-version":[{"id":28736,"href":"https:\/\/www.v6.newmessage.org\/de\/wp-json\/wp\/v2\/pages\/27095\/revisions\/28736"}],"up":[{"embeddable":true,"href":"https:\/\/www.v6.newmessage.org\/de\/wp-json\/wp\/v2\/pages\/16290"}],"wp:attachment":[{"href":"https:\/\/www.v6.newmessage.org\/de\/wp-json\/wp\/v2\/media?parent=27095"}],"wp:term":[{"taxonomy":"category","embeddable":true,"href":"https:\/\/www.v6.newmessage.org\/de\/wp-json\/wp\/v2\/categories?post=27095"},{"taxonomy":"post_tag","embeddable":true,"href":"https:\/\/www.v6.newmessage.org\/de\/wp-json\/wp\/v2\/tags?post=27095"}],"curies":[{"name":"wp","href":"https:\/\/api.w.org\/{rel}","templated":true}]}}