{"id":27050,"date":"2017-04-20T23:30:34","date_gmt":"2017-04-20T23:30:34","guid":{"rendered":"http:\/\/www.newmessage.org\/german-international\/?page_id=27050"},"modified":"2020-03-06T23:44:44","modified_gmt":"2020-03-06T23:44:44","slug":"die-verkundigung","status":"publish","type":"page","link":"https:\/\/www.v6.newmessage.org\/de\/die-botschaft\/band-1\/gott-hat-erneut-gesprochen\/die-verkundigung\/","title":{"rendered":"Die Verk\u00fcndigung"},"content":{"rendered":"<div><!-- 4.1 Verse --><\/div>\n\n<div class=\"tabgroup \"><ul class=\"tabs\"><li><a href=\"#tabs-1\">H\u00f6re<\/a><\/li>\n<li><a href=\"#tabs-2\">\u00dcber diesen Text<\/a><\/li><\/ul>\n <div id=\"tabs-1\"><br \/>\nH\u00f6re die Stimme der Offenbarung:<\/p>\n<div id=\"jquery_jplayer_1\" class=\"jp-jplayer\"><\/div>\n\t\t\t\t<div id=\"jp_container_1\" class=\"jp-audio\">\n\t\t\t\t<div class=\"jp-type-single\"><div class=\"jp-control\"><a href=\"javascript:;\" class=\"jp-play\" tabindex=\"1\">play<\/a><a href=\"javascript:;\" class=\"jp-pause\" tabindex=\"1\">pause<\/a><\/div> <div class=\"jp-gui jp-interface\"><div class=\"jp-volume\"><div class=\"jp-volume-bar\"><div class=\"jp-volume-bar-value\"><\/div><\/div><\/div><div class=\"jp-progress\"><div class=\"jp-seek-bar\"><div class=\"jp-play-bar\"><\/div><\/div><\/div><\/div>\t\t\t\t\t<div class=\"jp-no-solution\"><span>Update Required<\/span>To play the media you will need to either update your browser to a recent version or update your <a href=\"http:\/\/get.adobe.com\/flashplayer\/\" target=\"_blank\">Flash plugin<\/a>.<\/div><\/div><\/div>\n\t\t\t<script type='text\/javascript'>\n\t\t\t\tjQuery(document).ready(function() {\n\t\t\t\t\tif (typeof (sermonMedia) == 'function') {\n\t\t\t\t\t\tsermonMedia.addAudio('', \"jquery_jplayer_1\");\n\t\t\t\t\t}\n\t\t\t\t\tjQuery.jPlayer.timeFormat.showHour = true;\n\t\t\t\t\tjQuery(\"#jquery_jplayer_1\").jPlayer({\n\t\t\t\t\t\tready: function(event) {\n\t\t\t\t\t\t\tjQuery(this).jPlayer(\"setMedia\", {mp3: 'https:\/\/newmessage.org\/av\/the-proclamation.mp3'});\n\t\t\t\t\t\t},\n\t\t\t\t\t\tplay: function() {\n\t\t\t\t\t\t\tjQuery(this).jPlayer(\"pauseOthers\");\n\t\t\t\t\t\t},\n\t\t\t\t\t\tswfPath: ThemeData.directory_uri+\"\/swf\",\n\t\t\t\t\t\tsolution: \"html, flash\",\n\t\t\t\t\t\tpreload: \"metadata\",\n\t\t\t\t\t\twmode: \"window\",\n\t\t\t\t\t\tsupplied: \"mp3\",\n\t\t\t\t\t\tcssSelectorAncestor: '#jp_container_1'\n\t\t\t\t\t});\n\t\t\t\t});\n\t\t\t<\/script><br \/>\n<img loading=\"lazy\" decoding=\"async\" class=\"imgborder aligncenter wp-image-38179 size-medium\" src=\"https:\/\/www.newmessage.org\/wp-content\/uploads\/2019\/02\/Proclamation-300x157.jpg\" alt=\"Proclamation of God\" width=\"300\" height=\"157\" \/><\/p>\n<p><a title=\"The Proclamation\" href=\"\/\/newmessage.org\/av\/the-proclamation.mp3\">Lade herunter<\/a> (Rechtsklick zum Herunterladen)<br \/>\n<em>Wie offenbart<br \/>\nMarshall Vian Summers<br \/>\nam 15. Februar 2006<br \/>\nin Boulder, Colorado<\/em><br \/>\n<strong><em><\/strong><\/p>\n<div class=\"toggle toggle-white\"><h4 class=\"trigger \"><span class=\"t_ico\"><\/span><a href=\"#\">\u00dcber diese Aufzeichnung<\/a><\/h4><div class=\"toggle_container \"><br \/>\n<div id=\"yui_3_16_0_ym19_1_1467955126517_3327\" dir=\"ltr\"><span id=\"yui_3_16_0_ym19_1_1467955126517_3177\"><span id=\"yui_3_16_0_ym19_1_1467955126517_3178\">Was Du in dieser Audioaufzeichnung h\u00f6rst, ist die Stimme des Engelsrates, die durch den Boten Marshall Vian Summers spricht.<\/span><\/span><\/div>\n<div dir=\"ltr\"><span id=\"yui_3_16_0_ym19_1_1467955126517_3177\"><span id=\"yui_3_16_0_ym19_1_1467955126517_3178\">\u00a0<\/span><\/span><\/div>\n<div id=\"yui_3_16_0_ym19_1_1467955126517_3359\" dir=\"ltr\"><span id=\"yui_3_16_0_ym19_1_1467955126517_3177\"><span id=\"yui_3_16_0_ym19_1_1467955126517_3178\"> Hier wird die originale Mitteilung Gottes, die jenseits von Worten existiert, vom Engelsrat, der \u00fcber die Welt wacht, in menschliche Sprache und menschliches Verst\u00e4ndnis \u00fcbersetzt. Der Engelsrat bringt dann Gottes Botschaft \u00fcber den Boten dar.<br \/>\n<\/span><\/span><\/div>\n<div id=\"yui_3_16_0_ym19_1_1467955126517_3369\" dir=\"ltr\"><span id=\"yui_3_16_0_ym19_1_1467955126517_3177\"><span id=\"yui_3_16_0_ym19_1_1467955126517_3178\">\u00a0<\/span><\/span><\/div>\n<div id=\"yui_3_16_0_ym19_1_1467955126517_3370\" dir=\"ltr\"><span id=\"yui_3_16_0_ym19_1_1467955126517_3177\"><span id=\"yui_3_16_0_ym19_1_1467955126517_3178\">In diesem bemerkenswerten Prozess spricht die Stimme der Offenbarung erneut. Das Wort und der Ton sind in der Welt. Zum ersten Mal in der Geschichte ist f\u00fcr euch und f\u00fcr die Welt die Aufzeichnung der urspr\u00fcnglichen gesprochenen Offenbarung verf\u00fcgbar, um erfahren zu werden.<br \/>\n<\/span><\/span><\/div>\n<div id=\"yui_3_16_0_ym19_1_1467955126517_3436\" dir=\"ltr\"><span id=\"yui_3_16_0_ym19_1_1467955126517_3177\"><span id=\"yui_3_16_0_ym19_1_1467955126517_3178\">\u00a0<\/span><\/span><\/div>\n<div id=\"yui_3_16_0_ym19_1_1467955126517_3435\" dir=\"ltr\"><span id=\"yui_3_16_0_ym19_1_1467955126517_3177\"><span id=\"yui_3_16_0_ym19_1_1467955126517_3178\">M\u00f6gest du der  Empf\u00e4nger dieses Geschenks der Offenbarung werden und m\u00f6gest du dich \u00f6ffnen, um diese einmalige Botschaft f\u00fcr dich und f\u00fcr dein Leben zu empfangen.<\/span><\/span><\/div>\n<br \/>\n<\/div><\/div>\n<p><\/div>\n<div id=\"tabs-2\"><br \/>\n<img loading=\"lazy\" decoding=\"async\" width=\"200\" height=\"300\" class=\"aligncenter size-medium wp-image-27112 imgborder\" src=\"https:\/\/www.newmessage.org\/german-international\/wp-content\/uploads\/sites\/48\/2017\/04\/GHS-German-frontcover-6x9-200x300.jpg\" alt=\"\" srcset=\"https:\/\/www.v6.newmessage.org\/de\/wp-content\/uploads\/sites\/48\/2017\/04\/GHS-German-frontcover-6x9-200x300.jpg 200w, https:\/\/www.v6.newmessage.org\/de\/wp-content\/uploads\/sites\/48\/2017\/04\/GHS-German-frontcover-6x9-400x600.jpg 400w, https:\/\/www.v6.newmessage.org\/de\/wp-content\/uploads\/sites\/48\/2017\/04\/GHS-German-frontcover-6x9-500x750.jpg 500w, https:\/\/www.v6.newmessage.org\/de\/wp-content\/uploads\/sites\/48\/2017\/04\/GHS-German-frontcover-6x9.jpg 600w\" sizes=\"(max-width: 200px) 100vw, 200px\" \/><\/p>\n<div class=\"panel-10 text-align-center\"><\/div>\n<div class=\"text-align-center text font-size-12 margin-top-10\">Band 1 &gt; Gott hat erneut gesprochen &gt; Chapter 1<\/div>\n<p><\/div>\n\t\t\t\t<div align=\"right\">\n\t\t\t<div class=\"fb-like\" data-href=\"\" data-layout=\"button_count\" data-action=\"like\" data-show-faces=\"false\" data-share=\"false\"><\/div>\n\t\t\t<div class=\"fb-share-button\" data-layout=\"button_count\"> <\/div>\n\t\t\t<div class=\"fb_iframe_widget\"><a href=\"https:\/\/twitter.com\/godsnewmessage?ref_src=twsrc%5Etfw\" class=\"twitter-follow-button\" data-show-count=\"false\">Follow @godsnewmessage<\/a><script async src=\"https:\/\/platform.twitter.com\/widgets.js\" charset=\"utf-8\"><\/script><\/div>\n\t\t\t<\/div> <\/div> \n\n<p>&nbsp;<\/p>\n<p>There is a New Message from God in the World.<\/p>\n<p><strong><em>Es gibt eine Neue Botschaft von Gott auf der Welt. <\/em><\/strong><\/p>\n<p>&nbsp;<\/p>\n<p>It has come from the Creator of all life.<\/p>\n<p><strong><em>Sie kommt vom Sch\u00f6pfer allen Lebens.<\/em><\/strong><\/p>\n<p>&nbsp;<\/p>\n<p>It has been translated into human language and understanding through the Angelic Presence that oversees this world.<\/p>\n<p><strong><em>Sie wurde von der Engelspr\u00e4senz, die diese Welt beaufsichtigt, in menschliche Sprache und menschliches Verst\u00e4ndnis \u00fcbersetzt.<\/em><\/strong><\/p>\n<p>&nbsp;<\/p>\n<p>It continues the great series of transmissions from the Creator that have occurred over centuries and millennia.<\/p>\n<p><strong><em>Sie setzt die gro\u00dfe Reihe von \u00dcbermittlungen vom Sch\u00f6pfer fort, die es im Laufe der Jahrhunderte und Jahrtausende gegeben hat. <\/em><\/strong><\/p>\n<p>&nbsp;<\/p>\n<p>It is a New Message for this time and the times to come.<\/p>\n<p><strong><em>Es ist eine Neue Botschaft f\u00fcr diese Zeit und f\u00fcr kommende Zeiten. <\/em><\/strong><\/p>\n<p>&nbsp;<\/p>\n<p>It fulfills the former great Messages that have been given to humanity, and yet it reveals things that have never been shown to humanity before, for humanity is now facing a grave and perilous set of challenges, both within the world and from beyond the world.<\/p>\n<p><strong><em>Sie schlie\u00dft an die fr\u00fcheren gro\u00dfen Botschaften an, die der Menschheit geschickt wurden und doch offenbart sie Dinge, die der Menschheit noch nie gezeigt wurden, weil sie jetzt vor einer ernsten und bedrohlichen Reihe von Herausforderungen, sowohl von innerhalb als auch von jenseits der Welt steht.<\/em><\/strong><\/p>\n<p>&nbsp;<\/p>\n<p>The New Message from God is here to alert, to empower and to prepare the human family\u2014people from all nations and religious traditions, from all tribes, groups and orientations.<\/p>\n<p><strong><em>Die Neue Botschaft von Gott ist ein Alarmsignal, um die menschliche Familie &#8211; Menschen von allen Nationen und religi\u00f6sen Traditionen, aller St\u00e4mme, Gruppen und Orientierungen zu st\u00e4rken und vorzubereiten.<\/em><\/strong><\/p>\n<p>&nbsp;<\/p>\n<p>It has come at a time of great need, a time of great consequence.<\/p>\n<p><strong><em>Sie kommt in einer Zeit der gro\u00dfen Not, einer Zeit gro\u00dfer Konsequenzen.<\/em><\/strong><\/p>\n<p>&nbsp;<\/p>\n<p>It is preparing people for things that have not even been recognized.<\/p>\n<p><strong><em>Sie bereitet die Menschen auf Dinge vor, die noch nicht einmal erkannt wurden.<\/em><\/strong><\/p>\n<p>&nbsp;<\/p>\n<p>It is prophetic in alerting both to the Great Waves of change that are coming to the world and to humanity\u2019s position in the universe, especially regarding your contact with other races.<\/p>\n<p><strong><em>Sie ist prophetisch, indem sie vor den Gro\u00dfen Wellen des Wandels, die auf die Welt zukommen, warnt und euch auf eure Position im Weltall und insbesondere auf eure Kontakte mit anderen Rassen hinweist.<\/em><\/strong><\/p>\n<p>&nbsp;<\/p>\n<p>The New Message calls upon the great spiritual presence within each person\u2014the great endowment of Knowledge that has been given to the entire human family, which must now be cultivated, strengthened and brought forth.<\/p>\n<p><strong><em>Die Neue Botschaft ruft nach der gro\u00dfen geistigen Pr\u00e4senz in jeder Person &#8211; der gro\u00dfen Gabe der Kenntnis, die der ganzen menschlichen Familie gegeben wurde. <\/em><\/strong><strong><em>Sie muss jetzt kultiviert, gest\u00e4rkt und hervorgebracht werden.<\/em><\/strong><\/p>\n<p>&nbsp;<\/p>\n<p>It speaks of the great spiritual need of the individual\u2014the need for purpose, meaning and direction.<\/p>\n<p><strong><em>Sie spricht von dem gro\u00dfen geistigen Bed\u00fcrfnis eines jeden Menschen &#8211; dem Bed\u00fcrfnis nach Sinn, Bedeutung und Richtung.<\/em><\/strong><\/p>\n<p>&nbsp;<\/p>\n<p>It speaks to the great relationships that people can establish with one another, relationships representing their higher purpose in life.<\/p>\n<p><strong><em>Sie spricht von den gro\u00dfen Beziehungen, die die Menschen untereinander herstellen k\u00f6nnen, Beziehungen, die ihre h\u00f6here Bestimmung im Leben vertreten.<\/em><\/strong><\/p>\n<p>&nbsp;<\/p>\n<p>It speaks to the needs of the world and the needs of the future. In so doing, it brings purpose and recognition, unity and cooperation, wisdom and strength to all who can receive it, who can learn it, who can follow its steps, who can contribute it to others and who can share its wisdom in service to other individuals, to families, to communities, to nations and to the whole world.<\/p>\n<p><strong><em>Sie spricht von den Bed\u00fcrfnissen der Welt und von den Bed\u00fcrfnissen der Zukunft. Auf diese Weise bringt sie Zweck und Anerkennung, Einheit und Zusammenarbeit, Weisheit und Kraft zu all denen, die sie empfangen k\u00f6nnen und die sie erlernen k\u00f6nnen, die den Schritten zur Kenntnis folgen k\u00f6nnen, die sie Anderen \u00fcbermitteln k\u00f6nnen und die ihre Weisheit mit anderen Personen, anderen Familien, anderen Gemeinschaften, anderen Nationen und der ganzen Welt teilen k\u00f6nnen.<\/em><\/strong><\/p>\n<p>&nbsp;<\/p>\n<p>Learn of the New Message from God.<\/p>\n<p><strong><em>Erfahre die Neue Botschaft Gottes.<\/em><\/strong><\/p>\n<p>&nbsp;<\/p>\n<p>Realize it will affirm all that is true within your current traditions, and it will speak to the deeper wisdom that you already possess.<\/p>\n<p><strong><em>Erkenne, dass sie alles best\u00e4tigen wird, was in euren gegenw\u00e4rtigen Traditionen wahr ist, und sie wird zu der tieferen Weisheit sprechen, die du bereits besitzt.<\/em><\/strong><\/p>\n<p>&nbsp;<\/p>\n<p>It will speak to your heart, even beyond your thoughts and beliefs and the thoughts and beliefs of your culture or your nation.<\/p>\n<p><strong><em>Sie wird zu deinem Herzen sprechen, sogar \u00fcber deine Gedanken und deine \u00dcberzeugungen sowie die Gedanken und \u00dcberzeugungen eurer Kultur oder eurer Nation hinaus.<\/em><\/strong><\/p>\n<p>&nbsp;<\/p>\n<p>Receive this gift and learn of it patiently, taking the Steps to Knowledge, learning wisdom from the Greater Community and recognizing the power of the One Spirituality of humanity to unite, strengthen and prepare humanity to recognize and to navigate the difficult times ahead.<\/p>\n<p><strong><em>Nimm dieses Geschenk an und erlerne es mit Geduld, indem du die Schritte zur Kenntnis gehst und indem du die Weisheiten der Gr\u00f6\u00dferen Gemeinschaft erlernst, erkennst du die Kraft der gemeinsamen Spiritualit\u00e4t der Menschheit, sich zu vereinen, zu st\u00e4rken und die Menschheit darauf vorzubereiten, die kommenden schwierigen Zeiten zu erkennen und durch sie zu navigieren.<\/em><\/strong><\/p>\n<p>&nbsp;<\/p>\n<p>Receive the New Message in its calling for the preservation and the strengthening of human freedom, cooperation and responsibility.<\/p>\n<p><strong><em>Empfange  die Neue Botschaft und ihren Ruf nach der Bewahrung und der St\u00e4rkung der menschlichen Freiheit, Zusammenarbeit und Verantwortung.<\/em><\/strong><\/p>\n<p>&nbsp;<\/p>\n<p>Without this New Message, humanity is facing a grave and precipitous decline.<\/p>\n<p><strong><em>Ohne diese Neue Botschaft wird die Menschheit vor einem ernsten und tiefen Niedergang stehen.<\/em><\/strong><\/p>\n<p>&nbsp;<\/p>\n<p>It is facing the loss of its freedom and sovereignty in this world to intervening forces from the universe.<\/p>\n<p><strong><em>Sie steht dem Verlust ihrer Freiheit und Souver\u00e4nit\u00e4t durch eingreifende M\u00e4chte aus dem Weltall gegen\u00fcber.<\/em><\/strong><\/p>\n<p>&nbsp;<\/p>\n<p>Without this New Message, the human spirit will remain dormant, and people will live lives of desperation, competition and conflict.<\/p>\n<p><strong><em>Ohne diese Neue Botschaft wird der menschliche Geist unt\u00e4tig bleiben und Menschen werden ein Leben der Verzweiflung, des Wettbewerbs und des Konflikts leben.<\/em><\/strong><\/p>\n<p>It is the Creator\u2019s Will that humanity emerge into the Greater Community of intelligent life in the universe as a free and sovereign race\u2014as a strong race, as a united race, as a race that is capable of maintaining its cultural diversity while honoring the deeper strength and purpose that will keep the human family strong, that will keep the human family vital, active and creative.<\/p>\n<p><strong><em>Es ist der Wille des Sch\u00f6pfers, dass die Menschheit als eine freie und souver\u00e4ne Rasse, als eine starke und vereinte Rasse Teil der Gr\u00f6\u00dferen Gemeinschaft des intelligenten Lebens im Weltall wird, als eine Rasse, die dazu f\u00e4hig ist, ihre kulturelle Vielfalt aufrechtzuerhalten, indem sie die tiefere Kraft und Bestimmung ehrt, die die menschliche Familie stark, vital, aktiv und kreativ halten wird. <\/em><\/strong><\/p>\n<p>&nbsp;<\/p>\n<p>The New Message from God presents a new opportunity for advancement in the future. But to advance you must survive. You must survive the difficult times ahead, and you must survive competition from beyond the world regarding who will control this world and its destiny.<\/p>\n<p><strong><em>Die Neue Botschaft von Gott bietet eine neue Gelegenheit f\u00fcr den Fortschritt in der Zukunft. Aber um fortzuschreiten, m\u00fcsst ihr \u00fcberleben. Ihr m\u00fcsst die kommenden schwierigen Zeiten \u00fcberleben und ihr m\u00fcsst die Konkurrenz von jenseits der Welt bez\u00fcglich der Kontrolle dieser Welt und ihres Schicksals \u00fcberstehen. <\/em><\/strong><\/p>\n<p>&nbsp;<\/p>\n<p>Each individual must recognize that they have a great opportunity to discover the deeper Knowledge that God has given them\u2014the Knowledge which contains their purpose, their meaning and their direction and the criteria for all their meaningful relationships.<\/p>\n<p><strong><em>Jedes Individuum muss erkennen, dass dies eine gro\u00dfe Gelegenheit ist, die tiefere Kenntnis, die Gott ihm gab, zu entdecken &#8211; die Kenntnis, die ihren Zweck, ihre Bedeutung und ihre Richtung und die Kriterien f\u00fcr alle ihre bedeutungsvollen Beziehungen enth\u00e4lt.<\/em><\/strong><\/p>\n<p>&nbsp;<\/p>\n<p>Therefore, there is a New Message from God for the individual, and there is a New Message from God for the entire world. It is here now.<\/p>\n<p><strong><em>Daher gibt es eine Neue Botschaft von Gott f\u00fcr das Individuum und es gibt eine Neue Botschaft von Gott f\u00fcr die ganze Welt. Sie ist jetzt hier.<\/em><\/strong><\/p>\n<p>&nbsp;<\/p>\n<p>It has taken a long time for the Messenger to receive it, for the Message is very great.<\/p>\n<p><strong><em>Es dauerte sehr lange, bis der Bote die Botschaft erhalten hat, da sie sehr umfangreich ist.<\/em><\/strong><\/p>\n<p>&nbsp;<\/p>\n<p>Honor then the one who has come to bring the New Message into the world.<\/p>\n<p><strong><em>Ehre den, der gekommen ist, die Neue Botschaft in die Welt zu bringen.<\/em><\/strong><\/p>\n<p>&nbsp;<\/p>\n<p>He is a humble man.<\/p>\n<p><strong><em>Er ist ein bescheidener Mann.<\/em><\/strong><\/p>\n<p>&nbsp;<\/p>\n<p>He has developed the wisdom necessary to undertake such a great role, and he has been sent into the world for this purpose.<\/p>\n<p><strong><em>Er entwickelte die n\u00f6tige Weisheit, um eine solch gro\u00dfe Rolle zu \u00fcbernehmen und er wurde aus diesem Grund in die Welt gesandt.<\/em><\/strong><\/p>\n<p>&nbsp;<\/p>\n<p>Receive him. Understand him. Do not exalt him. He is not a god. He is a Messenger bringing the New Message from God into the world.<\/p>\n<p><strong><em>Empfange ihn. Verstehe ihn. Verherrliche ihn nicht. Er ist kein Gott. Er ist ein Bote, der die Neue Botschaft von Gott in die Welt tr\u00e4gt.<\/em><\/strong><\/p>\n<p>&nbsp;<\/p>\n<p>This is the time now.<\/p>\n<p><strong><em>Jetzt ist es an der Zeit.<\/em><\/strong><\/p>\n<p>&nbsp;<\/p>\n<p>This is the great opportunity.<\/p>\n<p><strong><em>Das ist die gro\u00dfe Gelegenheit.<\/em><\/strong><\/p>\n<p>&nbsp;<\/p>\n<p>This is the answer to people\u2019s prayers all around the world\u2014prayers through every religion, through every nation and culture, praying for wisdom, strength, unity, freedom and deliverance.<\/p>\n<p><strong><em>Das ist die Antwort auf die Gebete \u00fcberall auf der Welt, Gebete jeder Religion, jeder Nation und Kultur, Gebete f\u00fcr Weisheit, Kraft, Einheit, Freiheit und Erl\u00f6sung.<\/em><\/strong><\/p>\n<p>&nbsp;<\/p>\n<p>Receive this New Message now.<\/p>\n<p><strong><em>Empfange jetzt diese Neue Botschaft. <\/em><\/strong><\/p>\n<p>&nbsp;<\/p>\n<p>It is come, and it is come at just the right time.<\/p>\n<p><strong><em>Jetzt ist sie hier, und sie ist gerade zum richtigen Zeitpunkt gekommen.<\/em><\/strong><\/p>\n<p>&nbsp;<\/p>\n","protected":false},"excerpt":{"rendered":"<p>&nbsp; There is a New Message from God in the World. Es gibt eine Neue Botschaft von Gott auf der Welt. &nbsp; It has come from the Creator of all life. Sie kommt vom Sch\u00f6pfer allen Lebens. &nbsp; It has been translated into human language and understanding through the Angelic Presence that oversees this world.\u2026 <a class=\"read-more\" href=\"https:\/\/www.v6.newmessage.org\/de\/about-recording-shortcode\/\"><span>Read More<\/span><\/a><\/p>\n","protected":false},"author":8,"featured_media":0,"parent":16290,"menu_order":0,"comment_status":"closed","ping_status":"closed","template":"template-leftsidebar.php","meta":{"_monsterinsights_skip_tracking":false,"_monsterinsights_sitenote_active":false,"_monsterinsights_sitenote_note":"","_monsterinsights_sitenote_category":0,"footnotes":""},"categories":[76,461,460],"tags":[612,601,611],"_links":{"self":[{"href":"https:\/\/www.v6.newmessage.org\/de\/wp-json\/wp\/v2\/pages\/27050"}],"collection":[{"href":"https:\/\/www.v6.newmessage.org\/de\/wp-json\/wp\/v2\/pages"}],"about":[{"href":"https:\/\/www.v6.newmessage.org\/de\/wp-json\/wp\/v2\/types\/page"}],"author":[{"embeddable":true,"href":"https:\/\/www.v6.newmessage.org\/de\/wp-json\/wp\/v2\/users\/8"}],"replies":[{"embeddable":true,"href":"https:\/\/www.v6.newmessage.org\/de\/wp-json\/wp\/v2\/comments?post=27050"}],"version-history":[{"count":12,"href":"https:\/\/www.v6.newmessage.org\/de\/wp-json\/wp\/v2\/pages\/27050\/revisions"}],"predecessor-version":[{"id":28719,"href":"https:\/\/www.v6.newmessage.org\/de\/wp-json\/wp\/v2\/pages\/27050\/revisions\/28719"}],"up":[{"embeddable":true,"href":"https:\/\/www.v6.newmessage.org\/de\/wp-json\/wp\/v2\/pages\/16290"}],"wp:attachment":[{"href":"https:\/\/www.v6.newmessage.org\/de\/wp-json\/wp\/v2\/media?parent=27050"}],"wp:term":[{"taxonomy":"category","embeddable":true,"href":"https:\/\/www.v6.newmessage.org\/de\/wp-json\/wp\/v2\/categories?post=27050"},{"taxonomy":"post_tag","embeddable":true,"href":"https:\/\/www.v6.newmessage.org\/de\/wp-json\/wp\/v2\/tags?post=27050"}],"curies":[{"name":"wp","href":"https:\/\/api.w.org\/{rel}","templated":true}]}}