{"id":2370,"date":"2011-11-17T10:06:41","date_gmt":"2011-11-17T17:06:41","guid":{"rendered":"http:\/\/wp.www.newmessage.org\/?p=2370"},"modified":"2019-06-27T04:34:18","modified_gmt":"2019-06-27T04:34:18","slug":"wie-gott-zur-welt-spricht","status":"publish","type":"page","link":"https:\/\/www.v6.newmessage.org\/de\/die-botschaft\/band-1\/der-eine-gott\/wie-gott-zur-welt-spricht\/","title":{"rendered":"Wie Gott zur Welt spricht"},"content":{"rendered":"<div><!-- Master Archive version 4.1--><\/div>\n\n<div class=\"tabgroup \"><ul class=\"tabs\"><li><a href=\"#tabs-1\">H\u00f6re<\/a><\/li>\n<li><a href=\"#tabs-2\"> Anmerkung<\/a><\/li><\/ul>\n <div id=\"tabs-1\"><br \/>\nH\u00f6re die Stimme der Offenbarung:<\/p>\n<div id=\"jquery_jplayer_1\" class=\"jp-jplayer\"><\/div>\n\t\t\t\t<div id=\"jp_container_1\" class=\"jp-audio\">\n\t\t\t\t<div class=\"jp-type-single\"><div class=\"jp-control\"><a href=\"javascript:;\" class=\"jp-play\" tabindex=\"1\">play<\/a><a href=\"javascript:;\" class=\"jp-pause\" tabindex=\"1\">pause<\/a><\/div> <div class=\"jp-gui jp-interface\"><div class=\"jp-volume\"><div class=\"jp-volume-bar\"><div class=\"jp-volume-bar-value\"><\/div><\/div><\/div><div class=\"jp-progress\"><div class=\"jp-seek-bar\"><div class=\"jp-play-bar\"><\/div><\/div><\/div><\/div>\t\t\t\t\t<div class=\"jp-no-solution\"><span>Update Required<\/span>To play the media you will need to either update your browser to a recent version or update your <a href=\"http:\/\/get.adobe.com\/flashplayer\/\" target=\"_blank\">Flash plugin<\/a>.<\/div><\/div><\/div>\n\t\t\t<script type='text\/javascript'>\n\t\t\t\tjQuery(document).ready(function() {\n\t\t\t\t\tif (typeof (sermonMedia) == 'function') {\n\t\t\t\t\t\tsermonMedia.addAudio('', \"jquery_jplayer_1\");\n\t\t\t\t\t}\n\t\t\t\t\tjQuery.jPlayer.timeFormat.showHour = true;\n\t\t\t\t\tjQuery(\"#jquery_jplayer_1\").jPlayer({\n\t\t\t\t\t\tready: function(event) {\n\t\t\t\t\t\t\tjQuery(this).jPlayer(\"setMedia\", {mp3: 'https:\/\/newmessage.org\/av\/how-god-speaks-to-the-world.mp3'});\n\t\t\t\t\t\t},\n\t\t\t\t\t\tplay: function() {\n\t\t\t\t\t\t\tjQuery(this).jPlayer(\"pauseOthers\");\n\t\t\t\t\t\t},\n\t\t\t\t\t\tswfPath: ThemeData.directory_uri+\"\/swf\",\n\t\t\t\t\t\tsolution: \"html, flash\",\n\t\t\t\t\t\tpreload: \"metadata\",\n\t\t\t\t\t\twmode: \"window\",\n\t\t\t\t\t\tsupplied: \"mp3\",\n\t\t\t\t\t\tcssSelectorAncestor: '#jp_container_1'\n\t\t\t\t\t});\n\t\t\t\t});\n\t\t\t<\/script><\/p>\n<p><a title=\"How God Speaks to the World\" href=\"https:\/\/newmessage.org\/av\/how-god-speaks-to-the-world.mp3\">Lade herunter<\/a> (Rechtsklick zum Herunterladen)<\/p>\n<p><em>Wie offenbart<br \/>\nMarshall Vian Summers<br \/>\nam 16. April 2008 \u2013<br \/>\nin Tehran, Iran <\/em><br \/>\n<div class=\"toggle toggle-white\"><h4 class=\"trigger \"><span class=\"t_ico\"><\/span><a href=\"#\">\u00dcber diese Aufzeichnung<\/a><\/h4><div class=\"toggle_container \"><br \/>\n<div id=\"yui_3_16_0_ym19_1_1467955126517_3327\" dir=\"ltr\"><span id=\"yui_3_16_0_ym19_1_1467955126517_3177\"><span id=\"yui_3_16_0_ym19_1_1467955126517_3178\">Was Du in dieser Audioaufzeichnung h\u00f6rst, ist die Stimme des Engelsrates, die durch den Boten Marshall Vian Summers spricht.<\/span><\/span><\/div>\n<div dir=\"ltr\"><span id=\"yui_3_16_0_ym19_1_1467955126517_3177\"><span id=\"yui_3_16_0_ym19_1_1467955126517_3178\">\u00a0<\/span><\/span><\/div>\n<div id=\"yui_3_16_0_ym19_1_1467955126517_3359\" dir=\"ltr\"><span id=\"yui_3_16_0_ym19_1_1467955126517_3177\"><span id=\"yui_3_16_0_ym19_1_1467955126517_3178\"> Hier wird die originale Mitteilung Gottes, die jenseits von Worten existiert, vom Engelsrat, der \u00fcber die Welt wacht, in menschliche Sprache und menschliches Verst\u00e4ndnis \u00fcbersetzt. Der Engelsrat bringt dann Gottes Botschaft \u00fcber den Boten dar.<br \/>\n<\/span><\/span><\/div>\n<div id=\"yui_3_16_0_ym19_1_1467955126517_3369\" dir=\"ltr\"><span id=\"yui_3_16_0_ym19_1_1467955126517_3177\"><span id=\"yui_3_16_0_ym19_1_1467955126517_3178\">\u00a0<\/span><\/span><\/div>\n<div id=\"yui_3_16_0_ym19_1_1467955126517_3370\" dir=\"ltr\"><span id=\"yui_3_16_0_ym19_1_1467955126517_3177\"><span id=\"yui_3_16_0_ym19_1_1467955126517_3178\">In diesem bemerkenswerten Prozess spricht die Stimme der Offenbarung erneut. Das Wort und der Ton sind in der Welt. Zum ersten Mal in der Geschichte ist f\u00fcr euch und f\u00fcr die Welt die Aufzeichnung der urspr\u00fcnglichen gesprochenen Offenbarung verf\u00fcgbar, um erfahren zu werden.<br \/>\n<\/span><\/span><\/div>\n<div id=\"yui_3_16_0_ym19_1_1467955126517_3436\" dir=\"ltr\"><span id=\"yui_3_16_0_ym19_1_1467955126517_3177\"><span id=\"yui_3_16_0_ym19_1_1467955126517_3178\">\u00a0<\/span><\/span><\/div>\n<div id=\"yui_3_16_0_ym19_1_1467955126517_3435\" dir=\"ltr\"><span id=\"yui_3_16_0_ym19_1_1467955126517_3177\"><span id=\"yui_3_16_0_ym19_1_1467955126517_3178\">M\u00f6gest du der  Empf\u00e4nger dieses Geschenks der Offenbarung werden und m\u00f6gest du dich \u00f6ffnen, um diese einmalige Botschaft f\u00fcr dich und f\u00fcr dein Leben zu empfangen.<\/span><\/span><\/div>\n<br \/>\n<\/div><\/div><br \/>\n<\/div>\n<div id=\"tabs-2\"><br \/>\n<em> Anmerkung an den Leser:<br \/>\nDiese \u00dcbersetzung wurde der Society von einem Sch\u00fcler der Neuen Botschaft verf\u00fcgbar gemacht, der den englischen Originaltext als Freiwilliger \u00fcbersetzt hat. Wir stellen diese \u00dcbersetzung in dieser fr\u00fchen Form zur Verf\u00fcgung, damit jeder Gelegenheit hat, sich mit einem Teil der Neuen Botschaft in seiner eigenen Sprache zu befassen.<\/em><br \/>\n<\/div>\n\t\t\t\t<div align=\"right\">\n\t\t\t<div class=\"fb-like\" data-href=\"\" data-layout=\"button_count\" data-action=\"like\" data-show-faces=\"false\" data-share=\"false\"><\/div>\n\t\t\t<div class=\"fb-share-button\" data-layout=\"button_count\"> <\/div>\n\t\t\t<div class=\"fb_iframe_widget\"><a href=\"https:\/\/twitter.com\/godsnewmessage?ref_src=twsrc%5Etfw\" class=\"twitter-follow-button\" data-show-count=\"false\">Follow @godsnewmessage<\/a><script async src=\"https:\/\/platform.twitter.com\/widgets.js\" charset=\"utf-8\"><\/script><\/div>\n\t\t\t<\/div> <\/div> \n\n<p>Gott wacht \u00fcber die Welt, denn die Welt ist ein gef\u00e4hrdeter Ort. Das war immer so.<\/p>\n<p>Deshalb seid ihr in die Welt gekommen. Es ist ein Ort, an dem Gott vergessen worden ist und eure wahre Natur vergessen worden ist. Es ist ein Ort der Konkurrenz und des Konfliktes, an dem das Leben schwierig ist, an dem ihr st\u00e4ndig Probleme eurer t\u00e4glichen Existenz l\u00f6sen m\u00fcsst. Es ist ein Ort, an dem die Menschen einander und sich selbst fremd erscheinen, wie Gott sie geschaffen hat. Es ist ein Ort der Erscheinungen. Es ist ein Ort der Sensationen.<\/p>\n<p>Sie ist wunderbar und gef\u00e4hrlich, sch\u00f6n, aber verwirrend. Es ist der Ort, an den die Getrennten gekommen sind, um dort zu leben, zu lernen, wie man erneut gibt und die L\u00fccke zu \u00fcberbr\u00fccken, so dass die Trennung rechtzeitig beendet werden kann.<\/p>\n<p>Niemand ist zuf\u00e4llig hierhergekommen. Jeder wurde zu einem Zweck gesandt. Dieser Zweck bleibt unentdeckt in dir, aber du musst ihn finden, denn es ist die gro\u00dfe Besch\u00e4ftigung im Leben. \u00dcber die Erf\u00fcllung deiner Grundbed\u00fcrfnisse hinaus, um in dieser Realit\u00e4t zu existieren, musst du diesen Zweck finden, denn dies ist es, wie Gott zu dir spricht und dies ist es, wie du deinen Weg finden wirst.<\/p>\n<p>Der Plan Gottes ist so einfach, dass er dem Verst\u00e4ndnis der Menschen entgeht, doch ist er mysteri\u00f6s, weil er nicht in die menschlichen Erwartungen passt. Er passt nicht zusammen mit menschlichen \u00dcberzeugungen und Traditionen. Er geht \u00fcber das Verst\u00e4ndnis hinaus und doch ist er sehr einfach.<\/p>\n<p>Denn Gott spricht zu der Welt  \u00fcber eine tiefere Kenntnis im Einzelnen und \u00fcber die Macht verbundener Beziehungen, in denen diese tiefere Macht zwischen zwei oder mehreren Personen ausgedr\u00fcckt und erfahren werden kann.<\/p>\n<p>Regelm\u00e4\u00dfig spricht Gott zur Welt, indem er eine Botschaft an die Welt schickt. Dies ist sehr selten, es geschieht vielleicht alle paar Jahrhunderte einmal. Gottes Botschaft an die Welt soll sehr lange anhalten und soll den Verstand und die Herzen der Menschen sehr lange ber\u00fchren und beeinflussen. Diese Botschaften werden an Angelpunkten der menschlichen Evolution und zu gro\u00dfen Zeiten des Wandels sowie Zeiten eines gro\u00dfen Bed\u00fcrfnisses gegeben.<\/p>\n<p>Die Bedeutung hiervon ist au\u00dferhalb eurer gel\u00e4ufigen Bezugnahmen, denn ihr seht noch nicht die gro\u00dfe Notwendigkeit der Menschheit und weshalb eine Neue Botschaft von Gott in die Welt f\u00fcr die Welt selbst gesandt werden sollte. Denn Gott spricht zu euch \u00fcber eine tiefere Kenntnis in euch und durch die Macht verbundener Beziehungen. Gottes Botschaft an die Welt soll die Menschheit auf das vorbereiten, was sie nicht sehen kann und nicht wissen kann. Sie soll die Menschheit warnen. Sie soll die Menschheit erm\u00e4chtigen. Sie soll die Menschheit vorbereiten.<\/p>\n<p>Du kannst nur ein Zeuge davon sein. Sie ist jenseits deiner aktuellen Vorstellungen. Es wird dein Verst\u00e4ndnis transzendieren. Aber Gott versucht nicht, euren Intellekt zu erreichen in dem Ma\u00df, wie seine Botschaft in euch auf einer tieferen Ebene eine Resonanz erzeugt. Denn der Intellekt wurde geschaffen, um zu navigieren und physische Zusammenh\u00e4nge, besondere Zusammenh\u00e4nge zu verstehen. Aber die tiefere Resonanz ist die der Seele und das ist, wie du auf Gottes gro\u00dfe, jedoch seltene Botschaften f\u00fcr die Menschheit reagieren wirst.<\/p>\n<p>Die Menschen haben viele Fragen, aber sie m\u00fcssen lernen, auf einer tieferen Ebene zu h\u00f6ren, ihren Verstand in die Stille zu f\u00fchren und zuzuh\u00f6ren, pr\u00e4sent zu sein, aufmerksam zu sein, ehrf\u00fcrchtig zu sein.<\/p>\n<p>Denn der Intellekt kann nicht sicher wissen, ob die Neue Botschaft von Gott echt ist. Sie [die Menschen] k\u00f6nnen nicht sicher sein, ob das, was sie h\u00f6ren, die absolute Wahrheit ist, die gr\u00f6\u00dfere Wahrheit vom Sch\u00f6pfer allen Lebens. Sie k\u00f6nnen mit ihrem Intellekt nicht wissen, ob der Bote der wirkliche Bote ist. Aber in ihrem Herzen werden sie es wissen. Die Resonanz wird tiefer sein. Die Erkenntnis wird aus einem tieferen Bewusstsein in dir und in anderen hervorgehen.<\/p>\n<p>Dies hat die Religion am Leben erhalten. Es ist diese tiefere Resonanz. Es ist nicht die Macht des Glaubens, denn Glaube ist schwach und hinf\u00e4llig und leicht von Anderen, von anderen M\u00e4chten und Kr\u00e4ften und so weiter manipulierbar. Aber die Resonanz, die die Menschen auf Gottes Gro\u00dfe Botschaften reagieren l\u00e4sst, geschieht auf einer tieferen Ebene im Individuum\u2014jenseits seines Intellektes, jenseits seiner Vorstellungen und seines Verst\u00e4ndnisses\u2014und dies ist, was ihm Macht und Gro\u00dfartigkeit verleiht.<\/p>\n<p>Aber wenn ihr nicht auf dieser tieferen Ebene reagieren k\u00f6nnt, dann wird es eine Angelegenheit der Ideologie, des Glaubens und der sozialem und politischen Zugeh\u00f6rigkeit. Es wird eine Angelegenheit der Konformit\u00e4t und der Erwartungen der anderen. Es wird von dir erwartet zu glauben, also glaubst du. Es wird von dir erwartet zu beten, also betest du. Es wird von dir erwartet, den Anforderungen zu folgen, die vorher nat\u00fcrlich meist von menschlichen Wesen festgelegt wurden. Aber Gott spricht zu dir auf einer tieferen Ebene.<\/p>\n<p>Gott spricht zu der Welt \u00fcber diese gro\u00dfen Botschaften. Sie gehen \u00fcber die unmittelbaren Bed\u00fcrfnisse des Individuums hinaus. Sie umfassen die Bed\u00fcrfnisse der Menschheit als Ganzes und dienen dem Wohlbefinden der Menschheit als Ganzes.<\/p>\n<p>Daraus gewinnst du ein Gef\u00fchl f\u00fcr deinen Ort und Zweck im Leben zu dieser Zeit\u2014warum du hier zu dieser Zeit, an diesem Ort, unter deinen besonderen Umst\u00e4nden, in deinem Land bist.<\/p>\n<p>Du musst diese gr\u00f6\u00dfere Perspektive haben. Ansonsten wirst du den gr\u00f6\u00dferen Kontext nicht verstehen, in dem dein Leben besteht, und du wirst die Bewegung der Welt oder die Zeichen der Welt nicht verstehen. Du wirst an alles in Bezug auf die Vergangenheit denken\u2014dass in irgendeiner Weise die Gegenwart und die Zukunft eine Erf\u00fcllung der Vergangenheit sind. Die Vorstellungen sind mit der Vergangenheit verbunden, aber die tiefere Kenntnis, die Gott in dich gelegt hat, ist f\u00fcr die Gegenwart, den Augenblick und f\u00fcr die Zukunft. Dies ist ein so sehr anderes Verst\u00e4ndnis.<\/p>\n<p>Gott k\u00fcmmert sich nicht darum, ob du eine Religion hast oder nicht. Aber Gott ruft dich auf dieser tieferen Ebene \u00fcber die gro\u00dfe Botschaft f\u00fcr die Welt, die nun der Welt gegeben wird und \u00fcber die Macht und den Einfluss der Kenntnis in dir. Und das geschieht jeden Tag, jeden Moment, in jedem Jahr, zu jeder Zeit und an jedem Ort.<\/p>\n<p>Sogar wenn du die Schriften liest und sie dich tief bewegen, dann ist es aufgrund der Resonanz, nicht aufgrund der Vorstellungen. Die Macht Gottes ist nicht durch menschliches Verst\u00e4ndnis oder menschliche Vorstellungen oder die Vorstellungen irgendeiner Rasse im Universum, von denen es so viele gibt, begrenzt.<\/p>\n<p>Gott spricht nun zur Welt \u00fcber die Neue Botschaft von Gott und \u00fcber den Boten, der in die Welt gesandt wurde, um die Menschheit darauf vorzubereiten, mit einer Welt des Niedergangs konfrontiert zu werden\u2014einer Welt, deren Ressourcen abnehmen; einer Welt, deren Menschen miteinander zusammenarbeiten m\u00fcssen und ihre endlosen Konflikte beenden m\u00fcssen; einer Welt, die in einen gef\u00e4hrlichen Zeitraum eintritt, gef\u00e4hrlicher als irgendein Zeitraum, den ihr jemals gekannt habt; einer Welt, die vor dem Kontakt mit dem Leben im Universum steht; einer Welt, die vor der Intervention von Rassen aus dem Universum steht, die hier sind, um eine schwache und geteilte Menschheit auszunutzen.<\/p>\n<p>Die menschliche Familie als Ganzes wurde nie mit diesen zwei gro\u00dfen Herausforderungen konfrontiert\u2014dem Leben in einer Welt des Verfalls und dem Wettbewerb von jenseits dieser Welt darum, wer hier vorherrschen wird. Die gro\u00dfen Botschaften, die Gott [vorher] in die Welt gesandt hat, k\u00f6nnen euch hierauf nicht vorbereiten. Deshalb gibt es eine Neue Botschaft von Gott.<\/p>\n<p>Denke nie, dass Gott aufgeh\u00f6rt hat, mit der Welt zu kommunizieren. Denke nie, dass die endg\u00fcltige Botschaft f\u00fcr alle Zeiten gegeben worden ist. Dies ist eine menschliche Annahme. Diese wurde etabliert, um einen Glauben und eine Ideologie zu sch\u00fctzen.<\/p>\n<p>Aber Gott wacht \u00fcber die Welt. Und die Menschheit insgesamt steht nun vor ihren gr\u00f6\u00dften Herausforderungen. Wie wird sie reagieren? Wie wird sie sich vorbereiten? Wird sie in der Lage sein, den gro\u00dfen Wandel zu verstehen, der auf sie zukommt? Wird sie untereinander um die restlichen Ressourcen k\u00e4mpfen und streiten? Wird sie sich vereinen, um die Welt gegen au\u00dferirdische Intervention zu verteidigen? Es ist eine Zeit gro\u00dfer Entscheidung: ob die Menschheit scheitert oder ob die Menschheit sich zu ihrer Erhaltung und zur Bewahrung ihrer Souver\u00e4nit\u00e4t in dieser Welt vereint.<\/p>\n<p>Ihr seht hier direkt, wie weit dies au\u00dferhalb eurer eigenen pers\u00f6nlichen Sorgen ist\u2014jenseits eurer t\u00e4glichen Probleme, jenseits eurer Vorstellungen, jenseits eurer \u00dcberzeugungen, jenseits eures religi\u00f6sen Verst\u00e4ndnisses, jenseits eurer politischen Ansichten, jenseits des tagt\u00e4gliches Bed\u00fcrfnisses. Wenn ihr euch nur mit den Bed\u00fcrfnissen des Tages verbraucht, wie werdet ihr die Gro\u00dfen Wellen des Wandels sehen, die auf euch zukommen und die Landschaft ver\u00e4ndern werden? Wie werdet ihr die Zeichen der Welt deuten, die von Gr\u00f6\u00dferem jenseits eurer eigenen pers\u00f6nlichen Probleme sprechen? Wie werden ihr wissen, wenn etwas im Begriff ist, euer Leben zu wandeln? Werdet ihr an der K\u00fcste stehen, wenn die Gro\u00dfen Wellen eintreffen, mit dem R\u00fccken zur See\u2014und nicht beobachten, nicht schauen, nicht h\u00f6ren?<\/p>\n<p>Deshalb durchdringen die Gro\u00dfen Botschaften Gottes das Verst\u00e4ndnis und das Bewusstsein der Menschen zu der Zeit, in der die gro\u00dfen Botschaften gegeben werden. Ihr werdet eine viel gr\u00f6\u00dfere Perspektive haben m\u00fcssen und viel h\u00f6her auf dem Berg stehen m\u00fcssen, um die Relevanz und Bedeutung hiervon zu sehen.<\/p>\n<p>Die Menschen werden denken, Gottes Neue Botschaft sei irrelevant. Sie sei unm\u00f6glich. Sie scheint ihre t\u00e4glichen Probleme nicht zu l\u00f6sen. Sie werden nicht sehen, dass sie hier ist, um die Menschheit selbst zu retten. Sie werden nicht sehen, was wirklich ist. Also wird sie vernachl\u00e4ssigt und vermieden, kritisiert und l\u00e4cherlich gemacht.<\/p>\n<p>Die Menschen m\u00f6chten Brot f\u00fcr heute. Sie sehen nicht, dass dann, wenn Gott zur gesamten Welt spricht, es zur Erhaltung der gesamten Welt ist. Es ist zur Erhaltung der Menschheit. Ohne dies wird es kein Brot f\u00fcr irgendjemand in der Zukunft geben. Deshalb wurde die Neue Botschaft gegeben.<\/p>\n<p>Ihr m\u00fcsst still werden und hier auf euer Herz h\u00f6ren. Eure Vorstellungen werden dagegen ank\u00e4mpfen. Sie werden k\u00e4mpfen, um aufrechterhalten zu bleiben. Sie werden versuchen, dies zu berechnen und zu verstehen. Aber sie k\u00f6nnen es nicht, denn dies ist keine Botschaft f\u00fcr den Intellekt.<\/p>\n<p>Dies spricht zu einer tieferen Intelligenz in euch, einer Intelligenz, die nicht von der Welt erschaffen wurde, sondern die von Gott erschaffen wurde, um euch zu f\u00fchren, euch zu sch\u00fctzen und euch zu erm\u00f6glichen, zu reagieren.<\/p>\n<p>Vergesst jetzt eure Vorstellungen von Religion, denn ihr steht vor einer Neuen Botschaft von Gott. Vergesst die Gebote aus der Vergangenheit, denn diese ist f\u00fcr die Gegenwart und die Zukunft.<\/p>\n<p>Diese soll bestimmen, ob die Menschheit eine Zukunft haben wird, eine Zukunft, die ihr euch m\u00f6glicherweise w\u00fcnscht und sie annehmt. Diese Botschaft ist zum Schutz der Menschheit, von jedem hier, der in der Welt des Verfalls lebt, der in einer Welt lebt, die vor der Intervention von jenseits und dem Wettbewerb von jenseits steht.<\/p>\n<p>Ihr m\u00fcsst den Zusammenhang sehen. Wenn ihr nicht denkt, dass dies wichtig f\u00fcr euch ist, dann habt ihr den Kontakt mit dem Leben verloren. Ihr seht nicht, was der Menschheit geboten wird.<\/p>\n<p>Gott hat der menschlichen Familie diese \u00fcppige Welt gestellt. Wenn sie ausgeraubt, wenn sie ruiniert, wenn sie ersch\u00f6pft ist, wird Gott keine andere Welt f\u00fcr euch schaffen. Ihr werdet mit den Konsequenzen leben m\u00fcssen.<\/p>\n<p>Wenn eure Ressourcen nicht verwaltet und geteilt und n\u00f6tigenfalls erhalten werden, denkt ihr dann, dass Gott kommen wird und euch eine neue Welt bringen wird\u2014dass ihr einfach einpackt und zu einem anderen Planeten irgendwo hingeht? Wie denkt ihr hier\u00fcber? Denkt ihr, ihr seid allein im Universum und niemand ist sich eurer bewusst, dass andere diesen Ort nicht f\u00fcr sich haben wollen?<\/p>\n<p>Dies ist jenseits der aktuellen Sorgen der Menschen\u2014jenseits ihrer t\u00e4glichen Konzentration, ihrer Arbeit, ihrer Ideologie, ihrer \u00dcberzeugungen, ihrer Religion und ihrer politischen Vorstellungen. Die Regierungen treffen sich nicht, um zu besprechen, wie die Menschheit in einer Gr\u00f6\u00dferen Gemeinschaft des intelligenten Lebens \u00fcberleben wird. Es ist nicht Teil der \u00f6ffentlichen Debatte oder Konversation. Die Menschen reden nicht dar\u00fcber im Caf\u00e9.<\/p>\n<p>Deshalb gibt es eine Neue Botschaft von Gott, und deshalb m\u00fcsst ihr nun h\u00f6ren, denn all dies hat mit eurer Welt zu tun, eurer Zukunft, wer ihr seid als Individuum und weshalb ihr haupts\u00e4chlich in die Welt gesandt wurdet.<\/p>\n<p>Es ist diese Kenntnis, die Gott in euch gelegt hat, die euch erm\u00f6glichen wird, zu h\u00f6ren und zu reagieren. Wenn ihr nicht mit dieser Kenntnis verbunden seid, dann wird euch alles wie abwegige Ideen erscheinen. Aber wenn ihr mit dem Herzen h\u00f6ren k\u00f6nnt, dann werdet ihr sehen und wissen, dass dies die gro\u00dfe Botschaft f\u00fcr eure Zeit und f\u00fcr die kommenden Zeiten ist.<\/p>\n<p>Gott wird der Menschheit zuk\u00fcnftig f\u00fcr lange Zeit keine Botschaft schicken. Das ist sie. Wenn ihr nicht h\u00f6ren k\u00f6nnt, dann ist es ein gro\u00dfen Ungl\u00fcck f\u00fcr euch. Das ist sie. Es gibt keine Botschaft um die Ecke. Es gibt keine zweite Version. Es gibt keine Botschaft, die kommt und das ist, was ihr euch w\u00fcnscht.<\/p>\n<p>Das ist sie. Das ist die Stimme der Neuen Botschaft. Das ist die Stimme, die die Botschaften w\u00e4hrend der gesamten menschlichen Geschichte \u00fcberbracht hat.<\/p>\n<p>Ihr wundert euch \u00fcber meine Sprache. Ich stelle alle Sprachen in einer Sprache dar. Aber ich spreche \u00fcber diese Sprache [Englisch] zu euch, weil es die universellste Sprache der heutigen Welt ist. Sie hat die gr\u00f6\u00dfte Reichweite, die gr\u00f6\u00dfte M\u00f6glichkeit. Mein Akzent sind alle Akzente.<\/p>\n<p>Es ist nicht wichtig, ob ihr versucht, diese Dinge zu verstehen, aber es ist wichtig, dass ihr h\u00f6rt, dass ihr die Neue Botschaft von Gott empfangt\u2014nicht gegen sie ank\u00e4mpft, sie nicht bek\u00e4mpft, nicht mit ihr streitet, nicht denkt, dass ihr sie glauben m\u00fcsst, sondern dass ihr sie h\u00f6rt, dass ihr mit euren endlosen beherrschenden Gedanken aufh\u00f6rt und zuh\u00f6rt. Ihr werdet es nur durch eine tiefere Resonanz in euch wissen, ob dies wahr ist. Die Herausforderung liegt bei euch, versteht ihr?<\/p>\n<p>Alle gro\u00dfen Boten wurden abgelehnt und l\u00e4cherlich gemacht, verfolgt und sogar get\u00f6tet, weil die Menschen nicht h\u00f6ren konnten. Sie konnten nicht f\u00fchlen.<\/p>\n<p>Es ist dasselbe Problem heute. Ihr habt eine moderne Gesellschaft, eine moderne Technik, aber dasselbe Problem besteht. Es ist das Problem, in Trennung zu leben. Es ist das Problem, von eurem Verstand, euren Gedanken und euren \u00dcberzeugungen beherrscht zu werden. Es ist das Problem des Mangels menschlicher Freiheit in euren Gesellschaften. Die Menschen unterliegen dem Gewicht des \u00dcberlebens und ihren Regierungen. Sogar Religionen werden repressiv. Aber es ist dasselbe Problem. Es war immer dasselbe Problem. Also wurde der Bote abgelehnt, ihm wurde nicht geglaubt, er wird verd\u00e4chtigt, kritisiert, verurteilt, ignoriert oder gemieden. Es ist immer dasselbe Problem.<\/p>\n<p>Was braucht es f\u00fcr euch, zu erkennen, dass ihr in einer Zeit der Offenbarung lebt? Es ist in dieser Zeit, dass eine Neue Botschaft von Gott in die Welt gekommen ist. Werdet ihr herumstehen und mit dem Kopf sch\u00fctteln? Werdet ihr weglaufen? Versteht, es ist dasselbe Problem.<\/p>\n<p>Wie werdet ihr es wissen? Ihr werdet es wissen, weil Gott die Macht der Kenntnis in euch gelegt hat, weit unter und jenseits eurer Vorstellungen, eurer Konzepte, eurer Ermahnungen und eurer Traditionen.<\/p>\n<p>Gott spricht nun zur Welt. Ihr m\u00fcsst auf das h\u00f6ren,  was Gott der Welt zu sagen hat. H\u00f6rt auf zu reden. H\u00f6rt auf zu denken. H\u00f6rt auf zu debattieren. H\u00f6rt auf, Widerstand zu leisten. Und h\u00f6rt zu. Wenn ihr nicht zuh\u00f6rt, werdet ihr nicht einmal wissen, worauf ihr reagiert.<\/p>\n<p>Zwei gro\u00dfe Herausforderungen der Menschheit werden das Geschick und die Zukunft eines jeden in der Welt bestimmen, das Geschick und die Zukunft aller Nationen, der V\u00f6lker, den Zustand der Welt selbst und ob die Menschheit in der Lage ist, ihre Souver\u00e4nit\u00e4t in dieser Welt zu behalten.<\/p>\n<p>Ihr habt so lange in Trennung gelebt, ihr denkt, dass ihr allein in der Weite des Weltraums seid. Aber das Universum ist voll von Leben. Ihr lebt auf einem sch\u00f6nen Planeten. Es gibt Rassen, denen das bewusst ist, die ihn f\u00fcr sich selbst haben wollen. Wie werdet ihr ihn verteidigen? Wie werdet ihr ihn erhalten? Wie werdet ihr ihn sch\u00fctzen? Wie werdet ihr die F\u00e4higkeit der Menschheit erhalten, hier zu \u00fcberleben?<\/p>\n<p>Um dies zu tun, m\u00fcsst ihr eine vereinte Menschheit werden. Eure Nationen m\u00fcssen zusammenarbeiten. Ihr m\u00fcsst eure endlosen Konflikte beenden. Ihr m\u00fcsst erkennen,  dass sich dies nun aus Notwendigkeit ergibt. Es ist nicht nur ein Ideal oder ein Wunsch. Es ist eine Notwendigkeit.<\/p>\n<p>Gott spricht zur Welt. Dies ist, wie Gott zur Welt spricht. Dies ist, wie einfach es ist, wie rein es ist. Es ist nicht sensationell. Es passt nicht in die Erwartungen der Menschen. Es ist nicht hier als eine Best\u00e4tigung der Vorstellungen oder Erwartungen der Menschen. Dies ist, wie Gott zur Welt spricht.<\/p>\n<p>Die Neue Botschaft ist sehr gro\u00df. Es hat eine lange Zeit gedauert, sie hier zu pr\u00e4sentieren. Der Bote ist in der Welt. Ihr m\u00fcsst die Botschaft h\u00f6ren. Ihr m\u00fcsst mit eurem Herzen zuh\u00f6ren. Ihr m\u00fcsst Gott gestatten, euch den Zustand der Welt, die Zukunft der Menschheit und die gro\u00dfen Entscheidungen zu enth\u00fcllen, die den Regierungen, dem Volk, den Individuen und euch bevorstehen, wie ihr leben werdet, was ihr w\u00e4hlen werdet, euer Verst\u00e4ndnis, wohin die Menschheit geht und das der gro\u00dfen Herausforderungen, die nun vor euch liegen. Gott macht verf\u00fcgbar, was die Menschheit nicht sehen kann und nicht wissen kann, f\u00fcr den n\u00e4chsten gro\u00dfen Schritt in eurer langen Geschichte hier.<\/p>\n","protected":false},"excerpt":{"rendered":"<p>Gott wacht \u00fcber die Welt, denn die Welt ist ein gef\u00e4hrdeter Ort. Das war immer so. Deshalb seid ihr in die Welt gekommen. Es ist ein Ort, an dem Gott vergessen worden ist und eure wahre Natur vergessen worden ist. Es ist ein Ort der Konkurrenz und des Konfliktes, an dem das Leben schwierig ist,\u2026 <a class=\"read-more\" href=\"https:\/\/www.v6.newmessage.org\/de\/about-recording-shortcode\/\"><span>Read More<\/span><\/a><\/p>\n","protected":false},"author":1,"featured_media":0,"parent":16297,"menu_order":0,"comment_status":"closed","ping_status":"closed","template":"template-leftsidebar.php","meta":{"_monsterinsights_skip_tracking":false,"_monsterinsights_sitenote_active":false,"_monsterinsights_sitenote_note":"","_monsterinsights_sitenote_category":0,"footnotes":""},"categories":[76,118,30,379,460],"tags":[662,640,661],"_links":{"self":[{"href":"https:\/\/www.v6.newmessage.org\/de\/wp-json\/wp\/v2\/pages\/2370"}],"collection":[{"href":"https:\/\/www.v6.newmessage.org\/de\/wp-json\/wp\/v2\/pages"}],"about":[{"href":"https:\/\/www.v6.newmessage.org\/de\/wp-json\/wp\/v2\/types\/page"}],"author":[{"embeddable":true,"href":"https:\/\/www.v6.newmessage.org\/de\/wp-json\/wp\/v2\/users\/1"}],"replies":[{"embeddable":true,"href":"https:\/\/www.v6.newmessage.org\/de\/wp-json\/wp\/v2\/comments?post=2370"}],"version-history":[{"count":18,"href":"https:\/\/www.v6.newmessage.org\/de\/wp-json\/wp\/v2\/pages\/2370\/revisions"}],"predecessor-version":[{"id":28760,"href":"https:\/\/www.v6.newmessage.org\/de\/wp-json\/wp\/v2\/pages\/2370\/revisions\/28760"}],"up":[{"embeddable":true,"href":"https:\/\/www.v6.newmessage.org\/de\/wp-json\/wp\/v2\/pages\/16297"}],"wp:attachment":[{"href":"https:\/\/www.v6.newmessage.org\/de\/wp-json\/wp\/v2\/media?parent=2370"}],"wp:term":[{"taxonomy":"category","embeddable":true,"href":"https:\/\/www.v6.newmessage.org\/de\/wp-json\/wp\/v2\/categories?post=2370"},{"taxonomy":"post_tag","embeddable":true,"href":"https:\/\/www.v6.newmessage.org\/de\/wp-json\/wp\/v2\/tags?post=2370"}],"curies":[{"name":"wp","href":"https:\/\/api.w.org\/{rel}","templated":true}]}}