{"id":23693,"date":"2014-08-25T17:38:34","date_gmt":"2014-08-25T17:38:34","guid":{"rendered":"http:\/\/www.newmessage.org\/?page_id=23693"},"modified":"2017-05-25T03:30:11","modified_gmt":"2017-05-25T03:30:11","slug":"empfehlungen-fur-das-leben-in-einer-welt-der-grosen-wellen","status":"publish","type":"page","link":"https:\/\/www.v6.newmessage.org\/de\/die-botschaft\/band-4\/die-grosen-wellen-des-wandels\/empfehlungen-fur-das-leben-in-einer-welt-der-grosen-wellen\/","title":{"rendered":"Empfehlungen f\u00fcr das Leben in einer Welt der Gro\u00dfen Wellen"},"content":{"rendered":"<div><!-- 4.0 --><\/div>\n\n<div class=\"tabgroup \"><ul class=\"tabs\"><li><a href=\"#tabs-1\">\u00dcber<\/a><\/li>\n<li><a href=\"#tabs-2\">Buch<\/a><\/li><\/ul>\n <div id=\"tabs-1\"><br \/>\n<em>Wie offenbart<br \/>\nMarshall Vian Summers<br \/>\nin 2008 &#8211;<br \/>\nin Boulder, Colorado<\/em><\/p>\n<div class=\"toggle toggle-white\"><h4 class=\"trigger \"><span class=\"t_ico\"><\/span><a href=\"#\">\u00dcber diesen Text<\/a><\/h4><div class=\"toggle_container \"><br \/>\n<p>Was du in diesem Text liest, ist die Transkription der Originalstimme des <a href=\"https:\/\/www.newmessage.org\/de\/wichtige-begriffe#aa\">Engelsrates<\/a>, wie sie \u00fcber den <a href=\"http:\/\/www.neuebotschaft.org\/der-bote\/\">Boten Marshall Vian Summers<\/a> sprach.<\/p>\n<p>Hierbei wird die originale Kommunikation von Gott, die jenseits von Worten existiert, vom <a href=\"https:\/\/www.newmessage.org\/de\/wichtige-begriffe#aa\">Engelsrat<\/a>, der \u00fcber die Welt wacht, in menschliche Sprache und menschliches Verst\u00e4ndnis \u00fcbersetzt. Der Rat bringt dann Gottes Botschaft \u00fcber den Boten dar, woraufhin sie transkribiert und euch und allen Menschen verf\u00fcgbar gemacht wird.<\/p>\n<p>In diesem bemerkenswerten Prozess spricht die <a href=\"https:\/\/www.newmessage.org\/de\/wichtige-begriffe#voice\">Stimme der Offenbarung<\/a> erneut. Das Wort und der Klang sind in der Welt. M\u00f6gest du der Empf\u00e4nger dieses Geschenks der Offenbarung sein und m\u00f6gest du offen sein, ihre einmalige Botschaft f\u00fcr dich und f\u00fcr dein Leben zu empfangen.<\/p>\n<br \/>\n<\/div><\/div><br \/>\n<\/div>\n<div id=\"tabs-2\"><\/p>\n<div class=\"panel-10 text-align-center\"><img loading=\"lazy\" decoding=\"async\" class=\" imgborder aligncenter  size-medium\" src=\"\/\/www.newmessage.org\/wp-content\/uploads\/2015\/07\/volume4_book1-209x300.jpg\" alt=\"The Great Waves of Change\" width=\"209\" height=\"300\" \/><\/div>\n<div class=\"text-align-center text font-size-12 margin-top-10\">Band 4 &gt; Gro\u00dfen Wellen des Wandels &gt; mpfehlungen f\u00fcr das Leben in einer Welt der Gro\u00dfen Wellen<\/div>\n<p><\/div>\n\t\t\t\t<div align=\"right\">\n\t\t\t<div class=\"fb-like\" data-href=\"\" data-layout=\"button_count\" data-action=\"like\" data-show-faces=\"false\" data-share=\"false\"><\/div>\n\t\t\t<div class=\"fb-share-button\" data-layout=\"button_count\"> <\/div>\n\t\t\t<div class=\"fb_iframe_widget\"><a href=\"https:\/\/twitter.com\/godsnewmessage?ref_src=twsrc%5Etfw\" class=\"twitter-follow-button\" data-show-count=\"false\">Follow @godsnewmessage<\/a><script async src=\"https:\/\/platform.twitter.com\/widgets.js\" charset=\"utf-8\"><\/script><\/div>\n\t\t\t<\/div> <\/div> \n\n<p>Hier werden Empfehlungen vorgelegt, um euch dabei zu unterst\u00fctzen, damit zu beginnen, euch auf die Gro\u00dfen Wellen des Wandels vorzubereiten. Da das Leben, die Umst\u00e4nde und der h\u00f6here Zweck bei jedem einmalig sind, gibt es keinen Satz von Empfehlungen, die jeden Umstand und jedes Bed\u00fcrfnis ansprechen. Doch diese Empfehlungen werden als Hilfe f\u00fcr dich wichtig sein, um dich auf deine Aktivit\u00e4ten zu konzentrieren und dich auf deinem Weg der Vorbereitung zu unterst\u00fctzen. Bitte beachte, dass dies Empfehlungen sind, keine Regeln. Verwende sie und passe sie an deine Umst\u00e4nde an. Sie werden hier gegeben, um dir behilflich zu sein, Ausgeglichenheit, Kraft und Richtung in dein Leben zu bringen.<\/p>\n<p>&nbsp;<\/p>\n<p><strong>VORBEREITUNG DEINES \u00c4USSEREN LEBENS<\/strong><\/p>\n<ul>\n<li><em>Erhalte so viel Energie, wie m\u00f6glich<\/em>. Reduziere deinen Energieverbrauch um 25\u201350% oder mehr, um mitzuhelfen, deine Gemeinde und die Welt vor Verfall und Ruin zu retten.<\/li>\n<li><em>Halte einen Vorrat an Lebensmitteln, Wasser und Medikamenten, <\/em>um dich auf die bevorstehenden Schwierigkeiten vorzubereiten\u2014und zwar mindestens einen Vorrat f\u00fcr 90 Tage. Wenn dein Lebensraum begrenzt ist, lagere so viele Vorr\u00e4te, wie du kannst.<\/li>\n<li><em>Lege eine Notbargeldkasse an<\/em>, falls m\u00f6glich, um dich w\u00e4hrend wirtschaftlichen Unterbrechungen oder Jobverlust am Leben zu erhalten. \u00dcbernehme angesichts der Gro\u00dfen Wellen eine aktivere Rolle bei der Verwaltung, Lenkung und dem Aufbau finanzieller Mittel.<\/li>\n<li><em>Ber\u00fccksichtige die Verf\u00fcgbarkeit medizinischer Leistungen<\/em> in deinem Gebiet und wie sie bei einer Katastrophe oder einem l\u00e4ngeren Notfall gegebenenfalls funktionieren oder nicht funktionieren. Halte f\u00fcr chronisch Kranke einen angemessenen Vorrat an verschreibungspflichtiger Medikamente verf\u00fcgbar.<\/li>\n<li><em>Erw\u00e4ge, zu lernen, wie man seine eigene Nahrung anpflanzt. <\/em>Du kannst das alleine machen oder zusammen mit anderen.<\/li>\n<li><em>Besitze weniger<\/em>. Stelle sicher, dass alles, was du besitzt, dir wirklich dient. Reise mit leichtem Gep\u00e4ck und reserviere dir Zeit f\u00fcr wichtigere Dinge.<\/li>\n<li><em>\u00dcberlege, wo du lebst<\/em> angesichts der Gro\u00dfen Wellen des Wandels. Bist du an deinem gegenw\u00e4rtigen Ort in der Lage und bereit, ohne die Verwendung eines Autos zu reisen? Wirst du in der Lage sein, in Anbetracht deines gegenw\u00e4rtigen Ortes und deiner aktuellen Umst\u00e4nde anderen behilflich zu sein? Wirst du bereit sein, anderen in Zeiten der Not zu helfen oder wirst du selbst gef\u00e4hrdet sein?<\/li>\n<li><em>Denke \u00fcber Deinen Beruf nach<\/em> und stelle Dir diese wichtigen Fragen: Wird die Art meiner Arbeit in den kommenden Jahren tragbar sein angesichts der Zw\u00e4nge in Bezug auf Energie, Nahrung und andere Ressourcen? Ist mein Beruf oder die Art meiner Arbeit damit besch\u00e4ftigt, wesentliche G\u00fcter zu stellen oder wahre Bed\u00fcrfnisse zu bedienen oder geht es um Produkte oder Leistungen, die nicht wesentlich sind?<\/li>\n<li><em>Unterrichte andere<\/em>, einschlie\u00dflich deiner Freunde, Familie, Nachbarn und Kollegen, \u00fcber die Gro\u00dfen Wellen des Wandels. Je mehr Leute rund um dich sich dessen bewusst sind, desto besser wird deine Gemeinde vorbereitet sein.<\/li>\n<li><em>Denke an die Gebrechlichen, die Alten und die Verletzlichen<\/em> in deiner Gemeinde oder Nachbarschaft. Denke voraus, wie du in der Lage sein k\u00f6nntest, ihnen zu helfen, wenn es n\u00f6tig sein sollte.<\/li>\n<li><em>Unterst\u00fctze die \u00f6rtlichen H\u00e4ndler, Bauern und Produzenten<\/em>, denn sie werden in Zukunft bedeutende Ressourcen sein, wenn die F\u00e4higkeit, G\u00fcter zu transportieren und Leistungen \u00fcber gr\u00f6\u00dfere Entfernungen zu erbringen, weit begrenzter als heute sein werden.<\/li>\n<li><em>Bringe in Erfahrung, wo deine wesentlichen Ressourcen herkommen, <\/em>wie du in der Lage sein k\u00f6nntest, sie zu erwerben, wenn es Lieferunterbrechungen geben w\u00fcrde und was w\u00fcrdest du tun, wenn sie aus irgendeinem Grund nicht mehr verf\u00fcgbar w\u00e4ren.<\/li>\n<li><em>Sei empfindsam und dir der M\u00f6glichkeit von Naturkatastrophen in deinem Gebiet bewusst, <\/em>die deine Sicherheit gef\u00e4hrden k\u00f6nnten. Habe eine Eventualplan, was du bei einem so extremen Ereignis tun w\u00fcrdest.<\/li>\n<li><em>Informiere dich \u00fcber die eventuellen Pl\u00e4ne und Vorbereitungen deiner \u00f6rtlichen Stadt oder Regionalregierung <\/em>im Hinblick auf Szenarien der Gro\u00dfen Wellen, die wahrscheinlich in deinem Gebiet auftauchen werden. Gebe deinen Vertretern und anderen \u00f6rtlichen Offiziellen ein Feedback.<\/li>\n<li><em>Baue starke pers\u00f6nliche Beziehungen auf,<\/em> die dir bei deiner Vorbereitung helfen k\u00f6nnen. Reagieren jene Personen, die dir nahe stehen, auf die Gro\u00dfen Wellen des Wandels oder hast du das Gef\u00fchl, dass du sie \u00fcberreden und \u00fcberzeugen musst, oft ohne Erfolg?<\/li>\n<li><em>Fahre fort, dich \u00fcber die Gro\u00dfen Wellen des Wandels zu informieren, <\/em>w\u00e4hrend sie sich in der Welt entfalten. Verwende Vorsicht und Urteilskraft, wenn du die Meinungen anderer und die Kommentare der Experten \u00fcberdenkst.<\/li>\n<\/ul>\n<p><strong> <\/strong><\/p>\n<p><strong>VORBEREITUNG DEINES INNEREN LEBENS <\/strong><\/p>\n<ul>\n<li><em>Nimm dir t\u00e4glich eine Zeit der Stille,<\/em> um die Weisheit deiner Gedanken und Taten zu \u00fcberdenken und werde dir jeglicher Einblicke bewusst, die du hattest. F\u00fchre ein Tagebuch dieser Einblicke und \u00fcberpr\u00fcfe sie h\u00e4ufig.<\/li>\n<li><em>Verwende eine einfache Meditationspraxis,<\/em> um Stress abzubauen und dich mit Kenntnis zu verbinden, der tieferen Intelligenz in dir. Das Studium der <em>Schritte zur Kenntnis <\/em>bietet dir einen Weg, dies zu tun.<\/li>\n<li><em>Habe wenige Meinungen<\/em>. Bilde dir keine Meinungen \u00fcber ein Problem, es sei denn, du hast betr\u00e4chtliche Zeit verbracht, das Problem und seine vielen wahrgenommenen Interpretationen und L\u00f6sungen zu untersuchen. Frage dich, ob du dir wirklich sicher \u00fcber etwas bist oder ob du es nur vermutest<\/li>\n<li><em>H\u00f6re auf, dich zu beklagen. <\/em>Verschwende nicht deine wertvolle Zeit, um dich \u00fcber etwas zu beklagen, wenn du nicht vorbereitet bist, um Schritte in Bezug darauf zu unternehmen. Nutze stattdessen deine Zeit und Energie, deine Gedanken und Ressourcen, um dich vorzubereiten, andere vorzubereiten und deine Verbindung mit der Kenntnis zu festigen.<\/li>\n<li><em>Bewerte deine Ziele und Pl\u00e4ne neu,<\/em> um zu sehen, ob sie in einer sich radikal \u00e4ndernden Welt wirklich m\u00f6glich sind. Frage dich, \u201cSind meine Pl\u00e4ne und Ziele in einer Welt abnehmender Ressourcen, einer Umweltverschlechterung und einer wirtschaftlichen Not in Anbetracht dieser Umst\u00e4nde praktisch und durchf\u00fchrbar?\u201d Du wirst beginnen, die Wahrheit dar\u00fcber zu f\u00fchlen.<\/li>\n<li><em>Vergebe anderen.<\/em> Vergebe jenen, die sich dir und der Welt gegen\u00fcber zu irren scheinen. Frage dich, welche echte Not sie mit ihrem Verhalten auszudr\u00fccken und zu erf\u00fcllen scheinen. Die Praktizierung der Vergebung erh\u00e4lt dir deine emotionale Energie und bewahrt dir einen klaren Verstand.<\/li>\n<li><em>Ehre deine Eltern<\/em>, und versuche, die Umst\u00e4nde ihres Lebens zu verstehen, die ihre Entscheidungen und ihr Verhalten bestimmt haben.<\/li>\n<li><em>Vergebe dir<\/em>. Lerne aus deinen eigenen Fehlern und erkenne und verwende die Weisheit, die sie dir gebracht haben. Deine vergangenen Fehler zu kennen und aus ihnen zu lernen, wird dir helfen, den Gro\u00dfen Wellen des Wandels zu begegnen und durch sie zu navigieren. Wenn du dir selbst nicht vergibst, verlierst du dein Selbstvertrauen, das du brauchst, um dich in der Zukunft zunehmend darauf zu verlassen. Du baust Selbstvertrauen am st\u00e4rksten auf, wenn du der Kenntnis in dir folgst.<\/li>\n<li><em>Baue und erhalte die Vier S\u00e4ulen deines Lebens. <\/em>Bedenke, dass du vier S\u00e4ulen hast, die wie die vier F\u00fc\u00dfe des Tisches dein Leben aufrecht erhalten:<\/li>\n<\/ul>\n<p>\u2013 Die S\u00e4ule der Beziehungen<\/p>\n<p>\u2013 Die S\u00e4ule der Gesundheit<\/p>\n<p>\u2013 Die S\u00e4ule der Arbeit und der Versorgung<\/p>\n<p>\u2013 Die S\u00e4ule der Spirituellen Entwicklung<\/p>\n<p>Um gl\u00fccklich, stabil und erfolgreich zu sein, musst du jede dieser S\u00e4ulen  aufbauen und aufrecht erhalten und darfst nicht eine f\u00fcr die anderen opfern.<\/p>\n<ul>\n<li><em>Erliege nicht der Angst<\/em> oder glaube, dass du keine Macht angesichts dieser gro\u00dfen \u00c4nderungen hast, denn du hast die Macht der Kenntnis in dir, um dich zu leiten und zu sch\u00fctzen, wenn du ihr folgen kannst. Deine Erfahrung der Kenntnis oder des inneren Wissens wird es dir erm\u00f6glichen, eine neue Richtung vorzugeben, Probleme klar zu bewerten und weise Entscheidungen zu f\u00e4llen, sogar wenn niemand anders rund um dich dies tut.<\/li>\n<li><em>Baue Selbstvertrauen auf<\/em>. Du erwirbst Vertrauen, indem du siehst, was n\u00f6tig ist und Schritte unternimmst. Du beginnst damit, kleine Schritte zu unternehmen, alles, was du sehen kannst, was getan werden muss, Schritt f\u00fcr Schritt, um dich vorzubereiten, um deinen Verstand vorzubereiten, um deine Umst\u00e4nde vorzubereiten, um dein Heim vorzubereiten und um deine Beziehungen vorzubereiten.<\/li>\n<li><em>Sei ein Katalysator f\u00fcr den Wandel<\/em>, und verlasse dich nicht auf den Konsens oder die Zustimmung der anderen. Lerne die Bedeutung deiner Entscheidungen zu ehren und wie man diese Entscheidungen trifft, gest\u00fctzt auf die tiefere Kenntnis in dir. Dieses Selbstvertrauen und die St\u00e4rke der Kenntnis k\u00f6nnen wohl dein Leben retten.<\/li>\n<li><em>Bewerte deine Beziehungen.<\/em> Wer hat wirklich eine Bestimmung mit dir? Sind diese Leute jetzt bei dir?<\/li>\n<li><em>Lerne der Kenntnis zu folgen<\/em>, der tieferen Intelligenz in dir, und die Gro\u00dfen Wellen des Wandels anzuerkennen, die herankommen, so dass du rechtzeitig informiert und vorbereitet sein kannst. Die Erfahrung der Kenntnis kann die Form eines Bildes, eines m\u00e4chtigen Einblicks oder eines anhaltenden Gef\u00fchls annehmen, dass nicht weggeht.<\/li>\n<li><em>Habe einen gro\u00dfen Glauben in die Kenntnis <\/em>in dir und in der Menschheit insgesamt. Ansonsten werden die Gro\u00dfen Wellen \u00fcberw\u00e4ltigend erscheinen\u2014zu gro\u00df, um ber\u00fccksichtigt zu werden, zu gro\u00df, um sich darauf vorzubereiten, zu gro\u00df, um durch sie zu navigieren. Und du wirst einfach aufgeben und dich besiegt f\u00fchlen, bevor die wahren Heimsuchungen beginnen.<\/li>\n<li><em>Erkenne, dass du in eine Zeit gro\u00dfer Herausforderung und gro\u00dfen Wandels in der Welt eintrittst <\/em>und dass diese Herausforderung und dieser Wandel dich stark machen und aus dir die gr\u00f6\u00dferen Gaben herausrufen, zu deren Abgabe du in die Welt gesandt wurdest. Denn du bist zu einer Mission in die Welt gekommen, und die Realit\u00e4t jener Mission ist in der Kenntnis enthalten, der tieferen Intelligenz in dir, und wartet darauf, entdeckt zu werden.<\/li>\n<\/ul>\n<p><em>Abschlie\u00dfend<\/em>, wie bereits oft angegeben, ist die L\u00f6sung f\u00fcr die sich entfaltenden planetaren Problemen in ihrem Kern eine spirituelle. Interessierte Leser werden ermutigt, die anderen B\u00fccher zu lesen, die von MV Summers geschrieben und von der New Knowledge Library unter www.newknowledgelibrary.org ver\u00f6ffentlicht worden sind.<\/p>\n","protected":false},"excerpt":{"rendered":"<p>Hier werden Empfehlungen vorgelegt, um euch dabei zu unterst\u00fctzen, damit zu beginnen, euch auf die Gro\u00dfen Wellen des Wandels vorzubereiten. Da das Leben, die Umst\u00e4nde und der h\u00f6here Zweck bei jedem einmalig sind, gibt es keinen Satz von Empfehlungen, die jeden Umstand und jedes Bed\u00fcrfnis ansprechen. Doch diese Empfehlungen werden als Hilfe f\u00fcr dich wichtig\u2026 <a class=\"read-more\" href=\"https:\/\/www.v6.newmessage.org\/de\/about-text-shortcode\/\"><span>Read More<\/span><\/a><\/p>\n","protected":false},"author":32,"featured_media":0,"parent":13099,"menu_order":12,"comment_status":"closed","ping_status":"closed","template":"template-leftsidebar.php","meta":{"_monsterinsights_skip_tracking":false,"_monsterinsights_sitenote_active":false,"_monsterinsights_sitenote_note":"","_monsterinsights_sitenote_category":0,"footnotes":""},"categories":[473,114,76,117,77,471],"tags":[884,885,853],"_links":{"self":[{"href":"https:\/\/www.v6.newmessage.org\/de\/wp-json\/wp\/v2\/pages\/23693"}],"collection":[{"href":"https:\/\/www.v6.newmessage.org\/de\/wp-json\/wp\/v2\/pages"}],"about":[{"href":"https:\/\/www.v6.newmessage.org\/de\/wp-json\/wp\/v2\/types\/page"}],"author":[{"embeddable":true,"href":"https:\/\/www.v6.newmessage.org\/de\/wp-json\/wp\/v2\/users\/32"}],"replies":[{"embeddable":true,"href":"https:\/\/www.v6.newmessage.org\/de\/wp-json\/wp\/v2\/comments?post=23693"}],"version-history":[{"count":22,"href":"https:\/\/www.v6.newmessage.org\/de\/wp-json\/wp\/v2\/pages\/23693\/revisions"}],"predecessor-version":[{"id":27641,"href":"https:\/\/www.v6.newmessage.org\/de\/wp-json\/wp\/v2\/pages\/23693\/revisions\/27641"}],"up":[{"embeddable":true,"href":"https:\/\/www.v6.newmessage.org\/de\/wp-json\/wp\/v2\/pages\/13099"}],"wp:attachment":[{"href":"https:\/\/www.v6.newmessage.org\/de\/wp-json\/wp\/v2\/media?parent=23693"}],"wp:term":[{"taxonomy":"category","embeddable":true,"href":"https:\/\/www.v6.newmessage.org\/de\/wp-json\/wp\/v2\/categories?post=23693"},{"taxonomy":"post_tag","embeddable":true,"href":"https:\/\/www.v6.newmessage.org\/de\/wp-json\/wp\/v2\/tags?post=23693"}],"curies":[{"name":"wp","href":"https:\/\/api.w.org\/{rel}","templated":true}]}}