{"id":22376,"date":"2015-08-21T04:41:41","date_gmt":"2015-08-21T04:41:41","guid":{"rendered":"http:\/\/www.newmessage.org\/?page_id=22376"},"modified":"2017-06-24T03:28:46","modified_gmt":"2017-06-24T03:28:46","slug":"uber-den-offenbarungsprozess","status":"publish","type":"page","link":"https:\/\/www.v6.newmessage.org\/de\/uber-den-offenbarungsprozess\/","title":{"rendered":"\u00dcber den Offenbarungsprozess"},"content":{"rendered":"<p><a href=\"https:\/\/www.newmessage.org\/wp-content\/uploads\/2015\/08\/Volume-1-CD-Cover1.jpg\"><img loading=\"lazy\" decoding=\"async\" class=\"imgborder alignright \" src=\"https:\/\/www.newmessage.org\/wp-content\/uploads\/2015\/08\/Volume-1-CD-Cover1-172x300.jpg\" alt=\"The New Message from God\" width=\"250\" height=\"435\" \/><\/a><\/p>\n<p>Die Texte der Neuen Botschaft von Gott wurden urspr\u00fcnglich von der Stimme des <a href=\"https:\/\/www.newmessage.org\/de\/wichtige-begriffe#aa\">Engelsrat<\/a> \u00fcber den Boten, Marshall Vian Summers, gesprochen. Dieser Prozess der G\u00f6ttlichen Offenbarung erfolgte seit 1983. Die Offenbarung h\u00e4lt bis zum heutigen Tag an. <\/p>\n<p>Hierbei wird die urspr\u00fcngliche Mitteilung von Gott, die jenseits von Worten existiert, vom <a href=\"https:\/\/www.newmessage.org\/de\/wichtige-begriffe#aa\">Engelsrat<\/a>, der \u00fcber die Welt wacht, in menschliche Sprache und Verst\u00e4ndnis \u00fcbersetzt. Der Rat spricht dann Gottes Botschaft \u00fcber den Boten, sie wird als Audiomitteilung aufgezeichnet, transkribiert und nun in der umfassenden Bibliothek der Offenbarungstexte hier unter www.NewMessage.org verf\u00fcgbar gemacht.<\/p>\n<p>Zus\u00e4tzlich k\u00f6nnt ihr zum ersten Mal in der Geschichte die Originalaufzeichnungen der <a href=\"https:\/\/www.newmessage.org\/de\/wichtige-begriffe#voice\">Stimme der Offenbarung<\/a> h\u00f6ren, einer Stimme, wie sie zu den Propheten und Boten der Vergangenheit sprach und nun wiederum \u00fcber einen Neuen Boten spricht, der heute in der Welt ist. Niemals vorher wurde die Originalaufzeichnung der Offenbarung festgehalten und in ihrer reinen Form verf\u00fcgbar gemacht. <\/p>\n<p>Das Wort und der Ton sind in der Welt. Zum ersten Mal in der Geschichte k\u00f6nnt ihr und alle Menschen die Aufzeichnung der originalen <a href=\"https:\/\/www.newmessage.org\/de\/wichtige-begriffe#voice\">Stimme der Offenbarung<\/a> h\u00f6ren. Diese Stimme ist nicht die Stimme eines Individuums, sondern die des gesamten Engelsrates der gemeinsam alle als einer spricht.<\/p>\n<p>Hierbei ist die Menschheit in der Lage, das Originaltestament von <a href=\"http:\/\/www.neuebotschaft.org\/die-botschaft\/\">Gottes Offenbarung<\/a> zu empfangen, was in ihrer gesprochenen Audio-Form, transkribiert, von ihrem Boten zusammengefasst und nun der Welt pr\u00e4sentiert wird. <\/p>\n<p>Um die <a href=\"https:\/\/www.newmessage.org\/de\/wichtige-begriffe#voice\">Stimme der Offenbarung<\/a> zu h\u00f6ren, die die Quelle des Textes ist,  der in allen B\u00fcchern der Neuen Botschaft enthalten ist, besucht bitte www.NewMessage.org\/experience. Die Original-Audioaufzeichnungen der Stimme werden nun allen Menschen verf\u00fcgbar gemacht. <\/p>\n<p>M\u00f6gest du der Empf\u00e4nger dieses Geschenks der Offenbarung sein und m\u00f6gest du offen sein, diese m\u00e4chtige Botschaft f\u00fcr dich und f\u00fcr dein Leben zu empfangen.<\/p>\n","protected":false},"excerpt":{"rendered":"<p>Die Texte der Neuen Botschaft von Gott wurden urspr\u00fcnglich von der Stimme des Engelsrat \u00fcber den Boten, Marshall Vian Summers, gesprochen. Dieser Prozess der G\u00f6ttlichen Offenbarung erfolgte seit 1983. Die Offenbarung h\u00e4lt bis zum heutigen Tag an. Hierbei wird die urspr\u00fcngliche Mitteilung von Gott, die jenseits von Worten existiert, vom Engelsrat, der \u00fcber die Welt\u2026 <a class=\"read-more\" href=\"https:\/\/www.v6.newmessage.org\/de\/uber-den-offenbarungsprozess\/\"><span>Read More<\/span><\/a><\/p>\n","protected":false},"author":32,"featured_media":0,"parent":0,"menu_order":5,"comment_status":"closed","ping_status":"closed","template":"template-leftsidebar.php","meta":{"_monsterinsights_skip_tracking":false,"_monsterinsights_sitenote_active":false,"_monsterinsights_sitenote_note":"","_monsterinsights_sitenote_category":0,"footnotes":""},"categories":[],"tags":[809],"_links":{"self":[{"href":"https:\/\/www.v6.newmessage.org\/de\/wp-json\/wp\/v2\/pages\/22376"}],"collection":[{"href":"https:\/\/www.v6.newmessage.org\/de\/wp-json\/wp\/v2\/pages"}],"about":[{"href":"https:\/\/www.v6.newmessage.org\/de\/wp-json\/wp\/v2\/types\/page"}],"author":[{"embeddable":true,"href":"https:\/\/www.v6.newmessage.org\/de\/wp-json\/wp\/v2\/users\/32"}],"replies":[{"embeddable":true,"href":"https:\/\/www.v6.newmessage.org\/de\/wp-json\/wp\/v2\/comments?post=22376"}],"version-history":[{"count":16,"href":"https:\/\/www.v6.newmessage.org\/de\/wp-json\/wp\/v2\/pages\/22376\/revisions"}],"predecessor-version":[{"id":28095,"href":"https:\/\/www.v6.newmessage.org\/de\/wp-json\/wp\/v2\/pages\/22376\/revisions\/28095"}],"wp:attachment":[{"href":"https:\/\/www.v6.newmessage.org\/de\/wp-json\/wp\/v2\/media?parent=22376"}],"wp:term":[{"taxonomy":"category","embeddable":true,"href":"https:\/\/www.v6.newmessage.org\/de\/wp-json\/wp\/v2\/categories?post=22376"},{"taxonomy":"post_tag","embeddable":true,"href":"https:\/\/www.v6.newmessage.org\/de\/wp-json\/wp\/v2\/tags?post=22376"}],"curies":[{"name":"wp","href":"https:\/\/api.w.org\/{rel}","templated":true}]}}