{"id":21190,"date":"2014-08-13T21:26:57","date_gmt":"2014-08-13T21:26:57","guid":{"rendered":"http:\/\/www.newmessage.org\/?page_id=21190"},"modified":"2017-06-16T03:37:55","modified_gmt":"2017-06-16T03:37:55","slug":"der-ruf-des-boten","status":"publish","type":"page","link":"https:\/\/www.v6.newmessage.org\/de\/die-botschaft\/band-1\/der-neue-bote\/der-ruf-des-boten\/","title":{"rendered":"Der Ruf des Boten"},"content":{"rendered":"<div><!-- Version 8.2 --><\/div>\n\n<div class=\"tabgroup \"><ul class=\"tabs\"><li><a href=\"#tabs-1\">H\u00f6re<\/a><\/li>\n<li><a href=\"#tabs-2\">\u00dcber diesen Text<\/a><\/li><\/ul>\n <div id=\"tabs-1\"><\/p>\n<p>H\u00f6re die Stimme der Offenbarung:<\/p>\n<div id=\"jquery_jplayer_1\" class=\"jp-jplayer\"><\/div>\n\t\t\t\t<div id=\"jp_container_1\" class=\"jp-audio\">\n\t\t\t\t<div class=\"jp-type-single\"><div class=\"jp-control\"><a href=\"javascript:;\" class=\"jp-play\" tabindex=\"1\">play<\/a><a href=\"javascript:;\" class=\"jp-pause\" tabindex=\"1\">pause<\/a><\/div> <div class=\"jp-gui jp-interface\"><div class=\"jp-volume\"><div class=\"jp-volume-bar\"><div class=\"jp-volume-bar-value\"><\/div><\/div><\/div><div class=\"jp-progress\"><div class=\"jp-seek-bar\"><div class=\"jp-play-bar\"><\/div><\/div><\/div><\/div>\t\t\t\t\t<div class=\"jp-no-solution\"><span>Update Required<\/span>To play the media you will need to either update your browser to a recent version or update your <a href=\"http:\/\/get.adobe.com\/flashplayer\/\" target=\"_blank\">Flash plugin<\/a>.<\/div><\/div><\/div>\n\t\t\t<script type='text\/javascript'>\n\t\t\t\tjQuery(document).ready(function() {\n\t\t\t\t\tif (typeof (sermonMedia) == 'function') {\n\t\t\t\t\t\tsermonMedia.addAudio('', \"jquery_jplayer_1\");\n\t\t\t\t\t}\n\t\t\t\t\tjQuery.jPlayer.timeFormat.showHour = true;\n\t\t\t\t\tjQuery(\"#jquery_jplayer_1\").jPlayer({\n\t\t\t\t\t\tready: function(event) {\n\t\t\t\t\t\t\tjQuery(this).jPlayer(\"setMedia\", {mp3: 'https:\/\/newmessage.org\/av\/the-messengers-calling.mp3'});\n\t\t\t\t\t\t},\n\t\t\t\t\t\tplay: function() {\n\t\t\t\t\t\t\tjQuery(this).jPlayer(\"pauseOthers\");\n\t\t\t\t\t\t},\n\t\t\t\t\t\tswfPath: ThemeData.directory_uri+\"\/swf\",\n\t\t\t\t\t\tsolution: \"html, flash\",\n\t\t\t\t\t\tpreload: \"metadata\",\n\t\t\t\t\t\twmode: \"window\",\n\t\t\t\t\t\tsupplied: \"mp3\",\n\t\t\t\t\t\tcssSelectorAncestor: '#jp_container_1'\n\t\t\t\t\t});\n\t\t\t\t});\n\t\t\t<\/script><\/p>\n<p><a href=\"\/\/www.newmessage.org\/av\/the-messengers-calling.mp3\">Lade herunter<\/a> (Rechtsklick zum Herunterladen)<\/p>\n<p><em>Wie offenbart<br \/>\nMarshall Vian Summers<br \/>\nam 3. September 2014 \u2013<br \/>\nin Boulder, Colorado<\/em><br \/>\n<div class=\"toggle toggle-white\"><h4 class=\"trigger \"><span class=\"t_ico\"><\/span><a href=\"#\">\u00dcber diese Aufzeichnung<\/a><\/h4><div class=\"toggle_container \"><br \/>\n<div id=\"yui_3_16_0_ym19_1_1467955126517_3327\" dir=\"ltr\"><span id=\"yui_3_16_0_ym19_1_1467955126517_3177\"><span id=\"yui_3_16_0_ym19_1_1467955126517_3178\">Was Du in dieser Audioaufzeichnung h\u00f6rst, ist die Stimme des Engelsrates, die durch den Boten Marshall Vian Summers spricht.<\/span><\/span><\/div>\n<div dir=\"ltr\"><span id=\"yui_3_16_0_ym19_1_1467955126517_3177\"><span id=\"yui_3_16_0_ym19_1_1467955126517_3178\">\u00a0<\/span><\/span><\/div>\n<div id=\"yui_3_16_0_ym19_1_1467955126517_3359\" dir=\"ltr\"><span id=\"yui_3_16_0_ym19_1_1467955126517_3177\"><span id=\"yui_3_16_0_ym19_1_1467955126517_3178\"> Hier wird die originale Mitteilung Gottes, die jenseits von Worten existiert, vom Engelsrat, der \u00fcber die Welt wacht, in menschliche Sprache und menschliches Verst\u00e4ndnis \u00fcbersetzt. Der Engelsrat bringt dann Gottes Botschaft \u00fcber den Boten dar.<br \/>\n<\/span><\/span><\/div>\n<div id=\"yui_3_16_0_ym19_1_1467955126517_3369\" dir=\"ltr\"><span id=\"yui_3_16_0_ym19_1_1467955126517_3177\"><span id=\"yui_3_16_0_ym19_1_1467955126517_3178\">\u00a0<\/span><\/span><\/div>\n<div id=\"yui_3_16_0_ym19_1_1467955126517_3370\" dir=\"ltr\"><span id=\"yui_3_16_0_ym19_1_1467955126517_3177\"><span id=\"yui_3_16_0_ym19_1_1467955126517_3178\">In diesem bemerkenswerten Prozess spricht die Stimme der Offenbarung erneut. Das Wort und der Ton sind in der Welt. Zum ersten Mal in der Geschichte ist f\u00fcr euch und f\u00fcr die Welt die Aufzeichnung der urspr\u00fcnglichen gesprochenen Offenbarung verf\u00fcgbar, um erfahren zu werden.<br \/>\n<\/span><\/span><\/div>\n<div id=\"yui_3_16_0_ym19_1_1467955126517_3436\" dir=\"ltr\"><span id=\"yui_3_16_0_ym19_1_1467955126517_3177\"><span id=\"yui_3_16_0_ym19_1_1467955126517_3178\">\u00a0<\/span><\/span><\/div>\n<div id=\"yui_3_16_0_ym19_1_1467955126517_3435\" dir=\"ltr\"><span id=\"yui_3_16_0_ym19_1_1467955126517_3177\"><span id=\"yui_3_16_0_ym19_1_1467955126517_3178\">M\u00f6gest du der  Empf\u00e4nger dieses Geschenks der Offenbarung werden und m\u00f6gest du dich \u00f6ffnen, um diese einmalige Botschaft f\u00fcr dich und f\u00fcr dein Leben zu empfangen.<\/span><\/span><\/div>\n<br \/>\n<\/div><\/div><br \/>\n<\/div>\n<div id=\"tabs-2\"><\/p>\n<div class=\"panel-10 text-align-center\"><img loading=\"lazy\" decoding=\"async\" class=\"imgborder wp-image-29650 size-medium aligncenter\" src=\"\/wp-content\/uploads\/2016\/09\/The-New-Messenger-ebook-cover.jpg\" alt=\"The Messenger's Calling from the New Messenger book\" width=\"200\" height=\"300\" \/><br \/>\n<\/a><\/div>\n<div class=\"text-align-center text font-size-12 margin-top-10\">Band 1 &gt; Der Neue Bote &gt; Kapitel 12<\/div>\n<p><\/div>\n\t\t\t\t<div align=\"right\">\n\t\t\t<div class=\"fb-like\" data-href=\"\" data-layout=\"button_count\" data-action=\"like\" data-show-faces=\"false\" data-share=\"false\"><\/div>\n\t\t\t<div class=\"fb-share-button\" data-layout=\"button_count\"> <\/div>\n\t\t\t<div class=\"fb_iframe_widget\"><a href=\"https:\/\/twitter.com\/godsnewmessage?ref_src=twsrc%5Etfw\" class=\"twitter-follow-button\" data-show-count=\"false\">Follow @godsnewmessage<\/a><script async src=\"https:\/\/platform.twitter.com\/widgets.js\" charset=\"utf-8\"><\/script><\/div>\n\t\t\t<\/div> <\/div> \n\n<p>Gott hat einen Boten in die Welt gesandt, vom Engelsrat ist er gesandt worden. Er ist der erste Bote, der seit den Tagen Mohammeds kommt. Und es wird eine sehr lange Zeit dauern, bis ein anderer gesandt wird.<\/p>\n<p>Seine Rolle ist so wichtig. Er bringt etwas in die Welt, das noch nie hierher gebracht wurde und setzt die gro\u00dfe Reihe von Offenbarungen fort, die der Menschheit an kritischen Wendepunkten ihrer Geschichte und Evolution gebracht wurden.<\/p>\n<p>Er kommt zu einer Zeit gro\u00dfer und wachsender Not, da die Menschheit vor einer Welt immenser Umweltver\u00e4nderungen steht und aller damit verbundenen politischen und wirtschaftlichen Umw\u00e4lzungen. Er kommt zu einer Zeit, in der die Menschheit an der Schwelle eines Universums steht, das voller intelligentem Leben ist. Er kommt zu einer Zeit, in der die Menschheit sich vorbereiten muss.<\/p>\n<p>Sein Ruf in die Welt ist, dass die Welt diesen erhalten muss. Er ruft euch, Menschen aller Nationen, Kulturen und religi\u00f6sen Zugeh\u00f6rigkeiten \u2013 diejenigen, die h\u00f6ren k\u00f6nnen,  diejenigen, die empfangen k\u00f6nnen und diejenigen, die erkennen k\u00f6nnen, dass eine Neue Offenbarung kommen muss.<\/p>\n<p>Denn die Religion ist in Unordnung geraten und steht mit sich selbst und zwischen ihren prim\u00e4ren Ausdrucksformen in Konflikt. Sie ist ein Werkzeug des Staates geworden und ein Werkzeug derer, die Macht und Herrschaft \u00fcber andere suchen.<\/p>\n<p>Und doch hat dies allein die Neue Offenbarung nicht in die Welt gebracht. Es ist in der Tat die gro\u00dfe Schwelle, die der Menschheit bevorsteht, die euch vollst\u00e4ndig nur die Neue Botschaft von Gott offenbaren kann. Es ist eine Schwelle von immenser Ver\u00e4nderung in der Welt, die eine Vorbereitung und eine Anpassung auf einer Skala erfordert, die nie zuvor notwendig waren. Es wird eine Vorbereitung der Menschheit auf die Begegnung mit dem Leben im Universum erfordern, die bereits begonnen hat, aber in einer Weise, die f\u00fcr die menschliche Familie sehr gef\u00e4hrlich ist.<\/p>\n<p>Der Bote ruft euch Menschen aller Nationen, Kulturen und religi\u00f6sen Traditionen, dass ihr den Mut und die Ehrlichkeit habt, das gro\u00dfe Bed\u00fcrfnis zu sp\u00fcren, dass Gott noch einmal zu euch spricht. Denn Gott spricht zur Menschheit nur an gro\u00dfen Wendepunkten, in Zeiten gro\u00dfer Not und Gelegenheit zugleich.<\/p>\n<p>Die aufrichtigen Gebete und die W\u00fcnsche und die wahren Bed\u00fcrfnisse der Menschen auf der ganzen Welt werden jetzt durch die Offenbarung erh\u00f6rt. Gott aber gibt den Menschen nicht, was sie erwarten. Gott gibt den Menschen, was sie f\u00fcr diese Zeit und f\u00fcr die kommenden Zeiten brauchen. Die Offenbarungen sind so umfangreich und tiefgr\u00fcndig, dass sie die Bed\u00fcrfnisse der Menschen, die noch geboren werden, und die der V\u00f6lker in f\u00fcnfzig oder zweihundert Jahren in der Zukunft ansprechen werden \u2013 so gro\u00df ist die Offenbarung. Darum sind die fr\u00fcheren Offenbarungen Gottes nach und nach gewachsen und konnten f\u00fcr die Menschen verschiedener Epochen und verschiedener Nationen, unter allen Umst\u00e4nden kontinuierlich sorgen.<\/p>\n<p>Das wird bei der Neuen Offenbarung Gottes der Fall sein, wenn sie empfangen und akzeptiert, studiert und angewandt werden kann. Sie ist nicht hier, die Religionen der Welt zu ersetzen, sondern ihnen einen gr\u00f6\u00dferen Umfang und eine gr\u00f6\u00dfere Dimension zu geben und sie zu vereinen. Denn sie wurden alle von Gott begonnen, und sie wurden alle durch den Menschen durch Adoption, durch Verwirrung und durch Korruption ver\u00e4ndert.<\/p>\n<p>Der Bote ruft euch Menschen aller Nationen, Kulturen und religi\u00f6sen Traditionen, euer tieferes Bed\u00fcrfnis zu erkennen, das Bed\u00fcrfnis eurer Seele. Das ist nicht nur das Bed\u00fcrfnis des Tages oder der Ereignisse der Welt oder der Krise dieses Augenblicks. Es ist ein Bed\u00fcrfnis, das durchdringender und tiefer ist \u2013 das Bed\u00fcrfnis, mit deiner Quelle wieder vereint zu werden, das Bed\u00fcrfnis, die Kraft zu gewinnen, das nur der Himmel bieten kann, das Bed\u00fcrfnis, deinen wahren Zweck zu erkennen und die F\u00fchrung \u00fcber das hinaus, was deine Kultur und sogar deine Religion dir verschrieben hat. Denn nur Gott kann dir das geben.<\/p>\n<p>Das Bed\u00fcrfnis nach Vergebung, das Bed\u00fcrfnis nach Integrit\u00e4t, das Bed\u00fcrfnis nach dem wahren Zweck und die F\u00fchrung dar\u00fcber hinaus, was eure Kultur und andere euch verschrieben haben \u2013 das muss von Gott kommen, wenn es wahr und wirksam sein soll, wenn es euch zu allen Zeiten und in allen Situationen dienen soll \u2013 jenseits aller Spaltungen der Menschheit, jenseits aller Konflikte der Menschheit, jenseits aller Misserfolge der Menschheit.<\/p>\n<p>Gott wei\u00df, was \u00fcber den Horizont kommt und versucht dich zu warnen, dich zu segnen und dich vorzubereiten.<\/p>\n<p>Der Bote ruft euch jetzt, zu h\u00f6ren, zu reagieren, um dies zu finden, um dies zu empfangen, um eure Urteile und eure Vorlieben und eure Ermahnungen aufzuheben, damit ihr die Segnungen des Sch\u00f6pfers unter ganz anderen Umst\u00e4nden empfangen k\u00f6nnt, da die Menschheit im Begriff ist, sich ihren gr\u00f6\u00dften Pr\u00fcfungen zu stellen.<\/p>\n<p>Nicht jeder wird am Anfang in der Lage sein, zu reagieren, aber es gibt viele in der heutigen Welt, die bereit sind, dies zu h\u00f6ren. In allen Nationen, in allen Kulturen, in allen Glaubenstraditionen gibt es viele, die bereit sind, diesen Ruf zu h\u00f6ren.<\/p>\n<p>Der Bote ist jetzt ein \u00e4lterer Mann. Also ist Zeit essentiell f\u00fcr dich, ihn zu h\u00f6ren, ihn zu empfangen und ihn in seinen verbleibenden Jahren auf der Erde zu erkennen.<\/p>\n<p>Er ruft euch auf, zu empfangen, zu lernen und die Schritte zur Kenntnis zu gehen, der tieferen Kenntnis, die Gott in euch gelegt hat, die in euch gelegt wurde, sogar bevor ihr in die Welt gekommen seid\u2014um euch zu f\u00fchren, um euch zu besch\u00fctzen und um euch zu einem gr\u00f6\u00dferen Leben des Zwecks und der Erf\u00fcllung in der Welt zu f\u00fchren. Ihr k\u00f6nnt euch diese Dinge selbst nicht geben.<\/p>\n<p>Ohne Kenntnis werden die Menschen dem Stamm folgen. Sie werden der Kultur folgen. Sie werden den Ermahnungen anderer folgen. Sie werden sich in einer Welt der Begierde, der Fantasie und der Klagen verlieren. Sie werden ein Leben der Verzweiflung und h\u00e4ufig der Gewalt f\u00fchren. Sie werden den gr\u00f6\u00dferen Kr\u00e4ften gegen\u00fcber, die die Welt auch in diesem Moment ver\u00e4ndern, unvorbereitet sein.<\/p>\n<p>Ohne Kenntnis werden sich die Menschen gegeneinander wenden, wie sie es immer getan haben\u2014\u00fcberleben, konkurrieren, sich gegenseitig bek\u00e4mpfen und sich gegenseitig zerst\u00f6ren, wie sie es immer getan haben.<\/p>\n<p>Es ist nur aufgrund der gro\u00dfen Boten und Botschaften, dass die Menschheit so erfolgreich so weit gekommen ist, trotz ihrer vielen Misserfolge und Fehler.<\/p>\n<p>Aber jetzt muss eine neue Offenbarung gegeben werden. Der Bote hat sie 40 Jahre lang in Abgeschiedenheit empfangen. Er muss jetzt in den verbleibenden Jahren der Welt verk\u00fcndigen. Sein Ruf gilt also nicht nur einer Gruppe oder einer Nation oder einer Region. Er gilt der ganzen Welt, und deshalb strahlt er in die ganze Welt und die Offenbarung wird f\u00fcr die ganze Welt gegeben und zum ersten Mal in der ganzen menschlichen Geschichte ist die Stimme der Offenbarung zu h\u00f6ren.<\/p>\n<p>Man h\u00f6rt zum ersten Mal eine solche Stimme, die zu Jesus, zu Buddha und zu Mohammed sprach\u2014unsere Stimme, diese Stimme, die Stimme des Engelsrates, der insgesamt als eine Stimme spricht, eine Wirklichkeit und eine Erscheinung, die dein Intellekt nicht ergr\u00fcnden kann, aber dein Herz machtvoll empfangen kann.<\/p>\n<p>Denn der Herr ist der Herr des ganzen Universums mit unz\u00e4hligen Rassen und Wesen, die so verschieden von euch sind, und anderer Dimensionen des physischen Universums und der Sch\u00f6pfung jenseits des physischen Reiches.<\/p>\n<p>Gott hat Kenntnis in dich gelegt. Solltest du erwachen und darauf reagieren, dann kann Gottes Wille dich bewegen und dich besch\u00fctzen und dich f\u00fchren, denn du brauchst das jetzt mehr als je zuvor.<\/p>\n<p>Menschen aller Nationen, Kulturen und religi\u00f6sen Traditionen h\u00f6rt, wie euch der Bote ruft. Stellt das nicht in Frage. Leugnet das nicht, oder ihr leugnet Gottes Gnade und Macht. Und ihr leugnet Gottes Gabe an euch, die ihr jetzt mehr braucht als alles andere.<\/p>\n<p>Denn die gro\u00dfen Traditionen der Vergangenheit k\u00f6nnen die Menschheit nicht auf den gro\u00dfen  Wandel vorbereiten, der auf die Welt zukommt oder die Begegnung der Menschheit mit intelligentem Leben im Universum\u2014die beiden gr\u00f6\u00dften Ereignisse in der gesamten menschlichen Geschichte, die beiden Ereignisse, die mehr als alles andere die Zukunft von jedem Menschen auf der Erde und die der kommenden Generationen beeinflussen kann. So gro\u00df ist die Not, dass ihr es kaum erkennen k\u00f6nnt. Sie ist jenseits der Bed\u00fcrfnisse, \u00fcber die ihr nachdenkt.<\/p>\n<p>Die Welt aber beginnt zusammenzubrechen. Die menschliche Zivilisation beginnt zusammenzubrechen. Es wird dich und jeden Menschen, ob reich oder arm, in jedem Land, in jeder Ecke der Welt, beeinflussen.<\/p>\n<p>Du musst den Ruf des Botens an dich h\u00f6ren. Gott hat ihn hierher gesandt, um der Empf\u00e4nger und der prim\u00e4re Vertreter der Neuen Offenbarung Gottes f\u00fcr die Welt zu sein.<\/p>\n<p>Streite das nicht aus religi\u00f6sen Gr\u00fcnden ab. Denn du kannst nicht bestimmen, was Gott tun wird oder wann Gott sprechen wird. Du kannst nicht entscheiden, dass ein anderer Bote nicht in die Welt geschickt werden kann. Nur Arroganz und Torheit w\u00fcrden so etwas verk\u00fcnden.<\/p>\n<p>Ihr betretet eine neue Welt abnehmender Ressourcen, heftigen Wetters, ausbleibender Ernten und immenser biologischer und physischer Ver\u00e4nderung in der Welt, die durch die Dummheit, die Gier und den Missbrauch der Menschheit geschaffen wurde. Es ist eine Zeit wachsender Not, die mit jedem Tag eskaliert. Nur wenige Menschen sind sich dessen bewusst, was das wirklich bedeuten w\u00fcrde und wie sehr es ihre Umst\u00e4nde \u00e4ndern w\u00fcrde. Aber Gott wei\u00df es und die Offenbarung offenbart dies ganz klar.<\/p>\n<p>Welche Person in der Welt wei\u00df, was das Leben im Universum bedeutet, oder was Begegnungen dieser Art erfordern oder f\u00fcr die Menschheit bedeuten w\u00fcrden, und wie man bei einer solchen Begegnung den Freund vom Feind unterscheidet? Nur Gott wei\u00df es und Gott hat die Offenbarung gesandt, um euch dies zu offenbaren und um euch darauf vorzubereiten, denn nichts auf der Welt kann euch darauf vorbereiten.<\/p>\n<p>Menschen aller Nationen, Kulturen und religi\u00f6sen Traditionen h\u00f6rt den Ruf des Boten. Er ist derjenige, der das tun kann. Denn er ist von dem Engelsrat gesandt worden. Er ist kein gew\u00f6hnlicher Mensch. Er ist kein Gott, denn kein Mensch ist ein Gott. Aber er ist ein Mitglied des Engelsrats und er ist in der Welt. Denn alle gro\u00dfen Boten sind aus dem Engelsrat gekommen. Das ist es, was ihnen die Macht und die Verbundenheit gegeben hat, um die gro\u00dfen Offenbarungen zu bringen, die sie in die Welt gebracht haben.<\/p>\n<p>Du lebst jetzt in einer Zeit der Offenbarung. Es ist eine Zeit, die deinen Glauben, deinen Mut, deine Zuversicht, dein Vertrauen in dich und in andere in einer Weise, die nie zuvor gesehen wurde, herausfordern wird. Sogar die gro\u00dfen Kriege des vergangenen Jahrhunderts werden wenig bedeuten im Vergleich zu dem, was dir jetzt begegnen wird\u2014das Produkt des menschlichen Missbrauchs der Welt durch die Menschheit.<\/p>\n<p>Nur Gott kann dir den Weg zeigen. Denn bisher war die Menschheit nicht in der Lage, ihr Verhalten zu korrigieren. Nur Gott kann dir einen Weg zu einer gr\u00f6\u00dferen Zukunft f\u00fcr die menschliche Familie zeigen, denn die Menschen k\u00f6nnen dies nicht f\u00fcr sich selbst erfinden.<\/p>\n<p>Daf\u00fcr musst du sehen, dass Gott viel gr\u00f6\u00dfer ist, als du zuvor gedacht hast\u2014ein Gott unz\u00e4hliger Rassen im Universum, ein Gott eines Reiches des Lebens, das so umfassend ist, dass dein Intellekt es kaum oder gar nicht ergr\u00fcnden kann.<\/p>\n<p>Das ist der Gott, der dich durch deine Spirituelle Familie in die Welt gesandt hat. Das ist der Gott, der Kenntnis in dich gelegt hat, dich zu f\u00fchren und dir Weisheit jenseits der Welt gegeben hat. Das ist der Gott, der dir deine wahre Integrit\u00e4t, deine tiefere Natur und deinen wirklichen Zweck zur\u00fcckgeben wird, der dich in die Welt unter den Umst\u00e4nden gebracht hat, die du zu leugnen oder zu vermeiden versuchst.<\/p>\n<p>Menschen aller Nationen, Kulturen und Glaubenstraditionen h\u00f6rt den Ruf des Boten, denn es ist der Ruf Gottes. Er ist der Bote. Aber er ist nicht nur hier, um die Botschaft zu \u00fcberbringen, sondern ihr Vertreter und F\u00fcrsprecher zu sein. Dies ist dadurch bedingt, wer er ist und woher er gekommen ist.<\/p>\n<p>Es gibt niemanden auf der Welt, der Gottes Offenbarung ergreifen und f\u00fcr sich selbst verwenden kann, denn niemand hat die Macht oder die Verbundenheit, um dies zu tun. Und der Himmel wird eine solche Person nicht ehren, egal was sie f\u00fcr sich selbst verk\u00fcndigt.<\/p>\n<p>Nur einer wurde gesandt. Denn das ist der Weg der Dinge. Nur einer ist gesandt worden und er ist in der Welt, und er ruft dir zu. Er ruft dir mit seiner Stimme zu, und er ruft dir durch die Offenbarung selbst zu, die der Welt so schnell wie m\u00f6glich zur Verf\u00fcgung gestellt wird.<\/p>\n<p>Der Bote ist ein bescheidener Mann. Er hat keine Stellung in der Welt. Er hat eine Vorbereitung durchlaufen, die anders als alles ist, was du dir f\u00fcr eine gr\u00f6\u00dfere Berufung und eine gr\u00f6\u00dfere Mission hier auf der Erde vorstellen kannst. Aber er muss zu den Menschen der Erde sprechen und so viele wie m\u00f6glich in seinen verbleibenden Jahren erreichen.<\/p>\n<p>Das ist sein Ruf an dich. Das ist deine Herausforderung. Kannst du dem Licht der Offenbarung begegnen? Kannst du f\u00fcr die Neue Offenbarung Gottes f\u00fcr die Welt empf\u00e4nglich sein? Kannst du es dir zu Herzen nehmen und es in deinem Leben anwenden? Denn es wird dir jetzt so viel geben, bei allem, was du tust und allem, was du brauchst.<\/p>\n<p>Gott hat die Offenbarung der Welt gegeben, und gleichzeitig bietet sie die Wiederherstellung f\u00fcr jede Person, die sie empfangen und sie in ihrem Leben anwenden kann. Nur das Genie des Sch\u00f6pfers k\u00f6nnte das tun. Nur das Genie des Sch\u00f6pfers k\u00f6nnte mit Menschen jeder Nation, jeder Kultur und jeder Glaubenstradition durch die Neue Offenbarung sprechen.<\/p>\n<p>Der Segen liegt auf euch. Der Bote ruft dich, ihn zu empfangen. Der Bote ruft dich, ehrlich und empf\u00e4nglich zu sein. Der Bote ruft dich, deine \u00dcberzeugungen und deine Ermahnungen aufzugeben, damit du f\u00fcr die Offenbarung empf\u00e4nglich sein kannst. Wenn du das nicht kannst, kann dir Gott nicht helfen. Gott kann dich nicht unterst\u00fctzen.<\/p>\n<p>Denn Gott ist noch in der Welt gegenw\u00e4rtig und Gottes Offenbarung f\u00fcr die Menschheit ist jetzt erneut gekommen.<\/p>\n","protected":false},"excerpt":{"rendered":"<p>Gott hat einen Boten in die Welt gesandt, vom Engelsrat ist er gesandt worden. Er ist der erste Bote, der seit den Tagen Mohammeds kommt. Und es wird eine sehr lange Zeit dauern, bis ein anderer gesandt wird. Seine Rolle ist so wichtig. Er bringt etwas in die Welt, das noch nie hierher gebracht wurde\u2026 <a class=\"read-more\" href=\"https:\/\/www.v6.newmessage.org\/de\/about-recording-shortcode\/\"><span>Read More<\/span><\/a><\/p>\n","protected":false},"author":31,"featured_media":0,"parent":16489,"menu_order":5,"comment_status":"closed","ping_status":"closed","template":"template-leftsidebar.php","meta":{"_monsterinsights_skip_tracking":false,"_monsterinsights_sitenote_active":false,"_monsterinsights_sitenote_note":"","_monsterinsights_sitenote_category":0,"footnotes":""},"categories":[490,76,119,465,460],"tags":[1012,1013,696,669],"_links":{"self":[{"href":"https:\/\/www.v6.newmessage.org\/de\/wp-json\/wp\/v2\/pages\/21190"}],"collection":[{"href":"https:\/\/www.v6.newmessage.org\/de\/wp-json\/wp\/v2\/pages"}],"about":[{"href":"https:\/\/www.v6.newmessage.org\/de\/wp-json\/wp\/v2\/types\/page"}],"author":[{"embeddable":true,"href":"https:\/\/www.v6.newmessage.org\/de\/wp-json\/wp\/v2\/users\/31"}],"replies":[{"embeddable":true,"href":"https:\/\/www.v6.newmessage.org\/de\/wp-json\/wp\/v2\/comments?post=21190"}],"version-history":[{"count":9,"href":"https:\/\/www.v6.newmessage.org\/de\/wp-json\/wp\/v2\/pages\/21190\/revisions"}],"predecessor-version":[{"id":27971,"href":"https:\/\/www.v6.newmessage.org\/de\/wp-json\/wp\/v2\/pages\/21190\/revisions\/27971"}],"up":[{"embeddable":true,"href":"https:\/\/www.v6.newmessage.org\/de\/wp-json\/wp\/v2\/pages\/16489"}],"wp:attachment":[{"href":"https:\/\/www.v6.newmessage.org\/de\/wp-json\/wp\/v2\/media?parent=21190"}],"wp:term":[{"taxonomy":"category","embeddable":true,"href":"https:\/\/www.v6.newmessage.org\/de\/wp-json\/wp\/v2\/categories?post=21190"},{"taxonomy":"post_tag","embeddable":true,"href":"https:\/\/www.v6.newmessage.org\/de\/wp-json\/wp\/v2\/tags?post=21190"}],"curies":[{"name":"wp","href":"https:\/\/api.w.org\/{rel}","templated":true}]}}