{"id":16492,"date":"2014-10-29T23:53:02","date_gmt":"2014-10-29T23:53:02","guid":{"rendered":"http:\/\/www.newmessage.org\/?page_id=16492"},"modified":"2021-05-24T00:40:45","modified_gmt":"2021-05-24T00:40:45","slug":"die-reine-religion","status":"publish","type":"page","link":"https:\/\/www.v6.newmessage.org\/de\/die-botschaft\/band-1\/die-reine-religion\/","title":{"rendered":"Die Reine Religion"},"content":{"rendered":"<p><img decoding=\"async\" class=\"alignright size-large wp-image-43970 imgborder\" src=\"https:\/\/www.newmessage.org\/wp-content\/uploads\/2019\/12\/tpr_cover_online-400x600.jpg\" alt=\"The Pure Religion\" \/><\/p>\n<p><em>Die Reine Religion<\/em>\u00a0ist ein Buch der Offenbarung, die von Gott gegeben wurde, um erneut das tiefere Herz und die Bedeutung der Weltreligionen und die Macht und Pr\u00e4senz Gottes zu enth\u00fcllen. Es spricht zu allen Menschen aller Glaubenstraditionen in der Welt zu dieser Zeit.<\/p>\n<p><em>Die Reine Religion<\/em>\u00a0 ist der zeitlose Weg des Erwachens, der Erl\u00f6sung und der R\u00fcckkehr zum Sch\u00f6pfer, eingeleitet von Gott zu Beginn der\u00a0Trennung\u00a0und dann eingef\u00fchrt in alle Welten im Universum, in denen intelligentes Leben existiert.\u00a0<em>Die Reine Religion<\/em>\u00a0ist Gottes Antwort auf die Trag\u00f6die und das Leid, welche das Leben in einem Zustand der Trennung von Gott in der Geschichte der Religion in dieser Welt geschaffen hat. Es ist die lebende Kommunikation von Gott an alles Leben, die all jene ruft, die noch in Trennung leben, um zur Einheit Gottes zur\u00fcckzukehren und einen Weg der R\u00fcckkehr zu bieten.<\/p>\n<p>Gott hat erneut gesprochen und der Menschheit eine neue Offenbarung dargebracht. Diese Offenbarung ist eine direkte Reflektion der reinen Spiritualit\u00e4t, die das Herz aller Weltreligionen ist.<\/p>\n<p>Die Neue Botschaft verk\u00fcndet, dass niemand beanspruchen kann, dass seine Religion die einzige wahre Religion ist. Stattdessen gibt es den reinen und mysteri\u00f6sen Ruf Gottes an jede Person in der Welt. Dieser Ruf geht an alle Menschen, gleichg\u00fcltig ob sie Christen, Muslime, Juden, Buddhisten, Personen eines anderen Glaubens oder eine Person ohne einen bestimmten Glauben sind. Dies ist eine innere Berufung, eine Berufung an jede Person, \u00fcber die Grenzen des Glaubens hinauszugehen und ein Leben der tieferen Erfahrung, einer gr\u00f6\u00dferen Beziehung und eines h\u00f6heren Zwecks in der Welt zu betreten<\/p>\n<p>Eine Neue Botschaft von Gott ist in die Welt gekommen. Sie ist ein Ausdruck der zeitlosen reinen Verbindung zu Gott, wie sie w\u00e4hrend der gesamten menschlichen Geschichte bestanden hat und seit Anbeginn des manifesten Universums. Die Menschheit hat nun direkten Zugang zu dieser reinen Erfahrung, ungehindert durch menschliches Missverst\u00e4ndnis, Autorit\u00e4t und Korruption. Sie ist nun erneut in die Welt eingetreten.<\/p>\n<p><em>Die Reine Religion\u00a0ist das achte Buch von\u00a0<a href=\"https:\/\/neuebotschaft.org\/die-botschaft\/band-1\/\">Band 1<\/a>\u00a0der Neuen Botschaft von Gott.<\/em><\/p>\n<p style=\"text-align: left;\"><div class=\"toggle toggle-white\"><h4 class=\"trigger \"><span class=\"t_ico\"><\/span><a href=\"#\">Lies Mehr \u00dcber die Bibliothek der Neuen Botschaft<\/a><\/h4><div class=\"toggle_container \"><br \/>\n<div data-post-id='24520' class='insert-page insert-page-24520 '><p>Die Neue Botschaft von Gott wird letzten Endes in sechs einzelnen B\u00e4nden enthalten sein. Jeder Band enth\u00e4lt zwei oder mehr B\u00fccher und jedes Buch ist in Kapitel aufgeteilt.<\/p>\n<p>Daher k\u00f6nnte der zuk\u00fcnftige Aufbau der Neuen Botschaft von Gott folgenderma\u00dfen zum Ausdruck kommen:<\/p>\n<div id=\"attachment_24097\" style=\"width: 227px\" class=\"wp-caption alignright\"><a href=\"https:\/\/www.newmessage.org\/wp-content\/uploads\/2015\/08\/Volumes-Books-InfoGraphic.001.jpg\"><img loading=\"lazy\" decoding=\"async\" aria-describedby=\"caption-attachment-24097\" class=\"imgborder \" src=\"https:\/\/www.newmessage.org\/wp-content\/uploads\/2015\/08\/Volumes-Books-InfoGraphic.001.jpg\" alt=\"The New Message One Book\" width=\"217\" height=\"234\" \/><\/a><p id=\"caption-attachment-24097\" class=\"wp-caption-text\">Das Eine Buch der Neuen Botschaft<\/p>\n<p>Die NEUE BOTSCHAFT VON GOTT enth\u00e4lt<br \/>\n\t6 B\u00c4NDE<br \/>\nwelche insgesamt enthalten:<br \/>\n          25+ B\u00dcCHER<br \/>\nJedes Buch ist in KAPITEL unterteilt<br \/>\nJedes Kapitel ist in VERSE unterteilt<\/p>\n<p><\/p><\/div>\n<p><strong>Band &gt; Buch &gt; Kapitel &gt; Vers<br \/>\n<\/strong><\/p>\n<p>Die Neue Botschaft von Gott enth\u00e4lt den gr\u00f6\u00dften Gesamtumfang einer Offenbarung, die jemals der Welt gegeben worden ist. Sie spricht nahezu jeden Aspekt unseres Lebens an und stellt dabei neue Realit\u00e4ten vor, die niemals vorher aufgedeckt worden sind. Die Society (\u201eThe Society for the New Message from God\u201c \u2013 \u201eDie Gesellschaft f\u00fcr die Neue Botschaft von Gott\u201c) bem\u00fcht sich, so viele B\u00fccher der Neuen Botschaft und gesprochene Offenbarungen wie m\u00f6glich f\u00fcr die Welt verf\u00fcgbar und zug\u00e4nglich zu machen.<\/p>\n<p>Gegenw\u00e4rtig ist die Society in der Lage, eine gro\u00dfe Anzahl von Originalaufzeichnungen der Stimme der Offenbarung anzubieten. Hier werdet ihr aufgefordert, die Macht und das Mysterium der \u201cStimme\u201d zu erfahren, wie sie urspr\u00fcnglich durch den Boten im Zustand der Offenbarung gesprochen hat. Niemals vorher war es m\u00f6glich, die originale Stimme der Offenbarung zu h\u00f6ren. <\/p>\n<p>Die Zusammenstellung der Neuen Botschaft ist ein laufendes Unterfangen, das \u00fcber einen ausgedehnten Zeitraum verwirklicht wird. Zus\u00e4tzlich wird die Offenbarung bis zum heutigen Tag fortgesetzt, wobei jedes Jahr neue Lehren verk\u00fcndet werden. Infolgedessen wird sich die Auswahl der Lehren in jedem Buch wahrscheinlich \u00e4ndern k\u00f6nnen. Damit k\u00f6nnte sich auch der Titel der B\u00fccher \u00e4ndern, um das Wachstum jedes Buches zu reflektieren. Ihr lebt in einer Zeit der Offenbarung und seid Zeuge, wie sich der Prozess der Offenbarung vor euch entfaltet.<\/p>\n<p><strong>B\u00fccher Online<\/strong><br \/>\nDie Society bem\u00fcht sich, die Neue Botschaft der Welt kostenlos online zur Verf\u00fcgung zu stellen. Gegenw\u00e4rtig ist eine Anzahl von B\u00fcchern der Neuen Botschaft kostenlos unter www.newmessage.org verf\u00fcgbar (deutsche \u00dcbersetzungen unter www.NeueBotschaft.org). Erforsche die <a href=\"https:\/\/www.newmessage.org\/the-message\">library of free online books<\/a> (Bibliothek der kostenlosen online-B\u00fccher).<\/p>\n<p><strong>Print-B\u00fccher<\/strong><br \/>\nDie Society bietet gegenw\u00e4rtig einige der B\u00fccher der Neuen Botschaft in gedruckter Form an. Jedoch ist die Society aufgrund des immensen Umfangs der Neuen Botschaft derzeit noch nicht in der Lage, die gesamten sechs B\u00e4nde der Neuen Botschaft in gedruckter Form zu ver\u00f6ffentlichen. Um eine gedruckte Ausgabe der gegenw\u00e4rtig verf\u00fcgbaren B\u00fccher zu erwerben, besuche bitte den <a href=\"http:\/\/newknowledgelibrary.org\/\">New Knowledge Library Store<\/a>.<\/p>\n<p><strong>CD und mp3 Audio<\/strong><br \/>\nBestimmte Offenbarungen, die sich auf das Studium der Neuen Botschaft beziehen, sind als k\u00e4ufliche CDs oder mp3s erh\u00e4ltlich. Aufgrund der finanziellen M\u00f6glichkeiten, die gesamte Welt mit der Neuen Botschaft zu erreichen, bietet die <a href=\"http:\/\/www.neuebotschaft.org\/weltweite-gemeinschaft\/gesellschaft\">Society<\/a>\u00a0bestimmte Lehren zu bescheidenen Kosten im\u00a0<a href=\"http:\/\/newknowledgelibrary.org\/\">New Knowledge Library Store<\/a> zum Kauf an.<\/p>\n<p><strong>Das Free Book Project<\/strong><br \/>\nBei gr\u00f6\u00dferer finanzieller Unterst\u00fctzung wird die Society in der Lage sein, weitere dieser Weisheitslehren kostenlos online verf\u00fcgbar zu machen. Zus\u00e4tzlich bietet die Society in das <a href=\"https:\/\/www.newmessage.org\/the-message\/free-book-project\">Free Book Project<\/a> kostenlose pers\u00f6nliche Exemplare der gegenw\u00e4rtig verf\u00fcgbaren B\u00fccher, eBooks und mp3s der Offenbarungen der Neuen Botschaft jenen Personen an, die nicht die Mittel haben, sie zu erwerben. Wir fordern Sie zu einer <a href=\"http:\/\/www.neuebotschaft.org\/weltweite-gemeinschaft\/gesellschaft\/unterstutzen-sie-die-neue-botschaft\">Schenkung<\/a> auf, um das Free Book Project zu unterst\u00fctzen, so dass mehr und mehr Bed\u00fcrftige Zugang zur Neuen Botschaft von Gott haben k\u00f6nnen.<\/p>\n<p><strong>Zuk\u00fcnftige Ver\u00f6ffentlichungen<\/strong><br \/>\nDie Society wird weiterhin ihre Vision verfolgen, die gesamte Neue Botschaft von Gott zu ver\u00f6ffentlichen, sowohl in ihren B\u00fcchern und B\u00e4nden als auch vielleicht eines Tages als ein einziges Buch, einfach genannt: \u201cDie Neue Botschaft von Gott.\u201d Dies ist ein enormes Unterfangen, wozu die Society Ihren Beitrag und Ihre Beteiligung ben\u00f6tigt. Bitte erw\u00e4gen Sie, <a href=\"http:\/\/www.neuebotschaft.org\/weltweite-gemeinschaft\/gesellschaft\/unterstutzen-sie-die-neue-botschaft\">eine Schenkung<\/a> vorzunehmen oder <a href=\"http:\/\/www.neuebotschaft.org\/weltweite-gemeinschaft\/gesellschaft\/unterstutzen-sie-die-neue-botschaft\">eine S\u00e4ule der Neuen Botschaft<\/a> zu werden, um diese heilige Sache zu unterst\u00fctzen. Wir danken Ihnen f\u00fcr Ihre Unterst\u00fctzung.<\/p>\n<\/div><br \/>\n<\/div><\/div>\n<div class=\"background-color-bridesmaid padding-20\">\n<h2 style=\"text-align: left;\"><span style=\"color: #525252;\">Inhaltsverzeichnis<\/span><\/h2>\n<p>Kapitel 1:\u00a0<a href=\"https:\/\/www.neuebotschaft.org\/die-botschaft\/band-1\/die-reine-religion\/die-reine-religion\/\" target=\"_blank\" rel=\"noopener noreferrer\" data-saferedirecturl=\"https:\/\/www.google.com\/url?q=https:\/\/www.neuebotschaft.org\/die-botschaft\/band-1\/die-reine-religion\/die-reine-religion\/&amp;source=gmail&amp;ust=1580772411515000&amp;usg=AFQjCNEZkBM8mUSBki7RItlkQZ_ruRR7zA\">Die Reine Religion<\/a><\/p>\n<p>Kapitel 2:\u00a0<a href=\"https:\/\/www.neuebotschaft.org\/die-botschaft\/band-1\/die-reine-religion\/der-grose-glauben\/\" target=\"_blank\" rel=\"noopener noreferrer\" data-saferedirecturl=\"https:\/\/www.google.com\/url?q=https:\/\/www.neuebotschaft.org\/die-botschaft\/band-1\/die-reine-religion\/der-grose-glauben\/&amp;source=gmail&amp;ust=1580772411515000&amp;usg=AFQjCNEWA7crxFWGUU3as6XvxYAd62VNEw\">Der Gro\u00dfe Glauben<\/a><\/p>\n<p>Kapitel 3: <a href=\"https:\/\/www.newmessage.org\/de\/die-botschaft\/band-1\/die-reine-religion\/das-heilige\/\">Das Heilige<\/a><\/p>\n<p>Kapitel 4: <a href=\"https:\/\/www.newmessage.org\/de\/die-botschaft\/band-1\/die-reine-religion\/gottes-uralter-bund-mit-der-menschheit\/\">Gottes Uralter Bund mit der Menschheit<\/a><\/p>\n<p>Kapitel 5: <a href=\"https:\/\/www.newmessage.org\/de\/die-botschaft\/band-1\/die-reine-religion\/der-zweck-der-religion\/\">Der Zweck der Religion<\/a><\/p>\n<p>Kapitel 6:\u00a0<a href=\"https:\/\/www.neuebotschaft.org\/die-botschaft\/band-1\/die-reine-religion\/gottes-neue-botschaft-fur-die-weltreligionen\/\" target=\"_blank\" rel=\"noopener noreferrer\" data-saferedirecturl=\"https:\/\/www.google.com\/url?q=https:\/\/www.neuebotschaft.org\/die-botschaft\/band-1\/die-reine-religion\/gottes-neue-botschaft-fur-die-weltreligionen\/&amp;source=gmail&amp;ust=1580772411515000&amp;usg=AFQjCNEwZ0sR3-MmzSkPymsH_rBLmxM7WQ\">Gottes Neue Botschaft f\u00fcr die Weltreligionen<\/a><\/p>\n<p>Kapitel 7:\u00a0<a href=\"https:\/\/www.neuebotschaft.org\/die-botschaft\/band-1\/die-reine-religion\/religioser-fundamentalismus\/\" target=\"_blank\" rel=\"noopener noreferrer\" data-saferedirecturl=\"https:\/\/www.google.com\/url?q=https:\/\/www.neuebotschaft.org\/die-botschaft\/band-1\/die-reine-religion\/religioser-fundamentalismus\/&amp;source=gmail&amp;ust=1580772411515000&amp;usg=AFQjCNEiGmyIb1gRInJd4xsx6bHUosCOOA\">Religi\u00f6ser Fundamentalismus<\/a><\/p>\n<p>Kapitel 8:\u00a0<a href=\"https:\/\/www.neuebotschaft.org\/die-botschaft\/band-1\/die-reine-religion\/religiose-gewalt\/\" target=\"_blank\" rel=\"noopener noreferrer\" data-saferedirecturl=\"https:\/\/www.google.com\/url?q=https:\/\/www.neuebotschaft.org\/die-botschaft\/band-1\/die-reine-religion\/religiose-gewalt\/&amp;source=gmail&amp;ust=1580772411515000&amp;usg=AFQjCNE_q13J3KXv1QgK7Yf-8XxUMIIA7A\">Religi\u00f6se Gewalt<\/a><\/p>\n<p>Kapitel 9: <a href=\"https:\/\/www.newmessage.org\/de\/die-botschaft\/band-1\/die-reine-religion\/himmel-und-holle\/\">Himmel und H\u00f6lle<\/a><\/p>\n<p>Kapitel 10: <a href=\"https:\/\/www.newmessage.org\/de\/die-botschaft\/band-1\/die-reine-religion\/sunde-irrtum-und-erlosung\/\">S\u00fcnde, Irrtum und Erl\u00f6sung<\/a><\/p>\n<p>Kapitel 11: <a href=\"https:\/\/www.newmessage.org\/de\/die-botschaft\/band-1\/die-reine-religion\/das-wunder\/\">Das Wunder<\/a><\/p>\n<p>Kapitel 12: <a href=\"https:\/\/www.newmessage.org\/de\/die-botschaft\/band-1\/die-reine-religion\/spirituellen-familien-und-der-plan-gottes\/\">Die Spirituellen Familien und der Plan Gottes<\/a><\/p>\n<p>Kapitel 13: <a href=\"https:\/\/www.newmessage.org\/de\/die-botschaft\/band-1\/die-reine-religion\/der-erloser\/\">Der Erl\u00f6ser<\/a><\/p>\n<\/div>\n","protected":false},"excerpt":{"rendered":"<p>Die Reine Religion\u00a0ist ein Buch der Offenbarung, die von Gott gegeben wurde, um erneut das tiefere Herz und die Bedeutung der Weltreligionen und die Macht und Pr\u00e4senz Gottes zu enth\u00fcllen. Es spricht zu allen Menschen aller Glaubenstraditionen in der Welt zu dieser Zeit. Die Reine Religion\u00a0 ist der zeitlose Weg des Erwachens, der Erl\u00f6sung und\u2026 <a class=\"read-more\" href=\"https:\/\/www.v6.newmessage.org\/de\/more-about-the-volumes\/\"><span>Read More<\/span><\/a><\/p>\n","protected":false},"author":1,"featured_media":0,"parent":16287,"menu_order":1,"comment_status":"closed","ping_status":"closed","template":"template-leftsidebar.php","meta":{"_monsterinsights_skip_tracking":false,"_monsterinsights_sitenote_active":false,"_monsterinsights_sitenote_note":"","_monsterinsights_sitenote_category":0,"footnotes":""},"categories":[466,460],"tags":[745,1160,746,687,599],"_links":{"self":[{"href":"https:\/\/www.v6.newmessage.org\/de\/wp-json\/wp\/v2\/pages\/16492"}],"collection":[{"href":"https:\/\/www.v6.newmessage.org\/de\/wp-json\/wp\/v2\/pages"}],"about":[{"href":"https:\/\/www.v6.newmessage.org\/de\/wp-json\/wp\/v2\/types\/page"}],"author":[{"embeddable":true,"href":"https:\/\/www.v6.newmessage.org\/de\/wp-json\/wp\/v2\/users\/1"}],"replies":[{"embeddable":true,"href":"https:\/\/www.v6.newmessage.org\/de\/wp-json\/wp\/v2\/comments?post=16492"}],"version-history":[{"count":64,"href":"https:\/\/www.v6.newmessage.org\/de\/wp-json\/wp\/v2\/pages\/16492\/revisions"}],"predecessor-version":[{"id":29253,"href":"https:\/\/www.v6.newmessage.org\/de\/wp-json\/wp\/v2\/pages\/16492\/revisions\/29253"}],"up":[{"embeddable":true,"href":"https:\/\/www.v6.newmessage.org\/de\/wp-json\/wp\/v2\/pages\/16287"}],"wp:attachment":[{"href":"https:\/\/www.v6.newmessage.org\/de\/wp-json\/wp\/v2\/media?parent=16492"}],"wp:term":[{"taxonomy":"category","embeddable":true,"href":"https:\/\/www.v6.newmessage.org\/de\/wp-json\/wp\/v2\/categories?post=16492"},{"taxonomy":"post_tag","embeddable":true,"href":"https:\/\/www.v6.newmessage.org\/de\/wp-json\/wp\/v2\/tags?post=16492"}],"curies":[{"name":"wp","href":"https:\/\/api.w.org\/{rel}","templated":true}]}}