{"id":16486,"date":"2014-10-29T23:48:58","date_gmt":"2014-10-29T23:48:58","guid":{"rendered":"http:\/\/www.newmessage.org\/?page_id=16486"},"modified":"2019-06-26T03:26:18","modified_gmt":"2019-06-26T03:26:18","slug":"die-grosere-gemeinschaft","status":"publish","type":"page","link":"https:\/\/www.v6.newmessage.org\/de\/die-botschaft\/band-1\/die-grosere-gemeinschaft\/","title":{"rendered":"Die Gr\u00f6\u00dfere Gemeinschaft"},"content":{"rendered":"<p><img loading=\"lazy\" decoding=\"async\" width=\"200\" height=\"300\" class=\"alignright size-medium wp-image-28584 imgborder\" src=\"https:\/\/www.newmessage.org\/de\/wp-content\/uploads\/sites\/48\/2018\/04\/The-Greater-Community-UFOs-Alien-Contact-400x600-200x300.png\" alt=\"\" srcset=\"https:\/\/www.v6.newmessage.org\/de\/wp-content\/uploads\/sites\/48\/2018\/04\/The-Greater-Community-UFOs-Alien-Contact-400x600-200x300.png 200w, https:\/\/www.v6.newmessage.org\/de\/wp-content\/uploads\/sites\/48\/2018\/04\/The-Greater-Community-UFOs-Alien-Contact-400x600.png 400w\" sizes=\"(max-width: 200px) 100vw, 200px\" \/><\/p>\n<p>Unsere Welt steigt auf in eine Gr\u00f6\u00dfere Gemeinschaft des intelligenten Lebens im Universum.<br \/>\nDie Menschheit steigt auf in eine Gr\u00f6\u00dfere Gemeinschaft der Welten. Der Kontakt hat begonnen und unsere Isolierung im Universum ist vor\u00fcber. Dies ist das gr\u00f6\u00dfte Ereignis in der menschlichen Geschichte und doch sind wir uns dessen nicht bewusst und unvorbereitet.<br \/>\nDie Menschheit hat eine kritische Schwelle in ihrer Evolution erreicht, eine Zeit der Ann\u00e4herung, wenn enorme politische, soziale und Umweltkr\u00e4fte mit der Realit\u00e4t des au\u00dferirdischen Kontakts kollidieren.<br \/>\n<em>Die Gr\u00f6\u00dfere Gemeinschaft<\/em> stellt eine revolution\u00e4re Sammlung von Lehren vor, um die Menschen \u00fcberall auf den gro\u00dfen Wandel vorzubereiten, der nun im Gange ist und um die klare und unverf\u00e4lschte Wahrheit \u00fcber die Realit\u00e4t des Kontaktes vorzulegen, der in der heutigen Welt stattfindet.<\/p>\n<p><em>Die Gr\u00f6\u00dfere Gemeinschaft deckt<\/em> auf:<br \/>\n\u2013 Wer besucht unsere Welt, warum sind sie hier und was wollen sie<br \/>\n\u2013 Den au\u00dferirdischen Vorgehensplan, der in der Welt wirkt und wie er sich auf die Menschen \u00fcberall auswirkt<br \/>\n\u2013 Wer sind die wahren Verb\u00fcndeten der Menschheit und wie unterscheiden sie sich von jenen Kr\u00e4ften, die in unserer Welt intervenieren<br \/>\n\u2013 Die Beziehung zwischen unserer Kernspiritualit\u00e4t und dem Kontakt mit anderen Formen des intelligenten Lebens<br \/>\n\u2013 Wie bereitet man sich auf die Realit\u00e4t des Kontaktes unter Verwendung der angeborenen Macht der Kenntnis vor, die in uns lebt.<\/p>\n<p>Kontakt mit intelligentem Leben im Universum ist ein Weltereignis, wie es kein anderes gibt. Es ist der n\u00e4chste gro\u00dfe Schritt in der Entwicklung und Evolution der menschlichen Familie. Er ist nicht aufzuhalten. Er ist unvermeidlich. Er geschieht jetzt. Und es gibt andere Menschen rund um die Welt, die wissen, dass dies wahr ist\u2014dass au\u00dferirdisches Leben eine Realit\u00e4t ist und dass wir nicht allein im Universum sind, bzw. nicht einmal in unserer eigenen Welt.<br \/>\nDieses Buch ist hier, um dir ein komplettes Bild und eine gr\u00f6\u00dfere Perspektive des Zustands der Welt zu vermitteln, die Realit\u00e4t des Kontaktes und die gr\u00f6\u00dfere Bedeutung deines Lebens zu diesem kritischen Wendepunkt in der Geschichte.<br \/>\nDie hier pr\u00e4sentierten Offenbarungen wurden vom Boten <a href=\"https:\/\/www.newmessage.org\/de\/der-bote\/\">Marshall Vian Summers<\/a> in diesem Buch zusammengestellt. Weitere Offenbarungen und Prophezeiungen in Bezug auf die Gr\u00f6\u00dfere Gemeinschaft werden in dem Buch <em><a href=\"https:\/\/www.newmessage.org\/de\/die-botschaft\/band-4\/leben-im-universum\/\">Leben im Universum<\/a><\/em> und in vielen anderen Texten in der gesamten Botschaft pr\u00e4sentiert.<\/p>\n<p>Die Gr\u00f6\u00dfere Gemeinschaft ist das vierte Buch von\u00a0<a href=\"https:\/\/www.newmessage.org\/de\/die-botschaft\/band-1\/\">Band 1<\/a> der Neuen Botschaft von Gott.<\/p>\n<p style=\"text-align: left\"><div class=\"toggle toggle-white\"><h4 class=\"trigger \"><span class=\"t_ico\"><\/span><a href=\"#\">Lies Mehr \u00dcber die Bibliothek der Neuen Botschaft<\/a><\/h4><div class=\"toggle_container \"><br \/>\n<div data-post-id='24520' class='insert-page insert-page-24520 '><p>Die Neue Botschaft von Gott wird letzten Endes in sechs einzelnen B\u00e4nden enthalten sein. Jeder Band enth\u00e4lt zwei oder mehr B\u00fccher und jedes Buch ist in Kapitel aufgeteilt.<\/p>\n<p>Daher k\u00f6nnte der zuk\u00fcnftige Aufbau der Neuen Botschaft von Gott folgenderma\u00dfen zum Ausdruck kommen:<\/p>\n<div id=\"attachment_24097\" style=\"width: 227px\" class=\"wp-caption alignright\"><a href=\"https:\/\/www.newmessage.org\/wp-content\/uploads\/2015\/08\/Volumes-Books-InfoGraphic.001.jpg\"><img loading=\"lazy\" decoding=\"async\" aria-describedby=\"caption-attachment-24097\" class=\"imgborder \" src=\"https:\/\/www.newmessage.org\/wp-content\/uploads\/2015\/08\/Volumes-Books-InfoGraphic.001.jpg\" alt=\"The New Message One Book\" width=\"217\" height=\"234\" \/><\/a><p id=\"caption-attachment-24097\" class=\"wp-caption-text\">Das Eine Buch der Neuen Botschaft<\/p>\n<p>Die NEUE BOTSCHAFT VON GOTT enth\u00e4lt<br \/>\n\t6 B\u00c4NDE<br \/>\nwelche insgesamt enthalten:<br \/>\n          25+ B\u00dcCHER<br \/>\nJedes Buch ist in KAPITEL unterteilt<br \/>\nJedes Kapitel ist in VERSE unterteilt<\/p>\n<p><\/p><\/div>\n<p><strong>Band &gt; Buch &gt; Kapitel &gt; Vers<br \/>\n<\/strong><\/p>\n<p>Die Neue Botschaft von Gott enth\u00e4lt den gr\u00f6\u00dften Gesamtumfang einer Offenbarung, die jemals der Welt gegeben worden ist. Sie spricht nahezu jeden Aspekt unseres Lebens an und stellt dabei neue Realit\u00e4ten vor, die niemals vorher aufgedeckt worden sind. Die Society (\u201eThe Society for the New Message from God\u201c \u2013 \u201eDie Gesellschaft f\u00fcr die Neue Botschaft von Gott\u201c) bem\u00fcht sich, so viele B\u00fccher der Neuen Botschaft und gesprochene Offenbarungen wie m\u00f6glich f\u00fcr die Welt verf\u00fcgbar und zug\u00e4nglich zu machen.<\/p>\n<p>Gegenw\u00e4rtig ist die Society in der Lage, eine gro\u00dfe Anzahl von Originalaufzeichnungen der Stimme der Offenbarung anzubieten. Hier werdet ihr aufgefordert, die Macht und das Mysterium der \u201cStimme\u201d zu erfahren, wie sie urspr\u00fcnglich durch den Boten im Zustand der Offenbarung gesprochen hat. Niemals vorher war es m\u00f6glich, die originale Stimme der Offenbarung zu h\u00f6ren. <\/p>\n<p>Die Zusammenstellung der Neuen Botschaft ist ein laufendes Unterfangen, das \u00fcber einen ausgedehnten Zeitraum verwirklicht wird. Zus\u00e4tzlich wird die Offenbarung bis zum heutigen Tag fortgesetzt, wobei jedes Jahr neue Lehren verk\u00fcndet werden. Infolgedessen wird sich die Auswahl der Lehren in jedem Buch wahrscheinlich \u00e4ndern k\u00f6nnen. Damit k\u00f6nnte sich auch der Titel der B\u00fccher \u00e4ndern, um das Wachstum jedes Buches zu reflektieren. Ihr lebt in einer Zeit der Offenbarung und seid Zeuge, wie sich der Prozess der Offenbarung vor euch entfaltet.<\/p>\n<p><strong>B\u00fccher Online<\/strong><br \/>\nDie Society bem\u00fcht sich, die Neue Botschaft der Welt kostenlos online zur Verf\u00fcgung zu stellen. Gegenw\u00e4rtig ist eine Anzahl von B\u00fcchern der Neuen Botschaft kostenlos unter www.newmessage.org verf\u00fcgbar (deutsche \u00dcbersetzungen unter www.NeueBotschaft.org). Erforsche die <a href=\"https:\/\/www.newmessage.org\/the-message\">library of free online books<\/a> (Bibliothek der kostenlosen online-B\u00fccher).<\/p>\n<p><strong>Print-B\u00fccher<\/strong><br \/>\nDie Society bietet gegenw\u00e4rtig einige der B\u00fccher der Neuen Botschaft in gedruckter Form an. Jedoch ist die Society aufgrund des immensen Umfangs der Neuen Botschaft derzeit noch nicht in der Lage, die gesamten sechs B\u00e4nde der Neuen Botschaft in gedruckter Form zu ver\u00f6ffentlichen. Um eine gedruckte Ausgabe der gegenw\u00e4rtig verf\u00fcgbaren B\u00fccher zu erwerben, besuche bitte den <a href=\"http:\/\/newknowledgelibrary.org\/\">New Knowledge Library Store<\/a>.<\/p>\n<p><strong>CD und mp3 Audio<\/strong><br \/>\nBestimmte Offenbarungen, die sich auf das Studium der Neuen Botschaft beziehen, sind als k\u00e4ufliche CDs oder mp3s erh\u00e4ltlich. Aufgrund der finanziellen M\u00f6glichkeiten, die gesamte Welt mit der Neuen Botschaft zu erreichen, bietet die <a href=\"http:\/\/www.neuebotschaft.org\/weltweite-gemeinschaft\/gesellschaft\">Society<\/a>\u00a0bestimmte Lehren zu bescheidenen Kosten im\u00a0<a href=\"http:\/\/newknowledgelibrary.org\/\">New Knowledge Library Store<\/a> zum Kauf an.<\/p>\n<p><strong>Das Free Book Project<\/strong><br \/>\nBei gr\u00f6\u00dferer finanzieller Unterst\u00fctzung wird die Society in der Lage sein, weitere dieser Weisheitslehren kostenlos online verf\u00fcgbar zu machen. Zus\u00e4tzlich bietet die Society in das <a href=\"https:\/\/www.newmessage.org\/the-message\/free-book-project\">Free Book Project<\/a> kostenlose pers\u00f6nliche Exemplare der gegenw\u00e4rtig verf\u00fcgbaren B\u00fccher, eBooks und mp3s der Offenbarungen der Neuen Botschaft jenen Personen an, die nicht die Mittel haben, sie zu erwerben. Wir fordern Sie zu einer <a href=\"http:\/\/www.neuebotschaft.org\/weltweite-gemeinschaft\/gesellschaft\/unterstutzen-sie-die-neue-botschaft\">Schenkung<\/a> auf, um das Free Book Project zu unterst\u00fctzen, so dass mehr und mehr Bed\u00fcrftige Zugang zur Neuen Botschaft von Gott haben k\u00f6nnen.<\/p>\n<p><strong>Zuk\u00fcnftige Ver\u00f6ffentlichungen<\/strong><br \/>\nDie Society wird weiterhin ihre Vision verfolgen, die gesamte Neue Botschaft von Gott zu ver\u00f6ffentlichen, sowohl in ihren B\u00fcchern und B\u00e4nden als auch vielleicht eines Tages als ein einziges Buch, einfach genannt: \u201cDie Neue Botschaft von Gott.\u201d Dies ist ein enormes Unterfangen, wozu die Society Ihren Beitrag und Ihre Beteiligung ben\u00f6tigt. Bitte erw\u00e4gen Sie, <a href=\"http:\/\/www.neuebotschaft.org\/weltweite-gemeinschaft\/gesellschaft\/unterstutzen-sie-die-neue-botschaft\">eine Schenkung<\/a> vorzunehmen oder <a href=\"http:\/\/www.neuebotschaft.org\/weltweite-gemeinschaft\/gesellschaft\/unterstutzen-sie-die-neue-botschaft\">eine S\u00e4ule der Neuen Botschaft<\/a> zu werden, um diese heilige Sache zu unterst\u00fctzen. Wir danken Ihnen f\u00fcr Ihre Unterst\u00fctzung.<\/p>\n<\/div><br \/>\n<\/div><\/div>\n<div class=\"background-color-bridesmaid padding-20\">\n<h2 style=\"text-align: left\"><span style=\"color: #525252\">Inhaltsverzeichnis<\/span><\/h2>\n<p><a href=\"https:\/\/www.newmessage.org\/de\/die-botschaft\/band-1\/die-grosere-gemeinschaft\/einleitung\/\">Einleitung<\/a><\/p>\n<p>Kapitel 1: <a href=\"https:\/\/www.neuebotschaft.org\/die-botschaft\/band-1\/die-grosere-gemeinschaft\/das-aufstreben-der-menschheit-in-die-grosere-gemeinschaft\/\">Das Aufstreben der Menschheit in die Gr\u00f6\u00dfere Gemeinschaft<\/a><\/p>\n<p>Kapitel 2: <a href=\"https:\/\/www.newmessage.org\/de\/die-botschaft\/band-1\/die-grosere-gemeinschaft\/kontakt-mit-intelligentem-leben-im-universum\/\">Kontakt mit Intelligentem Leben im Universum<\/a><\/p>\n<p>Kapitel 3: <a href=\"https:\/\/www.newmessage.org\/de\/die-botschaft\/band-1\/die-grosere-gemeinschaft\/begegnung-mit-der-groseren-gemeinschaft\/\">Begegnung mit der Gr\u00f6\u00dferen Gemeinschaft<\/a><\/p>\n<p>Kapitel 4:\u00a0<a href=\"https:\/\/www.newmessage.org\/de\/die-botschaft\/band-1\/die-grosere-gemeinschaft\/eintritt-in-die-grosere-gemeinschaft\/\">Eintritt in die Gr\u00f6\u00dfere Gemeinschaft<\/a><\/p>\n<p>Kapitel 5: <a href=\"https:\/\/www.newmessage.org\/de\/die-botschaft\/band-1\/die-grosere-gemeinschaft\/wer-sind-die-verbundeten-der-menschheit\/\">Wer sind die Verb\u00fcndeten der Menschheit<\/a><\/p>\n<p>Kapitel 6: <a href=\"https:\/\/neuebotschaft.org\/die-botschaft\/band-1\/die-grosere-gemeinschaft\/die-feinde-der-menschheit\/\">Die Feinde der Menschheit<\/a><\/p>\n<p>Kapitel 7: <a href=\"https:\/\/www.newmessage.org\/de\/die-botschaft\/band-1\/die-grosere-gemeinschaft\/die-bestimmung-der-menschheit-in-der-groseren-gemeinschaft\/\">Die Bestimmung der Menschheit in der Gr\u00f6\u00dferen Gemeinschaft<\/a><\/p>\n<p>Kapitel 8: <a href=\"https:\/\/www.newmessage.org\/de\/die-botschaft\/band-1\/die-grosere-gemeinschaft\/vorbereitung-auf-die-grosere-gemeinschaft\/\">Vorbereitung auf die Gr\u00f6\u00dfere Gemeinschaft<\/a><\/p>\n<p>Kapitel 9: <a href=\"https:\/\/www.newmessage.org\/de\/die-botschaft\/band-1\/die-grosere-gemeinschaft\/schutz-der-welt\/\">Schutz der Welt<\/a><\/p>\n<p>Kapitel 10: <a href=\"https:\/\/www.newmessage.org\/de\/die-botschaft\/band-1\/die-grosere-gemeinschaft\/die-bedeutung-der-groseren-gemeinschaft\/\">Die Bedeutung der Gr\u00f6\u00dferen Gemeinschaft<\/a><\/p>\n<p>Kapitel 11: <a href=\"https:\/\/www.newmessage.org\/de\/die-botschaft\/band-1\/die-grosere-gemeinschaft\/die-neue-offenbarung\/\">Die Neue Offenbarung<\/a><\/p>\n<\/div>\n","protected":false},"excerpt":{"rendered":"<p>Unsere Welt steigt auf in eine Gr\u00f6\u00dfere Gemeinschaft des intelligenten Lebens im Universum. Die Menschheit steigt auf in eine Gr\u00f6\u00dfere Gemeinschaft der Welten. Der Kontakt hat begonnen und unsere Isolierung im Universum ist vor\u00fcber. Dies ist das gr\u00f6\u00dfte Ereignis in der menschlichen Geschichte und doch sind wir uns dessen nicht bewusst und unvorbereitet. Die Menschheit\u2026 <a class=\"read-more\" href=\"https:\/\/www.v6.newmessage.org\/de\/more-about-the-volumes\/\"><span>Read More<\/span><\/a><\/p>\n","protected":false},"author":1,"featured_media":0,"parent":16287,"menu_order":0,"comment_status":"closed","ping_status":"closed","template":"template-leftsidebar.php","meta":{"_monsterinsights_skip_tracking":false,"_monsterinsights_sitenote_active":false,"_monsterinsights_sitenote_note":"","_monsterinsights_sitenote_category":0,"footnotes":""},"categories":[464,460],"tags":[742,686,741],"_links":{"self":[{"href":"https:\/\/www.v6.newmessage.org\/de\/wp-json\/wp\/v2\/pages\/16486"}],"collection":[{"href":"https:\/\/www.v6.newmessage.org\/de\/wp-json\/wp\/v2\/pages"}],"about":[{"href":"https:\/\/www.v6.newmessage.org\/de\/wp-json\/wp\/v2\/types\/page"}],"author":[{"embeddable":true,"href":"https:\/\/www.v6.newmessage.org\/de\/wp-json\/wp\/v2\/users\/1"}],"replies":[{"embeddable":true,"href":"https:\/\/www.v6.newmessage.org\/de\/wp-json\/wp\/v2\/comments?post=16486"}],"version-history":[{"count":57,"href":"https:\/\/www.v6.newmessage.org\/de\/wp-json\/wp\/v2\/pages\/16486\/revisions"}],"predecessor-version":[{"id":28654,"href":"https:\/\/www.v6.newmessage.org\/de\/wp-json\/wp\/v2\/pages\/16486\/revisions\/28654"}],"up":[{"embeddable":true,"href":"https:\/\/www.v6.newmessage.org\/de\/wp-json\/wp\/v2\/pages\/16287"}],"wp:attachment":[{"href":"https:\/\/www.v6.newmessage.org\/de\/wp-json\/wp\/v2\/media?parent=16486"}],"wp:term":[{"taxonomy":"category","embeddable":true,"href":"https:\/\/www.v6.newmessage.org\/de\/wp-json\/wp\/v2\/categories?post=16486"},{"taxonomy":"post_tag","embeddable":true,"href":"https:\/\/www.v6.newmessage.org\/de\/wp-json\/wp\/v2\/tags?post=16486"}],"curies":[{"name":"wp","href":"https:\/\/api.w.org\/{rel}","templated":true}]}}